{"id":75212,"date":"2025-10-08T09:29:01","date_gmt":"2025-10-08T06:29:01","guid":{"rendered":"https:\/\/kidsplay.lt\/produktas\/step2-siuolaikine-tikroviska-virtuve-vaikams-su-daugybe-priedu\/"},"modified":"2026-04-13T14:35:05","modified_gmt":"2026-04-13T11:35:05","slug":"step2-siuolaikine-tikroviska-virtuve-vaikams-su-daugybe-priedu","status":"publish","type":"product","link":"https:\/\/kidsplay.lt\/lv\/products\/step2-siuolaikine-tikroviska-virtuve-vaikams-su-daugybe-priedu\/","title":{"rendered":"2.\u00a0SOLIS. M\u016bsdien\u012bga, re\u0101listiska virtuve b\u0113rniem ar daudziem aksesu\u0101riem."},"content":{"rendered":"<p>Step2 vaik\u0173 \u017eaidim\u0173 virtuv\u0117\u00a0pasi\u017eymi\u00a0realistin\u0117 estetika\u00a0kaimo pra\u0161matnus su moderniu funkcionalumu ir daug vietos saugykloje! Paruo\u0161kite patiekalus dideliam\u00a0dirbtinis granito stalvir\u0161is.\u00a0Reach vir\u0161utin\u0117ms spintel\u0117ms su lentynomis, skirtomis puodeliams ir plok\u0161t\u0117ms stalui nustatyti. \u017daislas turi kaimo stiliaus kriaukl\u0119 su \u010diaupu, tikrovi\u0161k\u0105 \u201ecopper\u201d pakabinam\u0105 laikymo juost\u0105. \u0160i virtuv\u0117 yra stilingas papildymas bet kurioje \u017eaidim\u0173 erdv\u0117je. Elektroniniame degiklyje yra linksmos \u0161viesos ir tikrovi\u0161ki \u0161nyp\u0161\u010diantys garsai, o vir\u0161 kriaukl\u0117s kabanti veikianti lempa virtuv\u0117s linksmybes paver\u010dia realybe Gaminiui reikia 2 \u201eAA\u201d baterij\u0173 ir 2 \u201eAAA\u201d (\u012f komplekt\u0105 ne\u012feina)<\/p>\n<p>Raksturojums:<\/p>\n<p> \tProduktas turi daug pried\u0173,<br \/>\n \t\u0160iuolaikinis dizainas,<br \/>\n \tRealiai, garso triuk\u0161mai,<br \/>\n \t\u0160viesos efektai,<br \/>\n \tReikalingos 2 \u201eAA\u201c ir 2 \u201eAAA\u201c baterijos (nepridedamos),<br \/>\n \tProduktas turi lentynas, skirtas laikyti priedus, m<\/p>\n<p>Komplekt\u0101 ietilpst:<\/p>\n<p> \t5 prieskoni\u0173 stiklainiai,<br \/>\n \t1 puod\u0105<br \/>\n \t1 keptuv\u0117 + dangtis,<br \/>\n \t1 druskos purtykl\u0117<br \/>\n \t1 pipir\u0173 d\u0117\u017eut\u0117<br \/>\n \t1 kiaurasamtis<br \/>\n \t1 konteineris<br \/>\n \t2 puodeliai<br \/>\n \t2 puodeliai<br \/>\n \t2 \u0161akut\u0117s<br \/>\n \t2 peiliai<br \/>\n \t2 \u0161auk\u0161tai<br \/>\n \t2 plok\u0161\u010di\u0173 stovai,<br \/>\n \t3 virtuv\u0117s reikmenys<\/p>\n<p>Step2 \u2013 kokyb\u0117 pirma, puik\u016bs \u017eaislai antra!<\/p>\n<p>Jei rinkdamiesi \u017eaisl\u0105 savo vaikui vadovausit\u0117s kokybe ir saugumu, visas spalving\u0173 Step2 \u017eaisl\u0173 asortimentas tikrai atitiks tiek vaiko, tiek t\u0117v\u0173 l\u016bkes\u010dius.<br \/>\nPasi\u016blyme, be kita ko, yra: sm\u0117lio d\u0117\u017e\u0117s, sodo nameliai, \u017eaidim\u0173 aik\u0161tel\u0117s, dirbtuv\u0117s, pasiva\u017ein\u0117jimai, virtuv\u0117s, vaik\u0173 baldai<\/p>","protected":false},"excerpt":{"rendered":"<p>0733538496495<\/p>","protected":false},"featured_media":75214,"template":"","meta":{"_acf_changed":false,"_glsr_average":0,"_glsr_ranking":0,"_glsr_reviews":0},"product_brand":[],"product_cat":[399,282,229],"product_tag":[],"class_list":{"0":"post-75212","1":"product","2":"type-product","3":"status-publish","4":"has-post-thumbnail","6":"product_cat-vaidmenu-zaidimai-2","7":"product_cat-virtuves-reikmenys-vaidmenu-zaidimai","8":"product_cat-zaislai-vaikams","9":"\"style=\"background-color: #2ecc711c;\"","11":"first","12":"instock","13":"purchasable","14":"product-type-simple"},"acf":[],"yoast_head":"<!-- This site is optimized with the Yoast SEO plugin v27.4 - https:\/\/yoast.com\/product\/yoast-seo-wordpress\/ -->\n<title>STEP2 \u0160iuolaikin\u0117 tikrovi\u0161ka virtuv\u0117 vaikams su daugybe pried\u0173<\/title>\n<meta name=\"description\" content=\"STEP2 \u0160iuolaikin\u0117 tikrovi\u0161ka virtuv\u0117 vaikams su daugybe pried\u0173 - KidsPlay. Did\u017eiausias vaik\u0173 \u017eaisl\u0173 pasirinkimas.\" \/>\n<meta name=\"robots\" content=\"index, follow, max-snippet:-1, max-image-preview:large, max-video-preview:-1\" \/>\n<link rel=\"canonical\" href=\"https:\/\/kidsplay.lt\/lv\/products\/step2-siuolaikine-tikroviska-virtuve-vaikams-su-daugybe-priedu\/\" \/>\n<meta property=\"og:locale\" content=\"lv_LV\" \/>\n<meta property=\"og:type\" content=\"article\" \/>\n<meta property=\"og:title\" content=\"STEP2 \u0160iuolaikin\u0117 tikrovi\u0161ka virtuv\u0117 vaikams su daugybe pried\u0173\" \/>\n<meta property=\"og:description\" content=\"STEP2 \u0160iuolaikin\u0117 tikrovi\u0161ka virtuv\u0117 vaikams su daugybe pried\u0173 - KidsPlay. Did\u017eiausias vaik\u0173 \u017eaisl\u0173 pasirinkimas.\" \/>\n<meta property=\"og:url\" content=\"https:\/\/kidsplay.lt\/lv\/products\/step2-siuolaikine-tikroviska-virtuve-vaikams-su-daugybe-priedu\/\" \/>\n<meta property=\"og:site_name\" content=\"KidsPlay\" \/>\n<meta property=\"article:publisher\" content=\"https:\/\/www.facebook.com\/www.kidsplay.lt\" \/>\n<meta property=\"article:modified_time\" content=\"2026-04-13T11:35:05+00:00\" \/>\n<meta property=\"og:image\" content=\"https:\/\/kidsplay.lt\/wp-content\/uploads\/2025\/10\/STEP2-Siuolaikine-tikroviska-virtuve-vaikams-su-daugybe-priedu.jpg\" \/>\n\t<meta property=\"og:image:width\" content=\"623\" \/>\n\t<meta property=\"og:image:height\" content=\"623\" \/>\n\t<meta property=\"og:image:type\" content=\"image\/jpeg\" \/>\n<meta name=\"twitter:card\" content=\"summary_large_image\" \/>\n<meta name=\"twitter:label1\" content=\"Est. reading time\" \/>\n\t<meta name=\"twitter:data1\" content=\"1 min\u016bte\" \/>\n<script type=\"application\/ld+json\" class=\"yoast-schema-graph\">{\"@context\":\"https:\\\/\\\/schema.org\",\"@graph\":[{\"@type\":\"WebPage\",\"@id\":\"https:\\\/\\\/kidsplay.lt\\\/produktas\\\/step2-siuolaikine-tikroviska-virtuve-vaikams-su-daugybe-priedu\\\/\",\"url\":\"https:\\\/\\\/kidsplay.lt\\\/produktas\\\/step2-siuolaikine-tikroviska-virtuve-vaikams-su-daugybe-priedu\\\/\",\"name\":\"STEP2 \u0160iuolaikin\u0117 tikrovi\u0161ka virtuv\u0117 vaikams su daugybe pried\u0173\",\"isPartOf\":{\"@id\":\"https:\\\/\\\/kidsplay.lt\\\/#website\"},\"primaryImageOfPage\":{\"@id\":\"https:\\\/\\\/kidsplay.lt\\\/produktas\\\/step2-siuolaikine-tikroviska-virtuve-vaikams-su-daugybe-priedu\\\/#primaryimage\"},\"image\":{\"@id\":\"https:\\\/\\\/kidsplay.lt\\\/produktas\\\/step2-siuolaikine-tikroviska-virtuve-vaikams-su-daugybe-priedu\\\/#primaryimage\"},\"thumbnailUrl\":\"https:\\\/\\\/kidsplay.lt\\\/wp-content\\\/uploads\\\/2025\\\/10\\\/STEP2-Siuolaikine-tikroviska-virtuve-vaikams-su-daugybe-priedu.jpg\",\"datePublished\":\"2025-10-08T06:29:01+00:00\",\"dateModified\":\"2026-04-13T11:35:05+00:00\",\"description\":\"STEP2 \u0160iuolaikin\u0117 tikrovi\u0161ka virtuv\u0117 vaikams su daugybe pried\u0173 - KidsPlay. Did\u017eiausias vaik\u0173 \u017eaisl\u0173 pasirinkimas.\",\"breadcrumb\":{\"@id\":\"https:\\\/\\\/kidsplay.lt\\\/produktas\\\/step2-siuolaikine-tikroviska-virtuve-vaikams-su-daugybe-priedu\\\/#breadcrumb\"},\"inLanguage\":\"lv-LV\",\"potentialAction\":[{\"@type\":\"ReadAction\",\"target\":[\"https:\\\/\\\/kidsplay.lt\\\/produktas\\\/step2-siuolaikine-tikroviska-virtuve-vaikams-su-daugybe-priedu\\\/\"]}]},{\"@type\":\"ImageObject\",\"inLanguage\":\"lv-LV\",\"@id\":\"https:\\\/\\\/kidsplay.lt\\\/produktas\\\/step2-siuolaikine-tikroviska-virtuve-vaikams-su-daugybe-priedu\\\/#primaryimage\",\"url\":\"https:\\\/\\\/kidsplay.lt\\\/wp-content\\\/uploads\\\/2025\\\/10\\\/STEP2-Siuolaikine-tikroviska-virtuve-vaikams-su-daugybe-priedu.jpg\",\"contentUrl\":\"https:\\\/\\\/kidsplay.lt\\\/wp-content\\\/uploads\\\/2025\\\/10\\\/STEP2-Siuolaikine-tikroviska-virtuve-vaikams-su-daugybe-priedu.jpg\",\"width\":623,\"height\":623,\"caption\":\"STEP2 \u0160iuolaikin\u0117 tikrovi\u0161ka virtuv\u0117 vaikams su daugybe pried\u0173\"},{\"@type\":\"BreadcrumbList\",\"@id\":\"https:\\\/\\\/kidsplay.lt\\\/produktas\\\/step2-siuolaikine-tikroviska-virtuve-vaikams-su-daugybe-priedu\\\/#breadcrumb\",\"itemListElement\":[{\"@type\":\"ListItem\",\"position\":1,\"name\":\"Pagrindinis\",\"item\":\"https:\\\/\\\/kidsplay.lt\\\/\"},{\"@type\":\"ListItem\",\"position\":2,\"name\":\"Parduotuv\u0117\",\"item\":\"https:\\\/\\\/kidsplay.lt\\\/parduotuve\\\/\"},{\"@type\":\"ListItem\",\"position\":3,\"name\":\"STEP2 \u0160iuolaikin\u0117 tikrovi\u0161ka virtuv\u0117 vaikams su daugybe pried\u0173\"}]},{\"@type\":\"WebSite\",\"@id\":\"https:\\\/\\\/kidsplay.lt\\\/#website\",\"url\":\"https:\\\/\\\/kidsplay.lt\\\/\",\"name\":\"Kidsplay.lt\",\"description\":\"\u012evairios prek\u0117s vaikams\",\"publisher\":{\"@id\":\"https:\\\/\\\/kidsplay.lt\\\/#organization\"},\"alternateName\":\"Kidsplay\",\"potentialAction\":[{\"@type\":\"SearchAction\",\"target\":{\"@type\":\"EntryPoint\",\"urlTemplate\":\"https:\\\/\\\/kidsplay.lt\\\/?s={search_term_string}\"},\"query-input\":{\"@type\":\"PropertyValueSpecification\",\"valueRequired\":true,\"valueName\":\"search_term_string\"}}],\"inLanguage\":\"lv-LV\"},{\"@type\":\"Organization\",\"@id\":\"https:\\\/\\\/kidsplay.lt\\\/#organization\",\"name\":\"KidsPlay\",\"url\":\"https:\\\/\\\/kidsplay.lt\\\/\",\"logo\":{\"@type\":\"ImageObject\",\"inLanguage\":\"lv-LV\",\"@id\":\"https:\\\/\\\/kidsplay.lt\\\/#\\\/schema\\\/logo\\\/image\\\/\",\"url\":\"https:\\\/\\\/kidsplay.lt\\\/wp-content\\\/uploads\\\/2023\\\/07\\\/kidsplay-logo.png\",\"contentUrl\":\"https:\\\/\\\/kidsplay.lt\\\/wp-content\\\/uploads\\\/2023\\\/07\\\/kidsplay-logo.png\",\"width\":451,\"height\":98,\"caption\":\"KidsPlay\"},\"image\":{\"@id\":\"https:\\\/\\\/kidsplay.lt\\\/#\\\/schema\\\/logo\\\/image\\\/\"},\"sameAs\":[\"https:\\\/\\\/www.facebook.com\\\/www.kidsplay.lt\"]}]}<\/script>\n<!-- \/ Yoast SEO plugin. -->","yoast_head_json":{"title":"2.\u00a0SOLIS. M\u016bsdien\u012bga, re\u0101listiska virtuve b\u0113rniem ar daudziem aksesu\u0101riem.","description":"STEP2 \u0160iuolaikin\u0117 tikrovi\u0161ka virtuv\u0117 vaikams su daugybe pried\u0173 - KidsPlay. Did\u017eiausias vaik\u0173 \u017eaisl\u0173 pasirinkimas.","robots":{"index":"index","follow":"follow","max-snippet":"max-snippet:-1","max-image-preview":"max-image-preview:large","max-video-preview":"max-video-preview:-1"},"canonical":"https:\/\/kidsplay.lt\/lv\/products\/step2-siuolaikine-tikroviska-virtuve-vaikams-su-daugybe-priedu\/","og_locale":"lv_LV","og_type":"article","og_title":"STEP2 \u0160iuolaikin\u0117 tikrovi\u0161ka virtuv\u0117 vaikams su daugybe pried\u0173","og_description":"STEP2 \u0160iuolaikin\u0117 tikrovi\u0161ka virtuv\u0117 vaikams su daugybe pried\u0173 - KidsPlay. Did\u017eiausias vaik\u0173 \u017eaisl\u0173 pasirinkimas.","og_url":"https:\/\/kidsplay.lt\/lv\/products\/step2-siuolaikine-tikroviska-virtuve-vaikams-su-daugybe-priedu\/","og_site_name":"KidsPlay","article_publisher":"https:\/\/www.facebook.com\/www.kidsplay.lt","article_modified_time":"2026-04-13T11:35:05+00:00","og_image":[{"width":623,"height":623,"url":"https:\/\/kidsplay.lt\/wp-content\/uploads\/2025\/10\/STEP2-Siuolaikine-tikroviska-virtuve-vaikams-su-daugybe-priedu.jpg","type":"image\/jpeg"}],"twitter_card":"summary_large_image","twitter_misc":{"Est. reading time":"1 min\u016bte"},"schema":{"@context":"https:\/\/schema.org","@graph":[{"@type":"WebPage","@id":"https:\/\/kidsplay.lt\/produktas\/step2-siuolaikine-tikroviska-virtuve-vaikams-su-daugybe-priedu\/","url":"https:\/\/kidsplay.lt\/produktas\/step2-siuolaikine-tikroviska-virtuve-vaikams-su-daugybe-priedu\/","name":"2.\u00a0SOLIS. M\u016bsdien\u012bga, re\u0101listiska virtuve b\u0113rniem ar daudziem aksesu\u0101riem.","isPartOf":{"@id":"https:\/\/kidsplay.lt\/#website"},"primaryImageOfPage":{"@id":"https:\/\/kidsplay.lt\/produktas\/step2-siuolaikine-tikroviska-virtuve-vaikams-su-daugybe-priedu\/#primaryimage"},"image":{"@id":"https:\/\/kidsplay.lt\/produktas\/step2-siuolaikine-tikroviska-virtuve-vaikams-su-daugybe-priedu\/#primaryimage"},"thumbnailUrl":"https:\/\/kidsplay.lt\/wp-content\/uploads\/2025\/10\/STEP2-Siuolaikine-tikroviska-virtuve-vaikams-su-daugybe-priedu.jpg","datePublished":"2025-10-08T06:29:01+00:00","dateModified":"2026-04-13T11:35:05+00:00","description":"STEP2 \u0160iuolaikin\u0117 tikrovi\u0161ka virtuv\u0117 vaikams su daugybe pried\u0173 - KidsPlay. Did\u017eiausias vaik\u0173 \u017eaisl\u0173 pasirinkimas.","breadcrumb":{"@id":"https:\/\/kidsplay.lt\/produktas\/step2-siuolaikine-tikroviska-virtuve-vaikams-su-daugybe-priedu\/#breadcrumb"},"inLanguage":"lv-LV","potentialAction":[{"@type":"ReadAction","target":["https:\/\/kidsplay.lt\/produktas\/step2-siuolaikine-tikroviska-virtuve-vaikams-su-daugybe-priedu\/"]}]},{"@type":"ImageObject","inLanguage":"lv-LV","@id":"https:\/\/kidsplay.lt\/produktas\/step2-siuolaikine-tikroviska-virtuve-vaikams-su-daugybe-priedu\/#primaryimage","url":"https:\/\/kidsplay.lt\/wp-content\/uploads\/2025\/10\/STEP2-Siuolaikine-tikroviska-virtuve-vaikams-su-daugybe-priedu.jpg","contentUrl":"https:\/\/kidsplay.lt\/wp-content\/uploads\/2025\/10\/STEP2-Siuolaikine-tikroviska-virtuve-vaikams-su-daugybe-priedu.jpg","width":623,"height":623,"caption":"STEP2 \u0160iuolaikin\u0117 tikrovi\u0161ka virtuv\u0117 vaikams su daugybe pried\u0173"},{"@type":"BreadcrumbList","@id":"https:\/\/kidsplay.lt\/produktas\/step2-siuolaikine-tikroviska-virtuve-vaikams-su-daugybe-priedu\/#breadcrumb","itemListElement":[{"@type":"ListItem","position":1,"name":"Pagrindinis","item":"https:\/\/kidsplay.lt\/"},{"@type":"ListItem","position":2,"name":"Parduotuv\u0117","item":"https:\/\/kidsplay.lt\/parduotuve\/"},{"@type":"ListItem","position":3,"name":"STEP2 \u0160iuolaikin\u0117 tikrovi\u0161ka virtuv\u0117 vaikams su daugybe pried\u0173"}]},{"@type":"WebSite","@id":"https:\/\/kidsplay.lt\/#website","url":"https:\/\/kidsplay.lt\/","name":"B\u0113rnu sp\u0113les.lv","description":"\u012evairios prek\u0117s vaikams","publisher":{"@id":"https:\/\/kidsplay.lt\/#organization"},"alternateName":"Kidsplay","potentialAction":[{"@type":"SearchAction","target":{"@type":"EntryPoint","urlTemplate":"https:\/\/kidsplay.lt\/?s={search_term_string}"},"query-input":{"@type":"PropertyValueSpecification","valueRequired":true,"valueName":"search_term_string"}}],"inLanguage":"lv-LV"},{"@type":"Organization","@id":"https:\/\/kidsplay.lt\/#organization","name":"B\u0113rnu sp\u0113le","url":"https:\/\/kidsplay.lt\/","logo":{"@type":"ImageObject","inLanguage":"lv-LV","@id":"https:\/\/kidsplay.lt\/#\/schema\/logo\/image\/","url":"https:\/\/kidsplay.lt\/wp-content\/uploads\/2023\/07\/kidsplay-logo.png","contentUrl":"https:\/\/kidsplay.lt\/wp-content\/uploads\/2023\/07\/kidsplay-logo.png","width":451,"height":98,"caption":"KidsPlay"},"image":{"@id":"https:\/\/kidsplay.lt\/#\/schema\/logo\/image\/"},"sameAs":["https:\/\/www.facebook.com\/www.kidsplay.lt"]}]}},"_links":{"self":[{"href":"https:\/\/kidsplay.lt\/lv\/wp-json\/wp\/v2\/product\/75212","targetHints":{"allow":["GET"]}}],"collection":[{"href":"https:\/\/kidsplay.lt\/lv\/wp-json\/wp\/v2\/product"}],"about":[{"href":"https:\/\/kidsplay.lt\/lv\/wp-json\/wp\/v2\/types\/product"}],"version-history":[{"count":2,"href":"https:\/\/kidsplay.lt\/lv\/wp-json\/wp\/v2\/product\/75212\/revisions"}],"predecessor-version":[{"id":75583,"href":"https:\/\/kidsplay.lt\/lv\/wp-json\/wp\/v2\/product\/75212\/revisions\/75583"}],"wp:featuredmedia":[{"embeddable":true,"href":"https:\/\/kidsplay.lt\/lv\/wp-json\/wp\/v2\/media\/75214"}],"wp:attachment":[{"href":"https:\/\/kidsplay.lt\/lv\/wp-json\/wp\/v2\/media?parent=75212"}],"wp:term":[{"taxonomy":"product_brand","embeddable":true,"href":"https:\/\/kidsplay.lt\/lv\/wp-json\/wp\/v2\/product_brand?post=75212"},{"taxonomy":"product_cat","embeddable":true,"href":"https:\/\/kidsplay.lt\/lv\/wp-json\/wp\/v2\/product_cat?post=75212"},{"taxonomy":"product_tag","embeddable":true,"href":"https:\/\/kidsplay.lt\/lv\/wp-json\/wp\/v2\/product_tag?post=75212"}],"curies":[{"name":"wp","href":"https:\/\/api.w.org\/{rel}","templated":true}]}}