{"id":75247,"date":"2025-10-08T09:31:24","date_gmt":"2025-10-08T06:31:24","guid":{"rendered":"https:\/\/kidsplay.lt\/produktas\/woopie-baby-fledgling-kudikiu-zaislas-su-melodijomis-svytinciomis\/"},"modified":"2026-03-08T17:30:41","modified_gmt":"2026-03-08T15:30:41","slug":"woopie-baby-fledgling-kudikiu-zaislas-su-melodijomis-svytinciomis","status":"publish","type":"product","link":"https:\/\/kidsplay.lt\/lv\/products\/woopie-baby-fledgling-kudikiu-zaislas-su-melodijomis-svytinciomis\/","title":{"rendered":"WOOPIE BABY Mazul\u012bte Rota\u013clieta ar Melodij\u0101m, Kv\u0113lojo\u0161a"},"content":{"rendered":"<p>Jaunas Bobas\u00a0i\u0161 mark\u0117s\u00a0WOOPIE\u00a0tai d\u017eiaugsmingas k\u016bdikis, kuris buvo sukurtas turint omenyje vaikus\u00a0vyresni nei 18 m\u0117nesi\u0173 am\u017eiaus.\u00a0\u017daislas skatina vaikus sekti jo p\u0117domis, sukeldamas vaik\u0105\u00a0lavina motorinius \u012fg\u016bd\u017eius\u201e. Nor\u0117dami pa\u012fvairinti linksmybes, Bobas apr\u016bpintas\u00a0melodija, kuri stimuliuoja klausos poj\u016bt\u012f, ir taip pat\u00a0ap\u0161vietimo efektai\u00a0stimuliuojantis\u00a0reg\u0117jimo poj\u016btis\u201e. Produktas yra\u00a0saugus\u00a0vaikui jis neturi a\u0161tri\u0173 briaun\u0173 ir yra pagamintas i\u0161\u00a0patvarus plastikas\u201e. Tai atliks puik\u0173 darb\u0105 kaip\u00a0draugas tavo ma\u017eyliui.<\/p>\n<p>Produkto charakteristikos:<\/p>\n<p> \t&#8211; \u017eaislas\u00a0nuo 18 m\u0117nesi\u0173 am\u017eiaus,<br \/>\n \t&#8211; skatina\u00a0nuskaitymas ir variklio tobulinimas,<br \/>\n \t&#8211; \u012frengtas su\u00a0melodija\u00a0ir\u00a0ap\u0161vietimo efektai,<br \/>\n \t&#8211;\u00a0stimuliuoja poj\u016bt\u012f\u00a0klausa ir reg\u0117jimas,<br \/>\n \t&#8211; pagamintas i\u0161\u00a0i\u0161liekantis\u00a0ir\u00a0saugus\u00a0plastikai,<br \/>\n \t&#8211; tobula kaip vaiko draug\u0117<br \/>\n \t&#8211; \u017eaislas veikia su 3&#215;1.5vAAA baterijomis (nepridedamas)<\/p>\n<p>Rota\u013clieta att\u012bst\u0101s:<\/p>\n<p> \t&#8211; reg\u0117jimo ir klausos poj\u016btis,<br \/>\n \t&#8211; stambieji motoriniai \u012fg\u016bd\u017eiai<br \/>\n \t&#8211; smalsumas ir atradimas,<br \/>\n \t\u2013 koncentr\u0101cija.<\/p>","protected":false},"excerpt":{"rendered":"<p>Jaunas Bobas\u00a0i\u0161 mark\u0117s\u00a0WOOPIE\u00a0tai d\u017eiaugsmingas k\u016bdikis, kuris buvo sukurtas turint omenyje vaikus\u00a0vyresni nei 18 m\u0117nesi\u0173 am\u017eiaus.\u00a0\u017daislas skatina vaikus sekti jo p\u0117domis,<\/p>","protected":false},"featured_media":75249,"template":"","meta":{"_acf_changed":false,"_glsr_average":0,"_glsr_ranking":0,"_glsr_reviews":0},"product_brand":[],"product_cat":[396,229],"product_tag":[],"class_list":{"0":"post-75247","1":"product","2":"type-product","3":"status-publish","4":"has-post-thumbnail","6":"product_cat-kudikiu-zaislai-vaikams2","7":"product_cat-zaislai-vaikams","8":"\"style=\"background-color: #2ecc711c;\"","10":"first","11":"outofstock","12":"purchasable","13":"product-type-simple"},"acf":[],"yoast_head":"<!-- This site is optimized with the Yoast SEO plugin v27.4 - https:\/\/yoast.com\/product\/yoast-seo-wordpress\/ -->\n<title>WOOPIE BABY Fledgling K\u016bdiki\u0173 \u017eaislas su melodijomis, \u0161vytin\u010diomis<\/title>\n<meta name=\"description\" content=\"WOOPIE BABY Fledgling K\u016bdiki\u0173 \u017eaislas su melodijomis, \u0161vytin\u010diomis - KidsPlay. Did\u017eiausias vaik\u0173 \u017eaisl\u0173 pasirinkimas.\" \/>\n<meta name=\"robots\" content=\"index, follow, max-snippet:-1, max-image-preview:large, max-video-preview:-1\" \/>\n<link rel=\"canonical\" href=\"https:\/\/kidsplay.lt\/lv\/products\/woopie-baby-fledgling-kudikiu-zaislas-su-melodijomis-svytinciomis\/\" \/>\n<meta property=\"og:locale\" content=\"lv_LV\" \/>\n<meta property=\"og:type\" content=\"article\" \/>\n<meta property=\"og:title\" content=\"WOOPIE BABY Fledgling K\u016bdiki\u0173 \u017eaislas su melodijomis, \u0161vytin\u010diomis\" \/>\n<meta property=\"og:description\" content=\"WOOPIE BABY Fledgling K\u016bdiki\u0173 \u017eaislas su melodijomis, \u0161vytin\u010diomis - KidsPlay. Did\u017eiausias vaik\u0173 \u017eaisl\u0173 pasirinkimas.\" \/>\n<meta property=\"og:url\" content=\"https:\/\/kidsplay.lt\/lv\/products\/woopie-baby-fledgling-kudikiu-zaislas-su-melodijomis-svytinciomis\/\" \/>\n<meta property=\"og:site_name\" content=\"KidsPlay\" \/>\n<meta property=\"article:publisher\" content=\"https:\/\/www.facebook.com\/www.kidsplay.lt\" \/>\n<meta property=\"article:modified_time\" content=\"2026-03-08T15:30:41+00:00\" \/>\n<meta property=\"og:image\" content=\"https:\/\/kidsplay.lt\/wp-content\/uploads\/2025\/10\/WOOPIE-BABY-Fledgling-Kudikiu-zaislas-su-melodijomis-svytinciomis-800x800.jpg\" \/>\n\t<meta property=\"og:image:width\" content=\"800\" \/>\n\t<meta property=\"og:image:height\" content=\"800\" \/>\n\t<meta property=\"og:image:type\" content=\"image\/png\" \/>\n<meta name=\"twitter:card\" content=\"summary_large_image\" \/>\n<meta name=\"twitter:label1\" content=\"Est. reading time\" \/>\n\t<meta name=\"twitter:data1\" content=\"1 min\u016bte\" \/>\n<script type=\"application\/ld+json\" class=\"yoast-schema-graph\">{\"@context\":\"https:\\\/\\\/schema.org\",\"@graph\":[{\"@type\":\"WebPage\",\"@id\":\"https:\\\/\\\/kidsplay.lt\\\/produktas\\\/woopie-baby-fledgling-kudikiu-zaislas-su-melodijomis-svytinciomis\\\/\",\"url\":\"https:\\\/\\\/kidsplay.lt\\\/produktas\\\/woopie-baby-fledgling-kudikiu-zaislas-su-melodijomis-svytinciomis\\\/\",\"name\":\"WOOPIE BABY Fledgling K\u016bdiki\u0173 \u017eaislas su melodijomis, \u0161vytin\u010diomis\",\"isPartOf\":{\"@id\":\"https:\\\/\\\/kidsplay.lt\\\/#website\"},\"primaryImageOfPage\":{\"@id\":\"https:\\\/\\\/kidsplay.lt\\\/produktas\\\/woopie-baby-fledgling-kudikiu-zaislas-su-melodijomis-svytinciomis\\\/#primaryimage\"},\"image\":{\"@id\":\"https:\\\/\\\/kidsplay.lt\\\/produktas\\\/woopie-baby-fledgling-kudikiu-zaislas-su-melodijomis-svytinciomis\\\/#primaryimage\"},\"thumbnailUrl\":\"https:\\\/\\\/kidsplay.lt\\\/wp-content\\\/uploads\\\/2025\\\/10\\\/WOOPIE-BABY-Fledgling-Kudikiu-zaislas-su-melodijomis-svytinciomis.jpg\",\"datePublished\":\"2025-10-08T06:31:24+00:00\",\"dateModified\":\"2026-03-08T15:30:41+00:00\",\"description\":\"WOOPIE BABY Fledgling K\u016bdiki\u0173 \u017eaislas su melodijomis, \u0161vytin\u010diomis - KidsPlay. Did\u017eiausias vaik\u0173 \u017eaisl\u0173 pasirinkimas.\",\"breadcrumb\":{\"@id\":\"https:\\\/\\\/kidsplay.lt\\\/produktas\\\/woopie-baby-fledgling-kudikiu-zaislas-su-melodijomis-svytinciomis\\\/#breadcrumb\"},\"inLanguage\":\"lv-LV\",\"potentialAction\":[{\"@type\":\"ReadAction\",\"target\":[\"https:\\\/\\\/kidsplay.lt\\\/produktas\\\/woopie-baby-fledgling-kudikiu-zaislas-su-melodijomis-svytinciomis\\\/\"]}]},{\"@type\":\"ImageObject\",\"inLanguage\":\"lv-LV\",\"@id\":\"https:\\\/\\\/kidsplay.lt\\\/produktas\\\/woopie-baby-fledgling-kudikiu-zaislas-su-melodijomis-svytinciomis\\\/#primaryimage\",\"url\":\"https:\\\/\\\/kidsplay.lt\\\/wp-content\\\/uploads\\\/2025\\\/10\\\/WOOPIE-BABY-Fledgling-Kudikiu-zaislas-su-melodijomis-svytinciomis.jpg\",\"contentUrl\":\"https:\\\/\\\/kidsplay.lt\\\/wp-content\\\/uploads\\\/2025\\\/10\\\/WOOPIE-BABY-Fledgling-Kudikiu-zaislas-su-melodijomis-svytinciomis.jpg\",\"width\":2560,\"height\":2560,\"caption\":\"WOOPIE BABY Fledgling K\u016bdiki\u0173 \u017eaislas su melodijomis\"},{\"@type\":\"BreadcrumbList\",\"@id\":\"https:\\\/\\\/kidsplay.lt\\\/produktas\\\/woopie-baby-fledgling-kudikiu-zaislas-su-melodijomis-svytinciomis\\\/#breadcrumb\",\"itemListElement\":[{\"@type\":\"ListItem\",\"position\":1,\"name\":\"Pagrindinis\",\"item\":\"https:\\\/\\\/kidsplay.lt\\\/\"},{\"@type\":\"ListItem\",\"position\":2,\"name\":\"Parduotuv\u0117\",\"item\":\"https:\\\/\\\/kidsplay.lt\\\/parduotuve\\\/\"},{\"@type\":\"ListItem\",\"position\":3,\"name\":\"WOOPIE BABY Fledgling K\u016bdiki\u0173 \u017eaislas su melodijomis, \u0161vytin\u010diomis\"}]},{\"@type\":\"WebSite\",\"@id\":\"https:\\\/\\\/kidsplay.lt\\\/#website\",\"url\":\"https:\\\/\\\/kidsplay.lt\\\/\",\"name\":\"Kidsplay.lt\",\"description\":\"\u012evairios prek\u0117s vaikams\",\"publisher\":{\"@id\":\"https:\\\/\\\/kidsplay.lt\\\/#organization\"},\"alternateName\":\"Kidsplay\",\"potentialAction\":[{\"@type\":\"SearchAction\",\"target\":{\"@type\":\"EntryPoint\",\"urlTemplate\":\"https:\\\/\\\/kidsplay.lt\\\/?s={search_term_string}\"},\"query-input\":{\"@type\":\"PropertyValueSpecification\",\"valueRequired\":true,\"valueName\":\"search_term_string\"}}],\"inLanguage\":\"lv-LV\"},{\"@type\":\"Organization\",\"@id\":\"https:\\\/\\\/kidsplay.lt\\\/#organization\",\"name\":\"KidsPlay\",\"url\":\"https:\\\/\\\/kidsplay.lt\\\/\",\"logo\":{\"@type\":\"ImageObject\",\"inLanguage\":\"lv-LV\",\"@id\":\"https:\\\/\\\/kidsplay.lt\\\/#\\\/schema\\\/logo\\\/image\\\/\",\"url\":\"https:\\\/\\\/kidsplay.lt\\\/wp-content\\\/uploads\\\/2023\\\/07\\\/kidsplay-logo.png\",\"contentUrl\":\"https:\\\/\\\/kidsplay.lt\\\/wp-content\\\/uploads\\\/2023\\\/07\\\/kidsplay-logo.png\",\"width\":451,\"height\":98,\"caption\":\"KidsPlay\"},\"image\":{\"@id\":\"https:\\\/\\\/kidsplay.lt\\\/#\\\/schema\\\/logo\\\/image\\\/\"},\"sameAs\":[\"https:\\\/\\\/www.facebook.com\\\/www.kidsplay.lt\"]}]}<\/script>\n<!-- \/ Yoast SEO plugin. -->","yoast_head_json":{"title":"WOOPIE BABY Mazul\u012bte Rota\u013clieta ar Melodij\u0101m, Kv\u0113lojo\u0161a","description":"WOOPIE BABY Fledgling K\u016bdiki\u0173 \u017eaislas su melodijomis, \u0161vytin\u010diomis - KidsPlay. Did\u017eiausias vaik\u0173 \u017eaisl\u0173 pasirinkimas.","robots":{"index":"index","follow":"follow","max-snippet":"max-snippet:-1","max-image-preview":"max-image-preview:large","max-video-preview":"max-video-preview:-1"},"canonical":"https:\/\/kidsplay.lt\/lv\/products\/woopie-baby-fledgling-kudikiu-zaislas-su-melodijomis-svytinciomis\/","og_locale":"lv_LV","og_type":"article","og_title":"WOOPIE BABY Fledgling K\u016bdiki\u0173 \u017eaislas su melodijomis, \u0161vytin\u010diomis","og_description":"WOOPIE BABY Fledgling K\u016bdiki\u0173 \u017eaislas su melodijomis, \u0161vytin\u010diomis - KidsPlay. Did\u017eiausias vaik\u0173 \u017eaisl\u0173 pasirinkimas.","og_url":"https:\/\/kidsplay.lt\/lv\/products\/woopie-baby-fledgling-kudikiu-zaislas-su-melodijomis-svytinciomis\/","og_site_name":"KidsPlay","article_publisher":"https:\/\/www.facebook.com\/www.kidsplay.lt","article_modified_time":"2026-03-08T15:30:41+00:00","og_image":[{"width":800,"height":800,"url":"https:\/\/kidsplay.lt\/wp-content\/uploads\/2025\/10\/WOOPIE-BABY-Fledgling-Kudikiu-zaislas-su-melodijomis-svytinciomis-800x800.jpg","type":"image\/png"}],"twitter_card":"summary_large_image","twitter_misc":{"Est. reading time":"1 min\u016bte"},"schema":{"@context":"https:\/\/schema.org","@graph":[{"@type":"WebPage","@id":"https:\/\/kidsplay.lt\/produktas\/woopie-baby-fledgling-kudikiu-zaislas-su-melodijomis-svytinciomis\/","url":"https:\/\/kidsplay.lt\/produktas\/woopie-baby-fledgling-kudikiu-zaislas-su-melodijomis-svytinciomis\/","name":"WOOPIE BABY Mazul\u012bte Rota\u013clieta ar Melodij\u0101m, Kv\u0113lojo\u0161a","isPartOf":{"@id":"https:\/\/kidsplay.lt\/#website"},"primaryImageOfPage":{"@id":"https:\/\/kidsplay.lt\/produktas\/woopie-baby-fledgling-kudikiu-zaislas-su-melodijomis-svytinciomis\/#primaryimage"},"image":{"@id":"https:\/\/kidsplay.lt\/produktas\/woopie-baby-fledgling-kudikiu-zaislas-su-melodijomis-svytinciomis\/#primaryimage"},"thumbnailUrl":"https:\/\/kidsplay.lt\/wp-content\/uploads\/2025\/10\/WOOPIE-BABY-Fledgling-Kudikiu-zaislas-su-melodijomis-svytinciomis.jpg","datePublished":"2025-10-08T06:31:24+00:00","dateModified":"2026-03-08T15:30:41+00:00","description":"WOOPIE BABY Fledgling K\u016bdiki\u0173 \u017eaislas su melodijomis, \u0161vytin\u010diomis - KidsPlay. Did\u017eiausias vaik\u0173 \u017eaisl\u0173 pasirinkimas.","breadcrumb":{"@id":"https:\/\/kidsplay.lt\/produktas\/woopie-baby-fledgling-kudikiu-zaislas-su-melodijomis-svytinciomis\/#breadcrumb"},"inLanguage":"lv-LV","potentialAction":[{"@type":"ReadAction","target":["https:\/\/kidsplay.lt\/produktas\/woopie-baby-fledgling-kudikiu-zaislas-su-melodijomis-svytinciomis\/"]}]},{"@type":"ImageObject","inLanguage":"lv-LV","@id":"https:\/\/kidsplay.lt\/produktas\/woopie-baby-fledgling-kudikiu-zaislas-su-melodijomis-svytinciomis\/#primaryimage","url":"https:\/\/kidsplay.lt\/wp-content\/uploads\/2025\/10\/WOOPIE-BABY-Fledgling-Kudikiu-zaislas-su-melodijomis-svytinciomis.jpg","contentUrl":"https:\/\/kidsplay.lt\/wp-content\/uploads\/2025\/10\/WOOPIE-BABY-Fledgling-Kudikiu-zaislas-su-melodijomis-svytinciomis.jpg","width":2560,"height":2560,"caption":"WOOPIE BABY Fledgling K\u016bdiki\u0173 \u017eaislas su melodijomis"},{"@type":"BreadcrumbList","@id":"https:\/\/kidsplay.lt\/produktas\/woopie-baby-fledgling-kudikiu-zaislas-su-melodijomis-svytinciomis\/#breadcrumb","itemListElement":[{"@type":"ListItem","position":1,"name":"Pagrindinis","item":"https:\/\/kidsplay.lt\/"},{"@type":"ListItem","position":2,"name":"Parduotuv\u0117","item":"https:\/\/kidsplay.lt\/parduotuve\/"},{"@type":"ListItem","position":3,"name":"WOOPIE BABY Fledgling K\u016bdiki\u0173 \u017eaislas su melodijomis, \u0161vytin\u010diomis"}]},{"@type":"WebSite","@id":"https:\/\/kidsplay.lt\/#website","url":"https:\/\/kidsplay.lt\/","name":"B\u0113rnu sp\u0113les.lv","description":"\u012evairios prek\u0117s vaikams","publisher":{"@id":"https:\/\/kidsplay.lt\/#organization"},"alternateName":"Kidsplay","potentialAction":[{"@type":"SearchAction","target":{"@type":"EntryPoint","urlTemplate":"https:\/\/kidsplay.lt\/?s={search_term_string}"},"query-input":{"@type":"PropertyValueSpecification","valueRequired":true,"valueName":"search_term_string"}}],"inLanguage":"lv-LV"},{"@type":"Organization","@id":"https:\/\/kidsplay.lt\/#organization","name":"B\u0113rnu sp\u0113le","url":"https:\/\/kidsplay.lt\/","logo":{"@type":"ImageObject","inLanguage":"lv-LV","@id":"https:\/\/kidsplay.lt\/#\/schema\/logo\/image\/","url":"https:\/\/kidsplay.lt\/wp-content\/uploads\/2023\/07\/kidsplay-logo.png","contentUrl":"https:\/\/kidsplay.lt\/wp-content\/uploads\/2023\/07\/kidsplay-logo.png","width":451,"height":98,"caption":"KidsPlay"},"image":{"@id":"https:\/\/kidsplay.lt\/#\/schema\/logo\/image\/"},"sameAs":["https:\/\/www.facebook.com\/www.kidsplay.lt"]}]}},"_links":{"self":[{"href":"https:\/\/kidsplay.lt\/lv\/wp-json\/wp\/v2\/product\/75247","targetHints":{"allow":["GET"]}}],"collection":[{"href":"https:\/\/kidsplay.lt\/lv\/wp-json\/wp\/v2\/product"}],"about":[{"href":"https:\/\/kidsplay.lt\/lv\/wp-json\/wp\/v2\/types\/product"}],"version-history":[{"count":1,"href":"https:\/\/kidsplay.lt\/lv\/wp-json\/wp\/v2\/product\/75247\/revisions"}],"predecessor-version":[{"id":75248,"href":"https:\/\/kidsplay.lt\/lv\/wp-json\/wp\/v2\/product\/75247\/revisions\/75248"}],"wp:featuredmedia":[{"embeddable":true,"href":"https:\/\/kidsplay.lt\/lv\/wp-json\/wp\/v2\/media\/75249"}],"wp:attachment":[{"href":"https:\/\/kidsplay.lt\/lv\/wp-json\/wp\/v2\/media?parent=75247"}],"wp:term":[{"taxonomy":"product_brand","embeddable":true,"href":"https:\/\/kidsplay.lt\/lv\/wp-json\/wp\/v2\/product_brand?post=75247"},{"taxonomy":"product_cat","embeddable":true,"href":"https:\/\/kidsplay.lt\/lv\/wp-json\/wp\/v2\/product_cat?post=75247"},{"taxonomy":"product_tag","embeddable":true,"href":"https:\/\/kidsplay.lt\/lv\/wp-json\/wp\/v2\/product_tag?post=75247"}],"curies":[{"name":"wp","href":"https:\/\/api.w.org\/{rel}","templated":true}]}}