{"id":75261,"date":"2025-10-08T09:32:28","date_gmt":"2025-10-08T06:32:28","guid":{"rendered":"https:\/\/kidsplay.lt\/produktas\/viga-irankiu-dezute-medinis-rinkinys\/"},"modified":"2026-04-07T10:14:43","modified_gmt":"2026-04-07T07:14:43","slug":"viga-irankiu-dezute-medinis-rinkinys","status":"publish","type":"product","link":"https:\/\/kidsplay.lt\/lv\/products\/viga-irankiu-dezute-medinis-rinkinys\/","title":{"rendered":"Viga \u012eranki\u0173 D\u0117\u017eut\u0117 Medinis Rinkinys"},"content":{"rendered":"<p>Medin\u0117 \u012franki\u0173 d\u0117\u017eut\u0117\u00a0mark\u0117s\u00a0Vyga\u00a0i\u0161 kolekcijos\u00a0PolarB\u00a0tai suteiks puiki\u0105 pramog\u0105 kiekvienam ma\u017eam DIY entuziastui. Komplekt\u0105 sudaro\u00a0k\u016bjagalvis,\u00a0raktas,\u00a0atsuktuvas,\u00a04 poros var\u017et\u0173 ir ver\u017eli\u0173,\u00a0kai\u0161tis, 2\u00a0krumpliara\u010diai ir 2 plok\u0161t\u0117s su skylut\u0117mis\u201e. Vaikai gali i\u0161mokti \u012fvairi\u0173 \u012franki\u0173 ir lavinti tekinimo, sm\u016bgiavimo ir derinimo \u012fg\u016bd\u017eius. DIY linksmyb\u0117s\u00a0ji pad\u0117s tobulinti rankinius \u012fg\u016bd\u017eius,\u00a0vaikas bus smalsus ir skatins jo vaizduot\u0119a.<\/p>\n<p>\u2705\u00a0Charakteristikos:<\/p>\n<p>\u017eaislas, skirtas vaikams nuo 3 met\u0173<br \/>\nvisi pagaminti i\u0161 med\u017eio<br \/>\nnuda\u017eytas aplinkai ir vaikams saugiais da\u017eais<br \/>\nn\u0117ra a\u0161tri\u0173 briaun\u0173<\/p>\n<p>\u2705\u00a0\u017daislas vystosi:<\/p>\n<p>k\u016brybi\u0161kumas<br \/>\nrankiniai \u012fg\u016bd\u017eiai<br \/>\nsmalsumas<br \/>\nizt\u0113le<\/p>","protected":false},"excerpt":{"rendered":"<p>6971608447877<\/p>","protected":false},"featured_media":75263,"template":"","meta":{"_acf_changed":false,"_glsr_average":0,"_glsr_ranking":0,"_glsr_reviews":0},"product_brand":[],"product_cat":[402,399,229],"product_tag":[],"class_list":{"0":"post-75261","1":"product","2":"type-product","3":"status-publish","4":"has-post-thumbnail","6":"product_cat-dirbtuves-ir-irankiai","7":"product_cat-vaidmenu-zaidimai-2","8":"product_cat-zaislai-vaikams","9":"\"style=\"background-color: #2ecc711c;\"","11":"first","12":"instock","13":"purchasable","14":"product-type-simple"},"acf":[],"yoast_head":"<!-- This site is optimized with the Yoast SEO plugin v27.3 - https:\/\/yoast.com\/product\/yoast-seo-wordpress\/ -->\n<title>Viga \u012eranki\u0173 D\u0117\u017eut\u0117 Medinis Rinkinys<\/title>\n<meta name=\"description\" content=\"Viga \u012eranki\u0173 D\u0117\u017eut\u0117 Medinis Rinkinys - KidsPlay. Did\u017eiausias vaik\u0173 \u017eaisl\u0173 pasirinkimas.\" \/>\n<meta name=\"robots\" content=\"index, follow, max-snippet:-1, max-image-preview:large, max-video-preview:-1\" \/>\n<link rel=\"canonical\" href=\"https:\/\/kidsplay.lt\/lv\/products\/viga-irankiu-dezute-medinis-rinkinys\/\" \/>\n<meta property=\"og:locale\" content=\"lv_LV\" \/>\n<meta property=\"og:type\" content=\"article\" \/>\n<meta property=\"og:title\" content=\"Viga \u012eranki\u0173 D\u0117\u017eut\u0117 Medinis Rinkinys\" \/>\n<meta property=\"og:description\" content=\"Viga \u012eranki\u0173 D\u0117\u017eut\u0117 Medinis Rinkinys - KidsPlay. Did\u017eiausias vaik\u0173 \u017eaisl\u0173 pasirinkimas.\" \/>\n<meta property=\"og:url\" content=\"https:\/\/kidsplay.lt\/lv\/products\/viga-irankiu-dezute-medinis-rinkinys\/\" \/>\n<meta property=\"og:site_name\" content=\"KidsPlay\" \/>\n<meta property=\"article:publisher\" content=\"https:\/\/www.facebook.com\/www.kidsplay.lt\" \/>\n<meta property=\"article:modified_time\" content=\"2026-04-07T07:14:43+00:00\" \/>\n<meta property=\"og:image\" content=\"https:\/\/kidsplay.lt\/wp-content\/uploads\/2025\/10\/Viga-Irankiu-Dezute-Medinis-Rinkinys.jpg\" \/>\n\t<meta property=\"og:image:width\" content=\"2500\" \/>\n\t<meta property=\"og:image:height\" content=\"2500\" \/>\n\t<meta property=\"og:image:type\" content=\"image\/jpeg\" \/>\n<meta name=\"twitter:card\" content=\"summary_large_image\" \/>\n<meta name=\"twitter:label1\" content=\"Est. reading time\" \/>\n\t<meta name=\"twitter:data1\" content=\"1 min\u016bte\" \/>\n<script type=\"application\/ld+json\" class=\"yoast-schema-graph\">{\"@context\":\"https:\\\/\\\/schema.org\",\"@graph\":[{\"@type\":\"WebPage\",\"@id\":\"https:\\\/\\\/kidsplay.lt\\\/produktas\\\/viga-irankiu-dezute-medinis-rinkinys\\\/\",\"url\":\"https:\\\/\\\/kidsplay.lt\\\/produktas\\\/viga-irankiu-dezute-medinis-rinkinys\\\/\",\"name\":\"Viga \u012eranki\u0173 D\u0117\u017eut\u0117 Medinis Rinkinys\",\"isPartOf\":{\"@id\":\"https:\\\/\\\/kidsplay.lt\\\/#website\"},\"primaryImageOfPage\":{\"@id\":\"https:\\\/\\\/kidsplay.lt\\\/produktas\\\/viga-irankiu-dezute-medinis-rinkinys\\\/#primaryimage\"},\"image\":{\"@id\":\"https:\\\/\\\/kidsplay.lt\\\/produktas\\\/viga-irankiu-dezute-medinis-rinkinys\\\/#primaryimage\"},\"thumbnailUrl\":\"https:\\\/\\\/kidsplay.lt\\\/wp-content\\\/uploads\\\/2025\\\/10\\\/Viga-Irankiu-Dezute-Medinis-Rinkinys.jpg\",\"datePublished\":\"2025-10-08T06:32:28+00:00\",\"dateModified\":\"2026-04-07T07:14:43+00:00\",\"description\":\"Viga \u012eranki\u0173 D\u0117\u017eut\u0117 Medinis Rinkinys - KidsPlay. Did\u017eiausias vaik\u0173 \u017eaisl\u0173 pasirinkimas.\",\"breadcrumb\":{\"@id\":\"https:\\\/\\\/kidsplay.lt\\\/produktas\\\/viga-irankiu-dezute-medinis-rinkinys\\\/#breadcrumb\"},\"inLanguage\":\"lv-LV\",\"potentialAction\":[{\"@type\":\"ReadAction\",\"target\":[\"https:\\\/\\\/kidsplay.lt\\\/produktas\\\/viga-irankiu-dezute-medinis-rinkinys\\\/\"]}]},{\"@type\":\"ImageObject\",\"inLanguage\":\"lv-LV\",\"@id\":\"https:\\\/\\\/kidsplay.lt\\\/produktas\\\/viga-irankiu-dezute-medinis-rinkinys\\\/#primaryimage\",\"url\":\"https:\\\/\\\/kidsplay.lt\\\/wp-content\\\/uploads\\\/2025\\\/10\\\/Viga-Irankiu-Dezute-Medinis-Rinkinys.jpg\",\"contentUrl\":\"https:\\\/\\\/kidsplay.lt\\\/wp-content\\\/uploads\\\/2025\\\/10\\\/Viga-Irankiu-Dezute-Medinis-Rinkinys.jpg\",\"width\":2500,\"height\":2500,\"caption\":\"Viga \u012eranki\u0173 D\u0117\u017eut\u0117 Medinis Rinkinys\"},{\"@type\":\"BreadcrumbList\",\"@id\":\"https:\\\/\\\/kidsplay.lt\\\/produktas\\\/viga-irankiu-dezute-medinis-rinkinys\\\/#breadcrumb\",\"itemListElement\":[{\"@type\":\"ListItem\",\"position\":1,\"name\":\"Pagrindinis\",\"item\":\"https:\\\/\\\/kidsplay.lt\\\/\"},{\"@type\":\"ListItem\",\"position\":2,\"name\":\"Parduotuv\u0117\",\"item\":\"https:\\\/\\\/kidsplay.lt\\\/parduotuve\\\/\"},{\"@type\":\"ListItem\",\"position\":3,\"name\":\"Viga \u012eranki\u0173 D\u0117\u017eut\u0117 Medinis Rinkinys\"}]},{\"@type\":\"WebSite\",\"@id\":\"https:\\\/\\\/kidsplay.lt\\\/#website\",\"url\":\"https:\\\/\\\/kidsplay.lt\\\/\",\"name\":\"Kidsplay.lt\",\"description\":\"\u012evairios prek\u0117s vaikams\",\"publisher\":{\"@id\":\"https:\\\/\\\/kidsplay.lt\\\/#organization\"},\"alternateName\":\"Kidsplay\",\"potentialAction\":[{\"@type\":\"SearchAction\",\"target\":{\"@type\":\"EntryPoint\",\"urlTemplate\":\"https:\\\/\\\/kidsplay.lt\\\/?s={search_term_string}\"},\"query-input\":{\"@type\":\"PropertyValueSpecification\",\"valueRequired\":true,\"valueName\":\"search_term_string\"}}],\"inLanguage\":\"lv-LV\"},{\"@type\":\"Organization\",\"@id\":\"https:\\\/\\\/kidsplay.lt\\\/#organization\",\"name\":\"KidsPlay\",\"url\":\"https:\\\/\\\/kidsplay.lt\\\/\",\"logo\":{\"@type\":\"ImageObject\",\"inLanguage\":\"lv-LV\",\"@id\":\"https:\\\/\\\/kidsplay.lt\\\/#\\\/schema\\\/logo\\\/image\\\/\",\"url\":\"https:\\\/\\\/kidsplay.lt\\\/wp-content\\\/uploads\\\/2023\\\/07\\\/kidsplay-logo.png\",\"contentUrl\":\"https:\\\/\\\/kidsplay.lt\\\/wp-content\\\/uploads\\\/2023\\\/07\\\/kidsplay-logo.png\",\"width\":451,\"height\":98,\"caption\":\"KidsPlay\"},\"image\":{\"@id\":\"https:\\\/\\\/kidsplay.lt\\\/#\\\/schema\\\/logo\\\/image\\\/\"},\"sameAs\":[\"https:\\\/\\\/www.facebook.com\\\/www.kidsplay.lt\"]}]}<\/script>\n<!-- \/ Yoast SEO plugin. -->","yoast_head_json":{"title":"Viga \u012eranki\u0173 D\u0117\u017eut\u0117 Medinis Rinkinys","description":"Viga \u012eranki\u0173 D\u0117\u017eut\u0117 Medinis Rinkinys - KidsPlay. Did\u017eiausias vaik\u0173 \u017eaisl\u0173 pasirinkimas.","robots":{"index":"index","follow":"follow","max-snippet":"max-snippet:-1","max-image-preview":"max-image-preview:large","max-video-preview":"max-video-preview:-1"},"canonical":"https:\/\/kidsplay.lt\/lv\/products\/viga-irankiu-dezute-medinis-rinkinys\/","og_locale":"lv_LV","og_type":"article","og_title":"Viga \u012eranki\u0173 D\u0117\u017eut\u0117 Medinis Rinkinys","og_description":"Viga \u012eranki\u0173 D\u0117\u017eut\u0117 Medinis Rinkinys - KidsPlay. Did\u017eiausias vaik\u0173 \u017eaisl\u0173 pasirinkimas.","og_url":"https:\/\/kidsplay.lt\/lv\/products\/viga-irankiu-dezute-medinis-rinkinys\/","og_site_name":"KidsPlay","article_publisher":"https:\/\/www.facebook.com\/www.kidsplay.lt","article_modified_time":"2026-04-07T07:14:43+00:00","og_image":[{"width":2500,"height":2500,"url":"https:\/\/kidsplay.lt\/wp-content\/uploads\/2025\/10\/Viga-Irankiu-Dezute-Medinis-Rinkinys.jpg","type":"image\/jpeg"}],"twitter_card":"summary_large_image","twitter_misc":{"Est. reading time":"1 min\u016bte"},"schema":{"@context":"https:\/\/schema.org","@graph":[{"@type":"WebPage","@id":"https:\/\/kidsplay.lt\/produktas\/viga-irankiu-dezute-medinis-rinkinys\/","url":"https:\/\/kidsplay.lt\/produktas\/viga-irankiu-dezute-medinis-rinkinys\/","name":"Viga \u012eranki\u0173 D\u0117\u017eut\u0117 Medinis Rinkinys","isPartOf":{"@id":"https:\/\/kidsplay.lt\/#website"},"primaryImageOfPage":{"@id":"https:\/\/kidsplay.lt\/produktas\/viga-irankiu-dezute-medinis-rinkinys\/#primaryimage"},"image":{"@id":"https:\/\/kidsplay.lt\/produktas\/viga-irankiu-dezute-medinis-rinkinys\/#primaryimage"},"thumbnailUrl":"https:\/\/kidsplay.lt\/wp-content\/uploads\/2025\/10\/Viga-Irankiu-Dezute-Medinis-Rinkinys.jpg","datePublished":"2025-10-08T06:32:28+00:00","dateModified":"2026-04-07T07:14:43+00:00","description":"Viga \u012eranki\u0173 D\u0117\u017eut\u0117 Medinis Rinkinys - KidsPlay. Did\u017eiausias vaik\u0173 \u017eaisl\u0173 pasirinkimas.","breadcrumb":{"@id":"https:\/\/kidsplay.lt\/produktas\/viga-irankiu-dezute-medinis-rinkinys\/#breadcrumb"},"inLanguage":"lv-LV","potentialAction":[{"@type":"ReadAction","target":["https:\/\/kidsplay.lt\/produktas\/viga-irankiu-dezute-medinis-rinkinys\/"]}]},{"@type":"ImageObject","inLanguage":"lv-LV","@id":"https:\/\/kidsplay.lt\/produktas\/viga-irankiu-dezute-medinis-rinkinys\/#primaryimage","url":"https:\/\/kidsplay.lt\/wp-content\/uploads\/2025\/10\/Viga-Irankiu-Dezute-Medinis-Rinkinys.jpg","contentUrl":"https:\/\/kidsplay.lt\/wp-content\/uploads\/2025\/10\/Viga-Irankiu-Dezute-Medinis-Rinkinys.jpg","width":2500,"height":2500,"caption":"Viga \u012eranki\u0173 D\u0117\u017eut\u0117 Medinis Rinkinys"},{"@type":"BreadcrumbList","@id":"https:\/\/kidsplay.lt\/produktas\/viga-irankiu-dezute-medinis-rinkinys\/#breadcrumb","itemListElement":[{"@type":"ListItem","position":1,"name":"Pagrindinis","item":"https:\/\/kidsplay.lt\/"},{"@type":"ListItem","position":2,"name":"Parduotuv\u0117","item":"https:\/\/kidsplay.lt\/parduotuve\/"},{"@type":"ListItem","position":3,"name":"Viga \u012eranki\u0173 D\u0117\u017eut\u0117 Medinis Rinkinys"}]},{"@type":"WebSite","@id":"https:\/\/kidsplay.lt\/#website","url":"https:\/\/kidsplay.lt\/","name":"B\u0113rnu sp\u0113les.lv","description":"\u012evairios prek\u0117s vaikams","publisher":{"@id":"https:\/\/kidsplay.lt\/#organization"},"alternateName":"Kidsplay","potentialAction":[{"@type":"SearchAction","target":{"@type":"EntryPoint","urlTemplate":"https:\/\/kidsplay.lt\/?s={search_term_string}"},"query-input":{"@type":"PropertyValueSpecification","valueRequired":true,"valueName":"search_term_string"}}],"inLanguage":"lv-LV"},{"@type":"Organization","@id":"https:\/\/kidsplay.lt\/#organization","name":"B\u0113rnu sp\u0113le","url":"https:\/\/kidsplay.lt\/","logo":{"@type":"ImageObject","inLanguage":"lv-LV","@id":"https:\/\/kidsplay.lt\/#\/schema\/logo\/image\/","url":"https:\/\/kidsplay.lt\/wp-content\/uploads\/2023\/07\/kidsplay-logo.png","contentUrl":"https:\/\/kidsplay.lt\/wp-content\/uploads\/2023\/07\/kidsplay-logo.png","width":451,"height":98,"caption":"KidsPlay"},"image":{"@id":"https:\/\/kidsplay.lt\/#\/schema\/logo\/image\/"},"sameAs":["https:\/\/www.facebook.com\/www.kidsplay.lt"]}]}},"_links":{"self":[{"href":"https:\/\/kidsplay.lt\/lv\/wp-json\/wp\/v2\/product\/75261","targetHints":{"allow":["GET"]}}],"collection":[{"href":"https:\/\/kidsplay.lt\/lv\/wp-json\/wp\/v2\/product"}],"about":[{"href":"https:\/\/kidsplay.lt\/lv\/wp-json\/wp\/v2\/types\/product"}],"version-history":[{"count":2,"href":"https:\/\/kidsplay.lt\/lv\/wp-json\/wp\/v2\/product\/75261\/revisions"}],"predecessor-version":[{"id":75585,"href":"https:\/\/kidsplay.lt\/lv\/wp-json\/wp\/v2\/product\/75261\/revisions\/75585"}],"wp:featuredmedia":[{"embeddable":true,"href":"https:\/\/kidsplay.lt\/lv\/wp-json\/wp\/v2\/media\/75263"}],"wp:attachment":[{"href":"https:\/\/kidsplay.lt\/lv\/wp-json\/wp\/v2\/media?parent=75261"}],"wp:term":[{"taxonomy":"product_brand","embeddable":true,"href":"https:\/\/kidsplay.lt\/lv\/wp-json\/wp\/v2\/product_brand?post=75261"},{"taxonomy":"product_cat","embeddable":true,"href":"https:\/\/kidsplay.lt\/lv\/wp-json\/wp\/v2\/product_cat?post=75261"},{"taxonomy":"product_tag","embeddable":true,"href":"https:\/\/kidsplay.lt\/lv\/wp-json\/wp\/v2\/product_tag?post=75261"}],"curies":[{"name":"wp","href":"https:\/\/api.w.org\/{rel}","templated":true}]}}