{"id":75266,"date":"2025-10-08T09:32:45","date_gmt":"2025-10-08T06:32:45","guid":{"rendered":"https:\/\/kidsplay.lt\/produktas\/masterkidz-mokymasis-sveikos-burnos-higienos-ant-suns-pavyzdys-montessori-svietimo-sienos-lenta\/"},"modified":"2026-04-13T14:08:34","modified_gmt":"2026-04-13T11:08:34","slug":"masterkidz-mokymasis-sveikos-burnos-higienos-ant-suns-pavyzdys-montessori-svietimo-sienos-lenta","status":"publish","type":"product","link":"https:\/\/kidsplay.lt\/lv\/products\/masterkidz-mokymasis-sveikos-burnos-higienos-ant-suns-pavyzdys-montessori-svietimo-sienos-lenta\/","title":{"rendered":"MASTERKIDZ Vesel\u012bgas mutes dobuma higi\u0113nas apguve uz su\u0146a piem\u0113ra \u2013 Montessori izgl\u012btojo\u0161ais sienas d\u0113lis"},"content":{"rendered":"<p>\u0160i \u0161vietimo taryba\u00a0tai sujungia \u0161un\u0173 dant\u0173 valym\u0105 su burnos higienos mokymu.\u00a0Tai rodo draugi\u0161k\u0105 \u0161un\u012f su\u00a0atsiverianti burna, atskleid\u017eiantis\u00a010 dant\u0173\u201e. Komplekt\u0105 sudaro\u00a0\u017eaisl\u0173 pasta,\u00a0dant\u0173 \u0161epet\u0117lis\u00a0ir danties si\u016bl\u0105.\u00a0Vaikai gali \u017eaisti valydami \u0161uns dantis, suspausdami dant\u0173 past\u0105 ant dant\u0173 \u0161epet\u0117lio, \u0161veisdami ir si\u016blais, kurie juos vysto\u00a0judrumas\u00a0ir\u00a0precizi\u0161kumas.\u00a0\u017daislas skatina pokalbius apie savo dant\u0173 prie\u017ei\u016br\u0105,\u00a0ir tai taip pat leid\u017eia \u017eaisti atskirai arba poromis.<\/p>\n<p>Raksturojums<\/p>\n<p> \t&#8211; \u017eaislas i\u0161\u00a02 met\u0173.<br \/>\n \t&#8211; Apima dant\u0173 \u0161epet\u0117l\u012f, dant\u0173 past\u0105 ir si\u016bl\u0105<\/p>\n<p> \t&#8211; Medin\u0117 edukacin\u0117 lenta vaikui pad\u0117ti\u00a0praktikuokite dant\u0173 valym\u0105 ir dant\u0173 si\u016bl\u0173 naudojim\u0105.<br \/>\n \t\u00a0&#8211; \u017daidimas lavins ma\u017e\u0173j\u0173 rankinius \u012fg\u016bd\u017eius.<br \/>\n \t&#8211; Atsidaro \u0161uns burna, atidengdama 10 dant\u0173<br \/>\n \t\u00a0&#8211; \u017daislas buvo pagamintas i\u0161 med\u017eio.\u00a0Renkantis medinius \u017eaislus, r\u016bpinamasi aplinka ir ma\u017einama atliek\u0173 gamyba\u00a0plastikiniai.<\/p>","protected":false},"excerpt":{"rendered":"<p>6955920030474<\/p>","protected":false},"featured_media":75268,"template":"","meta":{"_acf_changed":false,"_glsr_average":0,"_glsr_ranking":0,"_glsr_reviews":0},"product_brand":[],"product_cat":[673,229],"product_tag":[],"class_list":{"0":"post-75266","1":"product","2":"type-product","3":"status-publish","4":"has-post-thumbnail","6":"product_cat-ugdomosios-priemones","7":"product_cat-zaislai-vaikams","8":"\"style=\"background-color: #2ecc711c;\"","10":"first","11":"instock","12":"purchasable","13":"product-type-simple"},"acf":[],"yoast_head":"<!-- This site is optimized with the Yoast SEO plugin v27.4 - https:\/\/yoast.com\/product\/yoast-seo-wordpress\/ -->\n<title>MASTERKIDZ Mokymasis sveikos burnos higienos ant \u0161uns pavyzdys &#8211; Montessori \u0161vietimo sienos lenta<\/title>\n<meta name=\"description\" content=\"MASTERKIDZ Mokymasis sveikos burnos higienos ant \u0161uns pavyzdys &#8211; Montessori \u0161vietimo sienos lenta - KidsPlay. Did\u017eiausias vaik\u0173 \u017eaisl\u0173 pasirinkimas.\" \/>\n<meta name=\"robots\" content=\"index, follow, max-snippet:-1, max-image-preview:large, max-video-preview:-1\" \/>\n<link rel=\"canonical\" href=\"https:\/\/kidsplay.lt\/lv\/products\/masterkidz-mokymasis-sveikos-burnos-higienos-ant-suns-pavyzdys-montessori-svietimo-sienos-lenta\/\" \/>\n<meta property=\"og:locale\" content=\"lv_LV\" \/>\n<meta property=\"og:type\" content=\"article\" \/>\n<meta property=\"og:title\" content=\"MASTERKIDZ Mokymasis sveikos burnos higienos ant \u0161uns pavyzdys &#8211; Montessori \u0161vietimo sienos lenta\" \/>\n<meta property=\"og:description\" content=\"MASTERKIDZ Mokymasis sveikos burnos higienos ant \u0161uns pavyzdys &#8211; Montessori \u0161vietimo sienos lenta - KidsPlay. Did\u017eiausias vaik\u0173 \u017eaisl\u0173 pasirinkimas.\" \/>\n<meta property=\"og:url\" content=\"https:\/\/kidsplay.lt\/lv\/products\/masterkidz-mokymasis-sveikos-burnos-higienos-ant-suns-pavyzdys-montessori-svietimo-sienos-lenta\/\" \/>\n<meta property=\"og:site_name\" content=\"KidsPlay\" \/>\n<meta property=\"article:publisher\" content=\"https:\/\/www.facebook.com\/www.kidsplay.lt\" \/>\n<meta property=\"article:modified_time\" content=\"2026-04-13T11:08:34+00:00\" \/>\n<meta property=\"og:image\" content=\"https:\/\/kidsplay.lt\/wp-content\/uploads\/2025\/10\/MASTERKIDZ-Mokymasis-sveikos-burnos-higienos-ant-suns-pavyzdys-8211-Montessori-svietimo-sienos-lenta.jpg\" \/>\n\t<meta property=\"og:image:width\" content=\"2500\" \/>\n\t<meta property=\"og:image:height\" content=\"2500\" \/>\n\t<meta property=\"og:image:type\" content=\"image\/jpeg\" \/>\n<meta name=\"twitter:card\" content=\"summary_large_image\" \/>\n<meta name=\"twitter:label1\" content=\"Est. reading time\" \/>\n\t<meta name=\"twitter:data1\" content=\"1 min\u016bte\" \/>\n<script type=\"application\/ld+json\" class=\"yoast-schema-graph\">{\"@context\":\"https:\\\/\\\/schema.org\",\"@graph\":[{\"@type\":\"WebPage\",\"@id\":\"https:\\\/\\\/kidsplay.lt\\\/produktas\\\/masterkidz-mokymasis-sveikos-burnos-higienos-ant-suns-pavyzdys-montessori-svietimo-sienos-lenta\\\/\",\"url\":\"https:\\\/\\\/kidsplay.lt\\\/produktas\\\/masterkidz-mokymasis-sveikos-burnos-higienos-ant-suns-pavyzdys-montessori-svietimo-sienos-lenta\\\/\",\"name\":\"MASTERKIDZ Mokymasis sveikos burnos higienos ant \u0161uns pavyzdys &#8211; Montessori \u0161vietimo sienos lenta\",\"isPartOf\":{\"@id\":\"https:\\\/\\\/kidsplay.lt\\\/#website\"},\"primaryImageOfPage\":{\"@id\":\"https:\\\/\\\/kidsplay.lt\\\/produktas\\\/masterkidz-mokymasis-sveikos-burnos-higienos-ant-suns-pavyzdys-montessori-svietimo-sienos-lenta\\\/#primaryimage\"},\"image\":{\"@id\":\"https:\\\/\\\/kidsplay.lt\\\/produktas\\\/masterkidz-mokymasis-sveikos-burnos-higienos-ant-suns-pavyzdys-montessori-svietimo-sienos-lenta\\\/#primaryimage\"},\"thumbnailUrl\":\"https:\\\/\\\/kidsplay.lt\\\/wp-content\\\/uploads\\\/2025\\\/10\\\/MASTERKIDZ-Mokymasis-sveikos-burnos-higienos-ant-suns-pavyzdys-8211-Montessori-svietimo-sienos-lenta.jpg\",\"datePublished\":\"2025-10-08T06:32:45+00:00\",\"dateModified\":\"2026-04-13T11:08:34+00:00\",\"description\":\"MASTERKIDZ Mokymasis sveikos burnos higienos ant \u0161uns pavyzdys &#8211; Montessori \u0161vietimo sienos lenta - KidsPlay. Did\u017eiausias vaik\u0173 \u017eaisl\u0173 pasirinkimas.\",\"breadcrumb\":{\"@id\":\"https:\\\/\\\/kidsplay.lt\\\/produktas\\\/masterkidz-mokymasis-sveikos-burnos-higienos-ant-suns-pavyzdys-montessori-svietimo-sienos-lenta\\\/#breadcrumb\"},\"inLanguage\":\"lv-LV\",\"potentialAction\":[{\"@type\":\"ReadAction\",\"target\":[\"https:\\\/\\\/kidsplay.lt\\\/produktas\\\/masterkidz-mokymasis-sveikos-burnos-higienos-ant-suns-pavyzdys-montessori-svietimo-sienos-lenta\\\/\"]}]},{\"@type\":\"ImageObject\",\"inLanguage\":\"lv-LV\",\"@id\":\"https:\\\/\\\/kidsplay.lt\\\/produktas\\\/masterkidz-mokymasis-sveikos-burnos-higienos-ant-suns-pavyzdys-montessori-svietimo-sienos-lenta\\\/#primaryimage\",\"url\":\"https:\\\/\\\/kidsplay.lt\\\/wp-content\\\/uploads\\\/2025\\\/10\\\/MASTERKIDZ-Mokymasis-sveikos-burnos-higienos-ant-suns-pavyzdys-8211-Montessori-svietimo-sienos-lenta.jpg\",\"contentUrl\":\"https:\\\/\\\/kidsplay.lt\\\/wp-content\\\/uploads\\\/2025\\\/10\\\/MASTERKIDZ-Mokymasis-sveikos-burnos-higienos-ant-suns-pavyzdys-8211-Montessori-svietimo-sienos-lenta.jpg\",\"width\":2500,\"height\":2500,\"caption\":\"MASTERKIDZ Mokymasis sveikos burnos higienos ant \u0161uns pavyzdys &#8211; Montessori \u0161vietimo sienos lenta\"},{\"@type\":\"BreadcrumbList\",\"@id\":\"https:\\\/\\\/kidsplay.lt\\\/produktas\\\/masterkidz-mokymasis-sveikos-burnos-higienos-ant-suns-pavyzdys-montessori-svietimo-sienos-lenta\\\/#breadcrumb\",\"itemListElement\":[{\"@type\":\"ListItem\",\"position\":1,\"name\":\"Pagrindinis\",\"item\":\"https:\\\/\\\/kidsplay.lt\\\/\"},{\"@type\":\"ListItem\",\"position\":2,\"name\":\"Parduotuv\u0117\",\"item\":\"https:\\\/\\\/kidsplay.lt\\\/parduotuve\\\/\"},{\"@type\":\"ListItem\",\"position\":3,\"name\":\"MASTERKIDZ Mokymasis sveikos burnos higienos ant \u0161uns pavyzdys &#8211; Montessori \u0161vietimo sienos lenta\"}]},{\"@type\":\"WebSite\",\"@id\":\"https:\\\/\\\/kidsplay.lt\\\/#website\",\"url\":\"https:\\\/\\\/kidsplay.lt\\\/\",\"name\":\"Kidsplay.lt\",\"description\":\"\u012evairios prek\u0117s vaikams\",\"publisher\":{\"@id\":\"https:\\\/\\\/kidsplay.lt\\\/#organization\"},\"alternateName\":\"Kidsplay\",\"potentialAction\":[{\"@type\":\"SearchAction\",\"target\":{\"@type\":\"EntryPoint\",\"urlTemplate\":\"https:\\\/\\\/kidsplay.lt\\\/?s={search_term_string}\"},\"query-input\":{\"@type\":\"PropertyValueSpecification\",\"valueRequired\":true,\"valueName\":\"search_term_string\"}}],\"inLanguage\":\"lv-LV\"},{\"@type\":\"Organization\",\"@id\":\"https:\\\/\\\/kidsplay.lt\\\/#organization\",\"name\":\"KidsPlay\",\"url\":\"https:\\\/\\\/kidsplay.lt\\\/\",\"logo\":{\"@type\":\"ImageObject\",\"inLanguage\":\"lv-LV\",\"@id\":\"https:\\\/\\\/kidsplay.lt\\\/#\\\/schema\\\/logo\\\/image\\\/\",\"url\":\"https:\\\/\\\/kidsplay.lt\\\/wp-content\\\/uploads\\\/2023\\\/07\\\/kidsplay-logo.png\",\"contentUrl\":\"https:\\\/\\\/kidsplay.lt\\\/wp-content\\\/uploads\\\/2023\\\/07\\\/kidsplay-logo.png\",\"width\":451,\"height\":98,\"caption\":\"KidsPlay\"},\"image\":{\"@id\":\"https:\\\/\\\/kidsplay.lt\\\/#\\\/schema\\\/logo\\\/image\\\/\"},\"sameAs\":[\"https:\\\/\\\/www.facebook.com\\\/www.kidsplay.lt\"]}]}<\/script>\n<!-- \/ Yoast SEO plugin. -->","yoast_head_json":{"title":"MASTERKIDZ Vesel\u012bgas mutes dobuma higi\u0113nas apguve uz su\u0146a piem\u0113ra \u2013 Montessori izgl\u012btojo\u0161ais sienas d\u0113lis","description":"MASTERKIDZ Mokymasis sveikos burnos higienos ant \u0161uns pavyzdys &#8211; Montessori \u0161vietimo sienos lenta - KidsPlay. Did\u017eiausias vaik\u0173 \u017eaisl\u0173 pasirinkimas.","robots":{"index":"index","follow":"follow","max-snippet":"max-snippet:-1","max-image-preview":"max-image-preview:large","max-video-preview":"max-video-preview:-1"},"canonical":"https:\/\/kidsplay.lt\/lv\/products\/masterkidz-mokymasis-sveikos-burnos-higienos-ant-suns-pavyzdys-montessori-svietimo-sienos-lenta\/","og_locale":"lv_LV","og_type":"article","og_title":"MASTERKIDZ Mokymasis sveikos burnos higienos ant \u0161uns pavyzdys &#8211; Montessori \u0161vietimo sienos lenta","og_description":"MASTERKIDZ Mokymasis sveikos burnos higienos ant \u0161uns pavyzdys &#8211; Montessori \u0161vietimo sienos lenta - KidsPlay. Did\u017eiausias vaik\u0173 \u017eaisl\u0173 pasirinkimas.","og_url":"https:\/\/kidsplay.lt\/lv\/products\/masterkidz-mokymasis-sveikos-burnos-higienos-ant-suns-pavyzdys-montessori-svietimo-sienos-lenta\/","og_site_name":"KidsPlay","article_publisher":"https:\/\/www.facebook.com\/www.kidsplay.lt","article_modified_time":"2026-04-13T11:08:34+00:00","og_image":[{"width":2500,"height":2500,"url":"https:\/\/kidsplay.lt\/wp-content\/uploads\/2025\/10\/MASTERKIDZ-Mokymasis-sveikos-burnos-higienos-ant-suns-pavyzdys-8211-Montessori-svietimo-sienos-lenta.jpg","type":"image\/jpeg"}],"twitter_card":"summary_large_image","twitter_misc":{"Est. reading time":"1 min\u016bte"},"schema":{"@context":"https:\/\/schema.org","@graph":[{"@type":"WebPage","@id":"https:\/\/kidsplay.lt\/produktas\/masterkidz-mokymasis-sveikos-burnos-higienos-ant-suns-pavyzdys-montessori-svietimo-sienos-lenta\/","url":"https:\/\/kidsplay.lt\/produktas\/masterkidz-mokymasis-sveikos-burnos-higienos-ant-suns-pavyzdys-montessori-svietimo-sienos-lenta\/","name":"MASTERKIDZ Vesel\u012bgas mutes dobuma higi\u0113nas apguve uz su\u0146a piem\u0113ra \u2013 Montessori izgl\u012btojo\u0161ais sienas d\u0113lis","isPartOf":{"@id":"https:\/\/kidsplay.lt\/#website"},"primaryImageOfPage":{"@id":"https:\/\/kidsplay.lt\/produktas\/masterkidz-mokymasis-sveikos-burnos-higienos-ant-suns-pavyzdys-montessori-svietimo-sienos-lenta\/#primaryimage"},"image":{"@id":"https:\/\/kidsplay.lt\/produktas\/masterkidz-mokymasis-sveikos-burnos-higienos-ant-suns-pavyzdys-montessori-svietimo-sienos-lenta\/#primaryimage"},"thumbnailUrl":"https:\/\/kidsplay.lt\/wp-content\/uploads\/2025\/10\/MASTERKIDZ-Mokymasis-sveikos-burnos-higienos-ant-suns-pavyzdys-8211-Montessori-svietimo-sienos-lenta.jpg","datePublished":"2025-10-08T06:32:45+00:00","dateModified":"2026-04-13T11:08:34+00:00","description":"MASTERKIDZ Mokymasis sveikos burnos higienos ant \u0161uns pavyzdys &#8211; Montessori \u0161vietimo sienos lenta - KidsPlay. Did\u017eiausias vaik\u0173 \u017eaisl\u0173 pasirinkimas.","breadcrumb":{"@id":"https:\/\/kidsplay.lt\/produktas\/masterkidz-mokymasis-sveikos-burnos-higienos-ant-suns-pavyzdys-montessori-svietimo-sienos-lenta\/#breadcrumb"},"inLanguage":"lv-LV","potentialAction":[{"@type":"ReadAction","target":["https:\/\/kidsplay.lt\/produktas\/masterkidz-mokymasis-sveikos-burnos-higienos-ant-suns-pavyzdys-montessori-svietimo-sienos-lenta\/"]}]},{"@type":"ImageObject","inLanguage":"lv-LV","@id":"https:\/\/kidsplay.lt\/produktas\/masterkidz-mokymasis-sveikos-burnos-higienos-ant-suns-pavyzdys-montessori-svietimo-sienos-lenta\/#primaryimage","url":"https:\/\/kidsplay.lt\/wp-content\/uploads\/2025\/10\/MASTERKIDZ-Mokymasis-sveikos-burnos-higienos-ant-suns-pavyzdys-8211-Montessori-svietimo-sienos-lenta.jpg","contentUrl":"https:\/\/kidsplay.lt\/wp-content\/uploads\/2025\/10\/MASTERKIDZ-Mokymasis-sveikos-burnos-higienos-ant-suns-pavyzdys-8211-Montessori-svietimo-sienos-lenta.jpg","width":2500,"height":2500,"caption":"MASTERKIDZ Mokymasis sveikos burnos higienos ant \u0161uns pavyzdys &#8211; Montessori \u0161vietimo sienos lenta"},{"@type":"BreadcrumbList","@id":"https:\/\/kidsplay.lt\/produktas\/masterkidz-mokymasis-sveikos-burnos-higienos-ant-suns-pavyzdys-montessori-svietimo-sienos-lenta\/#breadcrumb","itemListElement":[{"@type":"ListItem","position":1,"name":"Pagrindinis","item":"https:\/\/kidsplay.lt\/"},{"@type":"ListItem","position":2,"name":"Parduotuv\u0117","item":"https:\/\/kidsplay.lt\/parduotuve\/"},{"@type":"ListItem","position":3,"name":"MASTERKIDZ Mokymasis sveikos burnos higienos ant \u0161uns pavyzdys &#8211; Montessori \u0161vietimo sienos lenta"}]},{"@type":"WebSite","@id":"https:\/\/kidsplay.lt\/#website","url":"https:\/\/kidsplay.lt\/","name":"B\u0113rnu sp\u0113les.lv","description":"\u012evairios prek\u0117s vaikams","publisher":{"@id":"https:\/\/kidsplay.lt\/#organization"},"alternateName":"Kidsplay","potentialAction":[{"@type":"SearchAction","target":{"@type":"EntryPoint","urlTemplate":"https:\/\/kidsplay.lt\/?s={search_term_string}"},"query-input":{"@type":"PropertyValueSpecification","valueRequired":true,"valueName":"search_term_string"}}],"inLanguage":"lv-LV"},{"@type":"Organization","@id":"https:\/\/kidsplay.lt\/#organization","name":"B\u0113rnu sp\u0113le","url":"https:\/\/kidsplay.lt\/","logo":{"@type":"ImageObject","inLanguage":"lv-LV","@id":"https:\/\/kidsplay.lt\/#\/schema\/logo\/image\/","url":"https:\/\/kidsplay.lt\/wp-content\/uploads\/2023\/07\/kidsplay-logo.png","contentUrl":"https:\/\/kidsplay.lt\/wp-content\/uploads\/2023\/07\/kidsplay-logo.png","width":451,"height":98,"caption":"KidsPlay"},"image":{"@id":"https:\/\/kidsplay.lt\/#\/schema\/logo\/image\/"},"sameAs":["https:\/\/www.facebook.com\/www.kidsplay.lt"]}]}},"_links":{"self":[{"href":"https:\/\/kidsplay.lt\/lv\/wp-json\/wp\/v2\/product\/75266","targetHints":{"allow":["GET"]}}],"collection":[{"href":"https:\/\/kidsplay.lt\/lv\/wp-json\/wp\/v2\/product"}],"about":[{"href":"https:\/\/kidsplay.lt\/lv\/wp-json\/wp\/v2\/types\/product"}],"version-history":[{"count":2,"href":"https:\/\/kidsplay.lt\/lv\/wp-json\/wp\/v2\/product\/75266\/revisions"}],"predecessor-version":[{"id":75586,"href":"https:\/\/kidsplay.lt\/lv\/wp-json\/wp\/v2\/product\/75266\/revisions\/75586"}],"wp:featuredmedia":[{"embeddable":true,"href":"https:\/\/kidsplay.lt\/lv\/wp-json\/wp\/v2\/media\/75268"}],"wp:attachment":[{"href":"https:\/\/kidsplay.lt\/lv\/wp-json\/wp\/v2\/media?parent=75266"}],"wp:term":[{"taxonomy":"product_brand","embeddable":true,"href":"https:\/\/kidsplay.lt\/lv\/wp-json\/wp\/v2\/product_brand?post=75266"},{"taxonomy":"product_cat","embeddable":true,"href":"https:\/\/kidsplay.lt\/lv\/wp-json\/wp\/v2\/product_cat?post=75266"},{"taxonomy":"product_tag","embeddable":true,"href":"https:\/\/kidsplay.lt\/lv\/wp-json\/wp\/v2\/product_tag?post=75266"}],"curies":[{"name":"wp","href":"https:\/\/api.w.org\/{rel}","templated":true}]}}