{"id":75290,"date":"2025-10-08T09:33:52","date_gmt":"2025-10-08T06:33:52","guid":{"rendered":"https:\/\/kidsplay.lt\/produktas\/woopie-magnetiniai-statybiniai-blokai-3d-mokomasis-rinkinys-kulodrom-rutulinis-takelis-113-vnt\/"},"modified":"2026-04-07T10:14:51","modified_gmt":"2026-04-07T07:14:51","slug":"woopie-magnetiniai-statybiniai-blokai-3d-mokomasis-rinkinys-kulodrom-rutulinis-takelis-113-vnt","status":"publish","type":"product","link":"https:\/\/kidsplay.lt\/lv\/products\/woopie-magnetiniai-statybiniai-blokai-3d-mokomasis-rinkinys-kulodrom-rutulinis-takelis-113-vnt\/","title":{"rendered":"WOOPIE magnetiniai statybiniai blokai 3D mokomasis rinkinys Kulodrom rutulinis takelis 113 vnt."},"content":{"rendered":"<p>Atraskite tikr\u0105 k\u016brybi\u0161kumo ir in\u017einerijos roj\u0173 su rinkiniu\u00a03d magnetin\u0117s konstrukcijos blokai\u00a0i\u0161 mark\u0117s\u00a0Woopie! \u0160is \u012fsp\u016bdingas rinkinys, kur\u012f sudaro\u00a0113 element\u0173, leid\u017eia sukurti plat\u0173, keli\u0173 lygi\u0173 rutulin\u012f takel\u012f ir fantasti\u0161kas erdvines strukt\u016bras.\u00a0Skaidrios, magnetin\u0117s plytel\u0117s\u00a0o \u012fvair\u016bs intensyvi\u0173 spalv\u0173 trasos elementai garantuoja\u00a0valandos priklausomyb\u0119 linksmybi\u0173\u201e. Statybos metu vaikas mokosi\u00a0fizikos pagrindai\u00a0ir gravitacijos principai praktikoje. Tai puikus b\u016bdas vystytis\u00a0loginis m\u0105stymas,\u00a0erdvin\u0117 vaizduot\u0117\u00a0ir\u00a0rankiniai \u012fg\u016bd\u017eiai\u201e. \u0160is rinkinys yra tikri vartai \u012f neribot\u0173 dizaino galimybi\u0173 pasaul\u012f!<\/p>\n<p>Raksturojums:<\/p>\n<p> \t&#8211; Vaikams nuo\u00a03 metai\u00a0gyvenimas<br \/>\n \t&#8211; Magnetiniai 3D konstrukciniai blokai, modulinis rutulinis takelis<br \/>\n \t&#8211;\u00a0Didelis element\u0173 skai\u010dius\u00a0(113 vnt.), skaidr\u016bs takelio elementai<br \/>\n \t&#8211;\u00a0\u012evairov\u0117\u00a0formos ir spalvos<br \/>\n \t&#8211; K\u016brimo galimyb\u0117\u00a0sud\u0117tinga ir stabili\u00a0pastatai<br \/>\n \t&#8211;\u00a0Daug valand\u0173 linksm\u0173 pad\u0117kos\u00a0element\u0173 i\u0161d\u0117stymo b\u016bd\u0173 \u012fvairov\u0117<br \/>\n \t&#8211; Auk\u0161tos kokyb\u0117s med\u017eiagos: saugus, patvarus plastikas ir tvirti magnetai<\/p>\n<p>Komplekt\u0101 ietilpst:<\/p>\n<p> \t&#8211; \u012evairi\u0173 form\u0173 ir spalv\u0173 magnetiniai blokai<br \/>\n \t&#8211; Skaidr\u016bs b\u0117gi\u0173 elementai: latakai, pos\u016bkiai, bunkeriai, tuneliai<br \/>\n \t&#8211; Spalvoti rutuliai<br \/>\n \t&#8211; Dekoratyviniai lipdukai<br \/>\n \t&#8211; Iliustruota instrukcija<br \/>\n \t&#8211; Estetin\u0117 pakuot\u0117 su rankena<\/p>\n<p>Rota\u013clieta att\u012bst\u0101s:<\/p>\n<p> \t&#8211; K\u016brybi\u0161kumas ir vaizduot\u0117<br \/>\n \t&#8211; Loginis ir erdvinis m\u0105stymas<br \/>\n \t&#8211; Rankinis geb\u0117jimas ir tikslumas<br \/>\n \t&#8211; Fizikos pagrind\u0173 supratimas<br \/>\n \t&#8211; Koncentracija ir kantryb\u0117<br \/>\n \t&#8211; Statybos \u012fg\u016bd\u017eiai<\/p>\n<p>Pakuot\u0117s matmenys: 38 x 27,5 x 9 (cm)<\/p>","protected":false},"excerpt":{"rendered":"<p>Atraskite tikr\u0105 k\u016brybi\u0161kumo ir in\u017einerijos roj\u0173 su rinkiniu\u00a03d magnetin\u0117s konstrukcijos blokai\u00a0i\u0161 mark\u0117s\u00a0Woopie! \u0160is \u012fsp\u016bdingas rinkinys, kur\u012f sudaro\u00a0113 element\u0173, leid\u017eia sukurti<\/p>","protected":false},"featured_media":61665,"template":"","meta":{"_acf_changed":false,"_glsr_average":0,"_glsr_ranking":0,"_glsr_reviews":0},"product_brand":[],"product_cat":[446,229],"product_tag":[],"class_list":{"0":"post-75290","1":"product","2":"type-product","3":"status-publish","4":"has-post-thumbnail","6":"product_cat-konstruktoriai","7":"product_cat-zaislai-vaikams","8":"\"style=\"background-color: #2ecc711c;\"","10":"first","11":"instock","12":"purchasable","13":"product-type-simple"},"acf":[],"yoast_head":"<!-- This site is optimized with the Yoast SEO plugin v27.3 - https:\/\/yoast.com\/product\/yoast-seo-wordpress\/ -->\n<title>WOOPIE magnetiniai statybiniai blokai 3D mokomasis rinkinys Kulodrom rutulinis takelis 113 vnt.<\/title>\n<meta name=\"description\" content=\"WOOPIE magnetiniai statybiniai blokai 3D mokomasis rinkinys Kulodrom rutulinis takelis 113 vnt. - KidsPlay. Did\u017eiausias vaik\u0173 \u017eaisl\u0173 pasirinkimas.\" \/>\n<meta name=\"robots\" content=\"index, follow, max-snippet:-1, max-image-preview:large, max-video-preview:-1\" \/>\n<link rel=\"canonical\" href=\"https:\/\/kidsplay.lt\/lv\/products\/woopie-magnetiniai-statybiniai-blokai-3d-mokomasis-rinkinys-kulodrom-rutulinis-takelis-113-vnt\/\" \/>\n<meta property=\"og:locale\" content=\"lv_LV\" \/>\n<meta property=\"og:type\" content=\"article\" \/>\n<meta property=\"og:title\" content=\"WOOPIE magnetiniai statybiniai blokai 3D mokomasis rinkinys Kulodrom rutulinis takelis 113 vnt.\" \/>\n<meta property=\"og:description\" content=\"WOOPIE magnetiniai statybiniai blokai 3D mokomasis rinkinys Kulodrom rutulinis takelis 113 vnt. - KidsPlay. Did\u017eiausias vaik\u0173 \u017eaisl\u0173 pasirinkimas.\" \/>\n<meta property=\"og:url\" content=\"https:\/\/kidsplay.lt\/lv\/products\/woopie-magnetiniai-statybiniai-blokai-3d-mokomasis-rinkinys-kulodrom-rutulinis-takelis-113-vnt\/\" \/>\n<meta property=\"og:site_name\" content=\"KidsPlay\" \/>\n<meta property=\"article:publisher\" content=\"https:\/\/www.facebook.com\/www.kidsplay.lt\" \/>\n<meta property=\"article:modified_time\" content=\"2026-04-07T07:14:51+00:00\" \/>\n<meta property=\"og:image\" content=\"https:\/\/kidsplay.lt\/wp-content\/uploads\/2025\/09\/WOOPIE-magnetiniai-konstruktoriai-3D-edukacinis-rinkinys-kamuoliuku-begimui-113-vnt.jpg\" \/>\n\t<meta property=\"og:image:width\" content=\"1000\" \/>\n\t<meta property=\"og:image:height\" content=\"1000\" \/>\n\t<meta property=\"og:image:type\" content=\"image\/jpeg\" \/>\n<meta name=\"twitter:card\" content=\"summary_large_image\" \/>\n<meta name=\"twitter:label1\" content=\"Est. reading time\" \/>\n\t<meta name=\"twitter:data1\" content=\"1 min\u016bte\" \/>\n<script type=\"application\/ld+json\" class=\"yoast-schema-graph\">{\"@context\":\"https:\\\/\\\/schema.org\",\"@graph\":[{\"@type\":\"WebPage\",\"@id\":\"https:\\\/\\\/kidsplay.lt\\\/produktas\\\/woopie-magnetiniai-statybiniai-blokai-3d-mokomasis-rinkinys-kulodrom-rutulinis-takelis-113-vnt\\\/\",\"url\":\"https:\\\/\\\/kidsplay.lt\\\/produktas\\\/woopie-magnetiniai-statybiniai-blokai-3d-mokomasis-rinkinys-kulodrom-rutulinis-takelis-113-vnt\\\/\",\"name\":\"WOOPIE magnetiniai statybiniai blokai 3D mokomasis rinkinys Kulodrom rutulinis takelis 113 vnt.\",\"isPartOf\":{\"@id\":\"https:\\\/\\\/kidsplay.lt\\\/#website\"},\"primaryImageOfPage\":{\"@id\":\"https:\\\/\\\/kidsplay.lt\\\/produktas\\\/woopie-magnetiniai-statybiniai-blokai-3d-mokomasis-rinkinys-kulodrom-rutulinis-takelis-113-vnt\\\/#primaryimage\"},\"image\":{\"@id\":\"https:\\\/\\\/kidsplay.lt\\\/produktas\\\/woopie-magnetiniai-statybiniai-blokai-3d-mokomasis-rinkinys-kulodrom-rutulinis-takelis-113-vnt\\\/#primaryimage\"},\"thumbnailUrl\":\"https:\\\/\\\/kidsplay.lt\\\/wp-content\\\/uploads\\\/2025\\\/09\\\/WOOPIE-magnetiniai-konstruktoriai-3D-edukacinis-rinkinys-kamuoliuku-begimui-113-vnt.jpg\",\"datePublished\":\"2025-10-08T06:33:52+00:00\",\"dateModified\":\"2026-04-07T07:14:51+00:00\",\"description\":\"WOOPIE magnetiniai statybiniai blokai 3D mokomasis rinkinys Kulodrom rutulinis takelis 113 vnt. - KidsPlay. Did\u017eiausias vaik\u0173 \u017eaisl\u0173 pasirinkimas.\",\"breadcrumb\":{\"@id\":\"https:\\\/\\\/kidsplay.lt\\\/produktas\\\/woopie-magnetiniai-statybiniai-blokai-3d-mokomasis-rinkinys-kulodrom-rutulinis-takelis-113-vnt\\\/#breadcrumb\"},\"inLanguage\":\"lv-LV\",\"potentialAction\":[{\"@type\":\"ReadAction\",\"target\":[\"https:\\\/\\\/kidsplay.lt\\\/produktas\\\/woopie-magnetiniai-statybiniai-blokai-3d-mokomasis-rinkinys-kulodrom-rutulinis-takelis-113-vnt\\\/\"]}]},{\"@type\":\"ImageObject\",\"inLanguage\":\"lv-LV\",\"@id\":\"https:\\\/\\\/kidsplay.lt\\\/produktas\\\/woopie-magnetiniai-statybiniai-blokai-3d-mokomasis-rinkinys-kulodrom-rutulinis-takelis-113-vnt\\\/#primaryimage\",\"url\":\"https:\\\/\\\/kidsplay.lt\\\/wp-content\\\/uploads\\\/2025\\\/09\\\/WOOPIE-magnetiniai-konstruktoriai-3D-edukacinis-rinkinys-kamuoliuku-begimui-113-vnt.jpg\",\"contentUrl\":\"https:\\\/\\\/kidsplay.lt\\\/wp-content\\\/uploads\\\/2025\\\/09\\\/WOOPIE-magnetiniai-konstruktoriai-3D-edukacinis-rinkinys-kamuoliuku-begimui-113-vnt.jpg\",\"width\":1000,\"height\":1000,\"caption\":\"WOOPIE magnetiniai statybiniai blokai 3D mokomasis rinkinys Kulodrom rutulinis takelis 113 vnt.\"},{\"@type\":\"BreadcrumbList\",\"@id\":\"https:\\\/\\\/kidsplay.lt\\\/produktas\\\/woopie-magnetiniai-statybiniai-blokai-3d-mokomasis-rinkinys-kulodrom-rutulinis-takelis-113-vnt\\\/#breadcrumb\",\"itemListElement\":[{\"@type\":\"ListItem\",\"position\":1,\"name\":\"Pagrindinis\",\"item\":\"https:\\\/\\\/kidsplay.lt\\\/\"},{\"@type\":\"ListItem\",\"position\":2,\"name\":\"Parduotuv\u0117\",\"item\":\"https:\\\/\\\/kidsplay.lt\\\/parduotuve\\\/\"},{\"@type\":\"ListItem\",\"position\":3,\"name\":\"WOOPIE magnetiniai statybiniai blokai 3D mokomasis rinkinys Kulodrom rutulinis takelis 113 vnt.\"}]},{\"@type\":\"WebSite\",\"@id\":\"https:\\\/\\\/kidsplay.lt\\\/#website\",\"url\":\"https:\\\/\\\/kidsplay.lt\\\/\",\"name\":\"Kidsplay.lt\",\"description\":\"\u012evairios prek\u0117s vaikams\",\"publisher\":{\"@id\":\"https:\\\/\\\/kidsplay.lt\\\/#organization\"},\"alternateName\":\"Kidsplay\",\"potentialAction\":[{\"@type\":\"SearchAction\",\"target\":{\"@type\":\"EntryPoint\",\"urlTemplate\":\"https:\\\/\\\/kidsplay.lt\\\/?s={search_term_string}\"},\"query-input\":{\"@type\":\"PropertyValueSpecification\",\"valueRequired\":true,\"valueName\":\"search_term_string\"}}],\"inLanguage\":\"lv-LV\"},{\"@type\":\"Organization\",\"@id\":\"https:\\\/\\\/kidsplay.lt\\\/#organization\",\"name\":\"KidsPlay\",\"url\":\"https:\\\/\\\/kidsplay.lt\\\/\",\"logo\":{\"@type\":\"ImageObject\",\"inLanguage\":\"lv-LV\",\"@id\":\"https:\\\/\\\/kidsplay.lt\\\/#\\\/schema\\\/logo\\\/image\\\/\",\"url\":\"https:\\\/\\\/kidsplay.lt\\\/wp-content\\\/uploads\\\/2023\\\/07\\\/kidsplay-logo.png\",\"contentUrl\":\"https:\\\/\\\/kidsplay.lt\\\/wp-content\\\/uploads\\\/2023\\\/07\\\/kidsplay-logo.png\",\"width\":451,\"height\":98,\"caption\":\"KidsPlay\"},\"image\":{\"@id\":\"https:\\\/\\\/kidsplay.lt\\\/#\\\/schema\\\/logo\\\/image\\\/\"},\"sameAs\":[\"https:\\\/\\\/www.facebook.com\\\/www.kidsplay.lt\"]}]}<\/script>\n<!-- \/ Yoast SEO plugin. -->","yoast_head_json":{"title":"WOOPIE magnetiniai statybiniai blokai 3D mokomasis rinkinys Kulodrom rutulinis takelis 113 vnt.","description":"WOOPIE magnetiniai statybiniai blokai 3D mokomasis rinkinys Kulodrom rutulinis takelis 113 vnt. - KidsPlay. Did\u017eiausias vaik\u0173 \u017eaisl\u0173 pasirinkimas.","robots":{"index":"index","follow":"follow","max-snippet":"max-snippet:-1","max-image-preview":"max-image-preview:large","max-video-preview":"max-video-preview:-1"},"canonical":"https:\/\/kidsplay.lt\/lv\/products\/woopie-magnetiniai-statybiniai-blokai-3d-mokomasis-rinkinys-kulodrom-rutulinis-takelis-113-vnt\/","og_locale":"lv_LV","og_type":"article","og_title":"WOOPIE magnetiniai statybiniai blokai 3D mokomasis rinkinys Kulodrom rutulinis takelis 113 vnt.","og_description":"WOOPIE magnetiniai statybiniai blokai 3D mokomasis rinkinys Kulodrom rutulinis takelis 113 vnt. - KidsPlay. Did\u017eiausias vaik\u0173 \u017eaisl\u0173 pasirinkimas.","og_url":"https:\/\/kidsplay.lt\/lv\/products\/woopie-magnetiniai-statybiniai-blokai-3d-mokomasis-rinkinys-kulodrom-rutulinis-takelis-113-vnt\/","og_site_name":"KidsPlay","article_publisher":"https:\/\/www.facebook.com\/www.kidsplay.lt","article_modified_time":"2026-04-07T07:14:51+00:00","og_image":[{"width":1000,"height":1000,"url":"https:\/\/kidsplay.lt\/wp-content\/uploads\/2025\/09\/WOOPIE-magnetiniai-konstruktoriai-3D-edukacinis-rinkinys-kamuoliuku-begimui-113-vnt.jpg","type":"image\/jpeg"}],"twitter_card":"summary_large_image","twitter_misc":{"Est. reading time":"1 min\u016bte"},"schema":{"@context":"https:\/\/schema.org","@graph":[{"@type":"WebPage","@id":"https:\/\/kidsplay.lt\/produktas\/woopie-magnetiniai-statybiniai-blokai-3d-mokomasis-rinkinys-kulodrom-rutulinis-takelis-113-vnt\/","url":"https:\/\/kidsplay.lt\/produktas\/woopie-magnetiniai-statybiniai-blokai-3d-mokomasis-rinkinys-kulodrom-rutulinis-takelis-113-vnt\/","name":"WOOPIE magnetiniai statybiniai blokai 3D mokomasis rinkinys Kulodrom rutulinis takelis 113 vnt.","isPartOf":{"@id":"https:\/\/kidsplay.lt\/#website"},"primaryImageOfPage":{"@id":"https:\/\/kidsplay.lt\/produktas\/woopie-magnetiniai-statybiniai-blokai-3d-mokomasis-rinkinys-kulodrom-rutulinis-takelis-113-vnt\/#primaryimage"},"image":{"@id":"https:\/\/kidsplay.lt\/produktas\/woopie-magnetiniai-statybiniai-blokai-3d-mokomasis-rinkinys-kulodrom-rutulinis-takelis-113-vnt\/#primaryimage"},"thumbnailUrl":"https:\/\/kidsplay.lt\/wp-content\/uploads\/2025\/09\/WOOPIE-magnetiniai-konstruktoriai-3D-edukacinis-rinkinys-kamuoliuku-begimui-113-vnt.jpg","datePublished":"2025-10-08T06:33:52+00:00","dateModified":"2026-04-07T07:14:51+00:00","description":"WOOPIE magnetiniai statybiniai blokai 3D mokomasis rinkinys Kulodrom rutulinis takelis 113 vnt. - KidsPlay. Did\u017eiausias vaik\u0173 \u017eaisl\u0173 pasirinkimas.","breadcrumb":{"@id":"https:\/\/kidsplay.lt\/produktas\/woopie-magnetiniai-statybiniai-blokai-3d-mokomasis-rinkinys-kulodrom-rutulinis-takelis-113-vnt\/#breadcrumb"},"inLanguage":"lv-LV","potentialAction":[{"@type":"ReadAction","target":["https:\/\/kidsplay.lt\/produktas\/woopie-magnetiniai-statybiniai-blokai-3d-mokomasis-rinkinys-kulodrom-rutulinis-takelis-113-vnt\/"]}]},{"@type":"ImageObject","inLanguage":"lv-LV","@id":"https:\/\/kidsplay.lt\/produktas\/woopie-magnetiniai-statybiniai-blokai-3d-mokomasis-rinkinys-kulodrom-rutulinis-takelis-113-vnt\/#primaryimage","url":"https:\/\/kidsplay.lt\/wp-content\/uploads\/2025\/09\/WOOPIE-magnetiniai-konstruktoriai-3D-edukacinis-rinkinys-kamuoliuku-begimui-113-vnt.jpg","contentUrl":"https:\/\/kidsplay.lt\/wp-content\/uploads\/2025\/09\/WOOPIE-magnetiniai-konstruktoriai-3D-edukacinis-rinkinys-kamuoliuku-begimui-113-vnt.jpg","width":1000,"height":1000,"caption":"WOOPIE magnetiniai statybiniai blokai 3D mokomasis rinkinys Kulodrom rutulinis takelis 113 vnt."},{"@type":"BreadcrumbList","@id":"https:\/\/kidsplay.lt\/produktas\/woopie-magnetiniai-statybiniai-blokai-3d-mokomasis-rinkinys-kulodrom-rutulinis-takelis-113-vnt\/#breadcrumb","itemListElement":[{"@type":"ListItem","position":1,"name":"Pagrindinis","item":"https:\/\/kidsplay.lt\/"},{"@type":"ListItem","position":2,"name":"Parduotuv\u0117","item":"https:\/\/kidsplay.lt\/parduotuve\/"},{"@type":"ListItem","position":3,"name":"WOOPIE magnetiniai statybiniai blokai 3D mokomasis rinkinys Kulodrom rutulinis takelis 113 vnt."}]},{"@type":"WebSite","@id":"https:\/\/kidsplay.lt\/#website","url":"https:\/\/kidsplay.lt\/","name":"B\u0113rnu sp\u0113les.lv","description":"\u012evairios prek\u0117s vaikams","publisher":{"@id":"https:\/\/kidsplay.lt\/#organization"},"alternateName":"Kidsplay","potentialAction":[{"@type":"SearchAction","target":{"@type":"EntryPoint","urlTemplate":"https:\/\/kidsplay.lt\/?s={search_term_string}"},"query-input":{"@type":"PropertyValueSpecification","valueRequired":true,"valueName":"search_term_string"}}],"inLanguage":"lv-LV"},{"@type":"Organization","@id":"https:\/\/kidsplay.lt\/#organization","name":"B\u0113rnu sp\u0113le","url":"https:\/\/kidsplay.lt\/","logo":{"@type":"ImageObject","inLanguage":"lv-LV","@id":"https:\/\/kidsplay.lt\/#\/schema\/logo\/image\/","url":"https:\/\/kidsplay.lt\/wp-content\/uploads\/2023\/07\/kidsplay-logo.png","contentUrl":"https:\/\/kidsplay.lt\/wp-content\/uploads\/2023\/07\/kidsplay-logo.png","width":451,"height":98,"caption":"KidsPlay"},"image":{"@id":"https:\/\/kidsplay.lt\/#\/schema\/logo\/image\/"},"sameAs":["https:\/\/www.facebook.com\/www.kidsplay.lt"]}]}},"_links":{"self":[{"href":"https:\/\/kidsplay.lt\/lv\/wp-json\/wp\/v2\/product\/75290","targetHints":{"allow":["GET"]}}],"collection":[{"href":"https:\/\/kidsplay.lt\/lv\/wp-json\/wp\/v2\/product"}],"about":[{"href":"https:\/\/kidsplay.lt\/lv\/wp-json\/wp\/v2\/types\/product"}],"version-history":[{"count":1,"href":"https:\/\/kidsplay.lt\/lv\/wp-json\/wp\/v2\/product\/75290\/revisions"}],"predecessor-version":[{"id":75291,"href":"https:\/\/kidsplay.lt\/lv\/wp-json\/wp\/v2\/product\/75290\/revisions\/75291"}],"wp:featuredmedia":[{"embeddable":true,"href":"https:\/\/kidsplay.lt\/lv\/wp-json\/wp\/v2\/media\/61665"}],"wp:attachment":[{"href":"https:\/\/kidsplay.lt\/lv\/wp-json\/wp\/v2\/media?parent=75290"}],"wp:term":[{"taxonomy":"product_brand","embeddable":true,"href":"https:\/\/kidsplay.lt\/lv\/wp-json\/wp\/v2\/product_brand?post=75290"},{"taxonomy":"product_cat","embeddable":true,"href":"https:\/\/kidsplay.lt\/lv\/wp-json\/wp\/v2\/product_cat?post=75290"},{"taxonomy":"product_tag","embeddable":true,"href":"https:\/\/kidsplay.lt\/lv\/wp-json\/wp\/v2\/product_tag?post=75290"}],"curies":[{"name":"wp","href":"https:\/\/api.w.org\/{rel}","templated":true}]}}