{"id":75292,"date":"2025-10-08T09:33:57","date_gmt":"2025-10-08T06:33:57","guid":{"rendered":"https:\/\/kidsplay.lt\/produktas\/woopie-magnetiniai-statybiniai-blokai-3d-mokomasis-rinkinys-kulodrom-rutulinis-takelis-126el-el\/"},"modified":"2026-04-07T11:27:08","modified_gmt":"2026-04-07T08:27:08","slug":"woopie-magnetinis-kulodrom-rutulinis-takelis-126el","status":"publish","type":"product","link":"https:\/\/kidsplay.lt\/lv\/products\/woopie-magnetinis-kulodrom-rutulinis-takelis-126el\/","title":{"rendered":"WOOPIE magnetinis Kulodrom rutulinis takelis 126el."},"content":{"rendered":"<p>Atraskite tikr\u0105 k\u016brybi\u0161kumo ir in\u017einerijos roj\u0173 su rinkiniu\u00a03d magnetin\u0117s konstrukcijos blokai\u00a0i\u0161 mark\u0117s\u00a0Woopie! \u0160is \u012fsp\u016bdingas rinkinys, kur\u012f sudaro\u00a0126 prek\u0117s\u00a0tai leid\u017eia sukurti plat\u0173, keli\u0173 lygi\u0173\u00a0kamuolio takelis\u00a0ir fantasti\u0161kos erdvin\u0117s strukt\u016bros.\u00a0Skaidrios, magnetin\u0117s plytel\u0117s ir \u012fvair\u016bs takelio elementai\u00a0in\u00a0intensyvios spalvos\u00a0jie garantuoja valandas \u012ftraukian\u010dio \u017eaidimo, kurio metu vaikai prakti\u0161kai i\u0161moks fizikos pagrind\u0173 ir gravitacijos princip\u0173. Tai idealus b\u016bdas lavinti login\u012f m\u0105stym\u0105, erdvin\u0119 vaizduot\u0119 ir rankinius \u012fg\u016bd\u017eius. \u0160is rinkinys &#8211; vartai \u012f neribot\u0173 dizaino galimybi\u0173 pasaul\u012f!<\/p>\n<p>Raksturojums:<\/p>\n<p>&#8211; Tinka\u00a0vaikai nuo 3 met\u0173<br \/>\n&#8211; Patvarus plastikas\u00a0su \u012fmontuotais saugiais magnetais<br \/>\n&#8211;\u00a0Magnetiniai blokai\u00a03D konstrukcinis, modulinis rutulinis takelis<br \/>\n&#8211;\u00a0Didelis element\u0173 skai\u010dius\u00a0(126 vnt), skaidr\u016bs takelio elementai<br \/>\n&#8211;\u00a0Form\u0173 ir spalv\u0173 \u012fvairov\u0117<br \/>\n&#8211;\u00a0Galimyb\u0117 kurti\u00a0sud\u0117tingi ir stabil\u016bs pastatai<br \/>\n&#8211;\u00a0Patogi sand\u0117liavimo pakuot\u0117<\/p>\n<p>Komplekt\u0101 ietilpst:<\/p>\n<p>&#8211;\u00a0I\u0161 viso 126 skirtingi magnetiniai konstrukciniai elementai ir rutulinio takelio elementai<br \/>\n&#8211;\u00a0Vik\u0161r\u0173 elementai, tokie kaip latakai, pos\u016bkiai, vamzd\u017eiai<br \/>\n&#8211;\u00a0Kamuoliai\/rutuliai trasai<br \/>\n&#8211;\u00a0Statybos instrukcijos arba projekt\u0173 pavyzd\u017eiai<\/p>\n<p>Rota\u013clieta att\u012bst\u0101s:<\/p>\n<p>&#8211;\u00a0K\u016brybi\u0161kumas ir vaizduot\u0117<br \/>\n&#8211;\u00a0Loginis ir erdvinis m\u0105stymas<br \/>\n&#8211;\u00a0Rankiniai \u012fg\u016bd\u017eiai ir tikslumas<br \/>\n&#8211;\u00a0Fizikos pagrind\u0173 supratimas<br \/>\n&#8211;\u00a0Koncentracija ir kantryb\u0117<br \/>\n&#8211;\u00a0Statybos ir in\u017einerijos \u012fg\u016bd\u017eiai<\/p>","protected":false},"excerpt":{"rendered":"<p>Atraskite tikr\u0105 k\u016brybi\u0161kumo ir in\u017einerijos roj\u0173 su rinkiniu\u00a03d magnetin\u0117s konstrukcijos blokai\u00a0i\u0161 mark\u0117s\u00a0Woopie! \u0160is \u012fsp\u016bdingas rinkinys, kur\u012f sudaro\u00a0126 prek\u0117s\u00a0tai leid\u017eia sukurti<\/p>","protected":false},"featured_media":75294,"template":"","meta":{"_acf_changed":false,"_glsr_average":0,"_glsr_ranking":0,"_glsr_reviews":0},"product_brand":[],"product_cat":[72,446,229],"product_tag":[],"class_list":{"0":"post-75292","1":"product","2":"type-product","3":"status-publish","4":"has-post-thumbnail","6":"product_cat-ispardavimas","7":"product_cat-konstruktoriai","8":"product_cat-zaislai-vaikams","9":"\"style=\"background-color: #2ecc711c;\"","11":"first","12":"instock","13":"sale","14":"purchasable","15":"product-type-simple"},"acf":[],"yoast_head":"<!-- This site is optimized with the Yoast SEO plugin v27.3 - https:\/\/yoast.com\/product\/yoast-seo-wordpress\/ -->\n<title>WOOPIE magnetiniai statybiniai blokai 3D mokomasis rinkinys Kulodrom rutulinis takelis 126el.el.<\/title>\n<meta name=\"description\" content=\"WOOPIE magnetiniai statybiniai blokai 3D mokomasis rinkinys Kulodrom rutulinis takelis 126el.el. - KidsPlay. Did\u017eiausias vaik\u0173 \u017eaisl\u0173 pasirinkimas.\" \/>\n<meta name=\"robots\" content=\"index, follow, max-snippet:-1, max-image-preview:large, max-video-preview:-1\" \/>\n<link rel=\"canonical\" href=\"https:\/\/kidsplay.lt\/lv\/products\/woopie-magnetinis-kulodrom-rutulinis-takelis-126el\/\" \/>\n<meta property=\"og:locale\" content=\"lv_LV\" \/>\n<meta property=\"og:type\" content=\"article\" \/>\n<meta property=\"og:title\" content=\"WOOPIE magnetiniai statybiniai blokai 3D mokomasis rinkinys Kulodrom rutulinis takelis 126el.el.\" \/>\n<meta property=\"og:description\" content=\"WOOPIE magnetiniai statybiniai blokai 3D mokomasis rinkinys Kulodrom rutulinis takelis 126el.el. - KidsPlay. Did\u017eiausias vaik\u0173 \u017eaisl\u0173 pasirinkimas.\" \/>\n<meta property=\"og:url\" content=\"https:\/\/kidsplay.lt\/lv\/products\/woopie-magnetinis-kulodrom-rutulinis-takelis-126el\/\" \/>\n<meta property=\"og:site_name\" content=\"KidsPlay\" \/>\n<meta property=\"article:publisher\" content=\"https:\/\/www.facebook.com\/www.kidsplay.lt\" \/>\n<meta property=\"article:modified_time\" content=\"2026-04-07T08:27:08+00:00\" \/>\n<meta property=\"og:image\" content=\"https:\/\/kidsplay.lt\/wp-content\/uploads\/2025\/10\/WOOPIE-magnetiniai-statybiniai-blokai-3D-mokomasis-rinkinys-Kulodrom-rutulinis-takelis-126el.el_.jpg\" \/>\n\t<meta property=\"og:image:width\" content=\"1000\" \/>\n\t<meta property=\"og:image:height\" content=\"1000\" \/>\n\t<meta property=\"og:image:type\" content=\"image\/jpeg\" \/>\n<meta name=\"twitter:card\" content=\"summary_large_image\" \/>\n<meta name=\"twitter:label1\" content=\"Est. reading time\" \/>\n\t<meta name=\"twitter:data1\" content=\"2 min\u016btes\" \/>\n<script type=\"application\/ld+json\" class=\"yoast-schema-graph\">{\"@context\":\"https:\\\/\\\/schema.org\",\"@graph\":[{\"@type\":\"WebPage\",\"@id\":\"https:\\\/\\\/kidsplay.lt\\\/produktas\\\/woopie-magnetinis-kulodrom-rutulinis-takelis-126el\\\/\",\"url\":\"https:\\\/\\\/kidsplay.lt\\\/produktas\\\/woopie-magnetinis-kulodrom-rutulinis-takelis-126el\\\/\",\"name\":\"WOOPIE magnetiniai statybiniai blokai 3D mokomasis rinkinys Kulodrom rutulinis takelis 126el.el.\",\"isPartOf\":{\"@id\":\"https:\\\/\\\/kidsplay.lt\\\/#website\"},\"primaryImageOfPage\":{\"@id\":\"https:\\\/\\\/kidsplay.lt\\\/produktas\\\/woopie-magnetinis-kulodrom-rutulinis-takelis-126el\\\/#primaryimage\"},\"image\":{\"@id\":\"https:\\\/\\\/kidsplay.lt\\\/produktas\\\/woopie-magnetinis-kulodrom-rutulinis-takelis-126el\\\/#primaryimage\"},\"thumbnailUrl\":\"https:\\\/\\\/kidsplay.lt\\\/wp-content\\\/uploads\\\/2025\\\/10\\\/WOOPIE-magnetiniai-statybiniai-blokai-3D-mokomasis-rinkinys-Kulodrom-rutulinis-takelis-126el.el_.jpg\",\"datePublished\":\"2025-10-08T06:33:57+00:00\",\"dateModified\":\"2026-04-07T08:27:08+00:00\",\"description\":\"WOOPIE magnetiniai statybiniai blokai 3D mokomasis rinkinys Kulodrom rutulinis takelis 126el.el. - KidsPlay. Did\u017eiausias vaik\u0173 \u017eaisl\u0173 pasirinkimas.\",\"breadcrumb\":{\"@id\":\"https:\\\/\\\/kidsplay.lt\\\/produktas\\\/woopie-magnetinis-kulodrom-rutulinis-takelis-126el\\\/#breadcrumb\"},\"inLanguage\":\"lv-LV\",\"potentialAction\":[{\"@type\":\"ReadAction\",\"target\":[\"https:\\\/\\\/kidsplay.lt\\\/produktas\\\/woopie-magnetinis-kulodrom-rutulinis-takelis-126el\\\/\"]}]},{\"@type\":\"ImageObject\",\"inLanguage\":\"lv-LV\",\"@id\":\"https:\\\/\\\/kidsplay.lt\\\/produktas\\\/woopie-magnetinis-kulodrom-rutulinis-takelis-126el\\\/#primaryimage\",\"url\":\"https:\\\/\\\/kidsplay.lt\\\/wp-content\\\/uploads\\\/2025\\\/10\\\/WOOPIE-magnetiniai-statybiniai-blokai-3D-mokomasis-rinkinys-Kulodrom-rutulinis-takelis-126el.el_.jpg\",\"contentUrl\":\"https:\\\/\\\/kidsplay.lt\\\/wp-content\\\/uploads\\\/2025\\\/10\\\/WOOPIE-magnetiniai-statybiniai-blokai-3D-mokomasis-rinkinys-Kulodrom-rutulinis-takelis-126el.el_.jpg\",\"width\":1000,\"height\":1000,\"caption\":\"WOOPIE magnetiniai statybiniai blokai 3D mokomasis rinkinys Kulodrom rutulinis takelis 126el.el.\"},{\"@type\":\"BreadcrumbList\",\"@id\":\"https:\\\/\\\/kidsplay.lt\\\/produktas\\\/woopie-magnetinis-kulodrom-rutulinis-takelis-126el\\\/#breadcrumb\",\"itemListElement\":[{\"@type\":\"ListItem\",\"position\":1,\"name\":\"Pagrindinis\",\"item\":\"https:\\\/\\\/kidsplay.lt\\\/\"},{\"@type\":\"ListItem\",\"position\":2,\"name\":\"Parduotuv\u0117\",\"item\":\"https:\\\/\\\/kidsplay.lt\\\/parduotuve\\\/\"},{\"@type\":\"ListItem\",\"position\":3,\"name\":\"WOOPIE magnetinis Kulodrom rutulinis takelis 126el.\"}]},{\"@type\":\"WebSite\",\"@id\":\"https:\\\/\\\/kidsplay.lt\\\/#website\",\"url\":\"https:\\\/\\\/kidsplay.lt\\\/\",\"name\":\"Kidsplay.lt\",\"description\":\"\u012evairios prek\u0117s vaikams\",\"publisher\":{\"@id\":\"https:\\\/\\\/kidsplay.lt\\\/#organization\"},\"alternateName\":\"Kidsplay\",\"potentialAction\":[{\"@type\":\"SearchAction\",\"target\":{\"@type\":\"EntryPoint\",\"urlTemplate\":\"https:\\\/\\\/kidsplay.lt\\\/?s={search_term_string}\"},\"query-input\":{\"@type\":\"PropertyValueSpecification\",\"valueRequired\":true,\"valueName\":\"search_term_string\"}}],\"inLanguage\":\"lv-LV\"},{\"@type\":\"Organization\",\"@id\":\"https:\\\/\\\/kidsplay.lt\\\/#organization\",\"name\":\"KidsPlay\",\"url\":\"https:\\\/\\\/kidsplay.lt\\\/\",\"logo\":{\"@type\":\"ImageObject\",\"inLanguage\":\"lv-LV\",\"@id\":\"https:\\\/\\\/kidsplay.lt\\\/#\\\/schema\\\/logo\\\/image\\\/\",\"url\":\"https:\\\/\\\/kidsplay.lt\\\/wp-content\\\/uploads\\\/2023\\\/07\\\/kidsplay-logo.png\",\"contentUrl\":\"https:\\\/\\\/kidsplay.lt\\\/wp-content\\\/uploads\\\/2023\\\/07\\\/kidsplay-logo.png\",\"width\":451,\"height\":98,\"caption\":\"KidsPlay\"},\"image\":{\"@id\":\"https:\\\/\\\/kidsplay.lt\\\/#\\\/schema\\\/logo\\\/image\\\/\"},\"sameAs\":[\"https:\\\/\\\/www.facebook.com\\\/www.kidsplay.lt\"]}]}<\/script>\n<!-- \/ Yoast SEO plugin. -->","yoast_head_json":{"title":"WOOPIE magnetiniai statybiniai blokai 3D mokomasis rinkinys Kulodrom rutulinis takelis 126el.el.","description":"WOOPIE magnetiniai statybiniai blokai 3D mokomasis rinkinys Kulodrom rutulinis takelis 126el.el. - KidsPlay. Did\u017eiausias vaik\u0173 \u017eaisl\u0173 pasirinkimas.","robots":{"index":"index","follow":"follow","max-snippet":"max-snippet:-1","max-image-preview":"max-image-preview:large","max-video-preview":"max-video-preview:-1"},"canonical":"https:\/\/kidsplay.lt\/lv\/products\/woopie-magnetinis-kulodrom-rutulinis-takelis-126el\/","og_locale":"lv_LV","og_type":"article","og_title":"WOOPIE magnetiniai statybiniai blokai 3D mokomasis rinkinys Kulodrom rutulinis takelis 126el.el.","og_description":"WOOPIE magnetiniai statybiniai blokai 3D mokomasis rinkinys Kulodrom rutulinis takelis 126el.el. - KidsPlay. Did\u017eiausias vaik\u0173 \u017eaisl\u0173 pasirinkimas.","og_url":"https:\/\/kidsplay.lt\/lv\/products\/woopie-magnetinis-kulodrom-rutulinis-takelis-126el\/","og_site_name":"KidsPlay","article_publisher":"https:\/\/www.facebook.com\/www.kidsplay.lt","article_modified_time":"2026-04-07T08:27:08+00:00","og_image":[{"width":1000,"height":1000,"url":"https:\/\/kidsplay.lt\/wp-content\/uploads\/2025\/10\/WOOPIE-magnetiniai-statybiniai-blokai-3D-mokomasis-rinkinys-Kulodrom-rutulinis-takelis-126el.el_.jpg","type":"image\/jpeg"}],"twitter_card":"summary_large_image","twitter_misc":{"Est. reading time":"2 min\u016btes"},"schema":{"@context":"https:\/\/schema.org","@graph":[{"@type":"WebPage","@id":"https:\/\/kidsplay.lt\/produktas\/woopie-magnetinis-kulodrom-rutulinis-takelis-126el\/","url":"https:\/\/kidsplay.lt\/produktas\/woopie-magnetinis-kulodrom-rutulinis-takelis-126el\/","name":"WOOPIE magnetiniai statybiniai blokai 3D mokomasis rinkinys Kulodrom rutulinis takelis 126el.el.","isPartOf":{"@id":"https:\/\/kidsplay.lt\/#website"},"primaryImageOfPage":{"@id":"https:\/\/kidsplay.lt\/produktas\/woopie-magnetinis-kulodrom-rutulinis-takelis-126el\/#primaryimage"},"image":{"@id":"https:\/\/kidsplay.lt\/produktas\/woopie-magnetinis-kulodrom-rutulinis-takelis-126el\/#primaryimage"},"thumbnailUrl":"https:\/\/kidsplay.lt\/wp-content\/uploads\/2025\/10\/WOOPIE-magnetiniai-statybiniai-blokai-3D-mokomasis-rinkinys-Kulodrom-rutulinis-takelis-126el.el_.jpg","datePublished":"2025-10-08T06:33:57+00:00","dateModified":"2026-04-07T08:27:08+00:00","description":"WOOPIE magnetiniai statybiniai blokai 3D mokomasis rinkinys Kulodrom rutulinis takelis 126el.el. - KidsPlay. Did\u017eiausias vaik\u0173 \u017eaisl\u0173 pasirinkimas.","breadcrumb":{"@id":"https:\/\/kidsplay.lt\/produktas\/woopie-magnetinis-kulodrom-rutulinis-takelis-126el\/#breadcrumb"},"inLanguage":"lv-LV","potentialAction":[{"@type":"ReadAction","target":["https:\/\/kidsplay.lt\/produktas\/woopie-magnetinis-kulodrom-rutulinis-takelis-126el\/"]}]},{"@type":"ImageObject","inLanguage":"lv-LV","@id":"https:\/\/kidsplay.lt\/produktas\/woopie-magnetinis-kulodrom-rutulinis-takelis-126el\/#primaryimage","url":"https:\/\/kidsplay.lt\/wp-content\/uploads\/2025\/10\/WOOPIE-magnetiniai-statybiniai-blokai-3D-mokomasis-rinkinys-Kulodrom-rutulinis-takelis-126el.el_.jpg","contentUrl":"https:\/\/kidsplay.lt\/wp-content\/uploads\/2025\/10\/WOOPIE-magnetiniai-statybiniai-blokai-3D-mokomasis-rinkinys-Kulodrom-rutulinis-takelis-126el.el_.jpg","width":1000,"height":1000,"caption":"WOOPIE magnetiniai statybiniai blokai 3D mokomasis rinkinys Kulodrom rutulinis takelis 126el.el."},{"@type":"BreadcrumbList","@id":"https:\/\/kidsplay.lt\/produktas\/woopie-magnetinis-kulodrom-rutulinis-takelis-126el\/#breadcrumb","itemListElement":[{"@type":"ListItem","position":1,"name":"Pagrindinis","item":"https:\/\/kidsplay.lt\/"},{"@type":"ListItem","position":2,"name":"Parduotuv\u0117","item":"https:\/\/kidsplay.lt\/parduotuve\/"},{"@type":"ListItem","position":3,"name":"WOOPIE magnetinis Kulodrom rutulinis takelis 126el."}]},{"@type":"WebSite","@id":"https:\/\/kidsplay.lt\/#website","url":"https:\/\/kidsplay.lt\/","name":"B\u0113rnu sp\u0113les.lv","description":"\u012evairios prek\u0117s vaikams","publisher":{"@id":"https:\/\/kidsplay.lt\/#organization"},"alternateName":"Kidsplay","potentialAction":[{"@type":"SearchAction","target":{"@type":"EntryPoint","urlTemplate":"https:\/\/kidsplay.lt\/?s={search_term_string}"},"query-input":{"@type":"PropertyValueSpecification","valueRequired":true,"valueName":"search_term_string"}}],"inLanguage":"lv-LV"},{"@type":"Organization","@id":"https:\/\/kidsplay.lt\/#organization","name":"B\u0113rnu sp\u0113le","url":"https:\/\/kidsplay.lt\/","logo":{"@type":"ImageObject","inLanguage":"lv-LV","@id":"https:\/\/kidsplay.lt\/#\/schema\/logo\/image\/","url":"https:\/\/kidsplay.lt\/wp-content\/uploads\/2023\/07\/kidsplay-logo.png","contentUrl":"https:\/\/kidsplay.lt\/wp-content\/uploads\/2023\/07\/kidsplay-logo.png","width":451,"height":98,"caption":"KidsPlay"},"image":{"@id":"https:\/\/kidsplay.lt\/#\/schema\/logo\/image\/"},"sameAs":["https:\/\/www.facebook.com\/www.kidsplay.lt"]}]}},"_links":{"self":[{"href":"https:\/\/kidsplay.lt\/lv\/wp-json\/wp\/v2\/product\/75292","targetHints":{"allow":["GET"]}}],"collection":[{"href":"https:\/\/kidsplay.lt\/lv\/wp-json\/wp\/v2\/product"}],"about":[{"href":"https:\/\/kidsplay.lt\/lv\/wp-json\/wp\/v2\/types\/product"}],"version-history":[{"count":3,"href":"https:\/\/kidsplay.lt\/lv\/wp-json\/wp\/v2\/product\/75292\/revisions"}],"predecessor-version":[{"id":82843,"href":"https:\/\/kidsplay.lt\/lv\/wp-json\/wp\/v2\/product\/75292\/revisions\/82843"}],"wp:featuredmedia":[{"embeddable":true,"href":"https:\/\/kidsplay.lt\/lv\/wp-json\/wp\/v2\/media\/75294"}],"wp:attachment":[{"href":"https:\/\/kidsplay.lt\/lv\/wp-json\/wp\/v2\/media?parent=75292"}],"wp:term":[{"taxonomy":"product_brand","embeddable":true,"href":"https:\/\/kidsplay.lt\/lv\/wp-json\/wp\/v2\/product_brand?post=75292"},{"taxonomy":"product_cat","embeddable":true,"href":"https:\/\/kidsplay.lt\/lv\/wp-json\/wp\/v2\/product_cat?post=75292"},{"taxonomy":"product_tag","embeddable":true,"href":"https:\/\/kidsplay.lt\/lv\/wp-json\/wp\/v2\/product_tag?post=75292"}],"curies":[{"name":"wp","href":"https:\/\/api.w.org\/{rel}","templated":true}]}}