{"id":75307,"date":"2025-10-08T09:35:19","date_gmt":"2025-10-08T06:35:19","guid":{"rendered":"https:\/\/kidsplay.lt\/produktas\/woopie-montessori-magnetine-lenta-piesimui\/"},"modified":"2026-04-13T14:36:07","modified_gmt":"2026-04-13T11:36:07","slug":"woopie-montessori-magnetine-lenta-piesimui","status":"publish","type":"product","link":"https:\/\/kidsplay.lt\/lv\/products\/woopie-montessori-magnetine-lenta-piesimui\/","title":{"rendered":"WOOPIE Montessori magn\u0113tisk\u0101 z\u012bm\u0113\u0161anas t\u0101fele"},"content":{"rendered":"<p>Atraskite nepaprast\u0105 magnetini\u0173 ra\u0161t\u0173 pasaul\u012f su masyvu\u00a0magnetin\u0117\u00a0i\u0161 mark\u0117s\u00a0Woopie! \u0160is novatori\u0161kas \u017eaislas leid\u017eia j\u016bs\u0173 vaikui sukurti patrauklias mozaikas, pritraukiant ma\u017eas,\u00a0metaliniai rutuliukai\u00a0naudojant magnetin\u012f ra\u0161ikl\u012f. Tai tobulas produktas dvasia\u00a0Montessori, kuri ne tik ugdo k\u016brybi\u0161kum\u0105, bet ir stiprina\u00a0smulkioji motorika ir rank\u0173 ir aki\u0173 koordinacija\u201e. Jokios netvarkos, joki\u0173 baterij\u0173 ir galimyb\u0117s sukurti begalin\u012f skai\u010di\u0173 ra\u0161t\u0173!<\/p>\n<p>Raksturojums:<\/p>\n<p> \t&#8211;\u00a0Magnetin\u0117 mozaikin\u0117 lenta\u00a0nor\u0117dami sukurti paveiksl\u0117lius i\u0161 kamuoliuk\u0173<br \/>\n \t&#8211; Veikia i\u0161 principo\u00a0magnetin\u0117 trauka, d\u0117l to linksmyb\u0117s yra \u017eavios<br \/>\n \t&#8211;\u00a0Puikiai tinka ma\u017eoms rankyt\u0117ms, Puikiai tinka judesi\u0173 ir sukibimo tikslumui<br \/>\n \t&#8211;\u00a0Saugus ir \u0161varus linksmyb\u0117s\u00a0\u2013 rutuliai yra visam laikui u\u017edaryti lentos viduje<br \/>\n \t&#8211; Puikiai tinka namuose, kelyje, automobilyje<\/p>\n<p>Komplekt\u0101 ietilpst:<\/p>\n<p> \t&#8211; 1 magnetinis masyvas<br \/>\n \t&#8211; 1 magnetinis ra\u0161iklis<br \/>\n \t&#8211; Metaliniai rutuliai, \u012fmontuoti \u012f lent\u0105<\/p>\n<p>Rota\u013clieta att\u012bst\u0101s:<\/p>\n<p> \t&#8211; Rankinis geb\u0117jimas ir judesi\u0173 tikslumas<br \/>\n \t&#8211; Vizualin\u0117-motorin\u0117 koordinacija<br \/>\n \t&#8211; K\u016brybi\u0161kumas ir erdvin\u0117 vaizduot\u0117<br \/>\n \t&#8211; Kantryb\u0117 ir susikaupimas<\/p>","protected":false},"excerpt":{"rendered":"<p>Atraskite nepaprast\u0105 magnetini\u0173 ra\u0161t\u0173 pasaul\u012f su masyvu\u00a0magnetin\u0117\u00a0i\u0161 mark\u0117s\u00a0Woopie! \u0160is novatori\u0161kas \u017eaislas leid\u017eia j\u016bs\u0173 vaikui sukurti patrauklias mozaikas, pritraukiant ma\u017eas,\u00a0metaliniai rutuliukai\u00a0naudojant<\/p>","protected":false},"featured_media":75309,"template":"","meta":{"_acf_changed":false,"_glsr_average":0,"_glsr_ranking":0,"_glsr_reviews":0},"product_brand":[],"product_cat":[388,229],"product_tag":[],"class_list":{"0":"post-75307","1":"product","2":"type-product","3":"status-publish","4":"has-post-thumbnail","6":"product_cat-edukaciniai-lavinamieji-zaislai","7":"product_cat-zaislai-vaikams","8":"\"style=\"background-color: #2ecc711c;\"","10":"first","11":"instock","12":"purchasable","13":"product-type-simple"},"acf":[],"yoast_head":"<!-- This site is optimized with the Yoast SEO plugin v27.4 - https:\/\/yoast.com\/product\/yoast-seo-wordpress\/ -->\n<title>WOOPIE Montessori magnetin\u0117 lenta pie\u0161imui<\/title>\n<meta name=\"description\" content=\"WOOPIE Montessori magnetin\u0117 lenta pie\u0161imui - KidsPlay. Did\u017eiausias vaik\u0173 \u017eaisl\u0173 pasirinkimas.\" \/>\n<meta name=\"robots\" content=\"index, follow, max-snippet:-1, max-image-preview:large, max-video-preview:-1\" \/>\n<link rel=\"canonical\" href=\"https:\/\/kidsplay.lt\/lv\/products\/woopie-montessori-magnetine-lenta-piesimui\/\" \/>\n<meta property=\"og:locale\" content=\"lv_LV\" \/>\n<meta property=\"og:type\" content=\"article\" \/>\n<meta property=\"og:title\" content=\"WOOPIE Montessori magnetin\u0117 lenta pie\u0161imui\" \/>\n<meta property=\"og:description\" content=\"WOOPIE Montessori magnetin\u0117 lenta pie\u0161imui - KidsPlay. Did\u017eiausias vaik\u0173 \u017eaisl\u0173 pasirinkimas.\" \/>\n<meta property=\"og:url\" content=\"https:\/\/kidsplay.lt\/lv\/products\/woopie-montessori-magnetine-lenta-piesimui\/\" \/>\n<meta property=\"og:site_name\" content=\"KidsPlay\" \/>\n<meta property=\"article:publisher\" content=\"https:\/\/www.facebook.com\/www.kidsplay.lt\" \/>\n<meta property=\"article:modified_time\" content=\"2026-04-13T11:36:07+00:00\" \/>\n<meta property=\"og:image\" content=\"https:\/\/kidsplay.lt\/wp-content\/uploads\/2025\/10\/WOOPIE-Montessori-magnetine-lenta-piesimui.jpg\" \/>\n\t<meta property=\"og:image:width\" content=\"1000\" \/>\n\t<meta property=\"og:image:height\" content=\"1000\" \/>\n\t<meta property=\"og:image:type\" content=\"image\/jpeg\" \/>\n<meta name=\"twitter:card\" content=\"summary_large_image\" \/>\n<meta name=\"twitter:label1\" content=\"Est. reading time\" \/>\n\t<meta name=\"twitter:data1\" content=\"1 min\u016bte\" \/>\n<script type=\"application\/ld+json\" class=\"yoast-schema-graph\">{\"@context\":\"https:\\\/\\\/schema.org\",\"@graph\":[{\"@type\":\"WebPage\",\"@id\":\"https:\\\/\\\/kidsplay.lt\\\/produktas\\\/woopie-montessori-magnetine-lenta-piesimui\\\/\",\"url\":\"https:\\\/\\\/kidsplay.lt\\\/produktas\\\/woopie-montessori-magnetine-lenta-piesimui\\\/\",\"name\":\"WOOPIE Montessori magnetin\u0117 lenta pie\u0161imui\",\"isPartOf\":{\"@id\":\"https:\\\/\\\/kidsplay.lt\\\/#website\"},\"primaryImageOfPage\":{\"@id\":\"https:\\\/\\\/kidsplay.lt\\\/produktas\\\/woopie-montessori-magnetine-lenta-piesimui\\\/#primaryimage\"},\"image\":{\"@id\":\"https:\\\/\\\/kidsplay.lt\\\/produktas\\\/woopie-montessori-magnetine-lenta-piesimui\\\/#primaryimage\"},\"thumbnailUrl\":\"https:\\\/\\\/kidsplay.lt\\\/wp-content\\\/uploads\\\/2025\\\/10\\\/WOOPIE-Montessori-magnetine-lenta-piesimui.jpg\",\"datePublished\":\"2025-10-08T06:35:19+00:00\",\"dateModified\":\"2026-04-13T11:36:07+00:00\",\"description\":\"WOOPIE Montessori magnetin\u0117 lenta pie\u0161imui - KidsPlay. Did\u017eiausias vaik\u0173 \u017eaisl\u0173 pasirinkimas.\",\"breadcrumb\":{\"@id\":\"https:\\\/\\\/kidsplay.lt\\\/produktas\\\/woopie-montessori-magnetine-lenta-piesimui\\\/#breadcrumb\"},\"inLanguage\":\"lv-LV\",\"potentialAction\":[{\"@type\":\"ReadAction\",\"target\":[\"https:\\\/\\\/kidsplay.lt\\\/produktas\\\/woopie-montessori-magnetine-lenta-piesimui\\\/\"]}]},{\"@type\":\"ImageObject\",\"inLanguage\":\"lv-LV\",\"@id\":\"https:\\\/\\\/kidsplay.lt\\\/produktas\\\/woopie-montessori-magnetine-lenta-piesimui\\\/#primaryimage\",\"url\":\"https:\\\/\\\/kidsplay.lt\\\/wp-content\\\/uploads\\\/2025\\\/10\\\/WOOPIE-Montessori-magnetine-lenta-piesimui.jpg\",\"contentUrl\":\"https:\\\/\\\/kidsplay.lt\\\/wp-content\\\/uploads\\\/2025\\\/10\\\/WOOPIE-Montessori-magnetine-lenta-piesimui.jpg\",\"width\":1000,\"height\":1000,\"caption\":\"WOOPIE Montessori magnetin\u0117 lenta pie\u0161imui\"},{\"@type\":\"BreadcrumbList\",\"@id\":\"https:\\\/\\\/kidsplay.lt\\\/produktas\\\/woopie-montessori-magnetine-lenta-piesimui\\\/#breadcrumb\",\"itemListElement\":[{\"@type\":\"ListItem\",\"position\":1,\"name\":\"Pagrindinis\",\"item\":\"https:\\\/\\\/kidsplay.lt\\\/\"},{\"@type\":\"ListItem\",\"position\":2,\"name\":\"Parduotuv\u0117\",\"item\":\"https:\\\/\\\/kidsplay.lt\\\/parduotuve\\\/\"},{\"@type\":\"ListItem\",\"position\":3,\"name\":\"WOOPIE Montessori magnetin\u0117 lenta pie\u0161imui\"}]},{\"@type\":\"WebSite\",\"@id\":\"https:\\\/\\\/kidsplay.lt\\\/#website\",\"url\":\"https:\\\/\\\/kidsplay.lt\\\/\",\"name\":\"Kidsplay.lt\",\"description\":\"\u012evairios prek\u0117s vaikams\",\"publisher\":{\"@id\":\"https:\\\/\\\/kidsplay.lt\\\/#organization\"},\"alternateName\":\"Kidsplay\",\"potentialAction\":[{\"@type\":\"SearchAction\",\"target\":{\"@type\":\"EntryPoint\",\"urlTemplate\":\"https:\\\/\\\/kidsplay.lt\\\/?s={search_term_string}\"},\"query-input\":{\"@type\":\"PropertyValueSpecification\",\"valueRequired\":true,\"valueName\":\"search_term_string\"}}],\"inLanguage\":\"lv-LV\"},{\"@type\":\"Organization\",\"@id\":\"https:\\\/\\\/kidsplay.lt\\\/#organization\",\"name\":\"KidsPlay\",\"url\":\"https:\\\/\\\/kidsplay.lt\\\/\",\"logo\":{\"@type\":\"ImageObject\",\"inLanguage\":\"lv-LV\",\"@id\":\"https:\\\/\\\/kidsplay.lt\\\/#\\\/schema\\\/logo\\\/image\\\/\",\"url\":\"https:\\\/\\\/kidsplay.lt\\\/wp-content\\\/uploads\\\/2023\\\/07\\\/kidsplay-logo.png\",\"contentUrl\":\"https:\\\/\\\/kidsplay.lt\\\/wp-content\\\/uploads\\\/2023\\\/07\\\/kidsplay-logo.png\",\"width\":451,\"height\":98,\"caption\":\"KidsPlay\"},\"image\":{\"@id\":\"https:\\\/\\\/kidsplay.lt\\\/#\\\/schema\\\/logo\\\/image\\\/\"},\"sameAs\":[\"https:\\\/\\\/www.facebook.com\\\/www.kidsplay.lt\"]}]}<\/script>\n<!-- \/ Yoast SEO plugin. -->","yoast_head_json":{"title":"WOOPIE Montessori magn\u0113tisk\u0101 z\u012bm\u0113\u0161anas t\u0101fele","description":"WOOPIE Montessori magnetin\u0117 lenta pie\u0161imui - KidsPlay. Did\u017eiausias vaik\u0173 \u017eaisl\u0173 pasirinkimas.","robots":{"index":"index","follow":"follow","max-snippet":"max-snippet:-1","max-image-preview":"max-image-preview:large","max-video-preview":"max-video-preview:-1"},"canonical":"https:\/\/kidsplay.lt\/lv\/products\/woopie-montessori-magnetine-lenta-piesimui\/","og_locale":"lv_LV","og_type":"article","og_title":"WOOPIE Montessori magnetin\u0117 lenta pie\u0161imui","og_description":"WOOPIE Montessori magnetin\u0117 lenta pie\u0161imui - KidsPlay. Did\u017eiausias vaik\u0173 \u017eaisl\u0173 pasirinkimas.","og_url":"https:\/\/kidsplay.lt\/lv\/products\/woopie-montessori-magnetine-lenta-piesimui\/","og_site_name":"KidsPlay","article_publisher":"https:\/\/www.facebook.com\/www.kidsplay.lt","article_modified_time":"2026-04-13T11:36:07+00:00","og_image":[{"width":1000,"height":1000,"url":"https:\/\/kidsplay.lt\/wp-content\/uploads\/2025\/10\/WOOPIE-Montessori-magnetine-lenta-piesimui.jpg","type":"image\/jpeg"}],"twitter_card":"summary_large_image","twitter_misc":{"Est. reading time":"1 min\u016bte"},"schema":{"@context":"https:\/\/schema.org","@graph":[{"@type":"WebPage","@id":"https:\/\/kidsplay.lt\/produktas\/woopie-montessori-magnetine-lenta-piesimui\/","url":"https:\/\/kidsplay.lt\/produktas\/woopie-montessori-magnetine-lenta-piesimui\/","name":"WOOPIE Montessori magn\u0113tisk\u0101 z\u012bm\u0113\u0161anas t\u0101fele","isPartOf":{"@id":"https:\/\/kidsplay.lt\/#website"},"primaryImageOfPage":{"@id":"https:\/\/kidsplay.lt\/produktas\/woopie-montessori-magnetine-lenta-piesimui\/#primaryimage"},"image":{"@id":"https:\/\/kidsplay.lt\/produktas\/woopie-montessori-magnetine-lenta-piesimui\/#primaryimage"},"thumbnailUrl":"https:\/\/kidsplay.lt\/wp-content\/uploads\/2025\/10\/WOOPIE-Montessori-magnetine-lenta-piesimui.jpg","datePublished":"2025-10-08T06:35:19+00:00","dateModified":"2026-04-13T11:36:07+00:00","description":"WOOPIE Montessori magnetin\u0117 lenta pie\u0161imui - KidsPlay. Did\u017eiausias vaik\u0173 \u017eaisl\u0173 pasirinkimas.","breadcrumb":{"@id":"https:\/\/kidsplay.lt\/produktas\/woopie-montessori-magnetine-lenta-piesimui\/#breadcrumb"},"inLanguage":"lv-LV","potentialAction":[{"@type":"ReadAction","target":["https:\/\/kidsplay.lt\/produktas\/woopie-montessori-magnetine-lenta-piesimui\/"]}]},{"@type":"ImageObject","inLanguage":"lv-LV","@id":"https:\/\/kidsplay.lt\/produktas\/woopie-montessori-magnetine-lenta-piesimui\/#primaryimage","url":"https:\/\/kidsplay.lt\/wp-content\/uploads\/2025\/10\/WOOPIE-Montessori-magnetine-lenta-piesimui.jpg","contentUrl":"https:\/\/kidsplay.lt\/wp-content\/uploads\/2025\/10\/WOOPIE-Montessori-magnetine-lenta-piesimui.jpg","width":1000,"height":1000,"caption":"WOOPIE Montessori magnetin\u0117 lenta pie\u0161imui"},{"@type":"BreadcrumbList","@id":"https:\/\/kidsplay.lt\/produktas\/woopie-montessori-magnetine-lenta-piesimui\/#breadcrumb","itemListElement":[{"@type":"ListItem","position":1,"name":"Pagrindinis","item":"https:\/\/kidsplay.lt\/"},{"@type":"ListItem","position":2,"name":"Parduotuv\u0117","item":"https:\/\/kidsplay.lt\/parduotuve\/"},{"@type":"ListItem","position":3,"name":"WOOPIE Montessori magnetin\u0117 lenta pie\u0161imui"}]},{"@type":"WebSite","@id":"https:\/\/kidsplay.lt\/#website","url":"https:\/\/kidsplay.lt\/","name":"B\u0113rnu sp\u0113les.lv","description":"\u012evairios prek\u0117s vaikams","publisher":{"@id":"https:\/\/kidsplay.lt\/#organization"},"alternateName":"Kidsplay","potentialAction":[{"@type":"SearchAction","target":{"@type":"EntryPoint","urlTemplate":"https:\/\/kidsplay.lt\/?s={search_term_string}"},"query-input":{"@type":"PropertyValueSpecification","valueRequired":true,"valueName":"search_term_string"}}],"inLanguage":"lv-LV"},{"@type":"Organization","@id":"https:\/\/kidsplay.lt\/#organization","name":"B\u0113rnu sp\u0113le","url":"https:\/\/kidsplay.lt\/","logo":{"@type":"ImageObject","inLanguage":"lv-LV","@id":"https:\/\/kidsplay.lt\/#\/schema\/logo\/image\/","url":"https:\/\/kidsplay.lt\/wp-content\/uploads\/2023\/07\/kidsplay-logo.png","contentUrl":"https:\/\/kidsplay.lt\/wp-content\/uploads\/2023\/07\/kidsplay-logo.png","width":451,"height":98,"caption":"KidsPlay"},"image":{"@id":"https:\/\/kidsplay.lt\/#\/schema\/logo\/image\/"},"sameAs":["https:\/\/www.facebook.com\/www.kidsplay.lt"]}]}},"_links":{"self":[{"href":"https:\/\/kidsplay.lt\/lv\/wp-json\/wp\/v2\/product\/75307","targetHints":{"allow":["GET"]}}],"collection":[{"href":"https:\/\/kidsplay.lt\/lv\/wp-json\/wp\/v2\/product"}],"about":[{"href":"https:\/\/kidsplay.lt\/lv\/wp-json\/wp\/v2\/types\/product"}],"version-history":[{"count":1,"href":"https:\/\/kidsplay.lt\/lv\/wp-json\/wp\/v2\/product\/75307\/revisions"}],"predecessor-version":[{"id":75308,"href":"https:\/\/kidsplay.lt\/lv\/wp-json\/wp\/v2\/product\/75307\/revisions\/75308"}],"wp:featuredmedia":[{"embeddable":true,"href":"https:\/\/kidsplay.lt\/lv\/wp-json\/wp\/v2\/media\/75309"}],"wp:attachment":[{"href":"https:\/\/kidsplay.lt\/lv\/wp-json\/wp\/v2\/media?parent=75307"}],"wp:term":[{"taxonomy":"product_brand","embeddable":true,"href":"https:\/\/kidsplay.lt\/lv\/wp-json\/wp\/v2\/product_brand?post=75307"},{"taxonomy":"product_cat","embeddable":true,"href":"https:\/\/kidsplay.lt\/lv\/wp-json\/wp\/v2\/product_cat?post=75307"},{"taxonomy":"product_tag","embeddable":true,"href":"https:\/\/kidsplay.lt\/lv\/wp-json\/wp\/v2\/product_tag?post=75307"}],"curies":[{"name":"wp","href":"https:\/\/api.w.org\/{rel}","templated":true}]}}