{"id":75312,"date":"2025-10-08T09:35:37","date_gmt":"2025-10-08T06:35:37","guid":{"rendered":"https:\/\/kidsplay.lt\/produktas\/woopie-vandens-pistoletas-elektrinis-automatinis-merkurijus\/"},"modified":"2026-04-07T10:15:24","modified_gmt":"2026-04-07T07:15:24","slug":"woopie-vandens-pistoletas-elektrinis-automatinis-merkurijus","status":"publish","type":"product","link":"https:\/\/kidsplay.lt\/lv\/products\/woopie-vandens-pistoletas-elektrinis-automatinis-merkurijus\/","title":{"rendered":"WOOPIE vandens pistoletas Elektrinis automatinis Merkurijus"},"content":{"rendered":"<p>Elektrinis vandens pistoletas\u00a0GYVSIDABRIS 02\u00a0i\u0161 mark\u0117s\u00a0Woopie\u00a0tai puikus \u017eaislas saul\u0117toms vasaros dienoms! U\u017e grojim\u0105 tiek vienam, tiek grup\u0117je. \u0160is modelis sukurtas maksimaliam vartotojo patogumui. \u2013 yra \u012frengtos trys kei\u010diamos vandens talpyklos, leid\u017eian\u010dios ilgai \u017eaisti be da\u017eno \u201e\u0161audmen\u0173\u201c papildymo. Be to, \u012fmontuota 2200mAh baterija suteikia daug minu\u010di\u0173 nepertraukiamo veikimo po vieno \u012fkrovimo per pridedam\u0105 USB kabel\u012f. Elektrinis vandens pistoletas leis aktyviai leisti laik\u0105 lauke ir suteiks daug linksmybi\u0173 bei juoko tiek vaikams, tiek suaugusiems.<\/p>\n<p>Raksturojums:<\/p>\n<p> \t&#8211; Vaiki\u0161kas \u017eaislas\u00a0nuo 6 met\u0173 am\u017eiaus<br \/>\n \t&#8211;\u00a0Automatinis \u0161audymas vandeniu\u00a0\u2013 be vargo, be siurbimo<br \/>\n \t&#8211;\u00a0Efektyvi 2200mAh baterija\u00a0\u2013 ilgas linksmas laikas u\u017e vien\u0105 mokest\u012f<br \/>\n \t&#8211; \u012ekrovimas per USB \u2013 patogus b\u016bdas papildyti baterij\u0105<br \/>\n \t&#8211;\u00a0Trys kei\u010diami bakai\u00a0ant vandens \u2013 smagiau, ma\u017eiau pertrauk\u0173<br \/>\n \t&#8211; LED indikatorius \u2013 baterijos lygio informacija<br \/>\n \t&#8211; Ergonomi\u0161kas dizainas \u2013 patogus valdymas net jaunesniems vaikams<br \/>\n \t&#8211; Futuristin\u0117 i\u0161vaizda i\u0161skiria j\u012f i\u0161 \u012fprast\u0173 vandens ginkl\u0173<\/p>\n<p>Komplekt\u0101 ietilpst:<\/p>\n<p> \t&#8211; MERCURY 02 elektrinis pistoletas<br \/>\n \t&#8211; 3 vandens talpyklos<br \/>\n \t&#8211; USB \u012fkrovimo kabelis<br \/>\n \t&#8211; Pe\u010di\u0173 pistoleto pakabos dir\u017eelis<br \/>\n \t&#8211; Naudotojo vadovas<\/p>\n<p>Rota\u013clieta att\u012bst\u0101s:<\/p>\n<p> \t&#8211; Rankinis miklumas ir refleksai<br \/>\n \t&#8211; Rank\u0173 ir aki\u0173 koordinavimas<br \/>\n \t&#8211;\u00a0Judumas ir fizinis aktyvumas<br \/>\n \t&#8211; Socialiniai \u012fg\u016bd\u017eiai \u017eaid\u017eiant kartu<\/p>","protected":false},"excerpt":{"rendered":"<p>5906280656348<\/p>","protected":false},"featured_media":75314,"template":"","meta":{"_acf_changed":false,"_glsr_average":0,"_glsr_ranking":0,"_glsr_reviews":0},"product_brand":[],"product_cat":[233,457,390,229],"product_tag":[],"class_list":{"0":"post-75312","1":"product","2":"type-product","3":"status-publish","4":"has-post-thumbnail","6":"product_cat-lauko-pramogos","7":"product_cat-sautuvai","8":"product_cat-vandens-pramogos","9":"product_cat-zaislai-vaikams","10":"\"style=\"background-color: #2ecc711c;\"","12":"first","13":"instock","14":"purchasable","15":"product-type-simple"},"acf":[],"yoast_head":"<!-- This site is optimized with the Yoast SEO plugin v27.3 - https:\/\/yoast.com\/product\/yoast-seo-wordpress\/ -->\n<title>WOOPIE vandens pistoletas Elektrinis automatinis Merkurijus<\/title>\n<meta name=\"description\" content=\"WOOPIE vandens pistoletas Elektrinis automatinis Merkurijus - KidsPlay. Did\u017eiausias vaik\u0173 \u017eaisl\u0173 pasirinkimas.\" \/>\n<meta name=\"robots\" content=\"index, follow, max-snippet:-1, max-image-preview:large, max-video-preview:-1\" \/>\n<link rel=\"canonical\" href=\"https:\/\/kidsplay.lt\/lv\/products\/woopie-vandens-pistoletas-elektrinis-automatinis-merkurijus\/\" \/>\n<meta property=\"og:locale\" content=\"lv_LV\" \/>\n<meta property=\"og:type\" content=\"article\" \/>\n<meta property=\"og:title\" content=\"WOOPIE vandens pistoletas Elektrinis automatinis Merkurijus\" \/>\n<meta property=\"og:description\" content=\"WOOPIE vandens pistoletas Elektrinis automatinis Merkurijus - KidsPlay. Did\u017eiausias vaik\u0173 \u017eaisl\u0173 pasirinkimas.\" \/>\n<meta property=\"og:url\" content=\"https:\/\/kidsplay.lt\/lv\/products\/woopie-vandens-pistoletas-elektrinis-automatinis-merkurijus\/\" \/>\n<meta property=\"og:site_name\" content=\"KidsPlay\" \/>\n<meta property=\"article:publisher\" content=\"https:\/\/www.facebook.com\/www.kidsplay.lt\" \/>\n<meta property=\"article:modified_time\" content=\"2026-04-07T07:15:24+00:00\" \/>\n<meta property=\"og:image\" content=\"https:\/\/kidsplay.lt\/wp-content\/uploads\/2025\/10\/WOOPIE-vandens-pistoletas-Elektrinis-automatinis-Merkurijus.jpg\" \/>\n\t<meta property=\"og:image:width\" content=\"1000\" \/>\n\t<meta property=\"og:image:height\" content=\"1000\" \/>\n\t<meta property=\"og:image:type\" content=\"image\/jpeg\" \/>\n<meta name=\"twitter:card\" content=\"summary_large_image\" \/>\n<meta name=\"twitter:label1\" content=\"Est. reading time\" \/>\n\t<meta name=\"twitter:data1\" content=\"1 min\u016bte\" \/>\n<script type=\"application\/ld+json\" class=\"yoast-schema-graph\">{\"@context\":\"https:\\\/\\\/schema.org\",\"@graph\":[{\"@type\":\"WebPage\",\"@id\":\"https:\\\/\\\/kidsplay.lt\\\/produktas\\\/woopie-vandens-pistoletas-elektrinis-automatinis-merkurijus\\\/\",\"url\":\"https:\\\/\\\/kidsplay.lt\\\/produktas\\\/woopie-vandens-pistoletas-elektrinis-automatinis-merkurijus\\\/\",\"name\":\"WOOPIE vandens pistoletas Elektrinis automatinis Merkurijus\",\"isPartOf\":{\"@id\":\"https:\\\/\\\/kidsplay.lt\\\/#website\"},\"primaryImageOfPage\":{\"@id\":\"https:\\\/\\\/kidsplay.lt\\\/produktas\\\/woopie-vandens-pistoletas-elektrinis-automatinis-merkurijus\\\/#primaryimage\"},\"image\":{\"@id\":\"https:\\\/\\\/kidsplay.lt\\\/produktas\\\/woopie-vandens-pistoletas-elektrinis-automatinis-merkurijus\\\/#primaryimage\"},\"thumbnailUrl\":\"https:\\\/\\\/kidsplay.lt\\\/wp-content\\\/uploads\\\/2025\\\/10\\\/WOOPIE-vandens-pistoletas-Elektrinis-automatinis-Merkurijus.jpg\",\"datePublished\":\"2025-10-08T06:35:37+00:00\",\"dateModified\":\"2026-04-07T07:15:24+00:00\",\"description\":\"WOOPIE vandens pistoletas Elektrinis automatinis Merkurijus - KidsPlay. Did\u017eiausias vaik\u0173 \u017eaisl\u0173 pasirinkimas.\",\"breadcrumb\":{\"@id\":\"https:\\\/\\\/kidsplay.lt\\\/produktas\\\/woopie-vandens-pistoletas-elektrinis-automatinis-merkurijus\\\/#breadcrumb\"},\"inLanguage\":\"lv-LV\",\"potentialAction\":[{\"@type\":\"ReadAction\",\"target\":[\"https:\\\/\\\/kidsplay.lt\\\/produktas\\\/woopie-vandens-pistoletas-elektrinis-automatinis-merkurijus\\\/\"]}]},{\"@type\":\"ImageObject\",\"inLanguage\":\"lv-LV\",\"@id\":\"https:\\\/\\\/kidsplay.lt\\\/produktas\\\/woopie-vandens-pistoletas-elektrinis-automatinis-merkurijus\\\/#primaryimage\",\"url\":\"https:\\\/\\\/kidsplay.lt\\\/wp-content\\\/uploads\\\/2025\\\/10\\\/WOOPIE-vandens-pistoletas-Elektrinis-automatinis-Merkurijus.jpg\",\"contentUrl\":\"https:\\\/\\\/kidsplay.lt\\\/wp-content\\\/uploads\\\/2025\\\/10\\\/WOOPIE-vandens-pistoletas-Elektrinis-automatinis-Merkurijus.jpg\",\"width\":1000,\"height\":1000,\"caption\":\"WOOPIE vandens pistoletas Elektrinis automatinis Merkurijus\"},{\"@type\":\"BreadcrumbList\",\"@id\":\"https:\\\/\\\/kidsplay.lt\\\/produktas\\\/woopie-vandens-pistoletas-elektrinis-automatinis-merkurijus\\\/#breadcrumb\",\"itemListElement\":[{\"@type\":\"ListItem\",\"position\":1,\"name\":\"Pagrindinis\",\"item\":\"https:\\\/\\\/kidsplay.lt\\\/\"},{\"@type\":\"ListItem\",\"position\":2,\"name\":\"Parduotuv\u0117\",\"item\":\"https:\\\/\\\/kidsplay.lt\\\/parduotuve\\\/\"},{\"@type\":\"ListItem\",\"position\":3,\"name\":\"WOOPIE vandens pistoletas Elektrinis automatinis Merkurijus\"}]},{\"@type\":\"WebSite\",\"@id\":\"https:\\\/\\\/kidsplay.lt\\\/#website\",\"url\":\"https:\\\/\\\/kidsplay.lt\\\/\",\"name\":\"Kidsplay.lt\",\"description\":\"\u012evairios prek\u0117s vaikams\",\"publisher\":{\"@id\":\"https:\\\/\\\/kidsplay.lt\\\/#organization\"},\"alternateName\":\"Kidsplay\",\"potentialAction\":[{\"@type\":\"SearchAction\",\"target\":{\"@type\":\"EntryPoint\",\"urlTemplate\":\"https:\\\/\\\/kidsplay.lt\\\/?s={search_term_string}\"},\"query-input\":{\"@type\":\"PropertyValueSpecification\",\"valueRequired\":true,\"valueName\":\"search_term_string\"}}],\"inLanguage\":\"lv-LV\"},{\"@type\":\"Organization\",\"@id\":\"https:\\\/\\\/kidsplay.lt\\\/#organization\",\"name\":\"KidsPlay\",\"url\":\"https:\\\/\\\/kidsplay.lt\\\/\",\"logo\":{\"@type\":\"ImageObject\",\"inLanguage\":\"lv-LV\",\"@id\":\"https:\\\/\\\/kidsplay.lt\\\/#\\\/schema\\\/logo\\\/image\\\/\",\"url\":\"https:\\\/\\\/kidsplay.lt\\\/wp-content\\\/uploads\\\/2023\\\/07\\\/kidsplay-logo.png\",\"contentUrl\":\"https:\\\/\\\/kidsplay.lt\\\/wp-content\\\/uploads\\\/2023\\\/07\\\/kidsplay-logo.png\",\"width\":451,\"height\":98,\"caption\":\"KidsPlay\"},\"image\":{\"@id\":\"https:\\\/\\\/kidsplay.lt\\\/#\\\/schema\\\/logo\\\/image\\\/\"},\"sameAs\":[\"https:\\\/\\\/www.facebook.com\\\/www.kidsplay.lt\"]}]}<\/script>\n<!-- \/ Yoast SEO plugin. -->","yoast_head_json":{"title":"WOOPIE vandens pistoletas Elektrinis automatinis Merkurijus","description":"WOOPIE vandens pistoletas Elektrinis automatinis Merkurijus - KidsPlay. Did\u017eiausias vaik\u0173 \u017eaisl\u0173 pasirinkimas.","robots":{"index":"index","follow":"follow","max-snippet":"max-snippet:-1","max-image-preview":"max-image-preview:large","max-video-preview":"max-video-preview:-1"},"canonical":"https:\/\/kidsplay.lt\/lv\/products\/woopie-vandens-pistoletas-elektrinis-automatinis-merkurijus\/","og_locale":"lv_LV","og_type":"article","og_title":"WOOPIE vandens pistoletas Elektrinis automatinis Merkurijus","og_description":"WOOPIE vandens pistoletas Elektrinis automatinis Merkurijus - KidsPlay. Did\u017eiausias vaik\u0173 \u017eaisl\u0173 pasirinkimas.","og_url":"https:\/\/kidsplay.lt\/lv\/products\/woopie-vandens-pistoletas-elektrinis-automatinis-merkurijus\/","og_site_name":"KidsPlay","article_publisher":"https:\/\/www.facebook.com\/www.kidsplay.lt","article_modified_time":"2026-04-07T07:15:24+00:00","og_image":[{"width":1000,"height":1000,"url":"https:\/\/kidsplay.lt\/wp-content\/uploads\/2025\/10\/WOOPIE-vandens-pistoletas-Elektrinis-automatinis-Merkurijus.jpg","type":"image\/jpeg"}],"twitter_card":"summary_large_image","twitter_misc":{"Est. reading time":"1 min\u016bte"},"schema":{"@context":"https:\/\/schema.org","@graph":[{"@type":"WebPage","@id":"https:\/\/kidsplay.lt\/produktas\/woopie-vandens-pistoletas-elektrinis-automatinis-merkurijus\/","url":"https:\/\/kidsplay.lt\/produktas\/woopie-vandens-pistoletas-elektrinis-automatinis-merkurijus\/","name":"WOOPIE vandens pistoletas Elektrinis automatinis Merkurijus","isPartOf":{"@id":"https:\/\/kidsplay.lt\/#website"},"primaryImageOfPage":{"@id":"https:\/\/kidsplay.lt\/produktas\/woopie-vandens-pistoletas-elektrinis-automatinis-merkurijus\/#primaryimage"},"image":{"@id":"https:\/\/kidsplay.lt\/produktas\/woopie-vandens-pistoletas-elektrinis-automatinis-merkurijus\/#primaryimage"},"thumbnailUrl":"https:\/\/kidsplay.lt\/wp-content\/uploads\/2025\/10\/WOOPIE-vandens-pistoletas-Elektrinis-automatinis-Merkurijus.jpg","datePublished":"2025-10-08T06:35:37+00:00","dateModified":"2026-04-07T07:15:24+00:00","description":"WOOPIE vandens pistoletas Elektrinis automatinis Merkurijus - KidsPlay. Did\u017eiausias vaik\u0173 \u017eaisl\u0173 pasirinkimas.","breadcrumb":{"@id":"https:\/\/kidsplay.lt\/produktas\/woopie-vandens-pistoletas-elektrinis-automatinis-merkurijus\/#breadcrumb"},"inLanguage":"lv-LV","potentialAction":[{"@type":"ReadAction","target":["https:\/\/kidsplay.lt\/produktas\/woopie-vandens-pistoletas-elektrinis-automatinis-merkurijus\/"]}]},{"@type":"ImageObject","inLanguage":"lv-LV","@id":"https:\/\/kidsplay.lt\/produktas\/woopie-vandens-pistoletas-elektrinis-automatinis-merkurijus\/#primaryimage","url":"https:\/\/kidsplay.lt\/wp-content\/uploads\/2025\/10\/WOOPIE-vandens-pistoletas-Elektrinis-automatinis-Merkurijus.jpg","contentUrl":"https:\/\/kidsplay.lt\/wp-content\/uploads\/2025\/10\/WOOPIE-vandens-pistoletas-Elektrinis-automatinis-Merkurijus.jpg","width":1000,"height":1000,"caption":"WOOPIE vandens pistoletas Elektrinis automatinis Merkurijus"},{"@type":"BreadcrumbList","@id":"https:\/\/kidsplay.lt\/produktas\/woopie-vandens-pistoletas-elektrinis-automatinis-merkurijus\/#breadcrumb","itemListElement":[{"@type":"ListItem","position":1,"name":"Pagrindinis","item":"https:\/\/kidsplay.lt\/"},{"@type":"ListItem","position":2,"name":"Parduotuv\u0117","item":"https:\/\/kidsplay.lt\/parduotuve\/"},{"@type":"ListItem","position":3,"name":"WOOPIE vandens pistoletas Elektrinis automatinis Merkurijus"}]},{"@type":"WebSite","@id":"https:\/\/kidsplay.lt\/#website","url":"https:\/\/kidsplay.lt\/","name":"B\u0113rnu sp\u0113les.lv","description":"\u012evairios prek\u0117s vaikams","publisher":{"@id":"https:\/\/kidsplay.lt\/#organization"},"alternateName":"Kidsplay","potentialAction":[{"@type":"SearchAction","target":{"@type":"EntryPoint","urlTemplate":"https:\/\/kidsplay.lt\/?s={search_term_string}"},"query-input":{"@type":"PropertyValueSpecification","valueRequired":true,"valueName":"search_term_string"}}],"inLanguage":"lv-LV"},{"@type":"Organization","@id":"https:\/\/kidsplay.lt\/#organization","name":"B\u0113rnu sp\u0113le","url":"https:\/\/kidsplay.lt\/","logo":{"@type":"ImageObject","inLanguage":"lv-LV","@id":"https:\/\/kidsplay.lt\/#\/schema\/logo\/image\/","url":"https:\/\/kidsplay.lt\/wp-content\/uploads\/2023\/07\/kidsplay-logo.png","contentUrl":"https:\/\/kidsplay.lt\/wp-content\/uploads\/2023\/07\/kidsplay-logo.png","width":451,"height":98,"caption":"KidsPlay"},"image":{"@id":"https:\/\/kidsplay.lt\/#\/schema\/logo\/image\/"},"sameAs":["https:\/\/www.facebook.com\/www.kidsplay.lt"]}]}},"_links":{"self":[{"href":"https:\/\/kidsplay.lt\/lv\/wp-json\/wp\/v2\/product\/75312","targetHints":{"allow":["GET"]}}],"collection":[{"href":"https:\/\/kidsplay.lt\/lv\/wp-json\/wp\/v2\/product"}],"about":[{"href":"https:\/\/kidsplay.lt\/lv\/wp-json\/wp\/v2\/types\/product"}],"version-history":[{"count":2,"href":"https:\/\/kidsplay.lt\/lv\/wp-json\/wp\/v2\/product\/75312\/revisions"}],"predecessor-version":[{"id":76800,"href":"https:\/\/kidsplay.lt\/lv\/wp-json\/wp\/v2\/product\/75312\/revisions\/76800"}],"wp:featuredmedia":[{"embeddable":true,"href":"https:\/\/kidsplay.lt\/lv\/wp-json\/wp\/v2\/media\/75314"}],"wp:attachment":[{"href":"https:\/\/kidsplay.lt\/lv\/wp-json\/wp\/v2\/media?parent=75312"}],"wp:term":[{"taxonomy":"product_brand","embeddable":true,"href":"https:\/\/kidsplay.lt\/lv\/wp-json\/wp\/v2\/product_brand?post=75312"},{"taxonomy":"product_cat","embeddable":true,"href":"https:\/\/kidsplay.lt\/lv\/wp-json\/wp\/v2\/product_cat?post=75312"},{"taxonomy":"product_tag","embeddable":true,"href":"https:\/\/kidsplay.lt\/lv\/wp-json\/wp\/v2\/product_tag?post=75312"}],"curies":[{"name":"wp","href":"https:\/\/api.w.org\/{rel}","templated":true}]}}