{"id":75317,"date":"2025-10-08T09:36:04","date_gmt":"2025-10-08T06:36:04","guid":{"rendered":"https:\/\/kidsplay.lt\/produktas\/woopie-rotary-zaidimas-anti-streso-delione\/"},"modified":"2026-04-07T10:15:35","modified_gmt":"2026-04-07T07:15:35","slug":"woopie-rotary-zaidimas-anti-streso-delione","status":"publish","type":"product","link":"https:\/\/kidsplay.lt\/lv\/products\/woopie-rotary-zaidimas-anti-streso-delione\/","title":{"rendered":"WOOPIE Rotary \u017daidimas Anti-streso D\u0117lion\u0117"},"content":{"rendered":"<p>Magi\u0161kos pupel\u0117s d\u0117lion\u0117 Pentagonas\u00a0i\u0161 mark\u0117s\u00a0Woopie\u00a0tai nepaprasta\u00a0d\u0117lion\u0117s \u017eaislas, derinantis antistresin\u0117s d\u0117lion\u0117s funkcij\u0105\u00a0ir\u00a0besivystantis edukacinis \u017eaidimas\u201e. A\u010di\u016b\u00a0dvigubi puslapiai\u00a0o su spalvingais kamuoliukais vaikai gali suktis ir perkelti elementus \u012fvairiomis kryptimis, kurdami savo derinius. \u017daisliukas\u00a0palaiko koncentracij\u0105, logi\u0161k\u0105\u00a0m\u0105stymas ir k\u016brybi\u0161kumas, ir tuo pa\u010diu metu jis turi atpalaiduojant\u012f poveik\u012f.<\/p>\n<p>Raksturojums:<\/p>\n<p> \t&#8211; Puzzle fidget \u017eaislas \u2013 d\u0117lion\u0117 ir antistresas viename<br \/>\n \t&#8211; Penki\u0173 \u017eiedlapi\u0173 g\u0117l\u0117s forma<br \/>\n \t&#8211; Dvigubas puslapis \u2013 dar daugiau kombinacij\u0173<br \/>\n \t&#8211; Rutuliai juda pagal laikrod\u017eio rodykl\u0119 ir prie\u0161 laikrod\u017eio rodykl\u0119<br \/>\n \t&#8211; Kompakti\u0161kas dydis \u2013 14 \u00d7 14 \u00d7 3 cm<br \/>\n \t&#8211; Yra \u012fvairi\u0173 spalv\u0173 (m\u0117lyna, ro\u017ein\u0117, oran\u017ein\u0117)<br \/>\n \t&#8211; Auk\u0161tos kokyb\u0117s, saugus ABS plastikas<br \/>\n \t&#8211; Sukurta 3+ vaikams ir suaugusiems<\/p>\n<p>Rota\u013clieta att\u012bst\u0101s:<\/p>\n<p> \t&#8211; Koncentracija ir suvokimas<br \/>\n \t&#8211; Rankiniai geb\u0117jimai ir variklio koordinavimas<br \/>\n \t&#8211; Loginis m\u0105stymas ir planavimas<br \/>\n \t&#8211; K\u016brybi\u0161kumas kuriant savo maketus<br \/>\n \t&#8211; Streso valdymas ir atsipalaidavimas<\/p>","protected":false},"excerpt":{"rendered":"<p>Magi\u0161kos pupel\u0117s d\u0117lion\u0117 Pentagonas\u00a0i\u0161 mark\u0117s\u00a0Woopie\u00a0tai nepaprasta\u00a0d\u0117lion\u0117s \u017eaislas, derinantis antistresin\u0117s d\u0117lion\u0117s funkcij\u0105\u00a0ir\u00a0besivystantis edukacinis \u017eaidimas\u201e. A\u010di\u016b\u00a0dvigubi puslapiai\u00a0o su spalvingais kamuoliukais vaikai gali<\/p>","protected":false},"featured_media":75319,"template":"","meta":{"_acf_changed":false,"_glsr_average":0,"_glsr_ranking":0,"_glsr_reviews":0},"product_brand":[],"product_cat":[388,229],"product_tag":[],"class_list":{"0":"post-75317","1":"product","2":"type-product","3":"status-publish","4":"has-post-thumbnail","6":"product_cat-edukaciniai-lavinamieji-zaislai","7":"product_cat-zaislai-vaikams","8":"\"style=\"background-color: #2ecc711c;\"","10":"first","11":"instock","12":"purchasable","13":"product-type-simple"},"acf":[],"yoast_head":"<!-- This site is optimized with the Yoast SEO plugin v27.3 - https:\/\/yoast.com\/product\/yoast-seo-wordpress\/ -->\n<title>WOOPIE Rotary \u017daidimas Anti-streso D\u0117lion\u0117<\/title>\n<meta name=\"description\" content=\"WOOPIE Rotary \u017daidimas Anti-streso D\u0117lion\u0117 - KidsPlay. Did\u017eiausias vaik\u0173 \u017eaisl\u0173 pasirinkimas.\" \/>\n<meta name=\"robots\" content=\"index, follow, max-snippet:-1, max-image-preview:large, max-video-preview:-1\" \/>\n<link rel=\"canonical\" href=\"https:\/\/kidsplay.lt\/lv\/products\/woopie-rotary-zaidimas-anti-streso-delione\/\" \/>\n<meta property=\"og:locale\" content=\"lv_LV\" \/>\n<meta property=\"og:type\" content=\"article\" \/>\n<meta property=\"og:title\" content=\"WOOPIE Rotary \u017daidimas Anti-streso D\u0117lion\u0117\" \/>\n<meta property=\"og:description\" content=\"WOOPIE Rotary \u017daidimas Anti-streso D\u0117lion\u0117 - KidsPlay. Did\u017eiausias vaik\u0173 \u017eaisl\u0173 pasirinkimas.\" \/>\n<meta property=\"og:url\" content=\"https:\/\/kidsplay.lt\/lv\/products\/woopie-rotary-zaidimas-anti-streso-delione\/\" \/>\n<meta property=\"og:site_name\" content=\"KidsPlay\" \/>\n<meta property=\"article:publisher\" content=\"https:\/\/www.facebook.com\/www.kidsplay.lt\" \/>\n<meta property=\"article:modified_time\" content=\"2026-04-07T07:15:35+00:00\" \/>\n<meta property=\"og:image\" content=\"https:\/\/kidsplay.lt\/wp-content\/uploads\/2025\/10\/WOOPIE-Rotary-Zaidimas-Anti-streso-Delione.jpg\" \/>\n\t<meta property=\"og:image:width\" content=\"1000\" \/>\n\t<meta property=\"og:image:height\" content=\"1000\" \/>\n\t<meta property=\"og:image:type\" content=\"image\/jpeg\" \/>\n<meta name=\"twitter:card\" content=\"summary_large_image\" \/>\n<meta name=\"twitter:label1\" content=\"Est. reading time\" \/>\n\t<meta name=\"twitter:data1\" content=\"1 min\u016bte\" \/>\n<script type=\"application\/ld+json\" class=\"yoast-schema-graph\">{\"@context\":\"https:\\\/\\\/schema.org\",\"@graph\":[{\"@type\":\"WebPage\",\"@id\":\"https:\\\/\\\/kidsplay.lt\\\/produktas\\\/woopie-rotary-zaidimas-anti-streso-delione\\\/\",\"url\":\"https:\\\/\\\/kidsplay.lt\\\/produktas\\\/woopie-rotary-zaidimas-anti-streso-delione\\\/\",\"name\":\"WOOPIE Rotary \u017daidimas Anti-streso D\u0117lion\u0117\",\"isPartOf\":{\"@id\":\"https:\\\/\\\/kidsplay.lt\\\/#website\"},\"primaryImageOfPage\":{\"@id\":\"https:\\\/\\\/kidsplay.lt\\\/produktas\\\/woopie-rotary-zaidimas-anti-streso-delione\\\/#primaryimage\"},\"image\":{\"@id\":\"https:\\\/\\\/kidsplay.lt\\\/produktas\\\/woopie-rotary-zaidimas-anti-streso-delione\\\/#primaryimage\"},\"thumbnailUrl\":\"https:\\\/\\\/kidsplay.lt\\\/wp-content\\\/uploads\\\/2025\\\/10\\\/WOOPIE-Rotary-Zaidimas-Anti-streso-Delione.jpg\",\"datePublished\":\"2025-10-08T06:36:04+00:00\",\"dateModified\":\"2026-04-07T07:15:35+00:00\",\"description\":\"WOOPIE Rotary \u017daidimas Anti-streso D\u0117lion\u0117 - KidsPlay. Did\u017eiausias vaik\u0173 \u017eaisl\u0173 pasirinkimas.\",\"breadcrumb\":{\"@id\":\"https:\\\/\\\/kidsplay.lt\\\/produktas\\\/woopie-rotary-zaidimas-anti-streso-delione\\\/#breadcrumb\"},\"inLanguage\":\"lv-LV\",\"potentialAction\":[{\"@type\":\"ReadAction\",\"target\":[\"https:\\\/\\\/kidsplay.lt\\\/produktas\\\/woopie-rotary-zaidimas-anti-streso-delione\\\/\"]}]},{\"@type\":\"ImageObject\",\"inLanguage\":\"lv-LV\",\"@id\":\"https:\\\/\\\/kidsplay.lt\\\/produktas\\\/woopie-rotary-zaidimas-anti-streso-delione\\\/#primaryimage\",\"url\":\"https:\\\/\\\/kidsplay.lt\\\/wp-content\\\/uploads\\\/2025\\\/10\\\/WOOPIE-Rotary-Zaidimas-Anti-streso-Delione.jpg\",\"contentUrl\":\"https:\\\/\\\/kidsplay.lt\\\/wp-content\\\/uploads\\\/2025\\\/10\\\/WOOPIE-Rotary-Zaidimas-Anti-streso-Delione.jpg\",\"width\":1000,\"height\":1000,\"caption\":\"WOOPIE Rotary \u017daidimas Anti-streso D\u0117lion\u0117\"},{\"@type\":\"BreadcrumbList\",\"@id\":\"https:\\\/\\\/kidsplay.lt\\\/produktas\\\/woopie-rotary-zaidimas-anti-streso-delione\\\/#breadcrumb\",\"itemListElement\":[{\"@type\":\"ListItem\",\"position\":1,\"name\":\"Pagrindinis\",\"item\":\"https:\\\/\\\/kidsplay.lt\\\/\"},{\"@type\":\"ListItem\",\"position\":2,\"name\":\"Parduotuv\u0117\",\"item\":\"https:\\\/\\\/kidsplay.lt\\\/parduotuve\\\/\"},{\"@type\":\"ListItem\",\"position\":3,\"name\":\"WOOPIE Rotary \u017daidimas Anti-streso D\u0117lion\u0117\"}]},{\"@type\":\"WebSite\",\"@id\":\"https:\\\/\\\/kidsplay.lt\\\/#website\",\"url\":\"https:\\\/\\\/kidsplay.lt\\\/\",\"name\":\"Kidsplay.lt\",\"description\":\"\u012evairios prek\u0117s vaikams\",\"publisher\":{\"@id\":\"https:\\\/\\\/kidsplay.lt\\\/#organization\"},\"alternateName\":\"Kidsplay\",\"potentialAction\":[{\"@type\":\"SearchAction\",\"target\":{\"@type\":\"EntryPoint\",\"urlTemplate\":\"https:\\\/\\\/kidsplay.lt\\\/?s={search_term_string}\"},\"query-input\":{\"@type\":\"PropertyValueSpecification\",\"valueRequired\":true,\"valueName\":\"search_term_string\"}}],\"inLanguage\":\"lv-LV\"},{\"@type\":\"Organization\",\"@id\":\"https:\\\/\\\/kidsplay.lt\\\/#organization\",\"name\":\"KidsPlay\",\"url\":\"https:\\\/\\\/kidsplay.lt\\\/\",\"logo\":{\"@type\":\"ImageObject\",\"inLanguage\":\"lv-LV\",\"@id\":\"https:\\\/\\\/kidsplay.lt\\\/#\\\/schema\\\/logo\\\/image\\\/\",\"url\":\"https:\\\/\\\/kidsplay.lt\\\/wp-content\\\/uploads\\\/2023\\\/07\\\/kidsplay-logo.png\",\"contentUrl\":\"https:\\\/\\\/kidsplay.lt\\\/wp-content\\\/uploads\\\/2023\\\/07\\\/kidsplay-logo.png\",\"width\":451,\"height\":98,\"caption\":\"KidsPlay\"},\"image\":{\"@id\":\"https:\\\/\\\/kidsplay.lt\\\/#\\\/schema\\\/logo\\\/image\\\/\"},\"sameAs\":[\"https:\\\/\\\/www.facebook.com\\\/www.kidsplay.lt\"]}]}<\/script>\n<!-- \/ Yoast SEO plugin. -->","yoast_head_json":{"title":"WOOPIE Rotary \u017daidimas Anti-streso D\u0117lion\u0117","description":"WOOPIE Rotary \u017daidimas Anti-streso D\u0117lion\u0117 - KidsPlay. Did\u017eiausias vaik\u0173 \u017eaisl\u0173 pasirinkimas.","robots":{"index":"index","follow":"follow","max-snippet":"max-snippet:-1","max-image-preview":"max-image-preview:large","max-video-preview":"max-video-preview:-1"},"canonical":"https:\/\/kidsplay.lt\/lv\/products\/woopie-rotary-zaidimas-anti-streso-delione\/","og_locale":"lv_LV","og_type":"article","og_title":"WOOPIE Rotary \u017daidimas Anti-streso D\u0117lion\u0117","og_description":"WOOPIE Rotary \u017daidimas Anti-streso D\u0117lion\u0117 - KidsPlay. Did\u017eiausias vaik\u0173 \u017eaisl\u0173 pasirinkimas.","og_url":"https:\/\/kidsplay.lt\/lv\/products\/woopie-rotary-zaidimas-anti-streso-delione\/","og_site_name":"KidsPlay","article_publisher":"https:\/\/www.facebook.com\/www.kidsplay.lt","article_modified_time":"2026-04-07T07:15:35+00:00","og_image":[{"width":1000,"height":1000,"url":"https:\/\/kidsplay.lt\/wp-content\/uploads\/2025\/10\/WOOPIE-Rotary-Zaidimas-Anti-streso-Delione.jpg","type":"image\/jpeg"}],"twitter_card":"summary_large_image","twitter_misc":{"Est. reading time":"1 min\u016bte"},"schema":{"@context":"https:\/\/schema.org","@graph":[{"@type":"WebPage","@id":"https:\/\/kidsplay.lt\/produktas\/woopie-rotary-zaidimas-anti-streso-delione\/","url":"https:\/\/kidsplay.lt\/produktas\/woopie-rotary-zaidimas-anti-streso-delione\/","name":"WOOPIE Rotary \u017daidimas Anti-streso D\u0117lion\u0117","isPartOf":{"@id":"https:\/\/kidsplay.lt\/#website"},"primaryImageOfPage":{"@id":"https:\/\/kidsplay.lt\/produktas\/woopie-rotary-zaidimas-anti-streso-delione\/#primaryimage"},"image":{"@id":"https:\/\/kidsplay.lt\/produktas\/woopie-rotary-zaidimas-anti-streso-delione\/#primaryimage"},"thumbnailUrl":"https:\/\/kidsplay.lt\/wp-content\/uploads\/2025\/10\/WOOPIE-Rotary-Zaidimas-Anti-streso-Delione.jpg","datePublished":"2025-10-08T06:36:04+00:00","dateModified":"2026-04-07T07:15:35+00:00","description":"WOOPIE Rotary \u017daidimas Anti-streso D\u0117lion\u0117 - KidsPlay. Did\u017eiausias vaik\u0173 \u017eaisl\u0173 pasirinkimas.","breadcrumb":{"@id":"https:\/\/kidsplay.lt\/produktas\/woopie-rotary-zaidimas-anti-streso-delione\/#breadcrumb"},"inLanguage":"lv-LV","potentialAction":[{"@type":"ReadAction","target":["https:\/\/kidsplay.lt\/produktas\/woopie-rotary-zaidimas-anti-streso-delione\/"]}]},{"@type":"ImageObject","inLanguage":"lv-LV","@id":"https:\/\/kidsplay.lt\/produktas\/woopie-rotary-zaidimas-anti-streso-delione\/#primaryimage","url":"https:\/\/kidsplay.lt\/wp-content\/uploads\/2025\/10\/WOOPIE-Rotary-Zaidimas-Anti-streso-Delione.jpg","contentUrl":"https:\/\/kidsplay.lt\/wp-content\/uploads\/2025\/10\/WOOPIE-Rotary-Zaidimas-Anti-streso-Delione.jpg","width":1000,"height":1000,"caption":"WOOPIE Rotary \u017daidimas Anti-streso D\u0117lion\u0117"},{"@type":"BreadcrumbList","@id":"https:\/\/kidsplay.lt\/produktas\/woopie-rotary-zaidimas-anti-streso-delione\/#breadcrumb","itemListElement":[{"@type":"ListItem","position":1,"name":"Pagrindinis","item":"https:\/\/kidsplay.lt\/"},{"@type":"ListItem","position":2,"name":"Parduotuv\u0117","item":"https:\/\/kidsplay.lt\/parduotuve\/"},{"@type":"ListItem","position":3,"name":"WOOPIE Rotary \u017daidimas Anti-streso D\u0117lion\u0117"}]},{"@type":"WebSite","@id":"https:\/\/kidsplay.lt\/#website","url":"https:\/\/kidsplay.lt\/","name":"B\u0113rnu sp\u0113les.lv","description":"\u012evairios prek\u0117s vaikams","publisher":{"@id":"https:\/\/kidsplay.lt\/#organization"},"alternateName":"Kidsplay","potentialAction":[{"@type":"SearchAction","target":{"@type":"EntryPoint","urlTemplate":"https:\/\/kidsplay.lt\/?s={search_term_string}"},"query-input":{"@type":"PropertyValueSpecification","valueRequired":true,"valueName":"search_term_string"}}],"inLanguage":"lv-LV"},{"@type":"Organization","@id":"https:\/\/kidsplay.lt\/#organization","name":"B\u0113rnu sp\u0113le","url":"https:\/\/kidsplay.lt\/","logo":{"@type":"ImageObject","inLanguage":"lv-LV","@id":"https:\/\/kidsplay.lt\/#\/schema\/logo\/image\/","url":"https:\/\/kidsplay.lt\/wp-content\/uploads\/2023\/07\/kidsplay-logo.png","contentUrl":"https:\/\/kidsplay.lt\/wp-content\/uploads\/2023\/07\/kidsplay-logo.png","width":451,"height":98,"caption":"KidsPlay"},"image":{"@id":"https:\/\/kidsplay.lt\/#\/schema\/logo\/image\/"},"sameAs":["https:\/\/www.facebook.com\/www.kidsplay.lt"]}]}},"_links":{"self":[{"href":"https:\/\/kidsplay.lt\/lv\/wp-json\/wp\/v2\/product\/75317","targetHints":{"allow":["GET"]}}],"collection":[{"href":"https:\/\/kidsplay.lt\/lv\/wp-json\/wp\/v2\/product"}],"about":[{"href":"https:\/\/kidsplay.lt\/lv\/wp-json\/wp\/v2\/types\/product"}],"version-history":[{"count":1,"href":"https:\/\/kidsplay.lt\/lv\/wp-json\/wp\/v2\/product\/75317\/revisions"}],"predecessor-version":[{"id":75318,"href":"https:\/\/kidsplay.lt\/lv\/wp-json\/wp\/v2\/product\/75317\/revisions\/75318"}],"wp:featuredmedia":[{"embeddable":true,"href":"https:\/\/kidsplay.lt\/lv\/wp-json\/wp\/v2\/media\/75319"}],"wp:attachment":[{"href":"https:\/\/kidsplay.lt\/lv\/wp-json\/wp\/v2\/media?parent=75317"}],"wp:term":[{"taxonomy":"product_brand","embeddable":true,"href":"https:\/\/kidsplay.lt\/lv\/wp-json\/wp\/v2\/product_brand?post=75317"},{"taxonomy":"product_cat","embeddable":true,"href":"https:\/\/kidsplay.lt\/lv\/wp-json\/wp\/v2\/product_cat?post=75317"},{"taxonomy":"product_tag","embeddable":true,"href":"https:\/\/kidsplay.lt\/lv\/wp-json\/wp\/v2\/product_tag?post=75317"}],"curies":[{"name":"wp","href":"https:\/\/api.w.org\/{rel}","templated":true}]}}