{"id":75322,"date":"2025-10-08T09:36:17","date_gmt":"2025-10-08T06:36:17","guid":{"rendered":"https:\/\/kidsplay.lt\/produktas\/woopie-arkadiniai-zaidimas-seimos-shot-poop-i-sedes\/"},"modified":"2026-04-13T14:36:29","modified_gmt":"2026-04-13T11:36:29","slug":"woopie-arkadiniai-zaidimas-seimos-shot-poop-i-sedes","status":"publish","type":"product","link":"https:\/\/kidsplay.lt\/lv\/products\/woopie-arkadiniai-zaidimas-seimos-shot-poop-i-sedes\/","title":{"rendered":"WOOPIE ark\u0101des sp\u0113le \u0122imenes \u0161\u0101viens ar kaku s\u0113dek\u013cos"},"content":{"rendered":"<p>&quot;Poop Shot WOOPIE&quot; ir \u0101tra \u0123imenes sp\u0113le, kur\u0101 divi sp\u0113l\u0113t\u0101ji vienlaikus iz\u0161auj plastmasas &quot;kaku&quot; no palai\u0161anas iek\u0101rtas jautr\u0101 tualet\u0113, un uzvar tas, kur\u0161 pirmais izt\u012bra savu lapu! Vieglais dizains, glud\u0101s malas un vienk\u0101r\u0161\u0101 vad\u012bba padara to par lielisku izklaidi \u0123imenes vakariem, ball\u012bt\u0113m un humoristisku d\u0101vanu b\u0113rniem.<\/p>\n<p>Raksturojums:<\/p>\n<p> \t\u2013 B\u0113rniem no 4 gadu vecuma<br \/>\n \t\u2013 Izgatavots no augstas kvalit\u0101tes materi\u0101liem<br \/>\n \t- Dinamiska, emocion\u0101la sp\u0113le<br \/>\n \t\u2013 Lieliski piem\u0113rots \u0123imenes salidojumiem un ball\u012bt\u0113m<\/p>\n<p>Komplekt\u0101 ietilpst:<\/p>\n<p> \t\u2013 Tualetes formas d\u0113lis<br \/>\n \t\u2013 2 d\u0113\u013ca k\u0101jas<br \/>\n \t\u2013 2 palai\u0161anas iek\u0101rtas<br \/>\n \t\u2013 12 kakas<\/p>\n<p>Rota\u013clieta att\u012bst\u0101s:<\/p>\n<p> \t\u2013 Roku-acu koordin\u0101cija<br \/>\n \t\u2013 Precizit\u0101te<br \/>\n \t\u2013 Dzin\u0113ji<br \/>\n \t\u2013 Koncentr\u0101cija<\/p>","protected":false},"excerpt":{"rendered":"<p>Prek\u0117s \u017eenklo Poop Shot\u00a0WOOPIE\u00a0tai greitas \u0161eimos \u017eaidimas, kuriame du \u017eaid\u0117jai vienu metu \u0161audo plastikin\u012f \u201ekupkic\u201d i\u0161 paleidimo \u012frenginio \u012f linksm\u0105<\/p>","protected":false},"featured_media":75324,"template":"","meta":{"_acf_changed":false,"_glsr_average":0,"_glsr_ranking":0,"_glsr_reviews":0},"product_brand":[],"product_cat":[445,229],"product_tag":[],"class_list":{"0":"post-75322","1":"product","2":"type-product","3":"status-publish","4":"has-post-thumbnail","6":"product_cat-stalo-zaidimai","7":"product_cat-zaislai-vaikams","8":"\"style=\"background-color: #2ecc711c;\"","10":"first","11":"instock","12":"purchasable","13":"product-type-simple"},"acf":[],"yoast_head":"<!-- This site is optimized with the Yoast SEO plugin v27.4 - https:\/\/yoast.com\/product\/yoast-seo-wordpress\/ -->\n<title>WOOPIE Arkadiniai \u017daidimas \u0160eimos Shot Poop \u012f Sedes<\/title>\n<meta name=\"description\" content=\"WOOPIE Arkadiniai \u017daidimas \u0160eimos Shot Poop \u012f Sedes - KidsPlay. Did\u017eiausias vaik\u0173 \u017eaisl\u0173 pasirinkimas.\" \/>\n<meta name=\"robots\" content=\"index, follow, max-snippet:-1, max-image-preview:large, max-video-preview:-1\" \/>\n<link rel=\"canonical\" href=\"https:\/\/kidsplay.lt\/lv\/products\/woopie-arkadiniai-zaidimas-seimos-shot-poop-i-sedes\/\" \/>\n<meta property=\"og:locale\" content=\"lv_LV\" \/>\n<meta property=\"og:type\" content=\"article\" \/>\n<meta property=\"og:title\" content=\"WOOPIE Arkadiniai \u017daidimas \u0160eimos Shot Poop \u012f Sedes\" \/>\n<meta property=\"og:description\" content=\"WOOPIE Arkadiniai \u017daidimas \u0160eimos Shot Poop \u012f Sedes - KidsPlay. Did\u017eiausias vaik\u0173 \u017eaisl\u0173 pasirinkimas.\" \/>\n<meta property=\"og:url\" content=\"https:\/\/kidsplay.lt\/lv\/products\/woopie-arkadiniai-zaidimas-seimos-shot-poop-i-sedes\/\" \/>\n<meta property=\"og:site_name\" content=\"KidsPlay\" \/>\n<meta property=\"article:publisher\" content=\"https:\/\/www.facebook.com\/www.kidsplay.lt\" \/>\n<meta property=\"article:modified_time\" content=\"2026-04-13T11:36:29+00:00\" \/>\n<meta property=\"og:image\" content=\"https:\/\/kidsplay.lt\/wp-content\/uploads\/2025\/10\/WOOPIE-Arkadiniai-Zaidimas-Seimos-Shot-Poop-i-Sedes.jpg\" \/>\n\t<meta property=\"og:image:width\" content=\"1000\" \/>\n\t<meta property=\"og:image:height\" content=\"1000\" \/>\n\t<meta property=\"og:image:type\" content=\"image\/jpeg\" \/>\n<meta name=\"twitter:card\" content=\"summary_large_image\" \/>\n<meta name=\"twitter:label1\" content=\"Est. reading time\" \/>\n\t<meta name=\"twitter:data1\" content=\"1 min\u016bte\" \/>\n<script type=\"application\/ld+json\" class=\"yoast-schema-graph\">{\"@context\":\"https:\\\/\\\/schema.org\",\"@graph\":[{\"@type\":\"WebPage\",\"@id\":\"https:\\\/\\\/kidsplay.lt\\\/produktas\\\/woopie-arkadiniai-zaidimas-seimos-shot-poop-i-sedes\\\/\",\"url\":\"https:\\\/\\\/kidsplay.lt\\\/produktas\\\/woopie-arkadiniai-zaidimas-seimos-shot-poop-i-sedes\\\/\",\"name\":\"WOOPIE Arkadiniai \u017daidimas \u0160eimos Shot Poop \u012f Sedes\",\"isPartOf\":{\"@id\":\"https:\\\/\\\/kidsplay.lt\\\/#website\"},\"primaryImageOfPage\":{\"@id\":\"https:\\\/\\\/kidsplay.lt\\\/produktas\\\/woopie-arkadiniai-zaidimas-seimos-shot-poop-i-sedes\\\/#primaryimage\"},\"image\":{\"@id\":\"https:\\\/\\\/kidsplay.lt\\\/produktas\\\/woopie-arkadiniai-zaidimas-seimos-shot-poop-i-sedes\\\/#primaryimage\"},\"thumbnailUrl\":\"https:\\\/\\\/kidsplay.lt\\\/wp-content\\\/uploads\\\/2025\\\/10\\\/WOOPIE-Arkadiniai-Zaidimas-Seimos-Shot-Poop-i-Sedes.jpg\",\"datePublished\":\"2025-10-08T06:36:17+00:00\",\"dateModified\":\"2026-04-13T11:36:29+00:00\",\"description\":\"WOOPIE Arkadiniai \u017daidimas \u0160eimos Shot Poop \u012f Sedes - KidsPlay. Did\u017eiausias vaik\u0173 \u017eaisl\u0173 pasirinkimas.\",\"breadcrumb\":{\"@id\":\"https:\\\/\\\/kidsplay.lt\\\/produktas\\\/woopie-arkadiniai-zaidimas-seimos-shot-poop-i-sedes\\\/#breadcrumb\"},\"inLanguage\":\"lv-LV\",\"potentialAction\":[{\"@type\":\"ReadAction\",\"target\":[\"https:\\\/\\\/kidsplay.lt\\\/produktas\\\/woopie-arkadiniai-zaidimas-seimos-shot-poop-i-sedes\\\/\"]}]},{\"@type\":\"ImageObject\",\"inLanguage\":\"lv-LV\",\"@id\":\"https:\\\/\\\/kidsplay.lt\\\/produktas\\\/woopie-arkadiniai-zaidimas-seimos-shot-poop-i-sedes\\\/#primaryimage\",\"url\":\"https:\\\/\\\/kidsplay.lt\\\/wp-content\\\/uploads\\\/2025\\\/10\\\/WOOPIE-Arkadiniai-Zaidimas-Seimos-Shot-Poop-i-Sedes.jpg\",\"contentUrl\":\"https:\\\/\\\/kidsplay.lt\\\/wp-content\\\/uploads\\\/2025\\\/10\\\/WOOPIE-Arkadiniai-Zaidimas-Seimos-Shot-Poop-i-Sedes.jpg\",\"width\":1000,\"height\":1000,\"caption\":\"WOOPIE Arkadiniai \u017daidimas \u0160eimos Shot Poop \u012f Sedes\"},{\"@type\":\"BreadcrumbList\",\"@id\":\"https:\\\/\\\/kidsplay.lt\\\/produktas\\\/woopie-arkadiniai-zaidimas-seimos-shot-poop-i-sedes\\\/#breadcrumb\",\"itemListElement\":[{\"@type\":\"ListItem\",\"position\":1,\"name\":\"Pagrindinis\",\"item\":\"https:\\\/\\\/kidsplay.lt\\\/\"},{\"@type\":\"ListItem\",\"position\":2,\"name\":\"Parduotuv\u0117\",\"item\":\"https:\\\/\\\/kidsplay.lt\\\/parduotuve\\\/\"},{\"@type\":\"ListItem\",\"position\":3,\"name\":\"WOOPIE Arkadiniai \u017daidimas \u0160eimos Shot Poop \u012f Sedes\"}]},{\"@type\":\"WebSite\",\"@id\":\"https:\\\/\\\/kidsplay.lt\\\/#website\",\"url\":\"https:\\\/\\\/kidsplay.lt\\\/\",\"name\":\"Kidsplay.lt\",\"description\":\"\u012evairios prek\u0117s vaikams\",\"publisher\":{\"@id\":\"https:\\\/\\\/kidsplay.lt\\\/#organization\"},\"alternateName\":\"Kidsplay\",\"potentialAction\":[{\"@type\":\"SearchAction\",\"target\":{\"@type\":\"EntryPoint\",\"urlTemplate\":\"https:\\\/\\\/kidsplay.lt\\\/?s={search_term_string}\"},\"query-input\":{\"@type\":\"PropertyValueSpecification\",\"valueRequired\":true,\"valueName\":\"search_term_string\"}}],\"inLanguage\":\"lv-LV\"},{\"@type\":\"Organization\",\"@id\":\"https:\\\/\\\/kidsplay.lt\\\/#organization\",\"name\":\"KidsPlay\",\"url\":\"https:\\\/\\\/kidsplay.lt\\\/\",\"logo\":{\"@type\":\"ImageObject\",\"inLanguage\":\"lv-LV\",\"@id\":\"https:\\\/\\\/kidsplay.lt\\\/#\\\/schema\\\/logo\\\/image\\\/\",\"url\":\"https:\\\/\\\/kidsplay.lt\\\/wp-content\\\/uploads\\\/2023\\\/07\\\/kidsplay-logo.png\",\"contentUrl\":\"https:\\\/\\\/kidsplay.lt\\\/wp-content\\\/uploads\\\/2023\\\/07\\\/kidsplay-logo.png\",\"width\":451,\"height\":98,\"caption\":\"KidsPlay\"},\"image\":{\"@id\":\"https:\\\/\\\/kidsplay.lt\\\/#\\\/schema\\\/logo\\\/image\\\/\"},\"sameAs\":[\"https:\\\/\\\/www.facebook.com\\\/www.kidsplay.lt\"]}]}<\/script>\n<!-- \/ Yoast SEO plugin. -->","yoast_head_json":{"title":"WOOPIE ark\u0101des sp\u0113le \u0122imenes \u0161\u0101viens ar kaku s\u0113dek\u013cos","description":"WOOPIE Arkadiniai \u017daidimas \u0160eimos Shot Poop \u012f Sedes - KidsPlay. Did\u017eiausias vaik\u0173 \u017eaisl\u0173 pasirinkimas.","robots":{"index":"index","follow":"follow","max-snippet":"max-snippet:-1","max-image-preview":"max-image-preview:large","max-video-preview":"max-video-preview:-1"},"canonical":"https:\/\/kidsplay.lt\/lv\/products\/woopie-arkadiniai-zaidimas-seimos-shot-poop-i-sedes\/","og_locale":"lv_LV","og_type":"article","og_title":"WOOPIE Arkadiniai \u017daidimas \u0160eimos Shot Poop \u012f Sedes","og_description":"WOOPIE Arkadiniai \u017daidimas \u0160eimos Shot Poop \u012f Sedes - KidsPlay. Did\u017eiausias vaik\u0173 \u017eaisl\u0173 pasirinkimas.","og_url":"https:\/\/kidsplay.lt\/lv\/products\/woopie-arkadiniai-zaidimas-seimos-shot-poop-i-sedes\/","og_site_name":"KidsPlay","article_publisher":"https:\/\/www.facebook.com\/www.kidsplay.lt","article_modified_time":"2026-04-13T11:36:29+00:00","og_image":[{"width":1000,"height":1000,"url":"https:\/\/kidsplay.lt\/wp-content\/uploads\/2025\/10\/WOOPIE-Arkadiniai-Zaidimas-Seimos-Shot-Poop-i-Sedes.jpg","type":"image\/jpeg"}],"twitter_card":"summary_large_image","twitter_misc":{"Est. reading time":"1 min\u016bte"},"schema":{"@context":"https:\/\/schema.org","@graph":[{"@type":"WebPage","@id":"https:\/\/kidsplay.lt\/produktas\/woopie-arkadiniai-zaidimas-seimos-shot-poop-i-sedes\/","url":"https:\/\/kidsplay.lt\/produktas\/woopie-arkadiniai-zaidimas-seimos-shot-poop-i-sedes\/","name":"WOOPIE ark\u0101des sp\u0113le \u0122imenes \u0161\u0101viens ar kaku s\u0113dek\u013cos","isPartOf":{"@id":"https:\/\/kidsplay.lt\/#website"},"primaryImageOfPage":{"@id":"https:\/\/kidsplay.lt\/produktas\/woopie-arkadiniai-zaidimas-seimos-shot-poop-i-sedes\/#primaryimage"},"image":{"@id":"https:\/\/kidsplay.lt\/produktas\/woopie-arkadiniai-zaidimas-seimos-shot-poop-i-sedes\/#primaryimage"},"thumbnailUrl":"https:\/\/kidsplay.lt\/wp-content\/uploads\/2025\/10\/WOOPIE-Arkadiniai-Zaidimas-Seimos-Shot-Poop-i-Sedes.jpg","datePublished":"2025-10-08T06:36:17+00:00","dateModified":"2026-04-13T11:36:29+00:00","description":"WOOPIE Arkadiniai \u017daidimas \u0160eimos Shot Poop \u012f Sedes - KidsPlay. Did\u017eiausias vaik\u0173 \u017eaisl\u0173 pasirinkimas.","breadcrumb":{"@id":"https:\/\/kidsplay.lt\/produktas\/woopie-arkadiniai-zaidimas-seimos-shot-poop-i-sedes\/#breadcrumb"},"inLanguage":"lv-LV","potentialAction":[{"@type":"ReadAction","target":["https:\/\/kidsplay.lt\/produktas\/woopie-arkadiniai-zaidimas-seimos-shot-poop-i-sedes\/"]}]},{"@type":"ImageObject","inLanguage":"lv-LV","@id":"https:\/\/kidsplay.lt\/produktas\/woopie-arkadiniai-zaidimas-seimos-shot-poop-i-sedes\/#primaryimage","url":"https:\/\/kidsplay.lt\/wp-content\/uploads\/2025\/10\/WOOPIE-Arkadiniai-Zaidimas-Seimos-Shot-Poop-i-Sedes.jpg","contentUrl":"https:\/\/kidsplay.lt\/wp-content\/uploads\/2025\/10\/WOOPIE-Arkadiniai-Zaidimas-Seimos-Shot-Poop-i-Sedes.jpg","width":1000,"height":1000,"caption":"WOOPIE Arkadiniai \u017daidimas \u0160eimos Shot Poop \u012f Sedes"},{"@type":"BreadcrumbList","@id":"https:\/\/kidsplay.lt\/produktas\/woopie-arkadiniai-zaidimas-seimos-shot-poop-i-sedes\/#breadcrumb","itemListElement":[{"@type":"ListItem","position":1,"name":"Pagrindinis","item":"https:\/\/kidsplay.lt\/"},{"@type":"ListItem","position":2,"name":"Parduotuv\u0117","item":"https:\/\/kidsplay.lt\/parduotuve\/"},{"@type":"ListItem","position":3,"name":"WOOPIE Arkadiniai \u017daidimas \u0160eimos Shot Poop \u012f Sedes"}]},{"@type":"WebSite","@id":"https:\/\/kidsplay.lt\/#website","url":"https:\/\/kidsplay.lt\/","name":"B\u0113rnu sp\u0113les.lv","description":"\u012evairios prek\u0117s vaikams","publisher":{"@id":"https:\/\/kidsplay.lt\/#organization"},"alternateName":"Kidsplay","potentialAction":[{"@type":"SearchAction","target":{"@type":"EntryPoint","urlTemplate":"https:\/\/kidsplay.lt\/?s={search_term_string}"},"query-input":{"@type":"PropertyValueSpecification","valueRequired":true,"valueName":"search_term_string"}}],"inLanguage":"lv-LV"},{"@type":"Organization","@id":"https:\/\/kidsplay.lt\/#organization","name":"B\u0113rnu sp\u0113le","url":"https:\/\/kidsplay.lt\/","logo":{"@type":"ImageObject","inLanguage":"lv-LV","@id":"https:\/\/kidsplay.lt\/#\/schema\/logo\/image\/","url":"https:\/\/kidsplay.lt\/wp-content\/uploads\/2023\/07\/kidsplay-logo.png","contentUrl":"https:\/\/kidsplay.lt\/wp-content\/uploads\/2023\/07\/kidsplay-logo.png","width":451,"height":98,"caption":"KidsPlay"},"image":{"@id":"https:\/\/kidsplay.lt\/#\/schema\/logo\/image\/"},"sameAs":["https:\/\/www.facebook.com\/www.kidsplay.lt"]}]}},"_links":{"self":[{"href":"https:\/\/kidsplay.lt\/lv\/wp-json\/wp\/v2\/product\/75322","targetHints":{"allow":["GET"]}}],"collection":[{"href":"https:\/\/kidsplay.lt\/lv\/wp-json\/wp\/v2\/product"}],"about":[{"href":"https:\/\/kidsplay.lt\/lv\/wp-json\/wp\/v2\/types\/product"}],"version-history":[{"count":1,"href":"https:\/\/kidsplay.lt\/lv\/wp-json\/wp\/v2\/product\/75322\/revisions"}],"predecessor-version":[{"id":75323,"href":"https:\/\/kidsplay.lt\/lv\/wp-json\/wp\/v2\/product\/75322\/revisions\/75323"}],"wp:featuredmedia":[{"embeddable":true,"href":"https:\/\/kidsplay.lt\/lv\/wp-json\/wp\/v2\/media\/75324"}],"wp:attachment":[{"href":"https:\/\/kidsplay.lt\/lv\/wp-json\/wp\/v2\/media?parent=75322"}],"wp:term":[{"taxonomy":"product_brand","embeddable":true,"href":"https:\/\/kidsplay.lt\/lv\/wp-json\/wp\/v2\/product_brand?post=75322"},{"taxonomy":"product_cat","embeddable":true,"href":"https:\/\/kidsplay.lt\/lv\/wp-json\/wp\/v2\/product_cat?post=75322"},{"taxonomy":"product_tag","embeddable":true,"href":"https:\/\/kidsplay.lt\/lv\/wp-json\/wp\/v2\/product_tag?post=75322"}],"curies":[{"name":"wp","href":"https:\/\/api.w.org\/{rel}","templated":true}]}}