{"id":75372,"date":"2025-10-09T08:36:34","date_gmt":"2025-10-09T05:36:34","guid":{"rendered":"https:\/\/kidsplay.lt\/?post_type=product&#038;p=75372"},"modified":"2026-02-25T16:12:52","modified_gmt":"2026-02-25T14:12:52","slug":"miegmaisio-ir-pirstiniu-komplektas-5in1","status":"publish","type":"product","link":"https:\/\/kidsplay.lt\/lv\/products\/miegmaisio-ir-pirstiniu-komplektas-5in1\/","title":{"rendered":"Miegmai\u0161io ir pir\u0161tini\u0173 komplektas 5in1"},"content":{"rendered":"<div class=\"mpof_ki myre_zn myre_8v_l m389_6m_l\">\n<div class=\"mp4t_16_s mryx_16_s mr3m_1 mli2_1 mh85_56 mh85_0_l\">\n<div class=\"mgn2_16 _0d3bd_am0a-\">\n<h1><span dir=\"auto\">K\u016bdikio miegmai\u0161io ir ve\u017eim\u0117lio mov\u0173 komplektas su kailiu<\/span><\/h1>\n<h2><span dir=\"auto\">Miegmai\u0161is \u2013 puikus priedas prie ve\u017eim\u0117lio, ne\u0161iokl\u0117s ir kit\u0173 daikt\u0173!<\/span><\/h2>\n<p><span dir=\"auto\">Spalva: \u017ealia<\/span><\/p>\n<ul>\n<li><span dir=\"auto\">\u0160iltas ir malonus liesti<\/span><\/li>\n<li><span dir=\"auto\">I\u0161orinis lygus impregnuotas ir vandeniui atsparus audinys su p\u016bkuotu u\u017epildu, keliose vietose dygsniuotas<\/span><\/li>\n<li><span dir=\"auto\">Viduje 100 % antialerginis, mink\u0161tas, purus ir \u0161iltas \u201eMinky\u201c flisas su PZH sveikatos kokyb\u0117s sertifikatu, sertifikuotas pagal \u201eOeko-Tex Standard 100 I\u201c klas\u0119<\/span><\/li>\n<li><span dir=\"auto\">Papildomai galite apsaugoti k\u016bdikio galv\u0105 nuo \u017eemos temperat\u016bros ir v\u0117jo<\/span><\/li>\n<li><span dir=\"auto\">Vir\u0161utin\u0117je dalyje yra reguliuojamo dyd\u017eio kepurait\u0117 su dirbtiniu kailiu, apsaugan\u010diu nuo v\u0117jo.\u00a0<\/span><b><span dir=\"auto\">Kailis yra nuimamas.<\/span><\/b><\/li>\n<li><span dir=\"auto\">U\u017esegama dviem u\u017etrauktukais, tod\u0117l, atsegus vir\u0161utin\u0119 dal\u012f, galima naudoti kaip sof\u0105<\/span><\/li>\n<li><span dir=\"auto\">Visi\u0161kai pagaminta Lenkijoje, \u0161eimos siuvykloje<\/span><\/li>\n<li><span dir=\"auto\">Universalus 5 viename \u2013 puikiai tinka montuoti ve\u017eim\u0117lyje, gondoloje, ne\u0161iokl\u0117je, rogut\u0117se ir lovel\u0117je<\/span><\/li>\n<\/ul>\n<p><span dir=\"auto\">IZM\u0112RI:<\/span><\/p>\n<ol>\n<li><b><span dir=\"auto\">Ilgis<\/span><\/b><span dir=\"auto\">\u00a085 cm<\/span><\/li>\n<li><b><span dir=\"auto\">Plotis<\/span><\/b><span dir=\"auto\">\u00a045 cm<\/span><\/li>\n<\/ol>\n<\/div>\n<\/div>\n<div class=\"mp4t_16_s mryx_16_s mr3m_1 mli2_1 mh85_56 mh85_0_l\">\n<div class=\"mg9e_8 mj7a_8 mg9e_0_s mvrt_0_s mj7a_0_s mh36_0_s mzmg_6m munh_16_l m3h2_16_l\">\n<div class=\"mp4t_0 mryx_0 munh_56 m3h2_56\">\n<div class=\"mp7g_oh\"><button class=\"mg9e_0 mvrt_0 mj7a_0 mh36_0 mp4t_0 m3h2_0 mryx_0 munh_0 mqen_m6 mpof_z0 mx7m_0 m7er_k4 mse2_k4 msts_pt\" data-analytics-interaction=\"true\" data-analytics-interaction-label=\"zoomable-image-open\" aria-disabled=\"true\"><img decoding=\"async\" class=\"msub_k4 mupj_5k mjru_k4 mse2_k4 mp7g_f6 mq1m_0 mj7u_0 m7er_k4 mqen_m6 m31c_d8 m0ux_fp lazyloaded\" src=\"https:\/\/a.allegroimg.com\/original\/115872\/54b9521d478094031b107dcae298\/Set-Sleeping-Bag-and-Muffin-Glove-Stroller-Gondola-Sled-Sleeping-Bag-Warmed-5in1-Length-85-cm\" sizes=\"(min-width: 1200px) 560px, (min-width: 992px) 50vw, 100vw\" srcset=\"https:\/\/a.allegroimg.com\/s360\/115872\/54b9521d478094031b107dcae298\/Set-Sleeping-Bag-and-Muffin-Glove-Stroller-Gondola-Sled-Sleeping-Bag-Warmed-5in1-Length-85-cm 360w,https:\/\/a.allegroimg.com\/s720\/115872\/54b9521d478094031b107dcae298\/Set-Sleeping-Bag-and-Muffin-Glove-Stroller-Gondola-Sled-Sleeping-Bag-Warmed-5in1-Length-85-cm 720w,https:\/\/a.allegroimg.com\/s1024\/115872\/54b9521d478094031b107dcae298\/Set-Sleeping-Bag-and-Muffin-Glove-Stroller-Gondola-Sled-Sleeping-Bag-Warmed-5in1-Length-85-cm 1024w,https:\/\/a.allegroimg.com\/s1440\/115872\/54b9521d478094031b107dcae298\/Set-Sleeping-Bag-and-Muffin-Glove-Stroller-Gondola-Sled-Sleeping-Bag-Warmed-5in1-Length-85-cm 1440w,https:\/\/a.allegroimg.com\/original\/115872\/54b9521d478094031b107dcae298\/Set-Sleeping-Bag-and-Muffin-Glove-Stroller-Gondola-Sled-Sleeping-Bag-Warmed-5in1-Length-85-cm 1500w\" alt=\"Miegmai\u0161io ir keksiuk\u0173 pir\u0161tin\u0117s komplektas, ve\u017eim\u0117lio, gondolin\u0117s rog\u0117s miegmai\u0161is su pa\u0161ildymu 5in1, ilgis 85 cm\" width=\"1500px\" data-srcset=\"\" \/><\/button><\/div>\n<\/div>\n<\/div>\n<\/div>\n<\/div>\n<div class=\"mpof_ki myre_zn myre_8v_l m389_6m_l\">\n<div class=\"mp4t_16_s mryx_16_s mr3m_1 mli2_1 mh85_56 mh85_0_l\">\n<div class=\"mg9e_8 mj7a_8 mg9e_0_s mvrt_0_s mj7a_0_s mh36_0_s mzmg_6m munh_16_l m3h2_16_l\">\n<div class=\"mp4t_0 mryx_0 munh_56 m3h2_56\">\n<div class=\"mp7g_oh\"><button class=\"mg9e_0 mvrt_0 mj7a_0 mh36_0 mp4t_0 m3h2_0 mryx_0 munh_0 mqen_m6 mpof_z0 mx7m_0 m7er_k4 mse2_k4 msts_pt\" data-analytics-interaction=\"true\" data-analytics-interaction-label=\"zoomable-image-open\" aria-disabled=\"true\"><img decoding=\"async\" class=\"msub_k4 mupj_5k mjru_k4 mse2_k4 mp7g_f6 mq1m_0 mj7u_0 m7er_k4 mqen_m6 m31c_d8 m0ux_fp lazyloaded\" src=\"https:\/\/a.allegroimg.com\/original\/11c3ae\/71b9c19349b69a3b44aa9495dd92\/Set-Sleeping-Bag-and-Muffin-Glove-Stroller-Gondola-Sled-Sleeping-Bag-Warmed-5in1-Manufacturer-code-SPI-MUF-SET-06\" sizes=\"(min-width: 1200px) 560px, (min-width: 992px) 50vw, 100vw\" srcset=\"https:\/\/a.allegroimg.com\/s360\/11c3ae\/71b9c19349b69a3b44aa9495dd92\/Set-Sleeping-Bag-and-Muffin-Glove-Stroller-Gondola-Sled-Sleeping-Bag-Warmed-5in1-Manufacturer-code-SPI-MUF-SET-06 360w,https:\/\/a.allegroimg.com\/s720\/11c3ae\/71b9c19349b69a3b44aa9495dd92\/Set-Sleeping-Bag-and-Muffin-Glove-Stroller-Gondola-Sled-Sleeping-Bag-Warmed-5in1-Manufacturer-code-SPI-MUF-SET-06 720w,https:\/\/a.allegroimg.com\/s1024\/11c3ae\/71b9c19349b69a3b44aa9495dd92\/Set-Sleeping-Bag-and-Muffin-Glove-Stroller-Gondola-Sled-Sleeping-Bag-Warmed-5in1-Manufacturer-code-SPI-MUF-SET-06 1024w,https:\/\/a.allegroimg.com\/s1440\/11c3ae\/71b9c19349b69a3b44aa9495dd92\/Set-Sleeping-Bag-and-Muffin-Glove-Stroller-Gondola-Sled-Sleeping-Bag-Warmed-5in1-Manufacturer-code-SPI-MUF-SET-06 1440w,https:\/\/a.allegroimg.com\/original\/11c3ae\/71b9c19349b69a3b44aa9495dd92\/Set-Sleeping-Bag-and-Muffin-Glove-Stroller-Gondola-Sled-Sleeping-Bag-Warmed-5in1-Manufacturer-code-SPI-MUF-SET-06 1500w\" alt=\"Miegmai\u0161io ir keksiuk\u0173 pir\u0161tini\u0173 komplektas, ve\u017eim\u0117lio, gondolos, rogi\u0173 miegmai\u0161is su \u0161ildymu 5in1. Gamintojo kodas SPI-MUF-SET-06.\" width=\"1500px\" data-srcset=\"\" \/><\/button><\/div>\n<\/div>\n<\/div>\n<\/div>\n<div class=\"mp4t_16_s mryx_16_s mr3m_1 mli2_1 mh85_56 mh85_0_l\">\n<div class=\"mgn2_16 _0d3bd_am0a-\">\n<h2><span dir=\"auto\">Keksiukai \u2013 \u0161ilti ir prakti\u0161ki!<\/span><\/h2>\n<ul>\n<li><span dir=\"auto\">Ve\u017eim\u0117lio keksiukai \u2013 tai produktas, leid\u017eiantis m\u0117gautis pasivaik\u0161\u010diojimu bet kokiu oru. Efektyviai \u0161ildo rankas va\u017eiuojant ve\u017eim\u0117lyje.<\/span><\/li>\n<li><span dir=\"auto\">Pagaminta i\u0161 labai geros kokyb\u0117s med\u017eiagos<\/span><\/li>\n<li><span dir=\"auto\">Jie idealiai tinka ve\u017eim\u0117liams ir rogut\u0117ms<\/span><\/li>\n<li><span dir=\"auto\">Tvirtinamas spaustukais, tod\u0117l lengva montuoti<\/span><\/li>\n<li><span dir=\"auto\">Kailis n\u0117ra nuimamas<\/span><\/li>\n<li><span dir=\"auto\">Produkto lenk\u0173<\/span><\/li>\n<\/ul>\n<p><span dir=\"auto\">IZM\u0112RI:<\/span><\/p>\n<ul>\n<li><b><span dir=\"auto\">Auk\u0161tis<\/span><\/b><span dir=\"auto\">\u00a022 cm<\/span><\/li>\n<li><b><span dir=\"auto\">Plotis<\/span><\/b><span dir=\"auto\">\u00a019 cm<\/span><\/li>\n<\/ul>\n<\/div>\n<\/div>\n<\/div>\n<div class=\"mpof_ki myre_zn myre_8v_l m389_6m_l\">\n<div class=\"mp4t_16_s mryx_16_s mr3m_1 mli2_1 mh85_56 mh85_0_l\">\n<div class=\"mg9e_8 mj7a_8 mg9e_0_s mvrt_0_s mj7a_0_s mh36_0_s mzmg_6m munh_16_l m3h2_16_l\">\n<div class=\"mp4t_0 mryx_0 munh_56 m3h2_56\">\n<div class=\"mp7g_oh\"><button class=\"mg9e_0 mvrt_0 mj7a_0 mh36_0 mp4t_0 m3h2_0 mryx_0 munh_0 mqen_m6 mpof_z0 mx7m_0 m7er_k4 mse2_k4 msts_pt\" data-analytics-interaction=\"true\" data-analytics-interaction-label=\"zoomable-image-open\" aria-disabled=\"true\"><img decoding=\"async\" class=\"msub_k4 mupj_5k mjru_k4 mse2_k4 mp7g_f6 mq1m_0 mj7u_0 m7er_k4 mqen_m6 m31c_d8 m0ux_fp lazyloaded\" src=\"https:\/\/a.allegroimg.com\/original\/11324b\/af0a62224e1aab9af7ebdac3655f\" sizes=\"(min-width: 1200px) 560px, (min-width: 992px) 50vw, 100vw\" srcset=\"https:\/\/a.allegroimg.com\/s360\/11324b\/af0a62224e1aab9af7ebdac3655f 360w,https:\/\/a.allegroimg.com\/s720\/11324b\/af0a62224e1aab9af7ebdac3655f 720w,https:\/\/a.allegroimg.com\/s1024\/11324b\/af0a62224e1aab9af7ebdac3655f 1024w,https:\/\/a.allegroimg.com\/s1440\/11324b\/af0a62224e1aab9af7ebdac3655f 1440w,https:\/\/a.allegroimg.com\/original\/11324b\/af0a62224e1aab9af7ebdac3655f 2560w\" alt=\"\" width=\"2560px\" data-srcset=\"\" \/><\/button><\/div>\n<\/div>\n<\/div>\n<\/div>\n<div class=\"mp4t_16_s mryx_16_s mr3m_1 mli2_1 mh85_56 mh85_0_l\">\n<div class=\"mgn2_16 _0d3bd_am0a-\">\n<h2><span dir=\"auto\">Universalus 5 viename \u2013 puikiai tinka montuoti ve\u017eim\u0117lyje, gondoloje, ne\u0161iokl\u0117je, rogut\u0117se ir lovel\u0117je<\/span><\/h2>\n<\/div>\n<\/div>\n<\/div>\n<div class=\"mpof_ki myre_zn myre_8v_l m389_6m_l\">\n<div class=\"mp4t_16_s mryx_16_s mr3m_1 mli2_1 mh85_56 mh85_0_l\">\n<div class=\"mgn2_16 _0d3bd_am0a-\">\n<h2><span dir=\"auto\">Vir\u0161utin\u0117je dalyje yra reguliuojamo dyd\u017eio kepurait\u0117 su dirbtiniu kailiu, apsauganti nuo v\u0117jo.<\/span><\/h2>\n<h2><span dir=\"auto\">Kailis nuimamas!<\/span><\/h2>\n<\/div>\n<\/div>\n<div class=\"mp4t_16_s mryx_16_s mr3m_1 mli2_1 mh85_56 mh85_0_l\">\n<div class=\"mg9e_8 mj7a_8 mg9e_0_s mvrt_0_s mj7a_0_s mh36_0_s mzmg_6m munh_16_l m3h2_16_l\">\n<div class=\"mp4t_0 mryx_0 munh_56 m3h2_56\">\n<div class=\"mp7g_oh\"><button class=\"mg9e_0 mvrt_0 mj7a_0 mh36_0 mp4t_0 m3h2_0 mryx_0 munh_0 mqen_m6 mpof_z0 mx7m_0 m7er_k4 mse2_k4 msts_pt\" data-analytics-interaction=\"true\" data-analytics-interaction-label=\"zoomable-image-open\" aria-disabled=\"true\"><img decoding=\"async\" class=\"msub_k4 mupj_5k mjru_k4 mse2_k4 mp7g_f6 mq1m_0 mj7u_0 m7er_k4 mqen_m6 m31c_d8 m0ux_fp lazyloaded\" src=\"https:\/\/a.allegroimg.com\/original\/11396c\/f0bad7124fc1962328b4cce94683\" sizes=\"(min-width: 1200px) 560px, (min-width: 992px) 50vw, 100vw\" srcset=\"https:\/\/a.allegroimg.com\/s360\/11396c\/f0bad7124fc1962328b4cce94683 360w,https:\/\/a.allegroimg.com\/s720\/11396c\/f0bad7124fc1962328b4cce94683 720w,https:\/\/a.allegroimg.com\/s1024\/11396c\/f0bad7124fc1962328b4cce94683 1024w,https:\/\/a.allegroimg.com\/s1440\/11396c\/f0bad7124fc1962328b4cce94683 1440w,https:\/\/a.allegroimg.com\/original\/11396c\/f0bad7124fc1962328b4cce94683 2560w\" alt=\"\" width=\"2560px\" data-srcset=\"\" \/><\/button><\/div>\n<\/div>\n<\/div>\n<\/div>\n<\/div>\n<div class=\"mpof_ki myre_zn myre_8v_l m389_6m_l\">\n<div class=\"mp4t_16_s mryx_16_s mr3m_1 mli2_1 mh85_56 mh85_0_l\">\n<div class=\"mgn2_16 _0d3bd_am0a-\">\n<h2><span dir=\"auto\">Jame yra septynios skyl\u0117s saugos dir\u017eams ir jis tinka daugumai ve\u017eim\u0117li\u0173 ir ne\u0161iokli\u0173<\/span><\/h2>\n<\/div>\n<\/div>\n<\/div>\n<div class=\"mpof_ki myre_zn myre_8v_l m389_6m_l\">\n<div class=\"mp4t_16_s mryx_16_s mr3m_1 mli2_1 mh85_56 mh85_0_l\">\n<div class=\"mg9e_8 mj7a_8 mg9e_0_s mvrt_0_s mj7a_0_s mh36_0_s mzmg_6m munh_16_l m3h2_16_l\">\n<div class=\"mp4t_0 mryx_0 munh_56 m3h2_56\">\n<div class=\"mp7g_oh\"><button class=\"mg9e_0 mvrt_0 mj7a_0 mh36_0 mp4t_0 m3h2_0 mryx_0 munh_0 mqen_m6 mpof_z0 mx7m_0 m7er_k4 mse2_k4 msts_pt\" data-analytics-interaction=\"true\" data-analytics-interaction-label=\"zoomable-image-open\" aria-disabled=\"true\"><img decoding=\"async\" class=\"msub_k4 mupj_5k mjru_k4 mse2_k4 mp7g_f6 mq1m_0 mj7u_0 m7er_k4 mqen_m6 m31c_d8 m0ux_fp lazyloaded\" src=\"https:\/\/a.allegroimg.com\/original\/111326\/70ec04344312aad85f0fd4ffd667\/Set-Sleeping-Bag-and-Muffin-Glove-Stroller-Gondola-Sled-Sleeping-Bag-Warmed-5in1-Product-width-45-cm\" sizes=\"(min-width: 1200px) 560px, (min-width: 992px) 50vw, 100vw\" srcset=\"https:\/\/a.allegroimg.com\/s360\/111326\/70ec04344312aad85f0fd4ffd667\/Set-Sleeping-Bag-and-Muffin-Glove-Stroller-Gondola-Sled-Sleeping-Bag-Warmed-5in1-Product-width-45-cm 360w,https:\/\/a.allegroimg.com\/s720\/111326\/70ec04344312aad85f0fd4ffd667\/Set-Sleeping-Bag-and-Muffin-Glove-Stroller-Gondola-Sled-Sleeping-Bag-Warmed-5in1-Product-width-45-cm 720w,https:\/\/a.allegroimg.com\/s1024\/111326\/70ec04344312aad85f0fd4ffd667\/Set-Sleeping-Bag-and-Muffin-Glove-Stroller-Gondola-Sled-Sleeping-Bag-Warmed-5in1-Product-width-45-cm 1024w,https:\/\/a.allegroimg.com\/s1440\/111326\/70ec04344312aad85f0fd4ffd667\/Set-Sleeping-Bag-and-Muffin-Glove-Stroller-Gondola-Sled-Sleeping-Bag-Warmed-5in1-Product-width-45-cm 1440w,https:\/\/a.allegroimg.com\/original\/111326\/70ec04344312aad85f0fd4ffd667\/Set-Sleeping-Bag-and-Muffin-Glove-Stroller-Gondola-Sled-Sleeping-Bag-Warmed-5in1-Product-width-45-cm 1500w\" alt=\"Miegmai\u0161io ir keksiuk\u0173 pir\u0161tin\u0117s komplektas, ve\u017eim\u0117lio, gondolos, rogi\u0173 miegmai\u0161is su \u0161ildymu 5in1, gaminio plotis 45 cm\" width=\"1500px\" data-srcset=\"\" \/><\/button><\/div>\n<\/div>\n<\/div>\n<\/div>\n<div class=\"mp4t_16_s mryx_16_s mr3m_1 mli2_1 mh85_56 mh85_0_l\">\n<div class=\"mg9e_8 mj7a_8 mg9e_0_s mvrt_0_s mj7a_0_s mh36_0_s mzmg_6m munh_16_l m3h2_16_l\">\n<div class=\"mp4t_0 mryx_0 munh_56 m3h2_56\">\n<div class=\"mp7g_oh\"><button class=\"mg9e_0 mvrt_0 mj7a_0 mh36_0 mp4t_0 m3h2_0 mryx_0 munh_0 mqen_m6 mpof_z0 mx7m_0 m7er_k4 mse2_k4 msts_pt\" data-analytics-interaction=\"true\" data-analytics-interaction-label=\"zoomable-image-open\" aria-disabled=\"true\"><img decoding=\"async\" class=\"msub_k4 mupj_5k mjru_k4 mse2_k4 mp7g_f6 mq1m_0 mj7u_0 m7er_k4 mqen_m6 m31c_d8 m0ux_fp lazyloaded\" src=\"https:\/\/a.allegroimg.com\/original\/039c78\/b439514d4d83bc1e2a68fea40d79\/Set-Sleeping-Bag-and-Muffin-Glove-Stroller-Gondola-Sled-Sleeping-Bag-Warmed-5in1-Kind-cosytoe\" sizes=\"(min-width: 1200px) 560px, (min-width: 992px) 50vw, 100vw\" srcset=\"https:\/\/a.allegroimg.com\/s360\/039c78\/b439514d4d83bc1e2a68fea40d79\/Set-Sleeping-Bag-and-Muffin-Glove-Stroller-Gondola-Sled-Sleeping-Bag-Warmed-5in1-Kind-cosytoe 330w,https:\/\/a.allegroimg.com\/s720\/039c78\/b439514d4d83bc1e2a68fea40d79\/Set-Sleeping-Bag-and-Muffin-Glove-Stroller-Gondola-Sled-Sleeping-Bag-Warmed-5in1-Kind-cosytoe 661w,https:\/\/a.allegroimg.com\/s1024\/039c78\/b439514d4d83bc1e2a68fea40d79\/Set-Sleeping-Bag-and-Muffin-Glove-Stroller-Gondola-Sled-Sleeping-Bag-Warmed-5in1-Kind-cosytoe 940w,https:\/\/a.allegroimg.com\/s1440\/039c78\/b439514d4d83bc1e2a68fea40d79\/Set-Sleeping-Bag-and-Muffin-Glove-Stroller-Gondola-Sled-Sleeping-Bag-Warmed-5in1-Kind-cosytoe 1205w,https:\/\/a.allegroimg.com\/original\/039c78\/b439514d4d83bc1e2a68fea40d79\/Set-Sleeping-Bag-and-Muffin-Glove-Stroller-Gondola-Sled-Sleeping-Bag-Warmed-5in1-Kind-cosytoe 1205w\" alt=\"Miegmai\u0161io ir keksiuk\u0173 pir\u0161tin\u0117s rinkinys, ve\u017eim\u0117lio, gondolos, rogi\u0173 miegmai\u0161is su \u0161ildymu 5in1, \u201eKind cosytoe\u201c\" width=\"1205px\" data-srcset=\"\" \/><\/button><\/div>\n<\/div>\n<\/div>\n<\/div>\n<\/div>","protected":false},"excerpt":{"rendered":"<p>K\u016bdikio miegmai\u0161io ir ve\u017eim\u0117lio mov\u0173 komplektas su kailiu Miegmai\u0161is \u2013 puikus priedas prie ve\u017eim\u0117lio, ne\u0161iokl\u0117s ir kit\u0173 daikt\u0173! Spalva: \u017ealia<\/p>","protected":false},"featured_media":75373,"template":"","meta":{"_acf_changed":false,"_glsr_average":0,"_glsr_ranking":0,"_glsr_reviews":0},"product_brand":[],"product_cat":[285],"product_tag":[],"class_list":{"0":"post-75372","1":"product","2":"type-product","3":"status-publish","4":"has-post-thumbnail","6":"product_cat-miegmaisiai-vezimeliui","7":"\"style=\"background-color: #2ecc711c;\"","9":"first","10":"instock","11":"shipping-taxable","12":"purchasable","13":"product-type-simple"},"acf":[],"yoast_head":"<!-- This site is optimized with the Yoast SEO plugin v27.3 - https:\/\/yoast.com\/product\/yoast-seo-wordpress\/ -->\n<title>Miegmai\u0161io ir pir\u0161tini\u0173 komplektas 5in1 - KidsPlay<\/title>\n<meta name=\"description\" content=\"Miegmai\u0161io ir pir\u0161tini\u0173 komplektas 5in1 - KidsPlay. Did\u017eiausias vaik\u0173 \u017eaisl\u0173 pasirinkimas.\" \/>\n<meta name=\"robots\" content=\"index, follow, max-snippet:-1, max-image-preview:large, max-video-preview:-1\" \/>\n<link rel=\"canonical\" href=\"https:\/\/kidsplay.lt\/lv\/products\/miegmaisio-ir-pirstiniu-komplektas-5in1\/\" \/>\n<meta property=\"og:locale\" content=\"lv_LV\" \/>\n<meta property=\"og:type\" content=\"article\" \/>\n<meta property=\"og:title\" content=\"Miegmai\u0161io ir pir\u0161tini\u0173 komplektas 5in1 - KidsPlay\" \/>\n<meta property=\"og:description\" content=\"Miegmai\u0161io ir pir\u0161tini\u0173 komplektas 5in1 - KidsPlay. Did\u017eiausias vaik\u0173 \u017eaisl\u0173 pasirinkimas.\" \/>\n<meta property=\"og:url\" content=\"https:\/\/kidsplay.lt\/lv\/products\/miegmaisio-ir-pirstiniu-komplektas-5in1\/\" \/>\n<meta property=\"og:site_name\" content=\"KidsPlay\" \/>\n<meta property=\"article:publisher\" content=\"https:\/\/www.facebook.com\/www.kidsplay.lt\" \/>\n<meta property=\"article:modified_time\" content=\"2026-02-25T14:12:52+00:00\" \/>\n<meta property=\"og:image\" content=\"https:\/\/kidsplay.lt\/wp-content\/uploads\/2025\/10\/Screenshot_655.png\" \/>\n\t<meta property=\"og:image:width\" content=\"592\" \/>\n\t<meta property=\"og:image:height\" content=\"443\" \/>\n\t<meta property=\"og:image:type\" content=\"image\/png\" \/>\n<meta name=\"twitter:card\" content=\"summary_large_image\" \/>\n<meta name=\"twitter:label1\" content=\"Est. reading time\" \/>\n\t<meta name=\"twitter:data1\" content=\"3 min\u016btes\" \/>\n<script type=\"application\/ld+json\" class=\"yoast-schema-graph\">{\"@context\":\"https:\\\/\\\/schema.org\",\"@graph\":[{\"@type\":\"WebPage\",\"@id\":\"https:\\\/\\\/kidsplay.lt\\\/produktas\\\/miegmaisio-ir-pirstiniu-komplektas-5in1\\\/\",\"url\":\"https:\\\/\\\/kidsplay.lt\\\/produktas\\\/miegmaisio-ir-pirstiniu-komplektas-5in1\\\/\",\"name\":\"Miegmai\u0161io ir pir\u0161tini\u0173 komplektas 5in1 - KidsPlay\",\"isPartOf\":{\"@id\":\"https:\\\/\\\/kidsplay.lt\\\/#website\"},\"primaryImageOfPage\":{\"@id\":\"https:\\\/\\\/kidsplay.lt\\\/produktas\\\/miegmaisio-ir-pirstiniu-komplektas-5in1\\\/#primaryimage\"},\"image\":{\"@id\":\"https:\\\/\\\/kidsplay.lt\\\/produktas\\\/miegmaisio-ir-pirstiniu-komplektas-5in1\\\/#primaryimage\"},\"thumbnailUrl\":\"https:\\\/\\\/kidsplay.lt\\\/wp-content\\\/uploads\\\/2025\\\/10\\\/Screenshot_655.png\",\"datePublished\":\"2025-10-09T05:36:34+00:00\",\"dateModified\":\"2026-02-25T14:12:52+00:00\",\"description\":\"Miegmai\u0161io ir pir\u0161tini\u0173 komplektas 5in1 - KidsPlay. Did\u017eiausias vaik\u0173 \u017eaisl\u0173 pasirinkimas.\",\"breadcrumb\":{\"@id\":\"https:\\\/\\\/kidsplay.lt\\\/produktas\\\/miegmaisio-ir-pirstiniu-komplektas-5in1\\\/#breadcrumb\"},\"inLanguage\":\"lv-LV\",\"potentialAction\":[{\"@type\":\"ReadAction\",\"target\":[\"https:\\\/\\\/kidsplay.lt\\\/produktas\\\/miegmaisio-ir-pirstiniu-komplektas-5in1\\\/\"]}]},{\"@type\":\"ImageObject\",\"inLanguage\":\"lv-LV\",\"@id\":\"https:\\\/\\\/kidsplay.lt\\\/produktas\\\/miegmaisio-ir-pirstiniu-komplektas-5in1\\\/#primaryimage\",\"url\":\"https:\\\/\\\/kidsplay.lt\\\/wp-content\\\/uploads\\\/2025\\\/10\\\/Screenshot_655.png\",\"contentUrl\":\"https:\\\/\\\/kidsplay.lt\\\/wp-content\\\/uploads\\\/2025\\\/10\\\/Screenshot_655.png\",\"width\":592,\"height\":443},{\"@type\":\"BreadcrumbList\",\"@id\":\"https:\\\/\\\/kidsplay.lt\\\/produktas\\\/miegmaisio-ir-pirstiniu-komplektas-5in1\\\/#breadcrumb\",\"itemListElement\":[{\"@type\":\"ListItem\",\"position\":1,\"name\":\"Pagrindinis\",\"item\":\"https:\\\/\\\/kidsplay.lt\\\/\"},{\"@type\":\"ListItem\",\"position\":2,\"name\":\"Parduotuv\u0117\",\"item\":\"https:\\\/\\\/kidsplay.lt\\\/parduotuve\\\/\"},{\"@type\":\"ListItem\",\"position\":3,\"name\":\"Miegmai\u0161io ir pir\u0161tini\u0173 komplektas 5in1\"}]},{\"@type\":\"WebSite\",\"@id\":\"https:\\\/\\\/kidsplay.lt\\\/#website\",\"url\":\"https:\\\/\\\/kidsplay.lt\\\/\",\"name\":\"Kidsplay.lt\",\"description\":\"\u012evairios prek\u0117s vaikams\",\"publisher\":{\"@id\":\"https:\\\/\\\/kidsplay.lt\\\/#organization\"},\"alternateName\":\"Kidsplay\",\"potentialAction\":[{\"@type\":\"SearchAction\",\"target\":{\"@type\":\"EntryPoint\",\"urlTemplate\":\"https:\\\/\\\/kidsplay.lt\\\/?s={search_term_string}\"},\"query-input\":{\"@type\":\"PropertyValueSpecification\",\"valueRequired\":true,\"valueName\":\"search_term_string\"}}],\"inLanguage\":\"lv-LV\"},{\"@type\":\"Organization\",\"@id\":\"https:\\\/\\\/kidsplay.lt\\\/#organization\",\"name\":\"KidsPlay\",\"url\":\"https:\\\/\\\/kidsplay.lt\\\/\",\"logo\":{\"@type\":\"ImageObject\",\"inLanguage\":\"lv-LV\",\"@id\":\"https:\\\/\\\/kidsplay.lt\\\/#\\\/schema\\\/logo\\\/image\\\/\",\"url\":\"https:\\\/\\\/kidsplay.lt\\\/wp-content\\\/uploads\\\/2023\\\/07\\\/kidsplay-logo.png\",\"contentUrl\":\"https:\\\/\\\/kidsplay.lt\\\/wp-content\\\/uploads\\\/2023\\\/07\\\/kidsplay-logo.png\",\"width\":451,\"height\":98,\"caption\":\"KidsPlay\"},\"image\":{\"@id\":\"https:\\\/\\\/kidsplay.lt\\\/#\\\/schema\\\/logo\\\/image\\\/\"},\"sameAs\":[\"https:\\\/\\\/www.facebook.com\\\/www.kidsplay.lt\"]}]}<\/script>\n<!-- \/ Yoast SEO plugin. -->","yoast_head_json":{"title":"Miegmai\u0161io ir pir\u0161tini\u0173 komplektas 5in1 - KidsPlay","description":"Miegmai\u0161io ir pir\u0161tini\u0173 komplektas 5in1 - KidsPlay. Did\u017eiausias vaik\u0173 \u017eaisl\u0173 pasirinkimas.","robots":{"index":"index","follow":"follow","max-snippet":"max-snippet:-1","max-image-preview":"max-image-preview:large","max-video-preview":"max-video-preview:-1"},"canonical":"https:\/\/kidsplay.lt\/lv\/products\/miegmaisio-ir-pirstiniu-komplektas-5in1\/","og_locale":"lv_LV","og_type":"article","og_title":"Miegmai\u0161io ir pir\u0161tini\u0173 komplektas 5in1 - KidsPlay","og_description":"Miegmai\u0161io ir pir\u0161tini\u0173 komplektas 5in1 - KidsPlay. Did\u017eiausias vaik\u0173 \u017eaisl\u0173 pasirinkimas.","og_url":"https:\/\/kidsplay.lt\/lv\/products\/miegmaisio-ir-pirstiniu-komplektas-5in1\/","og_site_name":"KidsPlay","article_publisher":"https:\/\/www.facebook.com\/www.kidsplay.lt","article_modified_time":"2026-02-25T14:12:52+00:00","og_image":[{"width":592,"height":443,"url":"https:\/\/kidsplay.lt\/wp-content\/uploads\/2025\/10\/Screenshot_655.png","type":"image\/png"}],"twitter_card":"summary_large_image","twitter_misc":{"Est. reading time":"3 min\u016btes"},"schema":{"@context":"https:\/\/schema.org","@graph":[{"@type":"WebPage","@id":"https:\/\/kidsplay.lt\/produktas\/miegmaisio-ir-pirstiniu-komplektas-5in1\/","url":"https:\/\/kidsplay.lt\/produktas\/miegmaisio-ir-pirstiniu-komplektas-5in1\/","name":"Miegmai\u0161io ir pir\u0161tini\u0173 komplektas 5in1 - KidsPlay","isPartOf":{"@id":"https:\/\/kidsplay.lt\/#website"},"primaryImageOfPage":{"@id":"https:\/\/kidsplay.lt\/produktas\/miegmaisio-ir-pirstiniu-komplektas-5in1\/#primaryimage"},"image":{"@id":"https:\/\/kidsplay.lt\/produktas\/miegmaisio-ir-pirstiniu-komplektas-5in1\/#primaryimage"},"thumbnailUrl":"https:\/\/kidsplay.lt\/wp-content\/uploads\/2025\/10\/Screenshot_655.png","datePublished":"2025-10-09T05:36:34+00:00","dateModified":"2026-02-25T14:12:52+00:00","description":"Miegmai\u0161io ir pir\u0161tini\u0173 komplektas 5in1 - KidsPlay. Did\u017eiausias vaik\u0173 \u017eaisl\u0173 pasirinkimas.","breadcrumb":{"@id":"https:\/\/kidsplay.lt\/produktas\/miegmaisio-ir-pirstiniu-komplektas-5in1\/#breadcrumb"},"inLanguage":"lv-LV","potentialAction":[{"@type":"ReadAction","target":["https:\/\/kidsplay.lt\/produktas\/miegmaisio-ir-pirstiniu-komplektas-5in1\/"]}]},{"@type":"ImageObject","inLanguage":"lv-LV","@id":"https:\/\/kidsplay.lt\/produktas\/miegmaisio-ir-pirstiniu-komplektas-5in1\/#primaryimage","url":"https:\/\/kidsplay.lt\/wp-content\/uploads\/2025\/10\/Screenshot_655.png","contentUrl":"https:\/\/kidsplay.lt\/wp-content\/uploads\/2025\/10\/Screenshot_655.png","width":592,"height":443},{"@type":"BreadcrumbList","@id":"https:\/\/kidsplay.lt\/produktas\/miegmaisio-ir-pirstiniu-komplektas-5in1\/#breadcrumb","itemListElement":[{"@type":"ListItem","position":1,"name":"Pagrindinis","item":"https:\/\/kidsplay.lt\/"},{"@type":"ListItem","position":2,"name":"Parduotuv\u0117","item":"https:\/\/kidsplay.lt\/parduotuve\/"},{"@type":"ListItem","position":3,"name":"Miegmai\u0161io ir pir\u0161tini\u0173 komplektas 5in1"}]},{"@type":"WebSite","@id":"https:\/\/kidsplay.lt\/#website","url":"https:\/\/kidsplay.lt\/","name":"B\u0113rnu sp\u0113les.lv","description":"\u012evairios prek\u0117s vaikams","publisher":{"@id":"https:\/\/kidsplay.lt\/#organization"},"alternateName":"Kidsplay","potentialAction":[{"@type":"SearchAction","target":{"@type":"EntryPoint","urlTemplate":"https:\/\/kidsplay.lt\/?s={search_term_string}"},"query-input":{"@type":"PropertyValueSpecification","valueRequired":true,"valueName":"search_term_string"}}],"inLanguage":"lv-LV"},{"@type":"Organization","@id":"https:\/\/kidsplay.lt\/#organization","name":"B\u0113rnu sp\u0113le","url":"https:\/\/kidsplay.lt\/","logo":{"@type":"ImageObject","inLanguage":"lv-LV","@id":"https:\/\/kidsplay.lt\/#\/schema\/logo\/image\/","url":"https:\/\/kidsplay.lt\/wp-content\/uploads\/2023\/07\/kidsplay-logo.png","contentUrl":"https:\/\/kidsplay.lt\/wp-content\/uploads\/2023\/07\/kidsplay-logo.png","width":451,"height":98,"caption":"KidsPlay"},"image":{"@id":"https:\/\/kidsplay.lt\/#\/schema\/logo\/image\/"},"sameAs":["https:\/\/www.facebook.com\/www.kidsplay.lt"]}]}},"_links":{"self":[{"href":"https:\/\/kidsplay.lt\/lv\/wp-json\/wp\/v2\/product\/75372","targetHints":{"allow":["GET"]}}],"collection":[{"href":"https:\/\/kidsplay.lt\/lv\/wp-json\/wp\/v2\/product"}],"about":[{"href":"https:\/\/kidsplay.lt\/lv\/wp-json\/wp\/v2\/types\/product"}],"version-history":[{"count":1,"href":"https:\/\/kidsplay.lt\/lv\/wp-json\/wp\/v2\/product\/75372\/revisions"}],"predecessor-version":[{"id":75379,"href":"https:\/\/kidsplay.lt\/lv\/wp-json\/wp\/v2\/product\/75372\/revisions\/75379"}],"wp:featuredmedia":[{"embeddable":true,"href":"https:\/\/kidsplay.lt\/lv\/wp-json\/wp\/v2\/media\/75373"}],"wp:attachment":[{"href":"https:\/\/kidsplay.lt\/lv\/wp-json\/wp\/v2\/media?parent=75372"}],"wp:term":[{"taxonomy":"product_brand","embeddable":true,"href":"https:\/\/kidsplay.lt\/lv\/wp-json\/wp\/v2\/product_brand?post=75372"},{"taxonomy":"product_cat","embeddable":true,"href":"https:\/\/kidsplay.lt\/lv\/wp-json\/wp\/v2\/product_cat?post=75372"},{"taxonomy":"product_tag","embeddable":true,"href":"https:\/\/kidsplay.lt\/lv\/wp-json\/wp\/v2\/product_tag?post=75372"}],"curies":[{"name":"wp","href":"https:\/\/api.w.org\/{rel}","templated":true}]}}