{"id":75429,"date":"2025-10-09T09:03:06","date_gmt":"2025-10-09T06:03:06","guid":{"rendered":"https:\/\/kidsplay.lt\/?post_type=product&#038;p=75429"},"modified":"2026-02-25T16:12:41","modified_gmt":"2026-02-25T14:12:41","slug":"columbia-zieminis-kostiumas-powder-lite-r-12-18-menesiu-dvipusis","status":"publish","type":"product","link":"https:\/\/kidsplay.lt\/lv\/products\/columbia-zieminis-kostiumas-powder-lite-r-12-18-menesiu-dvipusis\/","title":{"rendered":"Columbia ziemas kost\u012bms Powder Lite R 12-18 m\u0113ne\u0161i, divpus\u0113js"},"content":{"rendered":"<div class=\"mpof_ki myre_zn myre_8v_l m389_6m_l\">\n<div class=\"mp4t_16_s mryx_16_s mr3m_1 mli2_1 mh85_56 mh85_0_l\">\n<div class=\"mg9e_8 mj7a_8 mg9e_0_s mvrt_0_s mj7a_0_s mh36_0_s mzmg_6m munh_16_l m3h2_16_l\">\n<div class=\"mp4t_0 mryx_0 munh_56 m3h2_56\">\n<div class=\"mp7g_oh\"><button class=\"mg9e_0 mvrt_0 mj7a_0 mh36_0 mp4t_0 m3h2_0 mryx_0 munh_0 mqen_m6 mpof_z0 mx7m_0 m7er_k4 mse2_k4 msts_pt\" data-analytics-interaction=\"true\" data-analytics-interaction-label=\"zoomable-image-open\" aria-disabled=\"true\"><img decoding=\"async\" class=\"msub_k4 mupj_5k mjru_k4 mse2_k4 mp7g_f6 mq1m_0 mj7u_0 m7er_k4 mqen_m6 m31c_d8 m0ux_fp lazyloaded\" src=\"https:\/\/a.allegroimg.com\/original\/115433\/15f0f43348feae3d18b39a3c0d7e\/Columbia-Winter-Suit-Powder-Lite-R-12-18-MONTHS-DOUBLE-SIDED\" sizes=\"(min-width: 1200px) 560px, (min-width: 992px) 50vw, 100vw\" srcset=\"https:\/\/a.allegroimg.com\/s360\/115433\/15f0f43348feae3d18b39a3c0d7e\/Columbia-Winter-Suit-Powder-Lite-R-12-18-MONTHS-DOUBLE-SIDED 238w,https:\/\/a.allegroimg.com\/s720\/115433\/15f0f43348feae3d18b39a3c0d7e\/Columbia-Winter-Suit-Powder-Lite-R-12-18-MONTHS-DOUBLE-SIDED 477w,https:\/\/a.allegroimg.com\/s1024\/115433\/15f0f43348feae3d18b39a3c0d7e\/Columbia-Winter-Suit-Powder-Lite-R-12-18-MONTHS-DOUBLE-SIDED 569w,https:\/\/a.allegroimg.com\/original\/115433\/15f0f43348feae3d18b39a3c0d7e\/Columbia-Winter-Suit-Powder-Lite-R-12-18-MONTHS-DOUBLE-SIDED 569w\" alt=\"Columbia \u017eieminis kostiumas Powder Lite R 12-18 m\u0117nesi\u0173 dvipusis\" width=\"569px\" data-srcset=\"\" \/><\/button><\/div>\n<\/div>\n<\/div>\n<\/div>\n<div class=\"mp4t_16_s mryx_16_s mr3m_1 mli2_1 mh85_56 mh85_0_l\">\n<div class=\"mgn2_16 _0d3bd_am0a-\">\n<p><b><span dir=\"auto\">Produkta apraksts<\/span><\/b><\/p>\n<p><span dir=\"auto\">Mazie p\u0113tnieki var piedz\u012bvot savus pirmos ziemas piedz\u012bvojumus \u016bdensnecaurlaid\u012bgaj\u0101 un izol\u0113taj\u0101 Columbia kost\u012bm\u0101 ar zoda aizsargu papildu aizsardz\u012bbai no aukstuma. Tam ir viegls sint\u0113tiskais izol\u0101cijas materi\u0101ls, un audums ir iztur\u012bgs pret izmirk\u0161anu un traipiem, t\u0101p\u0113c tas paliek t\u012brs un sauss. Piedurkn\u0113m un k\u0101j\u0101m ir atloki, kas \u013cauj piel\u0101got aizsardz\u012bbu pret aukstumu atbilsto\u0161i j\u016bsu vajadz\u012bb\u0101m un laikapst\u0101k\u013ciem. Viduk\u013ca da\u013ca ir da\u013c\u0113ji elast\u012bga, lai nodro\u0161in\u0101tu \u0113rtu un lab\u0101ku piegul\u0161anu.<\/span><\/p>\n<\/div>\n<\/div>\n<\/div>\n<div class=\"mpof_ki myre_zn myre_8v_l m389_6m_l\">\n<div class=\"mp4t_16_s mryx_16_s mr3m_1 mli2_1 mh85_56 mh85_0_l\">\n<div class=\"mgn2_16 _0d3bd_am0a-\">\n<p><b><span dir=\"auto\">Materi\u0101ls un kop\u0161ana<\/span><\/b><\/p>\n<p><b><span dir=\"auto\">Audums:<\/span><\/b><span dir=\"auto\">\u00a0100% poliesters<\/span><\/p>\n<p><b><span dir=\"auto\">Iesild\u012b\u0161an\u0101s:<\/span><\/b><span dir=\"auto\">\u00a0Ar sasil\u0161anu<\/span><\/p>\n<p><b><span dir=\"auto\">Pild\u012bjums:<\/span><\/b><span dir=\"auto\">\u00a0100% poliesters<\/span><\/p>\n<p><b><span dir=\"auto\">Funkcija:<\/span><\/b><span dir=\"auto\">\u00a0Elpojo\u0161s, \u016adensiztur\u012bgs<\/span><\/p>\n<p><span dir=\"auto\">mazg\u0101t ve\u013cas ma\u0161\u012bn\u0101 30\u00b0C temperat\u016br\u0101, izmantojot smalkiem audumiem paredz\u0113tu programmu<\/span><\/p>\n<p><span dir=\"auto\">neveikt \u0137\u012bmisko t\u012br\u012b\u0161anu<\/span><\/p>\n<p><span dir=\"auto\">nesal\u012bdzin\u0101t<\/span><\/p>\n<p><span dir=\"auto\">nebalin\u0101ts<\/span><\/p>\n<p><span dir=\"auto\">\u017e\u0101v\u0113t ve\u013cas \u017e\u0101v\u0113t\u0101j\u0101 ar mazu \u0101trumu<\/span><\/p>\n<\/div>\n<\/div>\n<div class=\"mp4t_16_s mryx_16_s mr3m_1 mli2_1 mh85_56 mh85_0_l\">\n<div class=\"mg9e_8 mj7a_8 mg9e_0_s mvrt_0_s mj7a_0_s mh36_0_s mzmg_6m munh_16_l m3h2_16_l\">\n<div class=\"mp4t_0 mryx_0 munh_56 m3h2_56\">\n<div class=\"mp7g_oh\"><\/div>\n<\/div>\n<\/div>\n<\/div>\n<\/div>","protected":false},"excerpt":{"rendered":"<p>Produkto apra\u0161ymas Ma\u017eieji tyrin\u0117tojai gali patirti pirmuosius \u017eiemos nuotykius su vandeniui atspariu ir izoliuotu \u201eColumbia\u201c kostiumu su smakro apsauga, kuri<\/p>","protected":false},"featured_media":75430,"template":"","meta":{"_acf_changed":false,"_glsr_average":0,"_glsr_ranking":0,"_glsr_reviews":0},"product_brand":[],"product_cat":[676],"product_tag":[],"class_list":{"0":"post-75429","1":"product","2":"type-product","3":"status-publish","4":"has-post-thumbnail","6":"product_cat-kombinezonai","7":"\"style=\"background-color: #2ecc711c;\"","9":"first","10":"instock","11":"shipping-taxable","12":"purchasable","13":"product-type-simple"},"acf":[],"yoast_head":"<!-- This site is optimized with the Yoast SEO plugin v27.4 - https:\/\/yoast.com\/product\/yoast-seo-wordpress\/ -->\n<title>Columbia \u017eieminis kostiumas Powder Lite R 12-18 m\u0117nesi\u0173 dvipusis - KidsPlay<\/title>\n<meta name=\"description\" content=\"Columbia \u017eieminis kostiumas Powder Lite R 12-18 m\u0117nesi\u0173 dvipusis - KidsPlay. Did\u017eiausias vaik\u0173 \u017eaisl\u0173 pasirinkimas.\" \/>\n<meta name=\"robots\" content=\"index, follow, max-snippet:-1, max-image-preview:large, max-video-preview:-1\" \/>\n<link rel=\"canonical\" href=\"https:\/\/kidsplay.lt\/lv\/products\/columbia-zieminis-kostiumas-powder-lite-r-12-18-menesiu-dvipusis\/\" \/>\n<meta property=\"og:locale\" content=\"lv_LV\" \/>\n<meta property=\"og:type\" content=\"article\" \/>\n<meta property=\"og:title\" content=\"Columbia \u017eieminis kostiumas Powder Lite R 12-18 m\u0117nesi\u0173 dvipusis - KidsPlay\" \/>\n<meta property=\"og:description\" content=\"Columbia \u017eieminis kostiumas Powder Lite R 12-18 m\u0117nesi\u0173 dvipusis - KidsPlay. Did\u017eiausias vaik\u0173 \u017eaisl\u0173 pasirinkimas.\" \/>\n<meta property=\"og:url\" content=\"https:\/\/kidsplay.lt\/lv\/products\/columbia-zieminis-kostiumas-powder-lite-r-12-18-menesiu-dvipusis\/\" \/>\n<meta property=\"og:site_name\" content=\"KidsPlay\" \/>\n<meta property=\"article:publisher\" content=\"https:\/\/www.facebook.com\/www.kidsplay.lt\" \/>\n<meta property=\"article:modified_time\" content=\"2026-02-25T14:12:41+00:00\" \/>\n<meta property=\"og:image\" content=\"https:\/\/kidsplay.lt\/wp-content\/uploads\/2025\/10\/Screenshot_696.png\" \/>\n\t<meta property=\"og:image:width\" content=\"377\" \/>\n\t<meta property=\"og:image:height\" content=\"461\" \/>\n\t<meta property=\"og:image:type\" content=\"image\/png\" \/>\n<meta name=\"twitter:card\" content=\"summary_large_image\" \/>\n<meta name=\"twitter:label1\" content=\"Est. reading time\" \/>\n\t<meta name=\"twitter:data1\" content=\"1 min\u016bte\" \/>\n<script type=\"application\/ld+json\" class=\"yoast-schema-graph\">{\"@context\":\"https:\\\/\\\/schema.org\",\"@graph\":[{\"@type\":\"WebPage\",\"@id\":\"https:\\\/\\\/kidsplay.lt\\\/produktas\\\/columbia-zieminis-kostiumas-powder-lite-r-12-18-menesiu-dvipusis\\\/\",\"url\":\"https:\\\/\\\/kidsplay.lt\\\/produktas\\\/columbia-zieminis-kostiumas-powder-lite-r-12-18-menesiu-dvipusis\\\/\",\"name\":\"Columbia \u017eieminis kostiumas Powder Lite R 12-18 m\u0117nesi\u0173 dvipusis - KidsPlay\",\"isPartOf\":{\"@id\":\"https:\\\/\\\/kidsplay.lt\\\/#website\"},\"primaryImageOfPage\":{\"@id\":\"https:\\\/\\\/kidsplay.lt\\\/produktas\\\/columbia-zieminis-kostiumas-powder-lite-r-12-18-menesiu-dvipusis\\\/#primaryimage\"},\"image\":{\"@id\":\"https:\\\/\\\/kidsplay.lt\\\/produktas\\\/columbia-zieminis-kostiumas-powder-lite-r-12-18-menesiu-dvipusis\\\/#primaryimage\"},\"thumbnailUrl\":\"https:\\\/\\\/kidsplay.lt\\\/wp-content\\\/uploads\\\/2025\\\/10\\\/Screenshot_696.png\",\"datePublished\":\"2025-10-09T06:03:06+00:00\",\"dateModified\":\"2026-02-25T14:12:41+00:00\",\"description\":\"Columbia \u017eieminis kostiumas Powder Lite R 12-18 m\u0117nesi\u0173 dvipusis - KidsPlay. Did\u017eiausias vaik\u0173 \u017eaisl\u0173 pasirinkimas.\",\"breadcrumb\":{\"@id\":\"https:\\\/\\\/kidsplay.lt\\\/produktas\\\/columbia-zieminis-kostiumas-powder-lite-r-12-18-menesiu-dvipusis\\\/#breadcrumb\"},\"inLanguage\":\"lv-LV\",\"potentialAction\":[{\"@type\":\"ReadAction\",\"target\":[\"https:\\\/\\\/kidsplay.lt\\\/produktas\\\/columbia-zieminis-kostiumas-powder-lite-r-12-18-menesiu-dvipusis\\\/\"]}]},{\"@type\":\"ImageObject\",\"inLanguage\":\"lv-LV\",\"@id\":\"https:\\\/\\\/kidsplay.lt\\\/produktas\\\/columbia-zieminis-kostiumas-powder-lite-r-12-18-menesiu-dvipusis\\\/#primaryimage\",\"url\":\"https:\\\/\\\/kidsplay.lt\\\/wp-content\\\/uploads\\\/2025\\\/10\\\/Screenshot_696.png\",\"contentUrl\":\"https:\\\/\\\/kidsplay.lt\\\/wp-content\\\/uploads\\\/2025\\\/10\\\/Screenshot_696.png\",\"width\":377,\"height\":461},{\"@type\":\"BreadcrumbList\",\"@id\":\"https:\\\/\\\/kidsplay.lt\\\/produktas\\\/columbia-zieminis-kostiumas-powder-lite-r-12-18-menesiu-dvipusis\\\/#breadcrumb\",\"itemListElement\":[{\"@type\":\"ListItem\",\"position\":1,\"name\":\"Pagrindinis\",\"item\":\"https:\\\/\\\/kidsplay.lt\\\/\"},{\"@type\":\"ListItem\",\"position\":2,\"name\":\"Parduotuv\u0117\",\"item\":\"https:\\\/\\\/kidsplay.lt\\\/parduotuve\\\/\"},{\"@type\":\"ListItem\",\"position\":3,\"name\":\"Columbia \u017eieminis kostiumas Powder Lite R 12-18 m\u0117nesi\u0173 dvipusis\"}]},{\"@type\":\"WebSite\",\"@id\":\"https:\\\/\\\/kidsplay.lt\\\/#website\",\"url\":\"https:\\\/\\\/kidsplay.lt\\\/\",\"name\":\"Kidsplay.lt\",\"description\":\"\u012evairios prek\u0117s vaikams\",\"publisher\":{\"@id\":\"https:\\\/\\\/kidsplay.lt\\\/#organization\"},\"alternateName\":\"Kidsplay\",\"potentialAction\":[{\"@type\":\"SearchAction\",\"target\":{\"@type\":\"EntryPoint\",\"urlTemplate\":\"https:\\\/\\\/kidsplay.lt\\\/?s={search_term_string}\"},\"query-input\":{\"@type\":\"PropertyValueSpecification\",\"valueRequired\":true,\"valueName\":\"search_term_string\"}}],\"inLanguage\":\"lv-LV\"},{\"@type\":\"Organization\",\"@id\":\"https:\\\/\\\/kidsplay.lt\\\/#organization\",\"name\":\"KidsPlay\",\"url\":\"https:\\\/\\\/kidsplay.lt\\\/\",\"logo\":{\"@type\":\"ImageObject\",\"inLanguage\":\"lv-LV\",\"@id\":\"https:\\\/\\\/kidsplay.lt\\\/#\\\/schema\\\/logo\\\/image\\\/\",\"url\":\"https:\\\/\\\/kidsplay.lt\\\/wp-content\\\/uploads\\\/2023\\\/07\\\/kidsplay-logo.png\",\"contentUrl\":\"https:\\\/\\\/kidsplay.lt\\\/wp-content\\\/uploads\\\/2023\\\/07\\\/kidsplay-logo.png\",\"width\":451,\"height\":98,\"caption\":\"KidsPlay\"},\"image\":{\"@id\":\"https:\\\/\\\/kidsplay.lt\\\/#\\\/schema\\\/logo\\\/image\\\/\"},\"sameAs\":[\"https:\\\/\\\/www.facebook.com\\\/www.kidsplay.lt\"]}]}<\/script>\n<!-- \/ Yoast SEO plugin. -->","yoast_head_json":{"title":"Columbia \u017eieminis kostiumas Powder Lite R 12-18 m\u0117nesi\u0173 dvipusis - KidsPlay","description":"Columbia \u017eieminis kostiumas Powder Lite R 12-18 m\u0117nesi\u0173 dvipusis - KidsPlay. Did\u017eiausias vaik\u0173 \u017eaisl\u0173 pasirinkimas.","robots":{"index":"index","follow":"follow","max-snippet":"max-snippet:-1","max-image-preview":"max-image-preview:large","max-video-preview":"max-video-preview:-1"},"canonical":"https:\/\/kidsplay.lt\/lv\/products\/columbia-zieminis-kostiumas-powder-lite-r-12-18-menesiu-dvipusis\/","og_locale":"lv_LV","og_type":"article","og_title":"Columbia \u017eieminis kostiumas Powder Lite R 12-18 m\u0117nesi\u0173 dvipusis - KidsPlay","og_description":"Columbia \u017eieminis kostiumas Powder Lite R 12-18 m\u0117nesi\u0173 dvipusis - KidsPlay. Did\u017eiausias vaik\u0173 \u017eaisl\u0173 pasirinkimas.","og_url":"https:\/\/kidsplay.lt\/lv\/products\/columbia-zieminis-kostiumas-powder-lite-r-12-18-menesiu-dvipusis\/","og_site_name":"KidsPlay","article_publisher":"https:\/\/www.facebook.com\/www.kidsplay.lt","article_modified_time":"2026-02-25T14:12:41+00:00","og_image":[{"width":377,"height":461,"url":"https:\/\/kidsplay.lt\/wp-content\/uploads\/2025\/10\/Screenshot_696.png","type":"image\/png"}],"twitter_card":"summary_large_image","twitter_misc":{"Est. reading time":"1 min\u016bte"},"schema":{"@context":"https:\/\/schema.org","@graph":[{"@type":"WebPage","@id":"https:\/\/kidsplay.lt\/produktas\/columbia-zieminis-kostiumas-powder-lite-r-12-18-menesiu-dvipusis\/","url":"https:\/\/kidsplay.lt\/produktas\/columbia-zieminis-kostiumas-powder-lite-r-12-18-menesiu-dvipusis\/","name":"Columbia \u017eieminis kostiumas Powder Lite R 12-18 m\u0117nesi\u0173 dvipusis - KidsPlay","isPartOf":{"@id":"https:\/\/kidsplay.lt\/#website"},"primaryImageOfPage":{"@id":"https:\/\/kidsplay.lt\/produktas\/columbia-zieminis-kostiumas-powder-lite-r-12-18-menesiu-dvipusis\/#primaryimage"},"image":{"@id":"https:\/\/kidsplay.lt\/produktas\/columbia-zieminis-kostiumas-powder-lite-r-12-18-menesiu-dvipusis\/#primaryimage"},"thumbnailUrl":"https:\/\/kidsplay.lt\/wp-content\/uploads\/2025\/10\/Screenshot_696.png","datePublished":"2025-10-09T06:03:06+00:00","dateModified":"2026-02-25T14:12:41+00:00","description":"Columbia \u017eieminis kostiumas Powder Lite R 12-18 m\u0117nesi\u0173 dvipusis - KidsPlay. Did\u017eiausias vaik\u0173 \u017eaisl\u0173 pasirinkimas.","breadcrumb":{"@id":"https:\/\/kidsplay.lt\/produktas\/columbia-zieminis-kostiumas-powder-lite-r-12-18-menesiu-dvipusis\/#breadcrumb"},"inLanguage":"lv-LV","potentialAction":[{"@type":"ReadAction","target":["https:\/\/kidsplay.lt\/produktas\/columbia-zieminis-kostiumas-powder-lite-r-12-18-menesiu-dvipusis\/"]}]},{"@type":"ImageObject","inLanguage":"lv-LV","@id":"https:\/\/kidsplay.lt\/produktas\/columbia-zieminis-kostiumas-powder-lite-r-12-18-menesiu-dvipusis\/#primaryimage","url":"https:\/\/kidsplay.lt\/wp-content\/uploads\/2025\/10\/Screenshot_696.png","contentUrl":"https:\/\/kidsplay.lt\/wp-content\/uploads\/2025\/10\/Screenshot_696.png","width":377,"height":461},{"@type":"BreadcrumbList","@id":"https:\/\/kidsplay.lt\/produktas\/columbia-zieminis-kostiumas-powder-lite-r-12-18-menesiu-dvipusis\/#breadcrumb","itemListElement":[{"@type":"ListItem","position":1,"name":"Pagrindinis","item":"https:\/\/kidsplay.lt\/"},{"@type":"ListItem","position":2,"name":"Parduotuv\u0117","item":"https:\/\/kidsplay.lt\/parduotuve\/"},{"@type":"ListItem","position":3,"name":"Columbia \u017eieminis kostiumas Powder Lite R 12-18 m\u0117nesi\u0173 dvipusis"}]},{"@type":"WebSite","@id":"https:\/\/kidsplay.lt\/#website","url":"https:\/\/kidsplay.lt\/","name":"B\u0113rnu sp\u0113les.lv","description":"\u012evairios prek\u0117s vaikams","publisher":{"@id":"https:\/\/kidsplay.lt\/#organization"},"alternateName":"Kidsplay","potentialAction":[{"@type":"SearchAction","target":{"@type":"EntryPoint","urlTemplate":"https:\/\/kidsplay.lt\/?s={search_term_string}"},"query-input":{"@type":"PropertyValueSpecification","valueRequired":true,"valueName":"search_term_string"}}],"inLanguage":"lv-LV"},{"@type":"Organization","@id":"https:\/\/kidsplay.lt\/#organization","name":"B\u0113rnu sp\u0113le","url":"https:\/\/kidsplay.lt\/","logo":{"@type":"ImageObject","inLanguage":"lv-LV","@id":"https:\/\/kidsplay.lt\/#\/schema\/logo\/image\/","url":"https:\/\/kidsplay.lt\/wp-content\/uploads\/2023\/07\/kidsplay-logo.png","contentUrl":"https:\/\/kidsplay.lt\/wp-content\/uploads\/2023\/07\/kidsplay-logo.png","width":451,"height":98,"caption":"KidsPlay"},"image":{"@id":"https:\/\/kidsplay.lt\/#\/schema\/logo\/image\/"},"sameAs":["https:\/\/www.facebook.com\/www.kidsplay.lt"]}]}},"_links":{"self":[{"href":"https:\/\/kidsplay.lt\/lv\/wp-json\/wp\/v2\/product\/75429","targetHints":{"allow":["GET"]}}],"collection":[{"href":"https:\/\/kidsplay.lt\/lv\/wp-json\/wp\/v2\/product"}],"about":[{"href":"https:\/\/kidsplay.lt\/lv\/wp-json\/wp\/v2\/types\/product"}],"version-history":[{"count":1,"href":"https:\/\/kidsplay.lt\/lv\/wp-json\/wp\/v2\/product\/75429\/revisions"}],"predecessor-version":[{"id":75434,"href":"https:\/\/kidsplay.lt\/lv\/wp-json\/wp\/v2\/product\/75429\/revisions\/75434"}],"wp:featuredmedia":[{"embeddable":true,"href":"https:\/\/kidsplay.lt\/lv\/wp-json\/wp\/v2\/media\/75430"}],"wp:attachment":[{"href":"https:\/\/kidsplay.lt\/lv\/wp-json\/wp\/v2\/media?parent=75429"}],"wp:term":[{"taxonomy":"product_brand","embeddable":true,"href":"https:\/\/kidsplay.lt\/lv\/wp-json\/wp\/v2\/product_brand?post=75429"},{"taxonomy":"product_cat","embeddable":true,"href":"https:\/\/kidsplay.lt\/lv\/wp-json\/wp\/v2\/product_cat?post=75429"},{"taxonomy":"product_tag","embeddable":true,"href":"https:\/\/kidsplay.lt\/lv\/wp-json\/wp\/v2\/product_tag?post=75429"}],"curies":[{"name":"wp","href":"https:\/\/api.w.org\/{rel}","templated":true}]}}