{"id":75481,"date":"2025-10-09T09:20:40","date_gmt":"2025-10-09T06:20:40","guid":{"rendered":"https:\/\/kidsplay.lt\/produktas\/woopie-mazuju-konditeriniu-saldumynu-ir-desertu-rinkinys-kibire-40-vnt\/"},"modified":"2026-03-30T19:27:34","modified_gmt":"2026-03-30T16:27:34","slug":"woopie-mazuju-konditeriniu-saldumynu-ir-desertu-rinkinys-kibire-40-vnt","status":"publish","type":"product","link":"https:\/\/kidsplay.lt\/lv\/products\/woopie-mazuju-konditeriniu-saldumynu-ir-desertu-rinkinys-kibire-40-vnt\/","title":{"rendered":"WOOPIE Ma\u017e\u0173j\u0173 konditerini\u0173 saldumyn\u0173 ir desert\u0173 rinkinys kibire 40 vnt."},"content":{"rendered":"<p>Saldaini\u0173 ir desert\u0173 rinkinys kibire\u00a0i\u0161 mark\u0117s\u00a0Woopie\u00a0tai turtingas \u017eaidim\u0173 aksesuar\u0173 rinkinys, kuris nuves j\u016bs\u0173 vaik\u0105 \u012f sald\u017ei\u0173 pyragai\u010di\u0173 ir spalving\u0173 desert\u0173 pasaul\u012f. Komplekt\u0105 sudaro iki\u00a040 element\u0173, \u012fskaitant realiai pagamint\u0105\u00a0spurgos, sausainiai, riestainiai, bandel\u0117s, ledai\u00a0ir pusry\u010di\u0173 aksesuarai bei g\u0117rimai. Taip pat buvo daug\u00a0puodeliai, l\u0117k\u0161t\u0117s ir stalo \u012frankiai, kad linksmyb\u0117s b\u016bt\u0173 dar tikrovi\u0161kesn\u0117s. Visi daiktai\u00a0pagaminta atkreipiant d\u0117mes\u012f \u012f detales\u00a0ir supakuota prakti\u0161kai,\u00a0skaidrus kau\u0161as su rankena\u00a0\u2013 puikiai tinka laikyti ir lengvai ne\u0161iotis. Komplektas puikiai tinka \u017eaisti kavin\u0117je, restorane ar popiet\u0117s arbatoje. \u017daid\u017eiant su rinkiniu lavinama vaizduot\u0117, skatinamas k\u016brybi\u0161kumas ir palaikomi vaiko socialiniai \u012fg\u016bd\u017eiai, eilin\u0119 dien\u0105 paver\u010diant skaniu nuotykiu.<\/p>\n<p>Raksturojums:<\/p>\n<p> \t&#8211;\u00a0Vaiki\u0161kas \u017eaisliukas i\u0161\u00a03 metai<br \/>\n \t&#8211;\u00a0Didelis rinkinys, kur\u012f sudaro\u00a040 element\u0173<br \/>\n \t&#8211;\u00a0Sud\u0117tyje yra imitacij\u0173\u00a0saldumynai, desertai, pusry\u010diai\u00a0ir\u00a0arbatos\/kavos rinkinys<br \/>\n \t&#8211;\u00a0Prakti\u0161kas,\u00a0skaidrus kau\u0161as\u00a0su rankena, kad b\u016bt\u0173 lengva laikyti<br \/>\n \t&#8211;\u00a0Puikiai tinka\u00a0vaidmen\u0173 \u017eaidimas\u00a0ir linksmintis gastronomijoje<\/p>\n<p>Komplekt\u0101 ietilpst:<\/p>\n<p> \t&#8211;\u00a0Kau\u0161as\/Konteineris su rankena (x1)<br \/>\n \t&#8211;\u00a0Kavos\/arbatos puodeliai (x2)<br \/>\n \t&#8211;\u00a0L\u0117k\u0161t\u0117s (x2)<br \/>\n \t&#8211;\u00a0Stalo \u012frankiai (peiliai, \u0161akut\u0117s, \u0161auk\u0161tai) (x6)<br \/>\n \t&#8211;\u00a0Makaron\u0173\/pastos d\u0117\u017eut\u0117 (x1)<br \/>\n \t&#8211;\u00a0Gr\u016bd\u0173 d\u0117\u017eut\u0117 (x1)<br \/>\n \t&#8211;\u00a0Sul\u010di\u0173 d\u0117\u017eut\u0117 (x1)<br \/>\n \t&#8211;\u00a0Hamburgeris (x1)<br \/>\n \t&#8211;\u00a0Picos riekel\u0117\/skrudinta duona (x2)<br \/>\n \t&#8211;\u00a0Pretzel (x2)<br \/>\n \t&#8211;\u00a0Kruasanas (x1)<br \/>\n \t&#8211;\u00a0Vafliai (x1)<br \/>\n \t&#8211;\u00a0Donatas (x1)<br \/>\n \t&#8211;\u00a0Sausainiai\/Pyragai\u010diai (x4)<br \/>\n \t&#8211;\u00a0Hamburgeris (x1)<br \/>\n \t&#8211;\u00a0Baras (x1)<br \/>\n \t&#8211;\u00a0Pyn\u0117 (x1)<br \/>\n \t&#8211;\u00a0Ritinys (x1)<br \/>\n \t&#8211;\u00a0Ledas ant pagaliuko (x1)<br \/>\n \t&#8211;\u00a0G\u0117rim\u0173 puodeliai (x2)<\/p>\n<p>Rota\u013clieta att\u012bst\u0101s:<\/p>\n<p> \t&#8211; K\u016brybi\u0161kumas ir vaizduot\u0117<br \/>\n \t&#8211; Socialiniai \u012fg\u016bd\u017eiai ir bendravimas<br \/>\n \t&#8211; Dalijimasis ir empatija<br \/>\n \t&#8211; Kulinarini\u0173 s\u0105vok\u0173 supratimas<\/p>","protected":false},"excerpt":{"rendered":"<p>5906280656980<\/p>","protected":false},"featured_media":75483,"template":"","meta":{"_acf_changed":false,"_glsr_average":0,"_glsr_ranking":0,"_glsr_reviews":0},"product_brand":[],"product_cat":[399,282,229],"product_tag":[],"class_list":{"0":"post-75481","1":"product","2":"type-product","3":"status-publish","4":"has-post-thumbnail","6":"product_cat-vaidmenu-zaidimai-2","7":"product_cat-virtuves-reikmenys-vaidmenu-zaidimai","8":"product_cat-zaislai-vaikams","9":"\"style=\"background-color: #2ecc711c;\"","11":"first","12":"outofstock","13":"purchasable","14":"product-type-simple"},"acf":[],"yoast_head":"<!-- This site is optimized with the Yoast SEO plugin v27.3 - https:\/\/yoast.com\/product\/yoast-seo-wordpress\/ -->\n<title>WOOPIE Ma\u017e\u0173j\u0173 konditerini\u0173 saldumyn\u0173 ir desert\u0173 rinkinys kibire 40 vnt.<\/title>\n<meta name=\"description\" content=\"WOOPIE Ma\u017e\u0173j\u0173 konditerini\u0173 saldumyn\u0173 ir desert\u0173 rinkinys kibire 40 vnt. - KidsPlay. Did\u017eiausias vaik\u0173 \u017eaisl\u0173 pasirinkimas.\" \/>\n<meta name=\"robots\" content=\"index, follow, max-snippet:-1, max-image-preview:large, max-video-preview:-1\" \/>\n<link rel=\"canonical\" href=\"https:\/\/kidsplay.lt\/lv\/products\/woopie-mazuju-konditeriniu-saldumynu-ir-desertu-rinkinys-kibire-40-vnt\/\" \/>\n<meta property=\"og:locale\" content=\"lv_LV\" \/>\n<meta property=\"og:type\" content=\"article\" \/>\n<meta property=\"og:title\" content=\"WOOPIE Ma\u017e\u0173j\u0173 konditerini\u0173 saldumyn\u0173 ir desert\u0173 rinkinys kibire 40 vnt.\" \/>\n<meta property=\"og:description\" content=\"WOOPIE Ma\u017e\u0173j\u0173 konditerini\u0173 saldumyn\u0173 ir desert\u0173 rinkinys kibire 40 vnt. - KidsPlay. Did\u017eiausias vaik\u0173 \u017eaisl\u0173 pasirinkimas.\" \/>\n<meta property=\"og:url\" content=\"https:\/\/kidsplay.lt\/lv\/products\/woopie-mazuju-konditeriniu-saldumynu-ir-desertu-rinkinys-kibire-40-vnt\/\" \/>\n<meta property=\"og:site_name\" content=\"KidsPlay\" \/>\n<meta property=\"article:publisher\" content=\"https:\/\/www.facebook.com\/www.kidsplay.lt\" \/>\n<meta property=\"article:modified_time\" content=\"2026-03-30T16:27:34+00:00\" \/>\n<meta property=\"og:image\" content=\"https:\/\/kidsplay.lt\/wp-content\/uploads\/2025\/10\/WOOPIE-Mazuju-konditeriniu-saldumynu-ir-desertu-rinkinys-kibire-40-vnt.jpg\" \/>\n\t<meta property=\"og:image:width\" content=\"1000\" \/>\n\t<meta property=\"og:image:height\" content=\"1000\" \/>\n\t<meta property=\"og:image:type\" content=\"image\/jpeg\" \/>\n<meta name=\"twitter:card\" content=\"summary_large_image\" \/>\n<meta name=\"twitter:label1\" content=\"Est. reading time\" \/>\n\t<meta name=\"twitter:data1\" content=\"1 min\u016bte\" \/>\n<script type=\"application\/ld+json\" class=\"yoast-schema-graph\">{\"@context\":\"https:\\\/\\\/schema.org\",\"@graph\":[{\"@type\":\"WebPage\",\"@id\":\"https:\\\/\\\/kidsplay.lt\\\/produktas\\\/woopie-mazuju-konditeriniu-saldumynu-ir-desertu-rinkinys-kibire-40-vnt\\\/\",\"url\":\"https:\\\/\\\/kidsplay.lt\\\/produktas\\\/woopie-mazuju-konditeriniu-saldumynu-ir-desertu-rinkinys-kibire-40-vnt\\\/\",\"name\":\"WOOPIE Ma\u017e\u0173j\u0173 konditerini\u0173 saldumyn\u0173 ir desert\u0173 rinkinys kibire 40 vnt.\",\"isPartOf\":{\"@id\":\"https:\\\/\\\/kidsplay.lt\\\/#website\"},\"primaryImageOfPage\":{\"@id\":\"https:\\\/\\\/kidsplay.lt\\\/produktas\\\/woopie-mazuju-konditeriniu-saldumynu-ir-desertu-rinkinys-kibire-40-vnt\\\/#primaryimage\"},\"image\":{\"@id\":\"https:\\\/\\\/kidsplay.lt\\\/produktas\\\/woopie-mazuju-konditeriniu-saldumynu-ir-desertu-rinkinys-kibire-40-vnt\\\/#primaryimage\"},\"thumbnailUrl\":\"https:\\\/\\\/kidsplay.lt\\\/wp-content\\\/uploads\\\/2025\\\/10\\\/WOOPIE-Mazuju-konditeriniu-saldumynu-ir-desertu-rinkinys-kibire-40-vnt.jpg\",\"datePublished\":\"2025-10-09T06:20:40+00:00\",\"dateModified\":\"2026-03-30T16:27:34+00:00\",\"description\":\"WOOPIE Ma\u017e\u0173j\u0173 konditerini\u0173 saldumyn\u0173 ir desert\u0173 rinkinys kibire 40 vnt. - KidsPlay. Did\u017eiausias vaik\u0173 \u017eaisl\u0173 pasirinkimas.\",\"breadcrumb\":{\"@id\":\"https:\\\/\\\/kidsplay.lt\\\/produktas\\\/woopie-mazuju-konditeriniu-saldumynu-ir-desertu-rinkinys-kibire-40-vnt\\\/#breadcrumb\"},\"inLanguage\":\"lv-LV\",\"potentialAction\":[{\"@type\":\"ReadAction\",\"target\":[\"https:\\\/\\\/kidsplay.lt\\\/produktas\\\/woopie-mazuju-konditeriniu-saldumynu-ir-desertu-rinkinys-kibire-40-vnt\\\/\"]}]},{\"@type\":\"ImageObject\",\"inLanguage\":\"lv-LV\",\"@id\":\"https:\\\/\\\/kidsplay.lt\\\/produktas\\\/woopie-mazuju-konditeriniu-saldumynu-ir-desertu-rinkinys-kibire-40-vnt\\\/#primaryimage\",\"url\":\"https:\\\/\\\/kidsplay.lt\\\/wp-content\\\/uploads\\\/2025\\\/10\\\/WOOPIE-Mazuju-konditeriniu-saldumynu-ir-desertu-rinkinys-kibire-40-vnt.jpg\",\"contentUrl\":\"https:\\\/\\\/kidsplay.lt\\\/wp-content\\\/uploads\\\/2025\\\/10\\\/WOOPIE-Mazuju-konditeriniu-saldumynu-ir-desertu-rinkinys-kibire-40-vnt.jpg\",\"width\":1000,\"height\":1000,\"caption\":\"WOOPIE Ma\u017e\u0173j\u0173 konditerini\u0173 saldumyn\u0173 ir desert\u0173 rinkinys kibire 40 vnt.\"},{\"@type\":\"BreadcrumbList\",\"@id\":\"https:\\\/\\\/kidsplay.lt\\\/produktas\\\/woopie-mazuju-konditeriniu-saldumynu-ir-desertu-rinkinys-kibire-40-vnt\\\/#breadcrumb\",\"itemListElement\":[{\"@type\":\"ListItem\",\"position\":1,\"name\":\"Pagrindinis\",\"item\":\"https:\\\/\\\/kidsplay.lt\\\/\"},{\"@type\":\"ListItem\",\"position\":2,\"name\":\"Parduotuv\u0117\",\"item\":\"https:\\\/\\\/kidsplay.lt\\\/parduotuve\\\/\"},{\"@type\":\"ListItem\",\"position\":3,\"name\":\"WOOPIE Ma\u017e\u0173j\u0173 konditerini\u0173 saldumyn\u0173 ir desert\u0173 rinkinys kibire 40 vnt.\"}]},{\"@type\":\"WebSite\",\"@id\":\"https:\\\/\\\/kidsplay.lt\\\/#website\",\"url\":\"https:\\\/\\\/kidsplay.lt\\\/\",\"name\":\"Kidsplay.lt\",\"description\":\"\u012evairios prek\u0117s vaikams\",\"publisher\":{\"@id\":\"https:\\\/\\\/kidsplay.lt\\\/#organization\"},\"alternateName\":\"Kidsplay\",\"potentialAction\":[{\"@type\":\"SearchAction\",\"target\":{\"@type\":\"EntryPoint\",\"urlTemplate\":\"https:\\\/\\\/kidsplay.lt\\\/?s={search_term_string}\"},\"query-input\":{\"@type\":\"PropertyValueSpecification\",\"valueRequired\":true,\"valueName\":\"search_term_string\"}}],\"inLanguage\":\"lv-LV\"},{\"@type\":\"Organization\",\"@id\":\"https:\\\/\\\/kidsplay.lt\\\/#organization\",\"name\":\"KidsPlay\",\"url\":\"https:\\\/\\\/kidsplay.lt\\\/\",\"logo\":{\"@type\":\"ImageObject\",\"inLanguage\":\"lv-LV\",\"@id\":\"https:\\\/\\\/kidsplay.lt\\\/#\\\/schema\\\/logo\\\/image\\\/\",\"url\":\"https:\\\/\\\/kidsplay.lt\\\/wp-content\\\/uploads\\\/2023\\\/07\\\/kidsplay-logo.png\",\"contentUrl\":\"https:\\\/\\\/kidsplay.lt\\\/wp-content\\\/uploads\\\/2023\\\/07\\\/kidsplay-logo.png\",\"width\":451,\"height\":98,\"caption\":\"KidsPlay\"},\"image\":{\"@id\":\"https:\\\/\\\/kidsplay.lt\\\/#\\\/schema\\\/logo\\\/image\\\/\"},\"sameAs\":[\"https:\\\/\\\/www.facebook.com\\\/www.kidsplay.lt\"]}]}<\/script>\n<!-- \/ Yoast SEO plugin. -->","yoast_head_json":{"title":"WOOPIE Ma\u017e\u0173j\u0173 konditerini\u0173 saldumyn\u0173 ir desert\u0173 rinkinys kibire 40 vnt.","description":"WOOPIE Ma\u017e\u0173j\u0173 konditerini\u0173 saldumyn\u0173 ir desert\u0173 rinkinys kibire 40 vnt. - KidsPlay. Did\u017eiausias vaik\u0173 \u017eaisl\u0173 pasirinkimas.","robots":{"index":"index","follow":"follow","max-snippet":"max-snippet:-1","max-image-preview":"max-image-preview:large","max-video-preview":"max-video-preview:-1"},"canonical":"https:\/\/kidsplay.lt\/lv\/products\/woopie-mazuju-konditeriniu-saldumynu-ir-desertu-rinkinys-kibire-40-vnt\/","og_locale":"lv_LV","og_type":"article","og_title":"WOOPIE Ma\u017e\u0173j\u0173 konditerini\u0173 saldumyn\u0173 ir desert\u0173 rinkinys kibire 40 vnt.","og_description":"WOOPIE Ma\u017e\u0173j\u0173 konditerini\u0173 saldumyn\u0173 ir desert\u0173 rinkinys kibire 40 vnt. - KidsPlay. Did\u017eiausias vaik\u0173 \u017eaisl\u0173 pasirinkimas.","og_url":"https:\/\/kidsplay.lt\/lv\/products\/woopie-mazuju-konditeriniu-saldumynu-ir-desertu-rinkinys-kibire-40-vnt\/","og_site_name":"KidsPlay","article_publisher":"https:\/\/www.facebook.com\/www.kidsplay.lt","article_modified_time":"2026-03-30T16:27:34+00:00","og_image":[{"width":1000,"height":1000,"url":"https:\/\/kidsplay.lt\/wp-content\/uploads\/2025\/10\/WOOPIE-Mazuju-konditeriniu-saldumynu-ir-desertu-rinkinys-kibire-40-vnt.jpg","type":"image\/jpeg"}],"twitter_card":"summary_large_image","twitter_misc":{"Est. reading time":"1 min\u016bte"},"schema":{"@context":"https:\/\/schema.org","@graph":[{"@type":"WebPage","@id":"https:\/\/kidsplay.lt\/produktas\/woopie-mazuju-konditeriniu-saldumynu-ir-desertu-rinkinys-kibire-40-vnt\/","url":"https:\/\/kidsplay.lt\/produktas\/woopie-mazuju-konditeriniu-saldumynu-ir-desertu-rinkinys-kibire-40-vnt\/","name":"WOOPIE Ma\u017e\u0173j\u0173 konditerini\u0173 saldumyn\u0173 ir desert\u0173 rinkinys kibire 40 vnt.","isPartOf":{"@id":"https:\/\/kidsplay.lt\/#website"},"primaryImageOfPage":{"@id":"https:\/\/kidsplay.lt\/produktas\/woopie-mazuju-konditeriniu-saldumynu-ir-desertu-rinkinys-kibire-40-vnt\/#primaryimage"},"image":{"@id":"https:\/\/kidsplay.lt\/produktas\/woopie-mazuju-konditeriniu-saldumynu-ir-desertu-rinkinys-kibire-40-vnt\/#primaryimage"},"thumbnailUrl":"https:\/\/kidsplay.lt\/wp-content\/uploads\/2025\/10\/WOOPIE-Mazuju-konditeriniu-saldumynu-ir-desertu-rinkinys-kibire-40-vnt.jpg","datePublished":"2025-10-09T06:20:40+00:00","dateModified":"2026-03-30T16:27:34+00:00","description":"WOOPIE Ma\u017e\u0173j\u0173 konditerini\u0173 saldumyn\u0173 ir desert\u0173 rinkinys kibire 40 vnt. - KidsPlay. Did\u017eiausias vaik\u0173 \u017eaisl\u0173 pasirinkimas.","breadcrumb":{"@id":"https:\/\/kidsplay.lt\/produktas\/woopie-mazuju-konditeriniu-saldumynu-ir-desertu-rinkinys-kibire-40-vnt\/#breadcrumb"},"inLanguage":"lv-LV","potentialAction":[{"@type":"ReadAction","target":["https:\/\/kidsplay.lt\/produktas\/woopie-mazuju-konditeriniu-saldumynu-ir-desertu-rinkinys-kibire-40-vnt\/"]}]},{"@type":"ImageObject","inLanguage":"lv-LV","@id":"https:\/\/kidsplay.lt\/produktas\/woopie-mazuju-konditeriniu-saldumynu-ir-desertu-rinkinys-kibire-40-vnt\/#primaryimage","url":"https:\/\/kidsplay.lt\/wp-content\/uploads\/2025\/10\/WOOPIE-Mazuju-konditeriniu-saldumynu-ir-desertu-rinkinys-kibire-40-vnt.jpg","contentUrl":"https:\/\/kidsplay.lt\/wp-content\/uploads\/2025\/10\/WOOPIE-Mazuju-konditeriniu-saldumynu-ir-desertu-rinkinys-kibire-40-vnt.jpg","width":1000,"height":1000,"caption":"WOOPIE Ma\u017e\u0173j\u0173 konditerini\u0173 saldumyn\u0173 ir desert\u0173 rinkinys kibire 40 vnt."},{"@type":"BreadcrumbList","@id":"https:\/\/kidsplay.lt\/produktas\/woopie-mazuju-konditeriniu-saldumynu-ir-desertu-rinkinys-kibire-40-vnt\/#breadcrumb","itemListElement":[{"@type":"ListItem","position":1,"name":"Pagrindinis","item":"https:\/\/kidsplay.lt\/"},{"@type":"ListItem","position":2,"name":"Parduotuv\u0117","item":"https:\/\/kidsplay.lt\/parduotuve\/"},{"@type":"ListItem","position":3,"name":"WOOPIE Ma\u017e\u0173j\u0173 konditerini\u0173 saldumyn\u0173 ir desert\u0173 rinkinys kibire 40 vnt."}]},{"@type":"WebSite","@id":"https:\/\/kidsplay.lt\/#website","url":"https:\/\/kidsplay.lt\/","name":"B\u0113rnu sp\u0113les.lv","description":"\u012evairios prek\u0117s vaikams","publisher":{"@id":"https:\/\/kidsplay.lt\/#organization"},"alternateName":"Kidsplay","potentialAction":[{"@type":"SearchAction","target":{"@type":"EntryPoint","urlTemplate":"https:\/\/kidsplay.lt\/?s={search_term_string}"},"query-input":{"@type":"PropertyValueSpecification","valueRequired":true,"valueName":"search_term_string"}}],"inLanguage":"lv-LV"},{"@type":"Organization","@id":"https:\/\/kidsplay.lt\/#organization","name":"B\u0113rnu sp\u0113le","url":"https:\/\/kidsplay.lt\/","logo":{"@type":"ImageObject","inLanguage":"lv-LV","@id":"https:\/\/kidsplay.lt\/#\/schema\/logo\/image\/","url":"https:\/\/kidsplay.lt\/wp-content\/uploads\/2023\/07\/kidsplay-logo.png","contentUrl":"https:\/\/kidsplay.lt\/wp-content\/uploads\/2023\/07\/kidsplay-logo.png","width":451,"height":98,"caption":"KidsPlay"},"image":{"@id":"https:\/\/kidsplay.lt\/#\/schema\/logo\/image\/"},"sameAs":["https:\/\/www.facebook.com\/www.kidsplay.lt"]}]}},"_links":{"self":[{"href":"https:\/\/kidsplay.lt\/lv\/wp-json\/wp\/v2\/product\/75481","targetHints":{"allow":["GET"]}}],"collection":[{"href":"https:\/\/kidsplay.lt\/lv\/wp-json\/wp\/v2\/product"}],"about":[{"href":"https:\/\/kidsplay.lt\/lv\/wp-json\/wp\/v2\/types\/product"}],"version-history":[{"count":2,"href":"https:\/\/kidsplay.lt\/lv\/wp-json\/wp\/v2\/product\/75481\/revisions"}],"predecessor-version":[{"id":76058,"href":"https:\/\/kidsplay.lt\/lv\/wp-json\/wp\/v2\/product\/75481\/revisions\/76058"}],"wp:featuredmedia":[{"embeddable":true,"href":"https:\/\/kidsplay.lt\/lv\/wp-json\/wp\/v2\/media\/75483"}],"wp:attachment":[{"href":"https:\/\/kidsplay.lt\/lv\/wp-json\/wp\/v2\/media?parent=75481"}],"wp:term":[{"taxonomy":"product_brand","embeddable":true,"href":"https:\/\/kidsplay.lt\/lv\/wp-json\/wp\/v2\/product_brand?post=75481"},{"taxonomy":"product_cat","embeddable":true,"href":"https:\/\/kidsplay.lt\/lv\/wp-json\/wp\/v2\/product_cat?post=75481"},{"taxonomy":"product_tag","embeddable":true,"href":"https:\/\/kidsplay.lt\/lv\/wp-json\/wp\/v2\/product_tag?post=75481"}],"curies":[{"name":"wp","href":"https:\/\/api.w.org\/{rel}","templated":true}]}}