{"id":75491,"date":"2025-10-09T09:21:14","date_gmt":"2025-10-09T06:21:14","guid":{"rendered":"https:\/\/kidsplay.lt\/produktas\/woopie-dinozauru-figureles-rinkinys-6-vnt-t-rex\/"},"modified":"2026-04-07T10:06:10","modified_gmt":"2026-04-07T07:06:10","slug":"woopie-dinozauru-figureles-rinkinys-6-vnt-t-rex","status":"publish","type":"product","link":"https:\/\/kidsplay.lt\/lv\/product\/woopie-dinozauru-figureles-rinkinys-6-vnt-t-rex\/","title":{"rendered":"WOOPIE dinozaur\u0173 fig\u016br\u0117l\u0117s rinkinys 6 vnt T-Rex"},"content":{"rendered":"<p>Atraskite prie\u0161istorini\u0173 gigant\u0173 pasaul\u012f su\u00a0dinozaur\u0173 fig\u016br\u0117li\u0173 rinkinys\u00a0i\u0161 mark\u0117s\u00a0Woopie&#8217;, kuris sugr\u0105\u017eina vaikus \u012f tuos laikus, kai \u017dem\u0119 vald\u0117 did\u017eiuliai ropliai. Kiekviena fig\u016bra buvo pagaminta i\u0161\u00a0lanksti ir saugi guma, kuris u\u017etikrina komforti\u0161k\u0105 linksmum\u0105 ir\u00a0atsparumas kritimams\u00a0ir kasdienis naudojimas. D\u0117l tikrovi\u0161k\u0173 \u2013 detali\u0173, nuo ai\u0161kiai pa\u017eym\u0117t\u0173 svarstykli\u0173, per nat\u016bralias spalvas, iki tiksliai atkurt\u0173 k\u016bno proporcij\u0173 \u2013, vaikai gali jaustis tikrais ma\u017eais paleontologais. Rinkinyje yra \u012fvairi\u0173 dinozaur\u0173 r\u016b\u0161i\u0173, \u012fskaitant didingus dinozaurus\u00a0Tyrannosaurus\u00a0ir \u012fsp\u016bdingas\u00a0Triceratopstai leid\u017eia suvaidinti \u012fdomias scenas ir kurti savo nuotykius. Fig\u016br\u0117l\u0117s skatina tiek individual\u0173, tiek grupin\u012f \u017eaidim\u0105, lavina vaizduot\u0119, k\u016brybi\u0161kum\u0105 ir geb\u0117jim\u0105 pasakoti istorijas.\u00a0\u0160is rinkinys leid\u017eia sukurti savo \u201eJuros periodo parkus\u201d, \u017eaisti kovas tarp dinozaur\u0173, mokytis \u017eaid\u017eiant ir ugdyti aistr\u0105 paleontologijai. Puikiai tinka tiek ma\u017eiems, tiek vyresniems vaikams kaip fig\u016br\u0117l\u0117s kolekcijos papildymas Tai idealus b\u016bdas nat\u016braliai, \u012ftraukian\u010diai ugdyti vaiko aistras ir pom\u0117gius.<\/p>\n<p>Raksturojums:<\/p>\n<p> \t&#8211; Vaiki\u0161kas \u017eaislas\u00a0nuo 3 met\u0173 am\u017eiaus<br \/>\n \t&#8211;\u00a06 fig\u016br\u0173 rinkinys\u00a0vaizduojantis \u012fvairias dinozaur\u0173 r\u016b\u0161is<br \/>\n \t&#8211;\u00a0Lanksti med\u017eiaga\u00a0\u2013 saugus ir malonus liesti<br \/>\n \t&#8211;\u00a0Realios detal\u0117s\u00a0\u2013 odos tekst\u016bra, spalvos ir proporcijos artimos nat\u016braliai<br \/>\n \t&#8211;\u00a0Ilgalaikis vykdymas\u00a0\u2013 atsparus kritimams, sm\u016bgiams ir kasdien\u0117ms pramogoms<br \/>\n \t&#8211;\u00a0Saugus Baigti\u00a0\u2013 n\u0117ra a\u0161tri\u0173 kra\u0161t\u0173<br \/>\n \t&#8211;\u00a0\u012evairiapusi\u0161kas naudojimas\u00a0\u2013 pramogoms namuose, sode, sm\u0117lio d\u0117\u017e\u0117je ir papl\u016bdimyje<\/p>\n<p>Rota\u013clieta att\u012bst\u0101s:<\/p>\n<p> \t&#8211; vaizduot\u0117 ir k\u016brybi\u0161kumas<br \/>\n \t&#8211; rank\u0173 miklumas ir rank\u0173 ir aki\u0173 koordinavimas<br \/>\n \t&#8211; prie\u0161istor\u0117s \u017einios<br \/>\n \t&#8211; geb\u0117jimas bendradarbiauti ir dalytis<br \/>\n \t&#8211; kantryb\u0117 ir susikaupimas<\/p>","protected":false},"excerpt":{"rendered":"<p>Atraskite prie\u0161istorini\u0173 gigant\u0173 pasaul\u012f su\u00a0dinozaur\u0173 fig\u016br\u0117li\u0173 rinkinys\u00a0i\u0161 mark\u0117s\u00a0Woopie&#8217;, kuris sugr\u0105\u017eina vaikus \u012f tuos laikus, kai \u017dem\u0119 vald\u0117 did\u017eiuliai ropliai. Kiekviena<\/p>","protected":false},"featured_media":75493,"template":"","meta":{"_acf_changed":false,"_glsr_average":0,"_glsr_ranking":0,"_glsr_reviews":0},"product_brand":[],"product_cat":[436,229],"product_tag":[],"class_list":{"0":"post-75491","1":"product","2":"type-product","3":"status-publish","4":"has-post-thumbnail","6":"product_cat-kolekcionuojamos-figureles","7":"product_cat-zaislai-vaikams","8":"\"style=\"background-color: #2ecc711c;\"","10":"first","11":"instock","12":"purchasable","13":"product-type-simple"},"acf":[],"yoast_head":"<!-- This site is optimized with the Yoast SEO plugin v27.3 - https:\/\/yoast.com\/product\/yoast-seo-wordpress\/ -->\n<title>WOOPIE dinozaur\u0173 fig\u016br\u0117l\u0117s rinkinys 6 vnt T-Rex<\/title>\n<meta name=\"description\" content=\"WOOPIE dinozaur\u0173 fig\u016br\u0117l\u0117s rinkinys 6 vnt T-Rex - KidsPlay. Did\u017eiausias vaik\u0173 \u017eaisl\u0173 pasirinkimas.\" \/>\n<meta name=\"robots\" content=\"index, follow, max-snippet:-1, max-image-preview:large, max-video-preview:-1\" \/>\n<link rel=\"canonical\" href=\"https:\/\/kidsplay.lt\/lv\/product\/woopie-dinozauru-figureles-rinkinys-6-vnt-t-rex\/\" \/>\n<meta property=\"og:locale\" content=\"lv_LV\" \/>\n<meta property=\"og:type\" content=\"article\" \/>\n<meta property=\"og:title\" content=\"WOOPIE dinozaur\u0173 fig\u016br\u0117l\u0117s rinkinys 6 vnt T-Rex\" \/>\n<meta property=\"og:description\" content=\"WOOPIE dinozaur\u0173 fig\u016br\u0117l\u0117s rinkinys 6 vnt T-Rex - KidsPlay. Did\u017eiausias vaik\u0173 \u017eaisl\u0173 pasirinkimas.\" \/>\n<meta property=\"og:url\" content=\"https:\/\/kidsplay.lt\/lv\/product\/woopie-dinozauru-figureles-rinkinys-6-vnt-t-rex\/\" \/>\n<meta property=\"og:site_name\" content=\"KidsPlay\" \/>\n<meta property=\"article:publisher\" content=\"https:\/\/www.facebook.com\/www.kidsplay.lt\" \/>\n<meta property=\"article:modified_time\" content=\"2026-04-07T07:06:10+00:00\" \/>\n<meta property=\"og:image\" content=\"https:\/\/kidsplay.lt\/wp-content\/uploads\/2025\/10\/WOOPIE-dinozauru-figureles-rinkinys-6-vnt-T-Rex.jpg\" \/>\n\t<meta property=\"og:image:width\" content=\"1000\" \/>\n\t<meta property=\"og:image:height\" content=\"1000\" \/>\n\t<meta property=\"og:image:type\" content=\"image\/jpeg\" \/>\n<meta name=\"twitter:card\" content=\"summary_large_image\" \/>\n<meta name=\"twitter:label1\" content=\"Est. reading time\" \/>\n\t<meta name=\"twitter:data1\" content=\"1 min\u016bte\" \/>\n<script type=\"application\/ld+json\" class=\"yoast-schema-graph\">{\"@context\":\"https:\\\/\\\/schema.org\",\"@graph\":[{\"@type\":\"WebPage\",\"@id\":\"https:\\\/\\\/kidsplay.lt\\\/produktas\\\/woopie-dinozauru-figureles-rinkinys-6-vnt-t-rex\\\/\",\"url\":\"https:\\\/\\\/kidsplay.lt\\\/produktas\\\/woopie-dinozauru-figureles-rinkinys-6-vnt-t-rex\\\/\",\"name\":\"WOOPIE dinozaur\u0173 fig\u016br\u0117l\u0117s rinkinys 6 vnt T-Rex\",\"isPartOf\":{\"@id\":\"https:\\\/\\\/kidsplay.lt\\\/#website\"},\"primaryImageOfPage\":{\"@id\":\"https:\\\/\\\/kidsplay.lt\\\/produktas\\\/woopie-dinozauru-figureles-rinkinys-6-vnt-t-rex\\\/#primaryimage\"},\"image\":{\"@id\":\"https:\\\/\\\/kidsplay.lt\\\/produktas\\\/woopie-dinozauru-figureles-rinkinys-6-vnt-t-rex\\\/#primaryimage\"},\"thumbnailUrl\":\"https:\\\/\\\/kidsplay.lt\\\/wp-content\\\/uploads\\\/2025\\\/10\\\/WOOPIE-dinozauru-figureles-rinkinys-6-vnt-T-Rex.jpg\",\"datePublished\":\"2025-10-09T06:21:14+00:00\",\"dateModified\":\"2026-04-07T07:06:10+00:00\",\"description\":\"WOOPIE dinozaur\u0173 fig\u016br\u0117l\u0117s rinkinys 6 vnt T-Rex - KidsPlay. Did\u017eiausias vaik\u0173 \u017eaisl\u0173 pasirinkimas.\",\"breadcrumb\":{\"@id\":\"https:\\\/\\\/kidsplay.lt\\\/produktas\\\/woopie-dinozauru-figureles-rinkinys-6-vnt-t-rex\\\/#breadcrumb\"},\"inLanguage\":\"lv-LV\",\"potentialAction\":[{\"@type\":\"ReadAction\",\"target\":[\"https:\\\/\\\/kidsplay.lt\\\/produktas\\\/woopie-dinozauru-figureles-rinkinys-6-vnt-t-rex\\\/\"]}]},{\"@type\":\"ImageObject\",\"inLanguage\":\"lv-LV\",\"@id\":\"https:\\\/\\\/kidsplay.lt\\\/produktas\\\/woopie-dinozauru-figureles-rinkinys-6-vnt-t-rex\\\/#primaryimage\",\"url\":\"https:\\\/\\\/kidsplay.lt\\\/wp-content\\\/uploads\\\/2025\\\/10\\\/WOOPIE-dinozauru-figureles-rinkinys-6-vnt-T-Rex.jpg\",\"contentUrl\":\"https:\\\/\\\/kidsplay.lt\\\/wp-content\\\/uploads\\\/2025\\\/10\\\/WOOPIE-dinozauru-figureles-rinkinys-6-vnt-T-Rex.jpg\",\"width\":1000,\"height\":1000,\"caption\":\"WOOPIE dinozaur\u0173 fig\u016br\u0117l\u0117s rinkinys 6 vnt T-Rex\"},{\"@type\":\"BreadcrumbList\",\"@id\":\"https:\\\/\\\/kidsplay.lt\\\/produktas\\\/woopie-dinozauru-figureles-rinkinys-6-vnt-t-rex\\\/#breadcrumb\",\"itemListElement\":[{\"@type\":\"ListItem\",\"position\":1,\"name\":\"Pagrindinis\",\"item\":\"https:\\\/\\\/kidsplay.lt\\\/\"},{\"@type\":\"ListItem\",\"position\":2,\"name\":\"Parduotuv\u0117\",\"item\":\"https:\\\/\\\/kidsplay.lt\\\/parduotuve\\\/\"},{\"@type\":\"ListItem\",\"position\":3,\"name\":\"WOOPIE dinozaur\u0173 fig\u016br\u0117l\u0117s rinkinys 6 vnt T-Rex\"}]},{\"@type\":\"WebSite\",\"@id\":\"https:\\\/\\\/kidsplay.lt\\\/#website\",\"url\":\"https:\\\/\\\/kidsplay.lt\\\/\",\"name\":\"Kidsplay.lt\",\"description\":\"\u012evairios prek\u0117s vaikams\",\"publisher\":{\"@id\":\"https:\\\/\\\/kidsplay.lt\\\/#organization\"},\"alternateName\":\"Kidsplay\",\"potentialAction\":[{\"@type\":\"SearchAction\",\"target\":{\"@type\":\"EntryPoint\",\"urlTemplate\":\"https:\\\/\\\/kidsplay.lt\\\/?s={search_term_string}\"},\"query-input\":{\"@type\":\"PropertyValueSpecification\",\"valueRequired\":true,\"valueName\":\"search_term_string\"}}],\"inLanguage\":\"lv-LV\"},{\"@type\":\"Organization\",\"@id\":\"https:\\\/\\\/kidsplay.lt\\\/#organization\",\"name\":\"KidsPlay\",\"url\":\"https:\\\/\\\/kidsplay.lt\\\/\",\"logo\":{\"@type\":\"ImageObject\",\"inLanguage\":\"lv-LV\",\"@id\":\"https:\\\/\\\/kidsplay.lt\\\/#\\\/schema\\\/logo\\\/image\\\/\",\"url\":\"https:\\\/\\\/kidsplay.lt\\\/wp-content\\\/uploads\\\/2023\\\/07\\\/kidsplay-logo.png\",\"contentUrl\":\"https:\\\/\\\/kidsplay.lt\\\/wp-content\\\/uploads\\\/2023\\\/07\\\/kidsplay-logo.png\",\"width\":451,\"height\":98,\"caption\":\"KidsPlay\"},\"image\":{\"@id\":\"https:\\\/\\\/kidsplay.lt\\\/#\\\/schema\\\/logo\\\/image\\\/\"},\"sameAs\":[\"https:\\\/\\\/www.facebook.com\\\/www.kidsplay.lt\"]}]}<\/script>\n<!-- \/ Yoast SEO plugin. -->","yoast_head_json":{"title":"WOOPIE dinozaur\u0173 fig\u016br\u0117l\u0117s rinkinys 6 vnt T-Rex","description":"WOOPIE dinozaur\u0173 fig\u016br\u0117l\u0117s rinkinys 6 vnt T-Rex - KidsPlay. Did\u017eiausias vaik\u0173 \u017eaisl\u0173 pasirinkimas.","robots":{"index":"index","follow":"follow","max-snippet":"max-snippet:-1","max-image-preview":"max-image-preview:large","max-video-preview":"max-video-preview:-1"},"canonical":"https:\/\/kidsplay.lt\/lv\/product\/woopie-dinozauru-figureles-rinkinys-6-vnt-t-rex\/","og_locale":"lv_LV","og_type":"article","og_title":"WOOPIE dinozaur\u0173 fig\u016br\u0117l\u0117s rinkinys 6 vnt T-Rex","og_description":"WOOPIE dinozaur\u0173 fig\u016br\u0117l\u0117s rinkinys 6 vnt T-Rex - KidsPlay. Did\u017eiausias vaik\u0173 \u017eaisl\u0173 pasirinkimas.","og_url":"https:\/\/kidsplay.lt\/lv\/product\/woopie-dinozauru-figureles-rinkinys-6-vnt-t-rex\/","og_site_name":"KidsPlay","article_publisher":"https:\/\/www.facebook.com\/www.kidsplay.lt","article_modified_time":"2026-04-07T07:06:10+00:00","og_image":[{"width":1000,"height":1000,"url":"https:\/\/kidsplay.lt\/wp-content\/uploads\/2025\/10\/WOOPIE-dinozauru-figureles-rinkinys-6-vnt-T-Rex.jpg","type":"image\/jpeg"}],"twitter_card":"summary_large_image","twitter_misc":{"Est. reading time":"1 min\u016bte"},"schema":{"@context":"https:\/\/schema.org","@graph":[{"@type":"WebPage","@id":"https:\/\/kidsplay.lt\/produktas\/woopie-dinozauru-figureles-rinkinys-6-vnt-t-rex\/","url":"https:\/\/kidsplay.lt\/produktas\/woopie-dinozauru-figureles-rinkinys-6-vnt-t-rex\/","name":"WOOPIE dinozaur\u0173 fig\u016br\u0117l\u0117s rinkinys 6 vnt T-Rex","isPartOf":{"@id":"https:\/\/kidsplay.lt\/#website"},"primaryImageOfPage":{"@id":"https:\/\/kidsplay.lt\/produktas\/woopie-dinozauru-figureles-rinkinys-6-vnt-t-rex\/#primaryimage"},"image":{"@id":"https:\/\/kidsplay.lt\/produktas\/woopie-dinozauru-figureles-rinkinys-6-vnt-t-rex\/#primaryimage"},"thumbnailUrl":"https:\/\/kidsplay.lt\/wp-content\/uploads\/2025\/10\/WOOPIE-dinozauru-figureles-rinkinys-6-vnt-T-Rex.jpg","datePublished":"2025-10-09T06:21:14+00:00","dateModified":"2026-04-07T07:06:10+00:00","description":"WOOPIE dinozaur\u0173 fig\u016br\u0117l\u0117s rinkinys 6 vnt T-Rex - KidsPlay. Did\u017eiausias vaik\u0173 \u017eaisl\u0173 pasirinkimas.","breadcrumb":{"@id":"https:\/\/kidsplay.lt\/produktas\/woopie-dinozauru-figureles-rinkinys-6-vnt-t-rex\/#breadcrumb"},"inLanguage":"lv-LV","potentialAction":[{"@type":"ReadAction","target":["https:\/\/kidsplay.lt\/produktas\/woopie-dinozauru-figureles-rinkinys-6-vnt-t-rex\/"]}]},{"@type":"ImageObject","inLanguage":"lv-LV","@id":"https:\/\/kidsplay.lt\/produktas\/woopie-dinozauru-figureles-rinkinys-6-vnt-t-rex\/#primaryimage","url":"https:\/\/kidsplay.lt\/wp-content\/uploads\/2025\/10\/WOOPIE-dinozauru-figureles-rinkinys-6-vnt-T-Rex.jpg","contentUrl":"https:\/\/kidsplay.lt\/wp-content\/uploads\/2025\/10\/WOOPIE-dinozauru-figureles-rinkinys-6-vnt-T-Rex.jpg","width":1000,"height":1000,"caption":"WOOPIE dinozaur\u0173 fig\u016br\u0117l\u0117s rinkinys 6 vnt T-Rex"},{"@type":"BreadcrumbList","@id":"https:\/\/kidsplay.lt\/produktas\/woopie-dinozauru-figureles-rinkinys-6-vnt-t-rex\/#breadcrumb","itemListElement":[{"@type":"ListItem","position":1,"name":"Pagrindinis","item":"https:\/\/kidsplay.lt\/"},{"@type":"ListItem","position":2,"name":"Parduotuv\u0117","item":"https:\/\/kidsplay.lt\/parduotuve\/"},{"@type":"ListItem","position":3,"name":"WOOPIE dinozaur\u0173 fig\u016br\u0117l\u0117s rinkinys 6 vnt T-Rex"}]},{"@type":"WebSite","@id":"https:\/\/kidsplay.lt\/#website","url":"https:\/\/kidsplay.lt\/","name":"B\u0113rnu sp\u0113les.lv","description":"\u012evairios prek\u0117s vaikams","publisher":{"@id":"https:\/\/kidsplay.lt\/#organization"},"alternateName":"Kidsplay","potentialAction":[{"@type":"SearchAction","target":{"@type":"EntryPoint","urlTemplate":"https:\/\/kidsplay.lt\/?s={search_term_string}"},"query-input":{"@type":"PropertyValueSpecification","valueRequired":true,"valueName":"search_term_string"}}],"inLanguage":"lv-LV"},{"@type":"Organization","@id":"https:\/\/kidsplay.lt\/#organization","name":"B\u0113rnu sp\u0113le","url":"https:\/\/kidsplay.lt\/","logo":{"@type":"ImageObject","inLanguage":"lv-LV","@id":"https:\/\/kidsplay.lt\/#\/schema\/logo\/image\/","url":"https:\/\/kidsplay.lt\/wp-content\/uploads\/2023\/07\/kidsplay-logo.png","contentUrl":"https:\/\/kidsplay.lt\/wp-content\/uploads\/2023\/07\/kidsplay-logo.png","width":451,"height":98,"caption":"KidsPlay"},"image":{"@id":"https:\/\/kidsplay.lt\/#\/schema\/logo\/image\/"},"sameAs":["https:\/\/www.facebook.com\/www.kidsplay.lt"]}]}},"_links":{"self":[{"href":"https:\/\/kidsplay.lt\/lv\/wp-json\/wp\/v2\/product\/75491","targetHints":{"allow":["GET"]}}],"collection":[{"href":"https:\/\/kidsplay.lt\/lv\/wp-json\/wp\/v2\/product"}],"about":[{"href":"https:\/\/kidsplay.lt\/lv\/wp-json\/wp\/v2\/types\/product"}],"version-history":[{"count":1,"href":"https:\/\/kidsplay.lt\/lv\/wp-json\/wp\/v2\/product\/75491\/revisions"}],"predecessor-version":[{"id":75492,"href":"https:\/\/kidsplay.lt\/lv\/wp-json\/wp\/v2\/product\/75491\/revisions\/75492"}],"wp:featuredmedia":[{"embeddable":true,"href":"https:\/\/kidsplay.lt\/lv\/wp-json\/wp\/v2\/media\/75493"}],"wp:attachment":[{"href":"https:\/\/kidsplay.lt\/lv\/wp-json\/wp\/v2\/media?parent=75491"}],"wp:term":[{"taxonomy":"product_brand","embeddable":true,"href":"https:\/\/kidsplay.lt\/lv\/wp-json\/wp\/v2\/product_brand?post=75491"},{"taxonomy":"product_cat","embeddable":true,"href":"https:\/\/kidsplay.lt\/lv\/wp-json\/wp\/v2\/product_cat?post=75491"},{"taxonomy":"product_tag","embeddable":true,"href":"https:\/\/kidsplay.lt\/lv\/wp-json\/wp\/v2\/product_tag?post=75491"}],"curies":[{"name":"wp","href":"https:\/\/api.w.org\/{rel}","templated":true}]}}