{"id":75521,"date":"2025-10-09T09:22:53","date_gmt":"2025-10-09T06:22:53","guid":{"rendered":"https:\/\/kidsplay.lt\/produktas\/woopie-plytu-pastatymo-rinkinys-vila-357-vnt\/"},"modified":"2026-04-13T14:27:06","modified_gmt":"2026-04-13T11:27:06","slug":"woopie-plytu-pastatymo-rinkinys-vila-357-vnt","status":"publish","type":"product","link":"https:\/\/kidsplay.lt\/lv\/products\/woopie-plytu-pastatymo-rinkinys-vila-357-vnt\/","title":{"rendered":"WOOPIE kluc\u012b\u0161u b\u016bv\u0113\u0161anas komplekts - villa 357 gab."},"content":{"rendered":"<p>M\u016brinis pastato komplektas &#8211; mark\u0117s vila\u00a0Woopie\u00a0Tai\u00a0k\u016brybingas\u00a0ma\u017eas m\u016brinis nam\u0173 statybos rinkinys, leid\u017eiantis j\u016bs\u0173 vaikui imtis ma\u017eo architekto ir m\u016brininko vaidmens, sukuriant tikrovi\u0161kas \u017eingsnis po \u017eingsnio konstrukcijas, naudojant saug\u0173 \u201eskiedin\u012f\u201d ir priedus, kaip nurodyta\u00a0tikra statyba.<\/p>\n<p>PLYT\u0172 SPALVA GALI B\u016aTI KITOKIA NEI PARODYTOSE NUOTRAUKOSE<\/p>\n<p>Raksturojums:<\/p>\n<p>&#8211; Vaikams nuo\u00a03 metai\u00a0gyvenimas<br \/>\n&#8211; Realios plytos ir kolonos, sujungtos su paruo\u0161ta mase \u201emortar\u201d, suteikian\u010dios stabilias, patvarias konstrukcijas ir pasitenkinim\u0105 darbo efektu.<br \/>\n&#8211; Didelis vilos modelis su balkonais, terasa, tvora ir kilnojamais langais, kuris \u012fsp\u016bdingai atrodo ant \u017ealio pagrindo.<br \/>\n&#8211; Intuityvus naudojimas: sumai\u0161ykite miltelius su 1:1 vandeniu, mentele u\u017etepkite skiedin\u012f ir sluoksnis po sluoksnio klokite plytas.<br \/>\n&#8211; K\u016bdiki\u0173 masto statybiniai \u012frankiai (dubuo, \u0161auk\u0161tas, mentel\u0117s, mentel\u0117), mokantys teising\u0173 judesi\u0173 ir tikslumo.<br \/>\n&#8211; Daugkartinio naudojimo rinkinys pastatytas namas tiesiog mirkykite \u0161iltame vandenyje 1-3 valandas, kad i\u0161tirpt\u0173 skiedinys, kad b\u016bt\u0173 lengviau i\u0161imti<br \/>\n&#8211; Konstrukcijos instrukcijos pakuot\u0117s gale<\/p>\n<p>Komplekt\u0101 ietilpst:<\/p>\n<p>&#8211; 319 \u012evairi\u0173 form\u0173 plyt\u0173<br \/>\n&#8211; 32 Stogo elementai<br \/>\n&#8211; 2 Grind\u0173 elementai<br \/>\n&#8211; 8 kli\u016btys<br \/>\n&#8211; 11 baliustrad\u0173<br \/>\n&#8211; 4 Windows<br \/>\n&#8211; Durys<br \/>\n&#8211; Statybin\u0117 trinkel\u0117<br \/>\n&#8211; Skiedinio krep\u0161ys<br \/>\n&#8211; Skiedinio mai\u0161ymo dubuo<br \/>\n&#8211; Skiedinio matavimo \u0161auk\u0161tas<br \/>\n&#8211; Mai\u0161ytuvas<br \/>\n&#8211; Mentel\u0117<\/p>\n<p>Rota\u013clieta att\u012bst\u0101s:<\/p>\n<p>&#8211; Vaizduot\u0117<br \/>\n&#8211; K\u016brybi\u0161kumas<br \/>\n\u2013 Dzin\u0113ji<br \/>\n\u2013 Paciet\u012bba<br \/>\n\u2013 Koncentr\u0101cija<br \/>\n&#8211; Savaranki\u0161kumas<\/p>","protected":false},"excerpt":{"rendered":"<p>M\u016brinis pastato komplektas &#8211; mark\u0117s vila\u00a0Woopie\u00a0Tai\u00a0k\u016brybingas\u00a0ma\u017eas m\u016brinis nam\u0173 statybos rinkinys, leid\u017eiantis j\u016bs\u0173 vaikui imtis ma\u017eo architekto ir m\u016brininko vaidmens, sukuriant<\/p>","protected":false},"featured_media":75523,"template":"","meta":{"_acf_changed":false,"_glsr_average":0,"_glsr_ranking":0,"_glsr_reviews":0},"product_brand":[],"product_cat":[72,446,229],"product_tag":[],"class_list":{"0":"post-75521","1":"product","2":"type-product","3":"status-publish","4":"has-post-thumbnail","6":"product_cat-ispardavimas","7":"product_cat-konstruktoriai","8":"product_cat-zaislai-vaikams","9":"\"style=\"background-color: #2ecc711c;\"","11":"first","12":"instock","13":"sale","14":"purchasable","15":"product-type-simple"},"acf":[],"yoast_head":"<!-- This site is optimized with the Yoast SEO plugin v27.4 - https:\/\/yoast.com\/product\/yoast-seo-wordpress\/ -->\n<title>WOOPIE plyt\u0173 pastatymo rinkinys \u2013 vila 357 vnt.<\/title>\n<meta name=\"description\" content=\"WOOPIE plyt\u0173 pastatymo rinkinys \u2013 vila 357 vnt. - KidsPlay. Did\u017eiausias vaik\u0173 \u017eaisl\u0173 pasirinkimas.\" \/>\n<meta name=\"robots\" content=\"index, follow, max-snippet:-1, max-image-preview:large, max-video-preview:-1\" \/>\n<link rel=\"canonical\" href=\"https:\/\/kidsplay.lt\/lv\/products\/woopie-plytu-pastatymo-rinkinys-vila-357-vnt\/\" \/>\n<meta property=\"og:locale\" content=\"lv_LV\" \/>\n<meta property=\"og:type\" content=\"article\" \/>\n<meta property=\"og:title\" content=\"WOOPIE plyt\u0173 pastatymo rinkinys \u2013 vila 357 vnt.\" \/>\n<meta property=\"og:description\" content=\"WOOPIE plyt\u0173 pastatymo rinkinys \u2013 vila 357 vnt. - KidsPlay. Did\u017eiausias vaik\u0173 \u017eaisl\u0173 pasirinkimas.\" \/>\n<meta property=\"og:url\" content=\"https:\/\/kidsplay.lt\/lv\/products\/woopie-plytu-pastatymo-rinkinys-vila-357-vnt\/\" \/>\n<meta property=\"og:site_name\" content=\"KidsPlay\" \/>\n<meta property=\"article:publisher\" content=\"https:\/\/www.facebook.com\/www.kidsplay.lt\" \/>\n<meta property=\"article:modified_time\" content=\"2026-04-13T11:27:06+00:00\" \/>\n<meta property=\"og:image\" content=\"https:\/\/kidsplay.lt\/wp-content\/uploads\/2025\/10\/WOOPIE-plytu-pastatymo-rinkinys-8211-vila-357-vnt.jpg\" \/>\n\t<meta property=\"og:image:width\" content=\"1000\" \/>\n\t<meta property=\"og:image:height\" content=\"1000\" \/>\n\t<meta property=\"og:image:type\" content=\"image\/jpeg\" \/>\n<meta name=\"twitter:card\" content=\"summary_large_image\" \/>\n<meta name=\"twitter:label1\" content=\"Est. reading time\" \/>\n\t<meta name=\"twitter:data1\" content=\"2 min\u016btes\" \/>\n<script type=\"application\/ld+json\" class=\"yoast-schema-graph\">{\"@context\":\"https:\\\/\\\/schema.org\",\"@graph\":[{\"@type\":\"WebPage\",\"@id\":\"https:\\\/\\\/kidsplay.lt\\\/produktas\\\/woopie-plytu-pastatymo-rinkinys-vila-357-vnt\\\/\",\"url\":\"https:\\\/\\\/kidsplay.lt\\\/produktas\\\/woopie-plytu-pastatymo-rinkinys-vila-357-vnt\\\/\",\"name\":\"WOOPIE plyt\u0173 pastatymo rinkinys \u2013 vila 357 vnt.\",\"isPartOf\":{\"@id\":\"https:\\\/\\\/kidsplay.lt\\\/#website\"},\"primaryImageOfPage\":{\"@id\":\"https:\\\/\\\/kidsplay.lt\\\/produktas\\\/woopie-plytu-pastatymo-rinkinys-vila-357-vnt\\\/#primaryimage\"},\"image\":{\"@id\":\"https:\\\/\\\/kidsplay.lt\\\/produktas\\\/woopie-plytu-pastatymo-rinkinys-vila-357-vnt\\\/#primaryimage\"},\"thumbnailUrl\":\"https:\\\/\\\/kidsplay.lt\\\/wp-content\\\/uploads\\\/2025\\\/10\\\/WOOPIE-plytu-pastatymo-rinkinys-8211-vila-357-vnt.jpg\",\"datePublished\":\"2025-10-09T06:22:53+00:00\",\"dateModified\":\"2026-04-13T11:27:06+00:00\",\"description\":\"WOOPIE plyt\u0173 pastatymo rinkinys \u2013 vila 357 vnt. - KidsPlay. Did\u017eiausias vaik\u0173 \u017eaisl\u0173 pasirinkimas.\",\"breadcrumb\":{\"@id\":\"https:\\\/\\\/kidsplay.lt\\\/produktas\\\/woopie-plytu-pastatymo-rinkinys-vila-357-vnt\\\/#breadcrumb\"},\"inLanguage\":\"lv-LV\",\"potentialAction\":[{\"@type\":\"ReadAction\",\"target\":[\"https:\\\/\\\/kidsplay.lt\\\/produktas\\\/woopie-plytu-pastatymo-rinkinys-vila-357-vnt\\\/\"]}]},{\"@type\":\"ImageObject\",\"inLanguage\":\"lv-LV\",\"@id\":\"https:\\\/\\\/kidsplay.lt\\\/produktas\\\/woopie-plytu-pastatymo-rinkinys-vila-357-vnt\\\/#primaryimage\",\"url\":\"https:\\\/\\\/kidsplay.lt\\\/wp-content\\\/uploads\\\/2025\\\/10\\\/WOOPIE-plytu-pastatymo-rinkinys-8211-vila-357-vnt.jpg\",\"contentUrl\":\"https:\\\/\\\/kidsplay.lt\\\/wp-content\\\/uploads\\\/2025\\\/10\\\/WOOPIE-plytu-pastatymo-rinkinys-8211-vila-357-vnt.jpg\",\"width\":1000,\"height\":1000,\"caption\":\"WOOPIE plyt\u0173 pastatymo rinkinys &#8211; vila 357 vnt.\"},{\"@type\":\"BreadcrumbList\",\"@id\":\"https:\\\/\\\/kidsplay.lt\\\/produktas\\\/woopie-plytu-pastatymo-rinkinys-vila-357-vnt\\\/#breadcrumb\",\"itemListElement\":[{\"@type\":\"ListItem\",\"position\":1,\"name\":\"Pagrindinis\",\"item\":\"https:\\\/\\\/kidsplay.lt\\\/\"},{\"@type\":\"ListItem\",\"position\":2,\"name\":\"Parduotuv\u0117\",\"item\":\"https:\\\/\\\/kidsplay.lt\\\/parduotuve\\\/\"},{\"@type\":\"ListItem\",\"position\":3,\"name\":\"WOOPIE plyt\u0173 pastatymo rinkinys \u2013 vila 357 vnt.\"}]},{\"@type\":\"WebSite\",\"@id\":\"https:\\\/\\\/kidsplay.lt\\\/#website\",\"url\":\"https:\\\/\\\/kidsplay.lt\\\/\",\"name\":\"Kidsplay.lt\",\"description\":\"\u012evairios prek\u0117s vaikams\",\"publisher\":{\"@id\":\"https:\\\/\\\/kidsplay.lt\\\/#organization\"},\"alternateName\":\"Kidsplay\",\"potentialAction\":[{\"@type\":\"SearchAction\",\"target\":{\"@type\":\"EntryPoint\",\"urlTemplate\":\"https:\\\/\\\/kidsplay.lt\\\/?s={search_term_string}\"},\"query-input\":{\"@type\":\"PropertyValueSpecification\",\"valueRequired\":true,\"valueName\":\"search_term_string\"}}],\"inLanguage\":\"lv-LV\"},{\"@type\":\"Organization\",\"@id\":\"https:\\\/\\\/kidsplay.lt\\\/#organization\",\"name\":\"KidsPlay\",\"url\":\"https:\\\/\\\/kidsplay.lt\\\/\",\"logo\":{\"@type\":\"ImageObject\",\"inLanguage\":\"lv-LV\",\"@id\":\"https:\\\/\\\/kidsplay.lt\\\/#\\\/schema\\\/logo\\\/image\\\/\",\"url\":\"https:\\\/\\\/kidsplay.lt\\\/wp-content\\\/uploads\\\/2023\\\/07\\\/kidsplay-logo.png\",\"contentUrl\":\"https:\\\/\\\/kidsplay.lt\\\/wp-content\\\/uploads\\\/2023\\\/07\\\/kidsplay-logo.png\",\"width\":451,\"height\":98,\"caption\":\"KidsPlay\"},\"image\":{\"@id\":\"https:\\\/\\\/kidsplay.lt\\\/#\\\/schema\\\/logo\\\/image\\\/\"},\"sameAs\":[\"https:\\\/\\\/www.facebook.com\\\/www.kidsplay.lt\"]}]}<\/script>\n<!-- \/ Yoast SEO plugin. -->","yoast_head_json":{"title":"WOOPIE kluc\u012b\u0161u b\u016bv\u0113\u0161anas komplekts - villa 357 gab.","description":"WOOPIE plyt\u0173 pastatymo rinkinys \u2013 vila 357 vnt. - KidsPlay. Did\u017eiausias vaik\u0173 \u017eaisl\u0173 pasirinkimas.","robots":{"index":"index","follow":"follow","max-snippet":"max-snippet:-1","max-image-preview":"max-image-preview:large","max-video-preview":"max-video-preview:-1"},"canonical":"https:\/\/kidsplay.lt\/lv\/products\/woopie-plytu-pastatymo-rinkinys-vila-357-vnt\/","og_locale":"lv_LV","og_type":"article","og_title":"WOOPIE plyt\u0173 pastatymo rinkinys \u2013 vila 357 vnt.","og_description":"WOOPIE plyt\u0173 pastatymo rinkinys \u2013 vila 357 vnt. - KidsPlay. Did\u017eiausias vaik\u0173 \u017eaisl\u0173 pasirinkimas.","og_url":"https:\/\/kidsplay.lt\/lv\/products\/woopie-plytu-pastatymo-rinkinys-vila-357-vnt\/","og_site_name":"KidsPlay","article_publisher":"https:\/\/www.facebook.com\/www.kidsplay.lt","article_modified_time":"2026-04-13T11:27:06+00:00","og_image":[{"width":1000,"height":1000,"url":"https:\/\/kidsplay.lt\/wp-content\/uploads\/2025\/10\/WOOPIE-plytu-pastatymo-rinkinys-8211-vila-357-vnt.jpg","type":"image\/jpeg"}],"twitter_card":"summary_large_image","twitter_misc":{"Est. reading time":"2 min\u016btes"},"schema":{"@context":"https:\/\/schema.org","@graph":[{"@type":"WebPage","@id":"https:\/\/kidsplay.lt\/produktas\/woopie-plytu-pastatymo-rinkinys-vila-357-vnt\/","url":"https:\/\/kidsplay.lt\/produktas\/woopie-plytu-pastatymo-rinkinys-vila-357-vnt\/","name":"WOOPIE kluc\u012b\u0161u b\u016bv\u0113\u0161anas komplekts - villa 357 gab.","isPartOf":{"@id":"https:\/\/kidsplay.lt\/#website"},"primaryImageOfPage":{"@id":"https:\/\/kidsplay.lt\/produktas\/woopie-plytu-pastatymo-rinkinys-vila-357-vnt\/#primaryimage"},"image":{"@id":"https:\/\/kidsplay.lt\/produktas\/woopie-plytu-pastatymo-rinkinys-vila-357-vnt\/#primaryimage"},"thumbnailUrl":"https:\/\/kidsplay.lt\/wp-content\/uploads\/2025\/10\/WOOPIE-plytu-pastatymo-rinkinys-8211-vila-357-vnt.jpg","datePublished":"2025-10-09T06:22:53+00:00","dateModified":"2026-04-13T11:27:06+00:00","description":"WOOPIE plyt\u0173 pastatymo rinkinys \u2013 vila 357 vnt. - KidsPlay. Did\u017eiausias vaik\u0173 \u017eaisl\u0173 pasirinkimas.","breadcrumb":{"@id":"https:\/\/kidsplay.lt\/produktas\/woopie-plytu-pastatymo-rinkinys-vila-357-vnt\/#breadcrumb"},"inLanguage":"lv-LV","potentialAction":[{"@type":"ReadAction","target":["https:\/\/kidsplay.lt\/produktas\/woopie-plytu-pastatymo-rinkinys-vila-357-vnt\/"]}]},{"@type":"ImageObject","inLanguage":"lv-LV","@id":"https:\/\/kidsplay.lt\/produktas\/woopie-plytu-pastatymo-rinkinys-vila-357-vnt\/#primaryimage","url":"https:\/\/kidsplay.lt\/wp-content\/uploads\/2025\/10\/WOOPIE-plytu-pastatymo-rinkinys-8211-vila-357-vnt.jpg","contentUrl":"https:\/\/kidsplay.lt\/wp-content\/uploads\/2025\/10\/WOOPIE-plytu-pastatymo-rinkinys-8211-vila-357-vnt.jpg","width":1000,"height":1000,"caption":"WOOPIE plyt\u0173 pastatymo rinkinys &#8211; vila 357 vnt."},{"@type":"BreadcrumbList","@id":"https:\/\/kidsplay.lt\/produktas\/woopie-plytu-pastatymo-rinkinys-vila-357-vnt\/#breadcrumb","itemListElement":[{"@type":"ListItem","position":1,"name":"Pagrindinis","item":"https:\/\/kidsplay.lt\/"},{"@type":"ListItem","position":2,"name":"Parduotuv\u0117","item":"https:\/\/kidsplay.lt\/parduotuve\/"},{"@type":"ListItem","position":3,"name":"WOOPIE plyt\u0173 pastatymo rinkinys \u2013 vila 357 vnt."}]},{"@type":"WebSite","@id":"https:\/\/kidsplay.lt\/#website","url":"https:\/\/kidsplay.lt\/","name":"B\u0113rnu sp\u0113les.lv","description":"\u012evairios prek\u0117s vaikams","publisher":{"@id":"https:\/\/kidsplay.lt\/#organization"},"alternateName":"Kidsplay","potentialAction":[{"@type":"SearchAction","target":{"@type":"EntryPoint","urlTemplate":"https:\/\/kidsplay.lt\/?s={search_term_string}"},"query-input":{"@type":"PropertyValueSpecification","valueRequired":true,"valueName":"search_term_string"}}],"inLanguage":"lv-LV"},{"@type":"Organization","@id":"https:\/\/kidsplay.lt\/#organization","name":"B\u0113rnu sp\u0113le","url":"https:\/\/kidsplay.lt\/","logo":{"@type":"ImageObject","inLanguage":"lv-LV","@id":"https:\/\/kidsplay.lt\/#\/schema\/logo\/image\/","url":"https:\/\/kidsplay.lt\/wp-content\/uploads\/2023\/07\/kidsplay-logo.png","contentUrl":"https:\/\/kidsplay.lt\/wp-content\/uploads\/2023\/07\/kidsplay-logo.png","width":451,"height":98,"caption":"KidsPlay"},"image":{"@id":"https:\/\/kidsplay.lt\/#\/schema\/logo\/image\/"},"sameAs":["https:\/\/www.facebook.com\/www.kidsplay.lt"]}]}},"_links":{"self":[{"href":"https:\/\/kidsplay.lt\/lv\/wp-json\/wp\/v2\/product\/75521","targetHints":{"allow":["GET"]}}],"collection":[{"href":"https:\/\/kidsplay.lt\/lv\/wp-json\/wp\/v2\/product"}],"about":[{"href":"https:\/\/kidsplay.lt\/lv\/wp-json\/wp\/v2\/types\/product"}],"version-history":[{"count":3,"href":"https:\/\/kidsplay.lt\/lv\/wp-json\/wp\/v2\/product\/75521\/revisions"}],"predecessor-version":[{"id":80806,"href":"https:\/\/kidsplay.lt\/lv\/wp-json\/wp\/v2\/product\/75521\/revisions\/80806"}],"wp:featuredmedia":[{"embeddable":true,"href":"https:\/\/kidsplay.lt\/lv\/wp-json\/wp\/v2\/media\/75523"}],"wp:attachment":[{"href":"https:\/\/kidsplay.lt\/lv\/wp-json\/wp\/v2\/media?parent=75521"}],"wp:term":[{"taxonomy":"product_brand","embeddable":true,"href":"https:\/\/kidsplay.lt\/lv\/wp-json\/wp\/v2\/product_brand?post=75521"},{"taxonomy":"product_cat","embeddable":true,"href":"https:\/\/kidsplay.lt\/lv\/wp-json\/wp\/v2\/product_cat?post=75521"},{"taxonomy":"product_tag","embeddable":true,"href":"https:\/\/kidsplay.lt\/lv\/wp-json\/wp\/v2\/product_tag?post=75521"}],"curies":[{"name":"wp","href":"https:\/\/api.w.org\/{rel}","templated":true}]}}