{"id":75526,"date":"2025-10-09T09:23:07","date_gmt":"2025-10-09T06:23:07","guid":{"rendered":"https:\/\/kidsplay.lt\/produktas\/woopie-skaidrus-magnetiniai-statybiniai-blokai-43-vnt\/"},"modified":"2026-04-13T14:27:11","modified_gmt":"2026-04-13T11:27:11","slug":"woopie-skaidrus-magnetiniai-statybiniai-blokai-43-vnt","status":"publish","type":"product","link":"https:\/\/kidsplay.lt\/lv\/products\/woopie-skaidrus-magnetiniai-statybiniai-blokai-43-vnt\/","title":{"rendered":"WOOPIE caursp\u012bd\u012bgi magn\u0113tiskie kluc\u012b\u0161i 43 gab."},"content":{"rendered":"<p>Magi\u0161ki, skaidr\u016bs magnetiniai blokai i\u0161 prek\u0117s \u017eenklo\u00a0Woopie\u00a0jie perkelia j\u016bs\u0173 vaik\u0105 \u012f pastat\u0173 pasaul\u012f, kupin\u0105 spalv\u0173, \u0161viesos ir \u2013 jud\u0117jimo nuo linksm\u0173 transporto priemoni\u0173 ir namini\u0173 gyv\u016bn\u0117li\u0173 iki puo\u0161ni\u0173 konstrukcij\u0173 ir lanko takeli\u0173, kurie sudaro \u201esame\u201d d\u0117l pasl\u0117pt\u0173 magnet\u0173 ir lengv\u0173, lygi\u0173, ma\u017e\u0173 rank\u0173 draugi\u0161k\u0173 element\u0173.<\/p>\n<p>Raksturojums:<\/p>\n<p>&#8211; Vaikams nuo\u00a03 metai\u00a0gyvenimas<br \/>\n\u2013 Izgatavots no augstas kvalit\u0101tes materi\u0101liem<br \/>\n&#8211; Intensyvi\u0173 spalv\u0173 skaidr\u016bs elementai, gra\u017eiai praleid\u017eiantys \u0161vies\u0105.<br \/>\n&#8211; Galingi magnetai leid\u017eia lengvai stabiliai sujungti ir greitai pastatyti dar auk\u0161tesnes konstrukcijas be nusivylimo.<br \/>\n&#8211; Saug\u016bs, lyg\u016bs kra\u0161tai<br \/>\n&#8211; Universalios formos: kvadratai, sta\u010diakampiai, trikampiai ir arkos leid\u017eia sukurti neribotas strukt\u016bras<\/p>\n<p>Rota\u013clieta att\u012bst\u0101s:<\/p>\n<p>&#8211; Vaizduot\u0117<br \/>\n&#8211; K\u016brybi\u0161kumas<br \/>\n&#8211; Logika<br \/>\n\u2013 Dzin\u0113ji<\/p>","protected":false},"excerpt":{"rendered":"<p>Magi\u0161ki, skaidr\u016bs magnetiniai blokai i\u0161 prek\u0117s \u017eenklo\u00a0Woopie\u00a0jie perkelia j\u016bs\u0173 vaik\u0105 \u012f pastat\u0173 pasaul\u012f, kupin\u0105 spalv\u0173, \u0161viesos ir \u2013 jud\u0117jimo nuo<\/p>","protected":false},"featured_media":75528,"template":"","meta":{"_acf_changed":false,"_glsr_average":0,"_glsr_ranking":0,"_glsr_reviews":0},"product_brand":[],"product_cat":[72,446,229],"product_tag":[],"class_list":{"0":"post-75526","1":"product","2":"type-product","3":"status-publish","4":"has-post-thumbnail","6":"product_cat-ispardavimas","7":"product_cat-konstruktoriai","8":"product_cat-zaislai-vaikams","9":"\"style=\"background-color: #2ecc711c;\"","11":"first","12":"instock","13":"sale","14":"purchasable","15":"product-type-simple"},"acf":[],"yoast_head":"<!-- This site is optimized with the Yoast SEO plugin v27.3 - https:\/\/yoast.com\/product\/yoast-seo-wordpress\/ -->\n<title>WOOPIE Skaidr\u016bs magnetiniai statybiniai blokai 43 vnt.<\/title>\n<meta name=\"description\" content=\"WOOPIE Skaidr\u016bs magnetiniai statybiniai blokai 43 vnt. - KidsPlay. Did\u017eiausias vaik\u0173 \u017eaisl\u0173 pasirinkimas.\" \/>\n<meta name=\"robots\" content=\"index, follow, max-snippet:-1, max-image-preview:large, max-video-preview:-1\" \/>\n<link rel=\"canonical\" href=\"https:\/\/kidsplay.lt\/lv\/products\/woopie-skaidrus-magnetiniai-statybiniai-blokai-43-vnt\/\" \/>\n<meta property=\"og:locale\" content=\"lv_LV\" \/>\n<meta property=\"og:type\" content=\"article\" \/>\n<meta property=\"og:title\" content=\"WOOPIE Skaidr\u016bs magnetiniai statybiniai blokai 43 vnt.\" \/>\n<meta property=\"og:description\" content=\"WOOPIE Skaidr\u016bs magnetiniai statybiniai blokai 43 vnt. - KidsPlay. Did\u017eiausias vaik\u0173 \u017eaisl\u0173 pasirinkimas.\" \/>\n<meta property=\"og:url\" content=\"https:\/\/kidsplay.lt\/lv\/products\/woopie-skaidrus-magnetiniai-statybiniai-blokai-43-vnt\/\" \/>\n<meta property=\"og:site_name\" content=\"KidsPlay\" \/>\n<meta property=\"article:publisher\" content=\"https:\/\/www.facebook.com\/www.kidsplay.lt\" \/>\n<meta property=\"article:modified_time\" content=\"2026-04-13T11:27:11+00:00\" \/>\n<meta property=\"og:image\" content=\"https:\/\/kidsplay.lt\/wp-content\/uploads\/2025\/10\/WOOPIE-Skaidrus-magnetiniai-statybiniai-blokai-43-vnt.jpg\" \/>\n\t<meta property=\"og:image:width\" content=\"1000\" \/>\n\t<meta property=\"og:image:height\" content=\"1000\" \/>\n\t<meta property=\"og:image:type\" content=\"image\/jpeg\" \/>\n<meta name=\"twitter:card\" content=\"summary_large_image\" \/>\n<meta name=\"twitter:label1\" content=\"Est. reading time\" \/>\n\t<meta name=\"twitter:data1\" content=\"1 min\u016bte\" \/>\n<script type=\"application\/ld+json\" class=\"yoast-schema-graph\">{\"@context\":\"https:\\\/\\\/schema.org\",\"@graph\":[{\"@type\":\"WebPage\",\"@id\":\"https:\\\/\\\/kidsplay.lt\\\/produktas\\\/woopie-skaidrus-magnetiniai-statybiniai-blokai-43-vnt\\\/\",\"url\":\"https:\\\/\\\/kidsplay.lt\\\/produktas\\\/woopie-skaidrus-magnetiniai-statybiniai-blokai-43-vnt\\\/\",\"name\":\"WOOPIE Skaidr\u016bs magnetiniai statybiniai blokai 43 vnt.\",\"isPartOf\":{\"@id\":\"https:\\\/\\\/kidsplay.lt\\\/#website\"},\"primaryImageOfPage\":{\"@id\":\"https:\\\/\\\/kidsplay.lt\\\/produktas\\\/woopie-skaidrus-magnetiniai-statybiniai-blokai-43-vnt\\\/#primaryimage\"},\"image\":{\"@id\":\"https:\\\/\\\/kidsplay.lt\\\/produktas\\\/woopie-skaidrus-magnetiniai-statybiniai-blokai-43-vnt\\\/#primaryimage\"},\"thumbnailUrl\":\"https:\\\/\\\/kidsplay.lt\\\/wp-content\\\/uploads\\\/2025\\\/10\\\/WOOPIE-Skaidrus-magnetiniai-statybiniai-blokai-43-vnt.jpg\",\"datePublished\":\"2025-10-09T06:23:07+00:00\",\"dateModified\":\"2026-04-13T11:27:11+00:00\",\"description\":\"WOOPIE Skaidr\u016bs magnetiniai statybiniai blokai 43 vnt. - KidsPlay. Did\u017eiausias vaik\u0173 \u017eaisl\u0173 pasirinkimas.\",\"breadcrumb\":{\"@id\":\"https:\\\/\\\/kidsplay.lt\\\/produktas\\\/woopie-skaidrus-magnetiniai-statybiniai-blokai-43-vnt\\\/#breadcrumb\"},\"inLanguage\":\"lv-LV\",\"potentialAction\":[{\"@type\":\"ReadAction\",\"target\":[\"https:\\\/\\\/kidsplay.lt\\\/produktas\\\/woopie-skaidrus-magnetiniai-statybiniai-blokai-43-vnt\\\/\"]}]},{\"@type\":\"ImageObject\",\"inLanguage\":\"lv-LV\",\"@id\":\"https:\\\/\\\/kidsplay.lt\\\/produktas\\\/woopie-skaidrus-magnetiniai-statybiniai-blokai-43-vnt\\\/#primaryimage\",\"url\":\"https:\\\/\\\/kidsplay.lt\\\/wp-content\\\/uploads\\\/2025\\\/10\\\/WOOPIE-Skaidrus-magnetiniai-statybiniai-blokai-43-vnt.jpg\",\"contentUrl\":\"https:\\\/\\\/kidsplay.lt\\\/wp-content\\\/uploads\\\/2025\\\/10\\\/WOOPIE-Skaidrus-magnetiniai-statybiniai-blokai-43-vnt.jpg\",\"width\":1000,\"height\":1000,\"caption\":\"WOOPIE Skaidr\u016bs magnetiniai statybiniai blokai 43 vnt.\"},{\"@type\":\"BreadcrumbList\",\"@id\":\"https:\\\/\\\/kidsplay.lt\\\/produktas\\\/woopie-skaidrus-magnetiniai-statybiniai-blokai-43-vnt\\\/#breadcrumb\",\"itemListElement\":[{\"@type\":\"ListItem\",\"position\":1,\"name\":\"Pagrindinis\",\"item\":\"https:\\\/\\\/kidsplay.lt\\\/\"},{\"@type\":\"ListItem\",\"position\":2,\"name\":\"Parduotuv\u0117\",\"item\":\"https:\\\/\\\/kidsplay.lt\\\/parduotuve\\\/\"},{\"@type\":\"ListItem\",\"position\":3,\"name\":\"WOOPIE Skaidr\u016bs magnetiniai statybiniai blokai 43 vnt.\"}]},{\"@type\":\"WebSite\",\"@id\":\"https:\\\/\\\/kidsplay.lt\\\/#website\",\"url\":\"https:\\\/\\\/kidsplay.lt\\\/\",\"name\":\"Kidsplay.lt\",\"description\":\"\u012evairios prek\u0117s vaikams\",\"publisher\":{\"@id\":\"https:\\\/\\\/kidsplay.lt\\\/#organization\"},\"alternateName\":\"Kidsplay\",\"potentialAction\":[{\"@type\":\"SearchAction\",\"target\":{\"@type\":\"EntryPoint\",\"urlTemplate\":\"https:\\\/\\\/kidsplay.lt\\\/?s={search_term_string}\"},\"query-input\":{\"@type\":\"PropertyValueSpecification\",\"valueRequired\":true,\"valueName\":\"search_term_string\"}}],\"inLanguage\":\"lv-LV\"},{\"@type\":\"Organization\",\"@id\":\"https:\\\/\\\/kidsplay.lt\\\/#organization\",\"name\":\"KidsPlay\",\"url\":\"https:\\\/\\\/kidsplay.lt\\\/\",\"logo\":{\"@type\":\"ImageObject\",\"inLanguage\":\"lv-LV\",\"@id\":\"https:\\\/\\\/kidsplay.lt\\\/#\\\/schema\\\/logo\\\/image\\\/\",\"url\":\"https:\\\/\\\/kidsplay.lt\\\/wp-content\\\/uploads\\\/2023\\\/07\\\/kidsplay-logo.png\",\"contentUrl\":\"https:\\\/\\\/kidsplay.lt\\\/wp-content\\\/uploads\\\/2023\\\/07\\\/kidsplay-logo.png\",\"width\":451,\"height\":98,\"caption\":\"KidsPlay\"},\"image\":{\"@id\":\"https:\\\/\\\/kidsplay.lt\\\/#\\\/schema\\\/logo\\\/image\\\/\"},\"sameAs\":[\"https:\\\/\\\/www.facebook.com\\\/www.kidsplay.lt\"]}]}<\/script>\n<!-- \/ Yoast SEO plugin. -->","yoast_head_json":{"title":"WOOPIE caursp\u012bd\u012bgi magn\u0113tiskie kluc\u012b\u0161i 43 gab.","description":"WOOPIE Skaidr\u016bs magnetiniai statybiniai blokai 43 vnt. - KidsPlay. Did\u017eiausias vaik\u0173 \u017eaisl\u0173 pasirinkimas.","robots":{"index":"index","follow":"follow","max-snippet":"max-snippet:-1","max-image-preview":"max-image-preview:large","max-video-preview":"max-video-preview:-1"},"canonical":"https:\/\/kidsplay.lt\/lv\/products\/woopie-skaidrus-magnetiniai-statybiniai-blokai-43-vnt\/","og_locale":"lv_LV","og_type":"article","og_title":"WOOPIE Skaidr\u016bs magnetiniai statybiniai blokai 43 vnt.","og_description":"WOOPIE Skaidr\u016bs magnetiniai statybiniai blokai 43 vnt. - KidsPlay. Did\u017eiausias vaik\u0173 \u017eaisl\u0173 pasirinkimas.","og_url":"https:\/\/kidsplay.lt\/lv\/products\/woopie-skaidrus-magnetiniai-statybiniai-blokai-43-vnt\/","og_site_name":"KidsPlay","article_publisher":"https:\/\/www.facebook.com\/www.kidsplay.lt","article_modified_time":"2026-04-13T11:27:11+00:00","og_image":[{"width":1000,"height":1000,"url":"https:\/\/kidsplay.lt\/wp-content\/uploads\/2025\/10\/WOOPIE-Skaidrus-magnetiniai-statybiniai-blokai-43-vnt.jpg","type":"image\/jpeg"}],"twitter_card":"summary_large_image","twitter_misc":{"Est. reading time":"1 min\u016bte"},"schema":{"@context":"https:\/\/schema.org","@graph":[{"@type":"WebPage","@id":"https:\/\/kidsplay.lt\/produktas\/woopie-skaidrus-magnetiniai-statybiniai-blokai-43-vnt\/","url":"https:\/\/kidsplay.lt\/produktas\/woopie-skaidrus-magnetiniai-statybiniai-blokai-43-vnt\/","name":"WOOPIE caursp\u012bd\u012bgi magn\u0113tiskie kluc\u012b\u0161i 43 gab.","isPartOf":{"@id":"https:\/\/kidsplay.lt\/#website"},"primaryImageOfPage":{"@id":"https:\/\/kidsplay.lt\/produktas\/woopie-skaidrus-magnetiniai-statybiniai-blokai-43-vnt\/#primaryimage"},"image":{"@id":"https:\/\/kidsplay.lt\/produktas\/woopie-skaidrus-magnetiniai-statybiniai-blokai-43-vnt\/#primaryimage"},"thumbnailUrl":"https:\/\/kidsplay.lt\/wp-content\/uploads\/2025\/10\/WOOPIE-Skaidrus-magnetiniai-statybiniai-blokai-43-vnt.jpg","datePublished":"2025-10-09T06:23:07+00:00","dateModified":"2026-04-13T11:27:11+00:00","description":"WOOPIE Skaidr\u016bs magnetiniai statybiniai blokai 43 vnt. - KidsPlay. Did\u017eiausias vaik\u0173 \u017eaisl\u0173 pasirinkimas.","breadcrumb":{"@id":"https:\/\/kidsplay.lt\/produktas\/woopie-skaidrus-magnetiniai-statybiniai-blokai-43-vnt\/#breadcrumb"},"inLanguage":"lv-LV","potentialAction":[{"@type":"ReadAction","target":["https:\/\/kidsplay.lt\/produktas\/woopie-skaidrus-magnetiniai-statybiniai-blokai-43-vnt\/"]}]},{"@type":"ImageObject","inLanguage":"lv-LV","@id":"https:\/\/kidsplay.lt\/produktas\/woopie-skaidrus-magnetiniai-statybiniai-blokai-43-vnt\/#primaryimage","url":"https:\/\/kidsplay.lt\/wp-content\/uploads\/2025\/10\/WOOPIE-Skaidrus-magnetiniai-statybiniai-blokai-43-vnt.jpg","contentUrl":"https:\/\/kidsplay.lt\/wp-content\/uploads\/2025\/10\/WOOPIE-Skaidrus-magnetiniai-statybiniai-blokai-43-vnt.jpg","width":1000,"height":1000,"caption":"WOOPIE Skaidr\u016bs magnetiniai statybiniai blokai 43 vnt."},{"@type":"BreadcrumbList","@id":"https:\/\/kidsplay.lt\/produktas\/woopie-skaidrus-magnetiniai-statybiniai-blokai-43-vnt\/#breadcrumb","itemListElement":[{"@type":"ListItem","position":1,"name":"Pagrindinis","item":"https:\/\/kidsplay.lt\/"},{"@type":"ListItem","position":2,"name":"Parduotuv\u0117","item":"https:\/\/kidsplay.lt\/parduotuve\/"},{"@type":"ListItem","position":3,"name":"WOOPIE Skaidr\u016bs magnetiniai statybiniai blokai 43 vnt."}]},{"@type":"WebSite","@id":"https:\/\/kidsplay.lt\/#website","url":"https:\/\/kidsplay.lt\/","name":"B\u0113rnu sp\u0113les.lv","description":"\u012evairios prek\u0117s vaikams","publisher":{"@id":"https:\/\/kidsplay.lt\/#organization"},"alternateName":"Kidsplay","potentialAction":[{"@type":"SearchAction","target":{"@type":"EntryPoint","urlTemplate":"https:\/\/kidsplay.lt\/?s={search_term_string}"},"query-input":{"@type":"PropertyValueSpecification","valueRequired":true,"valueName":"search_term_string"}}],"inLanguage":"lv-LV"},{"@type":"Organization","@id":"https:\/\/kidsplay.lt\/#organization","name":"B\u0113rnu sp\u0113le","url":"https:\/\/kidsplay.lt\/","logo":{"@type":"ImageObject","inLanguage":"lv-LV","@id":"https:\/\/kidsplay.lt\/#\/schema\/logo\/image\/","url":"https:\/\/kidsplay.lt\/wp-content\/uploads\/2023\/07\/kidsplay-logo.png","contentUrl":"https:\/\/kidsplay.lt\/wp-content\/uploads\/2023\/07\/kidsplay-logo.png","width":451,"height":98,"caption":"KidsPlay"},"image":{"@id":"https:\/\/kidsplay.lt\/#\/schema\/logo\/image\/"},"sameAs":["https:\/\/www.facebook.com\/www.kidsplay.lt"]}]}},"_links":{"self":[{"href":"https:\/\/kidsplay.lt\/lv\/wp-json\/wp\/v2\/product\/75526","targetHints":{"allow":["GET"]}}],"collection":[{"href":"https:\/\/kidsplay.lt\/lv\/wp-json\/wp\/v2\/product"}],"about":[{"href":"https:\/\/kidsplay.lt\/lv\/wp-json\/wp\/v2\/types\/product"}],"version-history":[{"count":2,"href":"https:\/\/kidsplay.lt\/lv\/wp-json\/wp\/v2\/product\/75526\/revisions"}],"predecessor-version":[{"id":80829,"href":"https:\/\/kidsplay.lt\/lv\/wp-json\/wp\/v2\/product\/75526\/revisions\/80829"}],"wp:featuredmedia":[{"embeddable":true,"href":"https:\/\/kidsplay.lt\/lv\/wp-json\/wp\/v2\/media\/75528"}],"wp:attachment":[{"href":"https:\/\/kidsplay.lt\/lv\/wp-json\/wp\/v2\/media?parent=75526"}],"wp:term":[{"taxonomy":"product_brand","embeddable":true,"href":"https:\/\/kidsplay.lt\/lv\/wp-json\/wp\/v2\/product_brand?post=75526"},{"taxonomy":"product_cat","embeddable":true,"href":"https:\/\/kidsplay.lt\/lv\/wp-json\/wp\/v2\/product_cat?post=75526"},{"taxonomy":"product_tag","embeddable":true,"href":"https:\/\/kidsplay.lt\/lv\/wp-json\/wp\/v2\/product_tag?post=75526"}],"curies":[{"name":"wp","href":"https:\/\/api.w.org\/{rel}","templated":true}]}}