{"id":75531,"date":"2025-10-09T09:23:18","date_gmt":"2025-10-09T06:23:18","guid":{"rendered":"https:\/\/kidsplay.lt\/produktas\/woopie-nuotoliniu-budu-valdomas-kombaino-rinkinys-sviesiai-zalias\/"},"modified":"2026-04-07T10:06:35","modified_gmt":"2026-04-07T07:06:35","slug":"woopie-nuotoliniu-budu-valdomas-kombaino-rinkinys-sviesiai-zalias","status":"publish","type":"product","link":"https:\/\/kidsplay.lt\/lv\/products\/woopie-nuotoliniu-budu-valdomas-kombaino-rinkinys-sviesiai-zalias\/","title":{"rendered":"WOOPIE t\u0101lvad\u012bbas kombaina komplekts gai\u0161i za\u013c\u0161"},"content":{"rendered":"<p>Nuotoliniu b\u016bdu valdomas \u017eem\u0117s \u016bkio kombainas\u00a0Woopie\u00a0tai \u012fsp\u016bdinga transporto priemon\u0117, paver\u010dianti kambar\u012f nuotyki\u0173 ir tikrovi\u0161k\u0173 derliaus veiksm\u0173 kupinu lauku. Dideli ratai, kilnojamasis kolektorius ir \u201esieczki\u201d sukamasis e\u017eektorius skatina konkre\u010diam \u016bkiui skirtus scenarijus, lavina vaizduot\u0119 ir suteikia daug pasitenkinimo vairuojant ma\u0161in\u0105 kaip tikras operatorius.<\/p>\n<p>Raksturojums:<\/p>\n<p> \t&#8211; Vaikams nuo\u00a03 metai\u00a0gyvenimas<br \/>\n \t&#8211; Pagaminta i\u0161 auk\u0161tos kokyb\u0117s med\u017eiag\u0173<br \/>\n \t&#8211; Besisukantis gr\u016bd\u0173 starteris<br \/>\n \t&#8211; Kilnojamas, auk\u0161to pak\u0117limo derliaus i\u0161metimo \u012ftaisas<br \/>\n \t&#8211; Didel\u0117s bekel\u0117s padangos ir stabilus dizainas u\u017etikrintam va\u017eiavimui<br \/>\n \t&#8211; Kabina su skaidriu stiklu ir detal\u0117mis kaip tikra ma\u0161ina<br \/>\n \t&#8211; Garso efektai, imituojantys tikr\u0105 kombinat\u0105<br \/>\n \t&#8211; Funkcinis stogo ap\u0161vietimas<br \/>\n \t&#8211; Maitinimas: 500mah 3.7v baterija<\/p>\n<p>Komplekt\u0101 ietilpst:<\/p>\n<p> \t&#8211; \u017dem\u0117s \u016bkio kombainas<br \/>\n \t&#8211; Gr\u016bd\u0173 rinktuvas<br \/>\n \t&#8211; Nuotolinis valdymas<br \/>\n \t&#8211; \u012ekraunama baterija<br \/>\n \t&#8211; \u012ekrovimo kabelis<\/p>\n<p>Rota\u013clieta att\u012bst\u0101s:<\/p>\n<p> \t&#8211; Vaizduot\u0117<br \/>\n \t&#8211; K\u016brybi\u0161kumas<br \/>\n \t&#8211; Logika<br \/>\n \t&#8211; Koncentracija<\/p>","protected":false},"excerpt":{"rendered":"<p>Nuotoliniu b\u016bdu valdomas \u017eem\u0117s \u016bkio kombainas\u00a0Woopie\u00a0tai \u012fsp\u016bdinga transporto priemon\u0117, paver\u010dianti kambar\u012f nuotyki\u0173 ir tikrovi\u0161k\u0173 derliaus veiksm\u0173 kupinu lauku. Dideli ratai,<\/p>","protected":false},"featured_media":75533,"template":"","meta":{"_acf_changed":false,"_glsr_average":0,"_glsr_ranking":0,"_glsr_reviews":0},"product_brand":[],"product_cat":[447,229],"product_tag":[],"class_list":{"0":"post-75531","1":"product","2":"type-product","3":"status-publish","4":"has-post-thumbnail","6":"product_cat-rc-zaislai","7":"product_cat-zaislai-vaikams","8":"\"style=\"background-color: #2ecc711c;\"","10":"first","11":"instock","12":"purchasable","13":"product-type-simple"},"acf":[],"yoast_head":"<!-- This site is optimized with the Yoast SEO plugin v27.3 - https:\/\/yoast.com\/product\/yoast-seo-wordpress\/ -->\n<title>WOOPIE Nuotoliniu b\u016bdu valdomas kombaino rinkinys \u0161viesiai \u017ealias<\/title>\n<meta name=\"description\" content=\"WOOPIE Nuotoliniu b\u016bdu valdomas kombaino rinkinys \u0161viesiai \u017ealias - KidsPlay. Did\u017eiausias vaik\u0173 \u017eaisl\u0173 pasirinkimas.\" \/>\n<meta name=\"robots\" content=\"index, follow, max-snippet:-1, max-image-preview:large, max-video-preview:-1\" \/>\n<link rel=\"canonical\" href=\"https:\/\/kidsplay.lt\/lv\/products\/woopie-nuotoliniu-budu-valdomas-kombaino-rinkinys-sviesiai-zalias\/\" \/>\n<meta property=\"og:locale\" content=\"lv_LV\" \/>\n<meta property=\"og:type\" content=\"article\" \/>\n<meta property=\"og:title\" content=\"WOOPIE Nuotoliniu b\u016bdu valdomas kombaino rinkinys \u0161viesiai \u017ealias\" \/>\n<meta property=\"og:description\" content=\"WOOPIE Nuotoliniu b\u016bdu valdomas kombaino rinkinys \u0161viesiai \u017ealias - KidsPlay. Did\u017eiausias vaik\u0173 \u017eaisl\u0173 pasirinkimas.\" \/>\n<meta property=\"og:url\" content=\"https:\/\/kidsplay.lt\/lv\/products\/woopie-nuotoliniu-budu-valdomas-kombaino-rinkinys-sviesiai-zalias\/\" \/>\n<meta property=\"og:site_name\" content=\"KidsPlay\" \/>\n<meta property=\"article:publisher\" content=\"https:\/\/www.facebook.com\/www.kidsplay.lt\" \/>\n<meta property=\"article:modified_time\" content=\"2026-04-07T07:06:35+00:00\" \/>\n<meta property=\"og:image\" content=\"https:\/\/kidsplay.lt\/wp-content\/uploads\/2025\/10\/WOOPIE-Nuotoliniu-budu-valdomas-kombaino-rinkinys-sviesiai-zalias.jpg\" \/>\n\t<meta property=\"og:image:width\" content=\"1000\" \/>\n\t<meta property=\"og:image:height\" content=\"1000\" \/>\n\t<meta property=\"og:image:type\" content=\"image\/jpeg\" \/>\n<meta name=\"twitter:card\" content=\"summary_large_image\" \/>\n<meta name=\"twitter:label1\" content=\"Est. reading time\" \/>\n\t<meta name=\"twitter:data1\" content=\"1 min\u016bte\" \/>\n<script type=\"application\/ld+json\" class=\"yoast-schema-graph\">{\"@context\":\"https:\\\/\\\/schema.org\",\"@graph\":[{\"@type\":\"WebPage\",\"@id\":\"https:\\\/\\\/kidsplay.lt\\\/produktas\\\/woopie-nuotoliniu-budu-valdomas-kombaino-rinkinys-sviesiai-zalias\\\/\",\"url\":\"https:\\\/\\\/kidsplay.lt\\\/produktas\\\/woopie-nuotoliniu-budu-valdomas-kombaino-rinkinys-sviesiai-zalias\\\/\",\"name\":\"WOOPIE Nuotoliniu b\u016bdu valdomas kombaino rinkinys \u0161viesiai \u017ealias\",\"isPartOf\":{\"@id\":\"https:\\\/\\\/kidsplay.lt\\\/#website\"},\"primaryImageOfPage\":{\"@id\":\"https:\\\/\\\/kidsplay.lt\\\/produktas\\\/woopie-nuotoliniu-budu-valdomas-kombaino-rinkinys-sviesiai-zalias\\\/#primaryimage\"},\"image\":{\"@id\":\"https:\\\/\\\/kidsplay.lt\\\/produktas\\\/woopie-nuotoliniu-budu-valdomas-kombaino-rinkinys-sviesiai-zalias\\\/#primaryimage\"},\"thumbnailUrl\":\"https:\\\/\\\/kidsplay.lt\\\/wp-content\\\/uploads\\\/2025\\\/10\\\/WOOPIE-Nuotoliniu-budu-valdomas-kombaino-rinkinys-sviesiai-zalias.jpg\",\"datePublished\":\"2025-10-09T06:23:18+00:00\",\"dateModified\":\"2026-04-07T07:06:35+00:00\",\"description\":\"WOOPIE Nuotoliniu b\u016bdu valdomas kombaino rinkinys \u0161viesiai \u017ealias - KidsPlay. Did\u017eiausias vaik\u0173 \u017eaisl\u0173 pasirinkimas.\",\"breadcrumb\":{\"@id\":\"https:\\\/\\\/kidsplay.lt\\\/produktas\\\/woopie-nuotoliniu-budu-valdomas-kombaino-rinkinys-sviesiai-zalias\\\/#breadcrumb\"},\"inLanguage\":\"lv-LV\",\"potentialAction\":[{\"@type\":\"ReadAction\",\"target\":[\"https:\\\/\\\/kidsplay.lt\\\/produktas\\\/woopie-nuotoliniu-budu-valdomas-kombaino-rinkinys-sviesiai-zalias\\\/\"]}]},{\"@type\":\"ImageObject\",\"inLanguage\":\"lv-LV\",\"@id\":\"https:\\\/\\\/kidsplay.lt\\\/produktas\\\/woopie-nuotoliniu-budu-valdomas-kombaino-rinkinys-sviesiai-zalias\\\/#primaryimage\",\"url\":\"https:\\\/\\\/kidsplay.lt\\\/wp-content\\\/uploads\\\/2025\\\/10\\\/WOOPIE-Nuotoliniu-budu-valdomas-kombaino-rinkinys-sviesiai-zalias.jpg\",\"contentUrl\":\"https:\\\/\\\/kidsplay.lt\\\/wp-content\\\/uploads\\\/2025\\\/10\\\/WOOPIE-Nuotoliniu-budu-valdomas-kombaino-rinkinys-sviesiai-zalias.jpg\",\"width\":1000,\"height\":1000,\"caption\":\"WOOPIE Nuotoliniu b\u016bdu valdomas kombaino rinkinys \u0161viesiai \u017ealias\"},{\"@type\":\"BreadcrumbList\",\"@id\":\"https:\\\/\\\/kidsplay.lt\\\/produktas\\\/woopie-nuotoliniu-budu-valdomas-kombaino-rinkinys-sviesiai-zalias\\\/#breadcrumb\",\"itemListElement\":[{\"@type\":\"ListItem\",\"position\":1,\"name\":\"Pagrindinis\",\"item\":\"https:\\\/\\\/kidsplay.lt\\\/\"},{\"@type\":\"ListItem\",\"position\":2,\"name\":\"Parduotuv\u0117\",\"item\":\"https:\\\/\\\/kidsplay.lt\\\/parduotuve\\\/\"},{\"@type\":\"ListItem\",\"position\":3,\"name\":\"WOOPIE Nuotoliniu b\u016bdu valdomas kombaino rinkinys \u0161viesiai \u017ealias\"}]},{\"@type\":\"WebSite\",\"@id\":\"https:\\\/\\\/kidsplay.lt\\\/#website\",\"url\":\"https:\\\/\\\/kidsplay.lt\\\/\",\"name\":\"Kidsplay.lt\",\"description\":\"\u012evairios prek\u0117s vaikams\",\"publisher\":{\"@id\":\"https:\\\/\\\/kidsplay.lt\\\/#organization\"},\"alternateName\":\"Kidsplay\",\"potentialAction\":[{\"@type\":\"SearchAction\",\"target\":{\"@type\":\"EntryPoint\",\"urlTemplate\":\"https:\\\/\\\/kidsplay.lt\\\/?s={search_term_string}\"},\"query-input\":{\"@type\":\"PropertyValueSpecification\",\"valueRequired\":true,\"valueName\":\"search_term_string\"}}],\"inLanguage\":\"lv-LV\"},{\"@type\":\"Organization\",\"@id\":\"https:\\\/\\\/kidsplay.lt\\\/#organization\",\"name\":\"KidsPlay\",\"url\":\"https:\\\/\\\/kidsplay.lt\\\/\",\"logo\":{\"@type\":\"ImageObject\",\"inLanguage\":\"lv-LV\",\"@id\":\"https:\\\/\\\/kidsplay.lt\\\/#\\\/schema\\\/logo\\\/image\\\/\",\"url\":\"https:\\\/\\\/kidsplay.lt\\\/wp-content\\\/uploads\\\/2023\\\/07\\\/kidsplay-logo.png\",\"contentUrl\":\"https:\\\/\\\/kidsplay.lt\\\/wp-content\\\/uploads\\\/2023\\\/07\\\/kidsplay-logo.png\",\"width\":451,\"height\":98,\"caption\":\"KidsPlay\"},\"image\":{\"@id\":\"https:\\\/\\\/kidsplay.lt\\\/#\\\/schema\\\/logo\\\/image\\\/\"},\"sameAs\":[\"https:\\\/\\\/www.facebook.com\\\/www.kidsplay.lt\"]}]}<\/script>\n<!-- \/ Yoast SEO plugin. -->","yoast_head_json":{"title":"WOOPIE t\u0101lvad\u012bbas kombaina komplekts gai\u0161i za\u013c\u0161","description":"WOOPIE Nuotoliniu b\u016bdu valdomas kombaino rinkinys \u0161viesiai \u017ealias - KidsPlay. Did\u017eiausias vaik\u0173 \u017eaisl\u0173 pasirinkimas.","robots":{"index":"index","follow":"follow","max-snippet":"max-snippet:-1","max-image-preview":"max-image-preview:large","max-video-preview":"max-video-preview:-1"},"canonical":"https:\/\/kidsplay.lt\/lv\/products\/woopie-nuotoliniu-budu-valdomas-kombaino-rinkinys-sviesiai-zalias\/","og_locale":"lv_LV","og_type":"article","og_title":"WOOPIE Nuotoliniu b\u016bdu valdomas kombaino rinkinys \u0161viesiai \u017ealias","og_description":"WOOPIE Nuotoliniu b\u016bdu valdomas kombaino rinkinys \u0161viesiai \u017ealias - KidsPlay. Did\u017eiausias vaik\u0173 \u017eaisl\u0173 pasirinkimas.","og_url":"https:\/\/kidsplay.lt\/lv\/products\/woopie-nuotoliniu-budu-valdomas-kombaino-rinkinys-sviesiai-zalias\/","og_site_name":"KidsPlay","article_publisher":"https:\/\/www.facebook.com\/www.kidsplay.lt","article_modified_time":"2026-04-07T07:06:35+00:00","og_image":[{"width":1000,"height":1000,"url":"https:\/\/kidsplay.lt\/wp-content\/uploads\/2025\/10\/WOOPIE-Nuotoliniu-budu-valdomas-kombaino-rinkinys-sviesiai-zalias.jpg","type":"image\/jpeg"}],"twitter_card":"summary_large_image","twitter_misc":{"Est. reading time":"1 min\u016bte"},"schema":{"@context":"https:\/\/schema.org","@graph":[{"@type":"WebPage","@id":"https:\/\/kidsplay.lt\/produktas\/woopie-nuotoliniu-budu-valdomas-kombaino-rinkinys-sviesiai-zalias\/","url":"https:\/\/kidsplay.lt\/produktas\/woopie-nuotoliniu-budu-valdomas-kombaino-rinkinys-sviesiai-zalias\/","name":"WOOPIE t\u0101lvad\u012bbas kombaina komplekts gai\u0161i za\u013c\u0161","isPartOf":{"@id":"https:\/\/kidsplay.lt\/#website"},"primaryImageOfPage":{"@id":"https:\/\/kidsplay.lt\/produktas\/woopie-nuotoliniu-budu-valdomas-kombaino-rinkinys-sviesiai-zalias\/#primaryimage"},"image":{"@id":"https:\/\/kidsplay.lt\/produktas\/woopie-nuotoliniu-budu-valdomas-kombaino-rinkinys-sviesiai-zalias\/#primaryimage"},"thumbnailUrl":"https:\/\/kidsplay.lt\/wp-content\/uploads\/2025\/10\/WOOPIE-Nuotoliniu-budu-valdomas-kombaino-rinkinys-sviesiai-zalias.jpg","datePublished":"2025-10-09T06:23:18+00:00","dateModified":"2026-04-07T07:06:35+00:00","description":"WOOPIE Nuotoliniu b\u016bdu valdomas kombaino rinkinys \u0161viesiai \u017ealias - KidsPlay. Did\u017eiausias vaik\u0173 \u017eaisl\u0173 pasirinkimas.","breadcrumb":{"@id":"https:\/\/kidsplay.lt\/produktas\/woopie-nuotoliniu-budu-valdomas-kombaino-rinkinys-sviesiai-zalias\/#breadcrumb"},"inLanguage":"lv-LV","potentialAction":[{"@type":"ReadAction","target":["https:\/\/kidsplay.lt\/produktas\/woopie-nuotoliniu-budu-valdomas-kombaino-rinkinys-sviesiai-zalias\/"]}]},{"@type":"ImageObject","inLanguage":"lv-LV","@id":"https:\/\/kidsplay.lt\/produktas\/woopie-nuotoliniu-budu-valdomas-kombaino-rinkinys-sviesiai-zalias\/#primaryimage","url":"https:\/\/kidsplay.lt\/wp-content\/uploads\/2025\/10\/WOOPIE-Nuotoliniu-budu-valdomas-kombaino-rinkinys-sviesiai-zalias.jpg","contentUrl":"https:\/\/kidsplay.lt\/wp-content\/uploads\/2025\/10\/WOOPIE-Nuotoliniu-budu-valdomas-kombaino-rinkinys-sviesiai-zalias.jpg","width":1000,"height":1000,"caption":"WOOPIE Nuotoliniu b\u016bdu valdomas kombaino rinkinys \u0161viesiai \u017ealias"},{"@type":"BreadcrumbList","@id":"https:\/\/kidsplay.lt\/produktas\/woopie-nuotoliniu-budu-valdomas-kombaino-rinkinys-sviesiai-zalias\/#breadcrumb","itemListElement":[{"@type":"ListItem","position":1,"name":"Pagrindinis","item":"https:\/\/kidsplay.lt\/"},{"@type":"ListItem","position":2,"name":"Parduotuv\u0117","item":"https:\/\/kidsplay.lt\/parduotuve\/"},{"@type":"ListItem","position":3,"name":"WOOPIE Nuotoliniu b\u016bdu valdomas kombaino rinkinys \u0161viesiai \u017ealias"}]},{"@type":"WebSite","@id":"https:\/\/kidsplay.lt\/#website","url":"https:\/\/kidsplay.lt\/","name":"B\u0113rnu sp\u0113les.lv","description":"\u012evairios prek\u0117s vaikams","publisher":{"@id":"https:\/\/kidsplay.lt\/#organization"},"alternateName":"Kidsplay","potentialAction":[{"@type":"SearchAction","target":{"@type":"EntryPoint","urlTemplate":"https:\/\/kidsplay.lt\/?s={search_term_string}"},"query-input":{"@type":"PropertyValueSpecification","valueRequired":true,"valueName":"search_term_string"}}],"inLanguage":"lv-LV"},{"@type":"Organization","@id":"https:\/\/kidsplay.lt\/#organization","name":"B\u0113rnu sp\u0113le","url":"https:\/\/kidsplay.lt\/","logo":{"@type":"ImageObject","inLanguage":"lv-LV","@id":"https:\/\/kidsplay.lt\/#\/schema\/logo\/image\/","url":"https:\/\/kidsplay.lt\/wp-content\/uploads\/2023\/07\/kidsplay-logo.png","contentUrl":"https:\/\/kidsplay.lt\/wp-content\/uploads\/2023\/07\/kidsplay-logo.png","width":451,"height":98,"caption":"KidsPlay"},"image":{"@id":"https:\/\/kidsplay.lt\/#\/schema\/logo\/image\/"},"sameAs":["https:\/\/www.facebook.com\/www.kidsplay.lt"]}]}},"_links":{"self":[{"href":"https:\/\/kidsplay.lt\/lv\/wp-json\/wp\/v2\/product\/75531","targetHints":{"allow":["GET"]}}],"collection":[{"href":"https:\/\/kidsplay.lt\/lv\/wp-json\/wp\/v2\/product"}],"about":[{"href":"https:\/\/kidsplay.lt\/lv\/wp-json\/wp\/v2\/types\/product"}],"version-history":[{"count":1,"href":"https:\/\/kidsplay.lt\/lv\/wp-json\/wp\/v2\/product\/75531\/revisions"}],"predecessor-version":[{"id":75532,"href":"https:\/\/kidsplay.lt\/lv\/wp-json\/wp\/v2\/product\/75531\/revisions\/75532"}],"wp:featuredmedia":[{"embeddable":true,"href":"https:\/\/kidsplay.lt\/lv\/wp-json\/wp\/v2\/media\/75533"}],"wp:attachment":[{"href":"https:\/\/kidsplay.lt\/lv\/wp-json\/wp\/v2\/media?parent=75531"}],"wp:term":[{"taxonomy":"product_brand","embeddable":true,"href":"https:\/\/kidsplay.lt\/lv\/wp-json\/wp\/v2\/product_brand?post=75531"},{"taxonomy":"product_cat","embeddable":true,"href":"https:\/\/kidsplay.lt\/lv\/wp-json\/wp\/v2\/product_cat?post=75531"},{"taxonomy":"product_tag","embeddable":true,"href":"https:\/\/kidsplay.lt\/lv\/wp-json\/wp\/v2\/product_tag?post=75531"}],"curies":[{"name":"wp","href":"https:\/\/api.w.org\/{rel}","templated":true}]}}