{"id":75707,"date":"2025-10-09T19:53:28","date_gmt":"2025-10-09T16:53:28","guid":{"rendered":"https:\/\/kidsplay.lt\/?post_type=product&#038;p=75707"},"modified":"2026-04-07T20:55:27","modified_gmt":"2026-04-07T17:55:27","slug":"dj-rinkinys-vaikams","status":"publish","type":"product","link":"https:\/\/kidsplay.lt\/lv\/products\/dj-rinkinys-vaikams\/","title":{"rendered":"DJ komplekts b\u0113rniem"},"content":{"rendered":"<div class=\"mpof_ki myre_zn myre_8v_l m389_6m_l\">\n<div class=\"mp4t_16_s mryx_16_s mr3m_1 mli2_1 mh85_56 mh85_0_l\">\n<div class=\"mgn2_16 _0d3bd_am0a-\">\n<h1><span dir=\"auto\">\u2705 Tapk ma\u017euoju did\u017e\u0117jumi ir prad\u0117k bet kok\u012f vakar\u0117l\u012f!<\/span><\/h1>\n<p><span dir=\"auto\">Ar j\u016bs\u0173 vaikas svajoja tapti did\u017e\u0117jumi? Dabar tai gali pasijusti kaip tikroje scenoje! \u201eSuprimo DJ Kid\u201c \u2013 tai modernus did\u017e\u0117jaus pultas vaikams nuo 3 met\u0173, kuris derina\u00a0<\/span><b><span dir=\"auto\">moksl\u0105<\/span><\/b><span dir=\"auto\">\u00a0su\u00a0<\/span><b><span dir=\"auto\">pramogomis<\/span><\/b><span dir=\"auto\">\u00a0un\u00a0<\/span><b><span dir=\"auto\">lavina muzikin\u012f k\u016brybi\u0161kum\u0105<\/span><\/b><span dir=\"auto\">\u00a0.<\/span><\/p>\n<\/div>\n<\/div>\n<\/div>\n<div class=\"mpof_ki myre_zn myre_8v_l m389_6m_l\">\n<div class=\"mp4t_16_s mryx_16_s mr3m_1 mli2_1 mh85_56 mh85_0_l\">\n<div class=\"mg9e_8 mj7a_8 mg9e_0_s mvrt_0_s mj7a_0_s mh36_0_s mzmg_6m munh_16_l m3h2_16_l\">\n<div class=\"mp4t_0 mryx_0 munh_56 m3h2_56\">\n<div class=\"mp7g_oh\"><button class=\"mg9e_0 mvrt_0 mj7a_0 mh36_0 mp4t_0 m3h2_0 mryx_0 munh_0 mqen_m6 mpof_z0 mx7m_0 m7er_k4 mse2_k4 msts_pt\" data-analytics-interaction=\"true\" data-analytics-interaction-label=\"zoomable-image-open\" aria-disabled=\"true\"><img decoding=\"async\" class=\"msub_k4 mupj_5k mjru_k4 mse2_k4 mp7g_f6 mq1m_0 mj7u_0 m7er_k4 mqen_m6 m31c_d8 m0ux_fp lazyloaded\" src=\"https:\/\/a.allegroimg.com\/original\/11d78c\/9c3a5d334dc5bb5a17c15ee50b90\/KEYBOARD-PIANO-FOR-CHILDREN-MICROPHONE-DJ-GIFT-CONSOLE-MIXER-DJ-LED-Kind-piano\" sizes=\"(min-width: 1200px) 560px, (min-width: 992px) 50vw, 100vw\" srcset=\"https:\/\/a.allegroimg.com\/s360\/11d78c\/9c3a5d334dc5bb5a17c15ee50b90\/KEYBOARD-PIANO-FOR-CHILDREN-MICROPHONE-DJ-GIFT-CONSOLE-MIXER-DJ-LED-Kind-piano 360w,https:\/\/a.allegroimg.com\/s720\/11d78c\/9c3a5d334dc5bb5a17c15ee50b90\/KEYBOARD-PIANO-FOR-CHILDREN-MICROPHONE-DJ-GIFT-CONSOLE-MIXER-DJ-LED-Kind-piano 720w,https:\/\/a.allegroimg.com\/s1024\/11d78c\/9c3a5d334dc5bb5a17c15ee50b90\/KEYBOARD-PIANO-FOR-CHILDREN-MICROPHONE-DJ-GIFT-CONSOLE-MIXER-DJ-LED-Kind-piano 1024w,https:\/\/a.allegroimg.com\/s1440\/11d78c\/9c3a5d334dc5bb5a17c15ee50b90\/KEYBOARD-PIANO-FOR-CHILDREN-MICROPHONE-DJ-GIFT-CONSOLE-MIXER-DJ-LED-Kind-piano 1440w,https:\/\/a.allegroimg.com\/original\/11d78c\/9c3a5d334dc5bb5a17c15ee50b90\/KEYBOARD-PIANO-FOR-CHILDREN-MICROPHONE-DJ-GIFT-CONSOLE-MIXER-DJ-LED-Kind-piano 2560w\" alt=\"KEYBOARD PIANO FOR CHILDREN MICROPHONE DJ GIFT CONSOLE MIXER DJ LED Kind piano\" width=\"2560px\" data-srcset=\"\" \/><\/button><\/div>\n<\/div>\n<\/div>\n<\/div>\n<div class=\"mp4t_16_s mryx_16_s mr3m_1 mli2_1 mh85_56 mh85_0_l\">\n<div class=\"mgn2_16 _0d3bd_am0a-\">\n<p><b><span dir=\"auto\">\u2705 Spalvingas LED foninis ap\u0161vietimas<\/span><\/b><span dir=\"auto\">\u00a0\u2013 scenos efektas kaip vakar\u0117lyje<\/span><\/p>\n<p><b><span dir=\"auto\">\u2705 \u201eBluetooth 5.0\u201c<\/span><\/b><span dir=\"auto\">\u00a0\u2013 muzikos atk\u016brimas be laid\u0173<br \/>\nBluetooth re\u017eimu \u0161is modelis veikia tik kaip garsiakalbis, tod\u0117l mygtukai i\u0161jungiami.<br \/>\n<\/span><\/p>\n<p><b><span dir=\"auto\">\u2705 \u012era\u0161\u0173 \u012fra\u0161ymas ir atk\u016brimas<\/span><\/b><span dir=\"auto\">\u00a0\u2013 muzikini\u0173 aistr\u0173 ugdymas<\/span><\/p>\n<p><b><span dir=\"auto\">\u2705 Pridedamas mikrofonas<\/span><\/b><span dir=\"auto\">\u00a0\u2013 idealiai tinka karaoke ir premjeroms<\/span><\/p>\n<p><b><span dir=\"auto\">\u2705 Lengva ir tvirta ABS<\/span><\/b><span dir=\"auto\">\u00a0konstrukcija \u2013 saugi vaikams<\/span><\/p>\n<\/div>\n<\/div>\n<\/div>\n<div class=\"mpof_ki myre_zn myre_8v_l m389_6m_l\">\n<div class=\"mp4t_16_s mryx_16_s mr3m_1 mli2_1 mh85_56 mh85_0_l\">\n<div class=\"mg9e_8 mj7a_8 mg9e_0_s mvrt_0_s mj7a_0_s mh36_0_s mzmg_6m munh_16_l m3h2_16_l\">\n<div class=\"mp4t_0 mryx_0 munh_56 m3h2_56\">\n<div class=\"mp7g_oh\"><button class=\"mg9e_0 mvrt_0 mj7a_0 mh36_0 mp4t_0 m3h2_0 mryx_0 munh_0 mqen_m6 mpof_z0 mx7m_0 m7er_k4 mse2_k4 msts_pt\" data-analytics-interaction=\"true\" data-analytics-interaction-label=\"zoomable-image-open\" aria-disabled=\"true\"><img decoding=\"async\" class=\"msub_k4 mupj_5k mjru_k4 mse2_k4 mp7g_f6 mq1m_0 mj7u_0 m7er_k4 mqen_m6 m31c_d8 m0ux_fp lazyloaded\" src=\"https:\/\/a.allegroimg.com\/original\/116741\/05a981824ffe9e34c5b2bc1ee749\/KEYBOARD-PIANO-FOR-CHILDREN-MICROPHONE-DJ-GIFT-CONSOLE-MIXER-DJ-LED-EAN-GTIN-5908249835689\" sizes=\"(min-width: 1200px) 560px, (min-width: 992px) 50vw, 100vw\" srcset=\"https:\/\/a.allegroimg.com\/s360\/116741\/05a981824ffe9e34c5b2bc1ee749\/KEYBOARD-PIANO-FOR-CHILDREN-MICROPHONE-DJ-GIFT-CONSOLE-MIXER-DJ-LED-EAN-GTIN-5908249835689 360w,https:\/\/a.allegroimg.com\/s720\/116741\/05a981824ffe9e34c5b2bc1ee749\/KEYBOARD-PIANO-FOR-CHILDREN-MICROPHONE-DJ-GIFT-CONSOLE-MIXER-DJ-LED-EAN-GTIN-5908249835689 720w,https:\/\/a.allegroimg.com\/s1024\/116741\/05a981824ffe9e34c5b2bc1ee749\/KEYBOARD-PIANO-FOR-CHILDREN-MICROPHONE-DJ-GIFT-CONSOLE-MIXER-DJ-LED-EAN-GTIN-5908249835689 1024w,https:\/\/a.allegroimg.com\/s1440\/116741\/05a981824ffe9e34c5b2bc1ee749\/KEYBOARD-PIANO-FOR-CHILDREN-MICROPHONE-DJ-GIFT-CONSOLE-MIXER-DJ-LED-EAN-GTIN-5908249835689 1440w,https:\/\/a.allegroimg.com\/original\/116741\/05a981824ffe9e34c5b2bc1ee749\/KEYBOARD-PIANO-FOR-CHILDREN-MICROPHONE-DJ-GIFT-CONSOLE-MIXER-DJ-LED-EAN-GTIN-5908249835689 2560w\" alt=\"KEYBOARD PIANO FOR CHILDREN MICROPHONE DJ GIFT CONSOLE MIXER DJ LED EAN (GTIN) 5908249835689\" width=\"2560px\" data-srcset=\"\" \/><\/button><\/div>\n<\/div>\n<\/div>\n<\/div>\n<div class=\"mp4t_16_s mryx_16_s mr3m_1 mli2_1 mh85_56 mh85_0_l\">\n<div class=\"mgn2_16 _0d3bd_am0a-\">\n<h1><span dir=\"auto\">Kod\u0117l verta rinktis \u201eSuprimo DJ Kid\u201c?<\/span><\/h1>\n<p><b><span dir=\"auto\">\u2705 Pilnas garso valdymas<\/span><\/b><\/p>\n<p><span dir=\"auto\">Vaikas gali naudotis\u00a0<\/span><b><span dir=\"auto\">12 MIDI takeli\u0173, garso efektais, 3 i\u0161 anksto nustatytais efektais<\/span><\/b><span dir=\"auto\">\u00a0un\u00a0<\/span><b><span dir=\"auto\">\u201eWhac-a-Mole\u201c<\/span><\/b><span dir=\"auto\">\u00a0\u017eaidimo re\u017eimu. Jis gali reguliuoti \u017eemuosius da\u017enius, temp\u0105 ir foninio ap\u0161vietimo ry\u0161kum\u0105 \u2013 kaip tikras did\u017e\u0117jus!<\/span><\/p>\n<p><b><span dir=\"auto\">\u2705 Pradeda kiekvien\u0105 vakar\u0117l\u012f<\/span><\/b><\/p>\n<p><b><span dir=\"auto\">Ap\u0161viesta paleidimo aik\u0161tel\u0117<\/span><\/b><span dir=\"auto\">\u00a0,\u00a0<\/span><b><span dir=\"auto\">spalvoti ap\u0161vietimo efektai<\/span><\/b><span dir=\"auto\">\u00a0un\u00a0<\/span><b><span dir=\"auto\">mikrofonas<\/span><\/b><span dir=\"auto\">\u00a0sukuria tikro \u0161ou atmosfer\u0105. Tai puiki id\u0117ja gimtadieniams, vakar\u0117liams ir \u017eaidimams su broliais ir seserimis ar draugais.<\/span><\/p>\n<p><b><span dir=\"auto\">\u2705 Pramogos, kurios moko<\/span><\/b><\/p>\n<p><span dir=\"auto\">Konsol\u0117\u00a0<\/span><b><span dir=\"auto\">lavina muzikin\u0119 klaus\u0105<\/span><\/b><span dir=\"auto\">\u00a0,\u00a0<\/span><b><span dir=\"auto\">ritmo poj\u016bt\u012f<\/span><\/b><span dir=\"auto\">\u00a0un\u00a0<b>judesi\u0173\u00a0<\/b><\/span><b><span dir=\"auto\">koordinacij\u0105<\/span><\/b>\u00a0<span dir=\"auto\">. Su i\u0161maniojo telefono laikikliu j\u016bs\u0173 vaikas gali naudotis muzikos program\u0117l\u0117mis ir mai\u0161yti m\u0117gstamas dainas.<\/span><b><\/b><\/p>\n<\/div>\n<\/div>\n<\/div>\n<div class=\"mpof_ki myre_zn myre_8v_l m389_6m_l\">\n<div class=\"mp4t_16_s mryx_16_s mr3m_1 mli2_1 mh85_56 mh85_0_l\">\n<div class=\"mg9e_8 mj7a_8 mg9e_0_s mvrt_0_s mj7a_0_s mh36_0_s mzmg_6m munh_16_l m3h2_16_l\">\n<div class=\"mp4t_0 mryx_0 munh_56 m3h2_56\">\n<div class=\"mp7g_oh\"><button class=\"mg9e_0 mvrt_0 mj7a_0 mh36_0 mp4t_0 m3h2_0 mryx_0 munh_0 mqen_m6 mpof_z0 mx7m_0 m7er_k4 mse2_k4 msts_pt\" data-analytics-interaction=\"true\" data-analytics-interaction-label=\"zoomable-image-open\" aria-disabled=\"true\"><img decoding=\"async\" class=\"msub_k4 mupj_5k mjru_k4 mse2_k4 mp7g_f6 mq1m_0 mj7u_0 m7er_k4 mqen_m6 m31c_d8 m0ux_fp lazyloaded\" src=\"https:\/\/a.allegroimg.com\/original\/11e97a\/49a1b6ae48148768a76626487d0c\/KEYBOARD-PIANO-FOR-CHILDREN-MICROPHONE-DJ-GIFT-CONSOLE-MIXER-DJ-LED-Manufacturer-code-5908249835689\" sizes=\"(min-width: 1200px) 560px, (min-width: 992px) 50vw, 100vw\" srcset=\"https:\/\/a.allegroimg.com\/s360\/11e97a\/49a1b6ae48148768a76626487d0c\/KEYBOARD-PIANO-FOR-CHILDREN-MICROPHONE-DJ-GIFT-CONSOLE-MIXER-DJ-LED-Manufacturer-code-5908249835689 360w,https:\/\/a.allegroimg.com\/s720\/11e97a\/49a1b6ae48148768a76626487d0c\/KEYBOARD-PIANO-FOR-CHILDREN-MICROPHONE-DJ-GIFT-CONSOLE-MIXER-DJ-LED-Manufacturer-code-5908249835689 720w,https:\/\/a.allegroimg.com\/s1024\/11e97a\/49a1b6ae48148768a76626487d0c\/KEYBOARD-PIANO-FOR-CHILDREN-MICROPHONE-DJ-GIFT-CONSOLE-MIXER-DJ-LED-Manufacturer-code-5908249835689 1024w,https:\/\/a.allegroimg.com\/s1440\/11e97a\/49a1b6ae48148768a76626487d0c\/KEYBOARD-PIANO-FOR-CHILDREN-MICROPHONE-DJ-GIFT-CONSOLE-MIXER-DJ-LED-Manufacturer-code-5908249835689 1440w,https:\/\/a.allegroimg.com\/original\/11e97a\/49a1b6ae48148768a76626487d0c\/KEYBOARD-PIANO-FOR-CHILDREN-MICROPHONE-DJ-GIFT-CONSOLE-MIXER-DJ-LED-Manufacturer-code-5908249835689 2560w\" alt=\"KEYBOARD PIANO FOR CHILDREN MICROPHONE DJ GIFT CONSOLE MIXER DJ LED Manufacturer code 5908249835689\" width=\"2560px\" data-srcset=\"\" \/><\/button><\/div>\n<\/div>\n<\/div>\n<\/div>\n<div class=\"mp4t_16_s mryx_16_s mr3m_1 mli2_1 mh85_56 mh85_0_l\">\n<div class=\"mgn2_16 _0d3bd_am0a-\">\n<h1><span dir=\"auto\">\u2705 Puiki dovana k\u016bdikiui<\/span><\/h1>\n<p><span dir=\"auto\">Tai daugiau nei \u017eaislas \u2013 tai pirmas\u00a0<\/span><b><span dir=\"auto\">\u017eingsnis \u012f muzikin\u012f nuotyk\u012f!<\/span><\/b><span dir=\"auto\">\u00a0Tai puikiai tiks kaip dovana gimtadienio, Vaik\u0173 dienos ar \u0161ven\u010di\u0173 proga.<\/span><\/p>\n<\/div>\n<\/div>\n<\/div>\n<div class=\"mpof_ki myre_zn myre_8v_l m389_6m_l\">\n<div class=\"mp4t_16_s mryx_16_s mr3m_1 mli2_1 mh85_56 mh85_0_l\">\n<div class=\"mg9e_8 mj7a_8 mg9e_0_s mvrt_0_s mj7a_0_s mh36_0_s mzmg_6m munh_16_l m3h2_16_l\">\n<div class=\"mp4t_0 mryx_0 munh_56 m3h2_56\">\n<div class=\"mp7g_oh\"><button class=\"mg9e_0 mvrt_0 mj7a_0 mh36_0 mp4t_0 m3h2_0 mryx_0 munh_0 mqen_m6 mpof_z0 mx7m_0 m7er_k4 mse2_k4 msts_pt\" data-analytics-interaction=\"true\" data-analytics-interaction-label=\"zoomable-image-open\" aria-disabled=\"true\"><img decoding=\"async\" class=\"msub_k4 mupj_5k mjru_k4 mse2_k4 mp7g_f6 mq1m_0 mj7u_0 m7er_k4 mqen_m6 m31c_d8 m0ux_fp lazyloaded\" src=\"https:\/\/a.allegroimg.com\/original\/11d332\/9ac8c96147c590ccbfd1b0cd9fe2\/KEYBOARD-PIANO-FOR-CHILDREN-MICROPHONE-DJ-GIFT-CONSOLE-MIXER-DJ-LED-Weight-with-packaging-0-8-kg\" sizes=\"(min-width: 1200px) 560px, (min-width: 992px) 50vw, 100vw\" srcset=\"https:\/\/a.allegroimg.com\/s360\/11d332\/9ac8c96147c590ccbfd1b0cd9fe2\/KEYBOARD-PIANO-FOR-CHILDREN-MICROPHONE-DJ-GIFT-CONSOLE-MIXER-DJ-LED-Weight-with-packaging-0-8-kg 360w,https:\/\/a.allegroimg.com\/s720\/11d332\/9ac8c96147c590ccbfd1b0cd9fe2\/KEYBOARD-PIANO-FOR-CHILDREN-MICROPHONE-DJ-GIFT-CONSOLE-MIXER-DJ-LED-Weight-with-packaging-0-8-kg 720w,https:\/\/a.allegroimg.com\/s1024\/11d332\/9ac8c96147c590ccbfd1b0cd9fe2\/KEYBOARD-PIANO-FOR-CHILDREN-MICROPHONE-DJ-GIFT-CONSOLE-MIXER-DJ-LED-Weight-with-packaging-0-8-kg 1024w,https:\/\/a.allegroimg.com\/s1440\/11d332\/9ac8c96147c590ccbfd1b0cd9fe2\/KEYBOARD-PIANO-FOR-CHILDREN-MICROPHONE-DJ-GIFT-CONSOLE-MIXER-DJ-LED-Weight-with-packaging-0-8-kg 1440w,https:\/\/a.allegroimg.com\/original\/11d332\/9ac8c96147c590ccbfd1b0cd9fe2\/KEYBOARD-PIANO-FOR-CHILDREN-MICROPHONE-DJ-GIFT-CONSOLE-MIXER-DJ-LED-Weight-with-packaging-0-8-kg 2560w\" alt=\"KEYBOARD PIANO FOR CHILDREN MICROPHONE DJ GIFT CONSOLE MIXER DJ LED Weight (with packaging) 0.8 kg\" width=\"2560px\" data-srcset=\"\" \/><\/button><\/div>\n<\/div>\n<\/div>\n<\/div>\n<div class=\"mp4t_16_s mryx_16_s mr3m_1 mli2_1 mh85_56 mh85_0_l\">\n<div class=\"mgn2_16 _0d3bd_am0a-\">\n<h1><span dir=\"auto\">\u2705 \u012eskai\u010diuota:<\/span><\/h1>\n<ul>\n<li><b><span dir=\"auto\">DJ valdiklis,<\/span><\/b><\/li>\n<li><b><span dir=\"auto\">Nuolatin\u0117s srov\u0117s maitinimo laidas &#8211; USB-A,<\/span><\/b><\/li>\n<li><b><span dir=\"auto\">i\u0161maniojo telefono stovas,<\/span><\/b><\/li>\n<li><b><span dir=\"auto\">mikrofono laikiklis,<\/span><\/b><\/li>\n<li><b><span dir=\"auto\">laidinis mikrofonas,<\/span><\/b><\/li>\n<li><b><span dir=\"auto\">sag\u0173 lipdukai,<\/span><\/b><\/li>\n<li><b><span dir=\"auto\">Naudojimo instrukcija (EN).<\/span><\/b><\/li>\n<\/ul>\n<\/div>\n<\/div>\n<\/div>","protected":false},"excerpt":{"rendered":"<p>\u2705 Tapk ma\u017euoju did\u017e\u0117jumi ir prad\u0117k bet kok\u012f vakar\u0117l\u012f! Ar j\u016bs\u0173 vaikas svajoja tapti did\u017e\u0117jumi? Dabar tai gali pasijusti kaip<\/p>","protected":false},"featured_media":75708,"template":"","meta":{"_acf_changed":false,"_glsr_average":0,"_glsr_ranking":0,"_glsr_reviews":0},"product_brand":[],"product_cat":[449,229],"product_tag":[],"class_list":{"0":"post-75707","1":"product","2":"type-product","3":"status-publish","4":"has-post-thumbnail","6":"product_cat-muzikiniai","7":"product_cat-zaislai-vaikams","8":"\"style=\"background-color: #2ecc711c;\"","10":"first","11":"instock","12":"sale","13":"shipping-taxable","14":"purchasable","15":"product-type-simple"},"acf":[],"yoast_head":"<!-- This site is optimized with the Yoast SEO plugin v27.3 - https:\/\/yoast.com\/product\/yoast-seo-wordpress\/ -->\n<title>DJ rinkinys vaikams - KidsPlay<\/title>\n<meta name=\"description\" content=\"DJ rinkinys vaikams - KidsPlay. Did\u017eiausias vaik\u0173 \u017eaisl\u0173 pasirinkimas.\" \/>\n<meta name=\"robots\" content=\"index, follow, max-snippet:-1, max-image-preview:large, max-video-preview:-1\" \/>\n<link rel=\"canonical\" href=\"https:\/\/kidsplay.lt\/lv\/products\/dj-rinkinys-vaikams\/\" \/>\n<meta property=\"og:locale\" content=\"lv_LV\" \/>\n<meta property=\"og:type\" content=\"article\" \/>\n<meta property=\"og:title\" content=\"DJ rinkinys vaikams - KidsPlay\" \/>\n<meta property=\"og:description\" content=\"DJ rinkinys vaikams - KidsPlay. Did\u017eiausias vaik\u0173 \u017eaisl\u0173 pasirinkimas.\" \/>\n<meta property=\"og:url\" content=\"https:\/\/kidsplay.lt\/lv\/products\/dj-rinkinys-vaikams\/\" \/>\n<meta property=\"og:site_name\" content=\"KidsPlay\" \/>\n<meta property=\"article:publisher\" content=\"https:\/\/www.facebook.com\/www.kidsplay.lt\" \/>\n<meta property=\"article:modified_time\" content=\"2026-04-07T17:55:27+00:00\" \/>\n<meta property=\"og:image\" content=\"https:\/\/kidsplay.lt\/wp-content\/uploads\/2025\/10\/Screenshot_814.png\" \/>\n\t<meta property=\"og:image:width\" content=\"529\" \/>\n\t<meta property=\"og:image:height\" content=\"462\" \/>\n\t<meta property=\"og:image:type\" content=\"image\/png\" \/>\n<meta name=\"twitter:card\" content=\"summary_large_image\" \/>\n<meta name=\"twitter:label1\" content=\"Est. reading time\" \/>\n\t<meta name=\"twitter:data1\" content=\"3 min\u016btes\" \/>\n<script type=\"application\/ld+json\" class=\"yoast-schema-graph\">{\"@context\":\"https:\\\/\\\/schema.org\",\"@graph\":[{\"@type\":\"WebPage\",\"@id\":\"https:\\\/\\\/kidsplay.lt\\\/produktas\\\/dj-rinkinys-vaikams\\\/\",\"url\":\"https:\\\/\\\/kidsplay.lt\\\/produktas\\\/dj-rinkinys-vaikams\\\/\",\"name\":\"DJ rinkinys vaikams - KidsPlay\",\"isPartOf\":{\"@id\":\"https:\\\/\\\/kidsplay.lt\\\/#website\"},\"primaryImageOfPage\":{\"@id\":\"https:\\\/\\\/kidsplay.lt\\\/produktas\\\/dj-rinkinys-vaikams\\\/#primaryimage\"},\"image\":{\"@id\":\"https:\\\/\\\/kidsplay.lt\\\/produktas\\\/dj-rinkinys-vaikams\\\/#primaryimage\"},\"thumbnailUrl\":\"https:\\\/\\\/kidsplay.lt\\\/wp-content\\\/uploads\\\/2025\\\/10\\\/Screenshot_814.png\",\"datePublished\":\"2025-10-09T16:53:28+00:00\",\"dateModified\":\"2026-04-07T17:55:27+00:00\",\"description\":\"DJ rinkinys vaikams - KidsPlay. Did\u017eiausias vaik\u0173 \u017eaisl\u0173 pasirinkimas.\",\"breadcrumb\":{\"@id\":\"https:\\\/\\\/kidsplay.lt\\\/produktas\\\/dj-rinkinys-vaikams\\\/#breadcrumb\"},\"inLanguage\":\"lv-LV\",\"potentialAction\":[{\"@type\":\"ReadAction\",\"target\":[\"https:\\\/\\\/kidsplay.lt\\\/produktas\\\/dj-rinkinys-vaikams\\\/\"]}]},{\"@type\":\"ImageObject\",\"inLanguage\":\"lv-LV\",\"@id\":\"https:\\\/\\\/kidsplay.lt\\\/produktas\\\/dj-rinkinys-vaikams\\\/#primaryimage\",\"url\":\"https:\\\/\\\/kidsplay.lt\\\/wp-content\\\/uploads\\\/2025\\\/10\\\/Screenshot_814.png\",\"contentUrl\":\"https:\\\/\\\/kidsplay.lt\\\/wp-content\\\/uploads\\\/2025\\\/10\\\/Screenshot_814.png\",\"width\":529,\"height\":462},{\"@type\":\"BreadcrumbList\",\"@id\":\"https:\\\/\\\/kidsplay.lt\\\/produktas\\\/dj-rinkinys-vaikams\\\/#breadcrumb\",\"itemListElement\":[{\"@type\":\"ListItem\",\"position\":1,\"name\":\"Pagrindinis\",\"item\":\"https:\\\/\\\/kidsplay.lt\\\/\"},{\"@type\":\"ListItem\",\"position\":2,\"name\":\"Parduotuv\u0117\",\"item\":\"https:\\\/\\\/kidsplay.lt\\\/parduotuve\\\/\"},{\"@type\":\"ListItem\",\"position\":3,\"name\":\"DJ rinkinys vaikams\"}]},{\"@type\":\"WebSite\",\"@id\":\"https:\\\/\\\/kidsplay.lt\\\/#website\",\"url\":\"https:\\\/\\\/kidsplay.lt\\\/\",\"name\":\"Kidsplay.lt\",\"description\":\"\u012evairios prek\u0117s vaikams\",\"publisher\":{\"@id\":\"https:\\\/\\\/kidsplay.lt\\\/#organization\"},\"alternateName\":\"Kidsplay\",\"potentialAction\":[{\"@type\":\"SearchAction\",\"target\":{\"@type\":\"EntryPoint\",\"urlTemplate\":\"https:\\\/\\\/kidsplay.lt\\\/?s={search_term_string}\"},\"query-input\":{\"@type\":\"PropertyValueSpecification\",\"valueRequired\":true,\"valueName\":\"search_term_string\"}}],\"inLanguage\":\"lv-LV\"},{\"@type\":\"Organization\",\"@id\":\"https:\\\/\\\/kidsplay.lt\\\/#organization\",\"name\":\"KidsPlay\",\"url\":\"https:\\\/\\\/kidsplay.lt\\\/\",\"logo\":{\"@type\":\"ImageObject\",\"inLanguage\":\"lv-LV\",\"@id\":\"https:\\\/\\\/kidsplay.lt\\\/#\\\/schema\\\/logo\\\/image\\\/\",\"url\":\"https:\\\/\\\/kidsplay.lt\\\/wp-content\\\/uploads\\\/2023\\\/07\\\/kidsplay-logo.png\",\"contentUrl\":\"https:\\\/\\\/kidsplay.lt\\\/wp-content\\\/uploads\\\/2023\\\/07\\\/kidsplay-logo.png\",\"width\":451,\"height\":98,\"caption\":\"KidsPlay\"},\"image\":{\"@id\":\"https:\\\/\\\/kidsplay.lt\\\/#\\\/schema\\\/logo\\\/image\\\/\"},\"sameAs\":[\"https:\\\/\\\/www.facebook.com\\\/www.kidsplay.lt\"]}]}<\/script>\n<!-- \/ Yoast SEO plugin. -->","yoast_head_json":{"title":"DJ rinkinys vaikams - KidsPlay","description":"DJ rinkinys vaikams - KidsPlay. Did\u017eiausias vaik\u0173 \u017eaisl\u0173 pasirinkimas.","robots":{"index":"index","follow":"follow","max-snippet":"max-snippet:-1","max-image-preview":"max-image-preview:large","max-video-preview":"max-video-preview:-1"},"canonical":"https:\/\/kidsplay.lt\/lv\/products\/dj-rinkinys-vaikams\/","og_locale":"lv_LV","og_type":"article","og_title":"DJ rinkinys vaikams - KidsPlay","og_description":"DJ rinkinys vaikams - KidsPlay. Did\u017eiausias vaik\u0173 \u017eaisl\u0173 pasirinkimas.","og_url":"https:\/\/kidsplay.lt\/lv\/products\/dj-rinkinys-vaikams\/","og_site_name":"KidsPlay","article_publisher":"https:\/\/www.facebook.com\/www.kidsplay.lt","article_modified_time":"2026-04-07T17:55:27+00:00","og_image":[{"width":529,"height":462,"url":"https:\/\/kidsplay.lt\/wp-content\/uploads\/2025\/10\/Screenshot_814.png","type":"image\/png"}],"twitter_card":"summary_large_image","twitter_misc":{"Est. reading time":"3 min\u016btes"},"schema":{"@context":"https:\/\/schema.org","@graph":[{"@type":"WebPage","@id":"https:\/\/kidsplay.lt\/produktas\/dj-rinkinys-vaikams\/","url":"https:\/\/kidsplay.lt\/produktas\/dj-rinkinys-vaikams\/","name":"DJ rinkinys vaikams - KidsPlay","isPartOf":{"@id":"https:\/\/kidsplay.lt\/#website"},"primaryImageOfPage":{"@id":"https:\/\/kidsplay.lt\/produktas\/dj-rinkinys-vaikams\/#primaryimage"},"image":{"@id":"https:\/\/kidsplay.lt\/produktas\/dj-rinkinys-vaikams\/#primaryimage"},"thumbnailUrl":"https:\/\/kidsplay.lt\/wp-content\/uploads\/2025\/10\/Screenshot_814.png","datePublished":"2025-10-09T16:53:28+00:00","dateModified":"2026-04-07T17:55:27+00:00","description":"DJ rinkinys vaikams - KidsPlay. Did\u017eiausias vaik\u0173 \u017eaisl\u0173 pasirinkimas.","breadcrumb":{"@id":"https:\/\/kidsplay.lt\/produktas\/dj-rinkinys-vaikams\/#breadcrumb"},"inLanguage":"lv-LV","potentialAction":[{"@type":"ReadAction","target":["https:\/\/kidsplay.lt\/produktas\/dj-rinkinys-vaikams\/"]}]},{"@type":"ImageObject","inLanguage":"lv-LV","@id":"https:\/\/kidsplay.lt\/produktas\/dj-rinkinys-vaikams\/#primaryimage","url":"https:\/\/kidsplay.lt\/wp-content\/uploads\/2025\/10\/Screenshot_814.png","contentUrl":"https:\/\/kidsplay.lt\/wp-content\/uploads\/2025\/10\/Screenshot_814.png","width":529,"height":462},{"@type":"BreadcrumbList","@id":"https:\/\/kidsplay.lt\/produktas\/dj-rinkinys-vaikams\/#breadcrumb","itemListElement":[{"@type":"ListItem","position":1,"name":"Pagrindinis","item":"https:\/\/kidsplay.lt\/"},{"@type":"ListItem","position":2,"name":"Parduotuv\u0117","item":"https:\/\/kidsplay.lt\/parduotuve\/"},{"@type":"ListItem","position":3,"name":"DJ rinkinys vaikams"}]},{"@type":"WebSite","@id":"https:\/\/kidsplay.lt\/#website","url":"https:\/\/kidsplay.lt\/","name":"B\u0113rnu sp\u0113les.lv","description":"\u012evairios prek\u0117s vaikams","publisher":{"@id":"https:\/\/kidsplay.lt\/#organization"},"alternateName":"Kidsplay","potentialAction":[{"@type":"SearchAction","target":{"@type":"EntryPoint","urlTemplate":"https:\/\/kidsplay.lt\/?s={search_term_string}"},"query-input":{"@type":"PropertyValueSpecification","valueRequired":true,"valueName":"search_term_string"}}],"inLanguage":"lv-LV"},{"@type":"Organization","@id":"https:\/\/kidsplay.lt\/#organization","name":"B\u0113rnu sp\u0113le","url":"https:\/\/kidsplay.lt\/","logo":{"@type":"ImageObject","inLanguage":"lv-LV","@id":"https:\/\/kidsplay.lt\/#\/schema\/logo\/image\/","url":"https:\/\/kidsplay.lt\/wp-content\/uploads\/2023\/07\/kidsplay-logo.png","contentUrl":"https:\/\/kidsplay.lt\/wp-content\/uploads\/2023\/07\/kidsplay-logo.png","width":451,"height":98,"caption":"KidsPlay"},"image":{"@id":"https:\/\/kidsplay.lt\/#\/schema\/logo\/image\/"},"sameAs":["https:\/\/www.facebook.com\/www.kidsplay.lt"]}]}},"_links":{"self":[{"href":"https:\/\/kidsplay.lt\/lv\/wp-json\/wp\/v2\/product\/75707","targetHints":{"allow":["GET"]}}],"collection":[{"href":"https:\/\/kidsplay.lt\/lv\/wp-json\/wp\/v2\/product"}],"about":[{"href":"https:\/\/kidsplay.lt\/lv\/wp-json\/wp\/v2\/types\/product"}],"version-history":[{"count":5,"href":"https:\/\/kidsplay.lt\/lv\/wp-json\/wp\/v2\/product\/75707\/revisions"}],"predecessor-version":[{"id":101734,"href":"https:\/\/kidsplay.lt\/lv\/wp-json\/wp\/v2\/product\/75707\/revisions\/101734"}],"wp:featuredmedia":[{"embeddable":true,"href":"https:\/\/kidsplay.lt\/lv\/wp-json\/wp\/v2\/media\/75708"}],"wp:attachment":[{"href":"https:\/\/kidsplay.lt\/lv\/wp-json\/wp\/v2\/media?parent=75707"}],"wp:term":[{"taxonomy":"product_brand","embeddable":true,"href":"https:\/\/kidsplay.lt\/lv\/wp-json\/wp\/v2\/product_brand?post=75707"},{"taxonomy":"product_cat","embeddable":true,"href":"https:\/\/kidsplay.lt\/lv\/wp-json\/wp\/v2\/product_cat?post=75707"},{"taxonomy":"product_tag","embeddable":true,"href":"https:\/\/kidsplay.lt\/lv\/wp-json\/wp\/v2\/product_tag?post=75707"}],"curies":[{"name":"wp","href":"https:\/\/api.w.org\/{rel}","templated":true}]}}