{"id":75713,"date":"2025-10-09T19:57:00","date_gmt":"2025-10-09T16:57:00","guid":{"rendered":"https:\/\/kidsplay.lt\/?post_type=product&#038;p=75713"},"modified":"2026-02-25T16:11:13","modified_gmt":"2026-02-25T14:11:13","slug":"zvaigzdziu-projektorius-su-garsiakalbiu","status":"publish","type":"product","link":"https:\/\/kidsplay.lt\/lv\/products\/zvaigzdziu-projektorius-su-garsiakalbiu\/","title":{"rendered":"Zvaig\u017e\u0146u projektors ar ska\u013cruni"},"content":{"rendered":"<div class=\"mpof_ki myre_zn myre_8v_l m389_6m_l\">\n<div class=\"mp4t_16_s mryx_16_s mr3m_1 mli2_1 mh85_56 mh85_0_l\">\n<div class=\"mgn2_16 _0d3bd_am0a-\">\n<h1><span dir=\"auto\">\u2b50HDD\u2b50 \u017dVAIG\u017dD\u017dI\u0172 PROJEKTORIUS<\/span><\/h1>\n<p><b><span dir=\"auto\">\u2728Atraskite naujausias \u0161viestuv\u0173 inovacijas\u2728<\/span><\/b><\/p>\n<p><b><span dir=\"auto\">\u2705 21 dinaminis RGB scenos<\/span><\/b><\/p>\n<p><b><span dir=\"auto\">\u2705 Integruotas \u201eBluetooth\u201c<\/span><\/b><span dir=\"auto\">\u00a0garsiakalbis<\/span><\/p>\n<p><b><span dir=\"auto\">\u2705 Automatinis laikmatis<\/span><\/b><\/p>\n<p><b><span dir=\"auto\">\u2705 HD<\/span><\/b><span dir=\"auto\">\u00a0rai\u0161ka<\/span><\/p>\n<\/div>\n<\/div>\n<\/div>\n<div class=\"mpof_ki myre_zn myre_8v_l m389_6m_l\">\n<div class=\"mp4t_16_s mryx_16_s mr3m_1 mli2_1 mh85_56 mh85_0_l\">\n<div class=\"mg9e_8 mj7a_8 mg9e_0_s mvrt_0_s mj7a_0_s mh36_0_s mzmg_6m munh_16_l m3h2_16_l\">\n<div class=\"mp4t_0 mryx_0 munh_56 m3h2_56\">\n<div class=\"mp7g_oh\"><button class=\"mg9e_0 mvrt_0 mj7a_0 mh36_0 mp4t_0 m3h2_0 mryx_0 munh_0 mqen_m6 mpof_z0 mx7m_0 m7er_k4 mse2_k4 msts_pt\" data-analytics-interaction=\"true\" data-analytics-interaction-label=\"zoomable-image-open\" aria-disabled=\"true\"><img decoding=\"async\" class=\"msub_k4 mupj_5k mjru_k4 mse2_k4 mp7g_f6 mq1m_0 mj7u_0 m7er_k4 mqen_m6 m31c_d8 m0ux_fp lazyloaded\" src=\"https:\/\/a.allegroimg.com\/original\/11994c\/ee07d6db4e59a8ae168095288ea7\/Original-Star-Projector-with-Speaker-Night-Light-Toys-for-Kids-EAN-GTIN-4006363950033\" sizes=\"(min-width: 1200px) 560px, (min-width: 992px) 50vw, 100vw\" srcset=\"https:\/\/a.allegroimg.com\/s360\/11994c\/ee07d6db4e59a8ae168095288ea7\/Original-Star-Projector-with-Speaker-Night-Light-Toys-for-Kids-EAN-GTIN-4006363950033 359w,https:\/\/a.allegroimg.com\/s720\/11994c\/ee07d6db4e59a8ae168095288ea7\/Original-Star-Projector-with-Speaker-Night-Light-Toys-for-Kids-EAN-GTIN-4006363950033 719w,https:\/\/a.allegroimg.com\/s1024\/11994c\/ee07d6db4e59a8ae168095288ea7\/Original-Star-Projector-with-Speaker-Night-Light-Toys-for-Kids-EAN-GTIN-4006363950033 819w,https:\/\/a.allegroimg.com\/original\/11994c\/ee07d6db4e59a8ae168095288ea7\/Original-Star-Projector-with-Speaker-Night-Light-Toys-for-Kids-EAN-GTIN-4006363950033 819w\" alt=\"Original Star Projector with Speaker - Night Light Toys for Kids EAN (GTIN) 4006363950033\" width=\"819px\" data-srcset=\"\" \/><\/button><\/div>\n<\/div>\n<\/div>\n<\/div>\n<div class=\"mp4t_16_s mryx_16_s mr3m_1 mli2_1 mh85_56 mh85_0_l\">\n<div class=\"mgn2_16 _0d3bd_am0a-\">\n<h2><span dir=\"auto\">\u2728Revoliucinis ap\u0161vietimas\u2728<\/span><\/h2>\n<p><b><span dir=\"auto\">\u2714 \u017dvaig\u017ed\u017ei\u0173 rodymas<\/span><\/b><span dir=\"auto\">\u00a0naudojant 532 nm lazer\u012f.<\/span><\/p>\n<p><b><span dir=\"auto\">\u2714 360\u00b0 kampu besisukanti galvut\u0117,<\/span><\/b><span dir=\"auto\">\u00a0skleid\u017eianti LED \u0161vies\u0105.<\/span><\/p>\n<p><b><span dir=\"auto\">\u2714 3 ap\u0161vietimo re\u017eimai<\/span><\/b><span dir=\"auto\">\u00a0\u2013 1 val., 2 val. arba iki rankinio i\u0161jungimo.<\/span><\/p>\n<p><b><span dir=\"auto\">\u2714 3 ry\u0161kumo re\u017eimai<\/span><\/b><span dir=\"auto\">\u00a0\u2013 galite laisvai keisti gali\u0105 (40 %, 70 %, 100 %).<\/span><\/p>\n<p><b><span dir=\"auto\">\u2714 3 grei\u010dio re\u017eimai<\/span><\/b><span dir=\"auto\">\u00a0\u2013 galite laisvai keisti peiza\u017eo greit\u012f.<\/span><\/p>\n<p><b><span dir=\"auto\">\u2714 Integruotas garsiakalbis<\/span><\/b><span dir=\"auto\">\u00a0\u2013 prisijunkite prie \u201eBluetooth\u201c ir leiskite muzik\u0105 i\u0161 projektoriaus.<\/span><\/p>\n<p><b><span dir=\"auto\">\u2714<\/span><\/b><span dir=\"auto\">\u00a0Maitinimas per\u00a0<\/span><b><span dir=\"auto\">USB<\/span><\/b><span dir=\"auto\">\u00a0\u2013 net prijungus prie telefono su USB \u012fvestimi per i\u0161orin\u0119 baterij\u0105 ar tinklo \u012fkrovikl\u012f!<\/span><\/p>\n<p><b><span dir=\"auto\">\u2714 Auk\u0161tos kokyb\u0117s apdaila.<\/span><\/b><\/p>\n<\/div>\n<\/div>\n<\/div>\n<div class=\"mpof_ki myre_zn myre_8v_l m389_6m_l\">\n<div class=\"mp4t_16_s mryx_16_s mr3m_1 mli2_1 mh85_56 mh85_0_l\">\n<div class=\"mg9e_8 mj7a_8 mg9e_0_s mvrt_0_s mj7a_0_s mh36_0_s mzmg_6m munh_16_l m3h2_16_l\">\n<div class=\"mp4t_0 mryx_0 munh_56 m3h2_56\">\n<div class=\"mp7g_oh\"><button class=\"mg9e_0 mvrt_0 mj7a_0 mh36_0 mp4t_0 m3h2_0 mryx_0 munh_0 mqen_m6 mpof_z0 mx7m_0 m7er_k4 mse2_k4 msts_pt\" data-analytics-interaction=\"true\" data-analytics-interaction-label=\"zoomable-image-open\" aria-disabled=\"true\"><img decoding=\"async\" class=\"msub_k4 mupj_5k mjru_k4 mse2_k4 mp7g_f6 mq1m_0 mj7u_0 m7er_k4 mqen_m6 m31c_d8 m0ux_fp lazyloaded\" src=\"https:\/\/a.allegroimg.com\/original\/11c376\/77fad1504552823dc8ce91a7ec43\/Original-Star-Projector-with-Speaker-Night-Light-Toys-for-Kids-Brand-Gwiazdoholik\" sizes=\"(min-width: 1200px) 560px, (min-width: 992px) 50vw, 100vw\" srcset=\"https:\/\/a.allegroimg.com\/s360\/11c376\/77fad1504552823dc8ce91a7ec43\/Original-Star-Projector-with-Speaker-Night-Light-Toys-for-Kids-Brand-Gwiazdoholik 360w,https:\/\/a.allegroimg.com\/s720\/11c376\/77fad1504552823dc8ce91a7ec43\/Original-Star-Projector-with-Speaker-Night-Light-Toys-for-Kids-Brand-Gwiazdoholik 720w,https:\/\/a.allegroimg.com\/s1024\/11c376\/77fad1504552823dc8ce91a7ec43\/Original-Star-Projector-with-Speaker-Night-Light-Toys-for-Kids-Brand-Gwiazdoholik 1024w,https:\/\/a.allegroimg.com\/s1440\/11c376\/77fad1504552823dc8ce91a7ec43\/Original-Star-Projector-with-Speaker-Night-Light-Toys-for-Kids-Brand-Gwiazdoholik 1080w,https:\/\/a.allegroimg.com\/original\/11c376\/77fad1504552823dc8ce91a7ec43\/Original-Star-Projector-with-Speaker-Night-Light-Toys-for-Kids-Brand-Gwiazdoholik 1080w\" alt=\"Original Star Projector with Speaker - Night Light Toys for Kids Brand Gwiazdoholik\" width=\"1080px\" data-srcset=\"\" \/><\/button><\/div>\n<\/div>\n<\/div>\n<\/div>\n<div class=\"mp4t_16_s mryx_16_s mr3m_1 mli2_1 mh85_56 mh85_0_l\">\n<div class=\"mgn2_16 _0d3bd_am0a-\">\n<h1><span dir=\"auto\">Komplekta saturs:<\/span><\/h1>\n<ul>\n<li><b><span dir=\"auto\">\u017dvaig\u017ed\u017ei\u0173 projektorius<\/span><\/b><\/li>\n<li><b><span dir=\"auto\">USB<\/span><\/b><span dir=\"auto\">\u00a0laidas \u2013 C tipo<\/span><\/li>\n<li><span dir=\"auto\">Instrukcija<\/span><\/li>\n<li><span dir=\"auto\">Nuotolinis<\/span><\/li>\n<\/ul>\n<h2><span dir=\"auto\">Specifik\u0101cija:<\/span><\/h2>\n<ul>\n<li><span dir=\"auto\">RGB scen\u0173 skai\u010dius:\u00a0<\/span><b><span dir=\"auto\">21<\/span><\/b><\/li>\n<li><span dir=\"auto\">Lazerio spalva:\u00a0<\/span><b><span dir=\"auto\">\u017ealia 532 nm<\/span><\/b><\/li>\n<li><span dir=\"auto\">Garso ry\u0161ys:\u00a0<\/span><b><span dir=\"auto\">\u201eBluetooth 5.2\u201c<\/span><\/b><\/li>\n<li><span dir=\"auto\">Sertifikatai:\u00a0<\/span><b><span dir=\"auto\">CE, FCC, FDA, RCM, RoHS<\/span><\/b><\/li>\n<li><span dir=\"auto\">Matmenys: 16 cm (skersmuo) \/ 12 cm (auk\u0161tis)<\/span><\/li>\n<li><span dir=\"auto\">LED \u0161viesos sukimosi kampas: 360\u00b0<\/span><\/li>\n<li><span dir=\"auto\">Projekcijos atstumas: 2\u201310 m<\/span><\/li>\n<li><span dir=\"auto\">Maitinimo \u0161altinis: 5V\/2A USB<\/span><\/li>\n<li><span dir=\"auto\">LED galia: 8W<\/span><\/li>\n<\/ul>\n<p><span dir=\"auto\">Sukurkite \u017evaig\u017ed\u017ei\u0173 \u017evaig\u017edynus savo nam\u0173 jaukumoje ir u\u017emigkite\u00a0<\/span><b><span dir=\"auto\">apsupti \u0161vie\u010dian\u010di\u0173 sien\u0173<\/span><\/b><span dir=\"auto\">\u00a0. Momentinis klimato pokytis \u2013 visa tai vienu mygtuko paspaudimu \u2764<\/span><\/p>\n<p><b><span dir=\"auto\">\u2757<\/span><\/b><span dir=\"auto\">\u00a0D\u0117l nuolatinio produkto tobulinimo \u0161iuo metu rinkoje si\u016blome naujausi\u0105, patobulint\u0105 projektoriaus versij\u0105 \u2013\u00a0<\/span><b><span dir=\"auto\">nuo \u200b\u200b2024 m. \u2757<\/span><\/b><\/p>\n<\/div>\n<\/div>\n<\/div>","protected":false},"excerpt":{"rendered":"<p>\u2b50HDD\u2b50 \u017dVAIG\u017dD\u017dI\u0172 PROJEKTORIUS \u2728Atraskite naujausias \u0161viestuv\u0173 inovacijas\u2728 \u2705 21 dinaminis RGB scenos \u2705 Integruotas \u201eBluetooth\u201c\u00a0garsiakalbis \u2705 Automatinis laikmatis \u2705 HD\u00a0rai\u0161ka<\/p>","protected":false},"featured_media":75714,"template":"","meta":{"_acf_changed":false,"_glsr_average":0,"_glsr_ranking":0,"_glsr_reviews":0},"product_brand":[],"product_cat":[458],"product_tag":[],"class_list":{"0":"post-75713","1":"product","2":"type-product","3":"status-publish","4":"has-post-thumbnail","6":"product_cat-ramiam-uzmigimui","7":"\"style=\"background-color: #2ecc711c;\"","9":"first","10":"instock","11":"shipping-taxable","12":"purchasable","13":"product-type-simple"},"acf":[],"yoast_head":"<!-- This site is optimized with the Yoast SEO plugin v27.4 - https:\/\/yoast.com\/product\/yoast-seo-wordpress\/ -->\n<title>\u017dvaig\u017ed\u017ei\u0173 projektorius su garsiakalbiu - KidsPlay<\/title>\n<meta name=\"description\" content=\"\u017dvaig\u017ed\u017ei\u0173 projektorius su garsiakalbiu - KidsPlay. Did\u017eiausias vaik\u0173 \u017eaisl\u0173 pasirinkimas.\" \/>\n<meta name=\"robots\" content=\"index, follow, max-snippet:-1, max-image-preview:large, max-video-preview:-1\" \/>\n<link rel=\"canonical\" href=\"https:\/\/kidsplay.lt\/lv\/products\/zvaigzdziu-projektorius-su-garsiakalbiu\/\" \/>\n<meta property=\"og:locale\" content=\"lv_LV\" \/>\n<meta property=\"og:type\" content=\"article\" \/>\n<meta property=\"og:title\" content=\"\u017dvaig\u017ed\u017ei\u0173 projektorius su garsiakalbiu - KidsPlay\" \/>\n<meta property=\"og:description\" content=\"\u017dvaig\u017ed\u017ei\u0173 projektorius su garsiakalbiu - KidsPlay. Did\u017eiausias vaik\u0173 \u017eaisl\u0173 pasirinkimas.\" \/>\n<meta property=\"og:url\" content=\"https:\/\/kidsplay.lt\/lv\/products\/zvaigzdziu-projektorius-su-garsiakalbiu\/\" \/>\n<meta property=\"og:site_name\" content=\"KidsPlay\" \/>\n<meta property=\"article:publisher\" content=\"https:\/\/www.facebook.com\/www.kidsplay.lt\" \/>\n<meta property=\"article:modified_time\" content=\"2026-02-25T14:11:13+00:00\" \/>\n<meta property=\"og:image\" content=\"https:\/\/kidsplay.lt\/wp-content\/uploads\/2025\/10\/Screenshot_818.png\" \/>\n\t<meta property=\"og:image:width\" content=\"488\" \/>\n\t<meta property=\"og:image:height\" content=\"445\" \/>\n\t<meta property=\"og:image:type\" content=\"image\/png\" \/>\n<meta name=\"twitter:card\" content=\"summary_large_image\" \/>\n<meta name=\"twitter:label1\" content=\"Est. reading time\" \/>\n\t<meta name=\"twitter:data1\" content=\"2 min\u016btes\" \/>\n<script type=\"application\/ld+json\" class=\"yoast-schema-graph\">{\"@context\":\"https:\\\/\\\/schema.org\",\"@graph\":[{\"@type\":\"WebPage\",\"@id\":\"https:\\\/\\\/kidsplay.lt\\\/produktas\\\/zvaigzdziu-projektorius-su-garsiakalbiu\\\/\",\"url\":\"https:\\\/\\\/kidsplay.lt\\\/produktas\\\/zvaigzdziu-projektorius-su-garsiakalbiu\\\/\",\"name\":\"\u017dvaig\u017ed\u017ei\u0173 projektorius su garsiakalbiu - KidsPlay\",\"isPartOf\":{\"@id\":\"https:\\\/\\\/kidsplay.lt\\\/#website\"},\"primaryImageOfPage\":{\"@id\":\"https:\\\/\\\/kidsplay.lt\\\/produktas\\\/zvaigzdziu-projektorius-su-garsiakalbiu\\\/#primaryimage\"},\"image\":{\"@id\":\"https:\\\/\\\/kidsplay.lt\\\/produktas\\\/zvaigzdziu-projektorius-su-garsiakalbiu\\\/#primaryimage\"},\"thumbnailUrl\":\"https:\\\/\\\/kidsplay.lt\\\/wp-content\\\/uploads\\\/2025\\\/10\\\/Screenshot_818.png\",\"datePublished\":\"2025-10-09T16:57:00+00:00\",\"dateModified\":\"2026-02-25T14:11:13+00:00\",\"description\":\"\u017dvaig\u017ed\u017ei\u0173 projektorius su garsiakalbiu - KidsPlay. Did\u017eiausias vaik\u0173 \u017eaisl\u0173 pasirinkimas.\",\"breadcrumb\":{\"@id\":\"https:\\\/\\\/kidsplay.lt\\\/produktas\\\/zvaigzdziu-projektorius-su-garsiakalbiu\\\/#breadcrumb\"},\"inLanguage\":\"lv-LV\",\"potentialAction\":[{\"@type\":\"ReadAction\",\"target\":[\"https:\\\/\\\/kidsplay.lt\\\/produktas\\\/zvaigzdziu-projektorius-su-garsiakalbiu\\\/\"]}]},{\"@type\":\"ImageObject\",\"inLanguage\":\"lv-LV\",\"@id\":\"https:\\\/\\\/kidsplay.lt\\\/produktas\\\/zvaigzdziu-projektorius-su-garsiakalbiu\\\/#primaryimage\",\"url\":\"https:\\\/\\\/kidsplay.lt\\\/wp-content\\\/uploads\\\/2025\\\/10\\\/Screenshot_818.png\",\"contentUrl\":\"https:\\\/\\\/kidsplay.lt\\\/wp-content\\\/uploads\\\/2025\\\/10\\\/Screenshot_818.png\",\"width\":488,\"height\":445},{\"@type\":\"BreadcrumbList\",\"@id\":\"https:\\\/\\\/kidsplay.lt\\\/produktas\\\/zvaigzdziu-projektorius-su-garsiakalbiu\\\/#breadcrumb\",\"itemListElement\":[{\"@type\":\"ListItem\",\"position\":1,\"name\":\"Pagrindinis\",\"item\":\"https:\\\/\\\/kidsplay.lt\\\/\"},{\"@type\":\"ListItem\",\"position\":2,\"name\":\"Parduotuv\u0117\",\"item\":\"https:\\\/\\\/kidsplay.lt\\\/parduotuve\\\/\"},{\"@type\":\"ListItem\",\"position\":3,\"name\":\"\u017dvaig\u017ed\u017ei\u0173 projektorius su garsiakalbiu\"}]},{\"@type\":\"WebSite\",\"@id\":\"https:\\\/\\\/kidsplay.lt\\\/#website\",\"url\":\"https:\\\/\\\/kidsplay.lt\\\/\",\"name\":\"Kidsplay.lt\",\"description\":\"\u012evairios prek\u0117s vaikams\",\"publisher\":{\"@id\":\"https:\\\/\\\/kidsplay.lt\\\/#organization\"},\"alternateName\":\"Kidsplay\",\"potentialAction\":[{\"@type\":\"SearchAction\",\"target\":{\"@type\":\"EntryPoint\",\"urlTemplate\":\"https:\\\/\\\/kidsplay.lt\\\/?s={search_term_string}\"},\"query-input\":{\"@type\":\"PropertyValueSpecification\",\"valueRequired\":true,\"valueName\":\"search_term_string\"}}],\"inLanguage\":\"lv-LV\"},{\"@type\":\"Organization\",\"@id\":\"https:\\\/\\\/kidsplay.lt\\\/#organization\",\"name\":\"KidsPlay\",\"url\":\"https:\\\/\\\/kidsplay.lt\\\/\",\"logo\":{\"@type\":\"ImageObject\",\"inLanguage\":\"lv-LV\",\"@id\":\"https:\\\/\\\/kidsplay.lt\\\/#\\\/schema\\\/logo\\\/image\\\/\",\"url\":\"https:\\\/\\\/kidsplay.lt\\\/wp-content\\\/uploads\\\/2023\\\/07\\\/kidsplay-logo.png\",\"contentUrl\":\"https:\\\/\\\/kidsplay.lt\\\/wp-content\\\/uploads\\\/2023\\\/07\\\/kidsplay-logo.png\",\"width\":451,\"height\":98,\"caption\":\"KidsPlay\"},\"image\":{\"@id\":\"https:\\\/\\\/kidsplay.lt\\\/#\\\/schema\\\/logo\\\/image\\\/\"},\"sameAs\":[\"https:\\\/\\\/www.facebook.com\\\/www.kidsplay.lt\"]}]}<\/script>\n<!-- \/ Yoast SEO plugin. -->","yoast_head_json":{"title":"\u017dvaig\u017ed\u017ei\u0173 projektorius su garsiakalbiu - KidsPlay","description":"\u017dvaig\u017ed\u017ei\u0173 projektorius su garsiakalbiu - KidsPlay. Did\u017eiausias vaik\u0173 \u017eaisl\u0173 pasirinkimas.","robots":{"index":"index","follow":"follow","max-snippet":"max-snippet:-1","max-image-preview":"max-image-preview:large","max-video-preview":"max-video-preview:-1"},"canonical":"https:\/\/kidsplay.lt\/lv\/products\/zvaigzdziu-projektorius-su-garsiakalbiu\/","og_locale":"lv_LV","og_type":"article","og_title":"\u017dvaig\u017ed\u017ei\u0173 projektorius su garsiakalbiu - KidsPlay","og_description":"\u017dvaig\u017ed\u017ei\u0173 projektorius su garsiakalbiu - KidsPlay. Did\u017eiausias vaik\u0173 \u017eaisl\u0173 pasirinkimas.","og_url":"https:\/\/kidsplay.lt\/lv\/products\/zvaigzdziu-projektorius-su-garsiakalbiu\/","og_site_name":"KidsPlay","article_publisher":"https:\/\/www.facebook.com\/www.kidsplay.lt","article_modified_time":"2026-02-25T14:11:13+00:00","og_image":[{"width":488,"height":445,"url":"https:\/\/kidsplay.lt\/wp-content\/uploads\/2025\/10\/Screenshot_818.png","type":"image\/png"}],"twitter_card":"summary_large_image","twitter_misc":{"Est. reading time":"2 min\u016btes"},"schema":{"@context":"https:\/\/schema.org","@graph":[{"@type":"WebPage","@id":"https:\/\/kidsplay.lt\/produktas\/zvaigzdziu-projektorius-su-garsiakalbiu\/","url":"https:\/\/kidsplay.lt\/produktas\/zvaigzdziu-projektorius-su-garsiakalbiu\/","name":"\u017dvaig\u017ed\u017ei\u0173 projektorius su garsiakalbiu - KidsPlay","isPartOf":{"@id":"https:\/\/kidsplay.lt\/#website"},"primaryImageOfPage":{"@id":"https:\/\/kidsplay.lt\/produktas\/zvaigzdziu-projektorius-su-garsiakalbiu\/#primaryimage"},"image":{"@id":"https:\/\/kidsplay.lt\/produktas\/zvaigzdziu-projektorius-su-garsiakalbiu\/#primaryimage"},"thumbnailUrl":"https:\/\/kidsplay.lt\/wp-content\/uploads\/2025\/10\/Screenshot_818.png","datePublished":"2025-10-09T16:57:00+00:00","dateModified":"2026-02-25T14:11:13+00:00","description":"\u017dvaig\u017ed\u017ei\u0173 projektorius su garsiakalbiu - KidsPlay. Did\u017eiausias vaik\u0173 \u017eaisl\u0173 pasirinkimas.","breadcrumb":{"@id":"https:\/\/kidsplay.lt\/produktas\/zvaigzdziu-projektorius-su-garsiakalbiu\/#breadcrumb"},"inLanguage":"lv-LV","potentialAction":[{"@type":"ReadAction","target":["https:\/\/kidsplay.lt\/produktas\/zvaigzdziu-projektorius-su-garsiakalbiu\/"]}]},{"@type":"ImageObject","inLanguage":"lv-LV","@id":"https:\/\/kidsplay.lt\/produktas\/zvaigzdziu-projektorius-su-garsiakalbiu\/#primaryimage","url":"https:\/\/kidsplay.lt\/wp-content\/uploads\/2025\/10\/Screenshot_818.png","contentUrl":"https:\/\/kidsplay.lt\/wp-content\/uploads\/2025\/10\/Screenshot_818.png","width":488,"height":445},{"@type":"BreadcrumbList","@id":"https:\/\/kidsplay.lt\/produktas\/zvaigzdziu-projektorius-su-garsiakalbiu\/#breadcrumb","itemListElement":[{"@type":"ListItem","position":1,"name":"Pagrindinis","item":"https:\/\/kidsplay.lt\/"},{"@type":"ListItem","position":2,"name":"Parduotuv\u0117","item":"https:\/\/kidsplay.lt\/parduotuve\/"},{"@type":"ListItem","position":3,"name":"\u017dvaig\u017ed\u017ei\u0173 projektorius su garsiakalbiu"}]},{"@type":"WebSite","@id":"https:\/\/kidsplay.lt\/#website","url":"https:\/\/kidsplay.lt\/","name":"B\u0113rnu sp\u0113les.lv","description":"\u012evairios prek\u0117s vaikams","publisher":{"@id":"https:\/\/kidsplay.lt\/#organization"},"alternateName":"Kidsplay","potentialAction":[{"@type":"SearchAction","target":{"@type":"EntryPoint","urlTemplate":"https:\/\/kidsplay.lt\/?s={search_term_string}"},"query-input":{"@type":"PropertyValueSpecification","valueRequired":true,"valueName":"search_term_string"}}],"inLanguage":"lv-LV"},{"@type":"Organization","@id":"https:\/\/kidsplay.lt\/#organization","name":"B\u0113rnu sp\u0113le","url":"https:\/\/kidsplay.lt\/","logo":{"@type":"ImageObject","inLanguage":"lv-LV","@id":"https:\/\/kidsplay.lt\/#\/schema\/logo\/image\/","url":"https:\/\/kidsplay.lt\/wp-content\/uploads\/2023\/07\/kidsplay-logo.png","contentUrl":"https:\/\/kidsplay.lt\/wp-content\/uploads\/2023\/07\/kidsplay-logo.png","width":451,"height":98,"caption":"KidsPlay"},"image":{"@id":"https:\/\/kidsplay.lt\/#\/schema\/logo\/image\/"},"sameAs":["https:\/\/www.facebook.com\/www.kidsplay.lt"]}]}},"_links":{"self":[{"href":"https:\/\/kidsplay.lt\/lv\/wp-json\/wp\/v2\/product\/75713","targetHints":{"allow":["GET"]}}],"collection":[{"href":"https:\/\/kidsplay.lt\/lv\/wp-json\/wp\/v2\/product"}],"about":[{"href":"https:\/\/kidsplay.lt\/lv\/wp-json\/wp\/v2\/types\/product"}],"version-history":[{"count":2,"href":"https:\/\/kidsplay.lt\/lv\/wp-json\/wp\/v2\/product\/75713\/revisions"}],"predecessor-version":[{"id":83911,"href":"https:\/\/kidsplay.lt\/lv\/wp-json\/wp\/v2\/product\/75713\/revisions\/83911"}],"wp:featuredmedia":[{"embeddable":true,"href":"https:\/\/kidsplay.lt\/lv\/wp-json\/wp\/v2\/media\/75714"}],"wp:attachment":[{"href":"https:\/\/kidsplay.lt\/lv\/wp-json\/wp\/v2\/media?parent=75713"}],"wp:term":[{"taxonomy":"product_brand","embeddable":true,"href":"https:\/\/kidsplay.lt\/lv\/wp-json\/wp\/v2\/product_brand?post=75713"},{"taxonomy":"product_cat","embeddable":true,"href":"https:\/\/kidsplay.lt\/lv\/wp-json\/wp\/v2\/product_cat?post=75713"},{"taxonomy":"product_tag","embeddable":true,"href":"https:\/\/kidsplay.lt\/lv\/wp-json\/wp\/v2\/product_tag?post=75713"}],"curies":[{"name":"wp","href":"https:\/\/api.w.org\/{rel}","templated":true}]}}