{"id":75736,"date":"2025-10-09T20:09:46","date_gmt":"2025-10-09T17:09:46","guid":{"rendered":"https:\/\/kidsplay.lt\/?post_type=product&#038;p=75736"},"modified":"2026-02-25T16:10:25","modified_gmt":"2026-02-25T14:10:25","slug":"supamas-gultukas-niekid-su-barskuciu","status":"publish","type":"product","link":"https:\/\/kidsplay.lt\/lv\/products\/supamas-gultukas-niekid-su-barskuciu\/","title":{"rendered":"Supamas gultukas Niekid su bar\u0161ku\u010diu"},"content":{"rendered":"<h1><span dir=\"auto\">\u2b50 SUPAMOJAMA K\u016aDIKIO GULTEL\u0116, SUPAMOJI K\u016aDIKIO KOMPLEKTAS, NICEKIDS + \u017dAISLAI SU PIANON RATTLE<\/span><\/h1>\n<p><span dir=\"auto\">Pristatome jums modern\u0173\u00a0<\/span><b><span dir=\"auto\">k\u016bdikio gultuk\u0105 \u2013 sulankstom\u0105 supam\u0105j\u0105 k\u0117d\u0119 NICEkids.<\/span><\/b><span dir=\"auto\">\u00a0\u0160is unikalus produktas yra\u00a0<\/span><b><span dir=\"auto\">puikus sprendimas t\u0117vams, ie\u0161kantiems patogios ir funkcionalios vietos savo k\u016bdikiui poilsiui.<\/span><\/b><span dir=\"auto\">\u00a0Jo\u00a0<\/span><b><span dir=\"auto\">sulankstomos savyb\u0117s<\/span><\/b><span dir=\"auto\">\u00a0gultuk\u0105\u00a0<\/span><b><span dir=\"auto\">lengva laikyti ir transportuoti<\/span><\/b><span dir=\"auto\">\u00a0, tod\u0117l jis yra puikus kompanionas\u00a0<\/span><b><span dir=\"auto\">tiek namuose, tiek kelyje<\/span><\/b><span dir=\"auto\">\u00a0.<\/span><\/p>\n<p><b><span dir=\"auto\">Komplekt\u0105 sudaro nuimamas pianinas ir bar\u0161ku\u010diai<\/span><\/b><span dir=\"auto\">\u00a0su muzika, kurie ne tik\u00a0<\/span><b><span dir=\"auto\">prad\u017eiugins k\u016bdik\u012f<\/span><\/b><span dir=\"auto\">\u00a0, bet ir\u00a0<\/span><b><span dir=\"auto\">skatins sensorin\u012f bei motorin\u012f vaiko vystym\u0105si.<\/span><\/b><span dir=\"auto\">\u00a0Gultukas\u00a0<\/span><b><span dir=\"auto\">pagamintas i\u0161 auk\u0161tos kokyb\u0117s med\u017eiag\u0173<\/span><\/b><span dir=\"auto\">\u00a0, u\u017etikrinan\u010di\u0173\u00a0<\/span><b><span dir=\"auto\">patogum\u0105 ir saugum\u0105 naudojant<\/span><\/b><span dir=\"auto\">\u00a0.\u00a0<\/span><b><span dir=\"auto\">S\u0117dyn\u0117 yra tinkamai suformuota, o tai garantuoja taisykling\u0105 k\u016bdikio laikysen\u0105<\/span><\/b><span dir=\"auto\">\u00a0.<\/span><\/p>\n<p><span dir=\"auto\">Produktas turi\u00a0<\/span><b><span dir=\"auto\">saugos sertifikatus<\/span><\/b><span dir=\"auto\">\u00a0, kurie\u00a0<\/span><b><span dir=\"auto\">u\u017etikrina<\/span><\/b><span dir=\"auto\">\u00a0,\u00a0<\/span><b><span dir=\"auto\">kad jis tinka jauniausiems vartotojams<\/span><\/b><span dir=\"auto\">\u00a0. D\u0117l\u00a0<\/span><b><span dir=\"auto\">patrauklaus dizaino ir prislopint\u0173 spalv\u0173 gultas puikiai tiks bet kokiam interjerui<\/span><\/b><span dir=\"auto\">\u00a0. Puikiai tinkantis\u00a0<\/span><b><span dir=\"auto\">tiek \u017eaidimams, tiek poilsiui<\/span><\/b><span dir=\"auto\">\u00a0,\u00a0<\/span><b><span dir=\"auto\">\u201eNICEkids\u201c gultas yra b\u016btinas bet kuriems t\u0117vams.<\/span><\/b><\/p>\n<h2><span dir=\"auto\">\u2705LENGVAS LAIKYMAS, GREITAI SULANKSTYMAS PLOK\u0160\u010cIAI<\/span><\/h2>\n<p><span dir=\"auto\">\u2728Su\u017einokite, kaip\u00a0<\/span><b><span dir=\"auto\">patogiai ir greitai sulankstyti atlo\u0161iam\u0105j\u012f kr\u0117sl\u0105<\/span><\/b><span dir=\"auto\">\u00a0, kad j\u012f b\u016bt\u0173\u00a0<\/span><b><span dir=\"auto\">lengva laikyti ank\u0161tose vietose, pavyzd\u017eiui, automobilio baga\u017ein\u0117je, keliaujant.<\/span><\/b><\/p>\n<p><span dir=\"auto\">\u2728\u00a0<\/span><b><span dir=\"auto\">\u017daislai ir pad\u0117klai presuojami<\/span><\/b><span dir=\"auto\">\u00a0(nereikia joki\u0173 \u012franki\u0173).<\/span><\/p>\n<p><span dir=\"auto\">D\u0117l to\u00a0<\/span><b><span dir=\"auto\">galite laisvai i\u0161imti \u017eaislus<\/span><\/b><span dir=\"auto\">\u00a0, kad\u00a0<\/span><b><span dir=\"auto\">vaikas gal\u0117t\u0173 naudoti pad\u0117kl\u0105, pvz.,\u00a0<\/span><\/b><b><span dir=\"auto\">u\u017ekand\u017eiams laikyti.<\/span><\/b><\/p>\n<p><b><span dir=\"auto\">Taip pat i\u0161traukiamas pianinas<\/span><\/b><span dir=\"auto\">\u00a0, kurio d\u0117ka\u00a0<\/span><b><span dir=\"auto\">gausime stabili\u0105, plok\u0161\u010di\u0105 laiptel\u012f.<\/span><\/b><\/p>\n<h2><span dir=\"auto\">\u2705INTERAKTYV\u016aS NUIMAMI GARSO IR JUDESIO \u017dAISLAI<\/span><\/h2>\n<p><span dir=\"auto\">\u2728\u00a0<\/span><b><span dir=\"auto\">Jie visi\u0161kai u\u017eims j\u016bs\u0173 vaiko akis, ausis, rankas ir kojas.<\/span><\/b><\/p>\n<p><span dir=\"auto\">\u2728\u00a0<\/span><b><span dir=\"auto\">Fortepijonas su spalvingomis lemput\u0117mis skatina muzikin\u012f tyrin\u0117jim\u0105<\/span><\/b><span dir=\"auto\">\u00a0, reaguodamas \u012f \u0161veln\u0173 j\u016bs\u0173 ma\u017eojo muzikanto prisilietim\u0105.\u00a0<\/span><b><span dir=\"auto\">(garsai \u0161veln\u016bs ir tyl\u016bs)<\/span><\/b><\/p>\n<p><span dir=\"auto\">\u2728\u00a0<\/span><b><span dir=\"auto\">\u201eKick-n-play\u201c pianinas lavina prie\u017eastin\u012f supratim\u0105 ir smulki\u0105j\u0105 motorik\u0105<\/span><\/b><span dir=\"auto\">\u00a0. Kiekvienas\u00a0<\/span><b><span dir=\"auto\">pianinas turi kelis re\u017eimus ir malonias melodijas,<\/span><\/b><span dir=\"auto\">\u00a0kad b\u016bt\u0173 begalin\u0117s pramogos.<\/span><\/p>\n<p><span dir=\"auto\">\u2728\u00a0<\/span><b><span dir=\"auto\">Besisukantys \u017eaislai stimuliuoja pir\u0161tus ir lavina smalsum\u0105<\/span><\/b><span dir=\"auto\">\u00a0.<\/span><\/p>\n<p><span dir=\"auto\">\u2728Be to,\u00a0<\/span><b><span dir=\"auto\">kiekvien\u0105 \u017eaisl\u0105 galima nuimti nuo gulto ir \u017eaisti su juo u\u017e jo rib\u0173.\u00a0<\/span><\/b><b><span dir=\"auto\">Pianinas taip pat turi speciali\u0105 ranken\u0105 ne\u0161iojimui.<\/span><\/b><\/p>\n<p><span dir=\"auto\">\u2728\u017daislams reikalingos 6 AA pir\u0161t\u0173 baterijos (nepridedamos)<\/span><\/p>\n<h2><span dir=\"auto\">\u2705SAUGUMAS IR PATVARUMAS<\/span><\/h2>\n<p><span dir=\"auto\">\u2728\u00a0<\/span><b><span dir=\"auto\">H formos pagrindas pagamintas i\u0161 ner\u016bdijan\u010dio plieno vamzd\u017ei\u0173<\/span><\/b><span dir=\"auto\">\u00a0,\u00a0<\/span><b><span dir=\"auto\">vamzd\u017eiai yra 1\/3 storesni nei kit\u0173 supam\u0173j\u0173 svirteli\u0173, tod\u0117l pagrindas i\u0161lieka stabilus.<\/span><\/b><\/p>\n<p><span dir=\"auto\">\u2728\u00a0<\/span><b><span dir=\"auto\">Tyliai i\u0161traukiami ratukai leid\u017eia lengvai ir\u00a0<\/span><\/b><b><span dir=\"auto\">tyliai<\/span><\/b><span dir=\"auto\">\u00a0perkelti atlo\u0161iam\u0105j\u012f k\u0117d\u0119\u00a0, tod\u0117l patogu naudoti ir bute.\u00a0<\/span><b><span dir=\"auto\">Nuimami 360\u00b0 ratukai su stabd\u017eiais u\u017etikrina lengv\u0105 jud\u0117jim\u0105 ir saugum\u0105.<\/span><\/b><\/p>\n<p><span dir=\"auto\">\u2728\u00a0<\/span><b><span dir=\"auto\">Audinys ir kv\u0117puojantis, skalbimo ma\u0161inoje skalbiamas tinklelis yra mink\u0161ti ir laid\u016bs orui, tod\u0117l geriau apsaugo jautri\u0105 j\u016bs\u0173 k\u016bdikio od\u0105.<\/span><\/b><\/p>\n<p><span dir=\"auto\">\u2728D\u0117l\u00a0<\/span><b><span dir=\"auto\">plaunamo pad\u0117klo, pagaminto i\u0161 su maistu besilie\u010dian\u010dios med\u017eiagos<\/span><\/b><span dir=\"auto\">\u00a0, vaikas gali m\u0117gautis u\u017ekand\u017eiais ant saugaus pavir\u0161iaus.\u00a0<\/span><b><span dir=\"auto\">Lengva surinkti ir i\u0161ardyti be var\u017et\u0173.<\/span><\/b><\/p>\n<p><b><span dir=\"auto\">Pad\u0117klas tinkamas plauti indaplov\u0117je.<\/span><\/b><\/p>\n<h2><span dir=\"auto\">\u2705PATOGUS REGULIAVIMAS 3 LYGIAIS<\/span><\/h2>\n<p><span dir=\"auto\">\u2728\u00a0<\/span><b><span dir=\"auto\">Reguliuokite atlo\u0161o kamp\u0105<\/span><\/b><span dir=\"auto\">\u00a0, kad jis atitikt\u0173 k\u016bdikio \u016bg\u012f nuo k\u016bdikio iki ma\u017eylio ir svor\u012f nuo 0 iki 9 kg.<\/span><\/p>\n<h2><span dir=\"auto\">\u2728 Universalus \u012fvairiai veiklai:<\/span><\/h2>\n<ul>\n<li><span dir=\"auto\">\u017eemiausias atsipalaidavimo lygis,<\/span><\/li>\n<li><span dir=\"auto\">vidutin\u0117 pozicija pramogoms ir bendravimui<\/span><\/li>\n<li><span dir=\"auto\">auk\u0161\u010diausias lygis maitinimuisi arba s\u0117d\u0117jimui.<\/span><\/li>\n<\/ul>\n<h2><span dir=\"auto\">\u2728Raskite patogiausi\u0105 s\u0117dyn\u0117s pakreipim\u0105, kad prad\u017eiugintum\u0117te ir nuramintum\u0117te savo k\u016bdik\u012f \u0161velniu supimu be baterij\u0173.<\/span><\/h2>","protected":false},"excerpt":{"rendered":"<p>\u2b50 SUPAMOJAMA K\u016aDIKIO GULTEL\u0116, SUPAMOJI K\u016aDIKIO KOMPLEKTAS, NICEKIDS + \u017dAISLAI SU PIANON RATTLE Pristatome jums modern\u0173\u00a0k\u016bdikio gultuk\u0105 \u2013 sulankstom\u0105 supam\u0105j\u0105<\/p>","protected":false},"featured_media":75737,"template":"","meta":{"_acf_changed":false,"_glsr_average":0,"_glsr_ranking":0,"_glsr_reviews":0},"product_brand":[],"product_cat":[252],"product_tag":[],"class_list":{"0":"post-75736","1":"product","2":"type-product","3":"status-publish","4":"has-post-thumbnail","6":"product_cat-gultukai","7":"\"style=\"background-color: #2ecc711c;\"","9":"first","10":"instock","11":"sale","12":"shipping-taxable","13":"purchasable","14":"product-type-simple"},"acf":[],"yoast_head":"<!-- This site is optimized with the Yoast SEO plugin v27.3 - https:\/\/yoast.com\/product\/yoast-seo-wordpress\/ -->\n<title>Supamas gultukas Niekid su bar\u0161ku\u010diu - KidsPlay<\/title>\n<meta name=\"description\" content=\"Supamas gultukas Niekid su bar\u0161ku\u010diu - KidsPlay. Did\u017eiausias vaik\u0173 \u017eaisl\u0173 pasirinkimas.\" \/>\n<meta name=\"robots\" content=\"index, follow, max-snippet:-1, max-image-preview:large, max-video-preview:-1\" \/>\n<link rel=\"canonical\" href=\"https:\/\/kidsplay.lt\/lv\/products\/supamas-gultukas-niekid-su-barskuciu\/\" \/>\n<meta property=\"og:locale\" content=\"lv_LV\" \/>\n<meta property=\"og:type\" content=\"article\" \/>\n<meta property=\"og:title\" content=\"Supamas gultukas Niekid su bar\u0161ku\u010diu - KidsPlay\" \/>\n<meta property=\"og:description\" content=\"Supamas gultukas Niekid su bar\u0161ku\u010diu - KidsPlay. Did\u017eiausias vaik\u0173 \u017eaisl\u0173 pasirinkimas.\" \/>\n<meta property=\"og:url\" content=\"https:\/\/kidsplay.lt\/lv\/products\/supamas-gultukas-niekid-su-barskuciu\/\" \/>\n<meta property=\"og:site_name\" content=\"KidsPlay\" \/>\n<meta property=\"article:publisher\" content=\"https:\/\/www.facebook.com\/www.kidsplay.lt\" \/>\n<meta property=\"article:modified_time\" content=\"2026-02-25T14:10:25+00:00\" \/>\n<meta property=\"og:image\" content=\"https:\/\/kidsplay.lt\/wp-content\/uploads\/2025\/10\/Screenshot_833.png\" \/>\n\t<meta property=\"og:image:width\" content=\"542\" \/>\n\t<meta property=\"og:image:height\" content=\"454\" \/>\n\t<meta property=\"og:image:type\" content=\"image\/png\" \/>\n<meta name=\"twitter:card\" content=\"summary_large_image\" \/>\n<meta name=\"twitter:label1\" content=\"Est. reading time\" \/>\n\t<meta name=\"twitter:data1\" content=\"3 min\u016btes\" \/>\n<script type=\"application\/ld+json\" class=\"yoast-schema-graph\">{\"@context\":\"https:\\\/\\\/schema.org\",\"@graph\":[{\"@type\":\"WebPage\",\"@id\":\"https:\\\/\\\/kidsplay.lt\\\/produktas\\\/supamas-gultukas-niekid-su-barskuciu\\\/\",\"url\":\"https:\\\/\\\/kidsplay.lt\\\/produktas\\\/supamas-gultukas-niekid-su-barskuciu\\\/\",\"name\":\"Supamas gultukas Niekid su bar\u0161ku\u010diu - KidsPlay\",\"isPartOf\":{\"@id\":\"https:\\\/\\\/kidsplay.lt\\\/#website\"},\"primaryImageOfPage\":{\"@id\":\"https:\\\/\\\/kidsplay.lt\\\/produktas\\\/supamas-gultukas-niekid-su-barskuciu\\\/#primaryimage\"},\"image\":{\"@id\":\"https:\\\/\\\/kidsplay.lt\\\/produktas\\\/supamas-gultukas-niekid-su-barskuciu\\\/#primaryimage\"},\"thumbnailUrl\":\"https:\\\/\\\/kidsplay.lt\\\/wp-content\\\/uploads\\\/2025\\\/10\\\/Screenshot_833.png\",\"datePublished\":\"2025-10-09T17:09:46+00:00\",\"dateModified\":\"2026-02-25T14:10:25+00:00\",\"description\":\"Supamas gultukas Niekid su bar\u0161ku\u010diu - KidsPlay. Did\u017eiausias vaik\u0173 \u017eaisl\u0173 pasirinkimas.\",\"breadcrumb\":{\"@id\":\"https:\\\/\\\/kidsplay.lt\\\/produktas\\\/supamas-gultukas-niekid-su-barskuciu\\\/#breadcrumb\"},\"inLanguage\":\"lv-LV\",\"potentialAction\":[{\"@type\":\"ReadAction\",\"target\":[\"https:\\\/\\\/kidsplay.lt\\\/produktas\\\/supamas-gultukas-niekid-su-barskuciu\\\/\"]}]},{\"@type\":\"ImageObject\",\"inLanguage\":\"lv-LV\",\"@id\":\"https:\\\/\\\/kidsplay.lt\\\/produktas\\\/supamas-gultukas-niekid-su-barskuciu\\\/#primaryimage\",\"url\":\"https:\\\/\\\/kidsplay.lt\\\/wp-content\\\/uploads\\\/2025\\\/10\\\/Screenshot_833.png\",\"contentUrl\":\"https:\\\/\\\/kidsplay.lt\\\/wp-content\\\/uploads\\\/2025\\\/10\\\/Screenshot_833.png\",\"width\":542,\"height\":454},{\"@type\":\"BreadcrumbList\",\"@id\":\"https:\\\/\\\/kidsplay.lt\\\/produktas\\\/supamas-gultukas-niekid-su-barskuciu\\\/#breadcrumb\",\"itemListElement\":[{\"@type\":\"ListItem\",\"position\":1,\"name\":\"Pagrindinis\",\"item\":\"https:\\\/\\\/kidsplay.lt\\\/\"},{\"@type\":\"ListItem\",\"position\":2,\"name\":\"Parduotuv\u0117\",\"item\":\"https:\\\/\\\/kidsplay.lt\\\/parduotuve\\\/\"},{\"@type\":\"ListItem\",\"position\":3,\"name\":\"Supamas gultukas Niekid su bar\u0161ku\u010diu\"}]},{\"@type\":\"WebSite\",\"@id\":\"https:\\\/\\\/kidsplay.lt\\\/#website\",\"url\":\"https:\\\/\\\/kidsplay.lt\\\/\",\"name\":\"Kidsplay.lt\",\"description\":\"\u012evairios prek\u0117s vaikams\",\"publisher\":{\"@id\":\"https:\\\/\\\/kidsplay.lt\\\/#organization\"},\"alternateName\":\"Kidsplay\",\"potentialAction\":[{\"@type\":\"SearchAction\",\"target\":{\"@type\":\"EntryPoint\",\"urlTemplate\":\"https:\\\/\\\/kidsplay.lt\\\/?s={search_term_string}\"},\"query-input\":{\"@type\":\"PropertyValueSpecification\",\"valueRequired\":true,\"valueName\":\"search_term_string\"}}],\"inLanguage\":\"lv-LV\"},{\"@type\":\"Organization\",\"@id\":\"https:\\\/\\\/kidsplay.lt\\\/#organization\",\"name\":\"KidsPlay\",\"url\":\"https:\\\/\\\/kidsplay.lt\\\/\",\"logo\":{\"@type\":\"ImageObject\",\"inLanguage\":\"lv-LV\",\"@id\":\"https:\\\/\\\/kidsplay.lt\\\/#\\\/schema\\\/logo\\\/image\\\/\",\"url\":\"https:\\\/\\\/kidsplay.lt\\\/wp-content\\\/uploads\\\/2023\\\/07\\\/kidsplay-logo.png\",\"contentUrl\":\"https:\\\/\\\/kidsplay.lt\\\/wp-content\\\/uploads\\\/2023\\\/07\\\/kidsplay-logo.png\",\"width\":451,\"height\":98,\"caption\":\"KidsPlay\"},\"image\":{\"@id\":\"https:\\\/\\\/kidsplay.lt\\\/#\\\/schema\\\/logo\\\/image\\\/\"},\"sameAs\":[\"https:\\\/\\\/www.facebook.com\\\/www.kidsplay.lt\"]}]}<\/script>\n<!-- \/ Yoast SEO plugin. -->","yoast_head_json":{"title":"Supamas gultukas Niekid su bar\u0161ku\u010diu - KidsPlay","description":"Supamas gultukas Niekid su bar\u0161ku\u010diu - KidsPlay. Did\u017eiausias vaik\u0173 \u017eaisl\u0173 pasirinkimas.","robots":{"index":"index","follow":"follow","max-snippet":"max-snippet:-1","max-image-preview":"max-image-preview:large","max-video-preview":"max-video-preview:-1"},"canonical":"https:\/\/kidsplay.lt\/lv\/products\/supamas-gultukas-niekid-su-barskuciu\/","og_locale":"lv_LV","og_type":"article","og_title":"Supamas gultukas Niekid su bar\u0161ku\u010diu - KidsPlay","og_description":"Supamas gultukas Niekid su bar\u0161ku\u010diu - KidsPlay. Did\u017eiausias vaik\u0173 \u017eaisl\u0173 pasirinkimas.","og_url":"https:\/\/kidsplay.lt\/lv\/products\/supamas-gultukas-niekid-su-barskuciu\/","og_site_name":"KidsPlay","article_publisher":"https:\/\/www.facebook.com\/www.kidsplay.lt","article_modified_time":"2026-02-25T14:10:25+00:00","og_image":[{"width":542,"height":454,"url":"https:\/\/kidsplay.lt\/wp-content\/uploads\/2025\/10\/Screenshot_833.png","type":"image\/png"}],"twitter_card":"summary_large_image","twitter_misc":{"Est. reading time":"3 min\u016btes"},"schema":{"@context":"https:\/\/schema.org","@graph":[{"@type":"WebPage","@id":"https:\/\/kidsplay.lt\/produktas\/supamas-gultukas-niekid-su-barskuciu\/","url":"https:\/\/kidsplay.lt\/produktas\/supamas-gultukas-niekid-su-barskuciu\/","name":"Supamas gultukas Niekid su bar\u0161ku\u010diu - KidsPlay","isPartOf":{"@id":"https:\/\/kidsplay.lt\/#website"},"primaryImageOfPage":{"@id":"https:\/\/kidsplay.lt\/produktas\/supamas-gultukas-niekid-su-barskuciu\/#primaryimage"},"image":{"@id":"https:\/\/kidsplay.lt\/produktas\/supamas-gultukas-niekid-su-barskuciu\/#primaryimage"},"thumbnailUrl":"https:\/\/kidsplay.lt\/wp-content\/uploads\/2025\/10\/Screenshot_833.png","datePublished":"2025-10-09T17:09:46+00:00","dateModified":"2026-02-25T14:10:25+00:00","description":"Supamas gultukas Niekid su bar\u0161ku\u010diu - KidsPlay. Did\u017eiausias vaik\u0173 \u017eaisl\u0173 pasirinkimas.","breadcrumb":{"@id":"https:\/\/kidsplay.lt\/produktas\/supamas-gultukas-niekid-su-barskuciu\/#breadcrumb"},"inLanguage":"lv-LV","potentialAction":[{"@type":"ReadAction","target":["https:\/\/kidsplay.lt\/produktas\/supamas-gultukas-niekid-su-barskuciu\/"]}]},{"@type":"ImageObject","inLanguage":"lv-LV","@id":"https:\/\/kidsplay.lt\/produktas\/supamas-gultukas-niekid-su-barskuciu\/#primaryimage","url":"https:\/\/kidsplay.lt\/wp-content\/uploads\/2025\/10\/Screenshot_833.png","contentUrl":"https:\/\/kidsplay.lt\/wp-content\/uploads\/2025\/10\/Screenshot_833.png","width":542,"height":454},{"@type":"BreadcrumbList","@id":"https:\/\/kidsplay.lt\/produktas\/supamas-gultukas-niekid-su-barskuciu\/#breadcrumb","itemListElement":[{"@type":"ListItem","position":1,"name":"Pagrindinis","item":"https:\/\/kidsplay.lt\/"},{"@type":"ListItem","position":2,"name":"Parduotuv\u0117","item":"https:\/\/kidsplay.lt\/parduotuve\/"},{"@type":"ListItem","position":3,"name":"Supamas gultukas Niekid su bar\u0161ku\u010diu"}]},{"@type":"WebSite","@id":"https:\/\/kidsplay.lt\/#website","url":"https:\/\/kidsplay.lt\/","name":"B\u0113rnu sp\u0113les.lv","description":"\u012evairios prek\u0117s vaikams","publisher":{"@id":"https:\/\/kidsplay.lt\/#organization"},"alternateName":"Kidsplay","potentialAction":[{"@type":"SearchAction","target":{"@type":"EntryPoint","urlTemplate":"https:\/\/kidsplay.lt\/?s={search_term_string}"},"query-input":{"@type":"PropertyValueSpecification","valueRequired":true,"valueName":"search_term_string"}}],"inLanguage":"lv-LV"},{"@type":"Organization","@id":"https:\/\/kidsplay.lt\/#organization","name":"B\u0113rnu sp\u0113le","url":"https:\/\/kidsplay.lt\/","logo":{"@type":"ImageObject","inLanguage":"lv-LV","@id":"https:\/\/kidsplay.lt\/#\/schema\/logo\/image\/","url":"https:\/\/kidsplay.lt\/wp-content\/uploads\/2023\/07\/kidsplay-logo.png","contentUrl":"https:\/\/kidsplay.lt\/wp-content\/uploads\/2023\/07\/kidsplay-logo.png","width":451,"height":98,"caption":"KidsPlay"},"image":{"@id":"https:\/\/kidsplay.lt\/#\/schema\/logo\/image\/"},"sameAs":["https:\/\/www.facebook.com\/www.kidsplay.lt"]}]}},"_links":{"self":[{"href":"https:\/\/kidsplay.lt\/lv\/wp-json\/wp\/v2\/product\/75736","targetHints":{"allow":["GET"]}}],"collection":[{"href":"https:\/\/kidsplay.lt\/lv\/wp-json\/wp\/v2\/product"}],"about":[{"href":"https:\/\/kidsplay.lt\/lv\/wp-json\/wp\/v2\/types\/product"}],"version-history":[{"count":1,"href":"https:\/\/kidsplay.lt\/lv\/wp-json\/wp\/v2\/product\/75736\/revisions"}],"predecessor-version":[{"id":75742,"href":"https:\/\/kidsplay.lt\/lv\/wp-json\/wp\/v2\/product\/75736\/revisions\/75742"}],"wp:featuredmedia":[{"embeddable":true,"href":"https:\/\/kidsplay.lt\/lv\/wp-json\/wp\/v2\/media\/75737"}],"wp:attachment":[{"href":"https:\/\/kidsplay.lt\/lv\/wp-json\/wp\/v2\/media?parent=75736"}],"wp:term":[{"taxonomy":"product_brand","embeddable":true,"href":"https:\/\/kidsplay.lt\/lv\/wp-json\/wp\/v2\/product_brand?post=75736"},{"taxonomy":"product_cat","embeddable":true,"href":"https:\/\/kidsplay.lt\/lv\/wp-json\/wp\/v2\/product_cat?post=75736"},{"taxonomy":"product_tag","embeddable":true,"href":"https:\/\/kidsplay.lt\/lv\/wp-json\/wp\/v2\/product_tag?post=75736"}],"curies":[{"name":"wp","href":"https:\/\/api.w.org\/{rel}","templated":true}]}}