{"id":75759,"date":"2025-10-10T08:51:06","date_gmt":"2025-10-10T05:51:06","guid":{"rendered":"https:\/\/kidsplay.lt\/?post_type=product&#038;p=75759"},"modified":"2025-10-10T08:51:06","modified_gmt":"2025-10-10T05:51:06","slug":"keturratis-elektrinis-hercules-1200w-48v-led","status":"publish","type":"product","link":"https:\/\/kidsplay.lt\/lv\/products\/keturratis-elektrinis-hercules-1200w-48v-led\/","title":{"rendered":"Keturratis elektrinis Hercules 1200W 48V LED"},"content":{"rendered":"<p><span dir=\"auto\">\u2705\u00a0<\/span><b><span dir=\"auto\">Trij\u0173 pakop\u0173\u00a0<\/span><\/b><b><span dir=\"auto\">grei\u010dio reguliavimas<\/span><\/b><span dir=\"auto\">\u00a0\u2013 pritaikykite transporto priemon\u0117s greit\u012f prie vaiko \u012fg\u016bd\u017ei\u0173<\/span><\/p>\n<p><span dir=\"auto\">\u2705\u00a0<\/span><b><span dir=\"auto\">Dideli pumpuojami 6 coli\u0173 ratai<\/span><\/b><span dir=\"auto\">\u00a0\u2013 pagerina sukibim\u0105<\/span><\/p>\n<p><span dir=\"auto\">\u2705\u00a0<\/span><b><span dir=\"auto\">Nuotolinio valdymo pultas<\/span><\/b><span dir=\"auto\">\u00a0\u2013 \u012ejunkite ir i\u0161junkite transporto priemon\u0119 iki 50 m atstumu<\/span><\/p>\n<p><span dir=\"auto\">\u2705\u00a0<\/span><b><span dir=\"auto\">Elektros baterij\u0173 ekranas<\/span><\/b><\/p>\n<p><span dir=\"auto\">\u2705\u00a0<\/span><b><span dir=\"auto\">Priekinis LED ap\u0161vietimas<\/span><\/b><\/p>\n<p><b><span dir=\"auto\">\u2705 Naujausi modeliai apr\u016bpinti<\/span><\/b><span dir=\"auto\">\u00a0ratlanki\u0173 gaubtais su beadlock sistema<\/span><\/p>\n<p><b><span dir=\"auto\">\u2705 Papildomas saugos pedalas ant pakojos\u00a0<\/span><\/b><\/p>\n<p><b><span dir=\"auto\">Tehniskie dati:<\/span><\/b><\/p>\n<ul>\n<li><span dir=\"auto\">Variklis: elektrinis 1200 W 48 V<\/span><\/li>\n<li><span dir=\"auto\">Maksimalus greitis iki 30 km\/h<\/span><\/li>\n<li><span dir=\"auto\">Amortizacija: Priekin\u0117 + Galin\u0117;<\/span><\/li>\n<li><span dir=\"auto\">Stabd\u017eiai: Diskiniai gale ir priekyje<\/span><\/li>\n<li><span dir=\"auto\">Pavar\u0173 d\u0117\u017e\u0117: Grandin\u0117;<\/span><\/li>\n<li><span dir=\"auto\">Grei\u010dio valdymas: 3 laipsniai &#8211; laisvas \/ vidutinis \/ greitas re\u017eimas<\/span><\/li>\n<li><span dir=\"auto\">Automatin\u0117 pavar\u0173 d\u0117\u017e\u0117 + atbulin\u0117s eigos pavara<\/span><\/li>\n<li><span dir=\"auto\">Baterijos lygio indikatorius<\/span><\/li>\n<li><span dir=\"auto\">6 coli\u0173 pripu\u010diami ratai<\/span><\/li>\n<li><span dir=\"auto\">Pilno akumuliatoriaus \u012fkrovimo laikas \u2013 6\u20138 valandos<\/span><\/li>\n<li><span dir=\"auto\">Pilnai \u012fkrautas j\u016bs\u0173 vaikas gali m\u0117gautis vairavimu vis\u0105 dien\u0105\u00a0<\/span><\/li>\n<\/ul>\n<p><b><span dir=\"auto\">\u012eranga:<\/span><\/b><\/p>\n<ul>\n<li><span dir=\"auto\">3 pakop\u0173 grei\u010dio valdymas + nuotolinio valdymo pulteliai<\/span><\/li>\n<li><span dir=\"auto\">6 coli\u0173 ratai<\/span><\/li>\n<li><span dir=\"auto\">Beadlock ratlankio apsauginiai dangteliai<\/span><\/li>\n<li><span dir=\"auto\">Grandin\u0117s apsauga<\/span><\/li>\n<li><span dir=\"auto\">Diskiniai stabd\u017eiai<\/span><\/li>\n<li><span dir=\"auto\">Baterijos lygio indikatorius<\/span><\/li>\n<li><span dir=\"auto\">\u012ekroviklis 48 V<\/span><\/li>\n<li><span dir=\"auto\">LED priekinis ap\u0161vietimas<\/span><\/li>\n<li><span dir=\"auto\">Baga\u017eo lentyna priekyje + gale<\/span><\/li>\n<li><span dir=\"auto\">Priekinis bamperis<\/span><\/li>\n<li><span dir=\"auto\">Ragas<\/span><\/li>\n<li><span dir=\"auto\">Apsauginis pedalas ant de\u0161iniojo koj\u0173 atramos\u00a0<\/span><\/li>\n<\/ul>\n<h1><span dir=\"auto\">TRIJ\u0172 pakop\u0173 u\u017edegimas grei\u010dio re\u017eimui nustatyti<\/span><\/h1>\n<ul>\n<li><b><span dir=\"auto\">Lengvas \u2013 iki 10 km\/val.<\/span><\/b><\/li>\n<li><b><span dir=\"auto\">Vidutinis \u2013 iki 15 km\/val.<\/span><\/b><\/li>\n<li><b><span dir=\"auto\">Greitas \u2013 daugiau nei 15 km\/val.<\/span><\/b><\/li>\n<\/ul>\n<p><span dir=\"auto\">\u012ejung\u0119 re\u017eim\u0105, i\u0161traukite rakt\u0105 ir i\u0161eikite i\u0161 re\u017eimo<\/span><\/p>\n<h1><span dir=\"auto\">Izm\u0113ri:<\/span><\/h1>\n<ul>\n<li><span dir=\"auto\">Ilgis: 115 cm<\/span><\/li>\n<li><span dir=\"auto\">Plotis: 64 cm<\/span><\/li>\n<li><span dir=\"auto\">Auk\u0161tis iki s\u0117dyn\u0117s \u012fgaubto ta\u0161ko: 52 cm<\/span><\/li>\n<li><span dir=\"auto\">Auk\u0161tis iki vairo: 73 cm<\/span><\/li>\n<li><span dir=\"auto\">Svoris 55 kg\u00a0<\/span><\/li>\n<\/ul>","protected":false},"excerpt":{"rendered":"<p>\u2705\u00a0Trij\u0173 pakop\u0173\u00a0grei\u010dio reguliavimas\u00a0\u2013 pritaikykite transporto priemon\u0117s greit\u012f prie vaiko \u012fg\u016bd\u017ei\u0173 \u2705\u00a0Dideli pumpuojami 6 coli\u0173 ratai\u00a0\u2013 pagerina sukibim\u0105 \u2705\u00a0Nuotolinio valdymo pultas\u00a0\u2013<\/p>","protected":false},"featured_media":75760,"template":"","meta":{"_acf_changed":false,"_glsr_average":0,"_glsr_ranking":0,"_glsr_reviews":0},"product_brand":[],"product_cat":[310,237,434],"product_tag":[],"class_list":{"0":"post-75759","1":"product","2":"type-product","3":"status-publish","4":"has-post-thumbnail","6":"product_cat-akumuliatorines-transporto-priemones","7":"product_cat-judejimo-priemones","8":"product_cat-keturraciai","9":"\"style=\"background-color: #2ecc711c;\"","11":"first","12":"instock","13":"shipping-taxable","14":"purchasable","15":"product-type-simple"},"acf":[],"yoast_head":"<!-- This site is optimized with the Yoast SEO plugin v27.3 - https:\/\/yoast.com\/product\/yoast-seo-wordpress\/ -->\n<title>Keturratis elektrinis Hercules 1200W 48V LED - KidsPlay<\/title>\n<meta name=\"description\" content=\"Keturratis elektrinis Hercules 1200W 48V LED - KidsPlay. Did\u017eiausias vaik\u0173 \u017eaisl\u0173 pasirinkimas.\" \/>\n<meta name=\"robots\" content=\"index, follow, max-snippet:-1, max-image-preview:large, max-video-preview:-1\" \/>\n<link rel=\"canonical\" href=\"https:\/\/kidsplay.lt\/lv\/products\/keturratis-elektrinis-hercules-1200w-48v-led\/\" \/>\n<meta property=\"og:locale\" content=\"lv_LV\" \/>\n<meta property=\"og:type\" content=\"article\" \/>\n<meta property=\"og:title\" content=\"Keturratis elektrinis Hercules 1200W 48V LED - KidsPlay\" \/>\n<meta property=\"og:description\" content=\"Keturratis elektrinis Hercules 1200W 48V LED - KidsPlay. Did\u017eiausias vaik\u0173 \u017eaisl\u0173 pasirinkimas.\" \/>\n<meta property=\"og:url\" content=\"https:\/\/kidsplay.lt\/lv\/products\/keturratis-elektrinis-hercules-1200w-48v-led\/\" \/>\n<meta property=\"og:site_name\" content=\"KidsPlay\" \/>\n<meta property=\"article:publisher\" content=\"https:\/\/www.facebook.com\/www.kidsplay.lt\" \/>\n<meta property=\"og:image\" content=\"https:\/\/kidsplay.lt\/wp-content\/uploads\/2025\/10\/Screenshot_850.png\" \/>\n\t<meta property=\"og:image:width\" content=\"446\" \/>\n\t<meta property=\"og:image:height\" content=\"391\" \/>\n\t<meta property=\"og:image:type\" content=\"image\/png\" \/>\n<meta name=\"twitter:card\" content=\"summary_large_image\" \/>\n<meta name=\"twitter:label1\" content=\"Est. reading time\" \/>\n\t<meta name=\"twitter:data1\" content=\"2 min\u016btes\" \/>\n<script type=\"application\/ld+json\" class=\"yoast-schema-graph\">{\"@context\":\"https:\\\/\\\/schema.org\",\"@graph\":[{\"@type\":\"WebPage\",\"@id\":\"https:\\\/\\\/kidsplay.lt\\\/produktas\\\/keturratis-elektrinis-hercules-1200w-48v-led\\\/\",\"url\":\"https:\\\/\\\/kidsplay.lt\\\/produktas\\\/keturratis-elektrinis-hercules-1200w-48v-led\\\/\",\"name\":\"Keturratis elektrinis Hercules 1200W 48V LED - KidsPlay\",\"isPartOf\":{\"@id\":\"https:\\\/\\\/kidsplay.lt\\\/#website\"},\"primaryImageOfPage\":{\"@id\":\"https:\\\/\\\/kidsplay.lt\\\/produktas\\\/keturratis-elektrinis-hercules-1200w-48v-led\\\/#primaryimage\"},\"image\":{\"@id\":\"https:\\\/\\\/kidsplay.lt\\\/produktas\\\/keturratis-elektrinis-hercules-1200w-48v-led\\\/#primaryimage\"},\"thumbnailUrl\":\"https:\\\/\\\/kidsplay.lt\\\/wp-content\\\/uploads\\\/2025\\\/10\\\/Screenshot_850.png\",\"datePublished\":\"2025-10-10T05:51:06+00:00\",\"description\":\"Keturratis elektrinis Hercules 1200W 48V LED - KidsPlay. Did\u017eiausias vaik\u0173 \u017eaisl\u0173 pasirinkimas.\",\"breadcrumb\":{\"@id\":\"https:\\\/\\\/kidsplay.lt\\\/produktas\\\/keturratis-elektrinis-hercules-1200w-48v-led\\\/#breadcrumb\"},\"inLanguage\":\"lv-LV\",\"potentialAction\":[{\"@type\":\"ReadAction\",\"target\":[\"https:\\\/\\\/kidsplay.lt\\\/produktas\\\/keturratis-elektrinis-hercules-1200w-48v-led\\\/\"]}]},{\"@type\":\"ImageObject\",\"inLanguage\":\"lv-LV\",\"@id\":\"https:\\\/\\\/kidsplay.lt\\\/produktas\\\/keturratis-elektrinis-hercules-1200w-48v-led\\\/#primaryimage\",\"url\":\"https:\\\/\\\/kidsplay.lt\\\/wp-content\\\/uploads\\\/2025\\\/10\\\/Screenshot_850.png\",\"contentUrl\":\"https:\\\/\\\/kidsplay.lt\\\/wp-content\\\/uploads\\\/2025\\\/10\\\/Screenshot_850.png\",\"width\":446,\"height\":391},{\"@type\":\"BreadcrumbList\",\"@id\":\"https:\\\/\\\/kidsplay.lt\\\/produktas\\\/keturratis-elektrinis-hercules-1200w-48v-led\\\/#breadcrumb\",\"itemListElement\":[{\"@type\":\"ListItem\",\"position\":1,\"name\":\"Pagrindinis\",\"item\":\"https:\\\/\\\/kidsplay.lt\\\/\"},{\"@type\":\"ListItem\",\"position\":2,\"name\":\"Parduotuv\u0117\",\"item\":\"https:\\\/\\\/kidsplay.lt\\\/parduotuve\\\/\"},{\"@type\":\"ListItem\",\"position\":3,\"name\":\"Keturratis elektrinis Hercules 1200W 48V LED\"}]},{\"@type\":\"WebSite\",\"@id\":\"https:\\\/\\\/kidsplay.lt\\\/#website\",\"url\":\"https:\\\/\\\/kidsplay.lt\\\/\",\"name\":\"Kidsplay.lt\",\"description\":\"\u012evairios prek\u0117s vaikams\",\"publisher\":{\"@id\":\"https:\\\/\\\/kidsplay.lt\\\/#organization\"},\"alternateName\":\"Kidsplay\",\"potentialAction\":[{\"@type\":\"SearchAction\",\"target\":{\"@type\":\"EntryPoint\",\"urlTemplate\":\"https:\\\/\\\/kidsplay.lt\\\/?s={search_term_string}\"},\"query-input\":{\"@type\":\"PropertyValueSpecification\",\"valueRequired\":true,\"valueName\":\"search_term_string\"}}],\"inLanguage\":\"lv-LV\"},{\"@type\":\"Organization\",\"@id\":\"https:\\\/\\\/kidsplay.lt\\\/#organization\",\"name\":\"KidsPlay\",\"url\":\"https:\\\/\\\/kidsplay.lt\\\/\",\"logo\":{\"@type\":\"ImageObject\",\"inLanguage\":\"lv-LV\",\"@id\":\"https:\\\/\\\/kidsplay.lt\\\/#\\\/schema\\\/logo\\\/image\\\/\",\"url\":\"https:\\\/\\\/kidsplay.lt\\\/wp-content\\\/uploads\\\/2023\\\/07\\\/kidsplay-logo.png\",\"contentUrl\":\"https:\\\/\\\/kidsplay.lt\\\/wp-content\\\/uploads\\\/2023\\\/07\\\/kidsplay-logo.png\",\"width\":451,\"height\":98,\"caption\":\"KidsPlay\"},\"image\":{\"@id\":\"https:\\\/\\\/kidsplay.lt\\\/#\\\/schema\\\/logo\\\/image\\\/\"},\"sameAs\":[\"https:\\\/\\\/www.facebook.com\\\/www.kidsplay.lt\"]}]}<\/script>\n<!-- \/ Yoast SEO plugin. -->","yoast_head_json":{"title":"Keturratis elektrinis Hercules 1200W 48V LED - KidsPlay","description":"Keturratis elektrinis Hercules 1200W 48V LED - KidsPlay. Did\u017eiausias vaik\u0173 \u017eaisl\u0173 pasirinkimas.","robots":{"index":"index","follow":"follow","max-snippet":"max-snippet:-1","max-image-preview":"max-image-preview:large","max-video-preview":"max-video-preview:-1"},"canonical":"https:\/\/kidsplay.lt\/lv\/products\/keturratis-elektrinis-hercules-1200w-48v-led\/","og_locale":"lv_LV","og_type":"article","og_title":"Keturratis elektrinis Hercules 1200W 48V LED - KidsPlay","og_description":"Keturratis elektrinis Hercules 1200W 48V LED - KidsPlay. Did\u017eiausias vaik\u0173 \u017eaisl\u0173 pasirinkimas.","og_url":"https:\/\/kidsplay.lt\/lv\/products\/keturratis-elektrinis-hercules-1200w-48v-led\/","og_site_name":"KidsPlay","article_publisher":"https:\/\/www.facebook.com\/www.kidsplay.lt","og_image":[{"width":446,"height":391,"url":"https:\/\/kidsplay.lt\/wp-content\/uploads\/2025\/10\/Screenshot_850.png","type":"image\/png"}],"twitter_card":"summary_large_image","twitter_misc":{"Est. reading time":"2 min\u016btes"},"schema":{"@context":"https:\/\/schema.org","@graph":[{"@type":"WebPage","@id":"https:\/\/kidsplay.lt\/produktas\/keturratis-elektrinis-hercules-1200w-48v-led\/","url":"https:\/\/kidsplay.lt\/produktas\/keturratis-elektrinis-hercules-1200w-48v-led\/","name":"Keturratis elektrinis Hercules 1200W 48V LED - KidsPlay","isPartOf":{"@id":"https:\/\/kidsplay.lt\/#website"},"primaryImageOfPage":{"@id":"https:\/\/kidsplay.lt\/produktas\/keturratis-elektrinis-hercules-1200w-48v-led\/#primaryimage"},"image":{"@id":"https:\/\/kidsplay.lt\/produktas\/keturratis-elektrinis-hercules-1200w-48v-led\/#primaryimage"},"thumbnailUrl":"https:\/\/kidsplay.lt\/wp-content\/uploads\/2025\/10\/Screenshot_850.png","datePublished":"2025-10-10T05:51:06+00:00","description":"Keturratis elektrinis Hercules 1200W 48V LED - KidsPlay. Did\u017eiausias vaik\u0173 \u017eaisl\u0173 pasirinkimas.","breadcrumb":{"@id":"https:\/\/kidsplay.lt\/produktas\/keturratis-elektrinis-hercules-1200w-48v-led\/#breadcrumb"},"inLanguage":"lv-LV","potentialAction":[{"@type":"ReadAction","target":["https:\/\/kidsplay.lt\/produktas\/keturratis-elektrinis-hercules-1200w-48v-led\/"]}]},{"@type":"ImageObject","inLanguage":"lv-LV","@id":"https:\/\/kidsplay.lt\/produktas\/keturratis-elektrinis-hercules-1200w-48v-led\/#primaryimage","url":"https:\/\/kidsplay.lt\/wp-content\/uploads\/2025\/10\/Screenshot_850.png","contentUrl":"https:\/\/kidsplay.lt\/wp-content\/uploads\/2025\/10\/Screenshot_850.png","width":446,"height":391},{"@type":"BreadcrumbList","@id":"https:\/\/kidsplay.lt\/produktas\/keturratis-elektrinis-hercules-1200w-48v-led\/#breadcrumb","itemListElement":[{"@type":"ListItem","position":1,"name":"Pagrindinis","item":"https:\/\/kidsplay.lt\/"},{"@type":"ListItem","position":2,"name":"Parduotuv\u0117","item":"https:\/\/kidsplay.lt\/parduotuve\/"},{"@type":"ListItem","position":3,"name":"Keturratis elektrinis Hercules 1200W 48V LED"}]},{"@type":"WebSite","@id":"https:\/\/kidsplay.lt\/#website","url":"https:\/\/kidsplay.lt\/","name":"B\u0113rnu sp\u0113les.lv","description":"\u012evairios prek\u0117s vaikams","publisher":{"@id":"https:\/\/kidsplay.lt\/#organization"},"alternateName":"Kidsplay","potentialAction":[{"@type":"SearchAction","target":{"@type":"EntryPoint","urlTemplate":"https:\/\/kidsplay.lt\/?s={search_term_string}"},"query-input":{"@type":"PropertyValueSpecification","valueRequired":true,"valueName":"search_term_string"}}],"inLanguage":"lv-LV"},{"@type":"Organization","@id":"https:\/\/kidsplay.lt\/#organization","name":"B\u0113rnu sp\u0113le","url":"https:\/\/kidsplay.lt\/","logo":{"@type":"ImageObject","inLanguage":"lv-LV","@id":"https:\/\/kidsplay.lt\/#\/schema\/logo\/image\/","url":"https:\/\/kidsplay.lt\/wp-content\/uploads\/2023\/07\/kidsplay-logo.png","contentUrl":"https:\/\/kidsplay.lt\/wp-content\/uploads\/2023\/07\/kidsplay-logo.png","width":451,"height":98,"caption":"KidsPlay"},"image":{"@id":"https:\/\/kidsplay.lt\/#\/schema\/logo\/image\/"},"sameAs":["https:\/\/www.facebook.com\/www.kidsplay.lt"]}]}},"_links":{"self":[{"href":"https:\/\/kidsplay.lt\/lv\/wp-json\/wp\/v2\/product\/75759","targetHints":{"allow":["GET"]}}],"collection":[{"href":"https:\/\/kidsplay.lt\/lv\/wp-json\/wp\/v2\/product"}],"about":[{"href":"https:\/\/kidsplay.lt\/lv\/wp-json\/wp\/v2\/types\/product"}],"version-history":[{"count":1,"href":"https:\/\/kidsplay.lt\/lv\/wp-json\/wp\/v2\/product\/75759\/revisions"}],"predecessor-version":[{"id":75763,"href":"https:\/\/kidsplay.lt\/lv\/wp-json\/wp\/v2\/product\/75759\/revisions\/75763"}],"wp:featuredmedia":[{"embeddable":true,"href":"https:\/\/kidsplay.lt\/lv\/wp-json\/wp\/v2\/media\/75760"}],"wp:attachment":[{"href":"https:\/\/kidsplay.lt\/lv\/wp-json\/wp\/v2\/media?parent=75759"}],"wp:term":[{"taxonomy":"product_brand","embeddable":true,"href":"https:\/\/kidsplay.lt\/lv\/wp-json\/wp\/v2\/product_brand?post=75759"},{"taxonomy":"product_cat","embeddable":true,"href":"https:\/\/kidsplay.lt\/lv\/wp-json\/wp\/v2\/product_cat?post=75759"},{"taxonomy":"product_tag","embeddable":true,"href":"https:\/\/kidsplay.lt\/lv\/wp-json\/wp\/v2\/product_tag?post=75759"}],"curies":[{"name":"wp","href":"https:\/\/api.w.org\/{rel}","templated":true}]}}