{"id":75785,"date":"2025-10-10T09:03:46","date_gmt":"2025-10-10T06:03:46","guid":{"rendered":"https:\/\/kidsplay.lt\/?post_type=product&#038;p=75785"},"modified":"2025-10-10T09:03:46","modified_gmt":"2025-10-10T06:03:46","slug":"keturratis-vaikams-injusa-large-quad-rage-24v-extreme","status":"publish","type":"product","link":"https:\/\/kidsplay.lt\/lv\/products\/keturratis-vaikams-injusa-large-quad-rage-24v-extreme\/","title":{"rendered":"Kvadracikls b\u0113rniem INJUSA LARGE Quad Rage 24V Extreme"},"content":{"rendered":"<div class=\"mpof_ki myre_zn myre_8v_l m389_6m_l\">\n<div class=\"mp4t_16_s mryx_16_s mr3m_1 mli2_1 mh85_56 mh85_0_l\">\n<div class=\"mg9e_8 mj7a_8 mg9e_0_s mvrt_0_s mj7a_0_s mh36_0_s mzmg_6m munh_16_l m3h2_16_l\">\n<div class=\"mp4t_0 mryx_0 munh_56 m3h2_56\">\n<div class=\"mp7g_oh\"><button class=\"mg9e_0 mvrt_0 mj7a_0 mh36_0 mp4t_0 m3h2_0 mryx_0 munh_0 mqen_m6 mpof_z0 mx7m_0 m7er_k4 mse2_k4 msts_pt\" data-analytics-interaction=\"true\" data-analytics-interaction-label=\"zoomable-image-open\" aria-disabled=\"true\"><img decoding=\"async\" class=\"msub_k4 mupj_5k mjru_k4 mse2_k4 mp7g_f6 mq1m_0 mj7u_0 m7er_k4 mqen_m6 m31c_d8 m0ux_fp lazyloaded\" src=\"https:\/\/a.allegroimg.com\/original\/1133c4\/e166a3b34275aed5951a6880d5b3\/INJUSA-LARGE-Quad-Rage-24V-Extreme-from-6-years-to-50kg\" sizes=\"(min-width: 1200px) 560px, (min-width: 992px) 50vw, 100vw\" srcset=\"https:\/\/a.allegroimg.com\/s360\/1133c4\/e166a3b34275aed5951a6880d5b3\/INJUSA-LARGE-Quad-Rage-24V-Extreme-from-6-years-to-50kg 360w,https:\/\/a.allegroimg.com\/s720\/1133c4\/e166a3b34275aed5951a6880d5b3\/INJUSA-LARGE-Quad-Rage-24V-Extreme-from-6-years-to-50kg 720w,https:\/\/a.allegroimg.com\/s1024\/1133c4\/e166a3b34275aed5951a6880d5b3\/INJUSA-LARGE-Quad-Rage-24V-Extreme-from-6-years-to-50kg 1000w,https:\/\/a.allegroimg.com\/original\/1133c4\/e166a3b34275aed5951a6880d5b3\/INJUSA-LARGE-Quad-Rage-24V-Extreme-from-6-years-to-50kg 1000w\" alt=\"INJUSA LARGE Quad Rage 24V Extreme nuo 6 met\u0173 iki 50 kg\" width=\"1000px\" data-srcset=\"\" \/><\/button><\/div>\n<\/div>\n<\/div>\n<\/div>\n<div class=\"mp4t_16_s mryx_16_s mr3m_1 mli2_1 mh85_56 mh85_0_l\">\n<div class=\"mgn2_16 _0d3bd_am0a-\">\n<p><span dir=\"auto\">Ispanijos bendrov\u0117s\u00a0<b>\u201eINJUSA\u201c<\/b>\u00a0, gaminan\u010dios elektrines transporto priemones, elektrinis\u00a0<\/span><b><span dir=\"auto\">keturratis \u201eRage\u201c<\/span><\/b><span dir=\"auto\">\u00a0\u2013 idealus pasirinkimas adrenalino m\u0117g\u0117jams vaikams\u00a0<b>nuo 6 met\u0173 am\u017eiaus<\/b>\u00a0. D\u0117l\u00a0<b>pla\u010di\u0173 rat\u0173<\/b>\u00a0transporto priemon\u0117 yra labai\u00a0<b>stabili<\/b>\u00a0, o gumin\u0117 padanga u\u017etikrina\u00a0<b>didel\u012f sukibim\u0105 ir va\u017eiavimo komfort\u0105<\/b>\u00a0ant \u012fvairi\u0173 pavir\u0161i\u0173.\u00a0<b>24 V akumuliatorius leid\u017eia va\u017eiuoti\u00a0<\/b><b>iki 11 km\/h<\/b>\u00a0grei\u010diu .<\/span><b><\/b><b><\/b><b><\/b><b><\/b><b><\/b><b><\/b><b><\/b><\/p>\n<\/div>\n<\/div>\n<\/div>\n<div class=\"mpof_ki myre_zn myre_8v_l m389_6m_l\">\n<div class=\"mp4t_16_s mryx_16_s mr3m_1 mli2_1 mh85_56 mh85_0_l\">\n<div class=\"mgn2_16 _0d3bd_am0a-\">\n<p><b><span dir=\"auto\">Rakstur\u012bgs:<\/span><\/b><\/p>\n<ul>\n<li><b><span dir=\"auto\">keturkampis \u201eRage Green\u201c,<\/span><\/b><\/li>\n<li><span dir=\"auto\">akumuliatoriaus \u012ftampa yra\u00a0<\/span><b><span dir=\"auto\">24 V<\/span><\/b><span dir=\"auto\">\u00a0,<\/span><\/li>\n<li><b><\/b><span dir=\"auto\">pridedamas akumuliatoriaus\u00a0<b>\u012fkroviklis ,<\/b><\/span><\/li>\n<li><span dir=\"auto\">va\u017eiavimo greitis\u00a0<\/span><b><span dir=\"auto\">iki 11 km\/h<\/span><\/b><span dir=\"auto\">\u00a0,<\/span><\/li>\n<li><span dir=\"auto\">ratai turi gumin\u012f protektori\u0173, kuris u\u017etikrina\u00a0<\/span><b><span dir=\"auto\">stabilum\u0105 ir komfort\u0105 vairuojant<\/span><\/b><span dir=\"auto\">\u00a0;<\/span><\/li>\n<li><span dir=\"auto\">skirtas vaikams\u00a0<\/span><b><span dir=\"auto\">nuo 6 met\u0173 am\u017eiaus<\/span><\/b><span dir=\"auto\">\u00a0,<\/span><\/li>\n<li><span dir=\"auto\">plat\u016bs ratai suteikia automobiliui maksimal\u0173 stabilum\u0105,<\/span><\/li>\n<li><span dir=\"auto\">maksimali leistina\u00a0<\/span><b><span dir=\"auto\">apkrova iki 50 kg<\/span><\/b><span dir=\"auto\">\u00a0.<\/span><\/li>\n<\/ul>\n<\/div>\n<\/div>\n<div class=\"mp4t_16_s mryx_16_s mr3m_1 mli2_1 mh85_56 mh85_0_l\">\n<div class=\"mg9e_8 mj7a_8 mg9e_0_s mvrt_0_s mj7a_0_s mh36_0_s mzmg_6m munh_16_l m3h2_16_l\">\n<div class=\"mp4t_0 mryx_0 munh_56 m3h2_56\">\n<div class=\"mp7g_oh\"><button class=\"mg9e_0 mvrt_0 mj7a_0 mh36_0 mp4t_0 m3h2_0 mryx_0 munh_0 mqen_m6 mpof_z0 mx7m_0 m7er_k4 mse2_k4 msts_pt\" data-analytics-interaction=\"true\" data-analytics-interaction-label=\"zoomable-image-open\" aria-disabled=\"true\"><img decoding=\"async\" class=\"msub_k4 mupj_5k mjru_k4 mse2_k4 mp7g_f6 mq1m_0 mj7u_0 m7er_k4 mqen_m6 m31c_d8 m0ux_fp lazyloaded\" src=\"https:\/\/a.allegroimg.com\/original\/115c9b\/b4c4cda04443833e1e35861eef1c\/INJUSA-LARGE-Quad-Rage-24V-Extreme-from-6-years-to-50kg-Brand-Injusa\" sizes=\"(min-width: 1200px) 560px, (min-width: 992px) 50vw, 100vw\" srcset=\"https:\/\/a.allegroimg.com\/s360\/115c9b\/b4c4cda04443833e1e35861eef1c\/INJUSA-LARGE-Quad-Rage-24V-Extreme-from-6-years-to-50kg-Brand-Injusa 360w,https:\/\/a.allegroimg.com\/s720\/115c9b\/b4c4cda04443833e1e35861eef1c\/INJUSA-LARGE-Quad-Rage-24V-Extreme-from-6-years-to-50kg-Brand-Injusa 720w,https:\/\/a.allegroimg.com\/s1024\/115c9b\/b4c4cda04443833e1e35861eef1c\/INJUSA-LARGE-Quad-Rage-24V-Extreme-from-6-years-to-50kg-Brand-Injusa 900w,https:\/\/a.allegroimg.com\/original\/115c9b\/b4c4cda04443833e1e35861eef1c\/INJUSA-LARGE-Quad-Rage-24V-Extreme-from-6-years-to-50kg-Brand-Injusa 900w\" alt=\"INJUSA LARGE Quad Rage 24V Extreme nuo 6 met\u0173 iki 50 kg. Gamintojas Injusa\" width=\"900px\" data-srcset=\"\" \/><\/button><\/div>\n<\/div>\n<\/div>\n<\/div>\n<\/div>\n<div class=\"mpof_ki myre_zn myre_8v_l m389_6m_l\">\n<div class=\"mp4t_16_s mryx_16_s mr3m_1 mli2_1 mh85_56 mh85_0_l\">\n<div class=\"mg9e_8 mj7a_8 mg9e_0_s mvrt_0_s mj7a_0_s mh36_0_s mzmg_6m munh_16_l m3h2_16_l\">\n<div class=\"mp4t_0 mryx_0 munh_56 m3h2_56\">\n<div class=\"mp7g_oh\"><button class=\"mg9e_0 mvrt_0 mj7a_0 mh36_0 mp4t_0 m3h2_0 mryx_0 munh_0 mqen_m6 mpof_z0 mx7m_0 m7er_k4 mse2_k4 msts_pt\" data-analytics-interaction=\"true\" data-analytics-interaction-label=\"zoomable-image-open\" aria-disabled=\"true\"><img decoding=\"async\" class=\"msub_k4 mupj_5k mjru_k4 mse2_k4 mp7g_f6 mq1m_0 mj7u_0 m7er_k4 mqen_m6 m31c_d8 m0ux_fp lazyloaded\" src=\"https:\/\/a.allegroimg.com\/original\/1151ee\/39083e70448c8e729f8d0836a840\/INJUSA-LARGE-Quad-Rage-24V-Extreme-from-6-years-to-50kg-Vehicle-length-118-cm\" sizes=\"(min-width: 1200px) 560px, (min-width: 992px) 50vw, 100vw\" srcset=\"https:\/\/a.allegroimg.com\/s360\/1151ee\/39083e70448c8e729f8d0836a840\/INJUSA-LARGE-Quad-Rage-24V-Extreme-from-6-years-to-50kg-Vehicle-length-118-cm 360w,https:\/\/a.allegroimg.com\/s720\/1151ee\/39083e70448c8e729f8d0836a840\/INJUSA-LARGE-Quad-Rage-24V-Extreme-from-6-years-to-50kg-Vehicle-length-118-cm 720w,https:\/\/a.allegroimg.com\/s1024\/1151ee\/39083e70448c8e729f8d0836a840\/INJUSA-LARGE-Quad-Rage-24V-Extreme-from-6-years-to-50kg-Vehicle-length-118-cm 1024w,https:\/\/a.allegroimg.com\/s1440\/1151ee\/39083e70448c8e729f8d0836a840\/INJUSA-LARGE-Quad-Rage-24V-Extreme-from-6-years-to-50kg-Vehicle-length-118-cm 1172w,https:\/\/a.allegroimg.com\/original\/1151ee\/39083e70448c8e729f8d0836a840\/INJUSA-LARGE-Quad-Rage-24V-Extreme-from-6-years-to-50kg-Vehicle-length-118-cm 1172w\" alt=\"INJUSA LARGE Quad Rage 24V Extreme nuo 6 met\u0173 iki 50 kg. Transporto priemon\u0117s ilgis 118 cm.\" width=\"1172px\" data-srcset=\"\" \/><\/button><\/div>\n<\/div>\n<\/div>\n<\/div>\n<div class=\"mp4t_16_s mryx_16_s mr3m_1 mli2_1 mh85_56 mh85_0_l\">\n<div class=\"mg9e_8 mj7a_8 mg9e_0_s mvrt_0_s mj7a_0_s mh36_0_s mzmg_6m munh_16_l m3h2_16_l\">\n<div class=\"mp4t_0 mryx_0 munh_56 m3h2_56\">\n<div class=\"mp7g_oh\"><button class=\"mg9e_0 mvrt_0 mj7a_0 mh36_0 mp4t_0 m3h2_0 mryx_0 munh_0 mqen_m6 mpof_z0 mx7m_0 m7er_k4 mse2_k4 msts_pt\" data-analytics-interaction=\"true\" data-analytics-interaction-label=\"zoomable-image-open\" aria-disabled=\"true\"><img decoding=\"async\" class=\"msub_k4 mupj_5k mjru_k4 mse2_k4 mp7g_f6 mq1m_0 mj7u_0 m7er_k4 mqen_m6 m31c_d8 m0ux_fp lazyloaded\" src=\"https:\/\/a.allegroimg.com\/original\/112f8b\/4fc4ee1c4aa587e507d6e61b191f\/INJUSA-LARGE-Quad-Rage-24V-Extreme-from-6-years-to-50kg-Kid-s-age-6-years\" sizes=\"(min-width: 1200px) 560px, (min-width: 992px) 50vw, 100vw\" srcset=\"https:\/\/a.allegroimg.com\/s360\/112f8b\/4fc4ee1c4aa587e507d6e61b191f\/INJUSA-LARGE-Quad-Rage-24V-Extreme-from-6-years-to-50kg-Kid-s-age-6-years 360w,https:\/\/a.allegroimg.com\/s720\/112f8b\/4fc4ee1c4aa587e507d6e61b191f\/INJUSA-LARGE-Quad-Rage-24V-Extreme-from-6-years-to-50kg-Kid-s-age-6-years 720w,https:\/\/a.allegroimg.com\/s1024\/112f8b\/4fc4ee1c4aa587e507d6e61b191f\/INJUSA-LARGE-Quad-Rage-24V-Extreme-from-6-years-to-50kg-Kid-s-age-6-years 1024w,https:\/\/a.allegroimg.com\/s1440\/112f8b\/4fc4ee1c4aa587e507d6e61b191f\/INJUSA-LARGE-Quad-Rage-24V-Extreme-from-6-years-to-50kg-Kid-s-age-6-years 1440w,https:\/\/a.allegroimg.com\/original\/112f8b\/4fc4ee1c4aa587e507d6e61b191f\/INJUSA-LARGE-Quad-Rage-24V-Extreme-from-6-years-to-50kg-Kid-s-age-6-years 1800w\" alt=\"INJUSA LARGE Quad Rage 24V Extreme nuo 6 met\u0173 iki 50 kg. Vaikams nuo 6 met\u0173.\" width=\"1800px\" data-srcset=\"\" \/><\/button><\/div>\n<\/div>\n<\/div>\n<\/div>\n<\/div>","protected":false},"excerpt":{"rendered":"<p>Ispanijos bendrov\u0117s\u00a0\u201eINJUSA\u201c\u00a0, gaminan\u010dios elektrines transporto priemones, elektrinis\u00a0keturratis \u201eRage\u201c\u00a0\u2013 idealus pasirinkimas adrenalino m\u0117g\u0117jams vaikams\u00a0nuo 6 met\u0173 am\u017eiaus\u00a0. D\u0117l\u00a0pla\u010di\u0173 rat\u0173\u00a0transporto priemon\u0117 yra<\/p>","protected":false},"featured_media":75786,"template":"","meta":{"_acf_changed":false,"_glsr_average":0,"_glsr_ranking":0,"_glsr_reviews":0},"product_brand":[],"product_cat":[310,237,434],"product_tag":[],"class_list":{"0":"post-75785","1":"product","2":"type-product","3":"status-publish","4":"has-post-thumbnail","6":"product_cat-akumuliatorines-transporto-priemones","7":"product_cat-judejimo-priemones","8":"product_cat-keturraciai","9":"\"style=\"background-color: #2ecc711c;\"","11":"first","12":"instock","13":"shipping-taxable","14":"purchasable","15":"product-type-simple"},"acf":[],"yoast_head":"<!-- This site is optimized with the Yoast SEO plugin v27.3 - https:\/\/yoast.com\/product\/yoast-seo-wordpress\/ -->\n<title>Keturratis vaikams INJUSA LARGE Quad Rage 24V Extreme - KidsPlay<\/title>\n<meta name=\"description\" content=\"Keturratis vaikams INJUSA LARGE Quad Rage 24V Extreme - KidsPlay. Did\u017eiausias vaik\u0173 \u017eaisl\u0173 pasirinkimas.\" \/>\n<meta name=\"robots\" content=\"index, follow, max-snippet:-1, max-image-preview:large, max-video-preview:-1\" \/>\n<link rel=\"canonical\" href=\"https:\/\/kidsplay.lt\/lv\/product\/keturratis-vaikams-injusa-large-quad-rage-24v-extreme\/\" \/>\n<meta property=\"og:locale\" content=\"lv_LV\" \/>\n<meta property=\"og:type\" content=\"article\" \/>\n<meta property=\"og:title\" content=\"Keturratis vaikams INJUSA LARGE Quad Rage 24V Extreme - KidsPlay\" \/>\n<meta property=\"og:description\" content=\"Keturratis vaikams INJUSA LARGE Quad Rage 24V Extreme - KidsPlay. Did\u017eiausias vaik\u0173 \u017eaisl\u0173 pasirinkimas.\" \/>\n<meta property=\"og:url\" content=\"https:\/\/kidsplay.lt\/lv\/product\/keturratis-vaikams-injusa-large-quad-rage-24v-extreme\/\" \/>\n<meta property=\"og:site_name\" content=\"KidsPlay\" \/>\n<meta property=\"article:publisher\" content=\"https:\/\/www.facebook.com\/www.kidsplay.lt\" \/>\n<meta property=\"og:image\" content=\"https:\/\/kidsplay.lt\/wp-content\/uploads\/2025\/10\/Screenshot_867.png\" \/>\n\t<meta property=\"og:image:width\" content=\"514\" \/>\n\t<meta property=\"og:image:height\" content=\"450\" \/>\n\t<meta property=\"og:image:type\" content=\"image\/png\" \/>\n<meta name=\"twitter:card\" content=\"summary_large_image\" \/>\n<meta name=\"twitter:label1\" content=\"Est. reading time\" \/>\n\t<meta name=\"twitter:data1\" content=\"2 min\u016btes\" \/>\n<script type=\"application\/ld+json\" class=\"yoast-schema-graph\">{\"@context\":\"https:\\\/\\\/schema.org\",\"@graph\":[{\"@type\":\"WebPage\",\"@id\":\"https:\\\/\\\/kidsplay.lt\\\/produktas\\\/keturratis-vaikams-injusa-large-quad-rage-24v-extreme\\\/\",\"url\":\"https:\\\/\\\/kidsplay.lt\\\/produktas\\\/keturratis-vaikams-injusa-large-quad-rage-24v-extreme\\\/\",\"name\":\"Keturratis vaikams INJUSA LARGE Quad Rage 24V Extreme - KidsPlay\",\"isPartOf\":{\"@id\":\"https:\\\/\\\/kidsplay.lt\\\/#website\"},\"primaryImageOfPage\":{\"@id\":\"https:\\\/\\\/kidsplay.lt\\\/produktas\\\/keturratis-vaikams-injusa-large-quad-rage-24v-extreme\\\/#primaryimage\"},\"image\":{\"@id\":\"https:\\\/\\\/kidsplay.lt\\\/produktas\\\/keturratis-vaikams-injusa-large-quad-rage-24v-extreme\\\/#primaryimage\"},\"thumbnailUrl\":\"https:\\\/\\\/kidsplay.lt\\\/wp-content\\\/uploads\\\/2025\\\/10\\\/Screenshot_867.png\",\"datePublished\":\"2025-10-10T06:03:46+00:00\",\"description\":\"Keturratis vaikams INJUSA LARGE Quad Rage 24V Extreme - KidsPlay. Did\u017eiausias vaik\u0173 \u017eaisl\u0173 pasirinkimas.\",\"breadcrumb\":{\"@id\":\"https:\\\/\\\/kidsplay.lt\\\/produktas\\\/keturratis-vaikams-injusa-large-quad-rage-24v-extreme\\\/#breadcrumb\"},\"inLanguage\":\"lv-LV\",\"potentialAction\":[{\"@type\":\"ReadAction\",\"target\":[\"https:\\\/\\\/kidsplay.lt\\\/produktas\\\/keturratis-vaikams-injusa-large-quad-rage-24v-extreme\\\/\"]}]},{\"@type\":\"ImageObject\",\"inLanguage\":\"lv-LV\",\"@id\":\"https:\\\/\\\/kidsplay.lt\\\/produktas\\\/keturratis-vaikams-injusa-large-quad-rage-24v-extreme\\\/#primaryimage\",\"url\":\"https:\\\/\\\/kidsplay.lt\\\/wp-content\\\/uploads\\\/2025\\\/10\\\/Screenshot_867.png\",\"contentUrl\":\"https:\\\/\\\/kidsplay.lt\\\/wp-content\\\/uploads\\\/2025\\\/10\\\/Screenshot_867.png\",\"width\":514,\"height\":450},{\"@type\":\"BreadcrumbList\",\"@id\":\"https:\\\/\\\/kidsplay.lt\\\/produktas\\\/keturratis-vaikams-injusa-large-quad-rage-24v-extreme\\\/#breadcrumb\",\"itemListElement\":[{\"@type\":\"ListItem\",\"position\":1,\"name\":\"Pagrindinis\",\"item\":\"https:\\\/\\\/kidsplay.lt\\\/\"},{\"@type\":\"ListItem\",\"position\":2,\"name\":\"Parduotuv\u0117\",\"item\":\"https:\\\/\\\/kidsplay.lt\\\/parduotuve\\\/\"},{\"@type\":\"ListItem\",\"position\":3,\"name\":\"Keturratis vaikams INJUSA LARGE Quad Rage 24V Extreme\"}]},{\"@type\":\"WebSite\",\"@id\":\"https:\\\/\\\/kidsplay.lt\\\/#website\",\"url\":\"https:\\\/\\\/kidsplay.lt\\\/\",\"name\":\"Kidsplay.lt\",\"description\":\"\u012evairios prek\u0117s vaikams\",\"publisher\":{\"@id\":\"https:\\\/\\\/kidsplay.lt\\\/#organization\"},\"alternateName\":\"Kidsplay\",\"potentialAction\":[{\"@type\":\"SearchAction\",\"target\":{\"@type\":\"EntryPoint\",\"urlTemplate\":\"https:\\\/\\\/kidsplay.lt\\\/?s={search_term_string}\"},\"query-input\":{\"@type\":\"PropertyValueSpecification\",\"valueRequired\":true,\"valueName\":\"search_term_string\"}}],\"inLanguage\":\"lv-LV\"},{\"@type\":\"Organization\",\"@id\":\"https:\\\/\\\/kidsplay.lt\\\/#organization\",\"name\":\"KidsPlay\",\"url\":\"https:\\\/\\\/kidsplay.lt\\\/\",\"logo\":{\"@type\":\"ImageObject\",\"inLanguage\":\"lv-LV\",\"@id\":\"https:\\\/\\\/kidsplay.lt\\\/#\\\/schema\\\/logo\\\/image\\\/\",\"url\":\"https:\\\/\\\/kidsplay.lt\\\/wp-content\\\/uploads\\\/2023\\\/07\\\/kidsplay-logo.png\",\"contentUrl\":\"https:\\\/\\\/kidsplay.lt\\\/wp-content\\\/uploads\\\/2023\\\/07\\\/kidsplay-logo.png\",\"width\":451,\"height\":98,\"caption\":\"KidsPlay\"},\"image\":{\"@id\":\"https:\\\/\\\/kidsplay.lt\\\/#\\\/schema\\\/logo\\\/image\\\/\"},\"sameAs\":[\"https:\\\/\\\/www.facebook.com\\\/www.kidsplay.lt\"]}]}<\/script>\n<!-- \/ Yoast SEO plugin. -->","yoast_head_json":{"title":"Keturratis vaikams INJUSA LARGE Quad Rage 24V Extreme - KidsPlay","description":"Keturratis vaikams INJUSA LARGE Quad Rage 24V Extreme - KidsPlay. Did\u017eiausias vaik\u0173 \u017eaisl\u0173 pasirinkimas.","robots":{"index":"index","follow":"follow","max-snippet":"max-snippet:-1","max-image-preview":"max-image-preview:large","max-video-preview":"max-video-preview:-1"},"canonical":"https:\/\/kidsplay.lt\/lv\/product\/keturratis-vaikams-injusa-large-quad-rage-24v-extreme\/","og_locale":"lv_LV","og_type":"article","og_title":"Keturratis vaikams INJUSA LARGE Quad Rage 24V Extreme - KidsPlay","og_description":"Keturratis vaikams INJUSA LARGE Quad Rage 24V Extreme - KidsPlay. Did\u017eiausias vaik\u0173 \u017eaisl\u0173 pasirinkimas.","og_url":"https:\/\/kidsplay.lt\/lv\/product\/keturratis-vaikams-injusa-large-quad-rage-24v-extreme\/","og_site_name":"KidsPlay","article_publisher":"https:\/\/www.facebook.com\/www.kidsplay.lt","og_image":[{"width":514,"height":450,"url":"https:\/\/kidsplay.lt\/wp-content\/uploads\/2025\/10\/Screenshot_867.png","type":"image\/png"}],"twitter_card":"summary_large_image","twitter_misc":{"Est. reading time":"2 min\u016btes"},"schema":{"@context":"https:\/\/schema.org","@graph":[{"@type":"WebPage","@id":"https:\/\/kidsplay.lt\/produktas\/keturratis-vaikams-injusa-large-quad-rage-24v-extreme\/","url":"https:\/\/kidsplay.lt\/produktas\/keturratis-vaikams-injusa-large-quad-rage-24v-extreme\/","name":"Keturratis vaikams INJUSA LARGE Quad Rage 24V Extreme - KidsPlay","isPartOf":{"@id":"https:\/\/kidsplay.lt\/#website"},"primaryImageOfPage":{"@id":"https:\/\/kidsplay.lt\/produktas\/keturratis-vaikams-injusa-large-quad-rage-24v-extreme\/#primaryimage"},"image":{"@id":"https:\/\/kidsplay.lt\/produktas\/keturratis-vaikams-injusa-large-quad-rage-24v-extreme\/#primaryimage"},"thumbnailUrl":"https:\/\/kidsplay.lt\/wp-content\/uploads\/2025\/10\/Screenshot_867.png","datePublished":"2025-10-10T06:03:46+00:00","description":"Keturratis vaikams INJUSA LARGE Quad Rage 24V Extreme - KidsPlay. Did\u017eiausias vaik\u0173 \u017eaisl\u0173 pasirinkimas.","breadcrumb":{"@id":"https:\/\/kidsplay.lt\/produktas\/keturratis-vaikams-injusa-large-quad-rage-24v-extreme\/#breadcrumb"},"inLanguage":"lv-LV","potentialAction":[{"@type":"ReadAction","target":["https:\/\/kidsplay.lt\/produktas\/keturratis-vaikams-injusa-large-quad-rage-24v-extreme\/"]}]},{"@type":"ImageObject","inLanguage":"lv-LV","@id":"https:\/\/kidsplay.lt\/produktas\/keturratis-vaikams-injusa-large-quad-rage-24v-extreme\/#primaryimage","url":"https:\/\/kidsplay.lt\/wp-content\/uploads\/2025\/10\/Screenshot_867.png","contentUrl":"https:\/\/kidsplay.lt\/wp-content\/uploads\/2025\/10\/Screenshot_867.png","width":514,"height":450},{"@type":"BreadcrumbList","@id":"https:\/\/kidsplay.lt\/produktas\/keturratis-vaikams-injusa-large-quad-rage-24v-extreme\/#breadcrumb","itemListElement":[{"@type":"ListItem","position":1,"name":"Pagrindinis","item":"https:\/\/kidsplay.lt\/"},{"@type":"ListItem","position":2,"name":"Parduotuv\u0117","item":"https:\/\/kidsplay.lt\/parduotuve\/"},{"@type":"ListItem","position":3,"name":"Keturratis vaikams INJUSA LARGE Quad Rage 24V Extreme"}]},{"@type":"WebSite","@id":"https:\/\/kidsplay.lt\/#website","url":"https:\/\/kidsplay.lt\/","name":"B\u0113rnu sp\u0113les.lv","description":"\u012evairios prek\u0117s vaikams","publisher":{"@id":"https:\/\/kidsplay.lt\/#organization"},"alternateName":"Kidsplay","potentialAction":[{"@type":"SearchAction","target":{"@type":"EntryPoint","urlTemplate":"https:\/\/kidsplay.lt\/?s={search_term_string}"},"query-input":{"@type":"PropertyValueSpecification","valueRequired":true,"valueName":"search_term_string"}}],"inLanguage":"lv-LV"},{"@type":"Organization","@id":"https:\/\/kidsplay.lt\/#organization","name":"B\u0113rnu sp\u0113le","url":"https:\/\/kidsplay.lt\/","logo":{"@type":"ImageObject","inLanguage":"lv-LV","@id":"https:\/\/kidsplay.lt\/#\/schema\/logo\/image\/","url":"https:\/\/kidsplay.lt\/wp-content\/uploads\/2023\/07\/kidsplay-logo.png","contentUrl":"https:\/\/kidsplay.lt\/wp-content\/uploads\/2023\/07\/kidsplay-logo.png","width":451,"height":98,"caption":"KidsPlay"},"image":{"@id":"https:\/\/kidsplay.lt\/#\/schema\/logo\/image\/"},"sameAs":["https:\/\/www.facebook.com\/www.kidsplay.lt"]}]}},"_links":{"self":[{"href":"https:\/\/kidsplay.lt\/lv\/wp-json\/wp\/v2\/product\/75785","targetHints":{"allow":["GET"]}}],"collection":[{"href":"https:\/\/kidsplay.lt\/lv\/wp-json\/wp\/v2\/product"}],"about":[{"href":"https:\/\/kidsplay.lt\/lv\/wp-json\/wp\/v2\/types\/product"}],"version-history":[{"count":1,"href":"https:\/\/kidsplay.lt\/lv\/wp-json\/wp\/v2\/product\/75785\/revisions"}],"predecessor-version":[{"id":75791,"href":"https:\/\/kidsplay.lt\/lv\/wp-json\/wp\/v2\/product\/75785\/revisions\/75791"}],"wp:featuredmedia":[{"embeddable":true,"href":"https:\/\/kidsplay.lt\/lv\/wp-json\/wp\/v2\/media\/75786"}],"wp:attachment":[{"href":"https:\/\/kidsplay.lt\/lv\/wp-json\/wp\/v2\/media?parent=75785"}],"wp:term":[{"taxonomy":"product_brand","embeddable":true,"href":"https:\/\/kidsplay.lt\/lv\/wp-json\/wp\/v2\/product_brand?post=75785"},{"taxonomy":"product_cat","embeddable":true,"href":"https:\/\/kidsplay.lt\/lv\/wp-json\/wp\/v2\/product_cat?post=75785"},{"taxonomy":"product_tag","embeddable":true,"href":"https:\/\/kidsplay.lt\/lv\/wp-json\/wp\/v2\/product_tag?post=75785"}],"curies":[{"name":"wp","href":"https:\/\/api.w.org\/{rel}","templated":true}]}}