{"id":75818,"date":"2025-10-10T12:16:59","date_gmt":"2025-10-10T09:16:59","guid":{"rendered":"https:\/\/kidsplay.lt\/?post_type=product&#038;p=75818"},"modified":"2026-02-25T16:10:13","modified_gmt":"2026-02-25T14:10:13","slug":"kilimelis-kudikiams-4in1-kamuoliuku-baseinas","status":"publish","type":"product","link":"https:\/\/kidsplay.lt\/lv\/products\/kilimelis-kudikiams-4in1-kamuoliuku-baseinas\/","title":{"rendered":"Kilim\u0117lis k\u016bdikiams 4in1, kamuoliuk\u0173 baseinas"},"content":{"rendered":"<div class=\"mpof_ki myre_zn myre_8v_l m389_6m_l\">\n<div class=\"mp4t_16_s mryx_16_s mr3m_1 mli2_1 mh85_56 mh85_0_l\">\n<div class=\"mgn2_16 _0d3bd_am0a-\">\n<h1><span dir=\"auto\">\u2b50 K\u016aDIKI\u0172 MOKOMASIS KILIM\u0116LIS INTERAKTYV\u016aS 4IN1 DRAMBLI\u0172 RUMULIAIS PLIU\u0160INIAI \u017dAISLAI<\/span><\/h1>\n<\/div>\n<\/div>\n<\/div>\n<div class=\"mpof_ki myre_zn myre_8v_l m389_6m_l\">\n<div class=\"mp4t_16_s mryx_16_s mr3m_1 mli2_1 mh85_56 mh85_0_l\">\n<div class=\"mgn2_16 _0d3bd_am0a-\">\n<p><b><span dir=\"auto\">4in1 edukacinis kilim\u0117lis vaikams Dramblys \u2013 universalus malonumas ir patogumas\u00a0<\/span><\/b><b><span dir=\"auto\">!<\/span><\/b><\/p>\n<h2><span dir=\"auto\">\u2611 \u2764 Atraskite 4in1 edukacinio kilim\u0117lio vaikams universalum\u0105 ir linksmybes, kuris derina funkcionalum\u0105 ir k\u016brybines galimybes! Puikiai tinka j\u016bs\u0173 k\u016bdikio vystymuisi, jis si\u016blo daugyb\u0119 \u017eaidim\u0173 ir mokymosi galimybi\u0173.<\/span><\/h2>\n<\/div>\n<\/div>\n<\/div>\n<div class=\"mpof_ki myre_zn myre_8v_l m389_6m_l\">\n<div class=\"mp4t_16_s mryx_16_s mr3m_1 mli2_1 mh85_56 mh85_0_l\">\n<div class=\"mg9e_8 mj7a_8 mg9e_0_s mvrt_0_s mj7a_0_s mh36_0_s mzmg_6m munh_16_l m3h2_16_l\">\n<div class=\"mp4t_0 mryx_0 munh_56 m3h2_56\">\n<div class=\"mp7g_oh\"><button class=\"mg9e_0 mvrt_0 mj7a_0 mh36_0 mp4t_0 m3h2_0 mryx_0 munh_0 mqen_m6 mpof_z0 mx7m_0 m7er_k4 mse2_k4 msts_pt\" data-analytics-interaction=\"true\" data-analytics-interaction-label=\"zoomable-image-open\" aria-disabled=\"true\"><img decoding=\"async\" class=\"msub_k4 mupj_5k mjru_k4 mse2_k4 mp7g_f6 mq1m_0 mj7u_0 m7er_k4 mqen_m6 m31c_d8 m0ux_fp lazyloaded\" src=\"https:\/\/a.allegroimg.com\/original\/11aff0\/85ef5b2042cc9c0d262d2dc50fed\/EDUCATIONAL-MAT-FOR-BABIES-INTERACTIVE-4in1-ELEPHANT-BALLS-PLUSH-TOYS-Brand-NiceKids\" sizes=\"100vw\" srcset=\"https:\/\/a.allegroimg.com\/s360\/11aff0\/85ef5b2042cc9c0d262d2dc50fed\/EDUCATIONAL-MAT-FOR-BABIES-INTERACTIVE-4in1-ELEPHANT-BALLS-PLUSH-TOYS-Brand-NiceKids 360w,https:\/\/a.allegroimg.com\/s720\/11aff0\/85ef5b2042cc9c0d262d2dc50fed\/EDUCATIONAL-MAT-FOR-BABIES-INTERACTIVE-4in1-ELEPHANT-BALLS-PLUSH-TOYS-Brand-NiceKids 720w,https:\/\/a.allegroimg.com\/s1024\/11aff0\/85ef5b2042cc9c0d262d2dc50fed\/EDUCATIONAL-MAT-FOR-BABIES-INTERACTIVE-4in1-ELEPHANT-BALLS-PLUSH-TOYS-Brand-NiceKids 1000w,https:\/\/a.allegroimg.com\/original\/11aff0\/85ef5b2042cc9c0d262d2dc50fed\/EDUCATIONAL-MAT-FOR-BABIES-INTERACTIVE-4in1-ELEPHANT-BALLS-PLUSH-TOYS-Brand-NiceKids 1000w\" alt=\"EDUCATIONAL MAT FOR BABIES INTERACTIVE 4in1 ELEPHANT BALLS PLUSH TOYS Brand NiceKids\" width=\"1000px\" data-srcset=\"\" \/><\/button><\/div>\n<\/div>\n<\/div>\n<\/div>\n<\/div>\n<div class=\"mpof_ki myre_zn myre_8v_l m389_6m_l\">\n<div class=\"mp4t_16_s mryx_16_s mr3m_1 mli2_1 mh85_56 mh85_0_l\">\n<div class=\"mg9e_8 mj7a_8 mg9e_0_s mvrt_0_s mj7a_0_s mh36_0_s mzmg_6m munh_16_l m3h2_16_l\">\n<div class=\"mp4t_0 mryx_0 munh_56 m3h2_56\">\n<div class=\"mp7g_oh\"><button class=\"mg9e_0 mvrt_0 mj7a_0 mh36_0 mp4t_0 m3h2_0 mryx_0 munh_0 mqen_m6 mpof_z0 mx7m_0 m7er_k4 mse2_k4 msts_pt\" data-analytics-interaction=\"true\" data-analytics-interaction-label=\"zoomable-image-open\" aria-disabled=\"true\"><img decoding=\"async\" class=\"msub_k4 mupj_5k mjru_k4 mse2_k4 mp7g_f6 mq1m_0 mj7u_0 m7er_k4 mqen_m6 m31c_d8 m0ux_fp lazyloaded\" src=\"https:\/\/a.allegroimg.com\/original\/11dc02\/cd839b464205a6a99ec0fb166e06\/EDUCATIONAL-MAT-FOR-BABIES-INTERACTIVE-4in1-ELEPHANT-BALLS-PLUSH-TOYS-Kid-s-age-0\" sizes=\"100vw\" srcset=\"https:\/\/a.allegroimg.com\/s360\/11dc02\/cd839b464205a6a99ec0fb166e06\/EDUCATIONAL-MAT-FOR-BABIES-INTERACTIVE-4in1-ELEPHANT-BALLS-PLUSH-TOYS-Kid-s-age-0 360w,https:\/\/a.allegroimg.com\/s720\/11dc02\/cd839b464205a6a99ec0fb166e06\/EDUCATIONAL-MAT-FOR-BABIES-INTERACTIVE-4in1-ELEPHANT-BALLS-PLUSH-TOYS-Kid-s-age-0 720w,https:\/\/a.allegroimg.com\/s1024\/11dc02\/cd839b464205a6a99ec0fb166e06\/EDUCATIONAL-MAT-FOR-BABIES-INTERACTIVE-4in1-ELEPHANT-BALLS-PLUSH-TOYS-Kid-s-age-0 1000w,https:\/\/a.allegroimg.com\/original\/11dc02\/cd839b464205a6a99ec0fb166e06\/EDUCATIONAL-MAT-FOR-BABIES-INTERACTIVE-4in1-ELEPHANT-BALLS-PLUSH-TOYS-Kid-s-age-0 1000w\" alt=\"EDUCATIONAL MAT FOR BABIES INTERACTIVE 4in1 ELEPHANT BALLS PLUSH TOYS Kid's age 0+\" width=\"1000px\" data-srcset=\"\" \/><\/button><\/div>\n<\/div>\n<\/div>\n<\/div>\n<\/div>\n<div class=\"mpof_ki myre_zn myre_8v_l m389_6m_l\">\n<div class=\"mp4t_16_s mryx_16_s mr3m_1 mli2_1 mh85_56 mh85_0_l\">\n<div class=\"mgn2_16 _0d3bd_am0a-\">\n<p><b><span dir=\"auto\">\u2611 \u2764\u00a0<\/span><\/b><b><span dir=\"auto\">Produkto savyb\u0117s:<\/span><\/b><\/p>\n<h2><span dir=\"auto\">\u2b50 4 skirtingi kilim\u0117li\u0173 i\u0161d\u0117stymo deriniai<\/span><\/h2>\n<p><span dir=\"auto\">Kilim\u0117l\u012f galite pritaikyti pagal savo vaiko poreikius! Skirtingi i\u0161skleidimo variantai suteikia patogi\u0105 erdv\u0119 gul\u0117ti, s\u0117d\u0117ti ar \u017eaisti ma\u017eame basein\u0117lyje su kamuoliukais.<\/span><\/p>\n<h2><span dir=\"auto\">\u2b50 5 kabantys pliu\u0161iniai \u017eaislai<\/span><\/h2>\n<p><span dir=\"auto\">Mink\u0161ti, spalvingi \u017eaislai lengvai pritvirtinami prie kilim\u0117lio vir\u0161aus, stimuliuojant k\u016bdikio regos ir lyt\u0117jimo poj\u016b\u010dius. Kabantys \u017eaislai skatina vaik\u0105 siekti daikt\u0173, o tai padeda lavinti motorinius \u012fg\u016bd\u017eius.<\/span><\/p>\n<h2><span dir=\"auto\">\u2b50 Spalvot\u0173 kamuoliuk\u0173 rinkinys<\/span><\/h2>\n<p><span dir=\"auto\">Kilim\u0117lis gali paversti ma\u017eu baseino \u017eaisliuku vaikams! Su prid\u0117tais kamuoliukais galite suteikti savo ma\u017eyliui papildom\u0105 atrakcij\u0105, kuri prad\u017eiugins kiekvien\u0105 akimirk\u0105, praleist\u0105 ant kilim\u0117lio.<\/span><\/p>\n<h2><span dir=\"auto\">\u2b50 Lengva valyti<\/span><\/h2>\n<p><span dir=\"auto\">Pagamintas i\u0161 lengvai pri\u017ei\u016brim\u0173 med\u017eiag\u0173, kilim\u0117lis leid\u017eia greitai ir be vargo pa\u0161alinti ne\u0161varumus.<\/span><\/p>\n<h2><span dir=\"auto\">\u2b50 Mink\u0161tas dugnas maksimaliam komfortui<\/span><\/h2>\n<p><span dir=\"auto\">Subtilus ir malonus liesti dugnas suteikia visi\u0161k\u0105 komfort\u0105 \u017eaid\u017eiant ant grind\u0173. Idealiai tinka naudoti tiek ant kilimo, tiek ant kietesni\u0173 pavir\u0161i\u0173.<\/span><\/p>\n<\/div>\n<\/div>\n<\/div>\n<div class=\"mpof_ki myre_zn myre_8v_l m389_6m_l\">\n<div class=\"mp4t_16_s mryx_16_s mr3m_1 mli2_1 mh85_56 mh85_0_l\">\n<div class=\"mg9e_8 mj7a_8 mg9e_0_s mvrt_0_s mj7a_0_s mh36_0_s mzmg_6m munh_16_l m3h2_16_l\">\n<div class=\"mp4t_0 mryx_0 munh_56 m3h2_56\">\n<div class=\"mp7g_oh\"><button class=\"mg9e_0 mvrt_0 mj7a_0 mh36_0 mp4t_0 m3h2_0 mryx_0 munh_0 mqen_m6 mpof_z0 mx7m_0 m7er_k4 mse2_k4 msts_pt\" data-analytics-interaction=\"true\" data-analytics-interaction-label=\"zoomable-image-open\" aria-disabled=\"true\"><img decoding=\"async\" class=\"msub_k4 mupj_5k mjru_k4 mse2_k4 mp7g_f6 mq1m_0 mj7u_0 m7er_k4 mqen_m6 m31c_d8 m0ux_fp lazyloaded\" src=\"https:\/\/a.allegroimg.com\/original\/11bf84\/253699bb46db9564a29bdf450aa6\/EDUCATIONAL-MAT-FOR-BABIES-INTERACTIVE-4in1-ELEPHANT-BALLS-PLUSH-TOYS-Packaging-status-original\" sizes=\"100vw\" srcset=\"https:\/\/a.allegroimg.com\/s360\/11bf84\/253699bb46db9564a29bdf450aa6\/EDUCATIONAL-MAT-FOR-BABIES-INTERACTIVE-4in1-ELEPHANT-BALLS-PLUSH-TOYS-Packaging-status-original 360w,https:\/\/a.allegroimg.com\/s720\/11bf84\/253699bb46db9564a29bdf450aa6\/EDUCATIONAL-MAT-FOR-BABIES-INTERACTIVE-4in1-ELEPHANT-BALLS-PLUSH-TOYS-Packaging-status-original 720w,https:\/\/a.allegroimg.com\/s1024\/11bf84\/253699bb46db9564a29bdf450aa6\/EDUCATIONAL-MAT-FOR-BABIES-INTERACTIVE-4in1-ELEPHANT-BALLS-PLUSH-TOYS-Packaging-status-original 1000w,https:\/\/a.allegroimg.com\/original\/11bf84\/253699bb46db9564a29bdf450aa6\/EDUCATIONAL-MAT-FOR-BABIES-INTERACTIVE-4in1-ELEPHANT-BALLS-PLUSH-TOYS-Packaging-status-original 1000w\" alt=\"EDUCATIONAL MAT FOR BABIES INTERACTIVE 4in1 ELEPHANT BALLS PLUSH TOYS Packaging status original\" width=\"1000px\" data-srcset=\"\" \/><\/button><\/div>\n<\/div>\n<\/div>\n<\/div>\n<\/div>\n<div class=\"mpof_ki myre_zn myre_8v_l m389_6m_l\">\n<div class=\"mp4t_16_s mryx_16_s mr3m_1 mli2_1 mh85_56 mh85_0_l\">\n<div class=\"mg9e_8 mj7a_8 mg9e_0_s mvrt_0_s mj7a_0_s mh36_0_s mzmg_6m munh_16_l m3h2_16_l\">\n<div class=\"mp4t_0 mryx_0 munh_56 m3h2_56\">\n<div class=\"mp7g_oh\"><button class=\"mg9e_0 mvrt_0 mj7a_0 mh36_0 mp4t_0 m3h2_0 mryx_0 munh_0 mqen_m6 mpof_z0 mx7m_0 m7er_k4 mse2_k4 msts_pt\" data-analytics-interaction=\"true\" data-analytics-interaction-label=\"zoomable-image-open\" aria-disabled=\"true\"><img decoding=\"async\" class=\"msub_k4 mupj_5k mjru_k4 mse2_k4 mp7g_f6 mq1m_0 mj7u_0 m7er_k4 mqen_m6 m31c_d8 m0ux_fp lazyloaded\" src=\"https:\/\/a.allegroimg.com\/original\/11fb37\/91025a1d40edb4ac016c976cebc5\/EDUCATIONAL-MAT-FOR-BABIES-INTERACTIVE-4in1-ELEPHANT-BALLS-PLUSH-TOYS-Color-gray\" sizes=\"100vw\" srcset=\"https:\/\/a.allegroimg.com\/s360\/11fb37\/91025a1d40edb4ac016c976cebc5\/EDUCATIONAL-MAT-FOR-BABIES-INTERACTIVE-4in1-ELEPHANT-BALLS-PLUSH-TOYS-Color-gray 360w,https:\/\/a.allegroimg.com\/s720\/11fb37\/91025a1d40edb4ac016c976cebc5\/EDUCATIONAL-MAT-FOR-BABIES-INTERACTIVE-4in1-ELEPHANT-BALLS-PLUSH-TOYS-Color-gray 720w,https:\/\/a.allegroimg.com\/s1024\/11fb37\/91025a1d40edb4ac016c976cebc5\/EDUCATIONAL-MAT-FOR-BABIES-INTERACTIVE-4in1-ELEPHANT-BALLS-PLUSH-TOYS-Color-gray 1000w,https:\/\/a.allegroimg.com\/original\/11fb37\/91025a1d40edb4ac016c976cebc5\/EDUCATIONAL-MAT-FOR-BABIES-INTERACTIVE-4in1-ELEPHANT-BALLS-PLUSH-TOYS-Color-gray 1000w\" alt=\"EDUCATIONAL MAT FOR BABIES INTERACTIVE 4in1 ELEPHANT BALLS PLUSH TOYS Color gray\" width=\"1000px\" data-srcset=\"\" \/><\/button><\/div>\n<\/div>\n<\/div>\n<\/div>\n<\/div>\n<div class=\"mpof_ki myre_zn myre_8v_l m389_6m_l\">\n<div class=\"mp4t_16_s mryx_16_s mr3m_1 mli2_1 mh85_56 mh85_0_l\">\n<div class=\"mg9e_8 mj7a_8 mg9e_0_s mvrt_0_s mj7a_0_s mh36_0_s mzmg_6m munh_16_l m3h2_16_l\">\n<div class=\"mp4t_0 mryx_0 munh_56 m3h2_56\">\n<div class=\"mp7g_oh\"><button class=\"mg9e_0 mvrt_0 mj7a_0 mh36_0 mp4t_0 m3h2_0 mryx_0 munh_0 mqen_m6 mpof_z0 mx7m_0 m7er_k4 mse2_k4 msts_pt\" data-analytics-interaction=\"true\" data-analytics-interaction-label=\"zoomable-image-open\" aria-disabled=\"true\"><img decoding=\"async\" class=\"msub_k4 mupj_5k mjru_k4 mse2_k4 mp7g_f6 mq1m_0 mj7u_0 m7er_k4 mqen_m6 m31c_d8 m0ux_fp lazyloaded\" src=\"https:\/\/a.allegroimg.com\/original\/11c81d\/cf13e45b454a9055d9741e925efc\/EDUCATIONAL-MAT-FOR-BABIES-INTERACTIVE-4in1-ELEPHANT-BALLS-PLUSH-TOYS-Batteries-included-no\" sizes=\"100vw\" srcset=\"https:\/\/a.allegroimg.com\/s360\/11c81d\/cf13e45b454a9055d9741e925efc\/EDUCATIONAL-MAT-FOR-BABIES-INTERACTIVE-4in1-ELEPHANT-BALLS-PLUSH-TOYS-Batteries-included-no 360w,https:\/\/a.allegroimg.com\/s720\/11c81d\/cf13e45b454a9055d9741e925efc\/EDUCATIONAL-MAT-FOR-BABIES-INTERACTIVE-4in1-ELEPHANT-BALLS-PLUSH-TOYS-Batteries-included-no 720w,https:\/\/a.allegroimg.com\/s1024\/11c81d\/cf13e45b454a9055d9741e925efc\/EDUCATIONAL-MAT-FOR-BABIES-INTERACTIVE-4in1-ELEPHANT-BALLS-PLUSH-TOYS-Batteries-included-no 1000w,https:\/\/a.allegroimg.com\/original\/11c81d\/cf13e45b454a9055d9741e925efc\/EDUCATIONAL-MAT-FOR-BABIES-INTERACTIVE-4in1-ELEPHANT-BALLS-PLUSH-TOYS-Batteries-included-no 1000w\" alt=\"EDUCATIONAL MAT FOR BABIES INTERACTIVE 4in1 ELEPHANT BALLS PLUSH TOYS Batteries included no\" width=\"1000px\" data-srcset=\"\" \/><\/button><\/div>\n<\/div>\n<\/div>\n<\/div>\n<\/div>\n<div class=\"mpof_ki myre_zn myre_8v_l m389_6m_l\">\n<div class=\"mp4t_16_s mryx_16_s mr3m_1 mli2_1 mh85_56 mh85_0_l\">\n<div class=\"mg9e_8 mj7a_8 mg9e_0_s mvrt_0_s mj7a_0_s mh36_0_s mzmg_6m munh_16_l m3h2_16_l\">\n<div class=\"mp4t_0 mryx_0 munh_56 m3h2_56\">\n<div class=\"mp7g_oh\"><button class=\"mg9e_0 mvrt_0 mj7a_0 mh36_0 mp4t_0 m3h2_0 mryx_0 munh_0 mqen_m6 mpof_z0 mx7m_0 m7er_k4 mse2_k4 msts_pt\" data-analytics-interaction=\"true\" data-analytics-interaction-label=\"zoomable-image-open\" aria-disabled=\"true\"><img decoding=\"async\" class=\"msub_k4 mupj_5k mjru_k4 mse2_k4 mp7g_f6 mq1m_0 mj7u_0 m7er_k4 mqen_m6 m31c_d8 m0ux_fp lazyloaded\" src=\"https:\/\/a.allegroimg.com\/original\/111f77\/c475dbf84a2c8e2d1d1392005d3b\/EDUCATIONAL-MAT-FOR-BABIES-INTERACTIVE-4in1-ELEPHANT-BALLS-PLUSH-TOYS-Material-plastic-fabric\" sizes=\"100vw\" srcset=\"https:\/\/a.allegroimg.com\/s360\/111f77\/c475dbf84a2c8e2d1d1392005d3b\/EDUCATIONAL-MAT-FOR-BABIES-INTERACTIVE-4in1-ELEPHANT-BALLS-PLUSH-TOYS-Material-plastic-fabric 360w,https:\/\/a.allegroimg.com\/s720\/111f77\/c475dbf84a2c8e2d1d1392005d3b\/EDUCATIONAL-MAT-FOR-BABIES-INTERACTIVE-4in1-ELEPHANT-BALLS-PLUSH-TOYS-Material-plastic-fabric 720w,https:\/\/a.allegroimg.com\/s1024\/111f77\/c475dbf84a2c8e2d1d1392005d3b\/EDUCATIONAL-MAT-FOR-BABIES-INTERACTIVE-4in1-ELEPHANT-BALLS-PLUSH-TOYS-Material-plastic-fabric 1000w,https:\/\/a.allegroimg.com\/original\/111f77\/c475dbf84a2c8e2d1d1392005d3b\/EDUCATIONAL-MAT-FOR-BABIES-INTERACTIVE-4in1-ELEPHANT-BALLS-PLUSH-TOYS-Material-plastic-fabric 1000w\" alt=\"EDUCATIONAL MAT FOR BABIES INTERACTIVE 4in1 ELEPHANT BALLS PLUSH TOYS Material plastic fabric\" width=\"1000px\" data-srcset=\"\" \/><\/button><\/div>\n<\/div>\n<\/div>\n<\/div>\n<\/div>\n<div class=\"mpof_ki myre_zn myre_8v_l m389_6m_l\">\n<div class=\"mp4t_16_s mryx_16_s mr3m_1 mli2_1 mh85_56 mh85_0_l\">\n<div class=\"mgn2_16 _0d3bd_am0a-\">\n<p><b><span dir=\"auto\">\u2611 \u2764\u00a0<\/span><\/b><b><span dir=\"auto\">Kod\u0117l verta rinktis m\u016bs\u0173 edukacin\u012f kilim\u0117l\u012f\u00a0<\/span><\/b><b><span dir=\"auto\">\u2753<\/span><\/b><\/p>\n<h2><span dir=\"auto\">\u2795Sensorin\u0117 stimuliacija<\/span><\/h2>\n<h2><span dir=\"auto\">Su pliu\u0161iniais \u017eaislais ir spalvingais elementais kilim\u0117lis lavina j\u016bs\u0173 vaiko poj\u016b\u010dius, lavina rank\u0173 ir aki\u0173 koordinacij\u0105.<\/span><\/h2>\n<h2><span dir=\"auto\">\u2795Saugumas ir patogumas<\/span><\/h2>\n<h2><span dir=\"auto\">Kilim\u0117lis yra mink\u0161tas, tod\u0117l u\u017etikrinamas visi\u0161kas saugumas \u017eaidimo metu, ir tuo pa\u010diu metu j\u012f lengva valyti.<\/span><\/h2>\n<h2><span dir=\"auto\">\u2795Daug funkcij\u0173<\/span><\/h2>\n<h2><span dir=\"auto\">Keisdami kilim\u0117li\u0173 derinius, t\u0117vai gali pritaikyti juos prie vaiko am\u017eiaus ir poreiki\u0173, tod\u0117l kilim\u0117lis auga kartu su ma\u017eyliu!<\/span><\/h2>\n<h2><span dir=\"auto\">\u2795Pramogos ilgiau<\/span><\/h2>\n<h2><span dir=\"auto\">Spalvingi kamuoliukai ir galimyb\u0117 kilim\u0117lyje sukurti mini basein\u0105 yra papildoma atrakcija, suteikianti valand\u0173 valandas d\u017eiaugsmingo linksmumo.<\/span><\/h2>\n<p><b><span dir=\"auto\">\u2611 \u2764 4in1 edukacinis kilim\u0117lis vaikams \u2013 puikus sprendimas \u0161iuolaikiniams t\u0117vams, ie\u0161kantiems funkcionali\u0173 ir k\u016brybi\u0161k\u0173 sprendim\u0173 savo ma\u017eyliams!\u00a0<\/span><\/b><b><span dir=\"auto\">\u2764<\/span><\/b><\/p>\n<\/div>\n<\/div>\n<\/div>","protected":false},"excerpt":{"rendered":"<p>\u2b50 K\u016aDIKI\u0172 MOKOMASIS KILIM\u0116LIS INTERAKTYV\u016aS 4IN1 DRAMBLI\u0172 RUMULIAIS PLIU\u0160INIAI \u017dAISLAI 4in1 edukacinis kilim\u0117lis vaikams Dramblys \u2013 universalus malonumas ir patogumas\u00a0!<\/p>","protected":false},"featured_media":75819,"template":"","meta":{"_acf_changed":false,"_glsr_average":0,"_glsr_ranking":0,"_glsr_reviews":0},"product_brand":[],"product_cat":[339,887,254],"product_tag":[],"class_list":{"0":"post-75818","1":"product","2":"type-product","3":"status-publish","4":"has-post-thumbnail","6":"product_cat-kamuoliuku-baseinai","7":"product_cat-sensoriniai-kilimeliai-kudikiams","8":"product_cat-vaiko-kambarys","9":"\"style=\"background-color: #2ecc711c;\"","11":"first","12":"instock","13":"sale","14":"shipping-taxable","15":"purchasable","16":"product-type-simple"},"acf":[],"yoast_head":"<!-- This site is optimized with the Yoast SEO plugin v27.4 - https:\/\/yoast.com\/product\/yoast-seo-wordpress\/ -->\n<title>Kilim\u0117lis k\u016bdikiams 4in1, kamuoliuk\u0173 baseinas - KidsPlay<\/title>\n<meta name=\"description\" content=\"Kilim\u0117lis k\u016bdikiams 4in1, kamuoliuk\u0173 baseinas - KidsPlay. Did\u017eiausias vaik\u0173 \u017eaisl\u0173 pasirinkimas.\" \/>\n<meta name=\"robots\" content=\"index, follow, max-snippet:-1, max-image-preview:large, max-video-preview:-1\" \/>\n<link rel=\"canonical\" href=\"https:\/\/kidsplay.lt\/lv\/products\/kilimelis-kudikiams-4in1-kamuoliuku-baseinas\/\" \/>\n<meta property=\"og:locale\" content=\"lv_LV\" \/>\n<meta property=\"og:type\" content=\"article\" \/>\n<meta property=\"og:title\" content=\"Kilim\u0117lis k\u016bdikiams 4in1, kamuoliuk\u0173 baseinas - KidsPlay\" \/>\n<meta property=\"og:description\" content=\"Kilim\u0117lis k\u016bdikiams 4in1, kamuoliuk\u0173 baseinas - KidsPlay. Did\u017eiausias vaik\u0173 \u017eaisl\u0173 pasirinkimas.\" \/>\n<meta property=\"og:url\" content=\"https:\/\/kidsplay.lt\/lv\/products\/kilimelis-kudikiams-4in1-kamuoliuku-baseinas\/\" \/>\n<meta property=\"og:site_name\" content=\"KidsPlay\" \/>\n<meta property=\"article:publisher\" content=\"https:\/\/www.facebook.com\/www.kidsplay.lt\" \/>\n<meta property=\"article:modified_time\" content=\"2026-02-25T14:10:13+00:00\" \/>\n<meta property=\"og:image\" content=\"https:\/\/kidsplay.lt\/wp-content\/uploads\/2025\/10\/Screenshot_889.png\" \/>\n\t<meta property=\"og:image:width\" content=\"463\" \/>\n\t<meta property=\"og:image:height\" content=\"460\" \/>\n\t<meta property=\"og:image:type\" content=\"image\/png\" \/>\n<meta name=\"twitter:card\" content=\"summary_large_image\" \/>\n<meta name=\"twitter:label1\" content=\"Est. reading time\" \/>\n\t<meta name=\"twitter:data1\" content=\"3 min\u016btes\" \/>\n<script type=\"application\/ld+json\" class=\"yoast-schema-graph\">{\"@context\":\"https:\\\/\\\/schema.org\",\"@graph\":[{\"@type\":\"WebPage\",\"@id\":\"https:\\\/\\\/kidsplay.lt\\\/produktas\\\/kilimelis-kudikiams-4in1-kamuoliuku-baseinas\\\/\",\"url\":\"https:\\\/\\\/kidsplay.lt\\\/produktas\\\/kilimelis-kudikiams-4in1-kamuoliuku-baseinas\\\/\",\"name\":\"Kilim\u0117lis k\u016bdikiams 4in1, kamuoliuk\u0173 baseinas - KidsPlay\",\"isPartOf\":{\"@id\":\"https:\\\/\\\/kidsplay.lt\\\/#website\"},\"primaryImageOfPage\":{\"@id\":\"https:\\\/\\\/kidsplay.lt\\\/produktas\\\/kilimelis-kudikiams-4in1-kamuoliuku-baseinas\\\/#primaryimage\"},\"image\":{\"@id\":\"https:\\\/\\\/kidsplay.lt\\\/produktas\\\/kilimelis-kudikiams-4in1-kamuoliuku-baseinas\\\/#primaryimage\"},\"thumbnailUrl\":\"https:\\\/\\\/kidsplay.lt\\\/wp-content\\\/uploads\\\/2025\\\/10\\\/Screenshot_889.png\",\"datePublished\":\"2025-10-10T09:16:59+00:00\",\"dateModified\":\"2026-02-25T14:10:13+00:00\",\"description\":\"Kilim\u0117lis k\u016bdikiams 4in1, kamuoliuk\u0173 baseinas - KidsPlay. Did\u017eiausias vaik\u0173 \u017eaisl\u0173 pasirinkimas.\",\"breadcrumb\":{\"@id\":\"https:\\\/\\\/kidsplay.lt\\\/produktas\\\/kilimelis-kudikiams-4in1-kamuoliuku-baseinas\\\/#breadcrumb\"},\"inLanguage\":\"lv-LV\",\"potentialAction\":[{\"@type\":\"ReadAction\",\"target\":[\"https:\\\/\\\/kidsplay.lt\\\/produktas\\\/kilimelis-kudikiams-4in1-kamuoliuku-baseinas\\\/\"]}]},{\"@type\":\"ImageObject\",\"inLanguage\":\"lv-LV\",\"@id\":\"https:\\\/\\\/kidsplay.lt\\\/produktas\\\/kilimelis-kudikiams-4in1-kamuoliuku-baseinas\\\/#primaryimage\",\"url\":\"https:\\\/\\\/kidsplay.lt\\\/wp-content\\\/uploads\\\/2025\\\/10\\\/Screenshot_889.png\",\"contentUrl\":\"https:\\\/\\\/kidsplay.lt\\\/wp-content\\\/uploads\\\/2025\\\/10\\\/Screenshot_889.png\",\"width\":463,\"height\":460},{\"@type\":\"BreadcrumbList\",\"@id\":\"https:\\\/\\\/kidsplay.lt\\\/produktas\\\/kilimelis-kudikiams-4in1-kamuoliuku-baseinas\\\/#breadcrumb\",\"itemListElement\":[{\"@type\":\"ListItem\",\"position\":1,\"name\":\"Pagrindinis\",\"item\":\"https:\\\/\\\/kidsplay.lt\\\/\"},{\"@type\":\"ListItem\",\"position\":2,\"name\":\"Parduotuv\u0117\",\"item\":\"https:\\\/\\\/kidsplay.lt\\\/parduotuve\\\/\"},{\"@type\":\"ListItem\",\"position\":3,\"name\":\"Kilim\u0117lis k\u016bdikiams 4in1, kamuoliuk\u0173 baseinas\"}]},{\"@type\":\"WebSite\",\"@id\":\"https:\\\/\\\/kidsplay.lt\\\/#website\",\"url\":\"https:\\\/\\\/kidsplay.lt\\\/\",\"name\":\"Kidsplay.lt\",\"description\":\"\u012evairios prek\u0117s vaikams\",\"publisher\":{\"@id\":\"https:\\\/\\\/kidsplay.lt\\\/#organization\"},\"alternateName\":\"Kidsplay\",\"potentialAction\":[{\"@type\":\"SearchAction\",\"target\":{\"@type\":\"EntryPoint\",\"urlTemplate\":\"https:\\\/\\\/kidsplay.lt\\\/?s={search_term_string}\"},\"query-input\":{\"@type\":\"PropertyValueSpecification\",\"valueRequired\":true,\"valueName\":\"search_term_string\"}}],\"inLanguage\":\"lv-LV\"},{\"@type\":\"Organization\",\"@id\":\"https:\\\/\\\/kidsplay.lt\\\/#organization\",\"name\":\"KidsPlay\",\"url\":\"https:\\\/\\\/kidsplay.lt\\\/\",\"logo\":{\"@type\":\"ImageObject\",\"inLanguage\":\"lv-LV\",\"@id\":\"https:\\\/\\\/kidsplay.lt\\\/#\\\/schema\\\/logo\\\/image\\\/\",\"url\":\"https:\\\/\\\/kidsplay.lt\\\/wp-content\\\/uploads\\\/2023\\\/07\\\/kidsplay-logo.png\",\"contentUrl\":\"https:\\\/\\\/kidsplay.lt\\\/wp-content\\\/uploads\\\/2023\\\/07\\\/kidsplay-logo.png\",\"width\":451,\"height\":98,\"caption\":\"KidsPlay\"},\"image\":{\"@id\":\"https:\\\/\\\/kidsplay.lt\\\/#\\\/schema\\\/logo\\\/image\\\/\"},\"sameAs\":[\"https:\\\/\\\/www.facebook.com\\\/www.kidsplay.lt\"]}]}<\/script>\n<!-- \/ Yoast SEO plugin. -->","yoast_head_json":{"title":"Kilim\u0117lis k\u016bdikiams 4in1, kamuoliuk\u0173 baseinas - KidsPlay","description":"Kilim\u0117lis k\u016bdikiams 4in1, kamuoliuk\u0173 baseinas - KidsPlay. Did\u017eiausias vaik\u0173 \u017eaisl\u0173 pasirinkimas.","robots":{"index":"index","follow":"follow","max-snippet":"max-snippet:-1","max-image-preview":"max-image-preview:large","max-video-preview":"max-video-preview:-1"},"canonical":"https:\/\/kidsplay.lt\/lv\/products\/kilimelis-kudikiams-4in1-kamuoliuku-baseinas\/","og_locale":"lv_LV","og_type":"article","og_title":"Kilim\u0117lis k\u016bdikiams 4in1, kamuoliuk\u0173 baseinas - KidsPlay","og_description":"Kilim\u0117lis k\u016bdikiams 4in1, kamuoliuk\u0173 baseinas - KidsPlay. Did\u017eiausias vaik\u0173 \u017eaisl\u0173 pasirinkimas.","og_url":"https:\/\/kidsplay.lt\/lv\/products\/kilimelis-kudikiams-4in1-kamuoliuku-baseinas\/","og_site_name":"KidsPlay","article_publisher":"https:\/\/www.facebook.com\/www.kidsplay.lt","article_modified_time":"2026-02-25T14:10:13+00:00","og_image":[{"width":463,"height":460,"url":"https:\/\/kidsplay.lt\/wp-content\/uploads\/2025\/10\/Screenshot_889.png","type":"image\/png"}],"twitter_card":"summary_large_image","twitter_misc":{"Est. reading time":"3 min\u016btes"},"schema":{"@context":"https:\/\/schema.org","@graph":[{"@type":"WebPage","@id":"https:\/\/kidsplay.lt\/produktas\/kilimelis-kudikiams-4in1-kamuoliuku-baseinas\/","url":"https:\/\/kidsplay.lt\/produktas\/kilimelis-kudikiams-4in1-kamuoliuku-baseinas\/","name":"Kilim\u0117lis k\u016bdikiams 4in1, kamuoliuk\u0173 baseinas - KidsPlay","isPartOf":{"@id":"https:\/\/kidsplay.lt\/#website"},"primaryImageOfPage":{"@id":"https:\/\/kidsplay.lt\/produktas\/kilimelis-kudikiams-4in1-kamuoliuku-baseinas\/#primaryimage"},"image":{"@id":"https:\/\/kidsplay.lt\/produktas\/kilimelis-kudikiams-4in1-kamuoliuku-baseinas\/#primaryimage"},"thumbnailUrl":"https:\/\/kidsplay.lt\/wp-content\/uploads\/2025\/10\/Screenshot_889.png","datePublished":"2025-10-10T09:16:59+00:00","dateModified":"2026-02-25T14:10:13+00:00","description":"Kilim\u0117lis k\u016bdikiams 4in1, kamuoliuk\u0173 baseinas - KidsPlay. Did\u017eiausias vaik\u0173 \u017eaisl\u0173 pasirinkimas.","breadcrumb":{"@id":"https:\/\/kidsplay.lt\/produktas\/kilimelis-kudikiams-4in1-kamuoliuku-baseinas\/#breadcrumb"},"inLanguage":"lv-LV","potentialAction":[{"@type":"ReadAction","target":["https:\/\/kidsplay.lt\/produktas\/kilimelis-kudikiams-4in1-kamuoliuku-baseinas\/"]}]},{"@type":"ImageObject","inLanguage":"lv-LV","@id":"https:\/\/kidsplay.lt\/produktas\/kilimelis-kudikiams-4in1-kamuoliuku-baseinas\/#primaryimage","url":"https:\/\/kidsplay.lt\/wp-content\/uploads\/2025\/10\/Screenshot_889.png","contentUrl":"https:\/\/kidsplay.lt\/wp-content\/uploads\/2025\/10\/Screenshot_889.png","width":463,"height":460},{"@type":"BreadcrumbList","@id":"https:\/\/kidsplay.lt\/produktas\/kilimelis-kudikiams-4in1-kamuoliuku-baseinas\/#breadcrumb","itemListElement":[{"@type":"ListItem","position":1,"name":"Pagrindinis","item":"https:\/\/kidsplay.lt\/"},{"@type":"ListItem","position":2,"name":"Parduotuv\u0117","item":"https:\/\/kidsplay.lt\/parduotuve\/"},{"@type":"ListItem","position":3,"name":"Kilim\u0117lis k\u016bdikiams 4in1, kamuoliuk\u0173 baseinas"}]},{"@type":"WebSite","@id":"https:\/\/kidsplay.lt\/#website","url":"https:\/\/kidsplay.lt\/","name":"B\u0113rnu sp\u0113les.lv","description":"\u012evairios prek\u0117s vaikams","publisher":{"@id":"https:\/\/kidsplay.lt\/#organization"},"alternateName":"Kidsplay","potentialAction":[{"@type":"SearchAction","target":{"@type":"EntryPoint","urlTemplate":"https:\/\/kidsplay.lt\/?s={search_term_string}"},"query-input":{"@type":"PropertyValueSpecification","valueRequired":true,"valueName":"search_term_string"}}],"inLanguage":"lv-LV"},{"@type":"Organization","@id":"https:\/\/kidsplay.lt\/#organization","name":"B\u0113rnu sp\u0113le","url":"https:\/\/kidsplay.lt\/","logo":{"@type":"ImageObject","inLanguage":"lv-LV","@id":"https:\/\/kidsplay.lt\/#\/schema\/logo\/image\/","url":"https:\/\/kidsplay.lt\/wp-content\/uploads\/2023\/07\/kidsplay-logo.png","contentUrl":"https:\/\/kidsplay.lt\/wp-content\/uploads\/2023\/07\/kidsplay-logo.png","width":451,"height":98,"caption":"KidsPlay"},"image":{"@id":"https:\/\/kidsplay.lt\/#\/schema\/logo\/image\/"},"sameAs":["https:\/\/www.facebook.com\/www.kidsplay.lt"]}]}},"_links":{"self":[{"href":"https:\/\/kidsplay.lt\/lv\/wp-json\/wp\/v2\/product\/75818","targetHints":{"allow":["GET"]}}],"collection":[{"href":"https:\/\/kidsplay.lt\/lv\/wp-json\/wp\/v2\/product"}],"about":[{"href":"https:\/\/kidsplay.lt\/lv\/wp-json\/wp\/v2\/types\/product"}],"version-history":[{"count":1,"href":"https:\/\/kidsplay.lt\/lv\/wp-json\/wp\/v2\/product\/75818\/revisions"}],"predecessor-version":[{"id":75824,"href":"https:\/\/kidsplay.lt\/lv\/wp-json\/wp\/v2\/product\/75818\/revisions\/75824"}],"wp:featuredmedia":[{"embeddable":true,"href":"https:\/\/kidsplay.lt\/lv\/wp-json\/wp\/v2\/media\/75819"}],"wp:attachment":[{"href":"https:\/\/kidsplay.lt\/lv\/wp-json\/wp\/v2\/media?parent=75818"}],"wp:term":[{"taxonomy":"product_brand","embeddable":true,"href":"https:\/\/kidsplay.lt\/lv\/wp-json\/wp\/v2\/product_brand?post=75818"},{"taxonomy":"product_cat","embeddable":true,"href":"https:\/\/kidsplay.lt\/lv\/wp-json\/wp\/v2\/product_cat?post=75818"},{"taxonomy":"product_tag","embeddable":true,"href":"https:\/\/kidsplay.lt\/lv\/wp-json\/wp\/v2\/product_tag?post=75818"}],"curies":[{"name":"wp","href":"https:\/\/api.w.org\/{rel}","templated":true}]}}