{"id":75886,"date":"2025-10-10T19:53:12","date_gmt":"2025-10-10T16:53:12","guid":{"rendered":"https:\/\/kidsplay.lt\/?post_type=product&#038;p=75886"},"modified":"2025-10-10T19:54:34","modified_gmt":"2025-10-10T16:54:34","slug":"medine-rozine-virtuve-su-sviesos-efektais-ir-garsu","status":"publish","type":"product","link":"https:\/\/kidsplay.lt\/lv\/products\/medine-rozine-virtuve-su-sviesos-efektais-ir-garsu\/","title":{"rendered":"Medin\u0117 ro\u017eine  virtuv\u0117 su \u0161viesos efektais ir garsu"},"content":{"rendered":"<div class=\"mpof_ki myre_zn myre_8v_l m389_6m_l\">\n<div class=\"mp4t_16_s mryx_16_s mr3m_1 mli2_1 mh85_56 mh85_0_l\">\n<div class=\"mgn2_16 _0d3bd_am0a-\">\n<h1><span dir=\"auto\">Auk\u0161\u010diausia pramog\u0173 pozicija gaminant maist\u0105.<\/span><\/h1>\n<p><span dir=\"auto\">Naujausias virykl\u0117s dizainas leis smagiai ruo\u0161ti maist\u0105 sve\u010diams ir l\u0117l\u0117ms.\u00a0<\/span><b><span dir=\"auto\">Madingi ro\u017einiai atspalviai ir \u0161irdel\u0117s motyvas<\/span><\/b><span dir=\"auto\">\u00a0patiks daugeliui mergai\u010di\u0173, o stabili ir tvirta medin\u0117 konstrukcija suteiks stabilumo.<\/span><\/p>\n<p><span dir=\"auto\">Medin\u0117 virtuv\u0117 atrodo labai esteti\u0161kai ir tikrai taps vaik\u0173 kambario puo\u0161mena. Virtuv\u0117 yra pakankamai didel\u0117, kad joje vienu metu gal\u0117t\u0173 \u017eaisti daugiau nei vienas vaikas. \u017daidimo galimyb\u0117s priklauso tik nuo vaiko k\u016brybi\u0161kumo.<\/span><\/p>\n<p><b><span dir=\"auto\">PAPILDOMA INFORMACIJA:<\/span><\/b><\/p>\n<ul>\n<li><span dir=\"auto\">Svoris 18 kg<\/span><\/li>\n<li><span dir=\"auto\">Virtuv\u0117 savaranki\u0161kam surinkimui. Instrukcijos prid\u0117tos.<\/span><\/li>\n<li><span dir=\"auto\">Pridedamas elektroninis degiklis. \u0160viesos ir garso efektai.<\/span><\/li>\n<\/ul>\n<\/div>\n<\/div>\n<div class=\"mp4t_16_s mryx_16_s mr3m_1 mli2_1 mh85_56 mh85_0_l\">\n<div class=\"mg9e_8 mj7a_8 mg9e_0_s mvrt_0_s mj7a_0_s mh36_0_s mzmg_6m munh_16_l m3h2_16_l\">\n<div class=\"mp4t_0 mryx_0 munh_56 m3h2_56\">\n<div class=\"mp7g_oh\"><button class=\"mg9e_0 mvrt_0 mj7a_0 mh36_0 mp4t_0 m3h2_0 mryx_0 munh_0 mqen_m6 mpof_z0 mx7m_0 m7er_k4 mse2_k4 msts_pt\" data-analytics-interaction=\"true\" data-analytics-interaction-label=\"zoomable-image-open\" aria-disabled=\"true\"><img decoding=\"async\" class=\"msub_k4 mupj_5k mjru_k4 mse2_k4 mp7g_f6 mq1m_0 mj7u_0 m7er_k4 mqen_m6 m31c_d8 m0ux_fp lazyloaded\" src=\"https:\/\/a.allegroimg.com\/original\/111a56\/19a7ca0e4cefb7003fc3571db00f\/Great-Wooden-Kitchen-Pink-Play-with-Heart-Light-Effects-Sound-EAN-GTIN-5907799730468\" sizes=\"(min-width: 1200px) 560px, (min-width: 992px) 50vw, 100vw\" srcset=\"https:\/\/a.allegroimg.com\/s360\/111a56\/19a7ca0e4cefb7003fc3571db00f\/Great-Wooden-Kitchen-Pink-Play-with-Heart-Light-Effects-Sound-EAN-GTIN-5907799730468 289w,https:\/\/a.allegroimg.com\/s720\/111a56\/19a7ca0e4cefb7003fc3571db00f\/Great-Wooden-Kitchen-Pink-Play-with-Heart-Light-Effects-Sound-EAN-GTIN-5907799730468 578w,https:\/\/a.allegroimg.com\/s1024\/111a56\/19a7ca0e4cefb7003fc3571db00f\/Great-Wooden-Kitchen-Pink-Play-with-Heart-Light-Effects-Sound-EAN-GTIN-5907799730468 822w,https:\/\/a.allegroimg.com\/s1440\/111a56\/19a7ca0e4cefb7003fc3571db00f\/Great-Wooden-Kitchen-Pink-Play-with-Heart-Light-Effects-Sound-EAN-GTIN-5907799730468 1156w,https:\/\/a.allegroimg.com\/original\/111a56\/19a7ca0e4cefb7003fc3571db00f\/Great-Wooden-Kitchen-Pink-Play-with-Heart-Light-Effects-Sound-EAN-GTIN-5907799730468 1200w\" alt=\"Puiki medin\u0117 ro\u017ein\u0117 virtuv\u0117 su \u0161irdeli\u0173 formos \u0161viesos efektais ir garsu EAN (GTIN) 5907799730468\" width=\"1200px\" data-srcset=\"\" \/><\/button><\/div>\n<\/div>\n<\/div>\n<\/div>\n<\/div>\n<div class=\"mpof_ki myre_zn myre_8v_l m389_6m_l\">\n<div class=\"mp4t_16_s mryx_16_s mr3m_1 mli2_1 mh85_56 mh85_0_l\">\n<div class=\"mg9e_8 mj7a_8 mg9e_0_s mvrt_0_s mj7a_0_s mh36_0_s mzmg_6m munh_16_l m3h2_16_l\">\n<div class=\"mp4t_0 mryx_0 munh_56 m3h2_56\">\n<div class=\"mp7g_oh\"><button class=\"mg9e_0 mvrt_0 mj7a_0 mh36_0 mp4t_0 m3h2_0 mryx_0 munh_0 mqen_m6 mpof_z0 mx7m_0 m7er_k4 mse2_k4 msts_pt\" data-analytics-interaction=\"true\" data-analytics-interaction-label=\"zoomable-image-open\" aria-disabled=\"true\"><img decoding=\"async\" class=\"msub_k4 mupj_5k mjru_k4 mse2_k4 mp7g_f6 mq1m_0 mj7u_0 m7er_k4 mqen_m6 m31c_d8 m0ux_fp lazyloaded\" src=\"https:\/\/a.allegroimg.com\/original\/11ff7c\/e1398410461691b4ac43bfeba7d2\/Great-Wooden-Kitchen-Pink-Play-with-Heart-Light-Effects-Sound-Series-Leomark-PinkPlay\" sizes=\"(min-width: 1200px) 560px, (min-width: 992px) 50vw, 100vw\" srcset=\"https:\/\/a.allegroimg.com\/s360\/11ff7c\/e1398410461691b4ac43bfeba7d2\/Great-Wooden-Kitchen-Pink-Play-with-Heart-Light-Effects-Sound-Series-Leomark-PinkPlay 360w,https:\/\/a.allegroimg.com\/s720\/11ff7c\/e1398410461691b4ac43bfeba7d2\/Great-Wooden-Kitchen-Pink-Play-with-Heart-Light-Effects-Sound-Series-Leomark-PinkPlay 720w,https:\/\/a.allegroimg.com\/s1024\/11ff7c\/e1398410461691b4ac43bfeba7d2\/Great-Wooden-Kitchen-Pink-Play-with-Heart-Light-Effects-Sound-Series-Leomark-PinkPlay 1024w,https:\/\/a.allegroimg.com\/s1440\/11ff7c\/e1398410461691b4ac43bfeba7d2\/Great-Wooden-Kitchen-Pink-Play-with-Heart-Light-Effects-Sound-Series-Leomark-PinkPlay 1200w,https:\/\/a.allegroimg.com\/original\/11ff7c\/e1398410461691b4ac43bfeba7d2\/Great-Wooden-Kitchen-Pink-Play-with-Heart-Light-Effects-Sound-Series-Leomark-PinkPlay 1200w\" alt=\"Puiki medin\u0117 virtuv\u0117 su rausvais \u0161viesos efektais ir \u0161irdel\u0117mis, garso serija \u201eLeomark PinkPlay\u201c\" width=\"1200px\" data-srcset=\"\" \/><\/button><\/div>\n<\/div>\n<\/div>\n<\/div>\n<div class=\"mp4t_16_s mryx_16_s mr3m_1 mli2_1 mh85_56 mh85_0_l\">\n<div class=\"mgn2_16 _0d3bd_am0a-\">\n<ul>\n<li><span dir=\"auto\">Virykl\u0117 turi orkait\u0119 su dviej\u0173 lygi\u0173 lentyna viduje. J\u0105 palaiko trys ranken\u0117l\u0117s, leid\u017eian\u010dios atitinkamai nustatyti kepimo laik\u0105 ir temperat\u016br\u0105.<\/span><\/li>\n<li><span dir=\"auto\">Ant pagrindinio stalvir\u0161io yra vieta su dviem degikliais ir didele nuimama kriaukle (19 x 25 cm), kuri puikiai tiks valant po sve\u010di\u0173 apsilankymo.<\/span><\/li>\n<li><span dir=\"auto\">\u017davesio suteikia langas su \u017eavingomis u\u017euolaidomis.<\/span><\/li>\n<li><span dir=\"auto\">Vir\u0161 stalvir\u0161io yra mikrobang\u0173 krosnel\u0117 ir spintel\u0117 smulkiems daiktams laikyti.<\/span><\/li>\n<li><span dir=\"auto\">Prie lentynos dureli\u0173 pritvirtintas laikrodis, kuris pad\u0117s kontroliuoti virtuv\u0117s organizacij\u0105 ir tuo pa\u010diu i\u0161mokys skaityti valandas bei pad\u0117s susidaryti dienos tvarkara\u0161t\u012f.<\/span><\/li>\n<li><span dir=\"auto\">Prakti\u0161kos lentynos po stalvir\u0161iu pad\u0117s palaikyti tvark\u0105.<\/span><\/li>\n<\/ul>\n<\/div>\n<\/div>\n<\/div>\n<div class=\"mpof_ki myre_zn myre_8v_l m389_6m_l\">\n<div class=\"mp4t_16_s mryx_16_s mr3m_1 mli2_1 mh85_56 mh85_0_l\">\n<div class=\"mgn2_16 _0d3bd_am0a-\">\n<p><b><span dir=\"auto\">MATMENYS:<\/span><\/b><\/p>\n<ul>\n<li><b><span dir=\"auto\">82 x 30 x 101 cm<\/span><\/b><span dir=\"auto\">\u00a0(ilgis \/ plotis \/ auk\u0161tis)<\/span><\/li>\n<li><span dir=\"auto\">Stalvir\u0161io matmenys: 82 x 29 cm (ilgis \/ platumas)<\/span><\/li>\n<li><span dir=\"auto\">Stalo vir\u0161aus auk\u0161tis nuo \u017eem\u0117s: 48 cm<\/span><\/li>\n<\/ul>\n<\/div>\n<\/div>\n<div class=\"mp4t_16_s mryx_16_s mr3m_1 mli2_1 mh85_56 mh85_0_l\">\n<div class=\"mg9e_8 mj7a_8 mg9e_0_s mvrt_0_s mj7a_0_s mh36_0_s mzmg_6m munh_16_l m3h2_16_l\">\n<div class=\"mp4t_0 mryx_0 munh_56 m3h2_56\">\n<div class=\"mp7g_oh\"><button class=\"mg9e_0 mvrt_0 mj7a_0 mh36_0 mp4t_0 m3h2_0 mryx_0 munh_0 mqen_m6 mpof_z0 mx7m_0 m7er_k4 mse2_k4 msts_pt\" data-analytics-interaction=\"true\" data-analytics-interaction-label=\"zoomable-image-open\" aria-disabled=\"true\"><img decoding=\"async\" class=\"msub_k4 mupj_5k mjru_k4 mse2_k4 mp7g_f6 mq1m_0 mj7u_0 m7er_k4 mqen_m6 m31c_d8 m0ux_fp lazyloaded\" src=\"https:\/\/a.allegroimg.com\/original\/111a56\/19a7ca0e4cefb7003fc3571db00f\/Great-Wooden-Kitchen-Pink-Play-with-Heart-Light-Effects-Sound-EAN-GTIN-5907799730468\" sizes=\"(min-width: 1200px) 560px, (min-width: 992px) 50vw, 100vw\" srcset=\"https:\/\/a.allegroimg.com\/s360\/111a56\/19a7ca0e4cefb7003fc3571db00f\/Great-Wooden-Kitchen-Pink-Play-with-Heart-Light-Effects-Sound-EAN-GTIN-5907799730468 289w,https:\/\/a.allegroimg.com\/s720\/111a56\/19a7ca0e4cefb7003fc3571db00f\/Great-Wooden-Kitchen-Pink-Play-with-Heart-Light-Effects-Sound-EAN-GTIN-5907799730468 578w,https:\/\/a.allegroimg.com\/s1024\/111a56\/19a7ca0e4cefb7003fc3571db00f\/Great-Wooden-Kitchen-Pink-Play-with-Heart-Light-Effects-Sound-EAN-GTIN-5907799730468 822w,https:\/\/a.allegroimg.com\/s1440\/111a56\/19a7ca0e4cefb7003fc3571db00f\/Great-Wooden-Kitchen-Pink-Play-with-Heart-Light-Effects-Sound-EAN-GTIN-5907799730468 1156w,https:\/\/a.allegroimg.com\/original\/111a56\/19a7ca0e4cefb7003fc3571db00f\/Great-Wooden-Kitchen-Pink-Play-with-Heart-Light-Effects-Sound-EAN-GTIN-5907799730468 1200w\" alt=\"Puiki medin\u0117 ro\u017ein\u0117 virtuv\u0117 su \u0161irdeli\u0173 formos \u0161viesos efektais ir garsu EAN (GTIN) 5907799730468\" width=\"1200px\" data-srcset=\"\" \/><\/button><\/div>\n<\/div>\n<\/div>\n<\/div>\n<\/div>","protected":false},"excerpt":{"rendered":"<p>Auk\u0161\u010diausia pramog\u0173 pozicija gaminant maist\u0105. Naujausias virykl\u0117s dizainas leis smagiai ruo\u0161ti maist\u0105 sve\u010diams ir l\u0117l\u0117ms.\u00a0Madingi ro\u017einiai atspalviai ir \u0161irdel\u0117s motyvas\u00a0patiks<\/p>","protected":false},"featured_media":75887,"template":"","meta":{"_acf_changed":false,"_glsr_average":0,"_glsr_ranking":0,"_glsr_reviews":0},"product_brand":[],"product_cat":[399,282,229],"product_tag":[],"class_list":{"0":"post-75886","1":"product","2":"type-product","3":"status-publish","4":"has-post-thumbnail","6":"product_cat-vaidmenu-zaidimai-2","7":"product_cat-virtuves-reikmenys-vaidmenu-zaidimai","8":"product_cat-zaislai-vaikams","9":"\"style=\"background-color: #2ecc711c;\"","11":"first","12":"instock","13":"shipping-taxable","14":"purchasable","15":"product-type-simple"},"acf":[],"yoast_head":"<!-- This site is optimized with the Yoast SEO plugin v27.3 - https:\/\/yoast.com\/product\/yoast-seo-wordpress\/ -->\n<title>Medin\u0117 ro\u017eine virtuv\u0117 su \u0161viesos efektais ir garsu - KidsPlay<\/title>\n<meta name=\"description\" content=\"Medin\u0117 ro\u017eine virtuv\u0117 su \u0161viesos efektais ir garsu - KidsPlay. Did\u017eiausias vaik\u0173 \u017eaisl\u0173 pasirinkimas.\" \/>\n<meta name=\"robots\" content=\"index, follow, max-snippet:-1, max-image-preview:large, max-video-preview:-1\" \/>\n<link rel=\"canonical\" href=\"https:\/\/kidsplay.lt\/lv\/products\/medine-rozine-virtuve-su-sviesos-efektais-ir-garsu\/\" \/>\n<meta property=\"og:locale\" content=\"lv_LV\" \/>\n<meta property=\"og:type\" content=\"article\" \/>\n<meta property=\"og:title\" content=\"Medin\u0117 ro\u017eine virtuv\u0117 su \u0161viesos efektais ir garsu - KidsPlay\" \/>\n<meta property=\"og:description\" content=\"Medin\u0117 ro\u017eine virtuv\u0117 su \u0161viesos efektais ir garsu - KidsPlay. Did\u017eiausias vaik\u0173 \u017eaisl\u0173 pasirinkimas.\" \/>\n<meta property=\"og:url\" content=\"https:\/\/kidsplay.lt\/lv\/products\/medine-rozine-virtuve-su-sviesos-efektais-ir-garsu\/\" \/>\n<meta property=\"og:site_name\" content=\"KidsPlay\" \/>\n<meta property=\"article:publisher\" content=\"https:\/\/www.facebook.com\/www.kidsplay.lt\" \/>\n<meta property=\"article:modified_time\" content=\"2025-10-10T16:54:34+00:00\" \/>\n<meta property=\"og:image\" content=\"https:\/\/kidsplay.lt\/wp-content\/uploads\/2025\/10\/Screenshot_929.png\" \/>\n\t<meta property=\"og:image:width\" content=\"495\" \/>\n\t<meta property=\"og:image:height\" content=\"462\" \/>\n\t<meta property=\"og:image:type\" content=\"image\/png\" \/>\n<meta name=\"twitter:card\" content=\"summary_large_image\" \/>\n<meta name=\"twitter:label1\" content=\"Est. reading time\" \/>\n\t<meta name=\"twitter:data1\" content=\"2 min\u016btes\" \/>\n<script type=\"application\/ld+json\" class=\"yoast-schema-graph\">{\"@context\":\"https:\\\/\\\/schema.org\",\"@graph\":[{\"@type\":\"WebPage\",\"@id\":\"https:\\\/\\\/kidsplay.lt\\\/produktas\\\/medine-rozine-virtuve-su-sviesos-efektais-ir-garsu\\\/\",\"url\":\"https:\\\/\\\/kidsplay.lt\\\/produktas\\\/medine-rozine-virtuve-su-sviesos-efektais-ir-garsu\\\/\",\"name\":\"Medin\u0117 ro\u017eine virtuv\u0117 su \u0161viesos efektais ir garsu - KidsPlay\",\"isPartOf\":{\"@id\":\"https:\\\/\\\/kidsplay.lt\\\/#website\"},\"primaryImageOfPage\":{\"@id\":\"https:\\\/\\\/kidsplay.lt\\\/produktas\\\/medine-rozine-virtuve-su-sviesos-efektais-ir-garsu\\\/#primaryimage\"},\"image\":{\"@id\":\"https:\\\/\\\/kidsplay.lt\\\/produktas\\\/medine-rozine-virtuve-su-sviesos-efektais-ir-garsu\\\/#primaryimage\"},\"thumbnailUrl\":\"https:\\\/\\\/kidsplay.lt\\\/wp-content\\\/uploads\\\/2025\\\/10\\\/Screenshot_929.png\",\"datePublished\":\"2025-10-10T16:53:12+00:00\",\"dateModified\":\"2025-10-10T16:54:34+00:00\",\"description\":\"Medin\u0117 ro\u017eine virtuv\u0117 su \u0161viesos efektais ir garsu - KidsPlay. Did\u017eiausias vaik\u0173 \u017eaisl\u0173 pasirinkimas.\",\"breadcrumb\":{\"@id\":\"https:\\\/\\\/kidsplay.lt\\\/produktas\\\/medine-rozine-virtuve-su-sviesos-efektais-ir-garsu\\\/#breadcrumb\"},\"inLanguage\":\"lv-LV\",\"potentialAction\":[{\"@type\":\"ReadAction\",\"target\":[\"https:\\\/\\\/kidsplay.lt\\\/produktas\\\/medine-rozine-virtuve-su-sviesos-efektais-ir-garsu\\\/\"]}]},{\"@type\":\"ImageObject\",\"inLanguage\":\"lv-LV\",\"@id\":\"https:\\\/\\\/kidsplay.lt\\\/produktas\\\/medine-rozine-virtuve-su-sviesos-efektais-ir-garsu\\\/#primaryimage\",\"url\":\"https:\\\/\\\/kidsplay.lt\\\/wp-content\\\/uploads\\\/2025\\\/10\\\/Screenshot_929.png\",\"contentUrl\":\"https:\\\/\\\/kidsplay.lt\\\/wp-content\\\/uploads\\\/2025\\\/10\\\/Screenshot_929.png\",\"width\":495,\"height\":462},{\"@type\":\"BreadcrumbList\",\"@id\":\"https:\\\/\\\/kidsplay.lt\\\/produktas\\\/medine-rozine-virtuve-su-sviesos-efektais-ir-garsu\\\/#breadcrumb\",\"itemListElement\":[{\"@type\":\"ListItem\",\"position\":1,\"name\":\"Pagrindinis\",\"item\":\"https:\\\/\\\/kidsplay.lt\\\/\"},{\"@type\":\"ListItem\",\"position\":2,\"name\":\"Parduotuv\u0117\",\"item\":\"https:\\\/\\\/kidsplay.lt\\\/parduotuve\\\/\"},{\"@type\":\"ListItem\",\"position\":3,\"name\":\"Medin\u0117 ro\u017eine virtuv\u0117 su \u0161viesos efektais ir garsu\"}]},{\"@type\":\"WebSite\",\"@id\":\"https:\\\/\\\/kidsplay.lt\\\/#website\",\"url\":\"https:\\\/\\\/kidsplay.lt\\\/\",\"name\":\"Kidsplay.lt\",\"description\":\"\u012evairios prek\u0117s vaikams\",\"publisher\":{\"@id\":\"https:\\\/\\\/kidsplay.lt\\\/#organization\"},\"alternateName\":\"Kidsplay\",\"potentialAction\":[{\"@type\":\"SearchAction\",\"target\":{\"@type\":\"EntryPoint\",\"urlTemplate\":\"https:\\\/\\\/kidsplay.lt\\\/?s={search_term_string}\"},\"query-input\":{\"@type\":\"PropertyValueSpecification\",\"valueRequired\":true,\"valueName\":\"search_term_string\"}}],\"inLanguage\":\"lv-LV\"},{\"@type\":\"Organization\",\"@id\":\"https:\\\/\\\/kidsplay.lt\\\/#organization\",\"name\":\"KidsPlay\",\"url\":\"https:\\\/\\\/kidsplay.lt\\\/\",\"logo\":{\"@type\":\"ImageObject\",\"inLanguage\":\"lv-LV\",\"@id\":\"https:\\\/\\\/kidsplay.lt\\\/#\\\/schema\\\/logo\\\/image\\\/\",\"url\":\"https:\\\/\\\/kidsplay.lt\\\/wp-content\\\/uploads\\\/2023\\\/07\\\/kidsplay-logo.png\",\"contentUrl\":\"https:\\\/\\\/kidsplay.lt\\\/wp-content\\\/uploads\\\/2023\\\/07\\\/kidsplay-logo.png\",\"width\":451,\"height\":98,\"caption\":\"KidsPlay\"},\"image\":{\"@id\":\"https:\\\/\\\/kidsplay.lt\\\/#\\\/schema\\\/logo\\\/image\\\/\"},\"sameAs\":[\"https:\\\/\\\/www.facebook.com\\\/www.kidsplay.lt\"]}]}<\/script>\n<!-- \/ Yoast SEO plugin. -->","yoast_head_json":{"title":"Medin\u0117 ro\u017eine virtuv\u0117 su \u0161viesos efektais ir garsu - KidsPlay","description":"Medin\u0117 ro\u017eine virtuv\u0117 su \u0161viesos efektais ir garsu - KidsPlay. Did\u017eiausias vaik\u0173 \u017eaisl\u0173 pasirinkimas.","robots":{"index":"index","follow":"follow","max-snippet":"max-snippet:-1","max-image-preview":"max-image-preview:large","max-video-preview":"max-video-preview:-1"},"canonical":"https:\/\/kidsplay.lt\/lv\/products\/medine-rozine-virtuve-su-sviesos-efektais-ir-garsu\/","og_locale":"lv_LV","og_type":"article","og_title":"Medin\u0117 ro\u017eine virtuv\u0117 su \u0161viesos efektais ir garsu - KidsPlay","og_description":"Medin\u0117 ro\u017eine virtuv\u0117 su \u0161viesos efektais ir garsu - KidsPlay. Did\u017eiausias vaik\u0173 \u017eaisl\u0173 pasirinkimas.","og_url":"https:\/\/kidsplay.lt\/lv\/products\/medine-rozine-virtuve-su-sviesos-efektais-ir-garsu\/","og_site_name":"KidsPlay","article_publisher":"https:\/\/www.facebook.com\/www.kidsplay.lt","article_modified_time":"2025-10-10T16:54:34+00:00","og_image":[{"width":495,"height":462,"url":"https:\/\/kidsplay.lt\/wp-content\/uploads\/2025\/10\/Screenshot_929.png","type":"image\/png"}],"twitter_card":"summary_large_image","twitter_misc":{"Est. reading time":"2 min\u016btes"},"schema":{"@context":"https:\/\/schema.org","@graph":[{"@type":"WebPage","@id":"https:\/\/kidsplay.lt\/produktas\/medine-rozine-virtuve-su-sviesos-efektais-ir-garsu\/","url":"https:\/\/kidsplay.lt\/produktas\/medine-rozine-virtuve-su-sviesos-efektais-ir-garsu\/","name":"Medin\u0117 ro\u017eine virtuv\u0117 su \u0161viesos efektais ir garsu - KidsPlay","isPartOf":{"@id":"https:\/\/kidsplay.lt\/#website"},"primaryImageOfPage":{"@id":"https:\/\/kidsplay.lt\/produktas\/medine-rozine-virtuve-su-sviesos-efektais-ir-garsu\/#primaryimage"},"image":{"@id":"https:\/\/kidsplay.lt\/produktas\/medine-rozine-virtuve-su-sviesos-efektais-ir-garsu\/#primaryimage"},"thumbnailUrl":"https:\/\/kidsplay.lt\/wp-content\/uploads\/2025\/10\/Screenshot_929.png","datePublished":"2025-10-10T16:53:12+00:00","dateModified":"2025-10-10T16:54:34+00:00","description":"Medin\u0117 ro\u017eine virtuv\u0117 su \u0161viesos efektais ir garsu - KidsPlay. Did\u017eiausias vaik\u0173 \u017eaisl\u0173 pasirinkimas.","breadcrumb":{"@id":"https:\/\/kidsplay.lt\/produktas\/medine-rozine-virtuve-su-sviesos-efektais-ir-garsu\/#breadcrumb"},"inLanguage":"lv-LV","potentialAction":[{"@type":"ReadAction","target":["https:\/\/kidsplay.lt\/produktas\/medine-rozine-virtuve-su-sviesos-efektais-ir-garsu\/"]}]},{"@type":"ImageObject","inLanguage":"lv-LV","@id":"https:\/\/kidsplay.lt\/produktas\/medine-rozine-virtuve-su-sviesos-efektais-ir-garsu\/#primaryimage","url":"https:\/\/kidsplay.lt\/wp-content\/uploads\/2025\/10\/Screenshot_929.png","contentUrl":"https:\/\/kidsplay.lt\/wp-content\/uploads\/2025\/10\/Screenshot_929.png","width":495,"height":462},{"@type":"BreadcrumbList","@id":"https:\/\/kidsplay.lt\/produktas\/medine-rozine-virtuve-su-sviesos-efektais-ir-garsu\/#breadcrumb","itemListElement":[{"@type":"ListItem","position":1,"name":"Pagrindinis","item":"https:\/\/kidsplay.lt\/"},{"@type":"ListItem","position":2,"name":"Parduotuv\u0117","item":"https:\/\/kidsplay.lt\/parduotuve\/"},{"@type":"ListItem","position":3,"name":"Medin\u0117 ro\u017eine virtuv\u0117 su \u0161viesos efektais ir garsu"}]},{"@type":"WebSite","@id":"https:\/\/kidsplay.lt\/#website","url":"https:\/\/kidsplay.lt\/","name":"B\u0113rnu sp\u0113les.lv","description":"\u012evairios prek\u0117s vaikams","publisher":{"@id":"https:\/\/kidsplay.lt\/#organization"},"alternateName":"Kidsplay","potentialAction":[{"@type":"SearchAction","target":{"@type":"EntryPoint","urlTemplate":"https:\/\/kidsplay.lt\/?s={search_term_string}"},"query-input":{"@type":"PropertyValueSpecification","valueRequired":true,"valueName":"search_term_string"}}],"inLanguage":"lv-LV"},{"@type":"Organization","@id":"https:\/\/kidsplay.lt\/#organization","name":"B\u0113rnu sp\u0113le","url":"https:\/\/kidsplay.lt\/","logo":{"@type":"ImageObject","inLanguage":"lv-LV","@id":"https:\/\/kidsplay.lt\/#\/schema\/logo\/image\/","url":"https:\/\/kidsplay.lt\/wp-content\/uploads\/2023\/07\/kidsplay-logo.png","contentUrl":"https:\/\/kidsplay.lt\/wp-content\/uploads\/2023\/07\/kidsplay-logo.png","width":451,"height":98,"caption":"KidsPlay"},"image":{"@id":"https:\/\/kidsplay.lt\/#\/schema\/logo\/image\/"},"sameAs":["https:\/\/www.facebook.com\/www.kidsplay.lt"]}]}},"_links":{"self":[{"href":"https:\/\/kidsplay.lt\/lv\/wp-json\/wp\/v2\/product\/75886","targetHints":{"allow":["GET"]}}],"collection":[{"href":"https:\/\/kidsplay.lt\/lv\/wp-json\/wp\/v2\/product"}],"about":[{"href":"https:\/\/kidsplay.lt\/lv\/wp-json\/wp\/v2\/types\/product"}],"version-history":[{"count":1,"href":"https:\/\/kidsplay.lt\/lv\/wp-json\/wp\/v2\/product\/75886\/revisions"}],"predecessor-version":[{"id":75894,"href":"https:\/\/kidsplay.lt\/lv\/wp-json\/wp\/v2\/product\/75886\/revisions\/75894"}],"wp:featuredmedia":[{"embeddable":true,"href":"https:\/\/kidsplay.lt\/lv\/wp-json\/wp\/v2\/media\/75887"}],"wp:attachment":[{"href":"https:\/\/kidsplay.lt\/lv\/wp-json\/wp\/v2\/media?parent=75886"}],"wp:term":[{"taxonomy":"product_brand","embeddable":true,"href":"https:\/\/kidsplay.lt\/lv\/wp-json\/wp\/v2\/product_brand?post=75886"},{"taxonomy":"product_cat","embeddable":true,"href":"https:\/\/kidsplay.lt\/lv\/wp-json\/wp\/v2\/product_cat?post=75886"},{"taxonomy":"product_tag","embeddable":true,"href":"https:\/\/kidsplay.lt\/lv\/wp-json\/wp\/v2\/product_tag?post=75886"}],"curies":[{"name":"wp","href":"https:\/\/api.w.org\/{rel}","templated":true}]}}