{"id":75895,"date":"2025-10-10T19:59:15","date_gmt":"2025-10-10T16:59:15","guid":{"rendered":"https:\/\/kidsplay.lt\/?post_type=product&#038;p=75895"},"modified":"2025-12-29T22:08:56","modified_gmt":"2025-12-29T20:08:56","slug":"tipi-palapine-vaikams-nukido","status":"publish","type":"product","link":"https:\/\/kidsplay.lt\/lv\/products\/tipi-palapine-vaikams-nukido\/","title":{"rendered":"TIPI telts b\u0113rniem Nukido"},"content":{"rendered":"<h1><span dir=\"auto\">Kiekvienam lyderiui reikia savo tipi!<\/span><\/h1>\n<p><span dir=\"auto\">Vaiki\u0161ka palapin\u0117 indi\u0161ko tipi formos yra\u00a0<\/span><b><span dir=\"auto\">HIT vaik\u0173 kambari\u0173 i\u0161d\u0117stymas\u00a0<\/span><\/b><b><span dir=\"auto\">j\u00f3w<\/span><\/b><span dir=\"auto\">\u00a0.<\/span><\/p>\n<h2><span dir=\"auto\">Pagrindin\u0117s savyb\u0117s:<\/span><\/h2>\n<ul>\n<li><span dir=\"auto\">nat\u016bralios med\u017eiagos \u2013 saugios ir sveikos,<\/span><\/li>\n<li><span dir=\"auto\">prislopintos spalvos su madingais \u012fd\u0117klais,<\/span><\/li>\n<li><span dir=\"auto\">Montessori stiliumi,<\/span><\/li>\n<li><span dir=\"auto\">lengvai sulankstomas ir u\u017eima ma\u017eai vietos,<\/span><\/li>\n<li><span dir=\"auto\">pridedamas stabilizatorius,<\/span><\/li>\n<li><span dir=\"auto\">stabili konstrukcija,<\/span><\/li>\n<li><b><span dir=\"auto\">\u012e komplekt\u0105 \u012feina trys pagalv\u0117s ir izoliacinis kilim\u0117lis<\/span><\/b><span dir=\"auto\">\u00a0,<\/span><\/li>\n<li><b><span dir=\"auto\">Girlandos ir \u0161viesos NEMOKAMAI.<\/span><\/b><\/li>\n<\/ul>\n<p><span dir=\"auto\">Kad linksmyb\u0117s b\u016bt\u0173 dar malonesn\u0117s,\u00a0<\/span><b><span dir=\"auto\">prie tipi pritvirtiname pagalv\u0117les ir izoliacin\u012f kilim\u0117l\u012f su neslystan\u010diomis dygliuotomis detal\u0117mis.<\/span><\/b><\/p>\n<p><span dir=\"auto\">D\u0117l mink\u0161to u\u017epildo kilim\u0117lis ne tik izoliuoja, bet ir suteikia pakankam\u0105 komfort\u0105 planuojant naujus nuotykius, taip pat skaitant m\u0117gstamas pasakas.<\/span><\/p>\n<p><span dir=\"auto\">Kilim\u0117lis puikiai pravers situacijoje, kai ma\u017easis vadas po sunkios dienos pagavo sapn\u0105 vigvame.\u00a0<\/span><\/p>\n<h2><span dir=\"auto\">Pritaikykite kilim\u0117l\u012f pagal savo ma\u017eylio poreikius!<\/span><\/h2>\n<p><span dir=\"auto\">Kilim\u0117l\u012f galima nuimti, tod\u0117l jis be joki\u0173 kli\u016b\u010di\u0173 veiks kaip kilimas.\u00a0<\/span><\/p>\n<h2><span dir=\"auto\">100 % nat\u016bralus<\/span><\/h2>\n<p><span dir=\"auto\">Vaiki\u0161kuose gaminiuose verta rinktis nat\u016bralias ir auk\u0161\u010diausios kokyb\u0117s med\u017eiagas. \u0160tai kod\u0117l m\u016bs\u0173 tipi buvo pasi\u016bta\u00a0<\/span><b><span dir=\"auto\">i\u0161 auk\u0161\u010diausios kokyb\u0117s medviln\u0117s\u00a0<\/span><\/b><b><span dir=\"auto\">.<\/span><\/b><\/p>\n<p><span dir=\"auto\">Medviln\u0117 idealiai tinka vaik\u0173 palapin\u0117ms, nes puikiai praleid\u017eia or\u0105.<\/span><\/p>\n<p><span dir=\"auto\">Didelis\u00a0<\/span><b><span dir=\"auto\">sieneli\u0173 svoris 175\u00a0<\/span><\/b><b><span dir=\"auto\">g\/m2<\/span><\/b><span dir=\"auto\">\u00a0u\u017etikrina, kad tipi yra itin mink\u0161tas, patvarus ir atlaikys did\u017eiausius vaik\u0173 nuotykius.<\/span><\/p>\n<h2><span dir=\"auto\">Girliandos ir lemput\u0117s NEMOKAMAI!<\/span><\/h2>\n<p><span dir=\"auto\">Kiekvienas TIPI NEMOKAMAI gaunate su girlianda ir stilingomis lemput\u0117mis!<\/span><\/p>\n<p><span dir=\"auto\">Visa tai dar labiau pa\u012fvairins m\u016bs\u0173 baz\u0117s i\u0161vaizd\u0105 ir suteiks jai dar geresn\u0119 atmosfer\u0105!<\/span><\/p>\n<h2><span dir=\"auto\">Pridedamos gra\u017ei\u0173 form\u0173 pagalv\u0117l\u0117s!<\/span><\/h2>\n<p><span dir=\"auto\">Kiekvienas TIPI komplektas turi\u00a0<\/span><b><span dir=\"auto\">3 pagalvi\u0173 rinkin\u012f,<\/span><\/b><span dir=\"auto\">\u00a0kaip parodyta paveiksl\u0117lyje!<\/span><\/p>\n<h2><span dir=\"auto\">Stabilizatorius pridedamas!<\/span><\/h2>\n<ul>\n<li><span dir=\"auto\">Tipi dar stabilesnis ir saugesnis.<\/span><\/li>\n<\/ul>\n<h2><span dir=\"auto\">Sukurkime savo baz\u0119!<\/span><\/h2>\n<p><b><span dir=\"auto\">Komplekt\u0101 ietilpst:<\/span><\/b><\/p>\n<ol>\n<li><span dir=\"auto\">girlianda,<\/span><\/li>\n<li><span dir=\"auto\">r\u0117mas \u2013 4 mediniai stulpai,<\/span><\/li>\n<li><span dir=\"auto\">stabilizatorius,<\/span><\/li>\n<li><span dir=\"auto\">baterijomis maitinamos lempos \u2013 baterij\u0173 n\u0117ra,<\/span><\/li>\n<li><span dir=\"auto\">\u017ealiuz\u0117s ant lango,<\/span><\/li>\n<li><span dir=\"auto\">langas,<\/span><\/li>\n<li><span dir=\"auto\">subtilus ir kv\u0117puojantis audinys,<\/span><\/li>\n<li><span dir=\"auto\">apsauginis kilim\u0117lis,<\/span><\/li>\n<li><span dir=\"auto\">PANDA pagalv\u0117l\u0117,<\/span><\/li>\n<li><span dir=\"auto\">stumdomos sienos,<\/span><\/li>\n<li><span dir=\"auto\">2 ME\u0160KOS pagalv\u0117s.<\/span><\/li>\n<\/ol>\n<h2><span dir=\"auto\">Atidaryti lang\u0105 \u2013 dar smagiau!\u00a0<\/span><\/h2>\n<p><span dir=\"auto\">Tiesiog surinkite vien\u0105 kart\u0105 ir viskas.\u00a0<\/span><b><span dir=\"auto\">Sulankstymas\u00a0<\/span><\/b><span dir=\"auto\"><b>ir i\u0161skleidimas\u00a0<\/b><\/span><b><span dir=\"auto\">u\u017etrunka\u00a0<\/span><\/b><span dir=\"auto\"><b>tik akimirk\u0105<\/b>\u00a0.<\/span><b><\/b><b><\/b><\/p>\n<p><span dir=\"auto\">Sulankstyt\u0105\u00a0palapin\u0119 galima\u00a0<\/span><b><span dir=\"auto\">lengvai perkelti . J\u0105 galima pastatyti\u00a0<\/span><\/b><b><span dir=\"auto\">bendroje patalpoje<\/span><\/b><span dir=\"auto\">\u00a0kaip \u017eaisl\u0173 viet\u0105 arba\u00a0<\/span><b><span dir=\"auto\">sode,<\/span><\/b><span dir=\"auto\">\u00a0kad apsisaugotum\u0117te nuo kaitrios saul\u0117s.<\/span><\/p>\n<h2><span dir=\"auto\">Tehniskie dati:<\/span><\/h2>\n<ul>\n<li><b><span dir=\"auto\">palapin\u0117s matmenys:<\/span><\/b><span dir=\"auto\">\u00a0120 x 120 x 165 cm,<\/span><\/li>\n<li><b><span dir=\"auto\">Stovo matmenys:<\/span><\/b><span dir=\"auto\">\u00a0\u00f82,2 x 190 cm,<\/span><\/li>\n<li><b><span dir=\"auto\">pagalv\u0117l\u0117s:<\/span><\/b><span dir=\"auto\">\u00a03 vnt.,<\/span><\/li>\n<li><b><span dir=\"auto\">medviln\u0117s svoris:<\/span><\/b><span dir=\"auto\">\u00a0175 g\/m2,<\/span><\/li>\n<li><b><span dir=\"auto\">stulpo med\u017eiaga:<\/span><\/b><span dir=\"auto\">\u00a0pu\u0161is.<\/span><\/li>\n<\/ul>","protected":false},"excerpt":{"rendered":"<p>Kiekvienam lyderiui reikia savo tipi! Vaiki\u0161ka palapin\u0117 indi\u0161ko tipi formos yra\u00a0HIT vaik\u0173 kambari\u0173 i\u0161d\u0117stymas\u00a0j\u00f3w\u00a0. Pagrindin\u0117s savyb\u0117s: nat\u016bralios med\u017eiagos \u2013 saugios<\/p>","protected":false},"featured_media":75896,"template":"","meta":{"_acf_changed":false,"_glsr_average":0,"_glsr_ranking":0,"_glsr_reviews":0},"product_brand":[],"product_cat":[236,254],"product_tag":[],"class_list":{"0":"post-75895","1":"product","2":"type-product","3":"status-publish","4":"has-post-thumbnail","6":"product_cat-vaikiskos-palapines","7":"product_cat-vaiko-kambarys","8":"\"style=\"background-color: #2ecc711c;\"","10":"first","11":"instock","12":"sale","13":"shipping-taxable","14":"purchasable","15":"product-type-simple"},"acf":[],"yoast_head":"<!-- This site is optimized with the Yoast SEO plugin v27.3 - https:\/\/yoast.com\/product\/yoast-seo-wordpress\/ -->\n<title>TIPI palapin\u0117 vaikams Nukido - KidsPlay<\/title>\n<meta name=\"description\" content=\"TIPI palapin\u0117 vaikams Nukido - KidsPlay. Did\u017eiausias vaik\u0173 \u017eaisl\u0173 pasirinkimas.\" \/>\n<meta name=\"robots\" content=\"index, follow, max-snippet:-1, max-image-preview:large, max-video-preview:-1\" \/>\n<link rel=\"canonical\" href=\"https:\/\/kidsplay.lt\/lv\/products\/tipi-palapine-vaikams-nukido\/\" \/>\n<meta property=\"og:locale\" content=\"lv_LV\" \/>\n<meta property=\"og:type\" content=\"article\" \/>\n<meta property=\"og:title\" content=\"TIPI palapin\u0117 vaikams Nukido - KidsPlay\" \/>\n<meta property=\"og:description\" content=\"TIPI palapin\u0117 vaikams Nukido - KidsPlay. Did\u017eiausias vaik\u0173 \u017eaisl\u0173 pasirinkimas.\" \/>\n<meta property=\"og:url\" content=\"https:\/\/kidsplay.lt\/lv\/products\/tipi-palapine-vaikams-nukido\/\" \/>\n<meta property=\"og:site_name\" content=\"KidsPlay\" \/>\n<meta property=\"article:publisher\" content=\"https:\/\/www.facebook.com\/www.kidsplay.lt\" \/>\n<meta property=\"article:modified_time\" content=\"2025-12-29T20:08:56+00:00\" \/>\n<meta property=\"og:image\" content=\"https:\/\/kidsplay.lt\/wp-content\/uploads\/2025\/10\/Screenshot_936.png\" \/>\n\t<meta property=\"og:image:width\" content=\"489\" \/>\n\t<meta property=\"og:image:height\" content=\"470\" \/>\n\t<meta property=\"og:image:type\" content=\"image\/png\" \/>\n<meta name=\"twitter:card\" content=\"summary_large_image\" \/>\n<meta name=\"twitter:label1\" content=\"Est. reading time\" \/>\n\t<meta name=\"twitter:data1\" content=\"2 min\u016btes\" \/>\n<script type=\"application\/ld+json\" class=\"yoast-schema-graph\">{\"@context\":\"https:\\\/\\\/schema.org\",\"@graph\":[{\"@type\":\"WebPage\",\"@id\":\"https:\\\/\\\/kidsplay.lt\\\/produktas\\\/tipi-palapine-vaikams-nukido\\\/\",\"url\":\"https:\\\/\\\/kidsplay.lt\\\/produktas\\\/tipi-palapine-vaikams-nukido\\\/\",\"name\":\"TIPI palapin\u0117 vaikams Nukido - KidsPlay\",\"isPartOf\":{\"@id\":\"https:\\\/\\\/kidsplay.lt\\\/#website\"},\"primaryImageOfPage\":{\"@id\":\"https:\\\/\\\/kidsplay.lt\\\/produktas\\\/tipi-palapine-vaikams-nukido\\\/#primaryimage\"},\"image\":{\"@id\":\"https:\\\/\\\/kidsplay.lt\\\/produktas\\\/tipi-palapine-vaikams-nukido\\\/#primaryimage\"},\"thumbnailUrl\":\"https:\\\/\\\/kidsplay.lt\\\/wp-content\\\/uploads\\\/2025\\\/10\\\/Screenshot_936.png\",\"datePublished\":\"2025-10-10T16:59:15+00:00\",\"dateModified\":\"2025-12-29T20:08:56+00:00\",\"description\":\"TIPI palapin\u0117 vaikams Nukido - KidsPlay. Did\u017eiausias vaik\u0173 \u017eaisl\u0173 pasirinkimas.\",\"breadcrumb\":{\"@id\":\"https:\\\/\\\/kidsplay.lt\\\/produktas\\\/tipi-palapine-vaikams-nukido\\\/#breadcrumb\"},\"inLanguage\":\"lv-LV\",\"potentialAction\":[{\"@type\":\"ReadAction\",\"target\":[\"https:\\\/\\\/kidsplay.lt\\\/produktas\\\/tipi-palapine-vaikams-nukido\\\/\"]}]},{\"@type\":\"ImageObject\",\"inLanguage\":\"lv-LV\",\"@id\":\"https:\\\/\\\/kidsplay.lt\\\/produktas\\\/tipi-palapine-vaikams-nukido\\\/#primaryimage\",\"url\":\"https:\\\/\\\/kidsplay.lt\\\/wp-content\\\/uploads\\\/2025\\\/10\\\/Screenshot_936.png\",\"contentUrl\":\"https:\\\/\\\/kidsplay.lt\\\/wp-content\\\/uploads\\\/2025\\\/10\\\/Screenshot_936.png\",\"width\":489,\"height\":470},{\"@type\":\"BreadcrumbList\",\"@id\":\"https:\\\/\\\/kidsplay.lt\\\/produktas\\\/tipi-palapine-vaikams-nukido\\\/#breadcrumb\",\"itemListElement\":[{\"@type\":\"ListItem\",\"position\":1,\"name\":\"Pagrindinis\",\"item\":\"https:\\\/\\\/kidsplay.lt\\\/\"},{\"@type\":\"ListItem\",\"position\":2,\"name\":\"Parduotuv\u0117\",\"item\":\"https:\\\/\\\/kidsplay.lt\\\/parduotuve\\\/\"},{\"@type\":\"ListItem\",\"position\":3,\"name\":\"TIPI palapin\u0117 vaikams Nukido\"}]},{\"@type\":\"WebSite\",\"@id\":\"https:\\\/\\\/kidsplay.lt\\\/#website\",\"url\":\"https:\\\/\\\/kidsplay.lt\\\/\",\"name\":\"Kidsplay.lt\",\"description\":\"\u012evairios prek\u0117s vaikams\",\"publisher\":{\"@id\":\"https:\\\/\\\/kidsplay.lt\\\/#organization\"},\"alternateName\":\"Kidsplay\",\"potentialAction\":[{\"@type\":\"SearchAction\",\"target\":{\"@type\":\"EntryPoint\",\"urlTemplate\":\"https:\\\/\\\/kidsplay.lt\\\/?s={search_term_string}\"},\"query-input\":{\"@type\":\"PropertyValueSpecification\",\"valueRequired\":true,\"valueName\":\"search_term_string\"}}],\"inLanguage\":\"lv-LV\"},{\"@type\":\"Organization\",\"@id\":\"https:\\\/\\\/kidsplay.lt\\\/#organization\",\"name\":\"KidsPlay\",\"url\":\"https:\\\/\\\/kidsplay.lt\\\/\",\"logo\":{\"@type\":\"ImageObject\",\"inLanguage\":\"lv-LV\",\"@id\":\"https:\\\/\\\/kidsplay.lt\\\/#\\\/schema\\\/logo\\\/image\\\/\",\"url\":\"https:\\\/\\\/kidsplay.lt\\\/wp-content\\\/uploads\\\/2023\\\/07\\\/kidsplay-logo.png\",\"contentUrl\":\"https:\\\/\\\/kidsplay.lt\\\/wp-content\\\/uploads\\\/2023\\\/07\\\/kidsplay-logo.png\",\"width\":451,\"height\":98,\"caption\":\"KidsPlay\"},\"image\":{\"@id\":\"https:\\\/\\\/kidsplay.lt\\\/#\\\/schema\\\/logo\\\/image\\\/\"},\"sameAs\":[\"https:\\\/\\\/www.facebook.com\\\/www.kidsplay.lt\"]}]}<\/script>\n<!-- \/ Yoast SEO plugin. -->","yoast_head_json":{"title":"TIPI palapin\u0117 vaikams Nukido - KidsPlay","description":"TIPI palapin\u0117 vaikams Nukido - KidsPlay. Did\u017eiausias vaik\u0173 \u017eaisl\u0173 pasirinkimas.","robots":{"index":"index","follow":"follow","max-snippet":"max-snippet:-1","max-image-preview":"max-image-preview:large","max-video-preview":"max-video-preview:-1"},"canonical":"https:\/\/kidsplay.lt\/lv\/products\/tipi-palapine-vaikams-nukido\/","og_locale":"lv_LV","og_type":"article","og_title":"TIPI palapin\u0117 vaikams Nukido - KidsPlay","og_description":"TIPI palapin\u0117 vaikams Nukido - KidsPlay. Did\u017eiausias vaik\u0173 \u017eaisl\u0173 pasirinkimas.","og_url":"https:\/\/kidsplay.lt\/lv\/products\/tipi-palapine-vaikams-nukido\/","og_site_name":"KidsPlay","article_publisher":"https:\/\/www.facebook.com\/www.kidsplay.lt","article_modified_time":"2025-12-29T20:08:56+00:00","og_image":[{"width":489,"height":470,"url":"https:\/\/kidsplay.lt\/wp-content\/uploads\/2025\/10\/Screenshot_936.png","type":"image\/png"}],"twitter_card":"summary_large_image","twitter_misc":{"Est. reading time":"2 min\u016btes"},"schema":{"@context":"https:\/\/schema.org","@graph":[{"@type":"WebPage","@id":"https:\/\/kidsplay.lt\/produktas\/tipi-palapine-vaikams-nukido\/","url":"https:\/\/kidsplay.lt\/produktas\/tipi-palapine-vaikams-nukido\/","name":"TIPI palapin\u0117 vaikams Nukido - KidsPlay","isPartOf":{"@id":"https:\/\/kidsplay.lt\/#website"},"primaryImageOfPage":{"@id":"https:\/\/kidsplay.lt\/produktas\/tipi-palapine-vaikams-nukido\/#primaryimage"},"image":{"@id":"https:\/\/kidsplay.lt\/produktas\/tipi-palapine-vaikams-nukido\/#primaryimage"},"thumbnailUrl":"https:\/\/kidsplay.lt\/wp-content\/uploads\/2025\/10\/Screenshot_936.png","datePublished":"2025-10-10T16:59:15+00:00","dateModified":"2025-12-29T20:08:56+00:00","description":"TIPI palapin\u0117 vaikams Nukido - KidsPlay. Did\u017eiausias vaik\u0173 \u017eaisl\u0173 pasirinkimas.","breadcrumb":{"@id":"https:\/\/kidsplay.lt\/produktas\/tipi-palapine-vaikams-nukido\/#breadcrumb"},"inLanguage":"lv-LV","potentialAction":[{"@type":"ReadAction","target":["https:\/\/kidsplay.lt\/produktas\/tipi-palapine-vaikams-nukido\/"]}]},{"@type":"ImageObject","inLanguage":"lv-LV","@id":"https:\/\/kidsplay.lt\/produktas\/tipi-palapine-vaikams-nukido\/#primaryimage","url":"https:\/\/kidsplay.lt\/wp-content\/uploads\/2025\/10\/Screenshot_936.png","contentUrl":"https:\/\/kidsplay.lt\/wp-content\/uploads\/2025\/10\/Screenshot_936.png","width":489,"height":470},{"@type":"BreadcrumbList","@id":"https:\/\/kidsplay.lt\/produktas\/tipi-palapine-vaikams-nukido\/#breadcrumb","itemListElement":[{"@type":"ListItem","position":1,"name":"Pagrindinis","item":"https:\/\/kidsplay.lt\/"},{"@type":"ListItem","position":2,"name":"Parduotuv\u0117","item":"https:\/\/kidsplay.lt\/parduotuve\/"},{"@type":"ListItem","position":3,"name":"TIPI palapin\u0117 vaikams Nukido"}]},{"@type":"WebSite","@id":"https:\/\/kidsplay.lt\/#website","url":"https:\/\/kidsplay.lt\/","name":"B\u0113rnu sp\u0113les.lv","description":"\u012evairios prek\u0117s vaikams","publisher":{"@id":"https:\/\/kidsplay.lt\/#organization"},"alternateName":"Kidsplay","potentialAction":[{"@type":"SearchAction","target":{"@type":"EntryPoint","urlTemplate":"https:\/\/kidsplay.lt\/?s={search_term_string}"},"query-input":{"@type":"PropertyValueSpecification","valueRequired":true,"valueName":"search_term_string"}}],"inLanguage":"lv-LV"},{"@type":"Organization","@id":"https:\/\/kidsplay.lt\/#organization","name":"B\u0113rnu sp\u0113le","url":"https:\/\/kidsplay.lt\/","logo":{"@type":"ImageObject","inLanguage":"lv-LV","@id":"https:\/\/kidsplay.lt\/#\/schema\/logo\/image\/","url":"https:\/\/kidsplay.lt\/wp-content\/uploads\/2023\/07\/kidsplay-logo.png","contentUrl":"https:\/\/kidsplay.lt\/wp-content\/uploads\/2023\/07\/kidsplay-logo.png","width":451,"height":98,"caption":"KidsPlay"},"image":{"@id":"https:\/\/kidsplay.lt\/#\/schema\/logo\/image\/"},"sameAs":["https:\/\/www.facebook.com\/www.kidsplay.lt"]}]}},"_links":{"self":[{"href":"https:\/\/kidsplay.lt\/lv\/wp-json\/wp\/v2\/product\/75895","targetHints":{"allow":["GET"]}}],"collection":[{"href":"https:\/\/kidsplay.lt\/lv\/wp-json\/wp\/v2\/product"}],"about":[{"href":"https:\/\/kidsplay.lt\/lv\/wp-json\/wp\/v2\/types\/product"}],"version-history":[{"count":1,"href":"https:\/\/kidsplay.lt\/lv\/wp-json\/wp\/v2\/product\/75895\/revisions"}],"predecessor-version":[{"id":75901,"href":"https:\/\/kidsplay.lt\/lv\/wp-json\/wp\/v2\/product\/75895\/revisions\/75901"}],"wp:featuredmedia":[{"embeddable":true,"href":"https:\/\/kidsplay.lt\/lv\/wp-json\/wp\/v2\/media\/75896"}],"wp:attachment":[{"href":"https:\/\/kidsplay.lt\/lv\/wp-json\/wp\/v2\/media?parent=75895"}],"wp:term":[{"taxonomy":"product_brand","embeddable":true,"href":"https:\/\/kidsplay.lt\/lv\/wp-json\/wp\/v2\/product_brand?post=75895"},{"taxonomy":"product_cat","embeddable":true,"href":"https:\/\/kidsplay.lt\/lv\/wp-json\/wp\/v2\/product_cat?post=75895"},{"taxonomy":"product_tag","embeddable":true,"href":"https:\/\/kidsplay.lt\/lv\/wp-json\/wp\/v2\/product_tag?post=75895"}],"curies":[{"name":"wp","href":"https:\/\/api.w.org\/{rel}","templated":true}]}}