{"id":75910,"date":"2025-10-10T20:06:14","date_gmt":"2025-10-10T17:06:14","guid":{"rendered":"https:\/\/kidsplay.lt\/?post_type=product&#038;p=75910"},"modified":"2025-10-10T20:06:14","modified_gmt":"2025-10-10T17:06:14","slug":"tipi-rozine-palapine-vigwam","status":"publish","type":"product","link":"https:\/\/kidsplay.lt\/lv\/products\/tipi-rozine-palapine-vigwam\/","title":{"rendered":"TIPI roz\u0101 telts vigvams"},"content":{"rendered":"<div class=\"mpof_ki myre_zn myre_8v_l m389_6m_l\">\n<div class=\"mp4t_16_s mryx_16_s mr3m_1 mli2_1 mh85_56 mh85_0_l\">\n<div class=\"mgn2_16 _0d3bd_am0a-\">\n<p><b><span dir=\"auto\">Didel\u0117 TIPI palapin\u0117 \u2013 ideali vieta \u017eaisti<\/span><\/b><\/p>\n<p><b><span dir=\"auto\">Komplekt\u0101 ietilpst:<\/span><\/b><\/p>\n<ul>\n<li><b><span dir=\"auto\">Palapin\u0117<\/span><\/b><span dir=\"auto\">\u00a0su klost\u0117mis, pagaminta i\u0161 100 % medviln\u0117s,<\/span><\/li>\n<li><span dir=\"auto\">Mink\u0161tas\u00a0<\/span><b><span dir=\"auto\">kilim\u0117lis<\/span><\/b><span dir=\"auto\">\u00a0su virvel\u0117mis, 110\/110 cm ilgio,<\/span><\/li>\n<li><span dir=\"auto\">4\u00a0d\u017eiovintos buko medienos\u00a0<\/span><b><span dir=\"auto\">lazdos<\/span><\/b><span dir=\"auto\">\u00a0, kuri\u0173 ilgis\u00a0<\/span><b><span dir=\"auto\">190 cm ,<\/span><\/b><\/li>\n<li><b><span dir=\"auto\">Kvadratin\u0117 pagalv\u0117l\u0117<\/span><\/b><span dir=\"auto\">\u00a0su klost\u0117mis,<\/span><\/li>\n<li><b><span dir=\"auto\">\u0160irdel\u0117s formos pagalv\u0117l\u0117<\/span><\/b><span dir=\"auto\">\u00a0su klost\u0117mis,<\/span><\/li>\n<li><b><span dir=\"auto\">Debes\u0173 pagalv\u0117l\u0117<\/span><\/b><span dir=\"auto\">\u00a0,<\/span><\/li>\n<li><b><span dir=\"auto\">Langas<\/span><\/b><span dir=\"auto\">\u00a0su u\u017euolaida,<\/span><\/li>\n<li><span dir=\"auto\">Palapin\u0117je prisi\u016bta\u00a0<\/span><b><span dir=\"auto\">\u017eaisl\u0173 ki\u0161en\u0117<\/span><\/b><span dir=\"auto\">\u00a0,<\/span><\/li>\n<li><b><span dir=\"auto\">Rai\u0161teliu<\/span><\/b><span dir=\"auto\">\u00a0suri\u0161amas kii,<\/span><\/li>\n<li><b><span dir=\"auto\">\u0160irdies formos pakabukas<\/span><\/b><span dir=\"auto\">\u00a0su raukiniais,<\/span><\/li>\n<li><b><\/b><span dir=\"auto\">Surinkimo\u00a0<b>instrukcija ,<\/b><\/span><\/li>\n<li><b><span dir=\"auto\">Kamuoli\u0173 stabilizatorius NEMOKAMAI!!!<\/span><\/b><\/li>\n<\/ul>\n<p><b><span dir=\"auto\">Jo<\/span><\/b><span dir=\"auto\">\u00a0ilg\u0173\u00a0<\/span><b><span dir=\"auto\">190 cm lazd\u0173 palapin\u0117je yra daug vietos\u00a0<\/span><\/b><b><span dir=\"auto\">,<\/span><\/b><span dir=\"auto\">\u00a0daugiau nei palapin\u0117je su didesniu pagrindu su trumpesn\u0117mis lazdomis\u00a0<\/span><b><span dir=\"auto\">!!!<\/span><\/b><\/p>\n<p><span dir=\"auto\">\u012e palapin\u0119 laisvai \u012feina du, trys vaikai arba vaikas su suaugusiuoju.<\/span><\/p>\n<p><span dir=\"auto\">Izm\u0113ri:<\/span><\/p>\n<ul>\n<li><span dir=\"auto\">lazdos 190 cm,<\/span><\/li>\n<li><span dir=\"auto\">Auk\u0161tis po i\u0161skleidimo apie 180 cm,<\/span><\/li>\n<li><span dir=\"auto\">Baz\u0117 110\/110.<\/span><\/li>\n<\/ul>\n<\/div>\n<\/div>\n<div class=\"mp4t_16_s mryx_16_s mr3m_1 mli2_1 mh85_56 mh85_0_l\">\n<div class=\"mg9e_8 mj7a_8 mg9e_0_s mvrt_0_s mj7a_0_s mh36_0_s mzmg_6m munh_16_l m3h2_16_l\">\n<div class=\"mp4t_0 mryx_0 munh_56 m3h2_56\">\n<div class=\"mp7g_oh\"><button class=\"mg9e_0 mvrt_0 mj7a_0 mh36_0 mp4t_0 m3h2_0 mryx_0 munh_0 mqen_m6 mpof_z0 mx7m_0 m7er_k4 mse2_k4 msts_pt\" data-analytics-interaction=\"true\" data-analytics-interaction-label=\"zoomable-image-open\" aria-disabled=\"true\"><img decoding=\"async\" class=\"msub_k4 mupj_5k mjru_k4 mse2_k4 mp7g_f6 mq1m_0 mj7u_0 m7er_k4 mqen_m6 m31c_d8 m0ux_fp lazyloaded\" src=\"https:\/\/a.allegroimg.com\/original\/117777\/b6a0d8d249d4b2fa211489346730\/home-baby-TIPI-set-FOR-GIRLS-wigwam-tent-COLORS-LARGE-TENT-Color-pink\" sizes=\"(min-width: 1200px) 560px, (min-width: 992px) 50vw, 100vw\" srcset=\"https:\/\/a.allegroimg.com\/s360\/117777\/b6a0d8d249d4b2fa211489346730\/home-baby-TIPI-set-FOR-GIRLS-wigwam-tent-COLORS-LARGE-TENT-Color-pink 263w,https:\/\/a.allegroimg.com\/s720\/117777\/b6a0d8d249d4b2fa211489346730\/home-baby-TIPI-set-FOR-GIRLS-wigwam-tent-COLORS-LARGE-TENT-Color-pink 527w,https:\/\/a.allegroimg.com\/s1024\/117777\/b6a0d8d249d4b2fa211489346730\/home-baby-TIPI-set-FOR-GIRLS-wigwam-tent-COLORS-LARGE-TENT-Color-pink 750w,https:\/\/a.allegroimg.com\/s1440\/117777\/b6a0d8d249d4b2fa211489346730\/home-baby-TIPI-set-FOR-GIRLS-wigwam-tent-COLORS-LARGE-TENT-Color-pink 1055w,https:\/\/a.allegroimg.com\/original\/117777\/b6a0d8d249d4b2fa211489346730\/home-baby-TIPI-set-FOR-GIRLS-wigwam-tent-COLORS-LARGE-TENT-Color-pink 1811w\" alt=\"home&amp;baby TIPI set FOR GIRLS wigwam tent COLORS LARGE TENT Color pink\" width=\"1811px\" data-srcset=\"\" \/><\/button><\/div>\n<\/div>\n<\/div>\n<\/div>\n<\/div>\n<div class=\"mpof_ki myre_zn myre_8v_l m389_6m_l\">\n<div class=\"mp4t_16_s mryx_16_s mr3m_1 mli2_1 mh85_56 mh85_0_l\">\n<div class=\"mg9e_8 mj7a_8 mg9e_0_s mvrt_0_s mj7a_0_s mh36_0_s mzmg_6m munh_16_l m3h2_16_l\">\n<div class=\"mp4t_0 mryx_0 munh_56 m3h2_56\">\n<div class=\"mp7g_oh\"><button class=\"mg9e_0 mvrt_0 mj7a_0 mh36_0 mp4t_0 m3h2_0 mryx_0 munh_0 mqen_m6 mpof_z0 mx7m_0 m7er_k4 mse2_k4 msts_pt\" data-analytics-interaction=\"true\" data-analytics-interaction-label=\"zoomable-image-open\" aria-disabled=\"true\"><img decoding=\"async\" class=\"msub_k4 mupj_5k mjru_k4 mse2_k4 mp7g_f6 mq1m_0 mj7u_0 m7er_k4 mqen_m6 m31c_d8 m0ux_fp lazyloaded\" src=\"https:\/\/a.allegroimg.com\/original\/11c4ad\/ba61fba44c1d8017d66a80a5c9f6\/home-baby-TIPI-set-FOR-GIRLS-wigwam-tent-COLORS-LARGE-TENT-Hero-fairy-tale-none\" sizes=\"(min-width: 1200px) 560px, (min-width: 992px) 50vw, 100vw\" srcset=\"https:\/\/a.allegroimg.com\/s360\/11c4ad\/ba61fba44c1d8017d66a80a5c9f6\/home-baby-TIPI-set-FOR-GIRLS-wigwam-tent-COLORS-LARGE-TENT-Hero-fairy-tale-none 241w,https:\/\/a.allegroimg.com\/s720\/11c4ad\/ba61fba44c1d8017d66a80a5c9f6\/home-baby-TIPI-set-FOR-GIRLS-wigwam-tent-COLORS-LARGE-TENT-Hero-fairy-tale-none 483w,https:\/\/a.allegroimg.com\/s1024\/11c4ad\/ba61fba44c1d8017d66a80a5c9f6\/home-baby-TIPI-set-FOR-GIRLS-wigwam-tent-COLORS-LARGE-TENT-Hero-fairy-tale-none 687w,https:\/\/a.allegroimg.com\/s1440\/11c4ad\/ba61fba44c1d8017d66a80a5c9f6\/home-baby-TIPI-set-FOR-GIRLS-wigwam-tent-COLORS-LARGE-TENT-Hero-fairy-tale-none 966w,https:\/\/a.allegroimg.com\/original\/11c4ad\/ba61fba44c1d8017d66a80a5c9f6\/home-baby-TIPI-set-FOR-GIRLS-wigwam-tent-COLORS-LARGE-TENT-Hero-fairy-tale-none 1718w\" alt=\"home&amp;baby TIPI set FOR GIRLS wigwam tent COLORS LARGE TENT Hero \/ fairy tale none\" width=\"1718px\" data-srcset=\"\" \/><\/button><\/div>\n<\/div>\n<\/div>\n<\/div>\n<div class=\"mp4t_16_s mryx_16_s mr3m_1 mli2_1 mh85_56 mh85_0_l\">\n<div class=\"mgn2_16 _0d3bd_am0a-\">\n<p><b><span dir=\"auto\">namai ir k\u016bdikis<\/span><\/b><\/p>\n<p><span dir=\"auto\">Palapin\u0117 pagaminta i\u0161 100 % lenki\u0161k\u0173 produkt\u0173.<\/span><\/p>\n<p><span dir=\"auto\">Kilim\u0117lis u\u017epildytas antialerginiu neaustiniu audiniu, kuris izoliuoja nuo \u0161alt\u0173 grind\u0173, o tai teigiamai veikia \u017eaidimo komfort\u0105.<\/span><\/p>\n<p><span dir=\"auto\">Dir\u017eeliai prisi\u016bti kilim\u0117lio kampuose, tod\u0117l j\u012f lengva priri\u0161ti prie palapin\u0117s.<\/span><\/p>\n<p><span dir=\"auto\">Palapin\u0117 pagaminta kruop\u0161\u010diai!<\/span><\/p>\n<p><b><span dir=\"auto\">Pateikdami u\u017esakym\u0105 pardav\u0117jui \u017einute, nurodykite pasirinkt\u0105 modelio numer\u012f<\/span><\/b><span dir=\"auto\">\u00a0.<\/span><\/p>\n<\/div>\n<\/div>\n<\/div>\n<div class=\"mpof_ki myre_zn myre_8v_l m389_6m_l\">\n<div class=\"mp4t_16_s mryx_16_s mr3m_1 mli2_1 mh85_56 mh85_0_l\">\n<div class=\"mg9e_8 mj7a_8 mg9e_0_s mvrt_0_s mj7a_0_s mh36_0_s mzmg_6m munh_16_l m3h2_16_l\">\n<div class=\"mp4t_0 mryx_0 munh_56 m3h2_56\">\n<div class=\"mp7g_oh\"><button class=\"mg9e_0 mvrt_0 mj7a_0 mh36_0 mp4t_0 m3h2_0 mryx_0 munh_0 mqen_m6 mpof_z0 mx7m_0 m7er_k4 mse2_k4 msts_pt\" data-analytics-interaction=\"true\" data-analytics-interaction-label=\"zoomable-image-open\" aria-disabled=\"true\"><img decoding=\"async\" class=\"msub_k4 mupj_5k mjru_k4 mse2_k4 mp7g_f6 mq1m_0 mj7u_0 m7er_k4 mqen_m6 m31c_d8 m0ux_fp lazyloaded\" src=\"https:\/\/a.allegroimg.com\/original\/11297a\/ba2d6af248188af5c47487682fc4\/home-baby-TIPI-set-FOR-GIRLS-wigwam-tent-COLORS-LARGE-TENT-Product-width-110-cm\" sizes=\"(min-width: 1200px) 560px, (min-width: 992px) 50vw, 100vw\" srcset=\"https:\/\/a.allegroimg.com\/s360\/11297a\/ba2d6af248188af5c47487682fc4\/home-baby-TIPI-set-FOR-GIRLS-wigwam-tent-COLORS-LARGE-TENT-Product-width-110-cm 360w,https:\/\/a.allegroimg.com\/s720\/11297a\/ba2d6af248188af5c47487682fc4\/home-baby-TIPI-set-FOR-GIRLS-wigwam-tent-COLORS-LARGE-TENT-Product-width-110-cm 720w,https:\/\/a.allegroimg.com\/s1024\/11297a\/ba2d6af248188af5c47487682fc4\/home-baby-TIPI-set-FOR-GIRLS-wigwam-tent-COLORS-LARGE-TENT-Product-width-110-cm 1024w,https:\/\/a.allegroimg.com\/original\/11297a\/ba2d6af248188af5c47487682fc4\/home-baby-TIPI-set-FOR-GIRLS-wigwam-tent-COLORS-LARGE-TENT-Product-width-110-cm 1024w\" alt=\"home&amp;baby TIPI set FOR GIRLS wigwam tent COLORS LARGE TENT Product width 110 cm\" width=\"1024px\" data-srcset=\"\" \/><\/button><\/div>\n<\/div>\n<\/div>\n<\/div>\n<div class=\"mp4t_16_s mryx_16_s mr3m_1 mli2_1 mh85_56 mh85_0_l\">\n<div class=\"mgn2_16 _0d3bd_am0a-\">\n<p><span dir=\"auto\">Kamuoli\u0173 stabilizatorius\u00a0<\/span><b><span dir=\"auto\">NEMOKAMAI!!!<\/span><\/b><\/p>\n<\/div>\n<\/div>\n<\/div>","protected":false},"excerpt":{"rendered":"<p>Didel\u0117 TIPI palapin\u0117 \u2013 ideali vieta \u017eaisti \u012e rinkin\u012f \u012feina: Palapin\u0117\u00a0su klost\u0117mis, pagaminta i\u0161 100 % medviln\u0117s, Mink\u0161tas\u00a0kilim\u0117lis\u00a0su virvel\u0117mis, 110\/110<\/p>","protected":false},"featured_media":75911,"template":"","meta":{"_acf_changed":false,"_glsr_average":0,"_glsr_ranking":0,"_glsr_reviews":0},"product_brand":[],"product_cat":[236,254],"product_tag":[],"class_list":{"0":"post-75910","1":"product","2":"type-product","3":"status-publish","4":"has-post-thumbnail","6":"product_cat-vaikiskos-palapines","7":"product_cat-vaiko-kambarys","8":"\"style=\"background-color: #2ecc711c;\"","10":"first","11":"instock","12":"shipping-taxable","13":"purchasable","14":"product-type-simple"},"acf":[],"yoast_head":"<!-- This site is optimized with the Yoast SEO plugin v27.4 - https:\/\/yoast.com\/product\/yoast-seo-wordpress\/ -->\n<title>TIPI ro\u017ein\u0117 palapin\u0117 vigwam - KidsPlay<\/title>\n<meta name=\"description\" content=\"TIPI ro\u017ein\u0117 palapin\u0117 vigwam - KidsPlay. Did\u017eiausias vaik\u0173 \u017eaisl\u0173 pasirinkimas.\" \/>\n<meta name=\"robots\" content=\"index, follow, max-snippet:-1, max-image-preview:large, max-video-preview:-1\" \/>\n<link rel=\"canonical\" href=\"https:\/\/kidsplay.lt\/lv\/products\/tipi-rozine-palapine-vigwam\/\" \/>\n<meta property=\"og:locale\" content=\"lv_LV\" \/>\n<meta property=\"og:type\" content=\"article\" \/>\n<meta property=\"og:title\" content=\"TIPI ro\u017ein\u0117 palapin\u0117 vigwam - KidsPlay\" \/>\n<meta property=\"og:description\" content=\"TIPI ro\u017ein\u0117 palapin\u0117 vigwam - KidsPlay. Did\u017eiausias vaik\u0173 \u017eaisl\u0173 pasirinkimas.\" \/>\n<meta property=\"og:url\" content=\"https:\/\/kidsplay.lt\/lv\/products\/tipi-rozine-palapine-vigwam\/\" \/>\n<meta property=\"og:site_name\" content=\"KidsPlay\" \/>\n<meta property=\"article:publisher\" content=\"https:\/\/www.facebook.com\/www.kidsplay.lt\" \/>\n<meta property=\"og:image\" content=\"https:\/\/kidsplay.lt\/wp-content\/uploads\/2025\/10\/Screenshot_947.png\" \/>\n\t<meta property=\"og:image:width\" content=\"410\" \/>\n\t<meta property=\"og:image:height\" content=\"458\" \/>\n\t<meta property=\"og:image:type\" content=\"image\/png\" \/>\n<meta name=\"twitter:card\" content=\"summary_large_image\" \/>\n<meta name=\"twitter:label1\" content=\"Est. reading time\" \/>\n\t<meta name=\"twitter:data1\" content=\"2 min\u016btes\" \/>\n<script type=\"application\/ld+json\" class=\"yoast-schema-graph\">{\"@context\":\"https:\\\/\\\/schema.org\",\"@graph\":[{\"@type\":\"WebPage\",\"@id\":\"https:\\\/\\\/kidsplay.lt\\\/produktas\\\/tipi-rozine-palapine-vigwam\\\/\",\"url\":\"https:\\\/\\\/kidsplay.lt\\\/produktas\\\/tipi-rozine-palapine-vigwam\\\/\",\"name\":\"TIPI ro\u017ein\u0117 palapin\u0117 vigwam - KidsPlay\",\"isPartOf\":{\"@id\":\"https:\\\/\\\/kidsplay.lt\\\/#website\"},\"primaryImageOfPage\":{\"@id\":\"https:\\\/\\\/kidsplay.lt\\\/produktas\\\/tipi-rozine-palapine-vigwam\\\/#primaryimage\"},\"image\":{\"@id\":\"https:\\\/\\\/kidsplay.lt\\\/produktas\\\/tipi-rozine-palapine-vigwam\\\/#primaryimage\"},\"thumbnailUrl\":\"https:\\\/\\\/kidsplay.lt\\\/wp-content\\\/uploads\\\/2025\\\/10\\\/Screenshot_947.png\",\"datePublished\":\"2025-10-10T17:06:14+00:00\",\"description\":\"TIPI ro\u017ein\u0117 palapin\u0117 vigwam - KidsPlay. Did\u017eiausias vaik\u0173 \u017eaisl\u0173 pasirinkimas.\",\"breadcrumb\":{\"@id\":\"https:\\\/\\\/kidsplay.lt\\\/produktas\\\/tipi-rozine-palapine-vigwam\\\/#breadcrumb\"},\"inLanguage\":\"lv-LV\",\"potentialAction\":[{\"@type\":\"ReadAction\",\"target\":[\"https:\\\/\\\/kidsplay.lt\\\/produktas\\\/tipi-rozine-palapine-vigwam\\\/\"]}]},{\"@type\":\"ImageObject\",\"inLanguage\":\"lv-LV\",\"@id\":\"https:\\\/\\\/kidsplay.lt\\\/produktas\\\/tipi-rozine-palapine-vigwam\\\/#primaryimage\",\"url\":\"https:\\\/\\\/kidsplay.lt\\\/wp-content\\\/uploads\\\/2025\\\/10\\\/Screenshot_947.png\",\"contentUrl\":\"https:\\\/\\\/kidsplay.lt\\\/wp-content\\\/uploads\\\/2025\\\/10\\\/Screenshot_947.png\",\"width\":410,\"height\":458},{\"@type\":\"BreadcrumbList\",\"@id\":\"https:\\\/\\\/kidsplay.lt\\\/produktas\\\/tipi-rozine-palapine-vigwam\\\/#breadcrumb\",\"itemListElement\":[{\"@type\":\"ListItem\",\"position\":1,\"name\":\"Pagrindinis\",\"item\":\"https:\\\/\\\/kidsplay.lt\\\/\"},{\"@type\":\"ListItem\",\"position\":2,\"name\":\"Parduotuv\u0117\",\"item\":\"https:\\\/\\\/kidsplay.lt\\\/parduotuve\\\/\"},{\"@type\":\"ListItem\",\"position\":3,\"name\":\"TIPI ro\u017ein\u0117 palapin\u0117 vigwam\"}]},{\"@type\":\"WebSite\",\"@id\":\"https:\\\/\\\/kidsplay.lt\\\/#website\",\"url\":\"https:\\\/\\\/kidsplay.lt\\\/\",\"name\":\"Kidsplay.lt\",\"description\":\"\u012evairios prek\u0117s vaikams\",\"publisher\":{\"@id\":\"https:\\\/\\\/kidsplay.lt\\\/#organization\"},\"alternateName\":\"Kidsplay\",\"potentialAction\":[{\"@type\":\"SearchAction\",\"target\":{\"@type\":\"EntryPoint\",\"urlTemplate\":\"https:\\\/\\\/kidsplay.lt\\\/?s={search_term_string}\"},\"query-input\":{\"@type\":\"PropertyValueSpecification\",\"valueRequired\":true,\"valueName\":\"search_term_string\"}}],\"inLanguage\":\"lv-LV\"},{\"@type\":\"Organization\",\"@id\":\"https:\\\/\\\/kidsplay.lt\\\/#organization\",\"name\":\"KidsPlay\",\"url\":\"https:\\\/\\\/kidsplay.lt\\\/\",\"logo\":{\"@type\":\"ImageObject\",\"inLanguage\":\"lv-LV\",\"@id\":\"https:\\\/\\\/kidsplay.lt\\\/#\\\/schema\\\/logo\\\/image\\\/\",\"url\":\"https:\\\/\\\/kidsplay.lt\\\/wp-content\\\/uploads\\\/2023\\\/07\\\/kidsplay-logo.png\",\"contentUrl\":\"https:\\\/\\\/kidsplay.lt\\\/wp-content\\\/uploads\\\/2023\\\/07\\\/kidsplay-logo.png\",\"width\":451,\"height\":98,\"caption\":\"KidsPlay\"},\"image\":{\"@id\":\"https:\\\/\\\/kidsplay.lt\\\/#\\\/schema\\\/logo\\\/image\\\/\"},\"sameAs\":[\"https:\\\/\\\/www.facebook.com\\\/www.kidsplay.lt\"]}]}<\/script>\n<!-- \/ Yoast SEO plugin. -->","yoast_head_json":{"title":"TIPI ro\u017ein\u0117 palapin\u0117 vigwam - KidsPlay","description":"TIPI ro\u017ein\u0117 palapin\u0117 vigwam - KidsPlay. Did\u017eiausias vaik\u0173 \u017eaisl\u0173 pasirinkimas.","robots":{"index":"index","follow":"follow","max-snippet":"max-snippet:-1","max-image-preview":"max-image-preview:large","max-video-preview":"max-video-preview:-1"},"canonical":"https:\/\/kidsplay.lt\/lv\/products\/tipi-rozine-palapine-vigwam\/","og_locale":"lv_LV","og_type":"article","og_title":"TIPI ro\u017ein\u0117 palapin\u0117 vigwam - KidsPlay","og_description":"TIPI ro\u017ein\u0117 palapin\u0117 vigwam - KidsPlay. Did\u017eiausias vaik\u0173 \u017eaisl\u0173 pasirinkimas.","og_url":"https:\/\/kidsplay.lt\/lv\/products\/tipi-rozine-palapine-vigwam\/","og_site_name":"KidsPlay","article_publisher":"https:\/\/www.facebook.com\/www.kidsplay.lt","og_image":[{"width":410,"height":458,"url":"https:\/\/kidsplay.lt\/wp-content\/uploads\/2025\/10\/Screenshot_947.png","type":"image\/png"}],"twitter_card":"summary_large_image","twitter_misc":{"Est. reading time":"2 min\u016btes"},"schema":{"@context":"https:\/\/schema.org","@graph":[{"@type":"WebPage","@id":"https:\/\/kidsplay.lt\/produktas\/tipi-rozine-palapine-vigwam\/","url":"https:\/\/kidsplay.lt\/produktas\/tipi-rozine-palapine-vigwam\/","name":"TIPI ro\u017ein\u0117 palapin\u0117 vigwam - KidsPlay","isPartOf":{"@id":"https:\/\/kidsplay.lt\/#website"},"primaryImageOfPage":{"@id":"https:\/\/kidsplay.lt\/produktas\/tipi-rozine-palapine-vigwam\/#primaryimage"},"image":{"@id":"https:\/\/kidsplay.lt\/produktas\/tipi-rozine-palapine-vigwam\/#primaryimage"},"thumbnailUrl":"https:\/\/kidsplay.lt\/wp-content\/uploads\/2025\/10\/Screenshot_947.png","datePublished":"2025-10-10T17:06:14+00:00","description":"TIPI ro\u017ein\u0117 palapin\u0117 vigwam - KidsPlay. Did\u017eiausias vaik\u0173 \u017eaisl\u0173 pasirinkimas.","breadcrumb":{"@id":"https:\/\/kidsplay.lt\/produktas\/tipi-rozine-palapine-vigwam\/#breadcrumb"},"inLanguage":"lv-LV","potentialAction":[{"@type":"ReadAction","target":["https:\/\/kidsplay.lt\/produktas\/tipi-rozine-palapine-vigwam\/"]}]},{"@type":"ImageObject","inLanguage":"lv-LV","@id":"https:\/\/kidsplay.lt\/produktas\/tipi-rozine-palapine-vigwam\/#primaryimage","url":"https:\/\/kidsplay.lt\/wp-content\/uploads\/2025\/10\/Screenshot_947.png","contentUrl":"https:\/\/kidsplay.lt\/wp-content\/uploads\/2025\/10\/Screenshot_947.png","width":410,"height":458},{"@type":"BreadcrumbList","@id":"https:\/\/kidsplay.lt\/produktas\/tipi-rozine-palapine-vigwam\/#breadcrumb","itemListElement":[{"@type":"ListItem","position":1,"name":"Pagrindinis","item":"https:\/\/kidsplay.lt\/"},{"@type":"ListItem","position":2,"name":"Parduotuv\u0117","item":"https:\/\/kidsplay.lt\/parduotuve\/"},{"@type":"ListItem","position":3,"name":"TIPI ro\u017ein\u0117 palapin\u0117 vigwam"}]},{"@type":"WebSite","@id":"https:\/\/kidsplay.lt\/#website","url":"https:\/\/kidsplay.lt\/","name":"B\u0113rnu sp\u0113les.lv","description":"\u012evairios prek\u0117s vaikams","publisher":{"@id":"https:\/\/kidsplay.lt\/#organization"},"alternateName":"Kidsplay","potentialAction":[{"@type":"SearchAction","target":{"@type":"EntryPoint","urlTemplate":"https:\/\/kidsplay.lt\/?s={search_term_string}"},"query-input":{"@type":"PropertyValueSpecification","valueRequired":true,"valueName":"search_term_string"}}],"inLanguage":"lv-LV"},{"@type":"Organization","@id":"https:\/\/kidsplay.lt\/#organization","name":"B\u0113rnu sp\u0113le","url":"https:\/\/kidsplay.lt\/","logo":{"@type":"ImageObject","inLanguage":"lv-LV","@id":"https:\/\/kidsplay.lt\/#\/schema\/logo\/image\/","url":"https:\/\/kidsplay.lt\/wp-content\/uploads\/2023\/07\/kidsplay-logo.png","contentUrl":"https:\/\/kidsplay.lt\/wp-content\/uploads\/2023\/07\/kidsplay-logo.png","width":451,"height":98,"caption":"KidsPlay"},"image":{"@id":"https:\/\/kidsplay.lt\/#\/schema\/logo\/image\/"},"sameAs":["https:\/\/www.facebook.com\/www.kidsplay.lt"]}]}},"_links":{"self":[{"href":"https:\/\/kidsplay.lt\/lv\/wp-json\/wp\/v2\/product\/75910","targetHints":{"allow":["GET"]}}],"collection":[{"href":"https:\/\/kidsplay.lt\/lv\/wp-json\/wp\/v2\/product"}],"about":[{"href":"https:\/\/kidsplay.lt\/lv\/wp-json\/wp\/v2\/types\/product"}],"version-history":[{"count":1,"href":"https:\/\/kidsplay.lt\/lv\/wp-json\/wp\/v2\/product\/75910\/revisions"}],"predecessor-version":[{"id":75914,"href":"https:\/\/kidsplay.lt\/lv\/wp-json\/wp\/v2\/product\/75910\/revisions\/75914"}],"wp:featuredmedia":[{"embeddable":true,"href":"https:\/\/kidsplay.lt\/lv\/wp-json\/wp\/v2\/media\/75911"}],"wp:attachment":[{"href":"https:\/\/kidsplay.lt\/lv\/wp-json\/wp\/v2\/media?parent=75910"}],"wp:term":[{"taxonomy":"product_brand","embeddable":true,"href":"https:\/\/kidsplay.lt\/lv\/wp-json\/wp\/v2\/product_brand?post=75910"},{"taxonomy":"product_cat","embeddable":true,"href":"https:\/\/kidsplay.lt\/lv\/wp-json\/wp\/v2\/product_cat?post=75910"},{"taxonomy":"product_tag","embeddable":true,"href":"https:\/\/kidsplay.lt\/lv\/wp-json\/wp\/v2\/product_tag?post=75910"}],"curies":[{"name":"wp","href":"https:\/\/api.w.org\/{rel}","templated":true}]}}