{"id":75919,"date":"2025-10-10T21:20:53","date_gmt":"2025-10-10T18:20:53","guid":{"rendered":"https:\/\/kidsplay.lt\/?post_type=product&#038;p=75919"},"modified":"2025-12-29T22:09:40","modified_gmt":"2025-12-29T20:09:40","slug":"minkstas-storas-dvipusis-sulankstomas-kilimelis-200x180cm","status":"publish","type":"product","link":"https:\/\/kidsplay.lt\/lv\/products\/minkstas-storas-dvipusis-sulankstomas-kilimelis-200x180cm\/","title":{"rendered":"M\u012bksts, biezs, divpus\u0113js salok\u0101ms pakl\u0101ji\u0146\u0161 200x180cm"},"content":{"rendered":"<div class=\"mpof_ki myre_zn myre_8v_l m389_6m_l\">\n<div class=\"mp4t_16_s mryx_16_s mr3m_1 mli2_1 mh85_56 mh85_0_l\">\n<div class=\"mgn2_16 _0d3bd_am0a-\">\n<h1><span dir=\"auto\">\u201ePANDY AND INDAI\u201c \u2013 didelis, dvipusis, sulankstomas edukacinis kilim\u0117lis XXL + VIR\u0160ELIS<\/span><\/h1>\n<\/div>\n<\/div>\n<\/div>\n<div class=\"mpof_ki myre_zn myre_8v_l m389_6m_l\">\n<div class=\"mp4t_16_s mryx_16_s mr3m_1 mli2_1 mh85_56 mh85_0_l\">\n<div class=\"mg9e_8 mj7a_8 mg9e_0_s mvrt_0_s mj7a_0_s mh36_0_s mzmg_6m munh_16_l m3h2_16_l\">\n<div class=\"mp4t_0 mryx_0 munh_56 m3h2_56\">\n<div class=\"mp7g_oh\"><button class=\"mg9e_0 mvrt_0 mj7a_0 mh36_0 mp4t_0 m3h2_0 mryx_0 munh_0 mqen_m6 mpof_z0 mx7m_0 m7er_k4 mse2_k4 msts_pt\" data-analytics-interaction=\"true\" data-analytics-interaction-label=\"zoomable-image-open\" aria-disabled=\"true\"><img decoding=\"async\" class=\"msub_k4 mupj_5k mjru_k4 mse2_k4 mp7g_f6 mq1m_0 mj7u_0 m7er_k4 mqen_m6 m31c_d8 m0ux_fp lazyloaded\" src=\"https:\/\/a.allegroimg.com\/original\/11967f\/b36d6892487897a95d18d2e3324b\/EDUCATIONAL-FOLDING-FOAM-MAT-SOFT-THICK-DOUBLE-SIDED-FOLDING-200x180-Hero-fairy-tale-none\" sizes=\"(min-width: 1200px) 560px, (min-width: 992px) 50vw, 100vw\" srcset=\"https:\/\/a.allegroimg.com\/s360\/11967f\/b36d6892487897a95d18d2e3324b\/EDUCATIONAL-FOLDING-FOAM-MAT-SOFT-THICK-DOUBLE-SIDED-FOLDING-200x180-Hero-fairy-tale-none 360w,https:\/\/a.allegroimg.com\/s720\/11967f\/b36d6892487897a95d18d2e3324b\/EDUCATIONAL-FOLDING-FOAM-MAT-SOFT-THICK-DOUBLE-SIDED-FOLDING-200x180-Hero-fairy-tale-none 720w,https:\/\/a.allegroimg.com\/s1024\/11967f\/b36d6892487897a95d18d2e3324b\/EDUCATIONAL-FOLDING-FOAM-MAT-SOFT-THICK-DOUBLE-SIDED-FOLDING-200x180-Hero-fairy-tale-none 900w,https:\/\/a.allegroimg.com\/original\/11967f\/b36d6892487897a95d18d2e3324b\/EDUCATIONAL-FOLDING-FOAM-MAT-SOFT-THICK-DOUBLE-SIDED-FOLDING-200x180-Hero-fairy-tale-none 900w\" alt=\"MOKOMASIS SULANKSTOMAS PUT\u0172 PLASTMASIO KILIM\u0116LIS, MINK\u0160TAS, STORAS, DVIPUSIS, SULANKSTOMAS, 200x180, herojus \/ pasaka, n\u0117ra\" width=\"900px\" data-srcset=\"\" \/><\/button><\/div>\n<\/div>\n<\/div>\n<\/div>\n<div class=\"mp4t_16_s mryx_16_s mr3m_1 mli2_1 mh85_56 mh85_0_l\">\n<div class=\"mgn2_16 _0d3bd_am0a-\">\n<h2><span dir=\"auto\">Edukacinio kilim\u0117lio \u201ePANDA IR IND\u0116NAI\u201c parametrai:<\/span><\/h2>\n<ul>\n<li><b><span dir=\"auto\">Plotis:<\/span><\/b><span dir=\"auto\">\u00a0180 cm<\/span><\/li>\n<li><b><span dir=\"auto\">Ilgis:<\/span><\/b><span dir=\"auto\">\u00a0200 cm<\/span><\/li>\n<li><b><span dir=\"auto\">Storis:<\/span><\/b><span dir=\"auto\">\u00a01 cm<\/span><\/li>\n<li><b><span dir=\"auto\">Atsparumas vandeniui:<\/span><\/b><span dir=\"auto\">\u00a0Taip<\/span><\/li>\n<li><b><span dir=\"auto\">Z\u012bmols:<\/span><\/b><span dir=\"auto\">\u00a04FIZJO-KIDS<\/span><\/li>\n<li><b><span dir=\"auto\">Dro\u0161\u012bba:<\/span><\/b><span dir=\"auto\">\u00a0CE, SGS<\/span><\/li>\n<li><b><span dir=\"auto\">Materi\u0101ls:<\/span><\/b><span dir=\"auto\">\u00a0XPE<\/span><\/li>\n<li><b><span dir=\"auto\">Vir\u0161elis:<\/span><\/b><span dir=\"auto\">\u00a0Taip<\/span><\/li>\n<li><b><span dir=\"auto\">Dvipusis:<\/span><\/b><span dir=\"auto\">\u00a0Taip<\/span><\/li>\n<\/ul>\n<p><b><span dir=\"auto\">XPE putplastis \u2013 tai kokyb\u0117!<\/span><\/b><span dir=\"auto\">\u00a0Kilim\u0117lis yra\u00a0<\/span><b><span dir=\"auto\">100 % atsparus vandeniui,<\/span><\/b><span dir=\"auto\">\u00a0tod\u0117l j\u012f lengva valyti\u00a0<\/span><b><span dir=\"auto\">dr\u0117gnu skudur\u0117liu,<\/span><\/b><span dir=\"auto\">\u00a0nenaudojant chemini\u0173 med\u017eiag\u0173.<\/span><\/p>\n<p><span dir=\"auto\">Putplastis, i\u0161 kurio pagamintas edukacinis kilim\u0117lis, pasi\u017eymi dideliu\u00a0<\/span><b><span dir=\"auto\">tankiu<\/span><\/b><span dir=\"auto\">\u00a0un\u00a0<\/span><b><span dir=\"auto\">elastingumu.<\/span><\/b><span dir=\"auto\">\u00a0D\u0117l to jis geriau\u00a0<\/span><b><span dir=\"auto\">sugeria bet kokius kritimus<\/span><\/b><span dir=\"auto\">\u00a0, kuriems gali pakenkti j\u016bs\u0173 vaikas.<\/span><\/p>\n<p><span dir=\"auto\">XPE yra\u00a0<\/span><b><span dir=\"auto\">auk\u0161\u010diausios kokyb\u0117s<\/span><\/b><span dir=\"auto\">\u00a0med\u017eiaga, ji yra labai\u00a0<\/span><b><span dir=\"auto\">patvari, ir galite b\u016bti tikri<\/span><\/b><span dir=\"auto\">\u00a0, kad tai kilim\u0117lis, kur\u012f j\u016bs\u0173 vaikas naudos ilg\u0105 laik\u0105. Kilim\u0117lio pavir\u0161ius yra\u00a0<\/span><b><span dir=\"auto\">neslidus<\/span><\/b><span dir=\"auto\">\u00a0ir puikiai\u00a0<\/span><b><span dir=\"auto\">izoliuoja nuo v\u0117si\u0173 grind\u0173<\/span><\/b><span dir=\"auto\">\u00a0.<\/span><\/p>\n<p><b><span dir=\"auto\">Saugumas garantuotas!<\/span><\/b><span dir=\"auto\">\u00a0Mes, kineziterapeutai, suprantame j\u016bs\u0173 saugumo svarb\u0105. Tod\u0117l 4FIZJO-KIDS lavinamasis kilim\u0117lis neturi\u00a0<\/span><b><span dir=\"auto\">formamido<\/span><\/b><span dir=\"auto\">\u00a0,\u00a0<\/span><b><span dir=\"auto\">ftalato<\/span><\/b><span dir=\"auto\">\u00a0,\u00a0<\/span><b><span dir=\"auto\">PVC<\/span><\/b><span dir=\"auto\">\u00a0ar\u00a0<\/span><b><span dir=\"auto\">bisfenolio<\/span><\/b><span dir=\"auto\">\u00a0A.<\/span><\/p>\n<\/div>\n<\/div>\n<\/div>\n<div class=\"mpof_ki myre_zn myre_8v_l m389_6m_l\">\n<div class=\"mp4t_16_s mryx_16_s mr3m_1 mli2_1 mh85_56 mh85_0_l\">\n<div class=\"mg9e_8 mj7a_8 mg9e_0_s mvrt_0_s mj7a_0_s mh36_0_s mzmg_6m munh_16_l m3h2_16_l\">\n<div class=\"mp4t_0 mryx_0 munh_56 m3h2_56\">\n<div class=\"mp7g_oh\"><button class=\"mg9e_0 mvrt_0 mj7a_0 mh36_0 mp4t_0 m3h2_0 mryx_0 munh_0 mqen_m6 mpof_z0 mx7m_0 m7er_k4 mse2_k4 msts_pt\" data-analytics-interaction=\"true\" data-analytics-interaction-label=\"zoomable-image-open\" aria-disabled=\"true\"><img decoding=\"async\" class=\"msub_k4 mupj_5k mjru_k4 mse2_k4 mp7g_f6 mq1m_0 mj7u_0 m7er_k4 mqen_m6 m31c_d8 m0ux_fp lazyloaded\" src=\"https:\/\/a.allegroimg.com\/original\/119739\/a4bfdd9340b3ad7db17fe52c39d4\/EDUCATIONAL-FOLDING-FOAM-MAT-SOFT-THICK-DOUBLE-SIDED-FOLDING-200x180-Minimum-kid-s-age-0\" sizes=\"(min-width: 1200px) 560px, (min-width: 992px) 50vw, 100vw\" srcset=\"https:\/\/a.allegroimg.com\/s360\/119739\/a4bfdd9340b3ad7db17fe52c39d4\/EDUCATIONAL-FOLDING-FOAM-MAT-SOFT-THICK-DOUBLE-SIDED-FOLDING-200x180-Minimum-kid-s-age-0 360w,https:\/\/a.allegroimg.com\/s720\/119739\/a4bfdd9340b3ad7db17fe52c39d4\/EDUCATIONAL-FOLDING-FOAM-MAT-SOFT-THICK-DOUBLE-SIDED-FOLDING-200x180-Minimum-kid-s-age-0 720w,https:\/\/a.allegroimg.com\/s1024\/119739\/a4bfdd9340b3ad7db17fe52c39d4\/EDUCATIONAL-FOLDING-FOAM-MAT-SOFT-THICK-DOUBLE-SIDED-FOLDING-200x180-Minimum-kid-s-age-0 900w,https:\/\/a.allegroimg.com\/original\/119739\/a4bfdd9340b3ad7db17fe52c39d4\/EDUCATIONAL-FOLDING-FOAM-MAT-SOFT-THICK-DOUBLE-SIDED-FOLDING-200x180-Minimum-kid-s-age-0 900w\" alt=\"MOKOMASIS SULANKSTOMAS PUT\u0172 PLASTMASIO KILIM\u0116LIS, MINK\u0160TAS, STORAS, DVIPUSIS, SULANKSTOMAS, 200x180. Minimalus vaiko am\u017eius 0 m.\" width=\"900px\" data-srcset=\"\" \/><\/button><\/div>\n<\/div>\n<\/div>\n<\/div>\n<div class=\"mp4t_16_s mryx_16_s mr3m_1 mli2_1 mh85_56 mh85_0_l\">\n<div class=\"mgn2_16 _0d3bd_am0a-\">\n<h1><span dir=\"auto\">\u201ePANDA IR IND\u0116NAI\u201c \u2013 \u0161io sezono hitas!<\/span><\/h1>\n<p><b><\/b><b><\/b><b><span dir=\"auto\">\u201ePANDA IR IND\u0116NAI\u201c ra\u0161tas \u2013 tikras hitas!<\/span><\/b><span dir=\"auto\">\u00a0D\u0117l minimalistin\u0117s vaiki\u0161k\u0173 pie\u0161ini\u0173 linijos ir prislopint\u0173 spalv\u0173 kilim\u0117lis puikiai tinka moderniam interjerui. Specialiai parinktos spalvos ramina vaik\u0105 ir neu\u017ego\u017eia interjero. \u0160tai kod\u0117l \u0161is dizainas u\u017ekariavo daugelio klient\u0173 \u0161irdis.<\/span><\/p>\n<p><span dir=\"auto\">J\u016bs\u0173 vaikas gali s\u0117kmingai naudoti kilim\u0117l\u012f nuo pirm\u0173j\u0173 gyvenimo dien\u0173!<\/span><\/p>\n<p><span dir=\"auto\">Edukacinis kilim\u0117lis vaikui puikiai pakei\u010dia kilim\u0105 ar antklodes. D\u0117l neslystan\u010dio pavir\u0161iaus jis idealiai tinka mokytis\u00a0<\/span><b><span dir=\"auto\">ropoti<\/span><\/b><span dir=\"auto\">\u00a0,\u00a0<\/span><b><span dir=\"auto\">vaik\u0161\u010dioti<\/span><\/b><span dir=\"auto\">\u00a0,\u00a0<\/span><b><span dir=\"auto\">jud\u0117ti keturiomis<\/span><\/b><span dir=\"auto\">\u00a0ar\u00a0<\/span><b><span dir=\"auto\">ils\u0117tis<\/span><\/b><span dir=\"auto\">\u00a0!<\/span><\/p>\n<p><span dir=\"auto\">Edukacinis kilim\u0117lis atitinka visus Europos standartus ir yra sertifikuotas CE \u017eenklu. Be to, jis s\u0117kmingai i\u0161laik\u0117 SGS bandymus ir gavo sertifikat\u0105.<\/span><\/p>\n<\/div>\n<\/div>\n<\/div>\n<div class=\"mpof_ki myre_zn myre_8v_l m389_6m_l\">\n<div class=\"mp4t_16_s mryx_16_s mr3m_1 mli2_1 mh85_56 mh85_0_l\">\n<div class=\"mg9e_8 mj7a_8 mg9e_0_s mvrt_0_s mj7a_0_s mh36_0_s mzmg_6m munh_16_l m3h2_16_l\">\n<div class=\"mp4t_0 mryx_0 munh_56 m3h2_56\">\n<div class=\"mp7g_oh\"><button class=\"mg9e_0 mvrt_0 mj7a_0 mh36_0 mp4t_0 m3h2_0 mryx_0 munh_0 mqen_m6 mpof_z0 mx7m_0 m7er_k4 mse2_k4 msts_pt\" data-analytics-interaction=\"true\" data-analytics-interaction-label=\"zoomable-image-open\" aria-disabled=\"true\"><img decoding=\"async\" class=\"msub_k4 mupj_5k mjru_k4 mse2_k4 mp7g_f6 mq1m_0 mj7u_0 m7er_k4 mqen_m6 m31c_d8 m0ux_fp lazyloaded\" src=\"https:\/\/a.allegroimg.com\/original\/1186fb\/54971fc84feea1e21dd6a281036f\/EDUCATIONAL-FOLDING-FOAM-MAT-SOFT-THICK-DOUBLE-SIDED-FOLDING-200x180-Material-foam\" sizes=\"(min-width: 1200px) 560px, (min-width: 992px) 50vw, 100vw\" srcset=\"https:\/\/a.allegroimg.com\/s360\/1186fb\/54971fc84feea1e21dd6a281036f\/EDUCATIONAL-FOLDING-FOAM-MAT-SOFT-THICK-DOUBLE-SIDED-FOLDING-200x180-Material-foam 360w,https:\/\/a.allegroimg.com\/s720\/1186fb\/54971fc84feea1e21dd6a281036f\/EDUCATIONAL-FOLDING-FOAM-MAT-SOFT-THICK-DOUBLE-SIDED-FOLDING-200x180-Material-foam 720w,https:\/\/a.allegroimg.com\/s1024\/1186fb\/54971fc84feea1e21dd6a281036f\/EDUCATIONAL-FOLDING-FOAM-MAT-SOFT-THICK-DOUBLE-SIDED-FOLDING-200x180-Material-foam 900w,https:\/\/a.allegroimg.com\/original\/1186fb\/54971fc84feea1e21dd6a281036f\/EDUCATIONAL-FOLDING-FOAM-MAT-SOFT-THICK-DOUBLE-SIDED-FOLDING-200x180-Material-foam 900w\" alt=\"MOKOMASIS SULANKSTOMAS PUT\u0172 PLASTIKOS KILIM\u0116LIS, MINK\u0160TAS, STORAS, DVIPUSIS, SULANKSTOMAS, 200x180\" width=\"900px\" data-srcset=\"\" \/><\/button><\/div>\n<\/div>\n<\/div>\n<\/div>\n<div class=\"mp4t_16_s mryx_16_s mr3m_1 mli2_1 mh85_56 mh85_0_l\">\n<div class=\"mg9e_8 mj7a_8 mg9e_0_s mvrt_0_s mj7a_0_s mh36_0_s mzmg_6m munh_16_l m3h2_16_l\">\n<div class=\"mp4t_0 mryx_0 munh_56 m3h2_56\">\n<div class=\"mp7g_oh\"><button class=\"mg9e_0 mvrt_0 mj7a_0 mh36_0 mp4t_0 m3h2_0 mryx_0 munh_0 mqen_m6 mpof_z0 mx7m_0 m7er_k4 mse2_k4 msts_pt\" data-analytics-interaction=\"true\" data-analytics-interaction-label=\"zoomable-image-open\" aria-disabled=\"true\"><img decoding=\"async\" class=\"msub_k4 mupj_5k mjru_k4 mse2_k4 mp7g_f6 mq1m_0 mj7u_0 m7er_k4 mqen_m6 m31c_d8 m0ux_fp lazyloaded\" src=\"https:\/\/a.allegroimg.com\/original\/11b78e\/d1a4424b402eba4d8ce7cbbd729c\/EDUCATIONAL-FOLDING-FOAM-MAT-SOFT-THICK-DOUBLE-SIDED-FOLDING-200x180-Kid-s-age-3-months\" sizes=\"(min-width: 1200px) 560px, (min-width: 992px) 50vw, 100vw\" srcset=\"https:\/\/a.allegroimg.com\/s360\/11b78e\/d1a4424b402eba4d8ce7cbbd729c\/EDUCATIONAL-FOLDING-FOAM-MAT-SOFT-THICK-DOUBLE-SIDED-FOLDING-200x180-Kid-s-age-3-months 360w,https:\/\/a.allegroimg.com\/s720\/11b78e\/d1a4424b402eba4d8ce7cbbd729c\/EDUCATIONAL-FOLDING-FOAM-MAT-SOFT-THICK-DOUBLE-SIDED-FOLDING-200x180-Kid-s-age-3-months 720w,https:\/\/a.allegroimg.com\/s1024\/11b78e\/d1a4424b402eba4d8ce7cbbd729c\/EDUCATIONAL-FOLDING-FOAM-MAT-SOFT-THICK-DOUBLE-SIDED-FOLDING-200x180-Kid-s-age-3-months 900w,https:\/\/a.allegroimg.com\/original\/11b78e\/d1a4424b402eba4d8ce7cbbd729c\/EDUCATIONAL-FOLDING-FOAM-MAT-SOFT-THICK-DOUBLE-SIDED-FOLDING-200x180-Kid-s-age-3-months 900w\" alt=\"MOKOMASIS SULANKSTOMAS PUT\u0172 PLOMBYR\u0172 KILIM\u0116LIS, MINK\u0160TAS, STORAS, DVIPUSIS, SULANKSTOMAS, 200x180, vaikams nuo 3 m\u0117nesi\u0173\" width=\"900px\" data-srcset=\"\" \/><\/button><\/div>\n<\/div>\n<\/div>\n<\/div>\n<\/div>","protected":false},"excerpt":{"rendered":"<p>\u201ePANDY AND INDAI\u201c \u2013 didelis, dvipusis, sulankstomas edukacinis kilim\u0117lis XXL + VIR\u0160ELIS Edukacinio kilim\u0117lio \u201ePANDA IR IND\u0116NAI\u201c parametrai: Plotis:\u00a0180 cm<\/p>","protected":false},"featured_media":75920,"template":"","meta":{"_acf_changed":false,"_glsr_average":0,"_glsr_ranking":0,"_glsr_reviews":0},"product_brand":[],"product_cat":[350,254],"product_tag":[],"class_list":{"0":"post-75919","1":"product","2":"type-product","3":"status-publish","4":"has-post-thumbnail","6":"product_cat-kilimai-vaiko-kambariui","7":"product_cat-vaiko-kambarys","8":"\"style=\"background-color: #2ecc711c;\"","10":"first","11":"instock","12":"sale","13":"shipping-taxable","14":"purchasable","15":"product-type-simple"},"acf":[],"yoast_head":"<!-- This site is optimized with the Yoast SEO plugin v27.4 - https:\/\/yoast.com\/product\/yoast-seo-wordpress\/ -->\n<title>Mink\u0161tas, storas, dvipusis sulankstomas kilim\u0117lis 200X180cm - KidsPlay<\/title>\n<meta name=\"description\" content=\"Mink\u0161tas, storas, dvipusis sulankstomas kilim\u0117lis 200X180cm - KidsPlay. Did\u017eiausias vaik\u0173 \u017eaisl\u0173 pasirinkimas.\" \/>\n<meta name=\"robots\" content=\"index, follow, max-snippet:-1, max-image-preview:large, max-video-preview:-1\" \/>\n<link rel=\"canonical\" href=\"https:\/\/kidsplay.lt\/lv\/products\/minkstas-storas-dvipusis-sulankstomas-kilimelis-200x180cm\/\" \/>\n<meta property=\"og:locale\" content=\"lv_LV\" \/>\n<meta property=\"og:type\" content=\"article\" \/>\n<meta property=\"og:title\" content=\"Mink\u0161tas, storas, dvipusis sulankstomas kilim\u0117lis 200X180cm - KidsPlay\" \/>\n<meta property=\"og:description\" content=\"Mink\u0161tas, storas, dvipusis sulankstomas kilim\u0117lis 200X180cm - KidsPlay. Did\u017eiausias vaik\u0173 \u017eaisl\u0173 pasirinkimas.\" \/>\n<meta property=\"og:url\" content=\"https:\/\/kidsplay.lt\/lv\/products\/minkstas-storas-dvipusis-sulankstomas-kilimelis-200x180cm\/\" \/>\n<meta property=\"og:site_name\" content=\"KidsPlay\" \/>\n<meta property=\"article:publisher\" content=\"https:\/\/www.facebook.com\/www.kidsplay.lt\" \/>\n<meta property=\"article:modified_time\" content=\"2025-12-29T20:09:40+00:00\" \/>\n<meta property=\"og:image\" content=\"https:\/\/kidsplay.lt\/wp-content\/uploads\/2025\/10\/Screenshot_953.png\" \/>\n\t<meta property=\"og:image:width\" content=\"510\" \/>\n\t<meta property=\"og:image:height\" content=\"469\" \/>\n\t<meta property=\"og:image:type\" content=\"image\/png\" \/>\n<meta name=\"twitter:card\" content=\"summary_large_image\" \/>\n<meta name=\"twitter:label1\" content=\"Est. reading time\" \/>\n\t<meta name=\"twitter:data1\" content=\"3 min\u016btes\" \/>\n<script type=\"application\/ld+json\" class=\"yoast-schema-graph\">{\"@context\":\"https:\\\/\\\/schema.org\",\"@graph\":[{\"@type\":\"WebPage\",\"@id\":\"https:\\\/\\\/kidsplay.lt\\\/produktas\\\/minkstas-storas-dvipusis-sulankstomas-kilimelis-200x180cm\\\/\",\"url\":\"https:\\\/\\\/kidsplay.lt\\\/produktas\\\/minkstas-storas-dvipusis-sulankstomas-kilimelis-200x180cm\\\/\",\"name\":\"Mink\u0161tas, storas, dvipusis sulankstomas kilim\u0117lis 200X180cm - KidsPlay\",\"isPartOf\":{\"@id\":\"https:\\\/\\\/kidsplay.lt\\\/#website\"},\"primaryImageOfPage\":{\"@id\":\"https:\\\/\\\/kidsplay.lt\\\/produktas\\\/minkstas-storas-dvipusis-sulankstomas-kilimelis-200x180cm\\\/#primaryimage\"},\"image\":{\"@id\":\"https:\\\/\\\/kidsplay.lt\\\/produktas\\\/minkstas-storas-dvipusis-sulankstomas-kilimelis-200x180cm\\\/#primaryimage\"},\"thumbnailUrl\":\"https:\\\/\\\/kidsplay.lt\\\/wp-content\\\/uploads\\\/2025\\\/10\\\/Screenshot_953.png\",\"datePublished\":\"2025-10-10T18:20:53+00:00\",\"dateModified\":\"2025-12-29T20:09:40+00:00\",\"description\":\"Mink\u0161tas, storas, dvipusis sulankstomas kilim\u0117lis 200X180cm - KidsPlay. Did\u017eiausias vaik\u0173 \u017eaisl\u0173 pasirinkimas.\",\"breadcrumb\":{\"@id\":\"https:\\\/\\\/kidsplay.lt\\\/produktas\\\/minkstas-storas-dvipusis-sulankstomas-kilimelis-200x180cm\\\/#breadcrumb\"},\"inLanguage\":\"lv-LV\",\"potentialAction\":[{\"@type\":\"ReadAction\",\"target\":[\"https:\\\/\\\/kidsplay.lt\\\/produktas\\\/minkstas-storas-dvipusis-sulankstomas-kilimelis-200x180cm\\\/\"]}]},{\"@type\":\"ImageObject\",\"inLanguage\":\"lv-LV\",\"@id\":\"https:\\\/\\\/kidsplay.lt\\\/produktas\\\/minkstas-storas-dvipusis-sulankstomas-kilimelis-200x180cm\\\/#primaryimage\",\"url\":\"https:\\\/\\\/kidsplay.lt\\\/wp-content\\\/uploads\\\/2025\\\/10\\\/Screenshot_953.png\",\"contentUrl\":\"https:\\\/\\\/kidsplay.lt\\\/wp-content\\\/uploads\\\/2025\\\/10\\\/Screenshot_953.png\",\"width\":510,\"height\":469},{\"@type\":\"BreadcrumbList\",\"@id\":\"https:\\\/\\\/kidsplay.lt\\\/produktas\\\/minkstas-storas-dvipusis-sulankstomas-kilimelis-200x180cm\\\/#breadcrumb\",\"itemListElement\":[{\"@type\":\"ListItem\",\"position\":1,\"name\":\"Pagrindinis\",\"item\":\"https:\\\/\\\/kidsplay.lt\\\/\"},{\"@type\":\"ListItem\",\"position\":2,\"name\":\"Parduotuv\u0117\",\"item\":\"https:\\\/\\\/kidsplay.lt\\\/parduotuve\\\/\"},{\"@type\":\"ListItem\",\"position\":3,\"name\":\"Mink\u0161tas, storas, dvipusis sulankstomas kilim\u0117lis 200X180cm\"}]},{\"@type\":\"WebSite\",\"@id\":\"https:\\\/\\\/kidsplay.lt\\\/#website\",\"url\":\"https:\\\/\\\/kidsplay.lt\\\/\",\"name\":\"Kidsplay.lt\",\"description\":\"\u012evairios prek\u0117s vaikams\",\"publisher\":{\"@id\":\"https:\\\/\\\/kidsplay.lt\\\/#organization\"},\"alternateName\":\"Kidsplay\",\"potentialAction\":[{\"@type\":\"SearchAction\",\"target\":{\"@type\":\"EntryPoint\",\"urlTemplate\":\"https:\\\/\\\/kidsplay.lt\\\/?s={search_term_string}\"},\"query-input\":{\"@type\":\"PropertyValueSpecification\",\"valueRequired\":true,\"valueName\":\"search_term_string\"}}],\"inLanguage\":\"lv-LV\"},{\"@type\":\"Organization\",\"@id\":\"https:\\\/\\\/kidsplay.lt\\\/#organization\",\"name\":\"KidsPlay\",\"url\":\"https:\\\/\\\/kidsplay.lt\\\/\",\"logo\":{\"@type\":\"ImageObject\",\"inLanguage\":\"lv-LV\",\"@id\":\"https:\\\/\\\/kidsplay.lt\\\/#\\\/schema\\\/logo\\\/image\\\/\",\"url\":\"https:\\\/\\\/kidsplay.lt\\\/wp-content\\\/uploads\\\/2023\\\/07\\\/kidsplay-logo.png\",\"contentUrl\":\"https:\\\/\\\/kidsplay.lt\\\/wp-content\\\/uploads\\\/2023\\\/07\\\/kidsplay-logo.png\",\"width\":451,\"height\":98,\"caption\":\"KidsPlay\"},\"image\":{\"@id\":\"https:\\\/\\\/kidsplay.lt\\\/#\\\/schema\\\/logo\\\/image\\\/\"},\"sameAs\":[\"https:\\\/\\\/www.facebook.com\\\/www.kidsplay.lt\"]}]}<\/script>\n<!-- \/ Yoast SEO plugin. -->","yoast_head_json":{"title":"Mink\u0161tas, storas, dvipusis sulankstomas kilim\u0117lis 200X180cm - KidsPlay","description":"Mink\u0161tas, storas, dvipusis sulankstomas kilim\u0117lis 200X180cm - KidsPlay. Did\u017eiausias vaik\u0173 \u017eaisl\u0173 pasirinkimas.","robots":{"index":"index","follow":"follow","max-snippet":"max-snippet:-1","max-image-preview":"max-image-preview:large","max-video-preview":"max-video-preview:-1"},"canonical":"https:\/\/kidsplay.lt\/lv\/products\/minkstas-storas-dvipusis-sulankstomas-kilimelis-200x180cm\/","og_locale":"lv_LV","og_type":"article","og_title":"Mink\u0161tas, storas, dvipusis sulankstomas kilim\u0117lis 200X180cm - KidsPlay","og_description":"Mink\u0161tas, storas, dvipusis sulankstomas kilim\u0117lis 200X180cm - KidsPlay. Did\u017eiausias vaik\u0173 \u017eaisl\u0173 pasirinkimas.","og_url":"https:\/\/kidsplay.lt\/lv\/products\/minkstas-storas-dvipusis-sulankstomas-kilimelis-200x180cm\/","og_site_name":"KidsPlay","article_publisher":"https:\/\/www.facebook.com\/www.kidsplay.lt","article_modified_time":"2025-12-29T20:09:40+00:00","og_image":[{"width":510,"height":469,"url":"https:\/\/kidsplay.lt\/wp-content\/uploads\/2025\/10\/Screenshot_953.png","type":"image\/png"}],"twitter_card":"summary_large_image","twitter_misc":{"Est. reading time":"3 min\u016btes"},"schema":{"@context":"https:\/\/schema.org","@graph":[{"@type":"WebPage","@id":"https:\/\/kidsplay.lt\/produktas\/minkstas-storas-dvipusis-sulankstomas-kilimelis-200x180cm\/","url":"https:\/\/kidsplay.lt\/produktas\/minkstas-storas-dvipusis-sulankstomas-kilimelis-200x180cm\/","name":"Mink\u0161tas, storas, dvipusis sulankstomas kilim\u0117lis 200X180cm - KidsPlay","isPartOf":{"@id":"https:\/\/kidsplay.lt\/#website"},"primaryImageOfPage":{"@id":"https:\/\/kidsplay.lt\/produktas\/minkstas-storas-dvipusis-sulankstomas-kilimelis-200x180cm\/#primaryimage"},"image":{"@id":"https:\/\/kidsplay.lt\/produktas\/minkstas-storas-dvipusis-sulankstomas-kilimelis-200x180cm\/#primaryimage"},"thumbnailUrl":"https:\/\/kidsplay.lt\/wp-content\/uploads\/2025\/10\/Screenshot_953.png","datePublished":"2025-10-10T18:20:53+00:00","dateModified":"2025-12-29T20:09:40+00:00","description":"Mink\u0161tas, storas, dvipusis sulankstomas kilim\u0117lis 200X180cm - KidsPlay. Did\u017eiausias vaik\u0173 \u017eaisl\u0173 pasirinkimas.","breadcrumb":{"@id":"https:\/\/kidsplay.lt\/produktas\/minkstas-storas-dvipusis-sulankstomas-kilimelis-200x180cm\/#breadcrumb"},"inLanguage":"lv-LV","potentialAction":[{"@type":"ReadAction","target":["https:\/\/kidsplay.lt\/produktas\/minkstas-storas-dvipusis-sulankstomas-kilimelis-200x180cm\/"]}]},{"@type":"ImageObject","inLanguage":"lv-LV","@id":"https:\/\/kidsplay.lt\/produktas\/minkstas-storas-dvipusis-sulankstomas-kilimelis-200x180cm\/#primaryimage","url":"https:\/\/kidsplay.lt\/wp-content\/uploads\/2025\/10\/Screenshot_953.png","contentUrl":"https:\/\/kidsplay.lt\/wp-content\/uploads\/2025\/10\/Screenshot_953.png","width":510,"height":469},{"@type":"BreadcrumbList","@id":"https:\/\/kidsplay.lt\/produktas\/minkstas-storas-dvipusis-sulankstomas-kilimelis-200x180cm\/#breadcrumb","itemListElement":[{"@type":"ListItem","position":1,"name":"Pagrindinis","item":"https:\/\/kidsplay.lt\/"},{"@type":"ListItem","position":2,"name":"Parduotuv\u0117","item":"https:\/\/kidsplay.lt\/parduotuve\/"},{"@type":"ListItem","position":3,"name":"Mink\u0161tas, storas, dvipusis sulankstomas kilim\u0117lis 200X180cm"}]},{"@type":"WebSite","@id":"https:\/\/kidsplay.lt\/#website","url":"https:\/\/kidsplay.lt\/","name":"B\u0113rnu sp\u0113les.lv","description":"\u012evairios prek\u0117s vaikams","publisher":{"@id":"https:\/\/kidsplay.lt\/#organization"},"alternateName":"Kidsplay","potentialAction":[{"@type":"SearchAction","target":{"@type":"EntryPoint","urlTemplate":"https:\/\/kidsplay.lt\/?s={search_term_string}"},"query-input":{"@type":"PropertyValueSpecification","valueRequired":true,"valueName":"search_term_string"}}],"inLanguage":"lv-LV"},{"@type":"Organization","@id":"https:\/\/kidsplay.lt\/#organization","name":"B\u0113rnu sp\u0113le","url":"https:\/\/kidsplay.lt\/","logo":{"@type":"ImageObject","inLanguage":"lv-LV","@id":"https:\/\/kidsplay.lt\/#\/schema\/logo\/image\/","url":"https:\/\/kidsplay.lt\/wp-content\/uploads\/2023\/07\/kidsplay-logo.png","contentUrl":"https:\/\/kidsplay.lt\/wp-content\/uploads\/2023\/07\/kidsplay-logo.png","width":451,"height":98,"caption":"KidsPlay"},"image":{"@id":"https:\/\/kidsplay.lt\/#\/schema\/logo\/image\/"},"sameAs":["https:\/\/www.facebook.com\/www.kidsplay.lt"]}]}},"_links":{"self":[{"href":"https:\/\/kidsplay.lt\/lv\/wp-json\/wp\/v2\/product\/75919","targetHints":{"allow":["GET"]}}],"collection":[{"href":"https:\/\/kidsplay.lt\/lv\/wp-json\/wp\/v2\/product"}],"about":[{"href":"https:\/\/kidsplay.lt\/lv\/wp-json\/wp\/v2\/types\/product"}],"version-history":[{"count":1,"href":"https:\/\/kidsplay.lt\/lv\/wp-json\/wp\/v2\/product\/75919\/revisions"}],"predecessor-version":[{"id":75924,"href":"https:\/\/kidsplay.lt\/lv\/wp-json\/wp\/v2\/product\/75919\/revisions\/75924"}],"wp:featuredmedia":[{"embeddable":true,"href":"https:\/\/kidsplay.lt\/lv\/wp-json\/wp\/v2\/media\/75920"}],"wp:attachment":[{"href":"https:\/\/kidsplay.lt\/lv\/wp-json\/wp\/v2\/media?parent=75919"}],"wp:term":[{"taxonomy":"product_brand","embeddable":true,"href":"https:\/\/kidsplay.lt\/lv\/wp-json\/wp\/v2\/product_brand?post=75919"},{"taxonomy":"product_cat","embeddable":true,"href":"https:\/\/kidsplay.lt\/lv\/wp-json\/wp\/v2\/product_cat?post=75919"},{"taxonomy":"product_tag","embeddable":true,"href":"https:\/\/kidsplay.lt\/lv\/wp-json\/wp\/v2\/product_tag?post=75919"}],"curies":[{"name":"wp","href":"https:\/\/api.w.org\/{rel}","templated":true}]}}