{"id":75933,"date":"2025-10-10T21:34:47","date_gmt":"2025-10-10T18:34:47","guid":{"rendered":"https:\/\/kidsplay.lt\/?post_type=product&#038;p=75933"},"modified":"2026-04-19T09:56:19","modified_gmt":"2026-04-19T06:56:19","slug":"kinderkraft-i-grow-happy-automobiline-kedute-su-isofix-0-36kg","status":"publish","type":"product","link":"https:\/\/kidsplay.lt\/lv\/products\/kinderkraft-i-grow-happy-automobiline-kedute-su-isofix-0-36kg\/","title":{"rendered":"Kinderkraft I-GROW Happy autokr\u0113sli\u0146\u0161 ar ISOFIX sist\u0113mu 0-36kg"},"content":{"rendered":"<div class=\"mpof_ki myre_zn myre_8v_l m389_6m_l\">\n<div class=\"mp4t_16_s mryx_16_s mr3m_1 mli2_1 mh85_56 mh85_0_l\">\n<div class=\"mgn2_16 _0d3bd_am0a-\">\n<ul>\n<li><span dir=\"auto\">Vaikams nuo gimimo iki 12 met\u0173 (iki 36 kg)<\/span><\/li>\n<\/ul>\n<ul>\n<li><span dir=\"auto\">Atitinka R129 i-Size standart\u0105<\/span><\/li>\n<\/ul>\n<ul>\n<li><span dir=\"auto\">RWF iki 4 met\u0173 am\u017eiaus<\/span><\/li>\n<\/ul>\n<ul>\n<li><span dir=\"auto\">Saugos sistemos: H-GUARD SYSTEM ir SPS+<\/span><\/li>\n<\/ul>\n<ul>\n<li><span dir=\"auto\">12 pakop\u0173 galvos atramos reguliavimas<\/span><\/li>\n<\/ul>\n<ul>\n<li><span dir=\"auto\">ISOFIX ir TOP TETHER tvirtinimo elementai<\/span><\/li>\n<\/ul>\n<ul>\n<li><span dir=\"auto\">5 lygi\u0173 ATLO\u0160IMO atlo\u0161o reguliavimas (tiek RWF, tiek FWF)<\/span><\/li>\n<\/ul>\n<ul>\n<li><span dir=\"auto\">Prakti\u0161ka: \u012fd\u0117klas ma\u017eiausiems vaikams, dir\u017e\u0173 laikymo vieta<\/span><\/li>\n<\/ul>\n<p><b><span dir=\"auto\">Kr\u0101sa:<\/span><\/b><span dir=\"auto\">\u00a0Laimingos formos<\/span><\/p>\n<\/div>\n<\/div>\n<div class=\"mp4t_16_s mryx_16_s mr3m_1 mli2_1 mh85_56 mh85_0_l\">\n<div class=\"mg9e_8 mj7a_8 mg9e_0_s mvrt_0_s mj7a_0_s mh36_0_s mzmg_6m munh_16_l m3h2_16_l\">\n<div class=\"mp4t_0 mryx_0 munh_56 m3h2_56\">\n<div class=\"mp7g_oh\"><button class=\"mg9e_0 mvrt_0 mj7a_0 mh36_0 mp4t_0 m3h2_0 mryx_0 munh_0 mqen_m6 mpof_z0 mx7m_0 m7er_k4 mse2_k4 msts_pt\" data-analytics-interaction=\"true\" data-analytics-interaction-label=\"zoomable-image-open\" aria-disabled=\"true\"><img decoding=\"async\" class=\"msub_k4 mupj_5k mjru_k4 mse2_k4 mp7g_f6 mq1m_0 mj7u_0 m7er_k4 mqen_m6 m31c_d8 m0ux_fp lazyloaded\" src=\"https:\/\/a.allegroimg.com\/original\/119970\/ef1e36524498bd7ddd43e4fefbc9\/Kinderkraft-Car-seat-40-150cm-i-Size-0-36-swivel-I-GROW-Happy\" sizes=\"(min-width: 1200px) 560px, (min-width: 992px) 50vw, 100vw\" srcset=\"https:\/\/a.allegroimg.com\/s360\/119970\/ef1e36524498bd7ddd43e4fefbc9\/Kinderkraft-Car-seat-40-150cm-i-Size-0-36-swivel-I-GROW-Happy 360w,https:\/\/a.allegroimg.com\/s720\/119970\/ef1e36524498bd7ddd43e4fefbc9\/Kinderkraft-Car-seat-40-150cm-i-Size-0-36-swivel-I-GROW-Happy 720w,https:\/\/a.allegroimg.com\/s1024\/119970\/ef1e36524498bd7ddd43e4fefbc9\/Kinderkraft-Car-seat-40-150cm-i-Size-0-36-swivel-I-GROW-Happy 1024w,https:\/\/a.allegroimg.com\/s1440\/119970\/ef1e36524498bd7ddd43e4fefbc9\/Kinderkraft-Car-seat-40-150cm-i-Size-0-36-swivel-I-GROW-Happy 1440w,https:\/\/a.allegroimg.com\/original\/119970\/ef1e36524498bd7ddd43e4fefbc9\/Kinderkraft-Car-seat-40-150cm-i-Size-0-36-swivel-I-GROW-Happy 2000w\" alt=\"Kinderkraft automobilin\u0117 k\u0117dut\u0117 40-150cm i-Size 0-36 pasukama I-GROW Happy\" width=\"2000px\" data-srcset=\"\" \/><\/button><\/div>\n<\/div>\n<\/div>\n<\/div>\n<\/div>\n<div class=\"mpof_ki myre_zn myre_8v_l m389_6m_l\">\n<div class=\"mp4t_16_s mryx_16_s mr3m_1 mli2_1 mh85_56 mh85_0_l\">\n<div class=\"mgn2_16 _0d3bd_am0a-\">\n<h2><span dir=\"auto\">RWF iki 4 met\u0173 am\u017eiaus<\/span><\/h2>\n<p><span dir=\"auto\">Jo konstrukcija ir pritaikyti sprendimai leid\u017eia\u00a0<\/span><b><span dir=\"auto\">ilgiau ve\u017eti vaik\u0105 atgal (iki 4 met\u0173 am\u017eiaus)<\/span><\/b><span dir=\"auto\">\u00a0. Atminkite: RWF pad\u0117tis yra iki 5 kart\u0173 veiksmingesn\u0117 priekinio susid\u016brimo atveju.<\/span><\/p>\n<\/div>\n<\/div>\n<\/div>\n<div class=\"mpof_ki myre_zn myre_8v_l m389_6m_l\">\n<div class=\"mp4t_16_s mryx_16_s mr3m_1 mli2_1 mh85_56 mh85_0_l\">\n<div class=\"mgn2_16 _0d3bd_am0a-\">\n<h2><span dir=\"auto\">Nuo gimimo iki 12 met\u0173<\/span><\/h2>\n<\/div>\n<\/div>\n<\/div>\n<div class=\"mpof_ki myre_zn myre_8v_l m389_6m_l\">\n<div class=\"mp4t_16_s mryx_16_s mr3m_1 mli2_1 mh85_56 mh85_0_l\">\n<div class=\"mgn2_16 _0d3bd_am0a-\">\n<h2><span dir=\"auto\">LENGVA SUKIMO 360\u00b0 SISTEMA<\/span><\/h2>\n<\/div>\n<\/div>\n<\/div>\n<div class=\"mpof_ki myre_zn myre_8v_l m389_6m_l\">\n<div class=\"mp4t_16_s mryx_16_s mr3m_1 mli2_1 mh85_56 mh85_0_l\">\n<div class=\"mgn2_16 _0d3bd_am0a-\">\n<h2><span dir=\"auto\">Saugi kelion\u0117<\/span><\/h2>\n<p><span dir=\"auto\">\u201eI-GROW i-Size\u201c r\u016bpinasi j\u016bs\u0173 k\u016bdikiu \u012fvairiais b\u016bdais. Vienas i\u0161 j\u0173 \u2013 sm\u016bgio energijos sug\u0117rimas. U\u017e tai atsakingos dvi sistemos: \u201eH-GUARD SYSTEM\u201c, t. y.\u00a0<\/span><b><span dir=\"auto\">sustiprinta trij\u0173 sluoksni\u0173 galvos atrama su atminties<\/span><\/b><span dir=\"auto\">\u00a0putomis, ir sustiprinti plat\u016bs\u00a0<\/span><b><span dir=\"auto\">\u0161oniniai u\u017evalkalai<\/span><\/b><span dir=\"auto\">\u00a0(\u201eSIDE PROTECT SYSTEM +\u201c).<\/span><\/p>\n<\/div>\n<\/div>\n<\/div>\n<div class=\"mpof_ki myre_zn myre_8v_l m389_6m_l\">\n<div class=\"mp4t_16_s mryx_16_s mr3m_1 mli2_1 mh85_56 mh85_0_l\">\n<div class=\"mgn2_16 _0d3bd_am0a-\">\n<h2><span dir=\"auto\">Lengvas montavimas<\/span><\/h2>\n<\/div>\n<\/div>\n<\/div>\n<div class=\"mpof_ki myre_zn myre_8v_l m389_6m_l\">\n<div class=\"mp4t_16_s mryx_16_s mr3m_1 mli2_1 mh85_56 mh85_0_l\">\n<div class=\"mgn2_16 _0d3bd_am0a-\">\n<h2><span dir=\"auto\">Platus reguliavimo diapazonas<\/span><\/h2>\n<p><b><\/b><b><\/b><span dir=\"auto\">Tai \u017eymiai padidina vairavimo komfort\u0105, ypa\u010d ma\u017eiems vaikams.<\/span><\/p>\n<\/div>\n<\/div>\n<\/div>\n<div class=\"mpof_ki myre_zn myre_8v_l m389_6m_l\">\n<div class=\"mp4t_16_s mryx_16_s mr3m_1 mli2_1 mh85_56 mh85_0_l\">\n<div class=\"mgn2_16 _0d3bd_am0a-\">\n<h2><span dir=\"auto\">Kelion\u0117s patogumas<\/span><\/h2>\n<p><span dir=\"auto\">\u201eI-GROW i-Size\u201c si\u016blo daug praktini\u0173 sprendim\u0173 ir t\u0117vams. <\/span><\/p>\n<\/div>\n<\/div>\n<\/div>\n<div class=\"mpof_ki myre_zn myre_8v_l m389_6m_l\">\n<div class=\"mp4t_16_s mryx_16_s mr3m_1 mli2_1 mh85_56 mh85_0_l\">\n<div class=\"mgn2_16 _0d3bd_am0a-\">\n<p><b><span dir=\"auto\">Z\u012bmols:<\/span><\/b><span dir=\"auto\">\u00a0Kinderkraft<\/span><\/p>\n<p><b><span dir=\"auto\">Modelis:<\/span><\/b><span dir=\"auto\">\u00a0I-GROW i-Size<\/span><\/p>\n<p><b><span dir=\"auto\">Materi\u0101li:<\/span><\/b><\/p>\n<ul>\n<li><span dir=\"auto\">Pagrindas: PP<\/span><\/li>\n<\/ul>\n<ul>\n<li><span dir=\"auto\">Padengimas: poliesteris<\/span><\/li>\n<\/ul>\n<ul>\n<li><span dir=\"auto\">Putplastis: putplastis, viskoelastin\u0117 putplastis<\/span><\/li>\n<\/ul>\n<\/div>\n<\/div>\n<div class=\"mp4t_16_s mryx_16_s mr3m_1 mli2_1 mh85_56 mh85_0_l\">\n<div class=\"mg9e_8 mj7a_8 mg9e_0_s mvrt_0_s mj7a_0_s mh36_0_s mzmg_6m munh_16_l m3h2_16_l\">\n<div class=\"mp4t_0 mryx_0 munh_56 m3h2_56\">\n<div class=\"mp7g_oh\"><button class=\"mg9e_0 mvrt_0 mj7a_0 mh36_0 mp4t_0 m3h2_0 mryx_0 munh_0 mqen_m6 mpof_z0 mx7m_0 m7er_k4 mse2_k4 msts_pt\" data-analytics-interaction=\"true\" data-analytics-interaction-label=\"zoomable-image-open\" aria-disabled=\"true\"><img decoding=\"async\" class=\"msub_k4 mupj_5k mjru_k4 mse2_k4 mp7g_f6 mq1m_0 mj7u_0 m7er_k4 mqen_m6 m31c_d8 m0ux_fp lazyloaded\" src=\"https:\/\/a.allegroimg.com\/original\/114d88\/cad2572449e0b11e50385837af6d\/Kinderkraft-Car-seat-40-150cm-i-Size-0-36-swivel-I-GROW-Happy-Weight-category-0-36-kg\" sizes=\"(min-width: 1200px) 560px, (min-width: 992px) 50vw, 100vw\" srcset=\"https:\/\/a.allegroimg.com\/s360\/114d88\/cad2572449e0b11e50385837af6d\/Kinderkraft-Car-seat-40-150cm-i-Size-0-36-swivel-I-GROW-Happy-Weight-category-0-36-kg 360w,https:\/\/a.allegroimg.com\/s720\/114d88\/cad2572449e0b11e50385837af6d\/Kinderkraft-Car-seat-40-150cm-i-Size-0-36-swivel-I-GROW-Happy-Weight-category-0-36-kg 720w,https:\/\/a.allegroimg.com\/s1024\/114d88\/cad2572449e0b11e50385837af6d\/Kinderkraft-Car-seat-40-150cm-i-Size-0-36-swivel-I-GROW-Happy-Weight-category-0-36-kg 1024w,https:\/\/a.allegroimg.com\/s1440\/114d88\/cad2572449e0b11e50385837af6d\/Kinderkraft-Car-seat-40-150cm-i-Size-0-36-swivel-I-GROW-Happy-Weight-category-0-36-kg 1440w,https:\/\/a.allegroimg.com\/original\/114d88\/cad2572449e0b11e50385837af6d\/Kinderkraft-Car-seat-40-150cm-i-Size-0-36-swivel-I-GROW-Happy-Weight-category-0-36-kg 2000w\" alt=\"Kinderkraft automobilin\u0117 k\u0117dut\u0117 40-150 cm i-Size 0-36 pasukama I-GROW Happy svorio kategorija 0-36 kg\" width=\"2000px\" data-srcset=\"\" \/><\/button><\/div>\n<\/div>\n<\/div>\n<\/div>\n<\/div>","protected":false},"excerpt":{"rendered":"<p>Vaikams nuo gimimo iki 12 met\u0173 (iki 36 kg) Atitinka R129 i-Size standart\u0105 RWF iki 4 met\u0173 am\u017eiaus Saugos sistemos:<\/p>","protected":false},"featured_media":75934,"template":"","meta":{"_acf_changed":false,"_glsr_average":0,"_glsr_ranking":0,"_glsr_reviews":0},"product_brand":[],"product_cat":[243,241],"product_tag":[],"class_list":{"0":"post-75933","1":"product","2":"type-product","3":"status-publish","4":"has-post-thumbnail","6":"product_cat-0-36-kg","7":"product_cat-automobilines-kedutes","8":"\"style=\"background-color: #2ecc711c;\"","10":"first","11":"instock","12":"shipping-taxable","13":"purchasable","14":"product-type-variable"},"acf":[],"yoast_head":"<!-- This site is optimized with the Yoast SEO plugin v27.4 - https:\/\/yoast.com\/product\/yoast-seo-wordpress\/ -->\n<title>Kinderkraft I-GROW Happy automobilin\u0117 k\u0117dut\u0117 su ISOFIX 0-36kg - KidsPlay<\/title>\n<meta name=\"description\" content=\"Kinderkraft I-GROW Happy automobilin\u0117 k\u0117dut\u0117 su ISOFIX 0-36kg - KidsPlay. Did\u017eiausias vaik\u0173 \u017eaisl\u0173 pasirinkimas.\" \/>\n<meta name=\"robots\" content=\"index, follow, max-snippet:-1, max-image-preview:large, max-video-preview:-1\" \/>\n<link rel=\"canonical\" href=\"https:\/\/kidsplay.lt\/lv\/products\/kinderkraft-i-grow-happy-automobiline-kedute-su-isofix-0-36kg\/\" \/>\n<meta property=\"og:locale\" content=\"lv_LV\" \/>\n<meta property=\"og:type\" content=\"article\" \/>\n<meta property=\"og:title\" content=\"Kinderkraft I-GROW Happy automobilin\u0117 k\u0117dut\u0117 su ISOFIX 0-36kg - KidsPlay\" \/>\n<meta property=\"og:description\" content=\"Kinderkraft I-GROW Happy automobilin\u0117 k\u0117dut\u0117 su ISOFIX 0-36kg - KidsPlay. Did\u017eiausias vaik\u0173 \u017eaisl\u0173 pasirinkimas.\" \/>\n<meta property=\"og:url\" content=\"https:\/\/kidsplay.lt\/lv\/products\/kinderkraft-i-grow-happy-automobiline-kedute-su-isofix-0-36kg\/\" \/>\n<meta property=\"og:site_name\" content=\"KidsPlay\" \/>\n<meta property=\"article:publisher\" content=\"https:\/\/www.facebook.com\/www.kidsplay.lt\" \/>\n<meta property=\"article:modified_time\" content=\"2026-04-19T06:56:19+00:00\" \/>\n<meta property=\"og:image\" content=\"https:\/\/kidsplay.lt\/wp-content\/uploads\/2025\/10\/Screenshot_964.png\" \/>\n\t<meta property=\"og:image:width\" content=\"498\" \/>\n\t<meta property=\"og:image:height\" content=\"450\" \/>\n\t<meta property=\"og:image:type\" content=\"image\/png\" \/>\n<meta name=\"twitter:card\" content=\"summary_large_image\" \/>\n<meta name=\"twitter:label1\" content=\"Est. reading time\" \/>\n\t<meta name=\"twitter:data1\" content=\"2 min\u016btes\" \/>\n<script type=\"application\/ld+json\" class=\"yoast-schema-graph\">{\"@context\":\"https:\\\/\\\/schema.org\",\"@graph\":[{\"@type\":\"WebPage\",\"@id\":\"https:\\\/\\\/kidsplay.lt\\\/produktas\\\/kinderkraft-i-grow-happy-automobiline-kedute-su-isofix-0-36kg\\\/\",\"url\":\"https:\\\/\\\/kidsplay.lt\\\/produktas\\\/kinderkraft-i-grow-happy-automobiline-kedute-su-isofix-0-36kg\\\/\",\"name\":\"Kinderkraft I-GROW Happy automobilin\u0117 k\u0117dut\u0117 su ISOFIX 0-36kg - KidsPlay\",\"isPartOf\":{\"@id\":\"https:\\\/\\\/kidsplay.lt\\\/#website\"},\"primaryImageOfPage\":{\"@id\":\"https:\\\/\\\/kidsplay.lt\\\/produktas\\\/kinderkraft-i-grow-happy-automobiline-kedute-su-isofix-0-36kg\\\/#primaryimage\"},\"image\":{\"@id\":\"https:\\\/\\\/kidsplay.lt\\\/produktas\\\/kinderkraft-i-grow-happy-automobiline-kedute-su-isofix-0-36kg\\\/#primaryimage\"},\"thumbnailUrl\":\"https:\\\/\\\/kidsplay.lt\\\/wp-content\\\/uploads\\\/2025\\\/10\\\/Screenshot_964.png\",\"datePublished\":\"2025-10-10T18:34:47+00:00\",\"dateModified\":\"2026-04-19T06:56:19+00:00\",\"description\":\"Kinderkraft I-GROW Happy automobilin\u0117 k\u0117dut\u0117 su ISOFIX 0-36kg - KidsPlay. Did\u017eiausias vaik\u0173 \u017eaisl\u0173 pasirinkimas.\",\"breadcrumb\":{\"@id\":\"https:\\\/\\\/kidsplay.lt\\\/produktas\\\/kinderkraft-i-grow-happy-automobiline-kedute-su-isofix-0-36kg\\\/#breadcrumb\"},\"inLanguage\":\"lv-LV\",\"potentialAction\":[{\"@type\":\"ReadAction\",\"target\":[\"https:\\\/\\\/kidsplay.lt\\\/produktas\\\/kinderkraft-i-grow-happy-automobiline-kedute-su-isofix-0-36kg\\\/\"]}]},{\"@type\":\"ImageObject\",\"inLanguage\":\"lv-LV\",\"@id\":\"https:\\\/\\\/kidsplay.lt\\\/produktas\\\/kinderkraft-i-grow-happy-automobiline-kedute-su-isofix-0-36kg\\\/#primaryimage\",\"url\":\"https:\\\/\\\/kidsplay.lt\\\/wp-content\\\/uploads\\\/2025\\\/10\\\/Screenshot_964.png\",\"contentUrl\":\"https:\\\/\\\/kidsplay.lt\\\/wp-content\\\/uploads\\\/2025\\\/10\\\/Screenshot_964.png\",\"width\":498,\"height\":450},{\"@type\":\"BreadcrumbList\",\"@id\":\"https:\\\/\\\/kidsplay.lt\\\/produktas\\\/kinderkraft-i-grow-happy-automobiline-kedute-su-isofix-0-36kg\\\/#breadcrumb\",\"itemListElement\":[{\"@type\":\"ListItem\",\"position\":1,\"name\":\"Pagrindinis\",\"item\":\"https:\\\/\\\/kidsplay.lt\\\/\"},{\"@type\":\"ListItem\",\"position\":2,\"name\":\"Parduotuv\u0117\",\"item\":\"https:\\\/\\\/kidsplay.lt\\\/parduotuve\\\/\"},{\"@type\":\"ListItem\",\"position\":3,\"name\":\"Kinderkraft I-GROW Happy automobilin\u0117 k\u0117dut\u0117 su ISOFIX 0-36kg\"}]},{\"@type\":\"WebSite\",\"@id\":\"https:\\\/\\\/kidsplay.lt\\\/#website\",\"url\":\"https:\\\/\\\/kidsplay.lt\\\/\",\"name\":\"Kidsplay.lt\",\"description\":\"\u012evairios prek\u0117s vaikams\",\"publisher\":{\"@id\":\"https:\\\/\\\/kidsplay.lt\\\/#organization\"},\"alternateName\":\"Kidsplay\",\"potentialAction\":[{\"@type\":\"SearchAction\",\"target\":{\"@type\":\"EntryPoint\",\"urlTemplate\":\"https:\\\/\\\/kidsplay.lt\\\/?s={search_term_string}\"},\"query-input\":{\"@type\":\"PropertyValueSpecification\",\"valueRequired\":true,\"valueName\":\"search_term_string\"}}],\"inLanguage\":\"lv-LV\"},{\"@type\":\"Organization\",\"@id\":\"https:\\\/\\\/kidsplay.lt\\\/#organization\",\"name\":\"KidsPlay\",\"url\":\"https:\\\/\\\/kidsplay.lt\\\/\",\"logo\":{\"@type\":\"ImageObject\",\"inLanguage\":\"lv-LV\",\"@id\":\"https:\\\/\\\/kidsplay.lt\\\/#\\\/schema\\\/logo\\\/image\\\/\",\"url\":\"https:\\\/\\\/kidsplay.lt\\\/wp-content\\\/uploads\\\/2023\\\/07\\\/kidsplay-logo.png\",\"contentUrl\":\"https:\\\/\\\/kidsplay.lt\\\/wp-content\\\/uploads\\\/2023\\\/07\\\/kidsplay-logo.png\",\"width\":451,\"height\":98,\"caption\":\"KidsPlay\"},\"image\":{\"@id\":\"https:\\\/\\\/kidsplay.lt\\\/#\\\/schema\\\/logo\\\/image\\\/\"},\"sameAs\":[\"https:\\\/\\\/www.facebook.com\\\/www.kidsplay.lt\"]}]}<\/script>\n<!-- \/ Yoast SEO plugin. -->","yoast_head_json":{"title":"Kinderkraft I-GROW Happy automobilin\u0117 k\u0117dut\u0117 su ISOFIX 0-36kg - KidsPlay","description":"Kinderkraft I-GROW Happy automobilin\u0117 k\u0117dut\u0117 su ISOFIX 0-36kg - KidsPlay. Did\u017eiausias vaik\u0173 \u017eaisl\u0173 pasirinkimas.","robots":{"index":"index","follow":"follow","max-snippet":"max-snippet:-1","max-image-preview":"max-image-preview:large","max-video-preview":"max-video-preview:-1"},"canonical":"https:\/\/kidsplay.lt\/lv\/products\/kinderkraft-i-grow-happy-automobiline-kedute-su-isofix-0-36kg\/","og_locale":"lv_LV","og_type":"article","og_title":"Kinderkraft I-GROW Happy automobilin\u0117 k\u0117dut\u0117 su ISOFIX 0-36kg - KidsPlay","og_description":"Kinderkraft I-GROW Happy automobilin\u0117 k\u0117dut\u0117 su ISOFIX 0-36kg - KidsPlay. Did\u017eiausias vaik\u0173 \u017eaisl\u0173 pasirinkimas.","og_url":"https:\/\/kidsplay.lt\/lv\/products\/kinderkraft-i-grow-happy-automobiline-kedute-su-isofix-0-36kg\/","og_site_name":"KidsPlay","article_publisher":"https:\/\/www.facebook.com\/www.kidsplay.lt","article_modified_time":"2026-04-19T06:56:19+00:00","og_image":[{"width":498,"height":450,"url":"https:\/\/kidsplay.lt\/wp-content\/uploads\/2025\/10\/Screenshot_964.png","type":"image\/png"}],"twitter_card":"summary_large_image","twitter_misc":{"Est. reading time":"2 min\u016btes"},"schema":{"@context":"https:\/\/schema.org","@graph":[{"@type":"WebPage","@id":"https:\/\/kidsplay.lt\/produktas\/kinderkraft-i-grow-happy-automobiline-kedute-su-isofix-0-36kg\/","url":"https:\/\/kidsplay.lt\/produktas\/kinderkraft-i-grow-happy-automobiline-kedute-su-isofix-0-36kg\/","name":"Kinderkraft I-GROW Happy automobilin\u0117 k\u0117dut\u0117 su ISOFIX 0-36kg - KidsPlay","isPartOf":{"@id":"https:\/\/kidsplay.lt\/#website"},"primaryImageOfPage":{"@id":"https:\/\/kidsplay.lt\/produktas\/kinderkraft-i-grow-happy-automobiline-kedute-su-isofix-0-36kg\/#primaryimage"},"image":{"@id":"https:\/\/kidsplay.lt\/produktas\/kinderkraft-i-grow-happy-automobiline-kedute-su-isofix-0-36kg\/#primaryimage"},"thumbnailUrl":"https:\/\/kidsplay.lt\/wp-content\/uploads\/2025\/10\/Screenshot_964.png","datePublished":"2025-10-10T18:34:47+00:00","dateModified":"2026-04-19T06:56:19+00:00","description":"Kinderkraft I-GROW Happy automobilin\u0117 k\u0117dut\u0117 su ISOFIX 0-36kg - KidsPlay. Did\u017eiausias vaik\u0173 \u017eaisl\u0173 pasirinkimas.","breadcrumb":{"@id":"https:\/\/kidsplay.lt\/produktas\/kinderkraft-i-grow-happy-automobiline-kedute-su-isofix-0-36kg\/#breadcrumb"},"inLanguage":"lv-LV","potentialAction":[{"@type":"ReadAction","target":["https:\/\/kidsplay.lt\/produktas\/kinderkraft-i-grow-happy-automobiline-kedute-su-isofix-0-36kg\/"]}]},{"@type":"ImageObject","inLanguage":"lv-LV","@id":"https:\/\/kidsplay.lt\/produktas\/kinderkraft-i-grow-happy-automobiline-kedute-su-isofix-0-36kg\/#primaryimage","url":"https:\/\/kidsplay.lt\/wp-content\/uploads\/2025\/10\/Screenshot_964.png","contentUrl":"https:\/\/kidsplay.lt\/wp-content\/uploads\/2025\/10\/Screenshot_964.png","width":498,"height":450},{"@type":"BreadcrumbList","@id":"https:\/\/kidsplay.lt\/produktas\/kinderkraft-i-grow-happy-automobiline-kedute-su-isofix-0-36kg\/#breadcrumb","itemListElement":[{"@type":"ListItem","position":1,"name":"Pagrindinis","item":"https:\/\/kidsplay.lt\/"},{"@type":"ListItem","position":2,"name":"Parduotuv\u0117","item":"https:\/\/kidsplay.lt\/parduotuve\/"},{"@type":"ListItem","position":3,"name":"Kinderkraft I-GROW Happy automobilin\u0117 k\u0117dut\u0117 su ISOFIX 0-36kg"}]},{"@type":"WebSite","@id":"https:\/\/kidsplay.lt\/#website","url":"https:\/\/kidsplay.lt\/","name":"B\u0113rnu sp\u0113les.lv","description":"\u012evairios prek\u0117s vaikams","publisher":{"@id":"https:\/\/kidsplay.lt\/#organization"},"alternateName":"Kidsplay","potentialAction":[{"@type":"SearchAction","target":{"@type":"EntryPoint","urlTemplate":"https:\/\/kidsplay.lt\/?s={search_term_string}"},"query-input":{"@type":"PropertyValueSpecification","valueRequired":true,"valueName":"search_term_string"}}],"inLanguage":"lv-LV"},{"@type":"Organization","@id":"https:\/\/kidsplay.lt\/#organization","name":"B\u0113rnu sp\u0113le","url":"https:\/\/kidsplay.lt\/","logo":{"@type":"ImageObject","inLanguage":"lv-LV","@id":"https:\/\/kidsplay.lt\/#\/schema\/logo\/image\/","url":"https:\/\/kidsplay.lt\/wp-content\/uploads\/2023\/07\/kidsplay-logo.png","contentUrl":"https:\/\/kidsplay.lt\/wp-content\/uploads\/2023\/07\/kidsplay-logo.png","width":451,"height":98,"caption":"KidsPlay"},"image":{"@id":"https:\/\/kidsplay.lt\/#\/schema\/logo\/image\/"},"sameAs":["https:\/\/www.facebook.com\/www.kidsplay.lt"]}]}},"_links":{"self":[{"href":"https:\/\/kidsplay.lt\/lv\/wp-json\/wp\/v2\/product\/75933","targetHints":{"allow":["GET"]}}],"collection":[{"href":"https:\/\/kidsplay.lt\/lv\/wp-json\/wp\/v2\/product"}],"about":[{"href":"https:\/\/kidsplay.lt\/lv\/wp-json\/wp\/v2\/types\/product"}],"version-history":[{"count":1,"href":"https:\/\/kidsplay.lt\/lv\/wp-json\/wp\/v2\/product\/75933\/revisions"}],"predecessor-version":[{"id":75946,"href":"https:\/\/kidsplay.lt\/lv\/wp-json\/wp\/v2\/product\/75933\/revisions\/75946"}],"wp:featuredmedia":[{"embeddable":true,"href":"https:\/\/kidsplay.lt\/lv\/wp-json\/wp\/v2\/media\/75934"}],"wp:attachment":[{"href":"https:\/\/kidsplay.lt\/lv\/wp-json\/wp\/v2\/media?parent=75933"}],"wp:term":[{"taxonomy":"product_brand","embeddable":true,"href":"https:\/\/kidsplay.lt\/lv\/wp-json\/wp\/v2\/product_brand?post=75933"},{"taxonomy":"product_cat","embeddable":true,"href":"https:\/\/kidsplay.lt\/lv\/wp-json\/wp\/v2\/product_cat?post=75933"},{"taxonomy":"product_tag","embeddable":true,"href":"https:\/\/kidsplay.lt\/lv\/wp-json\/wp\/v2\/product_tag?post=75933"}],"curies":[{"name":"wp","href":"https:\/\/api.w.org\/{rel}","templated":true}]}}