{"id":75954,"date":"2025-10-10T22:21:23","date_gmt":"2025-10-10T19:21:23","guid":{"rendered":"https:\/\/kidsplay.lt\/?post_type=product&#038;p=75954"},"modified":"2025-10-10T22:21:59","modified_gmt":"2025-10-10T19:21:59","slug":"vaikiskos-roges-su-miegmaisiu-iki-130-kg","status":"publish","type":"product","link":"https:\/\/kidsplay.lt\/lv\/product\/vaikiskos-roges-su-miegmaisiu-iki-130-kg\/","title":{"rendered":"B\u0113rnu ragavas ar gu\u013cammaisu l\u012bdz 130 kg"},"content":{"rendered":"<p><span dir=\"auto\">Lenk\u0173 gamintojo pagamintos rog\u0117s i\u0161 storo plieninio vamzd\u017eio ir tvirtos s\u0117dyn\u0117s i\u0161 buko lent\u0173. M\u016bs\u0173 rog\u0117s yra pla\u010diai i\u0161d\u0117stytos, tod\u0117l jas sunku apversti. Skirtingai nuo pigi\u0173 kini\u0161k\u0173 rogi\u0173, vamzdis, i\u0161 kurio jos pagamintos, yra storas ir tvirtas, tod\u0117l tarnaus ilgiau nei plonas vamzdis, naudojamas kini\u0161kuose pavyzd\u017eiuose.<\/span><\/p>\n<p><span dir=\"auto\">Rogut\u0117s su st\u016bmikliu ir var\u017etais priver\u017etu atlo\u0161u bei miegmai\u0161iu.<\/span><\/p>\n<p><span dir=\"auto\">Apsaugin\u0117 kabina nuo sniego ir v\u0117jo. Kabin\u0105 galima bet kada nuimti, kaip ir atlo\u0161\u0105 ar st\u016bmikl\u012f. Kabin\u0105 galima laisvai reguliuoti.<\/span><\/p>\n<p><span dir=\"auto\">Miegmai\u0161io s\u0117dyn\u0117 pamu\u0161ta vilna, koj\u0173 dalis apa\u010dioje ir i\u0161or\u0117 \u2013 vandeniui atsparia med\u017eiaga. Ilgas ir auk\u0161tas miegmai\u0161is visi\u0161kai apgaubia vaiko nugar\u0105, apsaugo j\u012f nuo v\u0117jo ir \u0161al\u010dio. Miegmai\u0161is universalus, tinkantis ve\u017eim\u0117liui, gondolai ir rogut\u0117ms. Atlo\u0161o pakabukas.<\/span><\/p>\n<p><span dir=\"auto\">Prie komplekto pridedame super NEMOKAMAI &#8211; saugos dir\u017e\u0105, dedam\u0105 u\u017e atlo\u0161o, per miegmai\u0161io skylutes ir tvirtinam\u0105 ant k\u016bdikio pilvuko.<\/span><\/p>\n<p><span dir=\"auto\">Rogu\u010di\u0173 apkrova &#8211; 130 kg<\/span><\/p>","protected":false},"excerpt":{"rendered":"<p>Lenk\u0173 gamintojo pagamintos rog\u0117s i\u0161 storo plieninio vamzd\u017eio ir tvirtos s\u0117dyn\u0117s i\u0161 buko lent\u0173. M\u016bs\u0173 rog\u0117s yra pla\u010diai i\u0161d\u0117stytos, tod\u0117l<\/p>","protected":false},"featured_media":75955,"template":"","meta":{"_acf_changed":false,"_glsr_average":0,"_glsr_ranking":0,"_glsr_reviews":0},"product_brand":[],"product_cat":[237,297],"product_tag":[],"class_list":{"0":"post-75954","1":"product","2":"type-product","3":"status-publish","4":"has-post-thumbnail","6":"product_cat-judejimo-priemones","7":"product_cat-ziemos-pramogos","8":"\"style=\"background-color: #2ecc711c;\"","10":"first","11":"instock","12":"shipping-taxable","13":"purchasable","14":"product-type-simple"},"acf":[],"yoast_head":"<!-- This site is optimized with the Yoast SEO plugin v27.3 - https:\/\/yoast.com\/product\/yoast-seo-wordpress\/ -->\n<title>Vaiki\u0161kos rog\u0117s su miegmai\u0161iu iki 130 kg - KidsPlay<\/title>\n<meta name=\"description\" content=\"Vaiki\u0161kos rog\u0117s su miegmai\u0161iu iki 130 kg - KidsPlay. Did\u017eiausias vaik\u0173 \u017eaisl\u0173 pasirinkimas.\" \/>\n<meta name=\"robots\" content=\"index, follow, max-snippet:-1, max-image-preview:large, max-video-preview:-1\" \/>\n<link rel=\"canonical\" href=\"https:\/\/kidsplay.lt\/lv\/product\/vaikiskos-roges-su-miegmaisiu-iki-130-kg\/\" \/>\n<meta property=\"og:locale\" content=\"lv_LV\" \/>\n<meta property=\"og:type\" content=\"article\" \/>\n<meta property=\"og:title\" content=\"Vaiki\u0161kos rog\u0117s su miegmai\u0161iu iki 130 kg - KidsPlay\" \/>\n<meta property=\"og:description\" content=\"Vaiki\u0161kos rog\u0117s su miegmai\u0161iu iki 130 kg - KidsPlay. Did\u017eiausias vaik\u0173 \u017eaisl\u0173 pasirinkimas.\" \/>\n<meta property=\"og:url\" content=\"https:\/\/kidsplay.lt\/lv\/product\/vaikiskos-roges-su-miegmaisiu-iki-130-kg\/\" \/>\n<meta property=\"og:site_name\" content=\"KidsPlay\" \/>\n<meta property=\"article:publisher\" content=\"https:\/\/www.facebook.com\/www.kidsplay.lt\" \/>\n<meta property=\"article:modified_time\" content=\"2025-10-10T19:21:59+00:00\" \/>\n<meta property=\"og:image\" content=\"https:\/\/kidsplay.lt\/wp-content\/uploads\/2025\/10\/Screenshot_1-2.png\" \/>\n\t<meta property=\"og:image:width\" content=\"489\" \/>\n\t<meta property=\"og:image:height\" content=\"468\" \/>\n\t<meta property=\"og:image:type\" content=\"image\/png\" \/>\n<meta name=\"twitter:card\" content=\"summary_large_image\" \/>\n<meta name=\"twitter:label1\" content=\"Est. reading time\" \/>\n\t<meta name=\"twitter:data1\" content=\"1 min\u016bte\" \/>\n<script type=\"application\/ld+json\" class=\"yoast-schema-graph\">{\"@context\":\"https:\\\/\\\/schema.org\",\"@graph\":[{\"@type\":\"WebPage\",\"@id\":\"https:\\\/\\\/kidsplay.lt\\\/produktas\\\/vaikiskos-roges-su-miegmaisiu-iki-130-kg\\\/\",\"url\":\"https:\\\/\\\/kidsplay.lt\\\/produktas\\\/vaikiskos-roges-su-miegmaisiu-iki-130-kg\\\/\",\"name\":\"Vaiki\u0161kos rog\u0117s su miegmai\u0161iu iki 130 kg - KidsPlay\",\"isPartOf\":{\"@id\":\"https:\\\/\\\/kidsplay.lt\\\/#website\"},\"primaryImageOfPage\":{\"@id\":\"https:\\\/\\\/kidsplay.lt\\\/produktas\\\/vaikiskos-roges-su-miegmaisiu-iki-130-kg\\\/#primaryimage\"},\"image\":{\"@id\":\"https:\\\/\\\/kidsplay.lt\\\/produktas\\\/vaikiskos-roges-su-miegmaisiu-iki-130-kg\\\/#primaryimage\"},\"thumbnailUrl\":\"https:\\\/\\\/kidsplay.lt\\\/wp-content\\\/uploads\\\/2025\\\/10\\\/Screenshot_1-2.png\",\"datePublished\":\"2025-10-10T19:21:23+00:00\",\"dateModified\":\"2025-10-10T19:21:59+00:00\",\"description\":\"Vaiki\u0161kos rog\u0117s su miegmai\u0161iu iki 130 kg - KidsPlay. Did\u017eiausias vaik\u0173 \u017eaisl\u0173 pasirinkimas.\",\"breadcrumb\":{\"@id\":\"https:\\\/\\\/kidsplay.lt\\\/produktas\\\/vaikiskos-roges-su-miegmaisiu-iki-130-kg\\\/#breadcrumb\"},\"inLanguage\":\"lv-LV\",\"potentialAction\":[{\"@type\":\"ReadAction\",\"target\":[\"https:\\\/\\\/kidsplay.lt\\\/produktas\\\/vaikiskos-roges-su-miegmaisiu-iki-130-kg\\\/\"]}]},{\"@type\":\"ImageObject\",\"inLanguage\":\"lv-LV\",\"@id\":\"https:\\\/\\\/kidsplay.lt\\\/produktas\\\/vaikiskos-roges-su-miegmaisiu-iki-130-kg\\\/#primaryimage\",\"url\":\"https:\\\/\\\/kidsplay.lt\\\/wp-content\\\/uploads\\\/2025\\\/10\\\/Screenshot_1-2.png\",\"contentUrl\":\"https:\\\/\\\/kidsplay.lt\\\/wp-content\\\/uploads\\\/2025\\\/10\\\/Screenshot_1-2.png\",\"width\":489,\"height\":468},{\"@type\":\"BreadcrumbList\",\"@id\":\"https:\\\/\\\/kidsplay.lt\\\/produktas\\\/vaikiskos-roges-su-miegmaisiu-iki-130-kg\\\/#breadcrumb\",\"itemListElement\":[{\"@type\":\"ListItem\",\"position\":1,\"name\":\"Pagrindinis\",\"item\":\"https:\\\/\\\/kidsplay.lt\\\/\"},{\"@type\":\"ListItem\",\"position\":2,\"name\":\"Parduotuv\u0117\",\"item\":\"https:\\\/\\\/kidsplay.lt\\\/parduotuve\\\/\"},{\"@type\":\"ListItem\",\"position\":3,\"name\":\"Vaiki\u0161kos rog\u0117s su miegmai\u0161iu iki 130 kg\"}]},{\"@type\":\"WebSite\",\"@id\":\"https:\\\/\\\/kidsplay.lt\\\/#website\",\"url\":\"https:\\\/\\\/kidsplay.lt\\\/\",\"name\":\"Kidsplay.lt\",\"description\":\"\u012evairios prek\u0117s vaikams\",\"publisher\":{\"@id\":\"https:\\\/\\\/kidsplay.lt\\\/#organization\"},\"alternateName\":\"Kidsplay\",\"potentialAction\":[{\"@type\":\"SearchAction\",\"target\":{\"@type\":\"EntryPoint\",\"urlTemplate\":\"https:\\\/\\\/kidsplay.lt\\\/?s={search_term_string}\"},\"query-input\":{\"@type\":\"PropertyValueSpecification\",\"valueRequired\":true,\"valueName\":\"search_term_string\"}}],\"inLanguage\":\"lv-LV\"},{\"@type\":\"Organization\",\"@id\":\"https:\\\/\\\/kidsplay.lt\\\/#organization\",\"name\":\"KidsPlay\",\"url\":\"https:\\\/\\\/kidsplay.lt\\\/\",\"logo\":{\"@type\":\"ImageObject\",\"inLanguage\":\"lv-LV\",\"@id\":\"https:\\\/\\\/kidsplay.lt\\\/#\\\/schema\\\/logo\\\/image\\\/\",\"url\":\"https:\\\/\\\/kidsplay.lt\\\/wp-content\\\/uploads\\\/2023\\\/07\\\/kidsplay-logo.png\",\"contentUrl\":\"https:\\\/\\\/kidsplay.lt\\\/wp-content\\\/uploads\\\/2023\\\/07\\\/kidsplay-logo.png\",\"width\":451,\"height\":98,\"caption\":\"KidsPlay\"},\"image\":{\"@id\":\"https:\\\/\\\/kidsplay.lt\\\/#\\\/schema\\\/logo\\\/image\\\/\"},\"sameAs\":[\"https:\\\/\\\/www.facebook.com\\\/www.kidsplay.lt\"]}]}<\/script>\n<!-- \/ Yoast SEO plugin. -->","yoast_head_json":{"title":"Vaiki\u0161kos rog\u0117s su miegmai\u0161iu iki 130 kg - KidsPlay","description":"Vaiki\u0161kos rog\u0117s su miegmai\u0161iu iki 130 kg - KidsPlay. Did\u017eiausias vaik\u0173 \u017eaisl\u0173 pasirinkimas.","robots":{"index":"index","follow":"follow","max-snippet":"max-snippet:-1","max-image-preview":"max-image-preview:large","max-video-preview":"max-video-preview:-1"},"canonical":"https:\/\/kidsplay.lt\/lv\/product\/vaikiskos-roges-su-miegmaisiu-iki-130-kg\/","og_locale":"lv_LV","og_type":"article","og_title":"Vaiki\u0161kos rog\u0117s su miegmai\u0161iu iki 130 kg - KidsPlay","og_description":"Vaiki\u0161kos rog\u0117s su miegmai\u0161iu iki 130 kg - KidsPlay. Did\u017eiausias vaik\u0173 \u017eaisl\u0173 pasirinkimas.","og_url":"https:\/\/kidsplay.lt\/lv\/product\/vaikiskos-roges-su-miegmaisiu-iki-130-kg\/","og_site_name":"KidsPlay","article_publisher":"https:\/\/www.facebook.com\/www.kidsplay.lt","article_modified_time":"2025-10-10T19:21:59+00:00","og_image":[{"width":489,"height":468,"url":"https:\/\/kidsplay.lt\/wp-content\/uploads\/2025\/10\/Screenshot_1-2.png","type":"image\/png"}],"twitter_card":"summary_large_image","twitter_misc":{"Est. reading time":"1 min\u016bte"},"schema":{"@context":"https:\/\/schema.org","@graph":[{"@type":"WebPage","@id":"https:\/\/kidsplay.lt\/produktas\/vaikiskos-roges-su-miegmaisiu-iki-130-kg\/","url":"https:\/\/kidsplay.lt\/produktas\/vaikiskos-roges-su-miegmaisiu-iki-130-kg\/","name":"Vaiki\u0161kos rog\u0117s su miegmai\u0161iu iki 130 kg - KidsPlay","isPartOf":{"@id":"https:\/\/kidsplay.lt\/#website"},"primaryImageOfPage":{"@id":"https:\/\/kidsplay.lt\/produktas\/vaikiskos-roges-su-miegmaisiu-iki-130-kg\/#primaryimage"},"image":{"@id":"https:\/\/kidsplay.lt\/produktas\/vaikiskos-roges-su-miegmaisiu-iki-130-kg\/#primaryimage"},"thumbnailUrl":"https:\/\/kidsplay.lt\/wp-content\/uploads\/2025\/10\/Screenshot_1-2.png","datePublished":"2025-10-10T19:21:23+00:00","dateModified":"2025-10-10T19:21:59+00:00","description":"Vaiki\u0161kos rog\u0117s su miegmai\u0161iu iki 130 kg - KidsPlay. Did\u017eiausias vaik\u0173 \u017eaisl\u0173 pasirinkimas.","breadcrumb":{"@id":"https:\/\/kidsplay.lt\/produktas\/vaikiskos-roges-su-miegmaisiu-iki-130-kg\/#breadcrumb"},"inLanguage":"lv-LV","potentialAction":[{"@type":"ReadAction","target":["https:\/\/kidsplay.lt\/produktas\/vaikiskos-roges-su-miegmaisiu-iki-130-kg\/"]}]},{"@type":"ImageObject","inLanguage":"lv-LV","@id":"https:\/\/kidsplay.lt\/produktas\/vaikiskos-roges-su-miegmaisiu-iki-130-kg\/#primaryimage","url":"https:\/\/kidsplay.lt\/wp-content\/uploads\/2025\/10\/Screenshot_1-2.png","contentUrl":"https:\/\/kidsplay.lt\/wp-content\/uploads\/2025\/10\/Screenshot_1-2.png","width":489,"height":468},{"@type":"BreadcrumbList","@id":"https:\/\/kidsplay.lt\/produktas\/vaikiskos-roges-su-miegmaisiu-iki-130-kg\/#breadcrumb","itemListElement":[{"@type":"ListItem","position":1,"name":"Pagrindinis","item":"https:\/\/kidsplay.lt\/"},{"@type":"ListItem","position":2,"name":"Parduotuv\u0117","item":"https:\/\/kidsplay.lt\/parduotuve\/"},{"@type":"ListItem","position":3,"name":"Vaiki\u0161kos rog\u0117s su miegmai\u0161iu iki 130 kg"}]},{"@type":"WebSite","@id":"https:\/\/kidsplay.lt\/#website","url":"https:\/\/kidsplay.lt\/","name":"B\u0113rnu sp\u0113les.lv","description":"\u012evairios prek\u0117s vaikams","publisher":{"@id":"https:\/\/kidsplay.lt\/#organization"},"alternateName":"Kidsplay","potentialAction":[{"@type":"SearchAction","target":{"@type":"EntryPoint","urlTemplate":"https:\/\/kidsplay.lt\/?s={search_term_string}"},"query-input":{"@type":"PropertyValueSpecification","valueRequired":true,"valueName":"search_term_string"}}],"inLanguage":"lv-LV"},{"@type":"Organization","@id":"https:\/\/kidsplay.lt\/#organization","name":"B\u0113rnu sp\u0113le","url":"https:\/\/kidsplay.lt\/","logo":{"@type":"ImageObject","inLanguage":"lv-LV","@id":"https:\/\/kidsplay.lt\/#\/schema\/logo\/image\/","url":"https:\/\/kidsplay.lt\/wp-content\/uploads\/2023\/07\/kidsplay-logo.png","contentUrl":"https:\/\/kidsplay.lt\/wp-content\/uploads\/2023\/07\/kidsplay-logo.png","width":451,"height":98,"caption":"KidsPlay"},"image":{"@id":"https:\/\/kidsplay.lt\/#\/schema\/logo\/image\/"},"sameAs":["https:\/\/www.facebook.com\/www.kidsplay.lt"]}]}},"_links":{"self":[{"href":"https:\/\/kidsplay.lt\/lv\/wp-json\/wp\/v2\/product\/75954","targetHints":{"allow":["GET"]}}],"collection":[{"href":"https:\/\/kidsplay.lt\/lv\/wp-json\/wp\/v2\/product"}],"about":[{"href":"https:\/\/kidsplay.lt\/lv\/wp-json\/wp\/v2\/types\/product"}],"version-history":[{"count":1,"href":"https:\/\/kidsplay.lt\/lv\/wp-json\/wp\/v2\/product\/75954\/revisions"}],"predecessor-version":[{"id":75963,"href":"https:\/\/kidsplay.lt\/lv\/wp-json\/wp\/v2\/product\/75954\/revisions\/75963"}],"wp:featuredmedia":[{"embeddable":true,"href":"https:\/\/kidsplay.lt\/lv\/wp-json\/wp\/v2\/media\/75955"}],"wp:attachment":[{"href":"https:\/\/kidsplay.lt\/lv\/wp-json\/wp\/v2\/media?parent=75954"}],"wp:term":[{"taxonomy":"product_brand","embeddable":true,"href":"https:\/\/kidsplay.lt\/lv\/wp-json\/wp\/v2\/product_brand?post=75954"},{"taxonomy":"product_cat","embeddable":true,"href":"https:\/\/kidsplay.lt\/lv\/wp-json\/wp\/v2\/product_cat?post=75954"},{"taxonomy":"product_tag","embeddable":true,"href":"https:\/\/kidsplay.lt\/lv\/wp-json\/wp\/v2\/product_tag?post=75954"}],"curies":[{"name":"wp","href":"https:\/\/api.w.org\/{rel}","templated":true}]}}