{"id":75985,"date":"2025-10-10T22:32:16","date_gmt":"2025-10-10T19:32:16","guid":{"rendered":"https:\/\/kidsplay.lt\/?post_type=product&#038;p=75985"},"modified":"2025-12-29T22:11:57","modified_gmt":"2025-12-29T20:11:57","slug":"putplascio-blokeliai-tetris-45-el","status":"publish","type":"product","link":"https:\/\/kidsplay.lt\/lv\/products\/putplascio-blokeliai-tetris-45-el\/","title":{"rendered":"Putuplasta bloki Tetris \u2013 45 gab."},"content":{"rendered":"<div class=\"mpof_ki myre_zn myre_8v_l m389_6m_l\">\n<div class=\"mp4t_16_s mryx_16_s mr3m_1 mli2_1 mh85_56 mh85_0_l\">\n<div class=\"mgn2_16 _0d3bd_am0a-\">\n<h2><span dir=\"auto\">Putplas\u010dio kalad\u0117li\u0173 rinkinys &#8211; Tetris &#8211; 45 vnt.<\/span><\/h2>\n<p><b><span dir=\"auto\">\u0160\u012fkart \u201eCult Tetris\u201c kalad\u0117li\u0173 versijoje ir patiems ma\u017eiausiems!\u00a0<\/span><\/b><b><span dir=\"auto\">Dideli\u0173 putplas\u010dio kalad\u0117li\u0173<\/span><\/b><span dir=\"auto\">\u00a0rinkinys,\u00a0pagamintas i\u0161 mink\u0161tos ir malonios ma\u017eoms rankyt\u0117ms\u00a0<\/span><b><span dir=\"auto\">putplas\u010dio med\u017eiagos<\/span><\/b><span dir=\"auto\">\u00a0. Draugi\u0161kos ir ergonomi\u0161kos formos bei\u00a0<\/span><b><span dir=\"auto\">a\u0161tr\u016bs kra\u0161tai<\/span><\/b><span dir=\"auto\">\u00a0leis patogiai ir maloniai \u017eaisti.\u00a0<\/span><b><span dir=\"auto\">Gra\u017eios ir ry\u0161kios spalvos<\/span><\/b><span dir=\"auto\">\u00a0pritrauks ir skatins vaik\u0105 susipa\u017einti su kalad\u0117l\u0117mis, taip pat pad\u0117s ma\u017eiausiems mokytis\u00a0<\/span><b><span dir=\"auto\">spalv\u0173<\/span><\/b><span dir=\"auto\">\u00a0. Vaikas gali kurti savo unikalius dideli\u0173 dyd\u017ei\u0173 modelius, kartu lavindamas vaizduot\u0119 ir konstravimo \u012fg\u016bd\u017eius, taip pat geb\u0117jim\u0105 logi\u0161kai m\u0105styti.<\/span><\/p>\n<p><b><span dir=\"auto\">Dideli blokai \u2013 labai smagu!<\/span><\/b><\/p>\n<p><b><span dir=\"auto\">Rinkin\u012f<\/span><\/b><span dir=\"auto\">\u00a0sudaro 45 elementai, kuri\u0173 dydis svyruoja nuo\u00a0<\/span><b><span dir=\"auto\">5 cm iki 20 cm<\/span><\/b><span dir=\"auto\">\u00a0. Kiekvienas i\u0161 j\u0173 yra kruop\u0161\u010diai sukurtas taip, kad j\u016bs\u0173 vaikas patirt\u0173 ne tik konstravimo\u00a0<\/span><b><span dir=\"auto\">d\u017eiaugsm\u0105<\/span><\/b><span dir=\"auto\">\u00a0, bet ir verting\u0173 mokymosi patir\u010di\u0173. Manipuliuodami kalad\u0117l\u0117mis, vaikai lavina\u00a0<\/span><b><span dir=\"auto\">rankinius \u012fg\u016bd\u017eius<\/span><\/b><span dir=\"auto\">\u00a0,\u00a0<\/span><b><span dir=\"auto\">regim\u0105j\u0105-motorin\u0119 koordinacij\u0105\u00a0<\/span><\/b><b><span dir=\"auto\">ir erdvinius geb\u0117jimus<\/span><\/b><span dir=\"auto\">\u00a0.<\/span><\/p>\n<p><b><span dir=\"auto\">Pagrindiniai rinkinio privalumai:<\/span><\/b><\/p>\n<ul>\n<li><b><span dir=\"auto\">lengva, bet tuo pa\u010diu metu patvari blokeli\u0173 konstrukcija,<\/span><\/b><\/li>\n<li><b><span dir=\"auto\">Rinkin\u012f sudaro 10 dideli\u0173 putplas\u010dio blokeli\u0173 ir 35 putplas\u010dio jungtys,<\/span><\/b><\/li>\n<li><b><span dir=\"auto\">d\u0117l savo dyd\u017eio jie tiks vaikams nuo 3 met\u0173 am\u017eiaus,<\/span><\/b><\/li>\n<li><b><span dir=\"auto\">visi\u0161kai saug\u016bs \u017eaislai su CE ir EN-71<\/span><\/b><span dir=\"auto\">\u00a0sertifikatais<\/span><\/li>\n<\/ul>\n<p><b><span dir=\"auto\">PASTABA:<\/span><\/b><span dir=\"auto\">\u00a0Rinkinys neleid\u017eia sukonstruoti vis\u0173 konstrukcij\u0173 vienu metu. Rinkinyje esan\u010di\u0173 kalad\u0117li\u0173 spalvos gali skirtis nuo parodyt\u0173 instrukcijose.<\/span><\/p>\n<p><span dir=\"auto\">Tetris putplas\u010dio kalad\u0117li\u0173 rinkinys, sudarytas i\u0161 45 element\u0173. Didel\u0117s, lengvos ir malonios liesti kalad\u0117l\u0117s suteiks j\u016bs\u0173 vaikui daug d\u017eiaugsmo kuriant \u012fvairias konstrukcijas. Ry\u0161kios ir sodrios spalvos skatina vaizduot\u0119 ir \u017eaidim\u0105.<\/span><\/p>\n<\/div>\n<\/div>\n<\/div>\n<div class=\"mpof_ki myre_zn myre_8v_l m389_6m_l\">\n<div class=\"mp4t_16_s mryx_16_s mr3m_1 mli2_1 mh85_56 mh85_0_l\">\n<div class=\"mgn2_16 _0d3bd_am0a-\">\n<h1><span dir=\"auto\">Parametrai<\/span><\/h1>\n<ul>\n<li><b><span dir=\"auto\">Garantija<\/span><\/b><span dir=\"auto\">\u00a0: 24<\/span><\/li>\n<li><b><span dir=\"auto\">Element\u0173 dydis<\/span><\/b><span dir=\"auto\">\u00a0: nuo 5 cm<\/span><\/li>\n<li><b><span dir=\"auto\">Rekomenduojamas vaiko am\u017eius<\/span><\/b><span dir=\"auto\">\u00a0: 3+<\/span><\/li>\n<li><b><span dir=\"auto\">Preki\u0173 skai\u010dius<\/span><\/b><span dir=\"auto\">\u00a0: 45<\/span><\/li>\n<li><b><span dir=\"auto\">Instrukcij\u0173 skai\u010dius<\/span><\/b><span dir=\"auto\">\u00a0: 1<\/span><\/li>\n<li><b><span dir=\"auto\">Pakuot\u0117s dydis<\/span><\/b><span dir=\"auto\">\u00a0: 35 x 31 x 16,5 auk\u0161\u010dio<\/span><\/li>\n<li><b><span dir=\"auto\">Svoris su pakuote<\/span><\/b><span dir=\"auto\">\u00a0: 1,3 kg<\/span><\/li>\n<li><b><span dir=\"auto\">Pristatymas<\/span><\/b><span dir=\"auto\">\u00a0: iki 13 val.<\/span><\/li>\n<li><b><span dir=\"auto\">Ilgis cm<\/span><\/b><span dir=\"auto\">\u00a0: 27<\/span><\/li>\n<li><b><span dir=\"auto\">\u016agis cm<\/span><\/b><span dir=\"auto\">\u00a0: 37<\/span><\/li>\n<li><b><span dir=\"auto\">Plotis cm<\/span><\/b><span dir=\"auto\">\u00a0: 10<\/span><\/li>\n<li><b><span dir=\"auto\">Bendras svoris gramais<\/span><\/b><span dir=\"auto\">\u00a0: 1665<\/span><\/li>\n<li><b><span dir=\"auto\">Vertimas<\/span><\/b><span dir=\"auto\">\u00a0: angl\u0173<\/span><\/li>\n<li><b><span dir=\"auto\">Krep\u0161ys<\/span><\/b><span dir=\"auto\">\u00a0: 312<\/span><\/li>\n<\/ul>\n<p><span dir=\"auto\">1,6 kg.<\/span><\/p>\n<\/div>\n<\/div>\n<div class=\"mp4t_16_s mryx_16_s mr3m_1 mli2_1 mh85_56 mh85_0_l\">\n<div class=\"mg9e_8 mj7a_8 mg9e_0_s mvrt_0_s mj7a_0_s mh36_0_s mzmg_6m munh_16_l m3h2_16_l\">\n<div class=\"mp4t_0 mryx_0 munh_56 m3h2_56\">\n<div class=\"mp7g_oh\"><\/div>\n<\/div>\n<\/div>\n<\/div>\n<\/div>","protected":false},"excerpt":{"rendered":"<p>Putplas\u010dio kalad\u0117li\u0173 rinkinys &#8211; Tetris &#8211; 45 vnt. \u0160\u012fkart \u201eCult Tetris\u201c kalad\u0117li\u0173 versijoje ir patiems ma\u017eiausiems!\u00a0Dideli\u0173 putplas\u010dio kalad\u0117li\u0173\u00a0rinkinys,\u00a0pagamintas i\u0161 mink\u0161tos<\/p>","protected":false},"featured_media":75986,"template":"","meta":{"_acf_changed":false,"_glsr_average":0,"_glsr_ranking":0,"_glsr_reviews":0},"product_brand":[],"product_cat":[388,229],"product_tag":[],"class_list":{"0":"post-75985","1":"product","2":"type-product","3":"status-publish","4":"has-post-thumbnail","6":"product_cat-edukaciniai-lavinamieji-zaislai","7":"product_cat-zaislai-vaikams","8":"\"style=\"background-color: #2ecc711c;\"","10":"first","11":"instock","12":"shipping-taxable","13":"purchasable","14":"product-type-simple"},"acf":[],"yoast_head":"<!-- This site is optimized with the Yoast SEO plugin v27.3 - https:\/\/yoast.com\/product\/yoast-seo-wordpress\/ -->\n<title>Putplas\u010dio blokeliai Tetris - 45 el. - KidsPlay<\/title>\n<meta name=\"description\" content=\"Putplas\u010dio blokeliai Tetris - 45 el. - KidsPlay. Did\u017eiausias vaik\u0173 \u017eaisl\u0173 pasirinkimas.\" \/>\n<meta name=\"robots\" content=\"index, follow, max-snippet:-1, max-image-preview:large, max-video-preview:-1\" \/>\n<link rel=\"canonical\" href=\"https:\/\/kidsplay.lt\/lv\/products\/putplascio-blokeliai-tetris-45-el\/\" \/>\n<meta property=\"og:locale\" content=\"lv_LV\" \/>\n<meta property=\"og:type\" content=\"article\" \/>\n<meta property=\"og:title\" content=\"Putplas\u010dio blokeliai Tetris - 45 el. - KidsPlay\" \/>\n<meta property=\"og:description\" content=\"Putplas\u010dio blokeliai Tetris - 45 el. - KidsPlay. Did\u017eiausias vaik\u0173 \u017eaisl\u0173 pasirinkimas.\" \/>\n<meta property=\"og:url\" content=\"https:\/\/kidsplay.lt\/lv\/products\/putplascio-blokeliai-tetris-45-el\/\" \/>\n<meta property=\"og:site_name\" content=\"KidsPlay\" \/>\n<meta property=\"article:publisher\" content=\"https:\/\/www.facebook.com\/www.kidsplay.lt\" \/>\n<meta property=\"article:modified_time\" content=\"2025-12-29T20:11:57+00:00\" \/>\n<meta property=\"og:image\" content=\"https:\/\/kidsplay.lt\/wp-content\/uploads\/2025\/10\/Screenshot_24-1.png\" \/>\n\t<meta property=\"og:image:width\" content=\"410\" \/>\n\t<meta property=\"og:image:height\" content=\"367\" \/>\n\t<meta property=\"og:image:type\" content=\"image\/png\" \/>\n<meta name=\"twitter:card\" content=\"summary_large_image\" \/>\n<meta name=\"twitter:label1\" content=\"Est. reading time\" \/>\n\t<meta name=\"twitter:data1\" content=\"2 min\u016btes\" \/>\n<script type=\"application\/ld+json\" class=\"yoast-schema-graph\">{\"@context\":\"https:\\\/\\\/schema.org\",\"@graph\":[{\"@type\":\"WebPage\",\"@id\":\"https:\\\/\\\/kidsplay.lt\\\/produktas\\\/putplascio-blokeliai-tetris-45-el\\\/\",\"url\":\"https:\\\/\\\/kidsplay.lt\\\/produktas\\\/putplascio-blokeliai-tetris-45-el\\\/\",\"name\":\"Putplas\u010dio blokeliai Tetris - 45 el. - KidsPlay\",\"isPartOf\":{\"@id\":\"https:\\\/\\\/kidsplay.lt\\\/#website\"},\"primaryImageOfPage\":{\"@id\":\"https:\\\/\\\/kidsplay.lt\\\/produktas\\\/putplascio-blokeliai-tetris-45-el\\\/#primaryimage\"},\"image\":{\"@id\":\"https:\\\/\\\/kidsplay.lt\\\/produktas\\\/putplascio-blokeliai-tetris-45-el\\\/#primaryimage\"},\"thumbnailUrl\":\"https:\\\/\\\/kidsplay.lt\\\/wp-content\\\/uploads\\\/2025\\\/10\\\/Screenshot_24-1.png\",\"datePublished\":\"2025-10-10T19:32:16+00:00\",\"dateModified\":\"2025-12-29T20:11:57+00:00\",\"description\":\"Putplas\u010dio blokeliai Tetris - 45 el. - KidsPlay. Did\u017eiausias vaik\u0173 \u017eaisl\u0173 pasirinkimas.\",\"breadcrumb\":{\"@id\":\"https:\\\/\\\/kidsplay.lt\\\/produktas\\\/putplascio-blokeliai-tetris-45-el\\\/#breadcrumb\"},\"inLanguage\":\"lv-LV\",\"potentialAction\":[{\"@type\":\"ReadAction\",\"target\":[\"https:\\\/\\\/kidsplay.lt\\\/produktas\\\/putplascio-blokeliai-tetris-45-el\\\/\"]}]},{\"@type\":\"ImageObject\",\"inLanguage\":\"lv-LV\",\"@id\":\"https:\\\/\\\/kidsplay.lt\\\/produktas\\\/putplascio-blokeliai-tetris-45-el\\\/#primaryimage\",\"url\":\"https:\\\/\\\/kidsplay.lt\\\/wp-content\\\/uploads\\\/2025\\\/10\\\/Screenshot_24-1.png\",\"contentUrl\":\"https:\\\/\\\/kidsplay.lt\\\/wp-content\\\/uploads\\\/2025\\\/10\\\/Screenshot_24-1.png\",\"width\":410,\"height\":367},{\"@type\":\"BreadcrumbList\",\"@id\":\"https:\\\/\\\/kidsplay.lt\\\/produktas\\\/putplascio-blokeliai-tetris-45-el\\\/#breadcrumb\",\"itemListElement\":[{\"@type\":\"ListItem\",\"position\":1,\"name\":\"Pagrindinis\",\"item\":\"https:\\\/\\\/kidsplay.lt\\\/\"},{\"@type\":\"ListItem\",\"position\":2,\"name\":\"Parduotuv\u0117\",\"item\":\"https:\\\/\\\/kidsplay.lt\\\/parduotuve\\\/\"},{\"@type\":\"ListItem\",\"position\":3,\"name\":\"Putplas\u010dio blokeliai Tetris &#8211; 45 el.\"}]},{\"@type\":\"WebSite\",\"@id\":\"https:\\\/\\\/kidsplay.lt\\\/#website\",\"url\":\"https:\\\/\\\/kidsplay.lt\\\/\",\"name\":\"Kidsplay.lt\",\"description\":\"\u012evairios prek\u0117s vaikams\",\"publisher\":{\"@id\":\"https:\\\/\\\/kidsplay.lt\\\/#organization\"},\"alternateName\":\"Kidsplay\",\"potentialAction\":[{\"@type\":\"SearchAction\",\"target\":{\"@type\":\"EntryPoint\",\"urlTemplate\":\"https:\\\/\\\/kidsplay.lt\\\/?s={search_term_string}\"},\"query-input\":{\"@type\":\"PropertyValueSpecification\",\"valueRequired\":true,\"valueName\":\"search_term_string\"}}],\"inLanguage\":\"lv-LV\"},{\"@type\":\"Organization\",\"@id\":\"https:\\\/\\\/kidsplay.lt\\\/#organization\",\"name\":\"KidsPlay\",\"url\":\"https:\\\/\\\/kidsplay.lt\\\/\",\"logo\":{\"@type\":\"ImageObject\",\"inLanguage\":\"lv-LV\",\"@id\":\"https:\\\/\\\/kidsplay.lt\\\/#\\\/schema\\\/logo\\\/image\\\/\",\"url\":\"https:\\\/\\\/kidsplay.lt\\\/wp-content\\\/uploads\\\/2023\\\/07\\\/kidsplay-logo.png\",\"contentUrl\":\"https:\\\/\\\/kidsplay.lt\\\/wp-content\\\/uploads\\\/2023\\\/07\\\/kidsplay-logo.png\",\"width\":451,\"height\":98,\"caption\":\"KidsPlay\"},\"image\":{\"@id\":\"https:\\\/\\\/kidsplay.lt\\\/#\\\/schema\\\/logo\\\/image\\\/\"},\"sameAs\":[\"https:\\\/\\\/www.facebook.com\\\/www.kidsplay.lt\"]}]}<\/script>\n<!-- \/ Yoast SEO plugin. -->","yoast_head_json":{"title":"Putplas\u010dio blokeliai Tetris - 45 el. - KidsPlay","description":"Putplas\u010dio blokeliai Tetris - 45 el. - KidsPlay. Did\u017eiausias vaik\u0173 \u017eaisl\u0173 pasirinkimas.","robots":{"index":"index","follow":"follow","max-snippet":"max-snippet:-1","max-image-preview":"max-image-preview:large","max-video-preview":"max-video-preview:-1"},"canonical":"https:\/\/kidsplay.lt\/lv\/products\/putplascio-blokeliai-tetris-45-el\/","og_locale":"lv_LV","og_type":"article","og_title":"Putplas\u010dio blokeliai Tetris - 45 el. - KidsPlay","og_description":"Putplas\u010dio blokeliai Tetris - 45 el. - KidsPlay. Did\u017eiausias vaik\u0173 \u017eaisl\u0173 pasirinkimas.","og_url":"https:\/\/kidsplay.lt\/lv\/products\/putplascio-blokeliai-tetris-45-el\/","og_site_name":"KidsPlay","article_publisher":"https:\/\/www.facebook.com\/www.kidsplay.lt","article_modified_time":"2025-12-29T20:11:57+00:00","og_image":[{"width":410,"height":367,"url":"https:\/\/kidsplay.lt\/wp-content\/uploads\/2025\/10\/Screenshot_24-1.png","type":"image\/png"}],"twitter_card":"summary_large_image","twitter_misc":{"Est. reading time":"2 min\u016btes"},"schema":{"@context":"https:\/\/schema.org","@graph":[{"@type":"WebPage","@id":"https:\/\/kidsplay.lt\/produktas\/putplascio-blokeliai-tetris-45-el\/","url":"https:\/\/kidsplay.lt\/produktas\/putplascio-blokeliai-tetris-45-el\/","name":"Putplas\u010dio blokeliai Tetris - 45 el. - KidsPlay","isPartOf":{"@id":"https:\/\/kidsplay.lt\/#website"},"primaryImageOfPage":{"@id":"https:\/\/kidsplay.lt\/produktas\/putplascio-blokeliai-tetris-45-el\/#primaryimage"},"image":{"@id":"https:\/\/kidsplay.lt\/produktas\/putplascio-blokeliai-tetris-45-el\/#primaryimage"},"thumbnailUrl":"https:\/\/kidsplay.lt\/wp-content\/uploads\/2025\/10\/Screenshot_24-1.png","datePublished":"2025-10-10T19:32:16+00:00","dateModified":"2025-12-29T20:11:57+00:00","description":"Putplas\u010dio blokeliai Tetris - 45 el. - KidsPlay. Did\u017eiausias vaik\u0173 \u017eaisl\u0173 pasirinkimas.","breadcrumb":{"@id":"https:\/\/kidsplay.lt\/produktas\/putplascio-blokeliai-tetris-45-el\/#breadcrumb"},"inLanguage":"lv-LV","potentialAction":[{"@type":"ReadAction","target":["https:\/\/kidsplay.lt\/produktas\/putplascio-blokeliai-tetris-45-el\/"]}]},{"@type":"ImageObject","inLanguage":"lv-LV","@id":"https:\/\/kidsplay.lt\/produktas\/putplascio-blokeliai-tetris-45-el\/#primaryimage","url":"https:\/\/kidsplay.lt\/wp-content\/uploads\/2025\/10\/Screenshot_24-1.png","contentUrl":"https:\/\/kidsplay.lt\/wp-content\/uploads\/2025\/10\/Screenshot_24-1.png","width":410,"height":367},{"@type":"BreadcrumbList","@id":"https:\/\/kidsplay.lt\/produktas\/putplascio-blokeliai-tetris-45-el\/#breadcrumb","itemListElement":[{"@type":"ListItem","position":1,"name":"Pagrindinis","item":"https:\/\/kidsplay.lt\/"},{"@type":"ListItem","position":2,"name":"Parduotuv\u0117","item":"https:\/\/kidsplay.lt\/parduotuve\/"},{"@type":"ListItem","position":3,"name":"Putplas\u010dio blokeliai Tetris &#8211; 45 el."}]},{"@type":"WebSite","@id":"https:\/\/kidsplay.lt\/#website","url":"https:\/\/kidsplay.lt\/","name":"B\u0113rnu sp\u0113les.lv","description":"\u012evairios prek\u0117s vaikams","publisher":{"@id":"https:\/\/kidsplay.lt\/#organization"},"alternateName":"Kidsplay","potentialAction":[{"@type":"SearchAction","target":{"@type":"EntryPoint","urlTemplate":"https:\/\/kidsplay.lt\/?s={search_term_string}"},"query-input":{"@type":"PropertyValueSpecification","valueRequired":true,"valueName":"search_term_string"}}],"inLanguage":"lv-LV"},{"@type":"Organization","@id":"https:\/\/kidsplay.lt\/#organization","name":"B\u0113rnu sp\u0113le","url":"https:\/\/kidsplay.lt\/","logo":{"@type":"ImageObject","inLanguage":"lv-LV","@id":"https:\/\/kidsplay.lt\/#\/schema\/logo\/image\/","url":"https:\/\/kidsplay.lt\/wp-content\/uploads\/2023\/07\/kidsplay-logo.png","contentUrl":"https:\/\/kidsplay.lt\/wp-content\/uploads\/2023\/07\/kidsplay-logo.png","width":451,"height":98,"caption":"KidsPlay"},"image":{"@id":"https:\/\/kidsplay.lt\/#\/schema\/logo\/image\/"},"sameAs":["https:\/\/www.facebook.com\/www.kidsplay.lt"]}]}},"_links":{"self":[{"href":"https:\/\/kidsplay.lt\/lv\/wp-json\/wp\/v2\/product\/75985","targetHints":{"allow":["GET"]}}],"collection":[{"href":"https:\/\/kidsplay.lt\/lv\/wp-json\/wp\/v2\/product"}],"about":[{"href":"https:\/\/kidsplay.lt\/lv\/wp-json\/wp\/v2\/types\/product"}],"version-history":[{"count":1,"href":"https:\/\/kidsplay.lt\/lv\/wp-json\/wp\/v2\/product\/75985\/revisions"}],"predecessor-version":[{"id":75992,"href":"https:\/\/kidsplay.lt\/lv\/wp-json\/wp\/v2\/product\/75985\/revisions\/75992"}],"wp:featuredmedia":[{"embeddable":true,"href":"https:\/\/kidsplay.lt\/lv\/wp-json\/wp\/v2\/media\/75986"}],"wp:attachment":[{"href":"https:\/\/kidsplay.lt\/lv\/wp-json\/wp\/v2\/media?parent=75985"}],"wp:term":[{"taxonomy":"product_brand","embeddable":true,"href":"https:\/\/kidsplay.lt\/lv\/wp-json\/wp\/v2\/product_brand?post=75985"},{"taxonomy":"product_cat","embeddable":true,"href":"https:\/\/kidsplay.lt\/lv\/wp-json\/wp\/v2\/product_cat?post=75985"},{"taxonomy":"product_tag","embeddable":true,"href":"https:\/\/kidsplay.lt\/lv\/wp-json\/wp\/v2\/product_tag?post=75985"}],"curies":[{"name":"wp","href":"https:\/\/api.w.org\/{rel}","templated":true}]}}