{"id":75993,"date":"2025-10-10T22:35:45","date_gmt":"2025-10-10T19:35:45","guid":{"rendered":"https:\/\/kidsplay.lt\/?post_type=product&#038;p=75993"},"modified":"2025-12-29T22:12:43","modified_gmt":"2025-12-29T20:12:43","slug":"fisher-price-vaikiska-kedute-staliukas","status":"publish","type":"product","link":"https:\/\/kidsplay.lt\/lv\/products\/fisher-price-vaikiska-kedute-staliukas\/","title":{"rendered":"FISHER PRICE b\u0113rnu baro\u0161anas kr\u0113sls-galdi\u0146\u0161"},"content":{"rendered":"<div class=\"mpof_ki myre_zn myre_8v_l m389_6m_l\">\n<div class=\"mp4t_16_s mryx_16_s mr3m_1 mli2_1 mh85_56 mh85_0_l\">\n<div class=\"mgn2_16 _0d3bd_am0a-\">\n<h1><span dir=\"auto\">FISHER PRICE b\u0113rnu baro\u0161anas kr\u0113sls-galdi\u0146\u0161<\/span><\/h1>\n<\/div>\n<\/div>\n<\/div>\n<div class=\"mpof_ki myre_zn myre_8v_l m389_6m_l\">\n<div class=\"mp4t_16_s mryx_16_s mr3m_1 mli2_1 mh85_56 mh85_0_l\">\n<div class=\"mg9e_8 mj7a_8 mg9e_0_s mvrt_0_s mj7a_0_s mh36_0_s mzmg_6m munh_16_l m3h2_16_l\">\n<div class=\"mp4t_0 mryx_0 munh_56 m3h2_56\">\n<div class=\"mp7g_oh\"><button class=\"mg9e_0 mvrt_0 mj7a_0 mh36_0 mp4t_0 m3h2_0 mryx_0 munh_0 mqen_m6 mpof_z0 mx7m_0 m7er_k4 mse2_k4 msts_pt\" data-analytics-interaction=\"true\" data-analytics-interaction-label=\"zoomable-image-open\" aria-disabled=\"true\"><img decoding=\"async\" class=\"msub_k4 mupj_5k mjru_k4 mse2_k4 mp7g_f6 mq1m_0 mj7u_0 m7er_k4 mqen_m6 m31c_d8 m0ux_fp lazyloaded\" src=\"https:\/\/a.allegroimg.com\/original\/117a74\/381e47a0421099a60e994fcae7b4\/FISHER-PRICE-BABY-CHAIR-SEAT-TABLE-Manufacturer-code-HBD68\" sizes=\"(min-width: 1200px) 560px, (min-width: 992px) 50vw, 100vw\" srcset=\"https:\/\/a.allegroimg.com\/s360\/117a74\/381e47a0421099a60e994fcae7b4\/FISHER-PRICE-BABY-CHAIR-SEAT-TABLE-Manufacturer-code-HBD68 360w,https:\/\/a.allegroimg.com\/s720\/117a74\/381e47a0421099a60e994fcae7b4\/FISHER-PRICE-BABY-CHAIR-SEAT-TABLE-Manufacturer-code-HBD68 679w,https:\/\/a.allegroimg.com\/original\/117a74\/381e47a0421099a60e994fcae7b4\/FISHER-PRICE-BABY-CHAIR-SEAT-TABLE-Manufacturer-code-HBD68 679w\" alt=\"FISHER PRICE vaiki\u0161ka k\u0117dut\u0117-staliukas Gamintojo kodas HBD68\" width=\"679px\" data-srcset=\"\" \/><\/button><\/div>\n<\/div>\n<\/div>\n<\/div>\n<div class=\"mp4t_16_s mryx_16_s mr3m_1 mli2_1 mh85_56 mh85_0_l\">\n<div class=\"mgn2_16 _0d3bd_am0a-\">\n<p><span dir=\"auto\">\u201eFisher-Price\u201c s\u0117dimoji k\u0117dut\u0117 \u201eSit-Me-Up\u201c (\u201eTerrazzo Pacific Pebbles\u201c) yra prakti\u0161ka ir patogi k\u016bdikio k\u0117dut\u0117, padedanti j\u016bs\u0173 ma\u017eyliui mokytis s\u0117d\u0117ti savaranki\u0161kai.<\/span><\/p>\n<p><b><span dir=\"auto\">Pagrindin\u0117s produkto savyb\u0117s:<\/span><\/b><\/p>\n<ul>\n<li><span dir=\"auto\">Stabili konstrukcija: platus ir tvirtas pagrindas u\u017etikrina j\u016bs\u0173 vaiko saugum\u0105 ir atram\u0105 s\u0117dint.<\/span><\/li>\n<li><span dir=\"auto\">\u012emontuotas pad\u0117klas: nuimamas pad\u0117klas leid\u017eia lengvai patiekti u\u017ekand\u017eius ir juos tvarkingai laikyti.<\/span><\/li>\n<li><span dir=\"auto\">Lavinamieji \u017eaislai: du pridedami \u017eaislai lavina smulki\u0105j\u0105 motorik\u0105 ir pralinksmina.<\/span><\/li>\n<li><span dir=\"auto\">Lengvas sand\u0117liavimas: s\u0117dyn\u0117 sulankstoma, tod\u0117l j\u0105 lengva sand\u0117liuoti ir transportuoti.<\/span><\/li>\n<li><span dir=\"auto\">Higiena: Mink\u0161tas pamink\u0161tinimas yra nuimamas ir skalbiamas skalbimo ma\u0161inoje, tod\u0117l j\u012f lengva valyti.<\/span><\/li>\n<\/ul>\n<p><b><span dir=\"auto\">Technin\u0117 specifikacija:<\/span><\/b><\/p>\n<ul>\n<li><span dir=\"auto\">EAN kodas: 887961986372<\/span><\/li>\n<li><span dir=\"auto\">Matmenys: 30 x 31 x 21 cm<\/span><\/li>\n<li><span dir=\"auto\">Maksimalus vaiko svoris: 11,3 kg<\/span><\/li>\n<li><span dir=\"auto\">Produkto svoris: apie 3,4 kg<\/span><\/li>\n<\/ul>\n<p><b><span dir=\"auto\">Naudojimo rekomendacijos:<\/span><\/b><\/p>\n<p><span dir=\"auto\">K\u0117dut\u0117 skirta vaikams, kurie gali patys laikyti galv\u0105, bet dar nemoka savaranki\u0161kai s\u0117d\u0117ti ar vaik\u0161\u010dioti.<\/span><\/p>\n<p><span dir=\"auto\">\u201eFisher-Price Sit-Me-Up\u201c grind\u0173 k\u0117dut\u0117 yra puikus sprendimas t\u0117vams, ie\u0161kantiems saugios ir patogios vietos savo vaikui \u017eaisti ir mokytis s\u0117d\u0117ti.<\/span><\/p>\n<\/div>\n<\/div>\n<\/div>","protected":false},"excerpt":{"rendered":"<p>FISHER PRICE vaiki\u0161ka k\u0117dut\u0117-staliukas \u201eFisher-Price\u201c s\u0117dimoji k\u0117dut\u0117 \u201eSit-Me-Up\u201c (\u201eTerrazzo Pacific Pebbles\u201c) yra prakti\u0161ka ir patogi k\u016bdikio k\u0117dut\u0117, padedanti j\u016bs\u0173 ma\u017eyliui<\/p>","protected":false},"featured_media":75994,"template":"","meta":{"_acf_changed":false,"_glsr_average":0,"_glsr_ranking":0,"_glsr_reviews":0},"product_brand":[],"product_cat":[314,254],"product_tag":[],"class_list":{"0":"post-75993","1":"product","2":"type-product","3":"status-publish","4":"has-post-thumbnail","6":"product_cat-staliukai-ir-kedutes","7":"product_cat-vaiko-kambarys","8":"\"style=\"background-color: #2ecc711c;\"","10":"first","11":"instock","12":"shipping-taxable","13":"purchasable","14":"product-type-simple"},"acf":[],"yoast_head":"<!-- This site is optimized with the Yoast SEO plugin v27.4 - https:\/\/yoast.com\/product\/yoast-seo-wordpress\/ -->\n<title>FISHER PRICE vaiki\u0161ka k\u0117dut\u0117-staliukas - KidsPlay<\/title>\n<meta name=\"description\" content=\"FISHER PRICE vaiki\u0161ka k\u0117dut\u0117-staliukas - KidsPlay. Did\u017eiausias vaik\u0173 \u017eaisl\u0173 pasirinkimas.\" \/>\n<meta name=\"robots\" content=\"index, follow, max-snippet:-1, max-image-preview:large, max-video-preview:-1\" \/>\n<link rel=\"canonical\" href=\"https:\/\/kidsplay.lt\/lv\/products\/fisher-price-vaikiska-kedute-staliukas\/\" \/>\n<meta property=\"og:locale\" content=\"lv_LV\" \/>\n<meta property=\"og:type\" content=\"article\" \/>\n<meta property=\"og:title\" content=\"FISHER PRICE vaiki\u0161ka k\u0117dut\u0117-staliukas - KidsPlay\" \/>\n<meta property=\"og:description\" content=\"FISHER PRICE vaiki\u0161ka k\u0117dut\u0117-staliukas - KidsPlay. Did\u017eiausias vaik\u0173 \u017eaisl\u0173 pasirinkimas.\" \/>\n<meta property=\"og:url\" content=\"https:\/\/kidsplay.lt\/lv\/products\/fisher-price-vaikiska-kedute-staliukas\/\" \/>\n<meta property=\"og:site_name\" content=\"KidsPlay\" \/>\n<meta property=\"article:publisher\" content=\"https:\/\/www.facebook.com\/www.kidsplay.lt\" \/>\n<meta property=\"article:modified_time\" content=\"2025-12-29T20:12:43+00:00\" \/>\n<meta property=\"og:image\" content=\"https:\/\/kidsplay.lt\/wp-content\/uploads\/2025\/10\/Screenshot_31-1.png\" \/>\n\t<meta property=\"og:image:width\" content=\"457\" \/>\n\t<meta property=\"og:image:height\" content=\"357\" \/>\n\t<meta property=\"og:image:type\" content=\"image\/png\" \/>\n<meta name=\"twitter:card\" content=\"summary_large_image\" \/>\n<meta name=\"twitter:label1\" content=\"Est. reading time\" \/>\n\t<meta name=\"twitter:data1\" content=\"1 min\u016bte\" \/>\n<script type=\"application\/ld+json\" class=\"yoast-schema-graph\">{\"@context\":\"https:\\\/\\\/schema.org\",\"@graph\":[{\"@type\":\"WebPage\",\"@id\":\"https:\\\/\\\/kidsplay.lt\\\/produktas\\\/fisher-price-vaikiska-kedute-staliukas\\\/\",\"url\":\"https:\\\/\\\/kidsplay.lt\\\/produktas\\\/fisher-price-vaikiska-kedute-staliukas\\\/\",\"name\":\"FISHER PRICE vaiki\u0161ka k\u0117dut\u0117-staliukas - KidsPlay\",\"isPartOf\":{\"@id\":\"https:\\\/\\\/kidsplay.lt\\\/#website\"},\"primaryImageOfPage\":{\"@id\":\"https:\\\/\\\/kidsplay.lt\\\/produktas\\\/fisher-price-vaikiska-kedute-staliukas\\\/#primaryimage\"},\"image\":{\"@id\":\"https:\\\/\\\/kidsplay.lt\\\/produktas\\\/fisher-price-vaikiska-kedute-staliukas\\\/#primaryimage\"},\"thumbnailUrl\":\"https:\\\/\\\/kidsplay.lt\\\/wp-content\\\/uploads\\\/2025\\\/10\\\/Screenshot_31-1.png\",\"datePublished\":\"2025-10-10T19:35:45+00:00\",\"dateModified\":\"2025-12-29T20:12:43+00:00\",\"description\":\"FISHER PRICE vaiki\u0161ka k\u0117dut\u0117-staliukas - KidsPlay. Did\u017eiausias vaik\u0173 \u017eaisl\u0173 pasirinkimas.\",\"breadcrumb\":{\"@id\":\"https:\\\/\\\/kidsplay.lt\\\/produktas\\\/fisher-price-vaikiska-kedute-staliukas\\\/#breadcrumb\"},\"inLanguage\":\"lv-LV\",\"potentialAction\":[{\"@type\":\"ReadAction\",\"target\":[\"https:\\\/\\\/kidsplay.lt\\\/produktas\\\/fisher-price-vaikiska-kedute-staliukas\\\/\"]}]},{\"@type\":\"ImageObject\",\"inLanguage\":\"lv-LV\",\"@id\":\"https:\\\/\\\/kidsplay.lt\\\/produktas\\\/fisher-price-vaikiska-kedute-staliukas\\\/#primaryimage\",\"url\":\"https:\\\/\\\/kidsplay.lt\\\/wp-content\\\/uploads\\\/2025\\\/10\\\/Screenshot_31-1.png\",\"contentUrl\":\"https:\\\/\\\/kidsplay.lt\\\/wp-content\\\/uploads\\\/2025\\\/10\\\/Screenshot_31-1.png\",\"width\":457,\"height\":357},{\"@type\":\"BreadcrumbList\",\"@id\":\"https:\\\/\\\/kidsplay.lt\\\/produktas\\\/fisher-price-vaikiska-kedute-staliukas\\\/#breadcrumb\",\"itemListElement\":[{\"@type\":\"ListItem\",\"position\":1,\"name\":\"Pagrindinis\",\"item\":\"https:\\\/\\\/kidsplay.lt\\\/\"},{\"@type\":\"ListItem\",\"position\":2,\"name\":\"Parduotuv\u0117\",\"item\":\"https:\\\/\\\/kidsplay.lt\\\/parduotuve\\\/\"},{\"@type\":\"ListItem\",\"position\":3,\"name\":\"FISHER PRICE vaiki\u0161ka k\u0117dut\u0117-staliukas\"}]},{\"@type\":\"WebSite\",\"@id\":\"https:\\\/\\\/kidsplay.lt\\\/#website\",\"url\":\"https:\\\/\\\/kidsplay.lt\\\/\",\"name\":\"Kidsplay.lt\",\"description\":\"\u012evairios prek\u0117s vaikams\",\"publisher\":{\"@id\":\"https:\\\/\\\/kidsplay.lt\\\/#organization\"},\"alternateName\":\"Kidsplay\",\"potentialAction\":[{\"@type\":\"SearchAction\",\"target\":{\"@type\":\"EntryPoint\",\"urlTemplate\":\"https:\\\/\\\/kidsplay.lt\\\/?s={search_term_string}\"},\"query-input\":{\"@type\":\"PropertyValueSpecification\",\"valueRequired\":true,\"valueName\":\"search_term_string\"}}],\"inLanguage\":\"lv-LV\"},{\"@type\":\"Organization\",\"@id\":\"https:\\\/\\\/kidsplay.lt\\\/#organization\",\"name\":\"KidsPlay\",\"url\":\"https:\\\/\\\/kidsplay.lt\\\/\",\"logo\":{\"@type\":\"ImageObject\",\"inLanguage\":\"lv-LV\",\"@id\":\"https:\\\/\\\/kidsplay.lt\\\/#\\\/schema\\\/logo\\\/image\\\/\",\"url\":\"https:\\\/\\\/kidsplay.lt\\\/wp-content\\\/uploads\\\/2023\\\/07\\\/kidsplay-logo.png\",\"contentUrl\":\"https:\\\/\\\/kidsplay.lt\\\/wp-content\\\/uploads\\\/2023\\\/07\\\/kidsplay-logo.png\",\"width\":451,\"height\":98,\"caption\":\"KidsPlay\"},\"image\":{\"@id\":\"https:\\\/\\\/kidsplay.lt\\\/#\\\/schema\\\/logo\\\/image\\\/\"},\"sameAs\":[\"https:\\\/\\\/www.facebook.com\\\/www.kidsplay.lt\"]}]}<\/script>\n<!-- \/ Yoast SEO plugin. -->","yoast_head_json":{"title":"FISHER PRICE vaiki\u0161ka k\u0117dut\u0117-staliukas - KidsPlay","description":"FISHER PRICE vaiki\u0161ka k\u0117dut\u0117-staliukas - KidsPlay. Did\u017eiausias vaik\u0173 \u017eaisl\u0173 pasirinkimas.","robots":{"index":"index","follow":"follow","max-snippet":"max-snippet:-1","max-image-preview":"max-image-preview:large","max-video-preview":"max-video-preview:-1"},"canonical":"https:\/\/kidsplay.lt\/lv\/products\/fisher-price-vaikiska-kedute-staliukas\/","og_locale":"lv_LV","og_type":"article","og_title":"FISHER PRICE vaiki\u0161ka k\u0117dut\u0117-staliukas - KidsPlay","og_description":"FISHER PRICE vaiki\u0161ka k\u0117dut\u0117-staliukas - KidsPlay. Did\u017eiausias vaik\u0173 \u017eaisl\u0173 pasirinkimas.","og_url":"https:\/\/kidsplay.lt\/lv\/products\/fisher-price-vaikiska-kedute-staliukas\/","og_site_name":"KidsPlay","article_publisher":"https:\/\/www.facebook.com\/www.kidsplay.lt","article_modified_time":"2025-12-29T20:12:43+00:00","og_image":[{"width":457,"height":357,"url":"https:\/\/kidsplay.lt\/wp-content\/uploads\/2025\/10\/Screenshot_31-1.png","type":"image\/png"}],"twitter_card":"summary_large_image","twitter_misc":{"Est. reading time":"1 min\u016bte"},"schema":{"@context":"https:\/\/schema.org","@graph":[{"@type":"WebPage","@id":"https:\/\/kidsplay.lt\/produktas\/fisher-price-vaikiska-kedute-staliukas\/","url":"https:\/\/kidsplay.lt\/produktas\/fisher-price-vaikiska-kedute-staliukas\/","name":"FISHER PRICE vaiki\u0161ka k\u0117dut\u0117-staliukas - KidsPlay","isPartOf":{"@id":"https:\/\/kidsplay.lt\/#website"},"primaryImageOfPage":{"@id":"https:\/\/kidsplay.lt\/produktas\/fisher-price-vaikiska-kedute-staliukas\/#primaryimage"},"image":{"@id":"https:\/\/kidsplay.lt\/produktas\/fisher-price-vaikiska-kedute-staliukas\/#primaryimage"},"thumbnailUrl":"https:\/\/kidsplay.lt\/wp-content\/uploads\/2025\/10\/Screenshot_31-1.png","datePublished":"2025-10-10T19:35:45+00:00","dateModified":"2025-12-29T20:12:43+00:00","description":"FISHER PRICE vaiki\u0161ka k\u0117dut\u0117-staliukas - KidsPlay. Did\u017eiausias vaik\u0173 \u017eaisl\u0173 pasirinkimas.","breadcrumb":{"@id":"https:\/\/kidsplay.lt\/produktas\/fisher-price-vaikiska-kedute-staliukas\/#breadcrumb"},"inLanguage":"lv-LV","potentialAction":[{"@type":"ReadAction","target":["https:\/\/kidsplay.lt\/produktas\/fisher-price-vaikiska-kedute-staliukas\/"]}]},{"@type":"ImageObject","inLanguage":"lv-LV","@id":"https:\/\/kidsplay.lt\/produktas\/fisher-price-vaikiska-kedute-staliukas\/#primaryimage","url":"https:\/\/kidsplay.lt\/wp-content\/uploads\/2025\/10\/Screenshot_31-1.png","contentUrl":"https:\/\/kidsplay.lt\/wp-content\/uploads\/2025\/10\/Screenshot_31-1.png","width":457,"height":357},{"@type":"BreadcrumbList","@id":"https:\/\/kidsplay.lt\/produktas\/fisher-price-vaikiska-kedute-staliukas\/#breadcrumb","itemListElement":[{"@type":"ListItem","position":1,"name":"Pagrindinis","item":"https:\/\/kidsplay.lt\/"},{"@type":"ListItem","position":2,"name":"Parduotuv\u0117","item":"https:\/\/kidsplay.lt\/parduotuve\/"},{"@type":"ListItem","position":3,"name":"FISHER PRICE vaiki\u0161ka k\u0117dut\u0117-staliukas"}]},{"@type":"WebSite","@id":"https:\/\/kidsplay.lt\/#website","url":"https:\/\/kidsplay.lt\/","name":"B\u0113rnu sp\u0113les.lv","description":"\u012evairios prek\u0117s vaikams","publisher":{"@id":"https:\/\/kidsplay.lt\/#organization"},"alternateName":"Kidsplay","potentialAction":[{"@type":"SearchAction","target":{"@type":"EntryPoint","urlTemplate":"https:\/\/kidsplay.lt\/?s={search_term_string}"},"query-input":{"@type":"PropertyValueSpecification","valueRequired":true,"valueName":"search_term_string"}}],"inLanguage":"lv-LV"},{"@type":"Organization","@id":"https:\/\/kidsplay.lt\/#organization","name":"B\u0113rnu sp\u0113le","url":"https:\/\/kidsplay.lt\/","logo":{"@type":"ImageObject","inLanguage":"lv-LV","@id":"https:\/\/kidsplay.lt\/#\/schema\/logo\/image\/","url":"https:\/\/kidsplay.lt\/wp-content\/uploads\/2023\/07\/kidsplay-logo.png","contentUrl":"https:\/\/kidsplay.lt\/wp-content\/uploads\/2023\/07\/kidsplay-logo.png","width":451,"height":98,"caption":"KidsPlay"},"image":{"@id":"https:\/\/kidsplay.lt\/#\/schema\/logo\/image\/"},"sameAs":["https:\/\/www.facebook.com\/www.kidsplay.lt"]}]}},"_links":{"self":[{"href":"https:\/\/kidsplay.lt\/lv\/wp-json\/wp\/v2\/product\/75993","targetHints":{"allow":["GET"]}}],"collection":[{"href":"https:\/\/kidsplay.lt\/lv\/wp-json\/wp\/v2\/product"}],"about":[{"href":"https:\/\/kidsplay.lt\/lv\/wp-json\/wp\/v2\/types\/product"}],"version-history":[{"count":1,"href":"https:\/\/kidsplay.lt\/lv\/wp-json\/wp\/v2\/product\/75993\/revisions"}],"predecessor-version":[{"id":76001,"href":"https:\/\/kidsplay.lt\/lv\/wp-json\/wp\/v2\/product\/75993\/revisions\/76001"}],"wp:featuredmedia":[{"embeddable":true,"href":"https:\/\/kidsplay.lt\/lv\/wp-json\/wp\/v2\/media\/75994"}],"wp:attachment":[{"href":"https:\/\/kidsplay.lt\/lv\/wp-json\/wp\/v2\/media?parent=75993"}],"wp:term":[{"taxonomy":"product_brand","embeddable":true,"href":"https:\/\/kidsplay.lt\/lv\/wp-json\/wp\/v2\/product_brand?post=75993"},{"taxonomy":"product_cat","embeddable":true,"href":"https:\/\/kidsplay.lt\/lv\/wp-json\/wp\/v2\/product_cat?post=75993"},{"taxonomy":"product_tag","embeddable":true,"href":"https:\/\/kidsplay.lt\/lv\/wp-json\/wp\/v2\/product_tag?post=75993"}],"curies":[{"name":"wp","href":"https:\/\/api.w.org\/{rel}","templated":true}]}}