{"id":76010,"date":"2025-10-11T11:02:05","date_gmt":"2025-10-11T08:02:05","guid":{"rendered":"https:\/\/kidsplay.lt\/produktas\/woopie-elektroninis-tic-tac-pirstas\/"},"modified":"2026-04-07T10:05:13","modified_gmt":"2026-04-07T07:05:13","slug":"woopie-elektroninis-tic-tac-pirstas","status":"publish","type":"product","link":"https:\/\/kidsplay.lt\/lv\/products\/woopie-elektroninis-tic-tac-pirstas\/","title":{"rendered":"WOOPIE elektroniskais Tic-Tac pirksts"},"content":{"rendered":"<p>\u0160is modernus elektroninis prek\u0117s \u017eenklo \u017eaidimas\u00a0Woopie.\u00a0Tai klasikini\u0173 linksmybi\u0173 ir naujausi\u0173 technologij\u0173 derinys, si\u016blantis begal\u0119 valand\u0173 edukacini\u0173 pramog\u0173 visai \u0161eimai. Spalvingas dizainas su jutikliniu ekranu ir papildomomis fizin\u0117mis dalimis daro kiekvien\u0105 \u017eaidim\u0105 itin patraukl\u0173, o papildomi \u017eaidimo re\u017eimai suteikia \u017eaidimo \u012fvairov\u0119 atskirai arba su kitu asmeniu.<\/p>\n<p>Raksturojums:<\/p>\n<p> \t&#8211; Vaikams nuo\u00a03 metai\u00a0gyvenimas<br \/>\n \t&#8211; Interaktyvus LCD ekranas su animacija, reaguojan\u010dia \u012f kiekvien\u0105 grotuvo judes\u012f<br \/>\n \t&#8211; Keturi \u017eaidimo re\u017eimai &#8211; M\u016b\u0161is su AI, 1v1 \u017eaidimas, atmintis, pataikyti \u012f apgam\u0105<br \/>\n \t&#8211; Integruotas klasikinis tik-tac-toe \u017eaidimas su vis\u0173 dyd\u017ei\u0173 p\u0117stininkais<br \/>\n \t&#8211; Kompakti\u0161kas dizainas puikiai tinka kelion\u0117ms<br \/>\n \t&#8211; Garso efektai, kurie pabr\u0117\u017eia kiekvien\u0105 judes\u012f ir padidina emocijas \u017eaidimo metu<br \/>\n \t&#8211; Spalvingas dizainas patraukliu raudonos, geltonos ir m\u0117lynos spalvos deriniu<br \/>\n \t&#8211; Paprastas ir intuityvus valdymas momentiniam \u017eaidimui be sud\u0117ting\u0173 instrukcij\u0173<br \/>\n \t&#8211; Pagaminta i\u0161 auk\u0161tos kokyb\u0117s med\u017eiag\u0173<\/p>\n<p>Komplekto elementai:<\/p>\n<p> \t&#8211; Elektronin\u0117 konsol\u0117<br \/>\n \t&#8211; 6 m\u0117lyni p\u0117stininkai<br \/>\n \t&#8211; 6 raudonieji p\u0117stininkai<br \/>\n \t&#8211; Sulankstomas tinklelis<br \/>\n \t&#8211; D\u0117\u017eut\u0117 daiktams laikyti<\/p>\n<p>Rota\u013clieta att\u012bst\u0101s:<\/p>\n<p> \t&#8211; Strateginis m\u0105stymas<br \/>\n \t&#8211; Varikliai<br \/>\n \t&#8211; Logika<br \/>\n \t&#8211; Refleksas<br \/>\n \t&#8211; Perceptyvumas<br \/>\n \t&#8211; Kantryb\u0117<\/p>","protected":false},"excerpt":{"rendered":"<p>\u0160is modernus elektroninis prek\u0117s \u017eenklo \u017eaidimas\u00a0Woopie.\u00a0Tai klasikini\u0173 linksmybi\u0173 ir naujausi\u0173 technologij\u0173 derinys, si\u016blantis begal\u0119 valand\u0173 edukacini\u0173 pramog\u0173 visai \u0161eimai. Spalvingas<\/p>","protected":false},"featured_media":76012,"template":"","meta":{"_acf_changed":false,"_glsr_average":0,"_glsr_ranking":0,"_glsr_reviews":0},"product_brand":[],"product_cat":[388,229],"product_tag":[],"class_list":{"0":"post-76010","1":"product","2":"type-product","3":"status-publish","4":"has-post-thumbnail","6":"product_cat-edukaciniai-lavinamieji-zaislai","7":"product_cat-zaislai-vaikams","8":"\"style=\"background-color: #2ecc711c;\"","10":"first","11":"instock","12":"purchasable","13":"product-type-simple"},"acf":[],"yoast_head":"<!-- This site is optimized with the Yoast SEO plugin v27.3 - https:\/\/yoast.com\/product\/yoast-seo-wordpress\/ -->\n<title>WOOPIE elektroninis Tic-Tac pir\u0161tas<\/title>\n<meta name=\"description\" content=\"WOOPIE elektroninis Tic-Tac pir\u0161tas - KidsPlay. Did\u017eiausias vaik\u0173 \u017eaisl\u0173 pasirinkimas.\" \/>\n<meta name=\"robots\" content=\"index, follow, max-snippet:-1, max-image-preview:large, max-video-preview:-1\" \/>\n<link rel=\"canonical\" href=\"https:\/\/kidsplay.lt\/lv\/products\/woopie-elektroninis-tic-tac-pirstas\/\" \/>\n<meta property=\"og:locale\" content=\"lv_LV\" \/>\n<meta property=\"og:type\" content=\"article\" \/>\n<meta property=\"og:title\" content=\"WOOPIE elektroninis Tic-Tac pir\u0161tas\" \/>\n<meta property=\"og:description\" content=\"WOOPIE elektroninis Tic-Tac pir\u0161tas - KidsPlay. Did\u017eiausias vaik\u0173 \u017eaisl\u0173 pasirinkimas.\" \/>\n<meta property=\"og:url\" content=\"https:\/\/kidsplay.lt\/lv\/products\/woopie-elektroninis-tic-tac-pirstas\/\" \/>\n<meta property=\"og:site_name\" content=\"KidsPlay\" \/>\n<meta property=\"article:publisher\" content=\"https:\/\/www.facebook.com\/www.kidsplay.lt\" \/>\n<meta property=\"article:modified_time\" content=\"2026-04-07T07:05:13+00:00\" \/>\n<meta property=\"og:image\" content=\"https:\/\/kidsplay.lt\/wp-content\/uploads\/2025\/10\/WOOPIE-elektroninis-Tic-Tac-pirstas.jpg\" \/>\n\t<meta property=\"og:image:width\" content=\"1000\" \/>\n\t<meta property=\"og:image:height\" content=\"1000\" \/>\n\t<meta property=\"og:image:type\" content=\"image\/jpeg\" \/>\n<meta name=\"twitter:card\" content=\"summary_large_image\" \/>\n<meta name=\"twitter:label1\" content=\"Est. reading time\" \/>\n\t<meta name=\"twitter:data1\" content=\"1 min\u016bte\" \/>\n<script type=\"application\/ld+json\" class=\"yoast-schema-graph\">{\"@context\":\"https:\\\/\\\/schema.org\",\"@graph\":[{\"@type\":\"WebPage\",\"@id\":\"https:\\\/\\\/kidsplay.lt\\\/produktas\\\/woopie-elektroninis-tic-tac-pirstas\\\/\",\"url\":\"https:\\\/\\\/kidsplay.lt\\\/produktas\\\/woopie-elektroninis-tic-tac-pirstas\\\/\",\"name\":\"WOOPIE elektroninis Tic-Tac pir\u0161tas\",\"isPartOf\":{\"@id\":\"https:\\\/\\\/kidsplay.lt\\\/#website\"},\"primaryImageOfPage\":{\"@id\":\"https:\\\/\\\/kidsplay.lt\\\/produktas\\\/woopie-elektroninis-tic-tac-pirstas\\\/#primaryimage\"},\"image\":{\"@id\":\"https:\\\/\\\/kidsplay.lt\\\/produktas\\\/woopie-elektroninis-tic-tac-pirstas\\\/#primaryimage\"},\"thumbnailUrl\":\"https:\\\/\\\/kidsplay.lt\\\/wp-content\\\/uploads\\\/2025\\\/10\\\/WOOPIE-elektroninis-Tic-Tac-pirstas.jpg\",\"datePublished\":\"2025-10-11T08:02:05+00:00\",\"dateModified\":\"2026-04-07T07:05:13+00:00\",\"description\":\"WOOPIE elektroninis Tic-Tac pir\u0161tas - KidsPlay. Did\u017eiausias vaik\u0173 \u017eaisl\u0173 pasirinkimas.\",\"breadcrumb\":{\"@id\":\"https:\\\/\\\/kidsplay.lt\\\/produktas\\\/woopie-elektroninis-tic-tac-pirstas\\\/#breadcrumb\"},\"inLanguage\":\"lv-LV\",\"potentialAction\":[{\"@type\":\"ReadAction\",\"target\":[\"https:\\\/\\\/kidsplay.lt\\\/produktas\\\/woopie-elektroninis-tic-tac-pirstas\\\/\"]}]},{\"@type\":\"ImageObject\",\"inLanguage\":\"lv-LV\",\"@id\":\"https:\\\/\\\/kidsplay.lt\\\/produktas\\\/woopie-elektroninis-tic-tac-pirstas\\\/#primaryimage\",\"url\":\"https:\\\/\\\/kidsplay.lt\\\/wp-content\\\/uploads\\\/2025\\\/10\\\/WOOPIE-elektroninis-Tic-Tac-pirstas.jpg\",\"contentUrl\":\"https:\\\/\\\/kidsplay.lt\\\/wp-content\\\/uploads\\\/2025\\\/10\\\/WOOPIE-elektroninis-Tic-Tac-pirstas.jpg\",\"width\":1000,\"height\":1000,\"caption\":\"WOOPIE elektroninis Tic-Tac pir\u0161tas\"},{\"@type\":\"BreadcrumbList\",\"@id\":\"https:\\\/\\\/kidsplay.lt\\\/produktas\\\/woopie-elektroninis-tic-tac-pirstas\\\/#breadcrumb\",\"itemListElement\":[{\"@type\":\"ListItem\",\"position\":1,\"name\":\"Pagrindinis\",\"item\":\"https:\\\/\\\/kidsplay.lt\\\/\"},{\"@type\":\"ListItem\",\"position\":2,\"name\":\"Parduotuv\u0117\",\"item\":\"https:\\\/\\\/kidsplay.lt\\\/parduotuve\\\/\"},{\"@type\":\"ListItem\",\"position\":3,\"name\":\"WOOPIE elektroninis Tic-Tac pir\u0161tas\"}]},{\"@type\":\"WebSite\",\"@id\":\"https:\\\/\\\/kidsplay.lt\\\/#website\",\"url\":\"https:\\\/\\\/kidsplay.lt\\\/\",\"name\":\"Kidsplay.lt\",\"description\":\"\u012evairios prek\u0117s vaikams\",\"publisher\":{\"@id\":\"https:\\\/\\\/kidsplay.lt\\\/#organization\"},\"alternateName\":\"Kidsplay\",\"potentialAction\":[{\"@type\":\"SearchAction\",\"target\":{\"@type\":\"EntryPoint\",\"urlTemplate\":\"https:\\\/\\\/kidsplay.lt\\\/?s={search_term_string}\"},\"query-input\":{\"@type\":\"PropertyValueSpecification\",\"valueRequired\":true,\"valueName\":\"search_term_string\"}}],\"inLanguage\":\"lv-LV\"},{\"@type\":\"Organization\",\"@id\":\"https:\\\/\\\/kidsplay.lt\\\/#organization\",\"name\":\"KidsPlay\",\"url\":\"https:\\\/\\\/kidsplay.lt\\\/\",\"logo\":{\"@type\":\"ImageObject\",\"inLanguage\":\"lv-LV\",\"@id\":\"https:\\\/\\\/kidsplay.lt\\\/#\\\/schema\\\/logo\\\/image\\\/\",\"url\":\"https:\\\/\\\/kidsplay.lt\\\/wp-content\\\/uploads\\\/2023\\\/07\\\/kidsplay-logo.png\",\"contentUrl\":\"https:\\\/\\\/kidsplay.lt\\\/wp-content\\\/uploads\\\/2023\\\/07\\\/kidsplay-logo.png\",\"width\":451,\"height\":98,\"caption\":\"KidsPlay\"},\"image\":{\"@id\":\"https:\\\/\\\/kidsplay.lt\\\/#\\\/schema\\\/logo\\\/image\\\/\"},\"sameAs\":[\"https:\\\/\\\/www.facebook.com\\\/www.kidsplay.lt\"]}]}<\/script>\n<!-- \/ Yoast SEO plugin. -->","yoast_head_json":{"title":"WOOPIE elektroniskais Tic-Tac pirksts","description":"WOOPIE elektroninis Tic-Tac pir\u0161tas - KidsPlay. Did\u017eiausias vaik\u0173 \u017eaisl\u0173 pasirinkimas.","robots":{"index":"index","follow":"follow","max-snippet":"max-snippet:-1","max-image-preview":"max-image-preview:large","max-video-preview":"max-video-preview:-1"},"canonical":"https:\/\/kidsplay.lt\/lv\/products\/woopie-elektroninis-tic-tac-pirstas\/","og_locale":"lv_LV","og_type":"article","og_title":"WOOPIE elektroninis Tic-Tac pir\u0161tas","og_description":"WOOPIE elektroninis Tic-Tac pir\u0161tas - KidsPlay. Did\u017eiausias vaik\u0173 \u017eaisl\u0173 pasirinkimas.","og_url":"https:\/\/kidsplay.lt\/lv\/products\/woopie-elektroninis-tic-tac-pirstas\/","og_site_name":"KidsPlay","article_publisher":"https:\/\/www.facebook.com\/www.kidsplay.lt","article_modified_time":"2026-04-07T07:05:13+00:00","og_image":[{"width":1000,"height":1000,"url":"https:\/\/kidsplay.lt\/wp-content\/uploads\/2025\/10\/WOOPIE-elektroninis-Tic-Tac-pirstas.jpg","type":"image\/jpeg"}],"twitter_card":"summary_large_image","twitter_misc":{"Est. reading time":"1 min\u016bte"},"schema":{"@context":"https:\/\/schema.org","@graph":[{"@type":"WebPage","@id":"https:\/\/kidsplay.lt\/produktas\/woopie-elektroninis-tic-tac-pirstas\/","url":"https:\/\/kidsplay.lt\/produktas\/woopie-elektroninis-tic-tac-pirstas\/","name":"WOOPIE elektroniskais Tic-Tac pirksts","isPartOf":{"@id":"https:\/\/kidsplay.lt\/#website"},"primaryImageOfPage":{"@id":"https:\/\/kidsplay.lt\/produktas\/woopie-elektroninis-tic-tac-pirstas\/#primaryimage"},"image":{"@id":"https:\/\/kidsplay.lt\/produktas\/woopie-elektroninis-tic-tac-pirstas\/#primaryimage"},"thumbnailUrl":"https:\/\/kidsplay.lt\/wp-content\/uploads\/2025\/10\/WOOPIE-elektroninis-Tic-Tac-pirstas.jpg","datePublished":"2025-10-11T08:02:05+00:00","dateModified":"2026-04-07T07:05:13+00:00","description":"WOOPIE elektroninis Tic-Tac pir\u0161tas - KidsPlay. Did\u017eiausias vaik\u0173 \u017eaisl\u0173 pasirinkimas.","breadcrumb":{"@id":"https:\/\/kidsplay.lt\/produktas\/woopie-elektroninis-tic-tac-pirstas\/#breadcrumb"},"inLanguage":"lv-LV","potentialAction":[{"@type":"ReadAction","target":["https:\/\/kidsplay.lt\/produktas\/woopie-elektroninis-tic-tac-pirstas\/"]}]},{"@type":"ImageObject","inLanguage":"lv-LV","@id":"https:\/\/kidsplay.lt\/produktas\/woopie-elektroninis-tic-tac-pirstas\/#primaryimage","url":"https:\/\/kidsplay.lt\/wp-content\/uploads\/2025\/10\/WOOPIE-elektroninis-Tic-Tac-pirstas.jpg","contentUrl":"https:\/\/kidsplay.lt\/wp-content\/uploads\/2025\/10\/WOOPIE-elektroninis-Tic-Tac-pirstas.jpg","width":1000,"height":1000,"caption":"WOOPIE elektroninis Tic-Tac pir\u0161tas"},{"@type":"BreadcrumbList","@id":"https:\/\/kidsplay.lt\/produktas\/woopie-elektroninis-tic-tac-pirstas\/#breadcrumb","itemListElement":[{"@type":"ListItem","position":1,"name":"Pagrindinis","item":"https:\/\/kidsplay.lt\/"},{"@type":"ListItem","position":2,"name":"Parduotuv\u0117","item":"https:\/\/kidsplay.lt\/parduotuve\/"},{"@type":"ListItem","position":3,"name":"WOOPIE elektroninis Tic-Tac pir\u0161tas"}]},{"@type":"WebSite","@id":"https:\/\/kidsplay.lt\/#website","url":"https:\/\/kidsplay.lt\/","name":"B\u0113rnu sp\u0113les.lv","description":"\u012evairios prek\u0117s vaikams","publisher":{"@id":"https:\/\/kidsplay.lt\/#organization"},"alternateName":"Kidsplay","potentialAction":[{"@type":"SearchAction","target":{"@type":"EntryPoint","urlTemplate":"https:\/\/kidsplay.lt\/?s={search_term_string}"},"query-input":{"@type":"PropertyValueSpecification","valueRequired":true,"valueName":"search_term_string"}}],"inLanguage":"lv-LV"},{"@type":"Organization","@id":"https:\/\/kidsplay.lt\/#organization","name":"B\u0113rnu sp\u0113le","url":"https:\/\/kidsplay.lt\/","logo":{"@type":"ImageObject","inLanguage":"lv-LV","@id":"https:\/\/kidsplay.lt\/#\/schema\/logo\/image\/","url":"https:\/\/kidsplay.lt\/wp-content\/uploads\/2023\/07\/kidsplay-logo.png","contentUrl":"https:\/\/kidsplay.lt\/wp-content\/uploads\/2023\/07\/kidsplay-logo.png","width":451,"height":98,"caption":"KidsPlay"},"image":{"@id":"https:\/\/kidsplay.lt\/#\/schema\/logo\/image\/"},"sameAs":["https:\/\/www.facebook.com\/www.kidsplay.lt"]}]}},"_links":{"self":[{"href":"https:\/\/kidsplay.lt\/lv\/wp-json\/wp\/v2\/product\/76010","targetHints":{"allow":["GET"]}}],"collection":[{"href":"https:\/\/kidsplay.lt\/lv\/wp-json\/wp\/v2\/product"}],"about":[{"href":"https:\/\/kidsplay.lt\/lv\/wp-json\/wp\/v2\/types\/product"}],"version-history":[{"count":1,"href":"https:\/\/kidsplay.lt\/lv\/wp-json\/wp\/v2\/product\/76010\/revisions"}],"predecessor-version":[{"id":76011,"href":"https:\/\/kidsplay.lt\/lv\/wp-json\/wp\/v2\/product\/76010\/revisions\/76011"}],"wp:featuredmedia":[{"embeddable":true,"href":"https:\/\/kidsplay.lt\/lv\/wp-json\/wp\/v2\/media\/76012"}],"wp:attachment":[{"href":"https:\/\/kidsplay.lt\/lv\/wp-json\/wp\/v2\/media?parent=76010"}],"wp:term":[{"taxonomy":"product_brand","embeddable":true,"href":"https:\/\/kidsplay.lt\/lv\/wp-json\/wp\/v2\/product_brand?post=76010"},{"taxonomy":"product_cat","embeddable":true,"href":"https:\/\/kidsplay.lt\/lv\/wp-json\/wp\/v2\/product_cat?post=76010"},{"taxonomy":"product_tag","embeddable":true,"href":"https:\/\/kidsplay.lt\/lv\/wp-json\/wp\/v2\/product_tag?post=76010"}],"curies":[{"name":"wp","href":"https:\/\/api.w.org\/{rel}","templated":true}]}}