{"id":76020,"date":"2025-10-11T11:02:37","date_gmt":"2025-10-11T08:02:37","guid":{"rendered":"https:\/\/kidsplay.lt\/produktas\/woopie-mokomasis-musamuju-rinkinys-vaikams-besimokantiems-muzikos\/"},"modified":"2026-03-03T17:30:40","modified_gmt":"2026-03-03T15:30:40","slug":"woopie-mokomasis-musamuju-rinkinys-vaikams-besimokantiems-muzikos","status":"publish","type":"product","link":"https:\/\/kidsplay.lt\/lv\/products\/woopie-mokomasis-musamuju-rinkinys-vaikams-besimokantiems-muzikos\/","title":{"rendered":"WOOPIE izgl\u012btojo\u0161s perkusiju komplekts b\u0113rniem, kas apg\u016bst m\u016bziku"},"content":{"rendered":"<p>\u0160is Nepakartojamas\u00a0b\u016bgn\u0173 komplektas\u00a0i\u0161 mark\u0117s\u00a0Woopie\u00a0tai puiki dovana ma\u017eiesiems muzikos myl\u0117tojams, svajojantiems tapti roko \u017evaig\u017ede. Rinkinys yra\u00a0lengva montuoti\u00a0ir tai suteikia nuostabi\u0105 valand\u0105,\u00a0k\u016brybi\u0161kas linksmyb\u0117s\u201e. Ugdo muzikin\u012f talent\u0105, ritmo poj\u016bt\u012f ir motorin\u0119 koordinacij\u0105. Tai puikus b\u016bdas supa\u017eindinti vaik\u0105 su muzikos pasauliu!<\/p>\n<p>Raksturojums:<\/p>\n<p> \t&#8211; Vaiki\u0161kas \u017eaislas\u00a0nuo 3 met\u0173 am\u017eiaus\u201e.<br \/>\n \t&#8211; B\u016bgn\u0173 komplektas su\u00a0septyni elementai, \u012fskaitant i\u0161mat\u0105 ir dvi lazdeles.<br \/>\n \t&#8211; Unikalus dizainas su \u201eMa\u017eoji grup\u0117\u201eant centrinio b\u016bgno.<br \/>\n \t&#8211; Puikus rinkinys\u00a0ritmo poj\u016b\u010dio ugdymas\u00a0ir muzikinis talentas.<\/p>\n<p>Komplekt\u0101 ietilpst:<\/p>\n<p> \t&#8211; 1 x centrinis b\u016bgnas.<br \/>\n \t&#8211; 2 x \u0161oniniai b\u016bgnai.<br \/>\n \t&#8211; 2 x ma\u017eesni b\u016bgnai.<br \/>\n \t&#8211; 1 x plok\u0161tel\u0117.<br \/>\n \t&#8211; 1 x i\u0161matos.<br \/>\n \t&#8211; 2 x lazdel\u0117s.<\/p>\n<p>Rota\u013clieta att\u012bst\u0101s:<\/p>\n<p> \t&#8211; Ritmo poj\u016btis.<br \/>\n \t&#8211; K\u016brybi\u0161kumas ir muzikinis talentas.<br \/>\n \t&#8211; Motorinis koordinavimas.<\/p>","protected":false},"excerpt":{"rendered":"<p>\u0160is Nepakartojamas\u00a0b\u016bgn\u0173 komplektas\u00a0i\u0161 mark\u0117s\u00a0Woopie\u00a0tai puiki dovana ma\u017eiesiems muzikos myl\u0117tojams, svajojantiems tapti roko \u017evaig\u017ede. Rinkinys yra\u00a0lengva montuoti\u00a0ir tai suteikia nuostabi\u0105 valand\u0105,\u00a0k\u016brybi\u0161kas<\/p>","protected":false},"featured_media":76022,"template":"","meta":{"_acf_changed":false,"_glsr_average":0,"_glsr_ranking":0,"_glsr_reviews":0},"product_brand":[],"product_cat":[449,229],"product_tag":[],"class_list":{"0":"post-76020","1":"product","2":"type-product","3":"status-publish","4":"has-post-thumbnail","6":"product_cat-muzikiniai","7":"product_cat-zaislai-vaikams","8":"\"style=\"background-color: #2ecc711c;\"","10":"first","11":"outofstock","12":"purchasable","13":"product-type-simple"},"acf":[],"yoast_head":"<!-- This site is optimized with the Yoast SEO plugin v27.3 - https:\/\/yoast.com\/product\/yoast-seo-wordpress\/ -->\n<title>WOOPIE mokomasis mu\u0161am\u0173j\u0173 rinkinys vaikams, besimokantiems muzikos<\/title>\n<meta name=\"description\" content=\"WOOPIE mokomasis mu\u0161am\u0173j\u0173 rinkinys vaikams, besimokantiems muzikos - KidsPlay. Did\u017eiausias vaik\u0173 \u017eaisl\u0173 pasirinkimas.\" \/>\n<meta name=\"robots\" content=\"index, follow, max-snippet:-1, max-image-preview:large, max-video-preview:-1\" \/>\n<link rel=\"canonical\" href=\"https:\/\/kidsplay.lt\/lv\/products\/woopie-mokomasis-musamuju-rinkinys-vaikams-besimokantiems-muzikos\/\" \/>\n<meta property=\"og:locale\" content=\"lv_LV\" \/>\n<meta property=\"og:type\" content=\"article\" \/>\n<meta property=\"og:title\" content=\"WOOPIE mokomasis mu\u0161am\u0173j\u0173 rinkinys vaikams, besimokantiems muzikos\" \/>\n<meta property=\"og:description\" content=\"WOOPIE mokomasis mu\u0161am\u0173j\u0173 rinkinys vaikams, besimokantiems muzikos - KidsPlay. Did\u017eiausias vaik\u0173 \u017eaisl\u0173 pasirinkimas.\" \/>\n<meta property=\"og:url\" content=\"https:\/\/kidsplay.lt\/lv\/products\/woopie-mokomasis-musamuju-rinkinys-vaikams-besimokantiems-muzikos\/\" \/>\n<meta property=\"og:site_name\" content=\"KidsPlay\" \/>\n<meta property=\"article:publisher\" content=\"https:\/\/www.facebook.com\/www.kidsplay.lt\" \/>\n<meta property=\"article:modified_time\" content=\"2026-03-03T15:30:40+00:00\" \/>\n<meta property=\"og:image\" content=\"https:\/\/kidsplay.lt\/wp-content\/uploads\/2025\/10\/WOOPIE-mokomasis-musamuju-rinkinys-vaikams-besimokantiems-muzikos.jpg\" \/>\n\t<meta property=\"og:image:width\" content=\"1000\" \/>\n\t<meta property=\"og:image:height\" content=\"1000\" \/>\n\t<meta property=\"og:image:type\" content=\"image\/jpeg\" \/>\n<meta name=\"twitter:card\" content=\"summary_large_image\" \/>\n<meta name=\"twitter:label1\" content=\"Est. reading time\" \/>\n\t<meta name=\"twitter:data1\" content=\"1 min\u016bte\" \/>\n<script type=\"application\/ld+json\" class=\"yoast-schema-graph\">{\"@context\":\"https:\\\/\\\/schema.org\",\"@graph\":[{\"@type\":\"WebPage\",\"@id\":\"https:\\\/\\\/kidsplay.lt\\\/produktas\\\/woopie-mokomasis-musamuju-rinkinys-vaikams-besimokantiems-muzikos\\\/\",\"url\":\"https:\\\/\\\/kidsplay.lt\\\/produktas\\\/woopie-mokomasis-musamuju-rinkinys-vaikams-besimokantiems-muzikos\\\/\",\"name\":\"WOOPIE mokomasis mu\u0161am\u0173j\u0173 rinkinys vaikams, besimokantiems muzikos\",\"isPartOf\":{\"@id\":\"https:\\\/\\\/kidsplay.lt\\\/#website\"},\"primaryImageOfPage\":{\"@id\":\"https:\\\/\\\/kidsplay.lt\\\/produktas\\\/woopie-mokomasis-musamuju-rinkinys-vaikams-besimokantiems-muzikos\\\/#primaryimage\"},\"image\":{\"@id\":\"https:\\\/\\\/kidsplay.lt\\\/produktas\\\/woopie-mokomasis-musamuju-rinkinys-vaikams-besimokantiems-muzikos\\\/#primaryimage\"},\"thumbnailUrl\":\"https:\\\/\\\/kidsplay.lt\\\/wp-content\\\/uploads\\\/2025\\\/10\\\/WOOPIE-mokomasis-musamuju-rinkinys-vaikams-besimokantiems-muzikos.jpg\",\"datePublished\":\"2025-10-11T08:02:37+00:00\",\"dateModified\":\"2026-03-03T15:30:40+00:00\",\"description\":\"WOOPIE mokomasis mu\u0161am\u0173j\u0173 rinkinys vaikams, besimokantiems muzikos - KidsPlay. Did\u017eiausias vaik\u0173 \u017eaisl\u0173 pasirinkimas.\",\"breadcrumb\":{\"@id\":\"https:\\\/\\\/kidsplay.lt\\\/produktas\\\/woopie-mokomasis-musamuju-rinkinys-vaikams-besimokantiems-muzikos\\\/#breadcrumb\"},\"inLanguage\":\"lv-LV\",\"potentialAction\":[{\"@type\":\"ReadAction\",\"target\":[\"https:\\\/\\\/kidsplay.lt\\\/produktas\\\/woopie-mokomasis-musamuju-rinkinys-vaikams-besimokantiems-muzikos\\\/\"]}]},{\"@type\":\"ImageObject\",\"inLanguage\":\"lv-LV\",\"@id\":\"https:\\\/\\\/kidsplay.lt\\\/produktas\\\/woopie-mokomasis-musamuju-rinkinys-vaikams-besimokantiems-muzikos\\\/#primaryimage\",\"url\":\"https:\\\/\\\/kidsplay.lt\\\/wp-content\\\/uploads\\\/2025\\\/10\\\/WOOPIE-mokomasis-musamuju-rinkinys-vaikams-besimokantiems-muzikos.jpg\",\"contentUrl\":\"https:\\\/\\\/kidsplay.lt\\\/wp-content\\\/uploads\\\/2025\\\/10\\\/WOOPIE-mokomasis-musamuju-rinkinys-vaikams-besimokantiems-muzikos.jpg\",\"width\":1000,\"height\":1000,\"caption\":\"WOOPIE mokomasis mu\u0161am\u0173j\u0173 rinkinys vaikams\"},{\"@type\":\"BreadcrumbList\",\"@id\":\"https:\\\/\\\/kidsplay.lt\\\/produktas\\\/woopie-mokomasis-musamuju-rinkinys-vaikams-besimokantiems-muzikos\\\/#breadcrumb\",\"itemListElement\":[{\"@type\":\"ListItem\",\"position\":1,\"name\":\"Pagrindinis\",\"item\":\"https:\\\/\\\/kidsplay.lt\\\/\"},{\"@type\":\"ListItem\",\"position\":2,\"name\":\"Parduotuv\u0117\",\"item\":\"https:\\\/\\\/kidsplay.lt\\\/parduotuve\\\/\"},{\"@type\":\"ListItem\",\"position\":3,\"name\":\"WOOPIE mokomasis mu\u0161am\u0173j\u0173 rinkinys vaikams, besimokantiems muzikos\"}]},{\"@type\":\"WebSite\",\"@id\":\"https:\\\/\\\/kidsplay.lt\\\/#website\",\"url\":\"https:\\\/\\\/kidsplay.lt\\\/\",\"name\":\"Kidsplay.lt\",\"description\":\"\u012evairios prek\u0117s vaikams\",\"publisher\":{\"@id\":\"https:\\\/\\\/kidsplay.lt\\\/#organization\"},\"alternateName\":\"Kidsplay\",\"potentialAction\":[{\"@type\":\"SearchAction\",\"target\":{\"@type\":\"EntryPoint\",\"urlTemplate\":\"https:\\\/\\\/kidsplay.lt\\\/?s={search_term_string}\"},\"query-input\":{\"@type\":\"PropertyValueSpecification\",\"valueRequired\":true,\"valueName\":\"search_term_string\"}}],\"inLanguage\":\"lv-LV\"},{\"@type\":\"Organization\",\"@id\":\"https:\\\/\\\/kidsplay.lt\\\/#organization\",\"name\":\"KidsPlay\",\"url\":\"https:\\\/\\\/kidsplay.lt\\\/\",\"logo\":{\"@type\":\"ImageObject\",\"inLanguage\":\"lv-LV\",\"@id\":\"https:\\\/\\\/kidsplay.lt\\\/#\\\/schema\\\/logo\\\/image\\\/\",\"url\":\"https:\\\/\\\/kidsplay.lt\\\/wp-content\\\/uploads\\\/2023\\\/07\\\/kidsplay-logo.png\",\"contentUrl\":\"https:\\\/\\\/kidsplay.lt\\\/wp-content\\\/uploads\\\/2023\\\/07\\\/kidsplay-logo.png\",\"width\":451,\"height\":98,\"caption\":\"KidsPlay\"},\"image\":{\"@id\":\"https:\\\/\\\/kidsplay.lt\\\/#\\\/schema\\\/logo\\\/image\\\/\"},\"sameAs\":[\"https:\\\/\\\/www.facebook.com\\\/www.kidsplay.lt\"]}]}<\/script>\n<!-- \/ Yoast SEO plugin. -->","yoast_head_json":{"title":"WOOPIE izgl\u012btojo\u0161s perkusiju komplekts b\u0113rniem, kas apg\u016bst m\u016bziku","description":"WOOPIE mokomasis mu\u0161am\u0173j\u0173 rinkinys vaikams, besimokantiems muzikos - KidsPlay. Did\u017eiausias vaik\u0173 \u017eaisl\u0173 pasirinkimas.","robots":{"index":"index","follow":"follow","max-snippet":"max-snippet:-1","max-image-preview":"max-image-preview:large","max-video-preview":"max-video-preview:-1"},"canonical":"https:\/\/kidsplay.lt\/lv\/products\/woopie-mokomasis-musamuju-rinkinys-vaikams-besimokantiems-muzikos\/","og_locale":"lv_LV","og_type":"article","og_title":"WOOPIE mokomasis mu\u0161am\u0173j\u0173 rinkinys vaikams, besimokantiems muzikos","og_description":"WOOPIE mokomasis mu\u0161am\u0173j\u0173 rinkinys vaikams, besimokantiems muzikos - KidsPlay. Did\u017eiausias vaik\u0173 \u017eaisl\u0173 pasirinkimas.","og_url":"https:\/\/kidsplay.lt\/lv\/products\/woopie-mokomasis-musamuju-rinkinys-vaikams-besimokantiems-muzikos\/","og_site_name":"KidsPlay","article_publisher":"https:\/\/www.facebook.com\/www.kidsplay.lt","article_modified_time":"2026-03-03T15:30:40+00:00","og_image":[{"width":1000,"height":1000,"url":"https:\/\/kidsplay.lt\/wp-content\/uploads\/2025\/10\/WOOPIE-mokomasis-musamuju-rinkinys-vaikams-besimokantiems-muzikos.jpg","type":"image\/jpeg"}],"twitter_card":"summary_large_image","twitter_misc":{"Est. reading time":"1 min\u016bte"},"schema":{"@context":"https:\/\/schema.org","@graph":[{"@type":"WebPage","@id":"https:\/\/kidsplay.lt\/produktas\/woopie-mokomasis-musamuju-rinkinys-vaikams-besimokantiems-muzikos\/","url":"https:\/\/kidsplay.lt\/produktas\/woopie-mokomasis-musamuju-rinkinys-vaikams-besimokantiems-muzikos\/","name":"WOOPIE izgl\u012btojo\u0161s perkusiju komplekts b\u0113rniem, kas apg\u016bst m\u016bziku","isPartOf":{"@id":"https:\/\/kidsplay.lt\/#website"},"primaryImageOfPage":{"@id":"https:\/\/kidsplay.lt\/produktas\/woopie-mokomasis-musamuju-rinkinys-vaikams-besimokantiems-muzikos\/#primaryimage"},"image":{"@id":"https:\/\/kidsplay.lt\/produktas\/woopie-mokomasis-musamuju-rinkinys-vaikams-besimokantiems-muzikos\/#primaryimage"},"thumbnailUrl":"https:\/\/kidsplay.lt\/wp-content\/uploads\/2025\/10\/WOOPIE-mokomasis-musamuju-rinkinys-vaikams-besimokantiems-muzikos.jpg","datePublished":"2025-10-11T08:02:37+00:00","dateModified":"2026-03-03T15:30:40+00:00","description":"WOOPIE mokomasis mu\u0161am\u0173j\u0173 rinkinys vaikams, besimokantiems muzikos - KidsPlay. Did\u017eiausias vaik\u0173 \u017eaisl\u0173 pasirinkimas.","breadcrumb":{"@id":"https:\/\/kidsplay.lt\/produktas\/woopie-mokomasis-musamuju-rinkinys-vaikams-besimokantiems-muzikos\/#breadcrumb"},"inLanguage":"lv-LV","potentialAction":[{"@type":"ReadAction","target":["https:\/\/kidsplay.lt\/produktas\/woopie-mokomasis-musamuju-rinkinys-vaikams-besimokantiems-muzikos\/"]}]},{"@type":"ImageObject","inLanguage":"lv-LV","@id":"https:\/\/kidsplay.lt\/produktas\/woopie-mokomasis-musamuju-rinkinys-vaikams-besimokantiems-muzikos\/#primaryimage","url":"https:\/\/kidsplay.lt\/wp-content\/uploads\/2025\/10\/WOOPIE-mokomasis-musamuju-rinkinys-vaikams-besimokantiems-muzikos.jpg","contentUrl":"https:\/\/kidsplay.lt\/wp-content\/uploads\/2025\/10\/WOOPIE-mokomasis-musamuju-rinkinys-vaikams-besimokantiems-muzikos.jpg","width":1000,"height":1000,"caption":"WOOPIE mokomasis mu\u0161am\u0173j\u0173 rinkinys vaikams"},{"@type":"BreadcrumbList","@id":"https:\/\/kidsplay.lt\/produktas\/woopie-mokomasis-musamuju-rinkinys-vaikams-besimokantiems-muzikos\/#breadcrumb","itemListElement":[{"@type":"ListItem","position":1,"name":"Pagrindinis","item":"https:\/\/kidsplay.lt\/"},{"@type":"ListItem","position":2,"name":"Parduotuv\u0117","item":"https:\/\/kidsplay.lt\/parduotuve\/"},{"@type":"ListItem","position":3,"name":"WOOPIE mokomasis mu\u0161am\u0173j\u0173 rinkinys vaikams, besimokantiems muzikos"}]},{"@type":"WebSite","@id":"https:\/\/kidsplay.lt\/#website","url":"https:\/\/kidsplay.lt\/","name":"B\u0113rnu sp\u0113les.lv","description":"\u012evairios prek\u0117s vaikams","publisher":{"@id":"https:\/\/kidsplay.lt\/#organization"},"alternateName":"Kidsplay","potentialAction":[{"@type":"SearchAction","target":{"@type":"EntryPoint","urlTemplate":"https:\/\/kidsplay.lt\/?s={search_term_string}"},"query-input":{"@type":"PropertyValueSpecification","valueRequired":true,"valueName":"search_term_string"}}],"inLanguage":"lv-LV"},{"@type":"Organization","@id":"https:\/\/kidsplay.lt\/#organization","name":"B\u0113rnu sp\u0113le","url":"https:\/\/kidsplay.lt\/","logo":{"@type":"ImageObject","inLanguage":"lv-LV","@id":"https:\/\/kidsplay.lt\/#\/schema\/logo\/image\/","url":"https:\/\/kidsplay.lt\/wp-content\/uploads\/2023\/07\/kidsplay-logo.png","contentUrl":"https:\/\/kidsplay.lt\/wp-content\/uploads\/2023\/07\/kidsplay-logo.png","width":451,"height":98,"caption":"KidsPlay"},"image":{"@id":"https:\/\/kidsplay.lt\/#\/schema\/logo\/image\/"},"sameAs":["https:\/\/www.facebook.com\/www.kidsplay.lt"]}]}},"_links":{"self":[{"href":"https:\/\/kidsplay.lt\/lv\/wp-json\/wp\/v2\/product\/76020","targetHints":{"allow":["GET"]}}],"collection":[{"href":"https:\/\/kidsplay.lt\/lv\/wp-json\/wp\/v2\/product"}],"about":[{"href":"https:\/\/kidsplay.lt\/lv\/wp-json\/wp\/v2\/types\/product"}],"version-history":[{"count":1,"href":"https:\/\/kidsplay.lt\/lv\/wp-json\/wp\/v2\/product\/76020\/revisions"}],"predecessor-version":[{"id":76021,"href":"https:\/\/kidsplay.lt\/lv\/wp-json\/wp\/v2\/product\/76020\/revisions\/76021"}],"wp:featuredmedia":[{"embeddable":true,"href":"https:\/\/kidsplay.lt\/lv\/wp-json\/wp\/v2\/media\/76022"}],"wp:attachment":[{"href":"https:\/\/kidsplay.lt\/lv\/wp-json\/wp\/v2\/media?parent=76020"}],"wp:term":[{"taxonomy":"product_brand","embeddable":true,"href":"https:\/\/kidsplay.lt\/lv\/wp-json\/wp\/v2\/product_brand?post=76020"},{"taxonomy":"product_cat","embeddable":true,"href":"https:\/\/kidsplay.lt\/lv\/wp-json\/wp\/v2\/product_cat?post=76020"},{"taxonomy":"product_tag","embeddable":true,"href":"https:\/\/kidsplay.lt\/lv\/wp-json\/wp\/v2\/product_tag?post=76020"}],"curies":[{"name":"wp","href":"https:\/\/api.w.org\/{rel}","templated":true}]}}