{"id":76047,"date":"2025-10-11T11:04:12","date_gmt":"2025-10-11T08:04:12","guid":{"rendered":"https:\/\/kidsplay.lt\/produktas\/woopie-konteineriu-sunkvezimis-su-sviesos-ir-garso-efektais\/"},"modified":"2026-04-13T14:26:03","modified_gmt":"2026-04-13T11:26:03","slug":"woopie-konteineriu-sunkvezimis-su-sviesos-ir-garso-efektais","status":"publish","type":"product","link":"https:\/\/kidsplay.lt\/lv\/products\/woopie-konteineriu-sunkvezimis-su-sviesos-ir-garso-efektais\/","title":{"rendered":"WOOPIE konteineri\u0173 sunkve\u017eimis su \u0161viesos ir garso efektais!"},"content":{"rendered":"<p>Krovininis Sunkve\u017eimis\u00a0i\u0161 mark\u0117s\u00a0Woopie\u00a0z\u00a0konteinerizuotas\u00a0tai suteikia valand\u0173 valandas \u017eavingo linksmumo, derinant realizm\u0105 su funkcionalumu. D\u0117l ap\u0161vietimo ir garso efekt\u0173 vaikai gali jaustis tikrais transporto vairuotojais.\u00a0Inercinis va\u017eiavimas\u00a0(pull-back) \u012fgalina dinami\u0161k\u0105 vairavim\u0105, o atidaromas konteineris ir pakrovimo d\u0117\u017e\u0117s leid\u017eia sukurti realisti\u0161kus scenarijus. Tai ne tik \u017eaislas, bet ir pagalbin\u0117 priemon\u0117\u00a0vaiko motorikos, vaizduot\u0117s ir k\u016brybi\u0161kumo ugdymas!<\/p>\n<p>Raksturojums<\/p>\n<p> \t&#8211; Atgalinis diskas\u00a0\u2013 dinaminis vairavimas nereikalaujant baterij\u0173.<br \/>\n \t&#8211;\u00a0\u0160viesos efektai\u00a0\u2013 ap\u0161viesta sunkve\u017eimio kabina, suteikianti tikrovi\u0161kumo linksminantis.<br \/>\n \t&#8211;\u00a0Garso EFEKTAI\u00a0\u2013 tikrovi\u0161ki variklio ir garso signalo garsai.<br \/>\n \t&#8211;\u00a0Judantys elementai\u00a0\u2013 nuimamos puspriekab\u0117s ir atidaromos konteineri\u0173 durys, didinan\u010dios interaktyvum\u0105.<br \/>\n \t&#8211;\u00a0Tvirtas apdirbimas\u00a0\u2013 auk\u0161ta kokyb\u0117 ir d\u0117mesys konstrukcijos detal\u0117ms.<\/p>\n<p>Komplekt\u0101 ietilpst:<\/p>\n<p> \t&#8211;\u00a0Traktoriaus blokas (kabina)\u00a0su \u0161viesos ir garso efektais 9,5 cm auk\u0161\u010dio<br \/>\n \t&#8211;\u00a0Puspriekab\u0117 su dideliu konteineriu\u00a0\u2013 atidaromos durys, galimyb\u0117 pakrauti ir i\u0161krauti.<br \/>\n \t&#8211;\u00a0Medin\u0117s krovini\u0173 d\u0117\u017e\u0117s\u00a0\u2013 keletas dali\u0173 linksmyb\u0117ms ir transporto modeliavimui.<\/p>\n<p>\u017daislas Vystosi<\/p>\n<p> \t&#8211;\u00a0Variklis ma\u017eas ir didelis<br \/>\n \t&#8211;\u00a0Vaizduot\u0117 ir k\u016brybi\u0161kumas<br \/>\n \t&#8211;\u00a0Rankiniai geb\u0117jimai<br \/>\n \t&#8211;\u00a0Loginis m\u0105stymas (prie\u017eastis ir pasekm\u0117)<br \/>\n \t&#8211;\u00a0\u017dinios apie pasaul\u012f<\/p>","protected":false},"excerpt":{"rendered":"<p>Krovininis Sunkve\u017eimis\u00a0i\u0161 mark\u0117s\u00a0Woopie\u00a0z\u00a0konteinerizuotas\u00a0tai suteikia valand\u0173 valandas \u017eavingo linksmumo, derinant realizm\u0105 su funkcionalumu. D\u0117l ap\u0161vietimo ir garso efekt\u0173 vaikai gali jaustis<\/p>","protected":false},"featured_media":76049,"template":"","meta":{"_acf_changed":false,"_glsr_average":0,"_glsr_ranking":0,"_glsr_reviews":0},"product_brand":[],"product_cat":[448,229],"product_tag":[],"class_list":{"0":"post-76047","1":"product","2":"type-product","3":"status-publish","4":"has-post-thumbnail","6":"product_cat-automobiliai-ir-transportas","7":"product_cat-zaislai-vaikams","8":"\"style=\"background-color: #2ecc711c;\"","10":"first","11":"instock","12":"purchasable","13":"product-type-simple"},"acf":[],"yoast_head":"<!-- This site is optimized with the Yoast SEO plugin v27.3 - https:\/\/yoast.com\/product\/yoast-seo-wordpress\/ -->\n<title>WOOPIE konteineri\u0173 sunkve\u017eimis su \u0161viesos ir garso efektais!<\/title>\n<meta name=\"description\" content=\"WOOPIE konteineri\u0173 sunkve\u017eimis su \u0161viesos ir garso efektais! - KidsPlay. Did\u017eiausias vaik\u0173 \u017eaisl\u0173 pasirinkimas.\" \/>\n<meta name=\"robots\" content=\"index, follow, max-snippet:-1, max-image-preview:large, max-video-preview:-1\" \/>\n<link rel=\"canonical\" href=\"https:\/\/kidsplay.lt\/lv\/products\/woopie-konteineriu-sunkvezimis-su-sviesos-ir-garso-efektais\/\" \/>\n<meta property=\"og:locale\" content=\"lv_LV\" \/>\n<meta property=\"og:type\" content=\"article\" \/>\n<meta property=\"og:title\" content=\"WOOPIE konteineri\u0173 sunkve\u017eimis su \u0161viesos ir garso efektais!\" \/>\n<meta property=\"og:description\" content=\"WOOPIE konteineri\u0173 sunkve\u017eimis su \u0161viesos ir garso efektais! - KidsPlay. Did\u017eiausias vaik\u0173 \u017eaisl\u0173 pasirinkimas.\" \/>\n<meta property=\"og:url\" content=\"https:\/\/kidsplay.lt\/lv\/products\/woopie-konteineriu-sunkvezimis-su-sviesos-ir-garso-efektais\/\" \/>\n<meta property=\"og:site_name\" content=\"KidsPlay\" \/>\n<meta property=\"article:publisher\" content=\"https:\/\/www.facebook.com\/www.kidsplay.lt\" \/>\n<meta property=\"article:modified_time\" content=\"2026-04-13T11:26:03+00:00\" \/>\n<meta property=\"og:image\" content=\"https:\/\/kidsplay.lt\/wp-content\/uploads\/2025\/10\/WOOPIE-konteineriu-sunkvezimis-su-sviesos-ir-garso-efektais.jpg\" \/>\n\t<meta property=\"og:image:width\" content=\"1000\" \/>\n\t<meta property=\"og:image:height\" content=\"1000\" \/>\n\t<meta property=\"og:image:type\" content=\"image\/jpeg\" \/>\n<meta name=\"twitter:card\" content=\"summary_large_image\" \/>\n<meta name=\"twitter:label1\" content=\"Est. reading time\" \/>\n\t<meta name=\"twitter:data1\" content=\"1 min\u016bte\" \/>\n<script type=\"application\/ld+json\" class=\"yoast-schema-graph\">{\"@context\":\"https:\\\/\\\/schema.org\",\"@graph\":[{\"@type\":\"WebPage\",\"@id\":\"https:\\\/\\\/kidsplay.lt\\\/produktas\\\/woopie-konteineriu-sunkvezimis-su-sviesos-ir-garso-efektais\\\/\",\"url\":\"https:\\\/\\\/kidsplay.lt\\\/produktas\\\/woopie-konteineriu-sunkvezimis-su-sviesos-ir-garso-efektais\\\/\",\"name\":\"WOOPIE konteineri\u0173 sunkve\u017eimis su \u0161viesos ir garso efektais!\",\"isPartOf\":{\"@id\":\"https:\\\/\\\/kidsplay.lt\\\/#website\"},\"primaryImageOfPage\":{\"@id\":\"https:\\\/\\\/kidsplay.lt\\\/produktas\\\/woopie-konteineriu-sunkvezimis-su-sviesos-ir-garso-efektais\\\/#primaryimage\"},\"image\":{\"@id\":\"https:\\\/\\\/kidsplay.lt\\\/produktas\\\/woopie-konteineriu-sunkvezimis-su-sviesos-ir-garso-efektais\\\/#primaryimage\"},\"thumbnailUrl\":\"https:\\\/\\\/kidsplay.lt\\\/wp-content\\\/uploads\\\/2025\\\/10\\\/WOOPIE-konteineriu-sunkvezimis-su-sviesos-ir-garso-efektais.jpg\",\"datePublished\":\"2025-10-11T08:04:12+00:00\",\"dateModified\":\"2026-04-13T11:26:03+00:00\",\"description\":\"WOOPIE konteineri\u0173 sunkve\u017eimis su \u0161viesos ir garso efektais! - KidsPlay. Did\u017eiausias vaik\u0173 \u017eaisl\u0173 pasirinkimas.\",\"breadcrumb\":{\"@id\":\"https:\\\/\\\/kidsplay.lt\\\/produktas\\\/woopie-konteineriu-sunkvezimis-su-sviesos-ir-garso-efektais\\\/#breadcrumb\"},\"inLanguage\":\"lv-LV\",\"potentialAction\":[{\"@type\":\"ReadAction\",\"target\":[\"https:\\\/\\\/kidsplay.lt\\\/produktas\\\/woopie-konteineriu-sunkvezimis-su-sviesos-ir-garso-efektais\\\/\"]}]},{\"@type\":\"ImageObject\",\"inLanguage\":\"lv-LV\",\"@id\":\"https:\\\/\\\/kidsplay.lt\\\/produktas\\\/woopie-konteineriu-sunkvezimis-su-sviesos-ir-garso-efektais\\\/#primaryimage\",\"url\":\"https:\\\/\\\/kidsplay.lt\\\/wp-content\\\/uploads\\\/2025\\\/10\\\/WOOPIE-konteineriu-sunkvezimis-su-sviesos-ir-garso-efektais.jpg\",\"contentUrl\":\"https:\\\/\\\/kidsplay.lt\\\/wp-content\\\/uploads\\\/2025\\\/10\\\/WOOPIE-konteineriu-sunkvezimis-su-sviesos-ir-garso-efektais.jpg\",\"width\":1000,\"height\":1000,\"caption\":\"WOOPIE konteineri\u0173 sunkve\u017eimis su \u0161viesos ir garso efektais!\"},{\"@type\":\"BreadcrumbList\",\"@id\":\"https:\\\/\\\/kidsplay.lt\\\/produktas\\\/woopie-konteineriu-sunkvezimis-su-sviesos-ir-garso-efektais\\\/#breadcrumb\",\"itemListElement\":[{\"@type\":\"ListItem\",\"position\":1,\"name\":\"Pagrindinis\",\"item\":\"https:\\\/\\\/kidsplay.lt\\\/\"},{\"@type\":\"ListItem\",\"position\":2,\"name\":\"Parduotuv\u0117\",\"item\":\"https:\\\/\\\/kidsplay.lt\\\/parduotuve\\\/\"},{\"@type\":\"ListItem\",\"position\":3,\"name\":\"WOOPIE konteineri\u0173 sunkve\u017eimis su \u0161viesos ir garso efektais!\"}]},{\"@type\":\"WebSite\",\"@id\":\"https:\\\/\\\/kidsplay.lt\\\/#website\",\"url\":\"https:\\\/\\\/kidsplay.lt\\\/\",\"name\":\"Kidsplay.lt\",\"description\":\"\u012evairios prek\u0117s vaikams\",\"publisher\":{\"@id\":\"https:\\\/\\\/kidsplay.lt\\\/#organization\"},\"alternateName\":\"Kidsplay\",\"potentialAction\":[{\"@type\":\"SearchAction\",\"target\":{\"@type\":\"EntryPoint\",\"urlTemplate\":\"https:\\\/\\\/kidsplay.lt\\\/?s={search_term_string}\"},\"query-input\":{\"@type\":\"PropertyValueSpecification\",\"valueRequired\":true,\"valueName\":\"search_term_string\"}}],\"inLanguage\":\"lv-LV\"},{\"@type\":\"Organization\",\"@id\":\"https:\\\/\\\/kidsplay.lt\\\/#organization\",\"name\":\"KidsPlay\",\"url\":\"https:\\\/\\\/kidsplay.lt\\\/\",\"logo\":{\"@type\":\"ImageObject\",\"inLanguage\":\"lv-LV\",\"@id\":\"https:\\\/\\\/kidsplay.lt\\\/#\\\/schema\\\/logo\\\/image\\\/\",\"url\":\"https:\\\/\\\/kidsplay.lt\\\/wp-content\\\/uploads\\\/2023\\\/07\\\/kidsplay-logo.png\",\"contentUrl\":\"https:\\\/\\\/kidsplay.lt\\\/wp-content\\\/uploads\\\/2023\\\/07\\\/kidsplay-logo.png\",\"width\":451,\"height\":98,\"caption\":\"KidsPlay\"},\"image\":{\"@id\":\"https:\\\/\\\/kidsplay.lt\\\/#\\\/schema\\\/logo\\\/image\\\/\"},\"sameAs\":[\"https:\\\/\\\/www.facebook.com\\\/www.kidsplay.lt\"]}]}<\/script>\n<!-- \/ Yoast SEO plugin. -->","yoast_head_json":{"title":"WOOPIE konteineri\u0173 sunkve\u017eimis su \u0161viesos ir garso efektais!","description":"WOOPIE konteineri\u0173 sunkve\u017eimis su \u0161viesos ir garso efektais! - KidsPlay. Did\u017eiausias vaik\u0173 \u017eaisl\u0173 pasirinkimas.","robots":{"index":"index","follow":"follow","max-snippet":"max-snippet:-1","max-image-preview":"max-image-preview:large","max-video-preview":"max-video-preview:-1"},"canonical":"https:\/\/kidsplay.lt\/lv\/products\/woopie-konteineriu-sunkvezimis-su-sviesos-ir-garso-efektais\/","og_locale":"lv_LV","og_type":"article","og_title":"WOOPIE konteineri\u0173 sunkve\u017eimis su \u0161viesos ir garso efektais!","og_description":"WOOPIE konteineri\u0173 sunkve\u017eimis su \u0161viesos ir garso efektais! - KidsPlay. Did\u017eiausias vaik\u0173 \u017eaisl\u0173 pasirinkimas.","og_url":"https:\/\/kidsplay.lt\/lv\/products\/woopie-konteineriu-sunkvezimis-su-sviesos-ir-garso-efektais\/","og_site_name":"KidsPlay","article_publisher":"https:\/\/www.facebook.com\/www.kidsplay.lt","article_modified_time":"2026-04-13T11:26:03+00:00","og_image":[{"width":1000,"height":1000,"url":"https:\/\/kidsplay.lt\/wp-content\/uploads\/2025\/10\/WOOPIE-konteineriu-sunkvezimis-su-sviesos-ir-garso-efektais.jpg","type":"image\/jpeg"}],"twitter_card":"summary_large_image","twitter_misc":{"Est. reading time":"1 min\u016bte"},"schema":{"@context":"https:\/\/schema.org","@graph":[{"@type":"WebPage","@id":"https:\/\/kidsplay.lt\/produktas\/woopie-konteineriu-sunkvezimis-su-sviesos-ir-garso-efektais\/","url":"https:\/\/kidsplay.lt\/produktas\/woopie-konteineriu-sunkvezimis-su-sviesos-ir-garso-efektais\/","name":"WOOPIE konteineri\u0173 sunkve\u017eimis su \u0161viesos ir garso efektais!","isPartOf":{"@id":"https:\/\/kidsplay.lt\/#website"},"primaryImageOfPage":{"@id":"https:\/\/kidsplay.lt\/produktas\/woopie-konteineriu-sunkvezimis-su-sviesos-ir-garso-efektais\/#primaryimage"},"image":{"@id":"https:\/\/kidsplay.lt\/produktas\/woopie-konteineriu-sunkvezimis-su-sviesos-ir-garso-efektais\/#primaryimage"},"thumbnailUrl":"https:\/\/kidsplay.lt\/wp-content\/uploads\/2025\/10\/WOOPIE-konteineriu-sunkvezimis-su-sviesos-ir-garso-efektais.jpg","datePublished":"2025-10-11T08:04:12+00:00","dateModified":"2026-04-13T11:26:03+00:00","description":"WOOPIE konteineri\u0173 sunkve\u017eimis su \u0161viesos ir garso efektais! - KidsPlay. Did\u017eiausias vaik\u0173 \u017eaisl\u0173 pasirinkimas.","breadcrumb":{"@id":"https:\/\/kidsplay.lt\/produktas\/woopie-konteineriu-sunkvezimis-su-sviesos-ir-garso-efektais\/#breadcrumb"},"inLanguage":"lv-LV","potentialAction":[{"@type":"ReadAction","target":["https:\/\/kidsplay.lt\/produktas\/woopie-konteineriu-sunkvezimis-su-sviesos-ir-garso-efektais\/"]}]},{"@type":"ImageObject","inLanguage":"lv-LV","@id":"https:\/\/kidsplay.lt\/produktas\/woopie-konteineriu-sunkvezimis-su-sviesos-ir-garso-efektais\/#primaryimage","url":"https:\/\/kidsplay.lt\/wp-content\/uploads\/2025\/10\/WOOPIE-konteineriu-sunkvezimis-su-sviesos-ir-garso-efektais.jpg","contentUrl":"https:\/\/kidsplay.lt\/wp-content\/uploads\/2025\/10\/WOOPIE-konteineriu-sunkvezimis-su-sviesos-ir-garso-efektais.jpg","width":1000,"height":1000,"caption":"WOOPIE konteineri\u0173 sunkve\u017eimis su \u0161viesos ir garso efektais!"},{"@type":"BreadcrumbList","@id":"https:\/\/kidsplay.lt\/produktas\/woopie-konteineriu-sunkvezimis-su-sviesos-ir-garso-efektais\/#breadcrumb","itemListElement":[{"@type":"ListItem","position":1,"name":"Pagrindinis","item":"https:\/\/kidsplay.lt\/"},{"@type":"ListItem","position":2,"name":"Parduotuv\u0117","item":"https:\/\/kidsplay.lt\/parduotuve\/"},{"@type":"ListItem","position":3,"name":"WOOPIE konteineri\u0173 sunkve\u017eimis su \u0161viesos ir garso efektais!"}]},{"@type":"WebSite","@id":"https:\/\/kidsplay.lt\/#website","url":"https:\/\/kidsplay.lt\/","name":"B\u0113rnu sp\u0113les.lv","description":"\u012evairios prek\u0117s vaikams","publisher":{"@id":"https:\/\/kidsplay.lt\/#organization"},"alternateName":"Kidsplay","potentialAction":[{"@type":"SearchAction","target":{"@type":"EntryPoint","urlTemplate":"https:\/\/kidsplay.lt\/?s={search_term_string}"},"query-input":{"@type":"PropertyValueSpecification","valueRequired":true,"valueName":"search_term_string"}}],"inLanguage":"lv-LV"},{"@type":"Organization","@id":"https:\/\/kidsplay.lt\/#organization","name":"B\u0113rnu sp\u0113le","url":"https:\/\/kidsplay.lt\/","logo":{"@type":"ImageObject","inLanguage":"lv-LV","@id":"https:\/\/kidsplay.lt\/#\/schema\/logo\/image\/","url":"https:\/\/kidsplay.lt\/wp-content\/uploads\/2023\/07\/kidsplay-logo.png","contentUrl":"https:\/\/kidsplay.lt\/wp-content\/uploads\/2023\/07\/kidsplay-logo.png","width":451,"height":98,"caption":"KidsPlay"},"image":{"@id":"https:\/\/kidsplay.lt\/#\/schema\/logo\/image\/"},"sameAs":["https:\/\/www.facebook.com\/www.kidsplay.lt"]}]}},"_links":{"self":[{"href":"https:\/\/kidsplay.lt\/lv\/wp-json\/wp\/v2\/product\/76047","targetHints":{"allow":["GET"]}}],"collection":[{"href":"https:\/\/kidsplay.lt\/lv\/wp-json\/wp\/v2\/product"}],"about":[{"href":"https:\/\/kidsplay.lt\/lv\/wp-json\/wp\/v2\/types\/product"}],"version-history":[{"count":1,"href":"https:\/\/kidsplay.lt\/lv\/wp-json\/wp\/v2\/product\/76047\/revisions"}],"predecessor-version":[{"id":76048,"href":"https:\/\/kidsplay.lt\/lv\/wp-json\/wp\/v2\/product\/76047\/revisions\/76048"}],"wp:featuredmedia":[{"embeddable":true,"href":"https:\/\/kidsplay.lt\/lv\/wp-json\/wp\/v2\/media\/76049"}],"wp:attachment":[{"href":"https:\/\/kidsplay.lt\/lv\/wp-json\/wp\/v2\/media?parent=76047"}],"wp:term":[{"taxonomy":"product_brand","embeddable":true,"href":"https:\/\/kidsplay.lt\/lv\/wp-json\/wp\/v2\/product_brand?post=76047"},{"taxonomy":"product_cat","embeddable":true,"href":"https:\/\/kidsplay.lt\/lv\/wp-json\/wp\/v2\/product_cat?post=76047"},{"taxonomy":"product_tag","embeddable":true,"href":"https:\/\/kidsplay.lt\/lv\/wp-json\/wp\/v2\/product_tag?post=76047"}],"curies":[{"name":"wp","href":"https:\/\/api.w.org\/{rel}","templated":true}]}}