{"id":76065,"date":"2025-10-11T11:07:16","date_gmt":"2025-10-11T08:07:16","guid":{"rendered":"https:\/\/kidsplay.lt\/produktas\/woopie-mini-farmers-set-traktoriai-su-priekabomis\/"},"modified":"2026-04-13T14:27:28","modified_gmt":"2026-04-13T11:27:28","slug":"woopie-mini-farmers-set-traktoriai-su-priekabomis","status":"publish","type":"product","link":"https:\/\/kidsplay.lt\/lv\/products\/woopie-mini-farmers-set-traktoriai-su-priekabomis\/","title":{"rendered":"WOOPIE Mini lauksaimnieka komplekts Traktori ar piekab\u0113m"},"content":{"rendered":"<p>Ma\u017easis \u016bkininkas eina \u012f darb\u0105! Tvirtas traktorius su kei\u010diamos mark\u0117s priekabomis\u00a0Woopie\u00a0tai leid\u017eia vaikams imtis kasdieni\u0173 u\u017eduo\u010di\u0173 \u016bkyje &#8211; nuo kukur\u016bz\u0173 derliaus nu\u0117mimo, gyvuli\u0173 \u0161\u0117rimo iki pieno transportavimo ir tr\u0105\u0161\u0173 barstymo. Rinkinys skatina kurti savo istorijas, derinti elementus ir nuolat keisti vaidmenis, tod\u0117l linksmyb\u0117s tampa gyvos, \u012fvairios ir kupinos id\u0117j\u0173.<\/p>\n<p>Raksturojums:<\/p>\n<p> \t&#8211; Vaikams nuo\u00a03 metai\u00a0gyvenimas<br \/>\n \t\u2013 Izgatavots no augstas kvalit\u0101tes materi\u0101liem<br \/>\n \t&#8211; Didel\u0117s, pla\u010dios padangos u\u017etikrina stabil\u0173 va\u017eiavim\u0105 kilimu ir grindimis, puikiai tinka intensyviam, kasdieniam \u017eaidimui.<br \/>\n \t&#8211; Kilnojamieji priekab\u0173 komponentai (atvartai, gr\u0105\u017etai, detal\u0117s) \u012fvairina \u016bkio darb\u0173 scenarijus.<br \/>\n \t&#8211; Traktoriaus korpusas pagamintas i\u0161 metalo<br \/>\n \t&#8211; Vilkimo strypas leid\u017eia greitai pritvirtinti skirtingas priekabas ir keisti u\u017eduotis \u017eaid\u017eiant.<\/p>\n<p>Komplekt\u0101 ietilpst:<\/p>\n<p> \t&#8211; 2 \u017dem\u0117s \u016bkio traktoriai su kabina.<br \/>\n \t&#8211; Pieno tanklaivis.<br \/>\n \t&#8211; Gyv\u016bn\u0173 \u0161\u0117rimo pa\u0161ar\u0173 mai\u0161ytuvas.<br \/>\n \t&#8211; \u017dem\u0117s \u016bkio d\u0117\u017e\u0117s priekaba<br \/>\n \t&#8211; Tr\u0105\u0161\u0173 barstytuvas<\/p>\n<p>Rota\u013clieta att\u012bst\u0101s:<\/p>\n<p> \t&#8211; Vaizduot\u0117<br \/>\n \t&#8211; K\u016brybi\u0161kumas<br \/>\n \t\u2013 Dzin\u0113ji<br \/>\n \t\u2013 Lo\u0123ika<\/p>","protected":false},"excerpt":{"rendered":"<p>Ma\u017easis \u016bkininkas eina \u012f darb\u0105! Tvirtas traktorius su kei\u010diamos mark\u0117s priekabomis\u00a0Woopie\u00a0tai leid\u017eia vaikams imtis kasdieni\u0173 u\u017eduo\u010di\u0173 \u016bkyje &#8211; nuo kukur\u016bz\u0173<\/p>","protected":false},"featured_media":76067,"template":"","meta":{"_acf_changed":false,"_glsr_average":0,"_glsr_ranking":0,"_glsr_reviews":0},"product_brand":[],"product_cat":[448,229],"product_tag":[],"class_list":{"0":"post-76065","1":"product","2":"type-product","3":"status-publish","4":"has-post-thumbnail","6":"product_cat-automobiliai-ir-transportas","7":"product_cat-zaislai-vaikams","8":"\"style=\"background-color: #2ecc711c;\"","10":"first","11":"instock","12":"purchasable","13":"product-type-simple"},"acf":[],"yoast_head":"<!-- This site is optimized with the Yoast SEO plugin v27.4 - https:\/\/yoast.com\/product\/yoast-seo-wordpress\/ -->\n<title>WOOPIE Mini Farmer&#8217;s Set Traktoriai su Priekabomis<\/title>\n<meta name=\"description\" content=\"WOOPIE Mini Farmer&#8217;s Set Traktoriai su Priekabomis - KidsPlay. Did\u017eiausias vaik\u0173 \u017eaisl\u0173 pasirinkimas.\" \/>\n<meta name=\"robots\" content=\"index, follow, max-snippet:-1, max-image-preview:large, max-video-preview:-1\" \/>\n<link rel=\"canonical\" href=\"https:\/\/kidsplay.lt\/lv\/products\/woopie-mini-farmers-set-traktoriai-su-priekabomis\/\" \/>\n<meta property=\"og:locale\" content=\"lv_LV\" \/>\n<meta property=\"og:type\" content=\"article\" \/>\n<meta property=\"og:title\" content=\"WOOPIE Mini Farmer&#8217;s Set Traktoriai su Priekabomis\" \/>\n<meta property=\"og:description\" content=\"WOOPIE Mini Farmer&#8217;s Set Traktoriai su Priekabomis - KidsPlay. Did\u017eiausias vaik\u0173 \u017eaisl\u0173 pasirinkimas.\" \/>\n<meta property=\"og:url\" content=\"https:\/\/kidsplay.lt\/lv\/products\/woopie-mini-farmers-set-traktoriai-su-priekabomis\/\" \/>\n<meta property=\"og:site_name\" content=\"KidsPlay\" \/>\n<meta property=\"article:publisher\" content=\"https:\/\/www.facebook.com\/www.kidsplay.lt\" \/>\n<meta property=\"article:modified_time\" content=\"2026-04-13T11:27:28+00:00\" \/>\n<meta property=\"og:image\" content=\"https:\/\/kidsplay.lt\/wp-content\/uploads\/2025\/10\/WOOPIE-Mini-Farmer8217s-Set-Traktoriai-su-Priekabomis.jpg\" \/>\n\t<meta property=\"og:image:width\" content=\"1000\" \/>\n\t<meta property=\"og:image:height\" content=\"1000\" \/>\n\t<meta property=\"og:image:type\" content=\"image\/jpeg\" \/>\n<meta name=\"twitter:card\" content=\"summary_large_image\" \/>\n<meta name=\"twitter:label1\" content=\"Est. reading time\" \/>\n\t<meta name=\"twitter:data1\" content=\"1 min\u016bte\" \/>\n<script type=\"application\/ld+json\" class=\"yoast-schema-graph\">{\"@context\":\"https:\\\/\\\/schema.org\",\"@graph\":[{\"@type\":\"WebPage\",\"@id\":\"https:\\\/\\\/kidsplay.lt\\\/produktas\\\/woopie-mini-farmers-set-traktoriai-su-priekabomis\\\/\",\"url\":\"https:\\\/\\\/kidsplay.lt\\\/produktas\\\/woopie-mini-farmers-set-traktoriai-su-priekabomis\\\/\",\"name\":\"WOOPIE Mini Farmer&#8217;s Set Traktoriai su Priekabomis\",\"isPartOf\":{\"@id\":\"https:\\\/\\\/kidsplay.lt\\\/#website\"},\"primaryImageOfPage\":{\"@id\":\"https:\\\/\\\/kidsplay.lt\\\/produktas\\\/woopie-mini-farmers-set-traktoriai-su-priekabomis\\\/#primaryimage\"},\"image\":{\"@id\":\"https:\\\/\\\/kidsplay.lt\\\/produktas\\\/woopie-mini-farmers-set-traktoriai-su-priekabomis\\\/#primaryimage\"},\"thumbnailUrl\":\"https:\\\/\\\/kidsplay.lt\\\/wp-content\\\/uploads\\\/2025\\\/10\\\/WOOPIE-Mini-Farmer8217s-Set-Traktoriai-su-Priekabomis.jpg\",\"datePublished\":\"2025-10-11T08:07:16+00:00\",\"dateModified\":\"2026-04-13T11:27:28+00:00\",\"description\":\"WOOPIE Mini Farmer&#8217;s Set Traktoriai su Priekabomis - KidsPlay. Did\u017eiausias vaik\u0173 \u017eaisl\u0173 pasirinkimas.\",\"breadcrumb\":{\"@id\":\"https:\\\/\\\/kidsplay.lt\\\/produktas\\\/woopie-mini-farmers-set-traktoriai-su-priekabomis\\\/#breadcrumb\"},\"inLanguage\":\"lv-LV\",\"potentialAction\":[{\"@type\":\"ReadAction\",\"target\":[\"https:\\\/\\\/kidsplay.lt\\\/produktas\\\/woopie-mini-farmers-set-traktoriai-su-priekabomis\\\/\"]}]},{\"@type\":\"ImageObject\",\"inLanguage\":\"lv-LV\",\"@id\":\"https:\\\/\\\/kidsplay.lt\\\/produktas\\\/woopie-mini-farmers-set-traktoriai-su-priekabomis\\\/#primaryimage\",\"url\":\"https:\\\/\\\/kidsplay.lt\\\/wp-content\\\/uploads\\\/2025\\\/10\\\/WOOPIE-Mini-Farmer8217s-Set-Traktoriai-su-Priekabomis.jpg\",\"contentUrl\":\"https:\\\/\\\/kidsplay.lt\\\/wp-content\\\/uploads\\\/2025\\\/10\\\/WOOPIE-Mini-Farmer8217s-Set-Traktoriai-su-Priekabomis.jpg\",\"width\":1000,\"height\":1000,\"caption\":\"WOOPIE Mini Farmer&#8217;s Set Traktoriai su Priekabomis\"},{\"@type\":\"BreadcrumbList\",\"@id\":\"https:\\\/\\\/kidsplay.lt\\\/produktas\\\/woopie-mini-farmers-set-traktoriai-su-priekabomis\\\/#breadcrumb\",\"itemListElement\":[{\"@type\":\"ListItem\",\"position\":1,\"name\":\"Pagrindinis\",\"item\":\"https:\\\/\\\/kidsplay.lt\\\/\"},{\"@type\":\"ListItem\",\"position\":2,\"name\":\"Parduotuv\u0117\",\"item\":\"https:\\\/\\\/kidsplay.lt\\\/parduotuve\\\/\"},{\"@type\":\"ListItem\",\"position\":3,\"name\":\"WOOPIE Mini Farmer&#8217;s Set Traktoriai su Priekabomis\"}]},{\"@type\":\"WebSite\",\"@id\":\"https:\\\/\\\/kidsplay.lt\\\/#website\",\"url\":\"https:\\\/\\\/kidsplay.lt\\\/\",\"name\":\"Kidsplay.lt\",\"description\":\"\u012evairios prek\u0117s vaikams\",\"publisher\":{\"@id\":\"https:\\\/\\\/kidsplay.lt\\\/#organization\"},\"alternateName\":\"Kidsplay\",\"potentialAction\":[{\"@type\":\"SearchAction\",\"target\":{\"@type\":\"EntryPoint\",\"urlTemplate\":\"https:\\\/\\\/kidsplay.lt\\\/?s={search_term_string}\"},\"query-input\":{\"@type\":\"PropertyValueSpecification\",\"valueRequired\":true,\"valueName\":\"search_term_string\"}}],\"inLanguage\":\"lv-LV\"},{\"@type\":\"Organization\",\"@id\":\"https:\\\/\\\/kidsplay.lt\\\/#organization\",\"name\":\"KidsPlay\",\"url\":\"https:\\\/\\\/kidsplay.lt\\\/\",\"logo\":{\"@type\":\"ImageObject\",\"inLanguage\":\"lv-LV\",\"@id\":\"https:\\\/\\\/kidsplay.lt\\\/#\\\/schema\\\/logo\\\/image\\\/\",\"url\":\"https:\\\/\\\/kidsplay.lt\\\/wp-content\\\/uploads\\\/2023\\\/07\\\/kidsplay-logo.png\",\"contentUrl\":\"https:\\\/\\\/kidsplay.lt\\\/wp-content\\\/uploads\\\/2023\\\/07\\\/kidsplay-logo.png\",\"width\":451,\"height\":98,\"caption\":\"KidsPlay\"},\"image\":{\"@id\":\"https:\\\/\\\/kidsplay.lt\\\/#\\\/schema\\\/logo\\\/image\\\/\"},\"sameAs\":[\"https:\\\/\\\/www.facebook.com\\\/www.kidsplay.lt\"]}]}<\/script>\n<!-- \/ Yoast SEO plugin. -->","yoast_head_json":{"title":"WOOPIE Mini lauksaimnieka komplekts Traktori ar piekab\u0113m","description":"WOOPIE Mini Farmer&#8217;s Set Traktoriai su Priekabomis - KidsPlay. Did\u017eiausias vaik\u0173 \u017eaisl\u0173 pasirinkimas.","robots":{"index":"index","follow":"follow","max-snippet":"max-snippet:-1","max-image-preview":"max-image-preview:large","max-video-preview":"max-video-preview:-1"},"canonical":"https:\/\/kidsplay.lt\/lv\/products\/woopie-mini-farmers-set-traktoriai-su-priekabomis\/","og_locale":"lv_LV","og_type":"article","og_title":"WOOPIE Mini Farmer&#8217;s Set Traktoriai su Priekabomis","og_description":"WOOPIE Mini Farmer&#8217;s Set Traktoriai su Priekabomis - KidsPlay. Did\u017eiausias vaik\u0173 \u017eaisl\u0173 pasirinkimas.","og_url":"https:\/\/kidsplay.lt\/lv\/products\/woopie-mini-farmers-set-traktoriai-su-priekabomis\/","og_site_name":"KidsPlay","article_publisher":"https:\/\/www.facebook.com\/www.kidsplay.lt","article_modified_time":"2026-04-13T11:27:28+00:00","og_image":[{"width":1000,"height":1000,"url":"https:\/\/kidsplay.lt\/wp-content\/uploads\/2025\/10\/WOOPIE-Mini-Farmer8217s-Set-Traktoriai-su-Priekabomis.jpg","type":"image\/jpeg"}],"twitter_card":"summary_large_image","twitter_misc":{"Est. reading time":"1 min\u016bte"},"schema":{"@context":"https:\/\/schema.org","@graph":[{"@type":"WebPage","@id":"https:\/\/kidsplay.lt\/produktas\/woopie-mini-farmers-set-traktoriai-su-priekabomis\/","url":"https:\/\/kidsplay.lt\/produktas\/woopie-mini-farmers-set-traktoriai-su-priekabomis\/","name":"WOOPIE Mini lauksaimnieka komplekts Traktori ar piekab\u0113m","isPartOf":{"@id":"https:\/\/kidsplay.lt\/#website"},"primaryImageOfPage":{"@id":"https:\/\/kidsplay.lt\/produktas\/woopie-mini-farmers-set-traktoriai-su-priekabomis\/#primaryimage"},"image":{"@id":"https:\/\/kidsplay.lt\/produktas\/woopie-mini-farmers-set-traktoriai-su-priekabomis\/#primaryimage"},"thumbnailUrl":"https:\/\/kidsplay.lt\/wp-content\/uploads\/2025\/10\/WOOPIE-Mini-Farmer8217s-Set-Traktoriai-su-Priekabomis.jpg","datePublished":"2025-10-11T08:07:16+00:00","dateModified":"2026-04-13T11:27:28+00:00","description":"WOOPIE Mini Farmer&#8217;s Set Traktoriai su Priekabomis - KidsPlay. Did\u017eiausias vaik\u0173 \u017eaisl\u0173 pasirinkimas.","breadcrumb":{"@id":"https:\/\/kidsplay.lt\/produktas\/woopie-mini-farmers-set-traktoriai-su-priekabomis\/#breadcrumb"},"inLanguage":"lv-LV","potentialAction":[{"@type":"ReadAction","target":["https:\/\/kidsplay.lt\/produktas\/woopie-mini-farmers-set-traktoriai-su-priekabomis\/"]}]},{"@type":"ImageObject","inLanguage":"lv-LV","@id":"https:\/\/kidsplay.lt\/produktas\/woopie-mini-farmers-set-traktoriai-su-priekabomis\/#primaryimage","url":"https:\/\/kidsplay.lt\/wp-content\/uploads\/2025\/10\/WOOPIE-Mini-Farmer8217s-Set-Traktoriai-su-Priekabomis.jpg","contentUrl":"https:\/\/kidsplay.lt\/wp-content\/uploads\/2025\/10\/WOOPIE-Mini-Farmer8217s-Set-Traktoriai-su-Priekabomis.jpg","width":1000,"height":1000,"caption":"WOOPIE Mini Farmer&#8217;s Set Traktoriai su Priekabomis"},{"@type":"BreadcrumbList","@id":"https:\/\/kidsplay.lt\/produktas\/woopie-mini-farmers-set-traktoriai-su-priekabomis\/#breadcrumb","itemListElement":[{"@type":"ListItem","position":1,"name":"Pagrindinis","item":"https:\/\/kidsplay.lt\/"},{"@type":"ListItem","position":2,"name":"Parduotuv\u0117","item":"https:\/\/kidsplay.lt\/parduotuve\/"},{"@type":"ListItem","position":3,"name":"WOOPIE Mini Farmer&#8217;s Set Traktoriai su Priekabomis"}]},{"@type":"WebSite","@id":"https:\/\/kidsplay.lt\/#website","url":"https:\/\/kidsplay.lt\/","name":"B\u0113rnu sp\u0113les.lv","description":"\u012evairios prek\u0117s vaikams","publisher":{"@id":"https:\/\/kidsplay.lt\/#organization"},"alternateName":"Kidsplay","potentialAction":[{"@type":"SearchAction","target":{"@type":"EntryPoint","urlTemplate":"https:\/\/kidsplay.lt\/?s={search_term_string}"},"query-input":{"@type":"PropertyValueSpecification","valueRequired":true,"valueName":"search_term_string"}}],"inLanguage":"lv-LV"},{"@type":"Organization","@id":"https:\/\/kidsplay.lt\/#organization","name":"B\u0113rnu sp\u0113le","url":"https:\/\/kidsplay.lt\/","logo":{"@type":"ImageObject","inLanguage":"lv-LV","@id":"https:\/\/kidsplay.lt\/#\/schema\/logo\/image\/","url":"https:\/\/kidsplay.lt\/wp-content\/uploads\/2023\/07\/kidsplay-logo.png","contentUrl":"https:\/\/kidsplay.lt\/wp-content\/uploads\/2023\/07\/kidsplay-logo.png","width":451,"height":98,"caption":"KidsPlay"},"image":{"@id":"https:\/\/kidsplay.lt\/#\/schema\/logo\/image\/"},"sameAs":["https:\/\/www.facebook.com\/www.kidsplay.lt"]}]}},"_links":{"self":[{"href":"https:\/\/kidsplay.lt\/lv\/wp-json\/wp\/v2\/product\/76065","targetHints":{"allow":["GET"]}}],"collection":[{"href":"https:\/\/kidsplay.lt\/lv\/wp-json\/wp\/v2\/product"}],"about":[{"href":"https:\/\/kidsplay.lt\/lv\/wp-json\/wp\/v2\/types\/product"}],"version-history":[{"count":1,"href":"https:\/\/kidsplay.lt\/lv\/wp-json\/wp\/v2\/product\/76065\/revisions"}],"predecessor-version":[{"id":76066,"href":"https:\/\/kidsplay.lt\/lv\/wp-json\/wp\/v2\/product\/76065\/revisions\/76066"}],"wp:featuredmedia":[{"embeddable":true,"href":"https:\/\/kidsplay.lt\/lv\/wp-json\/wp\/v2\/media\/76067"}],"wp:attachment":[{"href":"https:\/\/kidsplay.lt\/lv\/wp-json\/wp\/v2\/media?parent=76065"}],"wp:term":[{"taxonomy":"product_brand","embeddable":true,"href":"https:\/\/kidsplay.lt\/lv\/wp-json\/wp\/v2\/product_brand?post=76065"},{"taxonomy":"product_cat","embeddable":true,"href":"https:\/\/kidsplay.lt\/lv\/wp-json\/wp\/v2\/product_cat?post=76065"},{"taxonomy":"product_tag","embeddable":true,"href":"https:\/\/kidsplay.lt\/lv\/wp-json\/wp\/v2\/product_tag?post=76065"}],"curies":[{"name":"wp","href":"https:\/\/api.w.org\/{rel}","templated":true}]}}