{"id":76099,"date":"2025-10-11T12:23:56","date_gmt":"2025-10-11T09:23:56","guid":{"rendered":"https:\/\/kidsplay.lt\/?post_type=product&#038;p=76099"},"modified":"2025-10-11T12:23:56","modified_gmt":"2025-10-11T09:23:56","slug":"marioinex-statymo-plytos-140-vnt","status":"publish","type":"product","link":"https:\/\/kidsplay.lt\/lv\/products\/marioinex-statymo-plytos-140-vnt\/","title":{"rendered":"Marioinex celtniec\u012bbas kluc\u012b\u0161i 140 gab."},"content":{"rendered":"<div class=\"mpof_ki myre_zn myre_8v_l m389_6m_l\">\n<div class=\"mp4t_16_s mryx_16_s mr3m_1 mli2_1 mh85_56 mh85_0_l\">\n<div class=\"mg9e_8 mj7a_8 mg9e_0_s mvrt_0_s mj7a_0_s mh36_0_s mzmg_6m munh_16_l m3h2_16_l\">\n<div class=\"mp4t_0 mryx_0 munh_56 m3h2_56\">\n<div class=\"mp7g_oh\"><button class=\"mg9e_0 mvrt_0 mj7a_0 mh36_0 mp4t_0 m3h2_0 mryx_0 munh_0 mqen_m6 mpof_z0 mx7m_0 m7er_k4 mse2_k4 msts_pt\" data-analytics-interaction=\"true\" data-analytics-interaction-label=\"zoomable-image-open\" aria-disabled=\"true\"><img decoding=\"async\" class=\"msub_k4 mupj_5k mjru_k4 mse2_k4 mp7g_f6 mq1m_0 mj7u_0 m7er_k4 mqen_m6 m31c_d8 m0ux_fp lazyloaded\" src=\"https:\/\/a.allegroimg.com\/original\/035270\/c38aff2d424ab1fef51d9b5a31fa\/Marioinex-blocks-Junior-brick-140-el-Okna-doors-Number-of-pieces-140\" sizes=\"(min-width: 1200px) 560px, (min-width: 992px) 50vw, 100vw\" srcset=\"https:\/\/a.allegroimg.com\/s360\/035270\/c38aff2d424ab1fef51d9b5a31fa\/Marioinex-blocks-Junior-brick-140-el-Okna-doors-Number-of-pieces-140 284w,https:\/\/a.allegroimg.com\/s720\/035270\/c38aff2d424ab1fef51d9b5a31fa\/Marioinex-blocks-Junior-brick-140-el-Okna-doors-Number-of-pieces-140 568w,https:\/\/a.allegroimg.com\/s1024\/035270\/c38aff2d424ab1fef51d9b5a31fa\/Marioinex-blocks-Junior-brick-140-el-Okna-doors-Number-of-pieces-140 808w,https:\/\/a.allegroimg.com\/s1440\/035270\/c38aff2d424ab1fef51d9b5a31fa\/Marioinex-blocks-Junior-brick-140-el-Okna-doors-Number-of-pieces-140 1137w,https:\/\/a.allegroimg.com\/original\/035270\/c38aff2d424ab1fef51d9b5a31fa\/Marioinex-blocks-Junior-brick-140-el-Okna-doors-Number-of-pieces-140 1200w\" alt=\"Marioinex blokeliai Jaunimo plyta 140 el. Okna + durys Vienet\u0173 skai\u010dius 140\" width=\"1200px\" data-srcset=\"\" \/><\/button><\/div>\n<\/div>\n<\/div>\n<\/div>\n<div class=\"mp4t_16_s mryx_16_s mr3m_1 mli2_1 mh85_56 mh85_0_l\">\n<div class=\"mgn2_16 _0d3bd_am0a-\">\n<h1><span dir=\"auto\">\u201eBrick Junior 140\u201c lang\u0173 elementai + durys<\/span><\/h1>\n<p><span dir=\"auto\">Prodiuseris: Marioinex<\/span><\/p>\n<p><span dir=\"auto\">Preki\u0173 skai\u010dius: 140 vienet\u0173<\/span><\/p>\n<\/div>\n<\/div>\n<\/div>\n<div class=\"mpof_ki myre_zn myre_8v_l m389_6m_l\">\n<div class=\"mp4t_16_s mryx_16_s mr3m_1 mli2_1 mh85_56 mh85_0_l\">\n<div class=\"mgn2_16 _0d3bd_am0a-\">\n<p><b><span dir=\"auto\">\u201eBricks Junior\u201c<\/span><\/b><span dir=\"auto\">\u00a0\u2013 tai unikalios formos kvadratiniai ir sta\u010diakampiai plyt\u0173 formos blokeliai, pagaminti i\u0161 sertifikuot\u0173 med\u017eiag\u0173.<\/span><\/p>\n<p><span dir=\"auto\">D\u0117l savo paprastumo, \u012ftraukt\u0173 dur\u0173 ir lang\u0173 galite sukurti \u012fdomi\u0173 pastat\u0173. Mus riboja tik m\u016bs\u0173 pa\u010di\u0173 vaizduot\u0117.<\/span><\/p>\n<p><span dir=\"auto\">Konstrukcijos rinkinys, sudarytas i\u0161 140 element\u0173. Pakuot\u0117s matmenys: 47 cm x 31 cm x 37,5 cm.<\/span><\/p>\n<p><span dir=\"auto\">Vienos plytos matmenys 11,5 cm x 5,7 cm x 3,5 cm<\/span><\/p>\n<p><span dir=\"auto\">Kvadratinio bloko dydis 5,7 cm x 5,7 cm x 3,5 cm<\/span><\/p>\n<p><span dir=\"auto\">Kalad\u0117l\u0117s atitinka Europos standartus. Skirta vaikams nuo 12 m\u0117nesi\u0173 am\u017eiaus. Prie\u0161 duodami \u017eaisl\u0105 vaikui, nuimkite pakuot\u0117s dalis. I\u0161saugokite etiket\u0119, nes joje yra svarbios informacijos. Element\u0173 spalvos gali skirtis nuo pateikt\u0173 ant pakuot\u0117s. Prie\u017ei\u016bra: \u017daisl\u0105 reikia plauti po tekan\u010diu vandeniu su muilu.<\/span><\/p>\n<\/div>\n<\/div>\n<div class=\"mp4t_16_s mryx_16_s mr3m_1 mli2_1 mh85_56 mh85_0_l\">\n<div class=\"mg9e_8 mj7a_8 mg9e_0_s mvrt_0_s mj7a_0_s mh36_0_s mzmg_6m munh_16_l m3h2_16_l\">\n<div class=\"mp4t_0 mryx_0 munh_56 m3h2_56\">\n<div class=\"mp7g_oh\"><button class=\"mg9e_0 mvrt_0 mj7a_0 mh36_0 mp4t_0 m3h2_0 mryx_0 munh_0 mqen_m6 mpof_z0 mx7m_0 m7er_k4 mse2_k4 msts_pt\" data-analytics-interaction=\"true\" data-analytics-interaction-label=\"zoomable-image-open\" aria-disabled=\"true\"><img decoding=\"async\" class=\"msub_k4 mupj_5k mjru_k4 mse2_k4 mp7g_f6 mq1m_0 mj7u_0 m7er_k4 mqen_m6 m31c_d8 m0ux_fp lazyloaded\" src=\"https:\/\/a.allegroimg.com\/original\/032617\/6096fbf94a6884db3d343f2c8070\/Marioinex-blocks-Junior-brick-140-el-Okna-doors-Material-plastic\" sizes=\"(min-width: 1200px) 560px, (min-width: 992px) 50vw, 100vw\" srcset=\"https:\/\/a.allegroimg.com\/s360\/032617\/6096fbf94a6884db3d343f2c8070\/Marioinex-blocks-Junior-brick-140-el-Okna-doors-Material-plastic 359w,https:\/\/a.allegroimg.com\/s720\/032617\/6096fbf94a6884db3d343f2c8070\/Marioinex-blocks-Junior-brick-140-el-Okna-doors-Material-plastic 700w,https:\/\/a.allegroimg.com\/original\/032617\/6096fbf94a6884db3d343f2c8070\/Marioinex-blocks-Junior-brick-140-el-Okna-doors-Material-plastic 700w\" alt=\"Marioinex blokeliai Jaunimo plyta 140 el. Okna + durys Med\u017eiaga plastikas\" width=\"700px\" data-srcset=\"\" \/><\/button><\/div>\n<\/div>\n<\/div>\n<\/div>\n<\/div>\n<div class=\"mpof_ki myre_zn myre_8v_l m389_6m_l\">\n<div class=\"mp4t_16_s mryx_16_s mr3m_1 mli2_1 mh85_56 mh85_0_l\">\n<div class=\"mg9e_8 mj7a_8 mg9e_0_s mvrt_0_s mj7a_0_s mh36_0_s mzmg_6m munh_16_l m3h2_16_l\">\n<div class=\"mp4t_0 mryx_0 munh_56 m3h2_56\">\n<div class=\"mp7g_oh\"><button class=\"mg9e_0 mvrt_0 mj7a_0 mh36_0 mp4t_0 m3h2_0 mryx_0 munh_0 mqen_m6 mpof_z0 mx7m_0 m7er_k4 mse2_k4 msts_pt\" data-analytics-interaction=\"true\" data-analytics-interaction-label=\"zoomable-image-open\" aria-disabled=\"true\"><img decoding=\"async\" class=\"msub_k4 mupj_5k mjru_k4 mse2_k4 mp7g_f6 mq1m_0 mj7u_0 m7er_k4 mqen_m6 m31c_d8 m0ux_fp lazyloaded\" src=\"https:\/\/a.allegroimg.com\/original\/031d0c\/cbcf06eb4ee99e1a06a47498bdd0\/Marioinex-blocks-Junior-brick-140-el-Okna-doors-Kid-s-age-12-months\" sizes=\"(min-width: 1200px) 560px, (min-width: 992px) 50vw, 100vw\" srcset=\"https:\/\/a.allegroimg.com\/s360\/031d0c\/cbcf06eb4ee99e1a06a47498bdd0\/Marioinex-blocks-Junior-brick-140-el-Okna-doors-Kid-s-age-12-months 359w,https:\/\/a.allegroimg.com\/s720\/031d0c\/cbcf06eb4ee99e1a06a47498bdd0\/Marioinex-blocks-Junior-brick-140-el-Okna-doors-Kid-s-age-12-months 700w,https:\/\/a.allegroimg.com\/original\/031d0c\/cbcf06eb4ee99e1a06a47498bdd0\/Marioinex-blocks-Junior-brick-140-el-Okna-doors-Kid-s-age-12-months 700w\" alt=\"Marioinex blokeliai Vaikams plyta 140 el. Okna + durys Vaikams nuo 12 m\u0117nesi\u0173\" width=\"700px\" data-srcset=\"\" \/><\/button><\/div>\n<\/div>\n<\/div>\n<\/div>\n<div class=\"mp4t_16_s mryx_16_s mr3m_1 mli2_1 mh85_56 mh85_0_l\">\n<div class=\"mg9e_8 mj7a_8 mg9e_0_s mvrt_0_s mj7a_0_s mh36_0_s mzmg_6m munh_16_l m3h2_16_l\">\n<div class=\"mp4t_0 mryx_0 munh_56 m3h2_56\">\n<div class=\"mp7g_oh\"><button class=\"mg9e_0 mvrt_0 mj7a_0 mh36_0 mp4t_0 m3h2_0 mryx_0 munh_0 mqen_m6 mpof_z0 mx7m_0 m7er_k4 mse2_k4 msts_pt\" data-analytics-interaction=\"true\" data-analytics-interaction-label=\"zoomable-image-open\" aria-disabled=\"true\"><img decoding=\"async\" class=\"msub_k4 mupj_5k mjru_k4 mse2_k4 mp7g_f6 mq1m_0 mj7u_0 m7er_k4 mqen_m6 m31c_d8 m0ux_fp lazyloaded\" src=\"https:\/\/a.allegroimg.com\/original\/03e7e1\/79c8b10845ce818682f66276a51c\/Marioinex-blocks-Junior-brick-140-el-Okna-doors-Kind-set\" sizes=\"(min-width: 1200px) 560px, (min-width: 992px) 50vw, 100vw\" srcset=\"https:\/\/a.allegroimg.com\/s360\/03e7e1\/79c8b10845ce818682f66276a51c\/Marioinex-blocks-Junior-brick-140-el-Okna-doors-Kind-set 360w,https:\/\/a.allegroimg.com\/s720\/03e7e1\/79c8b10845ce818682f66276a51c\/Marioinex-blocks-Junior-brick-140-el-Okna-doors-Kind-set 675w,https:\/\/a.allegroimg.com\/original\/03e7e1\/79c8b10845ce818682f66276a51c\/Marioinex-blocks-Junior-brick-140-el-Okna-doors-Kind-set 675w\" alt=\"Marioinex blokeliai Jaunimo plyta 140 el. Okna + durys Kind komplektas\" width=\"675px\" data-srcset=\"\" \/><\/button><\/div>\n<\/div>\n<\/div>\n<\/div>\n<\/div>\n<div class=\"mpof_ki myre_zn myre_8v_l m389_6m_l\">\n<div class=\"mp4t_16_s mryx_16_s mr3m_1 mli2_1 mh85_56 mh85_0_l\">\n<div class=\"mg9e_8 mj7a_8 mg9e_0_s mvrt_0_s mj7a_0_s mh36_0_s mzmg_6m munh_16_l m3h2_16_l\">\n<div class=\"mp4t_0 mryx_0 munh_56 m3h2_56\">\n<div class=\"mp7g_oh\"><button class=\"mg9e_0 mvrt_0 mj7a_0 mh36_0 mp4t_0 m3h2_0 mryx_0 munh_0 mqen_m6 mpof_z0 mx7m_0 m7er_k4 mse2_k4 msts_pt\" data-analytics-interaction=\"true\" data-analytics-interaction-label=\"zoomable-image-open\" aria-disabled=\"true\"><img decoding=\"async\" class=\"msub_k4 mupj_5k mjru_k4 mse2_k4 mp7g_f6 mq1m_0 mj7u_0 m7er_k4 mqen_m6 m31c_d8 m0ux_fp lazyloaded\" src=\"https:\/\/a.allegroimg.com\/original\/0340ec\/27026dfa46c1a56de2844dd6ecc9\/Marioinex-blocks-Junior-brick-140-el-Okna-doors-Manufacturer-code-902387\" sizes=\"100vw\" srcset=\"https:\/\/a.allegroimg.com\/s360\/0340ec\/27026dfa46c1a56de2844dd6ecc9\/Marioinex-blocks-Junior-brick-140-el-Okna-doors-Manufacturer-code-902387 360w,https:\/\/a.allegroimg.com\/s720\/0340ec\/27026dfa46c1a56de2844dd6ecc9\/Marioinex-blocks-Junior-brick-140-el-Okna-doors-Manufacturer-code-902387 720w,https:\/\/a.allegroimg.com\/s1024\/0340ec\/27026dfa46c1a56de2844dd6ecc9\/Marioinex-blocks-Junior-brick-140-el-Okna-doors-Manufacturer-code-902387 1024w,https:\/\/a.allegroimg.com\/s1440\/0340ec\/27026dfa46c1a56de2844dd6ecc9\/Marioinex-blocks-Junior-brick-140-el-Okna-doors-Manufacturer-code-902387 1200w,https:\/\/a.allegroimg.com\/original\/0340ec\/27026dfa46c1a56de2844dd6ecc9\/Marioinex-blocks-Junior-brick-140-el-Okna-doors-Manufacturer-code-902387 1200w\" alt=\"Marioinex blokeliai Jaunimo plyta 140 el. Okna+durys Gamintojo kodas 902387\" width=\"1200px\" data-srcset=\"\" \/><\/button><\/div>\n<\/div>\n<\/div>\n<\/div>\n<\/div>","protected":false},"excerpt":{"rendered":"<p>\u201eBrick Junior 140\u201c lang\u0173 elementai + durys Prodiuseris: Marioinex Preki\u0173 skai\u010dius: 140 vienet\u0173 \u201eBricks Junior\u201c\u00a0\u2013 tai unikalios formos kvadratiniai ir<\/p>","protected":false},"featured_media":76100,"template":"","meta":{"_acf_changed":false,"_glsr_average":0,"_glsr_ranking":0,"_glsr_reviews":0},"product_brand":[],"product_cat":[388,446,229],"product_tag":[],"class_list":{"0":"post-76099","1":"product","2":"type-product","3":"status-publish","4":"has-post-thumbnail","6":"product_cat-edukaciniai-lavinamieji-zaislai","7":"product_cat-konstruktoriai","8":"product_cat-zaislai-vaikams","9":"\"style=\"background-color: #2ecc711c;\"","11":"first","12":"instock","13":"shipping-taxable","14":"purchasable","15":"product-type-simple"},"acf":[],"yoast_head":"<!-- This site is optimized with the Yoast SEO plugin v27.3 - https:\/\/yoast.com\/product\/yoast-seo-wordpress\/ -->\n<title>Marioinex statymo plytos 140 vnt - KidsPlay<\/title>\n<meta name=\"description\" content=\"Marioinex statymo plytos 140 vnt - KidsPlay. Did\u017eiausias vaik\u0173 \u017eaisl\u0173 pasirinkimas.\" \/>\n<meta name=\"robots\" content=\"index, follow, max-snippet:-1, max-image-preview:large, max-video-preview:-1\" \/>\n<link rel=\"canonical\" href=\"https:\/\/kidsplay.lt\/lv\/products\/marioinex-statymo-plytos-140-vnt\/\" \/>\n<meta property=\"og:locale\" content=\"lv_LV\" \/>\n<meta property=\"og:type\" content=\"article\" \/>\n<meta property=\"og:title\" content=\"Marioinex statymo plytos 140 vnt - KidsPlay\" \/>\n<meta property=\"og:description\" content=\"Marioinex statymo plytos 140 vnt - KidsPlay. Did\u017eiausias vaik\u0173 \u017eaisl\u0173 pasirinkimas.\" \/>\n<meta property=\"og:url\" content=\"https:\/\/kidsplay.lt\/lv\/products\/marioinex-statymo-plytos-140-vnt\/\" \/>\n<meta property=\"og:site_name\" content=\"KidsPlay\" \/>\n<meta property=\"article:publisher\" content=\"https:\/\/www.facebook.com\/www.kidsplay.lt\" \/>\n<meta property=\"og:image\" content=\"https:\/\/kidsplay.lt\/wp-content\/uploads\/2025\/10\/Screenshot_42.png\" \/>\n\t<meta property=\"og:image:width\" content=\"600\" \/>\n\t<meta property=\"og:image:height\" content=\"458\" \/>\n\t<meta property=\"og:image:type\" content=\"image\/png\" \/>\n<meta name=\"twitter:card\" content=\"summary_large_image\" \/>\n<meta name=\"twitter:label1\" content=\"Est. reading time\" \/>\n\t<meta name=\"twitter:data1\" content=\"2 min\u016btes\" \/>\n<script type=\"application\/ld+json\" class=\"yoast-schema-graph\">{\"@context\":\"https:\\\/\\\/schema.org\",\"@graph\":[{\"@type\":\"WebPage\",\"@id\":\"https:\\\/\\\/kidsplay.lt\\\/produktas\\\/marioinex-statymo-plytos-140-vnt\\\/\",\"url\":\"https:\\\/\\\/kidsplay.lt\\\/produktas\\\/marioinex-statymo-plytos-140-vnt\\\/\",\"name\":\"Marioinex statymo plytos 140 vnt - KidsPlay\",\"isPartOf\":{\"@id\":\"https:\\\/\\\/kidsplay.lt\\\/#website\"},\"primaryImageOfPage\":{\"@id\":\"https:\\\/\\\/kidsplay.lt\\\/produktas\\\/marioinex-statymo-plytos-140-vnt\\\/#primaryimage\"},\"image\":{\"@id\":\"https:\\\/\\\/kidsplay.lt\\\/produktas\\\/marioinex-statymo-plytos-140-vnt\\\/#primaryimage\"},\"thumbnailUrl\":\"https:\\\/\\\/kidsplay.lt\\\/wp-content\\\/uploads\\\/2025\\\/10\\\/Screenshot_42.png\",\"datePublished\":\"2025-10-11T09:23:56+00:00\",\"description\":\"Marioinex statymo plytos 140 vnt - KidsPlay. Did\u017eiausias vaik\u0173 \u017eaisl\u0173 pasirinkimas.\",\"breadcrumb\":{\"@id\":\"https:\\\/\\\/kidsplay.lt\\\/produktas\\\/marioinex-statymo-plytos-140-vnt\\\/#breadcrumb\"},\"inLanguage\":\"lv-LV\",\"potentialAction\":[{\"@type\":\"ReadAction\",\"target\":[\"https:\\\/\\\/kidsplay.lt\\\/produktas\\\/marioinex-statymo-plytos-140-vnt\\\/\"]}]},{\"@type\":\"ImageObject\",\"inLanguage\":\"lv-LV\",\"@id\":\"https:\\\/\\\/kidsplay.lt\\\/produktas\\\/marioinex-statymo-plytos-140-vnt\\\/#primaryimage\",\"url\":\"https:\\\/\\\/kidsplay.lt\\\/wp-content\\\/uploads\\\/2025\\\/10\\\/Screenshot_42.png\",\"contentUrl\":\"https:\\\/\\\/kidsplay.lt\\\/wp-content\\\/uploads\\\/2025\\\/10\\\/Screenshot_42.png\",\"width\":600,\"height\":458},{\"@type\":\"BreadcrumbList\",\"@id\":\"https:\\\/\\\/kidsplay.lt\\\/produktas\\\/marioinex-statymo-plytos-140-vnt\\\/#breadcrumb\",\"itemListElement\":[{\"@type\":\"ListItem\",\"position\":1,\"name\":\"Pagrindinis\",\"item\":\"https:\\\/\\\/kidsplay.lt\\\/\"},{\"@type\":\"ListItem\",\"position\":2,\"name\":\"Parduotuv\u0117\",\"item\":\"https:\\\/\\\/kidsplay.lt\\\/parduotuve\\\/\"},{\"@type\":\"ListItem\",\"position\":3,\"name\":\"Marioinex statymo plytos 140 vnt\"}]},{\"@type\":\"WebSite\",\"@id\":\"https:\\\/\\\/kidsplay.lt\\\/#website\",\"url\":\"https:\\\/\\\/kidsplay.lt\\\/\",\"name\":\"Kidsplay.lt\",\"description\":\"\u012evairios prek\u0117s vaikams\",\"publisher\":{\"@id\":\"https:\\\/\\\/kidsplay.lt\\\/#organization\"},\"alternateName\":\"Kidsplay\",\"potentialAction\":[{\"@type\":\"SearchAction\",\"target\":{\"@type\":\"EntryPoint\",\"urlTemplate\":\"https:\\\/\\\/kidsplay.lt\\\/?s={search_term_string}\"},\"query-input\":{\"@type\":\"PropertyValueSpecification\",\"valueRequired\":true,\"valueName\":\"search_term_string\"}}],\"inLanguage\":\"lv-LV\"},{\"@type\":\"Organization\",\"@id\":\"https:\\\/\\\/kidsplay.lt\\\/#organization\",\"name\":\"KidsPlay\",\"url\":\"https:\\\/\\\/kidsplay.lt\\\/\",\"logo\":{\"@type\":\"ImageObject\",\"inLanguage\":\"lv-LV\",\"@id\":\"https:\\\/\\\/kidsplay.lt\\\/#\\\/schema\\\/logo\\\/image\\\/\",\"url\":\"https:\\\/\\\/kidsplay.lt\\\/wp-content\\\/uploads\\\/2023\\\/07\\\/kidsplay-logo.png\",\"contentUrl\":\"https:\\\/\\\/kidsplay.lt\\\/wp-content\\\/uploads\\\/2023\\\/07\\\/kidsplay-logo.png\",\"width\":451,\"height\":98,\"caption\":\"KidsPlay\"},\"image\":{\"@id\":\"https:\\\/\\\/kidsplay.lt\\\/#\\\/schema\\\/logo\\\/image\\\/\"},\"sameAs\":[\"https:\\\/\\\/www.facebook.com\\\/www.kidsplay.lt\"]}]}<\/script>\n<!-- \/ Yoast SEO plugin. -->","yoast_head_json":{"title":"Marioinex statymo plytos 140 vnt - KidsPlay","description":"Marioinex statymo plytos 140 vnt - KidsPlay. Did\u017eiausias vaik\u0173 \u017eaisl\u0173 pasirinkimas.","robots":{"index":"index","follow":"follow","max-snippet":"max-snippet:-1","max-image-preview":"max-image-preview:large","max-video-preview":"max-video-preview:-1"},"canonical":"https:\/\/kidsplay.lt\/lv\/products\/marioinex-statymo-plytos-140-vnt\/","og_locale":"lv_LV","og_type":"article","og_title":"Marioinex statymo plytos 140 vnt - KidsPlay","og_description":"Marioinex statymo plytos 140 vnt - KidsPlay. Did\u017eiausias vaik\u0173 \u017eaisl\u0173 pasirinkimas.","og_url":"https:\/\/kidsplay.lt\/lv\/products\/marioinex-statymo-plytos-140-vnt\/","og_site_name":"KidsPlay","article_publisher":"https:\/\/www.facebook.com\/www.kidsplay.lt","og_image":[{"width":600,"height":458,"url":"https:\/\/kidsplay.lt\/wp-content\/uploads\/2025\/10\/Screenshot_42.png","type":"image\/png"}],"twitter_card":"summary_large_image","twitter_misc":{"Est. reading time":"2 min\u016btes"},"schema":{"@context":"https:\/\/schema.org","@graph":[{"@type":"WebPage","@id":"https:\/\/kidsplay.lt\/produktas\/marioinex-statymo-plytos-140-vnt\/","url":"https:\/\/kidsplay.lt\/produktas\/marioinex-statymo-plytos-140-vnt\/","name":"Marioinex statymo plytos 140 vnt - KidsPlay","isPartOf":{"@id":"https:\/\/kidsplay.lt\/#website"},"primaryImageOfPage":{"@id":"https:\/\/kidsplay.lt\/produktas\/marioinex-statymo-plytos-140-vnt\/#primaryimage"},"image":{"@id":"https:\/\/kidsplay.lt\/produktas\/marioinex-statymo-plytos-140-vnt\/#primaryimage"},"thumbnailUrl":"https:\/\/kidsplay.lt\/wp-content\/uploads\/2025\/10\/Screenshot_42.png","datePublished":"2025-10-11T09:23:56+00:00","description":"Marioinex statymo plytos 140 vnt - KidsPlay. Did\u017eiausias vaik\u0173 \u017eaisl\u0173 pasirinkimas.","breadcrumb":{"@id":"https:\/\/kidsplay.lt\/produktas\/marioinex-statymo-plytos-140-vnt\/#breadcrumb"},"inLanguage":"lv-LV","potentialAction":[{"@type":"ReadAction","target":["https:\/\/kidsplay.lt\/produktas\/marioinex-statymo-plytos-140-vnt\/"]}]},{"@type":"ImageObject","inLanguage":"lv-LV","@id":"https:\/\/kidsplay.lt\/produktas\/marioinex-statymo-plytos-140-vnt\/#primaryimage","url":"https:\/\/kidsplay.lt\/wp-content\/uploads\/2025\/10\/Screenshot_42.png","contentUrl":"https:\/\/kidsplay.lt\/wp-content\/uploads\/2025\/10\/Screenshot_42.png","width":600,"height":458},{"@type":"BreadcrumbList","@id":"https:\/\/kidsplay.lt\/produktas\/marioinex-statymo-plytos-140-vnt\/#breadcrumb","itemListElement":[{"@type":"ListItem","position":1,"name":"Pagrindinis","item":"https:\/\/kidsplay.lt\/"},{"@type":"ListItem","position":2,"name":"Parduotuv\u0117","item":"https:\/\/kidsplay.lt\/parduotuve\/"},{"@type":"ListItem","position":3,"name":"Marioinex statymo plytos 140 vnt"}]},{"@type":"WebSite","@id":"https:\/\/kidsplay.lt\/#website","url":"https:\/\/kidsplay.lt\/","name":"B\u0113rnu sp\u0113les.lv","description":"\u012evairios prek\u0117s vaikams","publisher":{"@id":"https:\/\/kidsplay.lt\/#organization"},"alternateName":"Kidsplay","potentialAction":[{"@type":"SearchAction","target":{"@type":"EntryPoint","urlTemplate":"https:\/\/kidsplay.lt\/?s={search_term_string}"},"query-input":{"@type":"PropertyValueSpecification","valueRequired":true,"valueName":"search_term_string"}}],"inLanguage":"lv-LV"},{"@type":"Organization","@id":"https:\/\/kidsplay.lt\/#organization","name":"B\u0113rnu sp\u0113le","url":"https:\/\/kidsplay.lt\/","logo":{"@type":"ImageObject","inLanguage":"lv-LV","@id":"https:\/\/kidsplay.lt\/#\/schema\/logo\/image\/","url":"https:\/\/kidsplay.lt\/wp-content\/uploads\/2023\/07\/kidsplay-logo.png","contentUrl":"https:\/\/kidsplay.lt\/wp-content\/uploads\/2023\/07\/kidsplay-logo.png","width":451,"height":98,"caption":"KidsPlay"},"image":{"@id":"https:\/\/kidsplay.lt\/#\/schema\/logo\/image\/"},"sameAs":["https:\/\/www.facebook.com\/www.kidsplay.lt"]}]}},"_links":{"self":[{"href":"https:\/\/kidsplay.lt\/lv\/wp-json\/wp\/v2\/product\/76099","targetHints":{"allow":["GET"]}}],"collection":[{"href":"https:\/\/kidsplay.lt\/lv\/wp-json\/wp\/v2\/product"}],"about":[{"href":"https:\/\/kidsplay.lt\/lv\/wp-json\/wp\/v2\/types\/product"}],"version-history":[{"count":1,"href":"https:\/\/kidsplay.lt\/lv\/wp-json\/wp\/v2\/product\/76099\/revisions"}],"predecessor-version":[{"id":76106,"href":"https:\/\/kidsplay.lt\/lv\/wp-json\/wp\/v2\/product\/76099\/revisions\/76106"}],"wp:featuredmedia":[{"embeddable":true,"href":"https:\/\/kidsplay.lt\/lv\/wp-json\/wp\/v2\/media\/76100"}],"wp:attachment":[{"href":"https:\/\/kidsplay.lt\/lv\/wp-json\/wp\/v2\/media?parent=76099"}],"wp:term":[{"taxonomy":"product_brand","embeddable":true,"href":"https:\/\/kidsplay.lt\/lv\/wp-json\/wp\/v2\/product_brand?post=76099"},{"taxonomy":"product_cat","embeddable":true,"href":"https:\/\/kidsplay.lt\/lv\/wp-json\/wp\/v2\/product_cat?post=76099"},{"taxonomy":"product_tag","embeddable":true,"href":"https:\/\/kidsplay.lt\/lv\/wp-json\/wp\/v2\/product_tag?post=76099"}],"curies":[{"name":"wp","href":"https:\/\/api.w.org\/{rel}","templated":true}]}}