{"id":76115,"date":"2025-10-12T14:09:59","date_gmt":"2025-10-12T11:09:59","guid":{"rendered":"https:\/\/kidsplay.lt\/?post_type=product&#038;p=76115"},"modified":"2025-10-12T14:09:59","modified_gmt":"2025-10-12T11:09:59","slug":"ikimokyklinio-amziaus-kuprine-vaikams-su-zmogaus-voro-talismanu","status":"publish","type":"product","link":"https:\/\/kidsplay.lt\/lv\/products\/ikimokyklinio-amziaus-kuprine-vaikams-su-zmogaus-voro-talismanu\/","title":{"rendered":"Pirmsskolas vecuma b\u0113rnu mugursoma ar Zirnek\u013ccilv\u0113ka talismanu"},"content":{"rendered":"<div class=\"mpof_ki myre_zn myre_8v_l m389_6m_l\">\n<div class=\"mp4t_16_s mryx_16_s mr3m_1 mli2_1 mh85_56 mh85_0_l\">\n<div class=\"mgn2_16 _0d3bd_am0a-\">\n<h1><span dir=\"auto\">2in1 PLIU\u0160IN\u0116 KUPRIN\u0116 IKIMOKYKLINIAMS VAIKAMS SU \u017dMOGAUS-VORO TALISMANU<\/span><\/h1>\n<\/div>\n<\/div>\n<\/div>\n<div class=\"mpof_ki myre_zn myre_8v_l m389_6m_l\">\n<div class=\"mp4t_16_s mryx_16_s mr3m_1 mli2_1 mh85_56 mh85_0_l\">\n<div class=\"mg9e_8 mj7a_8 mg9e_0_s mvrt_0_s mj7a_0_s mh36_0_s mzmg_6m munh_16_l m3h2_16_l\">\n<div class=\"mp4t_0 mryx_0 munh_56 m3h2_56\">\n<div class=\"mp7g_oh\"><button class=\"mg9e_0 mvrt_0 mj7a_0 mh36_0 mp4t_0 m3h2_0 mryx_0 munh_0 mqen_m6 mpof_z0 mx7m_0 m7er_k4 mse2_k4 msts_pt\" data-analytics-interaction=\"true\" data-analytics-interaction-label=\"zoomable-image-open\" aria-disabled=\"true\"><img decoding=\"async\" class=\"msub_k4 mupj_5k mjru_k4 mse2_k4 mp7g_f6 mq1m_0 mj7u_0 m7er_k4 mqen_m6 m31c_d8 m0ux_fp lazyloaded\" src=\"https:\/\/a.allegroimg.com\/original\/119309\/3c76dcda426993964ec3d36e584c\/PLUSH-BACKPACK-FOR-PRESCHOOL-CHILDREN-2in1-WITH-SPIDERMAN-MASCOT-PLUSH-GIFT-Type-single-compartment\" sizes=\"(min-width: 1200px) 560px, (min-width: 992px) 50vw, 100vw\" srcset=\"https:\/\/a.allegroimg.com\/s360\/119309\/3c76dcda426993964ec3d36e584c\/PLUSH-BACKPACK-FOR-PRESCHOOL-CHILDREN-2in1-WITH-SPIDERMAN-MASCOT-PLUSH-GIFT-Type-single-compartment 360w,https:\/\/a.allegroimg.com\/s720\/119309\/3c76dcda426993964ec3d36e584c\/PLUSH-BACKPACK-FOR-PRESCHOOL-CHILDREN-2in1-WITH-SPIDERMAN-MASCOT-PLUSH-GIFT-Type-single-compartment 720w,https:\/\/a.allegroimg.com\/s1024\/119309\/3c76dcda426993964ec3d36e584c\/PLUSH-BACKPACK-FOR-PRESCHOOL-CHILDREN-2in1-WITH-SPIDERMAN-MASCOT-PLUSH-GIFT-Type-single-compartment 1000w,https:\/\/a.allegroimg.com\/original\/119309\/3c76dcda426993964ec3d36e584c\/PLUSH-BACKPACK-FOR-PRESCHOOL-CHILDREN-2in1-WITH-SPIDERMAN-MASCOT-PLUSH-GIFT-Type-single-compartment 1000w\" alt=\"PLIU\u0160IN\u0116 KUPRIN\u0116 IKIMOKYKLINIO AM\u017dIAUS VAIKAMS 2IN1 SU PLIU\u0160INE DOVAN\u0172 KUPRINE \u017dMOGUS-VORAS (vienas skyrius)\" width=\"1000px\" data-srcset=\"\" \/><\/button><\/div>\n<\/div>\n<\/div>\n<\/div>\n<div class=\"mp4t_16_s mryx_16_s mr3m_1 mli2_1 mh85_56 mh85_0_l\">\n<div class=\"mgn2_16 _0d3bd_am0a-\">\n<h2><span dir=\"auto\">Puiki dovana j\u016bs\u0173 ma\u017eajam superheroj\u0173 gerb\u0117jui!<\/span><\/h2>\n<p><span dir=\"auto\">Atraskite tobul\u0105 kuprin\u0119 savo ikimokyklinio am\u017eiaus vaikui! \u0160i unikali\u00a0<\/span><b><span dir=\"auto\">pliu\u0161in\u0117 kuprin\u0117<\/span><\/b><span dir=\"auto\">\u00a0skirta 2, 3, 4 ir 5 met\u0173 vaikams. Mink\u0161ta med\u017eiaga yra itin patogi ma\u017eyliams ir puikiai tinka ne\u0161ioti vis\u0105 dien\u0105.<\/span><\/p>\n<\/div>\n<\/div>\n<\/div>\n<div class=\"mpof_ki myre_zn myre_8v_l m389_6m_l\">\n<div class=\"mp4t_16_s mryx_16_s mr3m_1 mli2_1 mh85_56 mh85_0_l\">\n<div class=\"mg9e_8 mj7a_8 mg9e_0_s mvrt_0_s mj7a_0_s mh36_0_s mzmg_6m munh_16_l m3h2_16_l\">\n<div class=\"mp4t_0 mryx_0 munh_56 m3h2_56\">\n<div class=\"mp7g_oh\"><button class=\"mg9e_0 mvrt_0 mj7a_0 mh36_0 mp4t_0 m3h2_0 mryx_0 munh_0 mqen_m6 mpof_z0 mx7m_0 m7er_k4 mse2_k4 msts_pt\" data-analytics-interaction=\"true\" data-analytics-interaction-label=\"zoomable-image-open\" aria-disabled=\"true\"><img decoding=\"async\" class=\"msub_k4 mupj_5k mjru_k4 mse2_k4 mp7g_f6 mq1m_0 mj7u_0 m7er_k4 mqen_m6 m31c_d8 m0ux_fp lazyloaded\" src=\"https:\/\/a.allegroimg.com\/original\/110643\/fe165a614eddbc6da339b6c71d01\/PLUSH-BACKPACK-FOR-PRESCHOOL-CHILDREN-2in1-WITH-SPIDERMAN-MASCOT-PLUSH-GIFT-Manufacturer-code-4567\" sizes=\"(min-width: 1200px) 560px, (min-width: 992px) 50vw, 100vw\" srcset=\"https:\/\/a.allegroimg.com\/s360\/110643\/fe165a614eddbc6da339b6c71d01\/PLUSH-BACKPACK-FOR-PRESCHOOL-CHILDREN-2in1-WITH-SPIDERMAN-MASCOT-PLUSH-GIFT-Manufacturer-code-4567 360w,https:\/\/a.allegroimg.com\/s720\/110643\/fe165a614eddbc6da339b6c71d01\/PLUSH-BACKPACK-FOR-PRESCHOOL-CHILDREN-2in1-WITH-SPIDERMAN-MASCOT-PLUSH-GIFT-Manufacturer-code-4567 720w,https:\/\/a.allegroimg.com\/s1024\/110643\/fe165a614eddbc6da339b6c71d01\/PLUSH-BACKPACK-FOR-PRESCHOOL-CHILDREN-2in1-WITH-SPIDERMAN-MASCOT-PLUSH-GIFT-Manufacturer-code-4567 1000w,https:\/\/a.allegroimg.com\/original\/110643\/fe165a614eddbc6da339b6c71d01\/PLUSH-BACKPACK-FOR-PRESCHOOL-CHILDREN-2in1-WITH-SPIDERMAN-MASCOT-PLUSH-GIFT-Manufacturer-code-4567 1000w\" alt=\"PLIU\u0160IN\u0116 KUPRIN\u0116 IKIMOKYKLINIO AM\u017dIAUS VAIKAMS 2in1 SU PLIU\u0160INE DOVAN\u0172 \u017dMOGAUS-VORO TALISMANU Gamintojo kodas 4567\" width=\"1000px\" data-srcset=\"\" \/><\/button><\/div>\n<\/div>\n<\/div>\n<\/div>\n<div class=\"mp4t_16_s mryx_16_s mr3m_1 mli2_1 mh85_56 mh85_0_l\">\n<div class=\"mgn2_16 _0d3bd_am0a-\">\n<h2><span dir=\"auto\">Patog\u016bs ir saug\u016bs dir\u017eai su \u017dmogaus-voro talismanu<\/span><\/h2>\n<p><span dir=\"auto\">D\u0117l speciali\u0173,\u00a0<\/span><b><span dir=\"auto\">reguliuojam\u0173<\/span><\/b><span dir=\"auto\">\u00a0petne\u0161\u0117li\u0173 kuprin\u0117s priekyje, j\u016bs\u0173 vaikas gali lengvai prie jos prisegti pliu\u0161in\u012f\u00a0<\/span><b><span dir=\"auto\">\u017dmogaus-voro<\/span><\/b><span dir=\"auto\">\u00a0talisman\u0105. Tai ne tik prakti\u0161kas sprendimas, bet ir fantasti\u0161ka pramoga vaikui, kuris visada gali tur\u0117ti savo m\u0117gstam\u0105 superheroj\u0173 su savimi.<\/span><\/p>\n<\/div>\n<\/div>\n<\/div>\n<div class=\"mpof_ki myre_zn myre_8v_l m389_6m_l\">\n<div class=\"mp4t_16_s mryx_16_s mr3m_1 mli2_1 mh85_56 mh85_0_l\">\n<div class=\"mg9e_8 mj7a_8 mg9e_0_s mvrt_0_s mj7a_0_s mh36_0_s mzmg_6m munh_16_l m3h2_16_l\">\n<div class=\"mp4t_0 mryx_0 munh_56 m3h2_56\">\n<div class=\"mp7g_oh\"><button class=\"mg9e_0 mvrt_0 mj7a_0 mh36_0 mp4t_0 m3h2_0 mryx_0 munh_0 mqen_m6 mpof_z0 mx7m_0 m7er_k4 mse2_k4 msts_pt\" data-analytics-interaction=\"true\" data-analytics-interaction-label=\"zoomable-image-open\" aria-disabled=\"true\"><img decoding=\"async\" class=\"msub_k4 mupj_5k mjru_k4 mse2_k4 mp7g_f6 mq1m_0 mj7u_0 m7er_k4 mqen_m6 m31c_d8 m0ux_fp lazyloaded\" src=\"https:\/\/a.allegroimg.com\/original\/112ab1\/488a93ee4fe794a6e41a155554ca\" sizes=\"(min-width: 1200px) 560px, (min-width: 992px) 50vw, 100vw\" srcset=\"https:\/\/a.allegroimg.com\/s360\/112ab1\/488a93ee4fe794a6e41a155554ca 360w,https:\/\/a.allegroimg.com\/s720\/112ab1\/488a93ee4fe794a6e41a155554ca 720w,https:\/\/a.allegroimg.com\/s1024\/112ab1\/488a93ee4fe794a6e41a155554ca 1000w,https:\/\/a.allegroimg.com\/original\/112ab1\/488a93ee4fe794a6e41a155554ca 1000w\" alt=\"\" width=\"1000px\" data-srcset=\"\" \/><\/button><\/div>\n<\/div>\n<\/div>\n<\/div>\n<div class=\"mp4t_16_s mryx_16_s mr3m_1 mli2_1 mh85_56 mh85_0_l\">\n<div class=\"mgn2_16 _0d3bd_am0a-\">\n<h2><span dir=\"auto\">Prakti\u0161kas ir funkcionalus \u2013 puikiai tinka kasdien\u0117ms ekspedicijoms<\/span><\/h2>\n<ul>\n<li><span dir=\"auto\">Lengvas, patogus dizainas<\/span><\/li>\n<li><span dir=\"auto\">Idealiai tinka ma\u017eiems vaikams<\/span><\/li>\n<li><span dir=\"auto\">Daug vietos viduje<\/span><\/li>\n<li><span dir=\"auto\">Drabu\u017eiams, u\u017ekand\u017eiams<\/span><\/li>\n<li><span dir=\"auto\">Puikiai tinka savaranki\u0161kumui<\/span><\/li>\n<li><span dir=\"auto\">Matmenys 26 cm x 23 cm<\/span><\/li>\n<li><span dir=\"auto\">Stilingas dizainas, patrauklus vaikams<\/span><\/li>\n<\/ul>\n<\/div>\n<\/div>\n<\/div>\n<div class=\"mpof_ki myre_zn myre_8v_l m389_6m_l\">\n<div class=\"mp4t_16_s mryx_16_s mr3m_1 mli2_1 mh85_56 mh85_0_l\">\n<div class=\"mg9e_8 mj7a_8 mg9e_0_s mvrt_0_s mj7a_0_s mh36_0_s mzmg_6m munh_16_l m3h2_16_l\">\n<div class=\"mp4t_0 mryx_0 munh_56 m3h2_56\">\n<div class=\"mp7g_oh\"><button class=\"mg9e_0 mvrt_0 mj7a_0 mh36_0 mp4t_0 m3h2_0 mryx_0 munh_0 mqen_m6 mpof_z0 mx7m_0 m7er_k4 mse2_k4 msts_pt\" data-analytics-interaction=\"true\" data-analytics-interaction-label=\"zoomable-image-open\" aria-disabled=\"true\"><img decoding=\"async\" class=\"msub_k4 mupj_5k mjru_k4 mse2_k4 mp7g_f6 mq1m_0 mj7u_0 m7er_k4 mqen_m6 m31c_d8 m0ux_fp lazyloaded\" src=\"https:\/\/a.allegroimg.com\/original\/117c79\/22bb5f2d4b98bc91fdff9fd3eae5\/PLUSH-BACKPACK-FOR-PRESCHOOL-CHILDREN-2in1-WITH-SPIDERMAN-MASCOT-PLUSH-GIFT-Color-red-blue\" sizes=\"(min-width: 1200px) 560px, (min-width: 992px) 50vw, 100vw\" srcset=\"https:\/\/a.allegroimg.com\/s360\/117c79\/22bb5f2d4b98bc91fdff9fd3eae5\/PLUSH-BACKPACK-FOR-PRESCHOOL-CHILDREN-2in1-WITH-SPIDERMAN-MASCOT-PLUSH-GIFT-Color-red-blue 360w,https:\/\/a.allegroimg.com\/s720\/117c79\/22bb5f2d4b98bc91fdff9fd3eae5\/PLUSH-BACKPACK-FOR-PRESCHOOL-CHILDREN-2in1-WITH-SPIDERMAN-MASCOT-PLUSH-GIFT-Color-red-blue 720w,https:\/\/a.allegroimg.com\/s1024\/117c79\/22bb5f2d4b98bc91fdff9fd3eae5\/PLUSH-BACKPACK-FOR-PRESCHOOL-CHILDREN-2in1-WITH-SPIDERMAN-MASCOT-PLUSH-GIFT-Color-red-blue 1000w,https:\/\/a.allegroimg.com\/original\/117c79\/22bb5f2d4b98bc91fdff9fd3eae5\/PLUSH-BACKPACK-FOR-PRESCHOOL-CHILDREN-2in1-WITH-SPIDERMAN-MASCOT-PLUSH-GIFT-Color-red-blue 1000w\" alt=\"PLIU\u0160IN\u0116 KUPRIN\u0116 IKIMOKYKLINIO AM\u017dIAUS VAIKAMS 2in1 SU PLIU\u0160INE DOVAN\u0172 \u017dMOGAUS-VORO TALISMANU Spalva raudona m\u0117lyna\" width=\"1000px\" data-srcset=\"\" \/><\/button><\/div>\n<\/div>\n<\/div>\n<\/div>\n<div class=\"mp4t_16_s mryx_16_s mr3m_1 mli2_1 mh85_56 mh85_0_l\">\n<div class=\"mgn2_16 _0d3bd_am0a-\">\n<h2><span dir=\"auto\">Puiki kokyb\u0117:<\/span><\/h2>\n<p><span dir=\"auto\">M\u016bs\u0173\u00a0<\/span><b><span dir=\"auto\">ikimokyklinio am\u017eiaus vaik\u0173<\/span><\/b><span dir=\"auto\">\u00a0kuprin\u0117 yra auk\u0161tos kokyb\u0117s garantija. Tvirtos si\u016bl\u0117s ir kruop\u0161tus darbas leis j\u016bs\u0173 vaikui m\u0117gautis daugybe nuotyki\u0173 ir \u017eaisl\u0173. D\u0117l\u00a0<\/span><b><span dir=\"auto\">patvari\u0173<\/span><\/b><span dir=\"auto\">\u00a0med\u017eiag\u0173 ir kruop\u0161\u010dios gamybos \u0161i kuprin\u0117 tarnaus daugel\u012f met\u0173, i\u0161laikydama savo pirmines savybes.<\/span><\/p>\n<\/div>\n<\/div>\n<\/div>","protected":false},"excerpt":{"rendered":"<p>2in1 PLIU\u0160IN\u0116 KUPRIN\u0116 IKIMOKYKLINIAMS VAIKAMS SU \u017dMOGAUS-VORO TALISMANU Puiki dovana j\u016bs\u0173 ma\u017eajam superheroj\u0173 gerb\u0117jui! Atraskite tobul\u0105 kuprin\u0119 savo ikimokyklinio am\u017eiaus<\/p>","protected":false},"featured_media":76116,"template":"","meta":{"_acf_changed":false,"_glsr_average":0,"_glsr_ranking":0,"_glsr_reviews":0},"product_brand":[],"product_cat":[338,337],"product_tag":[],"class_list":{"0":"post-76115","1":"product","2":"type-product","3":"status-publish","4":"has-post-thumbnail","6":"product_cat-ikimokyklines-kuprines","7":"product_cat-mokyklines-prekes","8":"\"style=\"background-color: #2ecc711c;\"","10":"first","11":"instock","12":"shipping-taxable","13":"purchasable","14":"product-type-simple"},"acf":[],"yoast_head":"<!-- This site is optimized with the Yoast SEO plugin v27.3 - https:\/\/yoast.com\/product\/yoast-seo-wordpress\/ -->\n<title>Ikimokyklinio am\u017eiaus kuprin\u0117 vaikams su \u017emogaus voro talismanu - KidsPlay<\/title>\n<meta name=\"description\" content=\"Ikimokyklinio am\u017eiaus kuprin\u0117 vaikams su \u017emogaus voro talismanu - KidsPlay. Did\u017eiausias vaik\u0173 \u017eaisl\u0173 pasirinkimas.\" \/>\n<meta name=\"robots\" content=\"index, follow, max-snippet:-1, max-image-preview:large, max-video-preview:-1\" \/>\n<link rel=\"canonical\" href=\"https:\/\/kidsplay.lt\/lv\/products\/ikimokyklinio-amziaus-kuprine-vaikams-su-zmogaus-voro-talismanu\/\" \/>\n<meta property=\"og:locale\" content=\"lv_LV\" \/>\n<meta property=\"og:type\" content=\"article\" \/>\n<meta property=\"og:title\" content=\"Ikimokyklinio am\u017eiaus kuprin\u0117 vaikams su \u017emogaus voro talismanu - KidsPlay\" \/>\n<meta property=\"og:description\" content=\"Ikimokyklinio am\u017eiaus kuprin\u0117 vaikams su \u017emogaus voro talismanu - KidsPlay. Did\u017eiausias vaik\u0173 \u017eaisl\u0173 pasirinkimas.\" \/>\n<meta property=\"og:url\" content=\"https:\/\/kidsplay.lt\/lv\/products\/ikimokyklinio-amziaus-kuprine-vaikams-su-zmogaus-voro-talismanu\/\" \/>\n<meta property=\"og:site_name\" content=\"KidsPlay\" \/>\n<meta property=\"article:publisher\" content=\"https:\/\/www.facebook.com\/www.kidsplay.lt\" \/>\n<meta property=\"og:image\" content=\"https:\/\/kidsplay.lt\/wp-content\/uploads\/2025\/10\/Screenshot_52.png\" \/>\n\t<meta property=\"og:image:width\" content=\"534\" \/>\n\t<meta property=\"og:image:height\" content=\"454\" \/>\n\t<meta property=\"og:image:type\" content=\"image\/png\" \/>\n<meta name=\"twitter:card\" content=\"summary_large_image\" \/>\n<meta name=\"twitter:label1\" content=\"Est. reading time\" \/>\n\t<meta name=\"twitter:data1\" content=\"2 min\u016btes\" \/>\n<script type=\"application\/ld+json\" class=\"yoast-schema-graph\">{\"@context\":\"https:\\\/\\\/schema.org\",\"@graph\":[{\"@type\":\"WebPage\",\"@id\":\"https:\\\/\\\/kidsplay.lt\\\/produktas\\\/ikimokyklinio-amziaus-kuprine-vaikams-su-zmogaus-voro-talismanu\\\/\",\"url\":\"https:\\\/\\\/kidsplay.lt\\\/produktas\\\/ikimokyklinio-amziaus-kuprine-vaikams-su-zmogaus-voro-talismanu\\\/\",\"name\":\"Ikimokyklinio am\u017eiaus kuprin\u0117 vaikams su \u017emogaus voro talismanu - KidsPlay\",\"isPartOf\":{\"@id\":\"https:\\\/\\\/kidsplay.lt\\\/#website\"},\"primaryImageOfPage\":{\"@id\":\"https:\\\/\\\/kidsplay.lt\\\/produktas\\\/ikimokyklinio-amziaus-kuprine-vaikams-su-zmogaus-voro-talismanu\\\/#primaryimage\"},\"image\":{\"@id\":\"https:\\\/\\\/kidsplay.lt\\\/produktas\\\/ikimokyklinio-amziaus-kuprine-vaikams-su-zmogaus-voro-talismanu\\\/#primaryimage\"},\"thumbnailUrl\":\"https:\\\/\\\/kidsplay.lt\\\/wp-content\\\/uploads\\\/2025\\\/10\\\/Screenshot_52.png\",\"datePublished\":\"2025-10-12T11:09:59+00:00\",\"description\":\"Ikimokyklinio am\u017eiaus kuprin\u0117 vaikams su \u017emogaus voro talismanu - KidsPlay. Did\u017eiausias vaik\u0173 \u017eaisl\u0173 pasirinkimas.\",\"breadcrumb\":{\"@id\":\"https:\\\/\\\/kidsplay.lt\\\/produktas\\\/ikimokyklinio-amziaus-kuprine-vaikams-su-zmogaus-voro-talismanu\\\/#breadcrumb\"},\"inLanguage\":\"lv-LV\",\"potentialAction\":[{\"@type\":\"ReadAction\",\"target\":[\"https:\\\/\\\/kidsplay.lt\\\/produktas\\\/ikimokyklinio-amziaus-kuprine-vaikams-su-zmogaus-voro-talismanu\\\/\"]}]},{\"@type\":\"ImageObject\",\"inLanguage\":\"lv-LV\",\"@id\":\"https:\\\/\\\/kidsplay.lt\\\/produktas\\\/ikimokyklinio-amziaus-kuprine-vaikams-su-zmogaus-voro-talismanu\\\/#primaryimage\",\"url\":\"https:\\\/\\\/kidsplay.lt\\\/wp-content\\\/uploads\\\/2025\\\/10\\\/Screenshot_52.png\",\"contentUrl\":\"https:\\\/\\\/kidsplay.lt\\\/wp-content\\\/uploads\\\/2025\\\/10\\\/Screenshot_52.png\",\"width\":534,\"height\":454},{\"@type\":\"BreadcrumbList\",\"@id\":\"https:\\\/\\\/kidsplay.lt\\\/produktas\\\/ikimokyklinio-amziaus-kuprine-vaikams-su-zmogaus-voro-talismanu\\\/#breadcrumb\",\"itemListElement\":[{\"@type\":\"ListItem\",\"position\":1,\"name\":\"Pagrindinis\",\"item\":\"https:\\\/\\\/kidsplay.lt\\\/\"},{\"@type\":\"ListItem\",\"position\":2,\"name\":\"Parduotuv\u0117\",\"item\":\"https:\\\/\\\/kidsplay.lt\\\/parduotuve\\\/\"},{\"@type\":\"ListItem\",\"position\":3,\"name\":\"Ikimokyklinio am\u017eiaus kuprin\u0117 vaikams su \u017emogaus voro talismanu\"}]},{\"@type\":\"WebSite\",\"@id\":\"https:\\\/\\\/kidsplay.lt\\\/#website\",\"url\":\"https:\\\/\\\/kidsplay.lt\\\/\",\"name\":\"Kidsplay.lt\",\"description\":\"\u012evairios prek\u0117s vaikams\",\"publisher\":{\"@id\":\"https:\\\/\\\/kidsplay.lt\\\/#organization\"},\"alternateName\":\"Kidsplay\",\"potentialAction\":[{\"@type\":\"SearchAction\",\"target\":{\"@type\":\"EntryPoint\",\"urlTemplate\":\"https:\\\/\\\/kidsplay.lt\\\/?s={search_term_string}\"},\"query-input\":{\"@type\":\"PropertyValueSpecification\",\"valueRequired\":true,\"valueName\":\"search_term_string\"}}],\"inLanguage\":\"lv-LV\"},{\"@type\":\"Organization\",\"@id\":\"https:\\\/\\\/kidsplay.lt\\\/#organization\",\"name\":\"KidsPlay\",\"url\":\"https:\\\/\\\/kidsplay.lt\\\/\",\"logo\":{\"@type\":\"ImageObject\",\"inLanguage\":\"lv-LV\",\"@id\":\"https:\\\/\\\/kidsplay.lt\\\/#\\\/schema\\\/logo\\\/image\\\/\",\"url\":\"https:\\\/\\\/kidsplay.lt\\\/wp-content\\\/uploads\\\/2023\\\/07\\\/kidsplay-logo.png\",\"contentUrl\":\"https:\\\/\\\/kidsplay.lt\\\/wp-content\\\/uploads\\\/2023\\\/07\\\/kidsplay-logo.png\",\"width\":451,\"height\":98,\"caption\":\"KidsPlay\"},\"image\":{\"@id\":\"https:\\\/\\\/kidsplay.lt\\\/#\\\/schema\\\/logo\\\/image\\\/\"},\"sameAs\":[\"https:\\\/\\\/www.facebook.com\\\/www.kidsplay.lt\"]}]}<\/script>\n<!-- \/ Yoast SEO plugin. -->","yoast_head_json":{"title":"Ikimokyklinio am\u017eiaus kuprin\u0117 vaikams su \u017emogaus voro talismanu - KidsPlay","description":"Ikimokyklinio am\u017eiaus kuprin\u0117 vaikams su \u017emogaus voro talismanu - KidsPlay. Did\u017eiausias vaik\u0173 \u017eaisl\u0173 pasirinkimas.","robots":{"index":"index","follow":"follow","max-snippet":"max-snippet:-1","max-image-preview":"max-image-preview:large","max-video-preview":"max-video-preview:-1"},"canonical":"https:\/\/kidsplay.lt\/lv\/products\/ikimokyklinio-amziaus-kuprine-vaikams-su-zmogaus-voro-talismanu\/","og_locale":"lv_LV","og_type":"article","og_title":"Ikimokyklinio am\u017eiaus kuprin\u0117 vaikams su \u017emogaus voro talismanu - KidsPlay","og_description":"Ikimokyklinio am\u017eiaus kuprin\u0117 vaikams su \u017emogaus voro talismanu - KidsPlay. Did\u017eiausias vaik\u0173 \u017eaisl\u0173 pasirinkimas.","og_url":"https:\/\/kidsplay.lt\/lv\/products\/ikimokyklinio-amziaus-kuprine-vaikams-su-zmogaus-voro-talismanu\/","og_site_name":"KidsPlay","article_publisher":"https:\/\/www.facebook.com\/www.kidsplay.lt","og_image":[{"width":534,"height":454,"url":"https:\/\/kidsplay.lt\/wp-content\/uploads\/2025\/10\/Screenshot_52.png","type":"image\/png"}],"twitter_card":"summary_large_image","twitter_misc":{"Est. reading time":"2 min\u016btes"},"schema":{"@context":"https:\/\/schema.org","@graph":[{"@type":"WebPage","@id":"https:\/\/kidsplay.lt\/produktas\/ikimokyklinio-amziaus-kuprine-vaikams-su-zmogaus-voro-talismanu\/","url":"https:\/\/kidsplay.lt\/produktas\/ikimokyklinio-amziaus-kuprine-vaikams-su-zmogaus-voro-talismanu\/","name":"Ikimokyklinio am\u017eiaus kuprin\u0117 vaikams su \u017emogaus voro talismanu - KidsPlay","isPartOf":{"@id":"https:\/\/kidsplay.lt\/#website"},"primaryImageOfPage":{"@id":"https:\/\/kidsplay.lt\/produktas\/ikimokyklinio-amziaus-kuprine-vaikams-su-zmogaus-voro-talismanu\/#primaryimage"},"image":{"@id":"https:\/\/kidsplay.lt\/produktas\/ikimokyklinio-amziaus-kuprine-vaikams-su-zmogaus-voro-talismanu\/#primaryimage"},"thumbnailUrl":"https:\/\/kidsplay.lt\/wp-content\/uploads\/2025\/10\/Screenshot_52.png","datePublished":"2025-10-12T11:09:59+00:00","description":"Ikimokyklinio am\u017eiaus kuprin\u0117 vaikams su \u017emogaus voro talismanu - KidsPlay. Did\u017eiausias vaik\u0173 \u017eaisl\u0173 pasirinkimas.","breadcrumb":{"@id":"https:\/\/kidsplay.lt\/produktas\/ikimokyklinio-amziaus-kuprine-vaikams-su-zmogaus-voro-talismanu\/#breadcrumb"},"inLanguage":"lv-LV","potentialAction":[{"@type":"ReadAction","target":["https:\/\/kidsplay.lt\/produktas\/ikimokyklinio-amziaus-kuprine-vaikams-su-zmogaus-voro-talismanu\/"]}]},{"@type":"ImageObject","inLanguage":"lv-LV","@id":"https:\/\/kidsplay.lt\/produktas\/ikimokyklinio-amziaus-kuprine-vaikams-su-zmogaus-voro-talismanu\/#primaryimage","url":"https:\/\/kidsplay.lt\/wp-content\/uploads\/2025\/10\/Screenshot_52.png","contentUrl":"https:\/\/kidsplay.lt\/wp-content\/uploads\/2025\/10\/Screenshot_52.png","width":534,"height":454},{"@type":"BreadcrumbList","@id":"https:\/\/kidsplay.lt\/produktas\/ikimokyklinio-amziaus-kuprine-vaikams-su-zmogaus-voro-talismanu\/#breadcrumb","itemListElement":[{"@type":"ListItem","position":1,"name":"Pagrindinis","item":"https:\/\/kidsplay.lt\/"},{"@type":"ListItem","position":2,"name":"Parduotuv\u0117","item":"https:\/\/kidsplay.lt\/parduotuve\/"},{"@type":"ListItem","position":3,"name":"Ikimokyklinio am\u017eiaus kuprin\u0117 vaikams su \u017emogaus voro talismanu"}]},{"@type":"WebSite","@id":"https:\/\/kidsplay.lt\/#website","url":"https:\/\/kidsplay.lt\/","name":"B\u0113rnu sp\u0113les.lv","description":"\u012evairios prek\u0117s vaikams","publisher":{"@id":"https:\/\/kidsplay.lt\/#organization"},"alternateName":"Kidsplay","potentialAction":[{"@type":"SearchAction","target":{"@type":"EntryPoint","urlTemplate":"https:\/\/kidsplay.lt\/?s={search_term_string}"},"query-input":{"@type":"PropertyValueSpecification","valueRequired":true,"valueName":"search_term_string"}}],"inLanguage":"lv-LV"},{"@type":"Organization","@id":"https:\/\/kidsplay.lt\/#organization","name":"B\u0113rnu sp\u0113le","url":"https:\/\/kidsplay.lt\/","logo":{"@type":"ImageObject","inLanguage":"lv-LV","@id":"https:\/\/kidsplay.lt\/#\/schema\/logo\/image\/","url":"https:\/\/kidsplay.lt\/wp-content\/uploads\/2023\/07\/kidsplay-logo.png","contentUrl":"https:\/\/kidsplay.lt\/wp-content\/uploads\/2023\/07\/kidsplay-logo.png","width":451,"height":98,"caption":"KidsPlay"},"image":{"@id":"https:\/\/kidsplay.lt\/#\/schema\/logo\/image\/"},"sameAs":["https:\/\/www.facebook.com\/www.kidsplay.lt"]}]}},"_links":{"self":[{"href":"https:\/\/kidsplay.lt\/lv\/wp-json\/wp\/v2\/product\/76115","targetHints":{"allow":["GET"]}}],"collection":[{"href":"https:\/\/kidsplay.lt\/lv\/wp-json\/wp\/v2\/product"}],"about":[{"href":"https:\/\/kidsplay.lt\/lv\/wp-json\/wp\/v2\/types\/product"}],"version-history":[{"count":1,"href":"https:\/\/kidsplay.lt\/lv\/wp-json\/wp\/v2\/product\/76115\/revisions"}],"predecessor-version":[{"id":76120,"href":"https:\/\/kidsplay.lt\/lv\/wp-json\/wp\/v2\/product\/76115\/revisions\/76120"}],"wp:featuredmedia":[{"embeddable":true,"href":"https:\/\/kidsplay.lt\/lv\/wp-json\/wp\/v2\/media\/76116"}],"wp:attachment":[{"href":"https:\/\/kidsplay.lt\/lv\/wp-json\/wp\/v2\/media?parent=76115"}],"wp:term":[{"taxonomy":"product_brand","embeddable":true,"href":"https:\/\/kidsplay.lt\/lv\/wp-json\/wp\/v2\/product_brand?post=76115"},{"taxonomy":"product_cat","embeddable":true,"href":"https:\/\/kidsplay.lt\/lv\/wp-json\/wp\/v2\/product_cat?post=76115"},{"taxonomy":"product_tag","embeddable":true,"href":"https:\/\/kidsplay.lt\/lv\/wp-json\/wp\/v2\/product_tag?post=76115"}],"curies":[{"name":"wp","href":"https:\/\/api.w.org\/{rel}","templated":true}]}}