{"id":76126,"date":"2025-10-12T14:15:30","date_gmt":"2025-10-12T11:15:30","guid":{"rendered":"https:\/\/kidsplay.lt\/?post_type=product&#038;p=76126"},"modified":"2025-10-12T14:15:30","modified_gmt":"2025-10-12T11:15:30","slug":"kiddymoon-putplascio-sausas-baseinas","status":"publish","type":"product","link":"https:\/\/kidsplay.lt\/lv\/products\/kiddymoon-putplascio-sausas-baseinas\/","title":{"rendered":"KiddyMoon putplas\u010dio sausas baseinas"},"content":{"rendered":"<div class=\"mpof_ki myre_zn myre_8v_l m389_6m_l\">\n<div class=\"mp4t_16_s mryx_16_s mr3m_1 mli2_1 mh85_56 mh85_0_l\">\n<div class=\"mgn2_16 _0d3bd_am0a-\">\n<h1><span dir=\"auto\">\u2b50 Putplas\u010dio kvadratiniai \u017eaislai baseinui \/ 300 kamuoliuk\u0173 \/ plei\u0161tas L \/ vir\u0161us \/ tunelis \/ laiptai KiddyMoon<\/span><\/h1>\n<h2><span dir=\"auto\">\u2b50 PPZP-TR30D-125-010<\/span><\/h2>\n<p><b><span dir=\"auto\">\u2b50<\/span><\/b><span dir=\"auto\">\u00a0Putplas\u010dio rinkinys su kamuoliukais vaikams<\/span><\/p>\n<p><b><span dir=\"auto\">\u2b50<\/span><\/b><span dir=\"auto\">\u00a0\u0160is unikalus rinkinys veiksmingai stimuliuos vaik\u0173 vaizduot\u0119 ir veiks k\u016brybin\u012f m\u0105stym\u0105. Keturi\u0173 dali\u0173 \u017eaisl\u0173 rinkinys, kur\u012f sudaro kamuoliukai, baseinas ir mink\u0161ti elementai, gali b\u016bti naudojamas \u012fprastiems \u017eaidimams, mank\u0161tai ar \u012fvairi\u0173 konstrukcij\u0173 konstravimui.<\/span><\/p>\n<p><b><span dir=\"auto\">\u2b50<\/span><\/b><span dir=\"auto\">\u00a0Putplas\u010dio elementai skiriasi vienas nuo kito priklausomai nuo pasirinkto komplekto. Gamybai naudota med\u017eiaga pasi\u017eymi ma\u017eu svoriu ir dideliu atsparumu mechaninei deformacijai.<\/span><\/p>\n<p><b><span dir=\"auto\">\u2b50<\/span><\/b><span dir=\"auto\">\u00a0Visi elementai turi nuimam\u0105 dangtel\u012f, kuris neabejotinai palengvina \u017eaisl\u0173 \u0161var\u0105.<\/span><\/p>\n<\/div>\n<\/div>\n<\/div>\n<div class=\"mpof_ki myre_zn myre_8v_l m389_6m_l\">\n<div class=\"mp4t_16_s mryx_16_s mr3m_1 mli2_1 mh85_56 mh85_0_l\">\n<div class=\"mgn2_16 _0d3bd_am0a-\">\n<h1><span dir=\"auto\">\u2b50 Produkto savyb\u0117s:<\/span><\/h1>\n<p><b><span dir=\"auto\">TIPAS:<\/span><\/b><span dir=\"auto\">\u00a0kvadratiniai putplas\u010dio \u017eaislai<\/span><\/p>\n<p><b><span dir=\"auto\">SPALVA:<\/span><\/b><span dir=\"auto\">\u00a0\u0161viesiai pilka<\/span><\/p>\n<p><b><span dir=\"auto\">KAMUOLIO SPALVA:<\/span><\/b><span dir=\"auto\">\u00a0pilka-balta-turkio<\/span><\/p>\n<p><b><span dir=\"auto\">Kamuoli\u0173 skai\u010dius<\/span><\/b><span dir=\"auto\">\u00a0: 300<\/span><\/p>\n<p><b><span dir=\"auto\">AUDINYS:<\/span><\/b><span dir=\"auto\">\u00a052% medviln\u0117s, 40% poliesterio, 8% elastano.<\/span><\/p>\n<p><b><span dir=\"auto\">Spalvingi kamuoliukai<\/span><\/b><span dir=\"auto\">\u00a0, sertifikuoti ir saug\u016bs j\u016bs\u0173 vaikui. Lengvi ir malon\u016bs liesti, suteiks puiki\u0173 spalving\u0173 pramog\u0173.<\/span><\/p>\n<p><span dir=\"auto\">Jie turi CE sertifikat\u0105.<\/span><\/p>\n<p><b><span dir=\"auto\">KAMUOLIO SUD\u0116TIS:<\/span><\/b><span dir=\"auto\">\u00a0100% polietilenas<\/span><\/p>\n<\/div>\n<\/div>\n<div class=\"mp4t_16_s mryx_16_s mr3m_1 mli2_1 mh85_56 mh85_0_l\">\n<div class=\"mg9e_8 mj7a_8 mg9e_0_s mvrt_0_s mj7a_0_s mh36_0_s mzmg_6m munh_16_l m3h2_16_l\">\n<div class=\"mp4t_0 mryx_0 munh_56 m3h2_56\">\n<div class=\"mp7g_oh\"><button class=\"mg9e_0 mvrt_0 mj7a_0 mh36_0 mp4t_0 m3h2_0 mryx_0 munh_0 mqen_m6 mpof_z0 mx7m_0 m7er_k4 mse2_k4 msts_pt\" data-analytics-interaction=\"true\" data-analytics-interaction-label=\"zoomable-image-open\" aria-disabled=\"true\"><img decoding=\"async\" class=\"msub_k4 mupj_5k mjru_k4 mse2_k4 mp7g_f6 mq1m_0 mj7u_0 m7er_k4 mqen_m6 m31c_d8 m0ux_fp lazyloaded\" src=\"https:\/\/a.allegroimg.com\/original\/111ffd\/b69abdde477bbce559372d7c7066\/KiddyMoon-Foam-square-toys-DRY-POOL-300-balls-PPZP-TR30D-125-Kid-s-age-12-months\" sizes=\"(min-width: 1200px) 560px, (min-width: 992px) 50vw, 100vw\" srcset=\"https:\/\/a.allegroimg.com\/s360\/111ffd\/b69abdde477bbce559372d7c7066\/KiddyMoon-Foam-square-toys-DRY-POOL-300-balls-PPZP-TR30D-125-Kid-s-age-12-months 360w,https:\/\/a.allegroimg.com\/s720\/111ffd\/b69abdde477bbce559372d7c7066\/KiddyMoon-Foam-square-toys-DRY-POOL-300-balls-PPZP-TR30D-125-Kid-s-age-12-months 720w,https:\/\/a.allegroimg.com\/s1024\/111ffd\/b69abdde477bbce559372d7c7066\/KiddyMoon-Foam-square-toys-DRY-POOL-300-balls-PPZP-TR30D-125-Kid-s-age-12-months 1024w,https:\/\/a.allegroimg.com\/s1440\/111ffd\/b69abdde477bbce559372d7c7066\/KiddyMoon-Foam-square-toys-DRY-POOL-300-balls-PPZP-TR30D-125-Kid-s-age-12-months 1440w,https:\/\/a.allegroimg.com\/original\/111ffd\/b69abdde477bbce559372d7c7066\/KiddyMoon-Foam-square-toys-DRY-POOL-300-balls-PPZP-TR30D-125-Kid-s-age-12-months 1500w\" alt=\"KiddyMoon putplas\u010dio kvadratiniai \u017eaislai SAUSAM BASEINUI 300 kamuoliuk\u0173 PPZP-TR30D-125 Vaikams nuo 12 m\u0117nesi\u0173\" width=\"1500px\" data-srcset=\"\" \/><\/button><\/div>\n<\/div>\n<\/div>\n<\/div>\n<\/div>\n<div class=\"mpof_ki myre_zn myre_8v_l m389_6m_l\">\n<div class=\"mp4t_16_s mryx_16_s mr3m_1 mli2_1 mh85_56 mh85_0_l\">\n<div class=\"mg9e_8 mj7a_8 mg9e_0_s mvrt_0_s mj7a_0_s mh36_0_s mzmg_6m munh_16_l m3h2_16_l\">\n<div class=\"mp4t_0 mryx_0 munh_56 m3h2_56\">\n<div class=\"mp7g_oh\"><button class=\"mg9e_0 mvrt_0 mj7a_0 mh36_0 mp4t_0 m3h2_0 mryx_0 munh_0 mqen_m6 mpof_z0 mx7m_0 m7er_k4 mse2_k4 msts_pt\" data-analytics-interaction=\"true\" data-analytics-interaction-label=\"zoomable-image-open\" aria-disabled=\"true\"><img decoding=\"async\" class=\"msub_k4 mupj_5k mjru_k4 mse2_k4 mp7g_f6 mq1m_0 mj7u_0 m7er_k4 mqen_m6 m31c_d8 m0ux_fp lazyloaded\" src=\"https:\/\/a.allegroimg.com\/original\/1132b0\/c385b75345da96144e51a573cd8c\/KiddyMoon-Foam-square-toys-DRY-POOL-300-balls-PPZP-TR30D-125-Gender-boys-girls\" sizes=\"(min-width: 1200px) 560px, (min-width: 992px) 50vw, 100vw\" srcset=\"https:\/\/a.allegroimg.com\/s360\/1132b0\/c385b75345da96144e51a573cd8c\/KiddyMoon-Foam-square-toys-DRY-POOL-300-balls-PPZP-TR30D-125-Gender-boys-girls 360w,https:\/\/a.allegroimg.com\/s720\/1132b0\/c385b75345da96144e51a573cd8c\/KiddyMoon-Foam-square-toys-DRY-POOL-300-balls-PPZP-TR30D-125-Gender-boys-girls 720w,https:\/\/a.allegroimg.com\/s1024\/1132b0\/c385b75345da96144e51a573cd8c\/KiddyMoon-Foam-square-toys-DRY-POOL-300-balls-PPZP-TR30D-125-Gender-boys-girls 1024w,https:\/\/a.allegroimg.com\/s1440\/1132b0\/c385b75345da96144e51a573cd8c\/KiddyMoon-Foam-square-toys-DRY-POOL-300-balls-PPZP-TR30D-125-Gender-boys-girls 1440w,https:\/\/a.allegroimg.com\/original\/1132b0\/c385b75345da96144e51a573cd8c\/KiddyMoon-Foam-square-toys-DRY-POOL-300-balls-PPZP-TR30D-125-Gender-boys-girls 1500w\" alt=\"KiddyMoon Putplas\u010dio kvadratiniai \u017eaislai SAUSAM BASEINUI 300 kamuoliuk\u0173 PPZP-TR30D-125 Lytis berniukams mergait\u0117ms\" width=\"1500px\" data-srcset=\"\" \/><\/button><\/div>\n<\/div>\n<\/div>\n<\/div>\n<div class=\"mp4t_16_s mryx_16_s mr3m_1 mli2_1 mh85_56 mh85_0_l\">\n<div class=\"mgn2_16 _0d3bd_am0a-\">\n<h1><span dir=\"auto\">\u2b50 Matmenys:<\/span><\/h1>\n<p><b><span dir=\"auto\">Pagrindas:<\/span><\/b><span dir=\"auto\">\u00a0900x900x300 mm<\/span><\/p>\n<p><b><span dir=\"auto\">Kalnai:<\/span><\/b><span dir=\"auto\">\u00a0350x500x380 mm<\/span><\/p>\n<p><b><span dir=\"auto\">Tunelis:<\/span><\/b><span dir=\"auto\">\u00a0450x500x430 mm<\/span><\/p>\n<p><b><span dir=\"auto\">Laiptai:<\/span><\/b><span dir=\"auto\">\u00a0450x400x300 mm<\/span><\/p>\n<p><b><span dir=\"auto\">Plei\u0161tas:<\/span><\/b><span dir=\"auto\">\u00a0450x700x300 mm<\/span><\/p>\n<h2><span dir=\"auto\">\u017daidimas tur\u0117t\u0173 vykti pri\u017ei\u016brint suaugusiajam.<\/span><\/h2>\n<\/div>\n<\/div>\n<\/div>","protected":false},"excerpt":{"rendered":"<p>\u2b50 Putplas\u010dio kvadratiniai \u017eaislai baseinui \/ 300 kamuoliuk\u0173 \/ plei\u0161tas L \/ vir\u0161us \/ tunelis \/ laiptai KiddyMoon \u2b50 PPZP-TR30D-125-010<\/p>","protected":false},"featured_media":76127,"template":"","meta":{"_acf_changed":false,"_glsr_average":0,"_glsr_ranking":0,"_glsr_reviews":0},"product_brand":[],"product_cat":[674,254],"product_tag":[],"class_list":{"0":"post-76126","1":"product","2":"type-product","3":"status-publish","4":"has-post-thumbnail","6":"product_cat-namu-zaidimo-aiksteles","7":"product_cat-vaiko-kambarys","8":"\"style=\"background-color: #2ecc711c;\"","10":"first","11":"instock","12":"shipping-taxable","13":"purchasable","14":"product-type-simple"},"acf":[],"yoast_head":"<!-- This site is optimized with the Yoast SEO plugin v27.3 - https:\/\/yoast.com\/product\/yoast-seo-wordpress\/ -->\n<title>KiddyMoon putplas\u010dio sausas baseinas - KidsPlay<\/title>\n<meta name=\"description\" content=\"KiddyMoon putplas\u010dio sausas baseinas - KidsPlay. Did\u017eiausias vaik\u0173 \u017eaisl\u0173 pasirinkimas.\" \/>\n<meta name=\"robots\" content=\"index, follow, max-snippet:-1, max-image-preview:large, max-video-preview:-1\" \/>\n<link rel=\"canonical\" href=\"https:\/\/kidsplay.lt\/lv\/products\/kiddymoon-putplascio-sausas-baseinas\/\" \/>\n<meta property=\"og:locale\" content=\"lv_LV\" \/>\n<meta property=\"og:type\" content=\"article\" \/>\n<meta property=\"og:title\" content=\"KiddyMoon putplas\u010dio sausas baseinas - KidsPlay\" \/>\n<meta property=\"og:description\" content=\"KiddyMoon putplas\u010dio sausas baseinas - KidsPlay. Did\u017eiausias vaik\u0173 \u017eaisl\u0173 pasirinkimas.\" \/>\n<meta property=\"og:url\" content=\"https:\/\/kidsplay.lt\/lv\/products\/kiddymoon-putplascio-sausas-baseinas\/\" \/>\n<meta property=\"og:site_name\" content=\"KidsPlay\" \/>\n<meta property=\"article:publisher\" content=\"https:\/\/www.facebook.com\/www.kidsplay.lt\" \/>\n<meta property=\"og:image\" content=\"https:\/\/kidsplay.lt\/wp-content\/uploads\/2025\/10\/Screenshot_59.png\" \/>\n\t<meta property=\"og:image:width\" content=\"546\" \/>\n\t<meta property=\"og:image:height\" content=\"457\" \/>\n\t<meta property=\"og:image:type\" content=\"image\/png\" \/>\n<meta name=\"twitter:card\" content=\"summary_large_image\" \/>\n<meta name=\"twitter:label1\" content=\"Est. reading time\" \/>\n\t<meta name=\"twitter:data1\" content=\"2 min\u016btes\" \/>\n<script type=\"application\/ld+json\" class=\"yoast-schema-graph\">{\"@context\":\"https:\\\/\\\/schema.org\",\"@graph\":[{\"@type\":\"WebPage\",\"@id\":\"https:\\\/\\\/kidsplay.lt\\\/produktas\\\/kiddymoon-putplascio-sausas-baseinas\\\/\",\"url\":\"https:\\\/\\\/kidsplay.lt\\\/produktas\\\/kiddymoon-putplascio-sausas-baseinas\\\/\",\"name\":\"KiddyMoon putplas\u010dio sausas baseinas - KidsPlay\",\"isPartOf\":{\"@id\":\"https:\\\/\\\/kidsplay.lt\\\/#website\"},\"primaryImageOfPage\":{\"@id\":\"https:\\\/\\\/kidsplay.lt\\\/produktas\\\/kiddymoon-putplascio-sausas-baseinas\\\/#primaryimage\"},\"image\":{\"@id\":\"https:\\\/\\\/kidsplay.lt\\\/produktas\\\/kiddymoon-putplascio-sausas-baseinas\\\/#primaryimage\"},\"thumbnailUrl\":\"https:\\\/\\\/kidsplay.lt\\\/wp-content\\\/uploads\\\/2025\\\/10\\\/Screenshot_59.png\",\"datePublished\":\"2025-10-12T11:15:30+00:00\",\"description\":\"KiddyMoon putplas\u010dio sausas baseinas - KidsPlay. Did\u017eiausias vaik\u0173 \u017eaisl\u0173 pasirinkimas.\",\"breadcrumb\":{\"@id\":\"https:\\\/\\\/kidsplay.lt\\\/produktas\\\/kiddymoon-putplascio-sausas-baseinas\\\/#breadcrumb\"},\"inLanguage\":\"lv-LV\",\"potentialAction\":[{\"@type\":\"ReadAction\",\"target\":[\"https:\\\/\\\/kidsplay.lt\\\/produktas\\\/kiddymoon-putplascio-sausas-baseinas\\\/\"]}]},{\"@type\":\"ImageObject\",\"inLanguage\":\"lv-LV\",\"@id\":\"https:\\\/\\\/kidsplay.lt\\\/produktas\\\/kiddymoon-putplascio-sausas-baseinas\\\/#primaryimage\",\"url\":\"https:\\\/\\\/kidsplay.lt\\\/wp-content\\\/uploads\\\/2025\\\/10\\\/Screenshot_59.png\",\"contentUrl\":\"https:\\\/\\\/kidsplay.lt\\\/wp-content\\\/uploads\\\/2025\\\/10\\\/Screenshot_59.png\",\"width\":546,\"height\":457},{\"@type\":\"BreadcrumbList\",\"@id\":\"https:\\\/\\\/kidsplay.lt\\\/produktas\\\/kiddymoon-putplascio-sausas-baseinas\\\/#breadcrumb\",\"itemListElement\":[{\"@type\":\"ListItem\",\"position\":1,\"name\":\"Pagrindinis\",\"item\":\"https:\\\/\\\/kidsplay.lt\\\/\"},{\"@type\":\"ListItem\",\"position\":2,\"name\":\"Parduotuv\u0117\",\"item\":\"https:\\\/\\\/kidsplay.lt\\\/parduotuve\\\/\"},{\"@type\":\"ListItem\",\"position\":3,\"name\":\"KiddyMoon putplas\u010dio sausas baseinas\"}]},{\"@type\":\"WebSite\",\"@id\":\"https:\\\/\\\/kidsplay.lt\\\/#website\",\"url\":\"https:\\\/\\\/kidsplay.lt\\\/\",\"name\":\"Kidsplay.lt\",\"description\":\"\u012evairios prek\u0117s vaikams\",\"publisher\":{\"@id\":\"https:\\\/\\\/kidsplay.lt\\\/#organization\"},\"alternateName\":\"Kidsplay\",\"potentialAction\":[{\"@type\":\"SearchAction\",\"target\":{\"@type\":\"EntryPoint\",\"urlTemplate\":\"https:\\\/\\\/kidsplay.lt\\\/?s={search_term_string}\"},\"query-input\":{\"@type\":\"PropertyValueSpecification\",\"valueRequired\":true,\"valueName\":\"search_term_string\"}}],\"inLanguage\":\"lv-LV\"},{\"@type\":\"Organization\",\"@id\":\"https:\\\/\\\/kidsplay.lt\\\/#organization\",\"name\":\"KidsPlay\",\"url\":\"https:\\\/\\\/kidsplay.lt\\\/\",\"logo\":{\"@type\":\"ImageObject\",\"inLanguage\":\"lv-LV\",\"@id\":\"https:\\\/\\\/kidsplay.lt\\\/#\\\/schema\\\/logo\\\/image\\\/\",\"url\":\"https:\\\/\\\/kidsplay.lt\\\/wp-content\\\/uploads\\\/2023\\\/07\\\/kidsplay-logo.png\",\"contentUrl\":\"https:\\\/\\\/kidsplay.lt\\\/wp-content\\\/uploads\\\/2023\\\/07\\\/kidsplay-logo.png\",\"width\":451,\"height\":98,\"caption\":\"KidsPlay\"},\"image\":{\"@id\":\"https:\\\/\\\/kidsplay.lt\\\/#\\\/schema\\\/logo\\\/image\\\/\"},\"sameAs\":[\"https:\\\/\\\/www.facebook.com\\\/www.kidsplay.lt\"]}]}<\/script>\n<!-- \/ Yoast SEO plugin. -->","yoast_head_json":{"title":"KiddyMoon putplas\u010dio sausas baseinas - KidsPlay","description":"KiddyMoon putplas\u010dio sausas baseinas - KidsPlay. Did\u017eiausias vaik\u0173 \u017eaisl\u0173 pasirinkimas.","robots":{"index":"index","follow":"follow","max-snippet":"max-snippet:-1","max-image-preview":"max-image-preview:large","max-video-preview":"max-video-preview:-1"},"canonical":"https:\/\/kidsplay.lt\/lv\/products\/kiddymoon-putplascio-sausas-baseinas\/","og_locale":"lv_LV","og_type":"article","og_title":"KiddyMoon putplas\u010dio sausas baseinas - KidsPlay","og_description":"KiddyMoon putplas\u010dio sausas baseinas - KidsPlay. Did\u017eiausias vaik\u0173 \u017eaisl\u0173 pasirinkimas.","og_url":"https:\/\/kidsplay.lt\/lv\/products\/kiddymoon-putplascio-sausas-baseinas\/","og_site_name":"KidsPlay","article_publisher":"https:\/\/www.facebook.com\/www.kidsplay.lt","og_image":[{"width":546,"height":457,"url":"https:\/\/kidsplay.lt\/wp-content\/uploads\/2025\/10\/Screenshot_59.png","type":"image\/png"}],"twitter_card":"summary_large_image","twitter_misc":{"Est. reading time":"2 min\u016btes"},"schema":{"@context":"https:\/\/schema.org","@graph":[{"@type":"WebPage","@id":"https:\/\/kidsplay.lt\/produktas\/kiddymoon-putplascio-sausas-baseinas\/","url":"https:\/\/kidsplay.lt\/produktas\/kiddymoon-putplascio-sausas-baseinas\/","name":"KiddyMoon putplas\u010dio sausas baseinas - KidsPlay","isPartOf":{"@id":"https:\/\/kidsplay.lt\/#website"},"primaryImageOfPage":{"@id":"https:\/\/kidsplay.lt\/produktas\/kiddymoon-putplascio-sausas-baseinas\/#primaryimage"},"image":{"@id":"https:\/\/kidsplay.lt\/produktas\/kiddymoon-putplascio-sausas-baseinas\/#primaryimage"},"thumbnailUrl":"https:\/\/kidsplay.lt\/wp-content\/uploads\/2025\/10\/Screenshot_59.png","datePublished":"2025-10-12T11:15:30+00:00","description":"KiddyMoon putplas\u010dio sausas baseinas - KidsPlay. Did\u017eiausias vaik\u0173 \u017eaisl\u0173 pasirinkimas.","breadcrumb":{"@id":"https:\/\/kidsplay.lt\/produktas\/kiddymoon-putplascio-sausas-baseinas\/#breadcrumb"},"inLanguage":"lv-LV","potentialAction":[{"@type":"ReadAction","target":["https:\/\/kidsplay.lt\/produktas\/kiddymoon-putplascio-sausas-baseinas\/"]}]},{"@type":"ImageObject","inLanguage":"lv-LV","@id":"https:\/\/kidsplay.lt\/produktas\/kiddymoon-putplascio-sausas-baseinas\/#primaryimage","url":"https:\/\/kidsplay.lt\/wp-content\/uploads\/2025\/10\/Screenshot_59.png","contentUrl":"https:\/\/kidsplay.lt\/wp-content\/uploads\/2025\/10\/Screenshot_59.png","width":546,"height":457},{"@type":"BreadcrumbList","@id":"https:\/\/kidsplay.lt\/produktas\/kiddymoon-putplascio-sausas-baseinas\/#breadcrumb","itemListElement":[{"@type":"ListItem","position":1,"name":"Pagrindinis","item":"https:\/\/kidsplay.lt\/"},{"@type":"ListItem","position":2,"name":"Parduotuv\u0117","item":"https:\/\/kidsplay.lt\/parduotuve\/"},{"@type":"ListItem","position":3,"name":"KiddyMoon putplas\u010dio sausas baseinas"}]},{"@type":"WebSite","@id":"https:\/\/kidsplay.lt\/#website","url":"https:\/\/kidsplay.lt\/","name":"B\u0113rnu sp\u0113les.lv","description":"\u012evairios prek\u0117s vaikams","publisher":{"@id":"https:\/\/kidsplay.lt\/#organization"},"alternateName":"Kidsplay","potentialAction":[{"@type":"SearchAction","target":{"@type":"EntryPoint","urlTemplate":"https:\/\/kidsplay.lt\/?s={search_term_string}"},"query-input":{"@type":"PropertyValueSpecification","valueRequired":true,"valueName":"search_term_string"}}],"inLanguage":"lv-LV"},{"@type":"Organization","@id":"https:\/\/kidsplay.lt\/#organization","name":"B\u0113rnu sp\u0113le","url":"https:\/\/kidsplay.lt\/","logo":{"@type":"ImageObject","inLanguage":"lv-LV","@id":"https:\/\/kidsplay.lt\/#\/schema\/logo\/image\/","url":"https:\/\/kidsplay.lt\/wp-content\/uploads\/2023\/07\/kidsplay-logo.png","contentUrl":"https:\/\/kidsplay.lt\/wp-content\/uploads\/2023\/07\/kidsplay-logo.png","width":451,"height":98,"caption":"KidsPlay"},"image":{"@id":"https:\/\/kidsplay.lt\/#\/schema\/logo\/image\/"},"sameAs":["https:\/\/www.facebook.com\/www.kidsplay.lt"]}]}},"_links":{"self":[{"href":"https:\/\/kidsplay.lt\/lv\/wp-json\/wp\/v2\/product\/76126","targetHints":{"allow":["GET"]}}],"collection":[{"href":"https:\/\/kidsplay.lt\/lv\/wp-json\/wp\/v2\/product"}],"about":[{"href":"https:\/\/kidsplay.lt\/lv\/wp-json\/wp\/v2\/types\/product"}],"version-history":[{"count":1,"href":"https:\/\/kidsplay.lt\/lv\/wp-json\/wp\/v2\/product\/76126\/revisions"}],"predecessor-version":[{"id":76132,"href":"https:\/\/kidsplay.lt\/lv\/wp-json\/wp\/v2\/product\/76126\/revisions\/76132"}],"wp:featuredmedia":[{"embeddable":true,"href":"https:\/\/kidsplay.lt\/lv\/wp-json\/wp\/v2\/media\/76127"}],"wp:attachment":[{"href":"https:\/\/kidsplay.lt\/lv\/wp-json\/wp\/v2\/media?parent=76126"}],"wp:term":[{"taxonomy":"product_brand","embeddable":true,"href":"https:\/\/kidsplay.lt\/lv\/wp-json\/wp\/v2\/product_brand?post=76126"},{"taxonomy":"product_cat","embeddable":true,"href":"https:\/\/kidsplay.lt\/lv\/wp-json\/wp\/v2\/product_cat?post=76126"},{"taxonomy":"product_tag","embeddable":true,"href":"https:\/\/kidsplay.lt\/lv\/wp-json\/wp\/v2\/product_tag?post=76126"}],"curies":[{"name":"wp","href":"https:\/\/api.w.org\/{rel}","templated":true}]}}