{"id":76176,"date":"2025-10-12T14:42:44","date_gmt":"2025-10-12T11:42:44","guid":{"rendered":"https:\/\/kidsplay.lt\/?post_type=product&#038;p=76176"},"modified":"2026-02-25T16:08:00","modified_gmt":"2026-02-25T14:08:00","slug":"zieminis-rozinis-kombinezonas-su-kailiu","status":"publish","type":"product","link":"https:\/\/kidsplay.lt\/lv\/products\/zieminis-rozinis-kombinezonas-su-kailiu\/","title":{"rendered":"Ziemas roz\u0101 kombinezons ar ka\u017eok\u0101du"},"content":{"rendered":"<div class=\"mpof_ki myre_zn myre_8v_l m389_6m_l\">\n<div class=\"mp4t_16_s mryx_16_s mr3m_1 mli2_1 mh85_56 mh85_0_l\">\n<div class=\"mgn2_16 _0d3bd_am0a-\">\n<h1><span dir=\"auto\">Lenk\u0173 gamintojas!\u00a0<\/span><b><span dir=\"auto\">Auk\u0161ta kokyb\u0117!<\/span><\/b><\/h1>\n<p><b><span dir=\"auto\">Asortimentas<\/span><\/b><span dir=\"auto\">\u00a0: KOSTIUMAS<\/span><\/p>\n<p><b><span dir=\"auto\">Audinys<\/span><\/b><span dir=\"auto\">\u00a0: viduje 100% medviln\u0117, i\u0161or\u0117je 100% poliesteris<\/span><\/p>\n<p><b><span dir=\"auto\">Kr\u0101sa<\/span><\/b><span dir=\"auto\">\u00a0: ro\u017ein\u0117, pilka, aksesuarai<\/span><\/p>\n<p><b><span dir=\"auto\">Med\u017eiagos savyb\u0117s<\/span><\/b><span dir=\"auto\">\u00a0: mink\u0161ta, stora, dygsniuota i\u0161orin\u0117 dalis, medviln\u0117 vidin\u0117 dalis, tarp j\u0173<\/span><\/p>\n<p><b><span dir=\"auto\">Kirpimas<\/span><\/b><span dir=\"auto\">\u00a0: kombinezonas, \u012fstri\u017eai u\u017esegamas u\u017etrauktuku, ties kaklu sutvirtintas med\u017eiaga, kad nedirgint\u0173 vaiko odos, rankogaliai ir nuimamos pir\u0161tin\u0117s rankov\u0117se.<\/span><\/p>\n<p><span dir=\"auto\">Gobtuvas dekoruotas mink\u0161tu kailiu.<\/span><\/p>\n<p><span dir=\"auto\">AUK\u0160\u010cIAUSIA KOKYB\u0116!<\/span><\/p>\n<\/div>\n<\/div>\n<div class=\"mp4t_16_s mryx_16_s mr3m_1 mli2_1 mh85_56 mh85_0_l\">\n<div class=\"mg9e_8 mj7a_8 mg9e_0_s mvrt_0_s mj7a_0_s mh36_0_s mzmg_6m munh_16_l m3h2_16_l\">\n<div class=\"mp4t_0 mryx_0 munh_56 m3h2_56\">\n<div class=\"mp7g_oh\"><button class=\"mg9e_0 mvrt_0 mj7a_0 mh36_0 mp4t_0 m3h2_0 mryx_0 munh_0 mqen_m6 mpof_z0 mx7m_0 m7er_k4 mse2_k4 msts_pt\" data-analytics-interaction=\"true\" data-analytics-interaction-label=\"zoomable-image-open\" aria-disabled=\"true\"><img decoding=\"async\" class=\"msub_k4 mupj_5k mjru_k4 mse2_k4 mp7g_f6 mq1m_0 mj7u_0 m7er_k4 mqen_m6 m31c_d8 m0ux_fp lazyloaded\" src=\"https:\/\/a.allegroimg.com\/original\/119173\/ba41355046cab75719e904258f8d\/WINTER-SUIT-ORTHALION-FUR-pink-62-B01C-Gender-boys-girls\" sizes=\"(min-width: 1200px) 560px, (min-width: 992px) 50vw, 100vw\" srcset=\"https:\/\/a.allegroimg.com\/s360\/119173\/ba41355046cab75719e904258f8d\/WINTER-SUIT-ORTHALION-FUR-pink-62-B01C-Gender-boys-girls 299w,https:\/\/a.allegroimg.com\/s720\/119173\/ba41355046cab75719e904258f8d\/WINTER-SUIT-ORTHALION-FUR-pink-62-B01C-Gender-boys-girls 579w,https:\/\/a.allegroimg.com\/original\/119173\/ba41355046cab75719e904258f8d\/WINTER-SUIT-ORTHALION-FUR-pink-62-B01C-Gender-boys-girls 579w\" alt=\"\u017dieminis kostiumas ORTHALION FUR ro\u017einis 62 B01C Lytis berniukams mergait\u0117ms\" width=\"579px\" data-srcset=\"\" \/><\/button><\/div>\n<\/div>\n<\/div>\n<\/div>\n<\/div>\n<div class=\"mpof_ki myre_zn myre_8v_l m389_6m_l\">\n<div class=\"mp4t_16_s mryx_16_s mr3m_1 mli2_1 mh85_56 mh85_0_l\">\n<div class=\"mg9e_8 mj7a_8 mg9e_0_s mvrt_0_s mj7a_0_s mh36_0_s mzmg_6m munh_16_l m3h2_16_l\">\n<div class=\"mp4t_0 mryx_0 munh_56 m3h2_56\">\n<div class=\"mp7g_oh\"><button class=\"mg9e_0 mvrt_0 mj7a_0 mh36_0 mp4t_0 m3h2_0 mryx_0 munh_0 mqen_m6 mpof_z0 mx7m_0 m7er_k4 mse2_k4 msts_pt\" data-analytics-interaction=\"true\" data-analytics-interaction-label=\"zoomable-image-open\" aria-disabled=\"true\"><img decoding=\"async\" class=\"msub_k4 mupj_5k mjru_k4 mse2_k4 mp7g_f6 mq1m_0 mj7u_0 m7er_k4 mqen_m6 m31c_d8 m0ux_fp lazyloaded\" src=\"https:\/\/a.allegroimg.com\/original\/117a4a\/06c554ce40a18b9b376b075b7159\/WINTER-SUIT-ORTHALION-FUR-pink-62-B01C-Kind-baby\" sizes=\"(min-width: 1200px) 560px, (min-width: 992px) 50vw, 100vw\" srcset=\"https:\/\/a.allegroimg.com\/s360\/117a4a\/06c554ce40a18b9b376b075b7159\/WINTER-SUIT-ORTHALION-FUR-pink-62-B01C-Kind-baby 360w,https:\/\/a.allegroimg.com\/s720\/117a4a\/06c554ce40a18b9b376b075b7159\/WINTER-SUIT-ORTHALION-FUR-pink-62-B01C-Kind-baby 720w,https:\/\/a.allegroimg.com\/s1024\/117a4a\/06c554ce40a18b9b376b075b7159\/WINTER-SUIT-ORTHALION-FUR-pink-62-B01C-Kind-baby 1024w,https:\/\/a.allegroimg.com\/s1440\/117a4a\/06c554ce40a18b9b376b075b7159\/WINTER-SUIT-ORTHALION-FUR-pink-62-B01C-Kind-baby 1112w,https:\/\/a.allegroimg.com\/original\/117a4a\/06c554ce40a18b9b376b075b7159\/WINTER-SUIT-ORTHALION-FUR-pink-62-B01C-Kind-baby 1112w\" alt=\"\u017dieminis kostiumas ORTHALION FUR ro\u017einis 62 B01C Kind baby\" width=\"1112px\" data-srcset=\"\" \/><\/button><\/div>\n<\/div>\n<\/div>\n<\/div>\n<div class=\"mp4t_16_s mryx_16_s mr3m_1 mli2_1 mh85_56 mh85_0_l\">\n<div class=\"mgn2_16 _0d3bd_am0a-\">\n<p><b><span dir=\"auto\">Izm\u0113ri<\/span><\/b><span dir=\"auto\">\u00a0-\/apytiksliai\/<\/span><\/p>\n<p><span dir=\"auto\">Ilgis (be gobtuvo): 50 cm<\/span><\/p>\n<p><span dir=\"auto\">Plotis po apykakle: 25 cm<\/span><\/p>\n<p><span dir=\"auto\">rankov\u0117s ilgis nuo tiekimo: 17 cm<\/span><\/p>\n<p><span dir=\"auto\">Kojos ilgis nuo tarpkojo: 18 cm<\/span><\/p>\n<\/div>\n<\/div>\n<\/div>","protected":false},"excerpt":{"rendered":"<p>Lenk\u0173 gamintojas!\u00a0Auk\u0161ta kokyb\u0117! Asortimentas\u00a0: KOSTIUMAS Audinys\u00a0: viduje 100% medviln\u0117, i\u0161or\u0117je 100% poliesteris Spalva\u00a0: ro\u017ein\u0117, pilka, aksesuarai Med\u017eiagos savyb\u0117s\u00a0: mink\u0161ta, stora,<\/p>","protected":false},"featured_media":76177,"template":"","meta":{"_acf_changed":false,"_glsr_average":0,"_glsr_ranking":0,"_glsr_reviews":0},"product_brand":[],"product_cat":[676],"product_tag":[],"class_list":{"0":"post-76176","1":"product","2":"type-product","3":"status-publish","4":"has-post-thumbnail","6":"product_cat-kombinezonai","7":"\"style=\"background-color: #2ecc711c;\"","9":"first","10":"instock","11":"shipping-taxable","12":"purchasable","13":"product-type-variable"},"acf":[],"yoast_head":"<!-- This site is optimized with the Yoast SEO plugin v27.4 - https:\/\/yoast.com\/product\/yoast-seo-wordpress\/ -->\n<title>\u017dieminis ro\u017einis kombinezonas su kailiu - KidsPlay<\/title>\n<meta name=\"description\" content=\"\u017dieminis ro\u017einis kombinezonas su kailiu - KidsPlay. Did\u017eiausias vaik\u0173 \u017eaisl\u0173 pasirinkimas.\" \/>\n<meta name=\"robots\" content=\"index, follow, max-snippet:-1, max-image-preview:large, max-video-preview:-1\" \/>\n<link rel=\"canonical\" href=\"https:\/\/kidsplay.lt\/lv\/products\/zieminis-rozinis-kombinezonas-su-kailiu\/\" \/>\n<meta property=\"og:locale\" content=\"lv_LV\" \/>\n<meta property=\"og:type\" content=\"article\" \/>\n<meta property=\"og:title\" content=\"\u017dieminis ro\u017einis kombinezonas su kailiu - KidsPlay\" \/>\n<meta property=\"og:description\" content=\"\u017dieminis ro\u017einis kombinezonas su kailiu - KidsPlay. Did\u017eiausias vaik\u0173 \u017eaisl\u0173 pasirinkimas.\" \/>\n<meta property=\"og:url\" content=\"https:\/\/kidsplay.lt\/lv\/products\/zieminis-rozinis-kombinezonas-su-kailiu\/\" \/>\n<meta property=\"og:site_name\" content=\"KidsPlay\" \/>\n<meta property=\"article:publisher\" content=\"https:\/\/www.facebook.com\/www.kidsplay.lt\" \/>\n<meta property=\"article:modified_time\" content=\"2026-02-25T14:08:00+00:00\" \/>\n<meta property=\"og:image\" content=\"https:\/\/kidsplay.lt\/wp-content\/uploads\/2025\/10\/Screenshot_101.png\" \/>\n\t<meta property=\"og:image:width\" content=\"512\" \/>\n\t<meta property=\"og:image:height\" content=\"387\" \/>\n\t<meta property=\"og:image:type\" content=\"image\/png\" \/>\n<meta name=\"twitter:card\" content=\"summary_large_image\" \/>\n<meta name=\"twitter:label1\" content=\"Est. reading time\" \/>\n\t<meta name=\"twitter:data1\" content=\"2 min\u016btes\" \/>\n<script type=\"application\/ld+json\" class=\"yoast-schema-graph\">{\"@context\":\"https:\\\/\\\/schema.org\",\"@graph\":[{\"@type\":\"WebPage\",\"@id\":\"https:\\\/\\\/kidsplay.lt\\\/produktas\\\/zieminis-rozinis-kombinezonas-su-kailiu\\\/\",\"url\":\"https:\\\/\\\/kidsplay.lt\\\/produktas\\\/zieminis-rozinis-kombinezonas-su-kailiu\\\/\",\"name\":\"\u017dieminis ro\u017einis kombinezonas su kailiu - KidsPlay\",\"isPartOf\":{\"@id\":\"https:\\\/\\\/kidsplay.lt\\\/#website\"},\"primaryImageOfPage\":{\"@id\":\"https:\\\/\\\/kidsplay.lt\\\/produktas\\\/zieminis-rozinis-kombinezonas-su-kailiu\\\/#primaryimage\"},\"image\":{\"@id\":\"https:\\\/\\\/kidsplay.lt\\\/produktas\\\/zieminis-rozinis-kombinezonas-su-kailiu\\\/#primaryimage\"},\"thumbnailUrl\":\"https:\\\/\\\/kidsplay.lt\\\/wp-content\\\/uploads\\\/2025\\\/10\\\/Screenshot_101.png\",\"datePublished\":\"2025-10-12T11:42:44+00:00\",\"dateModified\":\"2026-02-25T14:08:00+00:00\",\"description\":\"\u017dieminis ro\u017einis kombinezonas su kailiu - KidsPlay. Did\u017eiausias vaik\u0173 \u017eaisl\u0173 pasirinkimas.\",\"breadcrumb\":{\"@id\":\"https:\\\/\\\/kidsplay.lt\\\/produktas\\\/zieminis-rozinis-kombinezonas-su-kailiu\\\/#breadcrumb\"},\"inLanguage\":\"lv-LV\",\"potentialAction\":[{\"@type\":\"ReadAction\",\"target\":[\"https:\\\/\\\/kidsplay.lt\\\/produktas\\\/zieminis-rozinis-kombinezonas-su-kailiu\\\/\"]}]},{\"@type\":\"ImageObject\",\"inLanguage\":\"lv-LV\",\"@id\":\"https:\\\/\\\/kidsplay.lt\\\/produktas\\\/zieminis-rozinis-kombinezonas-su-kailiu\\\/#primaryimage\",\"url\":\"https:\\\/\\\/kidsplay.lt\\\/wp-content\\\/uploads\\\/2025\\\/10\\\/Screenshot_101.png\",\"contentUrl\":\"https:\\\/\\\/kidsplay.lt\\\/wp-content\\\/uploads\\\/2025\\\/10\\\/Screenshot_101.png\",\"width\":512,\"height\":387},{\"@type\":\"BreadcrumbList\",\"@id\":\"https:\\\/\\\/kidsplay.lt\\\/produktas\\\/zieminis-rozinis-kombinezonas-su-kailiu\\\/#breadcrumb\",\"itemListElement\":[{\"@type\":\"ListItem\",\"position\":1,\"name\":\"Pagrindinis\",\"item\":\"https:\\\/\\\/kidsplay.lt\\\/\"},{\"@type\":\"ListItem\",\"position\":2,\"name\":\"Parduotuv\u0117\",\"item\":\"https:\\\/\\\/kidsplay.lt\\\/parduotuve\\\/\"},{\"@type\":\"ListItem\",\"position\":3,\"name\":\"\u017dieminis ro\u017einis kombinezonas su kailiu\"}]},{\"@type\":\"WebSite\",\"@id\":\"https:\\\/\\\/kidsplay.lt\\\/#website\",\"url\":\"https:\\\/\\\/kidsplay.lt\\\/\",\"name\":\"Kidsplay.lt\",\"description\":\"\u012evairios prek\u0117s vaikams\",\"publisher\":{\"@id\":\"https:\\\/\\\/kidsplay.lt\\\/#organization\"},\"alternateName\":\"Kidsplay\",\"potentialAction\":[{\"@type\":\"SearchAction\",\"target\":{\"@type\":\"EntryPoint\",\"urlTemplate\":\"https:\\\/\\\/kidsplay.lt\\\/?s={search_term_string}\"},\"query-input\":{\"@type\":\"PropertyValueSpecification\",\"valueRequired\":true,\"valueName\":\"search_term_string\"}}],\"inLanguage\":\"lv-LV\"},{\"@type\":\"Organization\",\"@id\":\"https:\\\/\\\/kidsplay.lt\\\/#organization\",\"name\":\"KidsPlay\",\"url\":\"https:\\\/\\\/kidsplay.lt\\\/\",\"logo\":{\"@type\":\"ImageObject\",\"inLanguage\":\"lv-LV\",\"@id\":\"https:\\\/\\\/kidsplay.lt\\\/#\\\/schema\\\/logo\\\/image\\\/\",\"url\":\"https:\\\/\\\/kidsplay.lt\\\/wp-content\\\/uploads\\\/2023\\\/07\\\/kidsplay-logo.png\",\"contentUrl\":\"https:\\\/\\\/kidsplay.lt\\\/wp-content\\\/uploads\\\/2023\\\/07\\\/kidsplay-logo.png\",\"width\":451,\"height\":98,\"caption\":\"KidsPlay\"},\"image\":{\"@id\":\"https:\\\/\\\/kidsplay.lt\\\/#\\\/schema\\\/logo\\\/image\\\/\"},\"sameAs\":[\"https:\\\/\\\/www.facebook.com\\\/www.kidsplay.lt\"]}]}<\/script>\n<!-- \/ Yoast SEO plugin. -->","yoast_head_json":{"title":"\u017dieminis ro\u017einis kombinezonas su kailiu - KidsPlay","description":"\u017dieminis ro\u017einis kombinezonas su kailiu - KidsPlay. Did\u017eiausias vaik\u0173 \u017eaisl\u0173 pasirinkimas.","robots":{"index":"index","follow":"follow","max-snippet":"max-snippet:-1","max-image-preview":"max-image-preview:large","max-video-preview":"max-video-preview:-1"},"canonical":"https:\/\/kidsplay.lt\/lv\/products\/zieminis-rozinis-kombinezonas-su-kailiu\/","og_locale":"lv_LV","og_type":"article","og_title":"\u017dieminis ro\u017einis kombinezonas su kailiu - KidsPlay","og_description":"\u017dieminis ro\u017einis kombinezonas su kailiu - KidsPlay. Did\u017eiausias vaik\u0173 \u017eaisl\u0173 pasirinkimas.","og_url":"https:\/\/kidsplay.lt\/lv\/products\/zieminis-rozinis-kombinezonas-su-kailiu\/","og_site_name":"KidsPlay","article_publisher":"https:\/\/www.facebook.com\/www.kidsplay.lt","article_modified_time":"2026-02-25T14:08:00+00:00","og_image":[{"width":512,"height":387,"url":"https:\/\/kidsplay.lt\/wp-content\/uploads\/2025\/10\/Screenshot_101.png","type":"image\/png"}],"twitter_card":"summary_large_image","twitter_misc":{"Est. reading time":"2 min\u016btes"},"schema":{"@context":"https:\/\/schema.org","@graph":[{"@type":"WebPage","@id":"https:\/\/kidsplay.lt\/produktas\/zieminis-rozinis-kombinezonas-su-kailiu\/","url":"https:\/\/kidsplay.lt\/produktas\/zieminis-rozinis-kombinezonas-su-kailiu\/","name":"\u017dieminis ro\u017einis kombinezonas su kailiu - KidsPlay","isPartOf":{"@id":"https:\/\/kidsplay.lt\/#website"},"primaryImageOfPage":{"@id":"https:\/\/kidsplay.lt\/produktas\/zieminis-rozinis-kombinezonas-su-kailiu\/#primaryimage"},"image":{"@id":"https:\/\/kidsplay.lt\/produktas\/zieminis-rozinis-kombinezonas-su-kailiu\/#primaryimage"},"thumbnailUrl":"https:\/\/kidsplay.lt\/wp-content\/uploads\/2025\/10\/Screenshot_101.png","datePublished":"2025-10-12T11:42:44+00:00","dateModified":"2026-02-25T14:08:00+00:00","description":"\u017dieminis ro\u017einis kombinezonas su kailiu - KidsPlay. Did\u017eiausias vaik\u0173 \u017eaisl\u0173 pasirinkimas.","breadcrumb":{"@id":"https:\/\/kidsplay.lt\/produktas\/zieminis-rozinis-kombinezonas-su-kailiu\/#breadcrumb"},"inLanguage":"lv-LV","potentialAction":[{"@type":"ReadAction","target":["https:\/\/kidsplay.lt\/produktas\/zieminis-rozinis-kombinezonas-su-kailiu\/"]}]},{"@type":"ImageObject","inLanguage":"lv-LV","@id":"https:\/\/kidsplay.lt\/produktas\/zieminis-rozinis-kombinezonas-su-kailiu\/#primaryimage","url":"https:\/\/kidsplay.lt\/wp-content\/uploads\/2025\/10\/Screenshot_101.png","contentUrl":"https:\/\/kidsplay.lt\/wp-content\/uploads\/2025\/10\/Screenshot_101.png","width":512,"height":387},{"@type":"BreadcrumbList","@id":"https:\/\/kidsplay.lt\/produktas\/zieminis-rozinis-kombinezonas-su-kailiu\/#breadcrumb","itemListElement":[{"@type":"ListItem","position":1,"name":"Pagrindinis","item":"https:\/\/kidsplay.lt\/"},{"@type":"ListItem","position":2,"name":"Parduotuv\u0117","item":"https:\/\/kidsplay.lt\/parduotuve\/"},{"@type":"ListItem","position":3,"name":"\u017dieminis ro\u017einis kombinezonas su kailiu"}]},{"@type":"WebSite","@id":"https:\/\/kidsplay.lt\/#website","url":"https:\/\/kidsplay.lt\/","name":"B\u0113rnu sp\u0113les.lv","description":"\u012evairios prek\u0117s vaikams","publisher":{"@id":"https:\/\/kidsplay.lt\/#organization"},"alternateName":"Kidsplay","potentialAction":[{"@type":"SearchAction","target":{"@type":"EntryPoint","urlTemplate":"https:\/\/kidsplay.lt\/?s={search_term_string}"},"query-input":{"@type":"PropertyValueSpecification","valueRequired":true,"valueName":"search_term_string"}}],"inLanguage":"lv-LV"},{"@type":"Organization","@id":"https:\/\/kidsplay.lt\/#organization","name":"B\u0113rnu sp\u0113le","url":"https:\/\/kidsplay.lt\/","logo":{"@type":"ImageObject","inLanguage":"lv-LV","@id":"https:\/\/kidsplay.lt\/#\/schema\/logo\/image\/","url":"https:\/\/kidsplay.lt\/wp-content\/uploads\/2023\/07\/kidsplay-logo.png","contentUrl":"https:\/\/kidsplay.lt\/wp-content\/uploads\/2023\/07\/kidsplay-logo.png","width":451,"height":98,"caption":"KidsPlay"},"image":{"@id":"https:\/\/kidsplay.lt\/#\/schema\/logo\/image\/"},"sameAs":["https:\/\/www.facebook.com\/www.kidsplay.lt"]}]}},"_links":{"self":[{"href":"https:\/\/kidsplay.lt\/lv\/wp-json\/wp\/v2\/product\/76176","targetHints":{"allow":["GET"]}}],"collection":[{"href":"https:\/\/kidsplay.lt\/lv\/wp-json\/wp\/v2\/product"}],"about":[{"href":"https:\/\/kidsplay.lt\/lv\/wp-json\/wp\/v2\/types\/product"}],"version-history":[{"count":1,"href":"https:\/\/kidsplay.lt\/lv\/wp-json\/wp\/v2\/product\/76176\/revisions"}],"predecessor-version":[{"id":76189,"href":"https:\/\/kidsplay.lt\/lv\/wp-json\/wp\/v2\/product\/76176\/revisions\/76189"}],"wp:featuredmedia":[{"embeddable":true,"href":"https:\/\/kidsplay.lt\/lv\/wp-json\/wp\/v2\/media\/76177"}],"wp:attachment":[{"href":"https:\/\/kidsplay.lt\/lv\/wp-json\/wp\/v2\/media?parent=76176"}],"wp:term":[{"taxonomy":"product_brand","embeddable":true,"href":"https:\/\/kidsplay.lt\/lv\/wp-json\/wp\/v2\/product_brand?post=76176"},{"taxonomy":"product_cat","embeddable":true,"href":"https:\/\/kidsplay.lt\/lv\/wp-json\/wp\/v2\/product_cat?post=76176"},{"taxonomy":"product_tag","embeddable":true,"href":"https:\/\/kidsplay.lt\/lv\/wp-json\/wp\/v2\/product_tag?post=76176"}],"curies":[{"name":"wp","href":"https:\/\/api.w.org\/{rel}","templated":true}]}}