{"id":76190,"date":"2025-10-12T14:48:07","date_gmt":"2025-10-12T11:48:07","guid":{"rendered":"https:\/\/kidsplay.lt\/?post_type=product&#038;p=76190"},"modified":"2026-02-25T16:07:49","modified_gmt":"2026-02-25T14:07:49","slug":"abrikosu-spalvos-kombinezonas","status":"publish","type":"product","link":"https:\/\/kidsplay.lt\/lv\/products\/abrikosu-spalvos-kombinezonas\/","title":{"rendered":"Abrikos\u0173 spalvos kombinezonas"},"content":{"rendered":"<div class=\"mp4t_16_s mryx_16_s mr3m_1 mli2_1 mh85_56 mh85_0_l\">\n<div class=\"mgn2_16 _0d3bd_am0a-\">\n<p><b><span dir=\"auto\">Sortiments:<\/span><\/b><span dir=\"auto\">\u00a0\u0161okdyn\u0117\/kombinezonas k\u016bdikiui<\/span><\/p>\n<p><span dir=\"auto\">NAUJAS SU POPIERIN\u0116MIS ETIKET\u0116MIS<\/span><\/p>\n<p><b><span dir=\"auto\">Kr\u0101sa:<\/span><\/b><span dir=\"auto\">\u00a0abrikos\u0173 ro\u017ein\u0117, balta me\u0161ka<\/span><\/p>\n<p><b><span dir=\"auto\">Materi\u0101la sast\u0101vs un \u012bpa\u0161\u012bbas:<\/span><\/b><\/p>\n<p><span dir=\"auto\">I\u0161orin\u0117 med\u017eiaga: 95% medviln\u0117, 5% elastanas<\/span><\/p>\n<p><span dir=\"auto\">Med\u017eiaga viduje\/me\u0161kiukas: 10% medviln\u0117 90% poliesteris<\/span><\/p>\n<p><span dir=\"auto\">&#8211;\u00a0<\/span><b><span dir=\"auto\">gra\u017eus, mink\u0161tas, m\u0117singas me\u0161kiukas<\/span><\/b><span dir=\"auto\">\u00a0apa\u010dioje &#8211; puikiai tinka ankstyvam pavasariui, rudeniui ir net lengvai \u017eiemai<\/span><\/p>\n<p><b><span dir=\"auto\">Kirpimas:<\/span><\/b><span dir=\"auto\">\u00a0Kombinezonas su gobtuvu ir linksmomis ausyt\u0117mis. U\u017esegamas patogiu u\u017etrauktuku nuo vienos kojos iki kaklo. U\u017etrauktuko gale ties kaklu yra med\u017eiagos apsauga, kad neu\u017espaust\u0173 vaiko burnyt\u0117s \ud83d\ude09 Rankov\u0117se susuktos pir\u0161tin\u0117s.<\/span><\/p>\n<p><span dir=\"auto\">Rekomenduojame pavasariniams pasivaik\u0161\u010diojimams, kelion\u0117ms automobiliu ar net i\u0161vykstant i\u0161 ligonin\u0117s.<\/span><\/p>\n<p><span dir=\"auto\">Lieliski piem\u0113rots d\u0101vanai!<\/span><\/p>\n<p>&nbsp;<\/p>\n<\/div>\n<\/div>\n<div class=\"mp4t_16_s mryx_16_s mr3m_1 mli2_1 mh85_56 mh85_0_l\">\n<div class=\"mg9e_8 mj7a_8 mg9e_0_s mvrt_0_s mj7a_0_s mh36_0_s mzmg_6m munh_16_l m3h2_16_l\">\n<div class=\"mp4t_0 mryx_0 munh_56 m3h2_56\">\n<div class=\"mp7g_oh\"><\/div>\n<\/div>\n<\/div>\n<\/div>","protected":false},"excerpt":{"rendered":"<p>Asortimentas:\u00a0\u0161okdyn\u0117\/kombinezonas k\u016bdikiui NAUJAS SU POPIERIN\u0116MIS ETIKET\u0116MIS Spalva:\u00a0abrikos\u0173 ro\u017ein\u0117, balta me\u0161ka Med\u017eiagos sud\u0117tis ir savyb\u0117s: I\u0161orin\u0117 med\u017eiaga: 95% medviln\u0117, 5% elastanas<\/p>","protected":false},"featured_media":76191,"template":"","meta":{"_acf_changed":false,"_glsr_average":0,"_glsr_ranking":0,"_glsr_reviews":0},"product_brand":[],"product_cat":[676],"product_tag":[],"class_list":{"0":"post-76190","1":"product","2":"type-product","3":"status-publish","4":"has-post-thumbnail","6":"product_cat-kombinezonai","7":"\"style=\"background-color: #2ecc711c;\"","9":"first","10":"instock","11":"shipping-taxable","12":"purchasable","13":"product-type-variable"},"acf":[],"yoast_head":"<!-- This site is optimized with the Yoast SEO plugin v27.4 - https:\/\/yoast.com\/product\/yoast-seo-wordpress\/ -->\n<title>Abrikos\u0173 spalvos kombinezonas - KidsPlay<\/title>\n<meta name=\"description\" content=\"Abrikos\u0173 spalvos kombinezonas - KidsPlay. Did\u017eiausias vaik\u0173 \u017eaisl\u0173 pasirinkimas.\" \/>\n<meta name=\"robots\" content=\"index, follow, max-snippet:-1, max-image-preview:large, max-video-preview:-1\" \/>\n<link rel=\"canonical\" href=\"https:\/\/kidsplay.lt\/lv\/products\/abrikosu-spalvos-kombinezonas\/\" \/>\n<meta property=\"og:locale\" content=\"lv_LV\" \/>\n<meta property=\"og:type\" content=\"article\" \/>\n<meta property=\"og:title\" content=\"Abrikos\u0173 spalvos kombinezonas - KidsPlay\" \/>\n<meta property=\"og:description\" content=\"Abrikos\u0173 spalvos kombinezonas - KidsPlay. Did\u017eiausias vaik\u0173 \u017eaisl\u0173 pasirinkimas.\" \/>\n<meta property=\"og:url\" content=\"https:\/\/kidsplay.lt\/lv\/products\/abrikosu-spalvos-kombinezonas\/\" \/>\n<meta property=\"og:site_name\" content=\"KidsPlay\" \/>\n<meta property=\"article:publisher\" content=\"https:\/\/www.facebook.com\/www.kidsplay.lt\" \/>\n<meta property=\"article:modified_time\" content=\"2026-02-25T14:07:49+00:00\" \/>\n<meta property=\"og:image\" content=\"https:\/\/kidsplay.lt\/wp-content\/uploads\/2025\/10\/Screenshot_109.png\" \/>\n\t<meta property=\"og:image:width\" content=\"472\" \/>\n\t<meta property=\"og:image:height\" content=\"400\" \/>\n\t<meta property=\"og:image:type\" content=\"image\/png\" \/>\n<meta name=\"twitter:card\" content=\"summary_large_image\" \/>\n<meta name=\"twitter:label1\" content=\"Est. reading time\" \/>\n\t<meta name=\"twitter:data1\" content=\"1 min\u016bte\" \/>\n<script type=\"application\/ld+json\" class=\"yoast-schema-graph\">{\"@context\":\"https:\\\/\\\/schema.org\",\"@graph\":[{\"@type\":\"WebPage\",\"@id\":\"https:\\\/\\\/kidsplay.lt\\\/produktas\\\/abrikosu-spalvos-kombinezonas\\\/\",\"url\":\"https:\\\/\\\/kidsplay.lt\\\/produktas\\\/abrikosu-spalvos-kombinezonas\\\/\",\"name\":\"Abrikos\u0173 spalvos kombinezonas - KidsPlay\",\"isPartOf\":{\"@id\":\"https:\\\/\\\/kidsplay.lt\\\/#website\"},\"primaryImageOfPage\":{\"@id\":\"https:\\\/\\\/kidsplay.lt\\\/produktas\\\/abrikosu-spalvos-kombinezonas\\\/#primaryimage\"},\"image\":{\"@id\":\"https:\\\/\\\/kidsplay.lt\\\/produktas\\\/abrikosu-spalvos-kombinezonas\\\/#primaryimage\"},\"thumbnailUrl\":\"https:\\\/\\\/kidsplay.lt\\\/wp-content\\\/uploads\\\/2025\\\/10\\\/Screenshot_109.png\",\"datePublished\":\"2025-10-12T11:48:07+00:00\",\"dateModified\":\"2026-02-25T14:07:49+00:00\",\"description\":\"Abrikos\u0173 spalvos kombinezonas - KidsPlay. Did\u017eiausias vaik\u0173 \u017eaisl\u0173 pasirinkimas.\",\"breadcrumb\":{\"@id\":\"https:\\\/\\\/kidsplay.lt\\\/produktas\\\/abrikosu-spalvos-kombinezonas\\\/#breadcrumb\"},\"inLanguage\":\"lv-LV\",\"potentialAction\":[{\"@type\":\"ReadAction\",\"target\":[\"https:\\\/\\\/kidsplay.lt\\\/produktas\\\/abrikosu-spalvos-kombinezonas\\\/\"]}]},{\"@type\":\"ImageObject\",\"inLanguage\":\"lv-LV\",\"@id\":\"https:\\\/\\\/kidsplay.lt\\\/produktas\\\/abrikosu-spalvos-kombinezonas\\\/#primaryimage\",\"url\":\"https:\\\/\\\/kidsplay.lt\\\/wp-content\\\/uploads\\\/2025\\\/10\\\/Screenshot_109.png\",\"contentUrl\":\"https:\\\/\\\/kidsplay.lt\\\/wp-content\\\/uploads\\\/2025\\\/10\\\/Screenshot_109.png\",\"width\":472,\"height\":400},{\"@type\":\"BreadcrumbList\",\"@id\":\"https:\\\/\\\/kidsplay.lt\\\/produktas\\\/abrikosu-spalvos-kombinezonas\\\/#breadcrumb\",\"itemListElement\":[{\"@type\":\"ListItem\",\"position\":1,\"name\":\"Pagrindinis\",\"item\":\"https:\\\/\\\/kidsplay.lt\\\/\"},{\"@type\":\"ListItem\",\"position\":2,\"name\":\"Parduotuv\u0117\",\"item\":\"https:\\\/\\\/kidsplay.lt\\\/parduotuve\\\/\"},{\"@type\":\"ListItem\",\"position\":3,\"name\":\"Abrikos\u0173 spalvos kombinezonas\"}]},{\"@type\":\"WebSite\",\"@id\":\"https:\\\/\\\/kidsplay.lt\\\/#website\",\"url\":\"https:\\\/\\\/kidsplay.lt\\\/\",\"name\":\"Kidsplay.lt\",\"description\":\"\u012evairios prek\u0117s vaikams\",\"publisher\":{\"@id\":\"https:\\\/\\\/kidsplay.lt\\\/#organization\"},\"alternateName\":\"Kidsplay\",\"potentialAction\":[{\"@type\":\"SearchAction\",\"target\":{\"@type\":\"EntryPoint\",\"urlTemplate\":\"https:\\\/\\\/kidsplay.lt\\\/?s={search_term_string}\"},\"query-input\":{\"@type\":\"PropertyValueSpecification\",\"valueRequired\":true,\"valueName\":\"search_term_string\"}}],\"inLanguage\":\"lv-LV\"},{\"@type\":\"Organization\",\"@id\":\"https:\\\/\\\/kidsplay.lt\\\/#organization\",\"name\":\"KidsPlay\",\"url\":\"https:\\\/\\\/kidsplay.lt\\\/\",\"logo\":{\"@type\":\"ImageObject\",\"inLanguage\":\"lv-LV\",\"@id\":\"https:\\\/\\\/kidsplay.lt\\\/#\\\/schema\\\/logo\\\/image\\\/\",\"url\":\"https:\\\/\\\/kidsplay.lt\\\/wp-content\\\/uploads\\\/2023\\\/07\\\/kidsplay-logo.png\",\"contentUrl\":\"https:\\\/\\\/kidsplay.lt\\\/wp-content\\\/uploads\\\/2023\\\/07\\\/kidsplay-logo.png\",\"width\":451,\"height\":98,\"caption\":\"KidsPlay\"},\"image\":{\"@id\":\"https:\\\/\\\/kidsplay.lt\\\/#\\\/schema\\\/logo\\\/image\\\/\"},\"sameAs\":[\"https:\\\/\\\/www.facebook.com\\\/www.kidsplay.lt\"]}]}<\/script>\n<!-- \/ Yoast SEO plugin. -->","yoast_head_json":{"title":"Abrikos\u0173 spalvos kombinezonas - KidsPlay","description":"Abrikos\u0173 spalvos kombinezonas - KidsPlay. Did\u017eiausias vaik\u0173 \u017eaisl\u0173 pasirinkimas.","robots":{"index":"index","follow":"follow","max-snippet":"max-snippet:-1","max-image-preview":"max-image-preview:large","max-video-preview":"max-video-preview:-1"},"canonical":"https:\/\/kidsplay.lt\/lv\/products\/abrikosu-spalvos-kombinezonas\/","og_locale":"lv_LV","og_type":"article","og_title":"Abrikos\u0173 spalvos kombinezonas - KidsPlay","og_description":"Abrikos\u0173 spalvos kombinezonas - KidsPlay. Did\u017eiausias vaik\u0173 \u017eaisl\u0173 pasirinkimas.","og_url":"https:\/\/kidsplay.lt\/lv\/products\/abrikosu-spalvos-kombinezonas\/","og_site_name":"KidsPlay","article_publisher":"https:\/\/www.facebook.com\/www.kidsplay.lt","article_modified_time":"2026-02-25T14:07:49+00:00","og_image":[{"width":472,"height":400,"url":"https:\/\/kidsplay.lt\/wp-content\/uploads\/2025\/10\/Screenshot_109.png","type":"image\/png"}],"twitter_card":"summary_large_image","twitter_misc":{"Est. reading time":"1 min\u016bte"},"schema":{"@context":"https:\/\/schema.org","@graph":[{"@type":"WebPage","@id":"https:\/\/kidsplay.lt\/produktas\/abrikosu-spalvos-kombinezonas\/","url":"https:\/\/kidsplay.lt\/produktas\/abrikosu-spalvos-kombinezonas\/","name":"Abrikos\u0173 spalvos kombinezonas - KidsPlay","isPartOf":{"@id":"https:\/\/kidsplay.lt\/#website"},"primaryImageOfPage":{"@id":"https:\/\/kidsplay.lt\/produktas\/abrikosu-spalvos-kombinezonas\/#primaryimage"},"image":{"@id":"https:\/\/kidsplay.lt\/produktas\/abrikosu-spalvos-kombinezonas\/#primaryimage"},"thumbnailUrl":"https:\/\/kidsplay.lt\/wp-content\/uploads\/2025\/10\/Screenshot_109.png","datePublished":"2025-10-12T11:48:07+00:00","dateModified":"2026-02-25T14:07:49+00:00","description":"Abrikos\u0173 spalvos kombinezonas - KidsPlay. Did\u017eiausias vaik\u0173 \u017eaisl\u0173 pasirinkimas.","breadcrumb":{"@id":"https:\/\/kidsplay.lt\/produktas\/abrikosu-spalvos-kombinezonas\/#breadcrumb"},"inLanguage":"lv-LV","potentialAction":[{"@type":"ReadAction","target":["https:\/\/kidsplay.lt\/produktas\/abrikosu-spalvos-kombinezonas\/"]}]},{"@type":"ImageObject","inLanguage":"lv-LV","@id":"https:\/\/kidsplay.lt\/produktas\/abrikosu-spalvos-kombinezonas\/#primaryimage","url":"https:\/\/kidsplay.lt\/wp-content\/uploads\/2025\/10\/Screenshot_109.png","contentUrl":"https:\/\/kidsplay.lt\/wp-content\/uploads\/2025\/10\/Screenshot_109.png","width":472,"height":400},{"@type":"BreadcrumbList","@id":"https:\/\/kidsplay.lt\/produktas\/abrikosu-spalvos-kombinezonas\/#breadcrumb","itemListElement":[{"@type":"ListItem","position":1,"name":"Pagrindinis","item":"https:\/\/kidsplay.lt\/"},{"@type":"ListItem","position":2,"name":"Parduotuv\u0117","item":"https:\/\/kidsplay.lt\/parduotuve\/"},{"@type":"ListItem","position":3,"name":"Abrikos\u0173 spalvos kombinezonas"}]},{"@type":"WebSite","@id":"https:\/\/kidsplay.lt\/#website","url":"https:\/\/kidsplay.lt\/","name":"B\u0113rnu sp\u0113les.lv","description":"\u012evairios prek\u0117s vaikams","publisher":{"@id":"https:\/\/kidsplay.lt\/#organization"},"alternateName":"Kidsplay","potentialAction":[{"@type":"SearchAction","target":{"@type":"EntryPoint","urlTemplate":"https:\/\/kidsplay.lt\/?s={search_term_string}"},"query-input":{"@type":"PropertyValueSpecification","valueRequired":true,"valueName":"search_term_string"}}],"inLanguage":"lv-LV"},{"@type":"Organization","@id":"https:\/\/kidsplay.lt\/#organization","name":"B\u0113rnu sp\u0113le","url":"https:\/\/kidsplay.lt\/","logo":{"@type":"ImageObject","inLanguage":"lv-LV","@id":"https:\/\/kidsplay.lt\/#\/schema\/logo\/image\/","url":"https:\/\/kidsplay.lt\/wp-content\/uploads\/2023\/07\/kidsplay-logo.png","contentUrl":"https:\/\/kidsplay.lt\/wp-content\/uploads\/2023\/07\/kidsplay-logo.png","width":451,"height":98,"caption":"KidsPlay"},"image":{"@id":"https:\/\/kidsplay.lt\/#\/schema\/logo\/image\/"},"sameAs":["https:\/\/www.facebook.com\/www.kidsplay.lt"]}]}},"_links":{"self":[{"href":"https:\/\/kidsplay.lt\/lv\/wp-json\/wp\/v2\/product\/76190","targetHints":{"allow":["GET"]}}],"collection":[{"href":"https:\/\/kidsplay.lt\/lv\/wp-json\/wp\/v2\/product"}],"about":[{"href":"https:\/\/kidsplay.lt\/lv\/wp-json\/wp\/v2\/types\/product"}],"version-history":[{"count":1,"href":"https:\/\/kidsplay.lt\/lv\/wp-json\/wp\/v2\/product\/76190\/revisions"}],"predecessor-version":[{"id":76201,"href":"https:\/\/kidsplay.lt\/lv\/wp-json\/wp\/v2\/product\/76190\/revisions\/76201"}],"wp:featuredmedia":[{"embeddable":true,"href":"https:\/\/kidsplay.lt\/lv\/wp-json\/wp\/v2\/media\/76191"}],"wp:attachment":[{"href":"https:\/\/kidsplay.lt\/lv\/wp-json\/wp\/v2\/media?parent=76190"}],"wp:term":[{"taxonomy":"product_brand","embeddable":true,"href":"https:\/\/kidsplay.lt\/lv\/wp-json\/wp\/v2\/product_brand?post=76190"},{"taxonomy":"product_cat","embeddable":true,"href":"https:\/\/kidsplay.lt\/lv\/wp-json\/wp\/v2\/product_cat?post=76190"},{"taxonomy":"product_tag","embeddable":true,"href":"https:\/\/kidsplay.lt\/lv\/wp-json\/wp\/v2\/product_tag?post=76190"}],"curies":[{"name":"wp","href":"https:\/\/api.w.org\/{rel}","templated":true}]}}