{"id":76202,"date":"2025-10-12T14:53:36","date_gmt":"2025-10-12T11:53:36","guid":{"rendered":"https:\/\/kidsplay.lt\/?post_type=product&#038;p=76202"},"modified":"2026-02-25T16:06:51","modified_gmt":"2026-02-25T14:06:51","slug":"kombinezono-komplektas-su-pasiltinta-kepure","status":"publish","type":"product","link":"https:\/\/kidsplay.lt\/lv\/products\/kombinezono-komplektas-su-pasiltinta-kepure\/","title":{"rendered":"Kombinezono komplektas su pa\u0161iltinta kepure"},"content":{"rendered":"<div class=\"mpof_ki myre_zn myre_8v_l m389_6m_l\">\n<div class=\"mp4t_16_s mryx_16_s mr3m_1 mli2_1 mh85_56 mh85_0_l\">\n<div class=\"mgn2_16 _0d3bd_am0a-\">\n<p><b><span dir=\"auto\">Sortiments:<\/span><\/b><span dir=\"auto\">\u00a0k\u016bdikio kostium\u0117lis ir kepur\u0117<\/span><\/p>\n<p><span dir=\"auto\">NAUJAS SU POPIERIN\u0116MIS ETIKET\u0116MIS<\/span><\/p>\n<p><b><span dir=\"auto\">Kr\u0101sa:<\/span><\/b><span dir=\"auto\">\u00a0ry\u0161kiai ro\u017ein\u0117, balta\/ekru misio<\/span><\/p>\n<p><b><span dir=\"auto\">Materi\u0101la sast\u0101vs un \u012bpa\u0161\u012bbas:<\/span><\/b><\/p>\n<p><span dir=\"auto\">I\u0161orin\u0117 med\u017eiaga: 98% medviln\u0117, 2% elastanas<\/span><\/p>\n<p><span dir=\"auto\">Med\u017eiaga viduje\/me\u0161kiukas: 10% medviln\u0117 90% poliesteris<\/span><\/p>\n<p><span dir=\"auto\">&#8211;\u00a0<\/span><b><span dir=\"auto\">gra\u017eus, mink\u0161tas, m\u0117singas me\u0161kiukas<\/span><\/b><span dir=\"auto\">\u00a0apa\u010dioje &#8211; puikiai tinka ankstyvam pavasariui, rudeniui ir net lengvai \u017eiemai<\/span><\/p>\n<p><b><span dir=\"auto\">Kirpimas:<\/span><\/b><span dir=\"auto\">\u00a0Kombinezonas su gobtuvu ir linksmomis ausyt\u0117mis. U\u017esegamas patogiu u\u017etrauktuku nuo vienos kojos iki kaklo. U\u017etrauktuko gale ties kaklu yra med\u017eiagos apsauga, kad neu\u017espaust\u0173 vaiko burnyt\u0117s \ud83d\ude09 Rankov\u0117se susuktos pir\u0161tin\u0117s.<\/span><\/p>\n<p><span dir=\"auto\">Rekomenduojame pavasario ir rudens pasivaik\u0161\u010diojimams, kelion\u0117ms automobiliu ar net i\u0161vykstant i\u0161 ligonin\u0117s.<\/span><\/p>\n<p><span dir=\"auto\">Puikiai tinka dovanai!<\/span><\/p>\n<\/div>\n<\/div>\n<div class=\"mp4t_16_s mryx_16_s mr3m_1 mli2_1 mh85_56 mh85_0_l\">\n<div class=\"mg9e_8 mj7a_8 mg9e_0_s mvrt_0_s mj7a_0_s mh36_0_s mzmg_6m munh_16_l m3h2_16_l\">\n<div class=\"mp4t_0 mryx_0 munh_56 m3h2_56\">\n<div class=\"mp7g_oh\"><button class=\"mg9e_0 mvrt_0 mj7a_0 mh36_0 mp4t_0 m3h2_0 mryx_0 munh_0 mqen_m6 mpof_z0 mx7m_0 m7er_k4 mse2_k4 msts_pt\" data-analytics-interaction=\"true\" data-analytics-interaction-label=\"zoomable-image-open\" aria-disabled=\"true\"><img decoding=\"async\" class=\"msub_k4 mupj_5k mjru_k4 mse2_k4 mp7g_f6 mq1m_0 mj7u_0 m7er_k4 mqen_m6 m31c_d8 m0ux_fp lazyloaded\" src=\"https:\/\/a.allegroimg.com\/original\/1122e8\/d8522bab40cbac94079095fbae7a\/JUMPSUIT-SET-INSULATED-CAP-62-L500E-Brand-Nicol\" sizes=\"(min-width: 1200px) 560px, (min-width: 992px) 50vw, 100vw\" srcset=\"https:\/\/a.allegroimg.com\/s360\/1122e8\/d8522bab40cbac94079095fbae7a\/JUMPSUIT-SET-INSULATED-CAP-62-L500E-Brand-Nicol 268w,https:\/\/a.allegroimg.com\/s720\/1122e8\/d8522bab40cbac94079095fbae7a\/JUMPSUIT-SET-INSULATED-CAP-62-L500E-Brand-Nicol 537w,https:\/\/a.allegroimg.com\/s1024\/1122e8\/d8522bab40cbac94079095fbae7a\/JUMPSUIT-SET-INSULATED-CAP-62-L500E-Brand-Nicol 552w,https:\/\/a.allegroimg.com\/original\/1122e8\/d8522bab40cbac94079095fbae7a\/JUMPSUIT-SET-INSULATED-CAP-62-L500E-Brand-Nicol 552w\" alt=\"JUMPSUIT SET INSULATED CAP 62 L500E Brand Nicol\" width=\"552px\" data-srcset=\"\" \/><\/button><\/div>\n<\/div>\n<\/div>\n<\/div>\n<\/div>\n<div class=\"mpof_ki myre_zn myre_8v_l m389_6m_l\">\n<div class=\"mp4t_16_s mryx_16_s mr3m_1 mli2_1 mh85_56 mh85_0_l\">\n<div class=\"mg9e_8 mj7a_8 mg9e_0_s mvrt_0_s mj7a_0_s mh36_0_s mzmg_6m munh_16_l m3h2_16_l\">\n<div class=\"mp4t_0 mryx_0 munh_56 m3h2_56\">\n<div class=\"mp7g_oh\"><button class=\"mg9e_0 mvrt_0 mj7a_0 mh36_0 mp4t_0 m3h2_0 mryx_0 munh_0 mqen_m6 mpof_z0 mx7m_0 m7er_k4 mse2_k4 msts_pt\" data-analytics-interaction=\"true\" data-analytics-interaction-label=\"zoomable-image-open\" aria-disabled=\"true\"><img decoding=\"async\" class=\"msub_k4 mupj_5k mjru_k4 mse2_k4 mp7g_f6 mq1m_0 mj7u_0 m7er_k4 mqen_m6 m31c_d8 m0ux_fp lazyloaded\" src=\"https:\/\/a.allegroimg.com\/original\/11af56\/274c81a44f5799a6a77b435fb780\/JUMPSUIT-SET-INSULATED-CAP-62-L500E-Kind-baby\" sizes=\"(min-width: 1200px) 560px, (min-width: 992px) 50vw, 100vw\" srcset=\"https:\/\/a.allegroimg.com\/s360\/11af56\/274c81a44f5799a6a77b435fb780\/JUMPSUIT-SET-INSULATED-CAP-62-L500E-Kind-baby 329w,https:\/\/a.allegroimg.com\/s720\/11af56\/274c81a44f5799a6a77b435fb780\/JUMPSUIT-SET-INSULATED-CAP-62-L500E-Kind-baby 659w,https:\/\/a.allegroimg.com\/s1024\/11af56\/274c81a44f5799a6a77b435fb780\/JUMPSUIT-SET-INSULATED-CAP-62-L500E-Kind-baby 675w,https:\/\/a.allegroimg.com\/original\/11af56\/274c81a44f5799a6a77b435fb780\/JUMPSUIT-SET-INSULATED-CAP-62-L500E-Kind-baby 675w\" alt=\"JUMPSUIT SET INSULATED CAP 62 L500E Kind baby\" width=\"675px\" data-srcset=\"\" \/><\/button><\/div>\n<\/div>\n<\/div>\n<\/div>\n<div class=\"mp4t_16_s mryx_16_s mr3m_1 mli2_1 mh85_56 mh85_0_l\">\n<div class=\"mgn2_16 _0d3bd_am0a-\">\n<p><b><span dir=\"auto\">Izm\u0113ri<\/span><\/b><span dir=\"auto\">\u00a0\u2013 l\u016bdzu, p\u0101rbaudiet<\/span><\/p>\n<p><span dir=\"auto\">Ilgis nuo peties iki kulno: 47 cm<\/span><\/p>\n<p><span dir=\"auto\">plotis: 26 cm<\/span><\/p>\n<p><span dir=\"auto\">Ilgis nuo laiptelio: 19 cm<\/span><\/p>\n<p><span dir=\"auto\">piedurkne no padeves: 15 cm<\/span><\/p>\n<\/div>\n<\/div>\n<\/div>","protected":false},"excerpt":{"rendered":"<p>Asortimentas:\u00a0k\u016bdikio kostium\u0117lis ir kepur\u0117 NAUJAS SU POPIERIN\u0116MIS ETIKET\u0116MIS Spalva:\u00a0ry\u0161kiai ro\u017ein\u0117, balta\/ekru misio Med\u017eiagos sud\u0117tis ir savyb\u0117s: I\u0161orin\u0117 med\u017eiaga: 98% medviln\u0117,<\/p>","protected":false},"featured_media":76203,"template":"","meta":{"_acf_changed":false,"_glsr_average":0,"_glsr_ranking":0,"_glsr_reviews":0},"product_brand":[],"product_cat":[676],"product_tag":[],"class_list":{"0":"post-76202","1":"product","2":"type-product","3":"status-publish","4":"has-post-thumbnail","6":"product_cat-kombinezonai","7":"\"style=\"background-color: #2ecc711c;\"","9":"first","10":"instock","11":"shipping-taxable","12":"purchasable","13":"product-type-variable"},"acf":[],"yoast_head":"<!-- This site is optimized with the Yoast SEO plugin v27.3 - https:\/\/yoast.com\/product\/yoast-seo-wordpress\/ -->\n<title>Kombinezono komplektas su pa\u0161iltinta kepure - KidsPlay<\/title>\n<meta name=\"description\" content=\"Kombinezono komplektas su pa\u0161iltinta kepure - KidsPlay. Did\u017eiausias vaik\u0173 \u017eaisl\u0173 pasirinkimas.\" \/>\n<meta name=\"robots\" content=\"index, follow, max-snippet:-1, max-image-preview:large, max-video-preview:-1\" \/>\n<link rel=\"canonical\" href=\"https:\/\/kidsplay.lt\/lv\/products\/kombinezono-komplektas-su-pasiltinta-kepure\/\" \/>\n<meta property=\"og:locale\" content=\"lv_LV\" \/>\n<meta property=\"og:type\" content=\"article\" \/>\n<meta property=\"og:title\" content=\"Kombinezono komplektas su pa\u0161iltinta kepure - KidsPlay\" \/>\n<meta property=\"og:description\" content=\"Kombinezono komplektas su pa\u0161iltinta kepure - KidsPlay. Did\u017eiausias vaik\u0173 \u017eaisl\u0173 pasirinkimas.\" \/>\n<meta property=\"og:url\" content=\"https:\/\/kidsplay.lt\/lv\/products\/kombinezono-komplektas-su-pasiltinta-kepure\/\" \/>\n<meta property=\"og:site_name\" content=\"KidsPlay\" \/>\n<meta property=\"article:publisher\" content=\"https:\/\/www.facebook.com\/www.kidsplay.lt\" \/>\n<meta property=\"article:modified_time\" content=\"2026-02-25T14:06:51+00:00\" \/>\n<meta property=\"og:image\" content=\"https:\/\/kidsplay.lt\/wp-content\/uploads\/2025\/10\/Screenshot_116.png\" \/>\n\t<meta property=\"og:image:width\" content=\"527\" \/>\n\t<meta property=\"og:image:height\" content=\"425\" \/>\n\t<meta property=\"og:image:type\" content=\"image\/png\" \/>\n<meta name=\"twitter:card\" content=\"summary_large_image\" \/>\n<meta name=\"twitter:label1\" content=\"Est. reading time\" \/>\n\t<meta name=\"twitter:data1\" content=\"2 min\u016btes\" \/>\n<script type=\"application\/ld+json\" class=\"yoast-schema-graph\">{\"@context\":\"https:\\\/\\\/schema.org\",\"@graph\":[{\"@type\":\"WebPage\",\"@id\":\"https:\\\/\\\/kidsplay.lt\\\/produktas\\\/kombinezono-komplektas-su-pasiltinta-kepure\\\/\",\"url\":\"https:\\\/\\\/kidsplay.lt\\\/produktas\\\/kombinezono-komplektas-su-pasiltinta-kepure\\\/\",\"name\":\"Kombinezono komplektas su pa\u0161iltinta kepure - KidsPlay\",\"isPartOf\":{\"@id\":\"https:\\\/\\\/kidsplay.lt\\\/#website\"},\"primaryImageOfPage\":{\"@id\":\"https:\\\/\\\/kidsplay.lt\\\/produktas\\\/kombinezono-komplektas-su-pasiltinta-kepure\\\/#primaryimage\"},\"image\":{\"@id\":\"https:\\\/\\\/kidsplay.lt\\\/produktas\\\/kombinezono-komplektas-su-pasiltinta-kepure\\\/#primaryimage\"},\"thumbnailUrl\":\"https:\\\/\\\/kidsplay.lt\\\/wp-content\\\/uploads\\\/2025\\\/10\\\/Screenshot_116.png\",\"datePublished\":\"2025-10-12T11:53:36+00:00\",\"dateModified\":\"2026-02-25T14:06:51+00:00\",\"description\":\"Kombinezono komplektas su pa\u0161iltinta kepure - KidsPlay. Did\u017eiausias vaik\u0173 \u017eaisl\u0173 pasirinkimas.\",\"breadcrumb\":{\"@id\":\"https:\\\/\\\/kidsplay.lt\\\/produktas\\\/kombinezono-komplektas-su-pasiltinta-kepure\\\/#breadcrumb\"},\"inLanguage\":\"lv-LV\",\"potentialAction\":[{\"@type\":\"ReadAction\",\"target\":[\"https:\\\/\\\/kidsplay.lt\\\/produktas\\\/kombinezono-komplektas-su-pasiltinta-kepure\\\/\"]}]},{\"@type\":\"ImageObject\",\"inLanguage\":\"lv-LV\",\"@id\":\"https:\\\/\\\/kidsplay.lt\\\/produktas\\\/kombinezono-komplektas-su-pasiltinta-kepure\\\/#primaryimage\",\"url\":\"https:\\\/\\\/kidsplay.lt\\\/wp-content\\\/uploads\\\/2025\\\/10\\\/Screenshot_116.png\",\"contentUrl\":\"https:\\\/\\\/kidsplay.lt\\\/wp-content\\\/uploads\\\/2025\\\/10\\\/Screenshot_116.png\",\"width\":527,\"height\":425},{\"@type\":\"BreadcrumbList\",\"@id\":\"https:\\\/\\\/kidsplay.lt\\\/produktas\\\/kombinezono-komplektas-su-pasiltinta-kepure\\\/#breadcrumb\",\"itemListElement\":[{\"@type\":\"ListItem\",\"position\":1,\"name\":\"Pagrindinis\",\"item\":\"https:\\\/\\\/kidsplay.lt\\\/\"},{\"@type\":\"ListItem\",\"position\":2,\"name\":\"Parduotuv\u0117\",\"item\":\"https:\\\/\\\/kidsplay.lt\\\/parduotuve\\\/\"},{\"@type\":\"ListItem\",\"position\":3,\"name\":\"Kombinezono komplektas su pa\u0161iltinta kepure\"}]},{\"@type\":\"WebSite\",\"@id\":\"https:\\\/\\\/kidsplay.lt\\\/#website\",\"url\":\"https:\\\/\\\/kidsplay.lt\\\/\",\"name\":\"Kidsplay.lt\",\"description\":\"\u012evairios prek\u0117s vaikams\",\"publisher\":{\"@id\":\"https:\\\/\\\/kidsplay.lt\\\/#organization\"},\"alternateName\":\"Kidsplay\",\"potentialAction\":[{\"@type\":\"SearchAction\",\"target\":{\"@type\":\"EntryPoint\",\"urlTemplate\":\"https:\\\/\\\/kidsplay.lt\\\/?s={search_term_string}\"},\"query-input\":{\"@type\":\"PropertyValueSpecification\",\"valueRequired\":true,\"valueName\":\"search_term_string\"}}],\"inLanguage\":\"lv-LV\"},{\"@type\":\"Organization\",\"@id\":\"https:\\\/\\\/kidsplay.lt\\\/#organization\",\"name\":\"KidsPlay\",\"url\":\"https:\\\/\\\/kidsplay.lt\\\/\",\"logo\":{\"@type\":\"ImageObject\",\"inLanguage\":\"lv-LV\",\"@id\":\"https:\\\/\\\/kidsplay.lt\\\/#\\\/schema\\\/logo\\\/image\\\/\",\"url\":\"https:\\\/\\\/kidsplay.lt\\\/wp-content\\\/uploads\\\/2023\\\/07\\\/kidsplay-logo.png\",\"contentUrl\":\"https:\\\/\\\/kidsplay.lt\\\/wp-content\\\/uploads\\\/2023\\\/07\\\/kidsplay-logo.png\",\"width\":451,\"height\":98,\"caption\":\"KidsPlay\"},\"image\":{\"@id\":\"https:\\\/\\\/kidsplay.lt\\\/#\\\/schema\\\/logo\\\/image\\\/\"},\"sameAs\":[\"https:\\\/\\\/www.facebook.com\\\/www.kidsplay.lt\"]}]}<\/script>\n<!-- \/ Yoast SEO plugin. -->","yoast_head_json":{"title":"Kombinezono komplektas su pa\u0161iltinta kepure - KidsPlay","description":"Kombinezono komplektas su pa\u0161iltinta kepure - KidsPlay. Did\u017eiausias vaik\u0173 \u017eaisl\u0173 pasirinkimas.","robots":{"index":"index","follow":"follow","max-snippet":"max-snippet:-1","max-image-preview":"max-image-preview:large","max-video-preview":"max-video-preview:-1"},"canonical":"https:\/\/kidsplay.lt\/lv\/products\/kombinezono-komplektas-su-pasiltinta-kepure\/","og_locale":"lv_LV","og_type":"article","og_title":"Kombinezono komplektas su pa\u0161iltinta kepure - KidsPlay","og_description":"Kombinezono komplektas su pa\u0161iltinta kepure - KidsPlay. Did\u017eiausias vaik\u0173 \u017eaisl\u0173 pasirinkimas.","og_url":"https:\/\/kidsplay.lt\/lv\/products\/kombinezono-komplektas-su-pasiltinta-kepure\/","og_site_name":"KidsPlay","article_publisher":"https:\/\/www.facebook.com\/www.kidsplay.lt","article_modified_time":"2026-02-25T14:06:51+00:00","og_image":[{"width":527,"height":425,"url":"https:\/\/kidsplay.lt\/wp-content\/uploads\/2025\/10\/Screenshot_116.png","type":"image\/png"}],"twitter_card":"summary_large_image","twitter_misc":{"Est. reading time":"2 min\u016btes"},"schema":{"@context":"https:\/\/schema.org","@graph":[{"@type":"WebPage","@id":"https:\/\/kidsplay.lt\/produktas\/kombinezono-komplektas-su-pasiltinta-kepure\/","url":"https:\/\/kidsplay.lt\/produktas\/kombinezono-komplektas-su-pasiltinta-kepure\/","name":"Kombinezono komplektas su pa\u0161iltinta kepure - KidsPlay","isPartOf":{"@id":"https:\/\/kidsplay.lt\/#website"},"primaryImageOfPage":{"@id":"https:\/\/kidsplay.lt\/produktas\/kombinezono-komplektas-su-pasiltinta-kepure\/#primaryimage"},"image":{"@id":"https:\/\/kidsplay.lt\/produktas\/kombinezono-komplektas-su-pasiltinta-kepure\/#primaryimage"},"thumbnailUrl":"https:\/\/kidsplay.lt\/wp-content\/uploads\/2025\/10\/Screenshot_116.png","datePublished":"2025-10-12T11:53:36+00:00","dateModified":"2026-02-25T14:06:51+00:00","description":"Kombinezono komplektas su pa\u0161iltinta kepure - KidsPlay. Did\u017eiausias vaik\u0173 \u017eaisl\u0173 pasirinkimas.","breadcrumb":{"@id":"https:\/\/kidsplay.lt\/produktas\/kombinezono-komplektas-su-pasiltinta-kepure\/#breadcrumb"},"inLanguage":"lv-LV","potentialAction":[{"@type":"ReadAction","target":["https:\/\/kidsplay.lt\/produktas\/kombinezono-komplektas-su-pasiltinta-kepure\/"]}]},{"@type":"ImageObject","inLanguage":"lv-LV","@id":"https:\/\/kidsplay.lt\/produktas\/kombinezono-komplektas-su-pasiltinta-kepure\/#primaryimage","url":"https:\/\/kidsplay.lt\/wp-content\/uploads\/2025\/10\/Screenshot_116.png","contentUrl":"https:\/\/kidsplay.lt\/wp-content\/uploads\/2025\/10\/Screenshot_116.png","width":527,"height":425},{"@type":"BreadcrumbList","@id":"https:\/\/kidsplay.lt\/produktas\/kombinezono-komplektas-su-pasiltinta-kepure\/#breadcrumb","itemListElement":[{"@type":"ListItem","position":1,"name":"Pagrindinis","item":"https:\/\/kidsplay.lt\/"},{"@type":"ListItem","position":2,"name":"Parduotuv\u0117","item":"https:\/\/kidsplay.lt\/parduotuve\/"},{"@type":"ListItem","position":3,"name":"Kombinezono komplektas su pa\u0161iltinta kepure"}]},{"@type":"WebSite","@id":"https:\/\/kidsplay.lt\/#website","url":"https:\/\/kidsplay.lt\/","name":"B\u0113rnu sp\u0113les.lv","description":"\u012evairios prek\u0117s vaikams","publisher":{"@id":"https:\/\/kidsplay.lt\/#organization"},"alternateName":"Kidsplay","potentialAction":[{"@type":"SearchAction","target":{"@type":"EntryPoint","urlTemplate":"https:\/\/kidsplay.lt\/?s={search_term_string}"},"query-input":{"@type":"PropertyValueSpecification","valueRequired":true,"valueName":"search_term_string"}}],"inLanguage":"lv-LV"},{"@type":"Organization","@id":"https:\/\/kidsplay.lt\/#organization","name":"B\u0113rnu sp\u0113le","url":"https:\/\/kidsplay.lt\/","logo":{"@type":"ImageObject","inLanguage":"lv-LV","@id":"https:\/\/kidsplay.lt\/#\/schema\/logo\/image\/","url":"https:\/\/kidsplay.lt\/wp-content\/uploads\/2023\/07\/kidsplay-logo.png","contentUrl":"https:\/\/kidsplay.lt\/wp-content\/uploads\/2023\/07\/kidsplay-logo.png","width":451,"height":98,"caption":"KidsPlay"},"image":{"@id":"https:\/\/kidsplay.lt\/#\/schema\/logo\/image\/"},"sameAs":["https:\/\/www.facebook.com\/www.kidsplay.lt"]}]}},"_links":{"self":[{"href":"https:\/\/kidsplay.lt\/lv\/wp-json\/wp\/v2\/product\/76202","targetHints":{"allow":["GET"]}}],"collection":[{"href":"https:\/\/kidsplay.lt\/lv\/wp-json\/wp\/v2\/product"}],"about":[{"href":"https:\/\/kidsplay.lt\/lv\/wp-json\/wp\/v2\/types\/product"}],"version-history":[{"count":1,"href":"https:\/\/kidsplay.lt\/lv\/wp-json\/wp\/v2\/product\/76202\/revisions"}],"predecessor-version":[{"id":76213,"href":"https:\/\/kidsplay.lt\/lv\/wp-json\/wp\/v2\/product\/76202\/revisions\/76213"}],"wp:featuredmedia":[{"embeddable":true,"href":"https:\/\/kidsplay.lt\/lv\/wp-json\/wp\/v2\/media\/76203"}],"wp:attachment":[{"href":"https:\/\/kidsplay.lt\/lv\/wp-json\/wp\/v2\/media?parent=76202"}],"wp:term":[{"taxonomy":"product_brand","embeddable":true,"href":"https:\/\/kidsplay.lt\/lv\/wp-json\/wp\/v2\/product_brand?post=76202"},{"taxonomy":"product_cat","embeddable":true,"href":"https:\/\/kidsplay.lt\/lv\/wp-json\/wp\/v2\/product_cat?post=76202"},{"taxonomy":"product_tag","embeddable":true,"href":"https:\/\/kidsplay.lt\/lv\/wp-json\/wp\/v2\/product_tag?post=76202"}],"curies":[{"name":"wp","href":"https:\/\/api.w.org\/{rel}","templated":true}]}}