{"id":76214,"date":"2025-10-12T14:58:23","date_gmt":"2025-10-12T11:58:23","guid":{"rendered":"https:\/\/kidsplay.lt\/?post_type=product&#038;p=76214"},"modified":"2026-02-25T16:05:37","modified_gmt":"2026-02-25T14:05:37","slug":"zieminis-vientisas-vaikiskas-kostiumas","status":"publish","type":"product","link":"https:\/\/kidsplay.lt\/lv\/products\/zieminis-vientisas-vaikiskas-kostiumas\/","title":{"rendered":"Ziemas viengabalains b\u0113rnu kost\u012bms"},"content":{"rendered":"<div class=\"mpof_ki myre_zn myre_8v_l m389_6m_l\">\n<div class=\"mp4t_16_s mryx_16_s mr3m_1 mli2_1 mh85_56 mh85_0_l\">\n<div class=\"mgn2_16 _0d3bd_am0a-\">\n<h1><span dir=\"auto\">\u017dieminis vaiki\u0161kas kostiumas su ausyt\u0117mis<\/span><\/h1>\n<h1><span dir=\"auto\">\u017dieminis vaiki\u0161kas kostiumas su ausyt\u0117mis<\/span><\/h1>\n<p><span dir=\"auto\">\u017davus, vientisas kombinezonas su mielomis ausyt\u0117mis ant gobtuvo, 92\/98 dyd\u017eio, juodas.<\/span><\/p>\n<p><b><span dir=\"auto\">Kombinezonas<\/span><\/b><span dir=\"auto\">\u00a0yra puiki alternatyva klasikinei striukei ar paltui \u017eiemai. Klasikinis ir patogus dizainas leis j\u016bs\u0173 ma\u017eyliui patogiai leisti \u017eiemos pramogas. Kostiumas puikiai tinka rogut\u0117ms, slidin\u0117jimui ir kitoms \u017eiemos pramogoms.<\/span><\/p>\n<\/div>\n<\/div>\n<\/div>\n<div class=\"mpof_ki myre_zn myre_8v_l m389_6m_l\">\n<div class=\"mp4t_16_s mryx_16_s mr3m_1 mli2_1 mh85_56 mh85_0_l\">\n<div class=\"mgn2_16 _0d3bd_am0a-\">\n<p><span dir=\"auto\">\u0160iltas \u017eieminis kostiumas i\u0161 neper\u0161lampamos ir nepraleid\u017eian\u010dios v\u0117jo bei lietaus med\u017eiagos. Idealiai tinka \u017eiemos oro s\u0105lygoms. Kostiumas pagamintas i\u0161 dygsniuotos med\u017eiagos, izoliuotos Orthalion neaustin\u0117s med\u017eiagos sluoksniu. Kostiumo viduryje yra slidus pamu\u0161alas, kuris neabejotinai palengvina apsirengim\u0105. Visas kostiumas u\u017esegamas u\u017etrauktuku. Gra\u017eios ausyt\u0117s ant gobtuvo. Rankov\u0117se ir keln\u0117se yra rai\u0161teliai, kuri\u0173 d\u0117ka \u012f kostiumo vid\u0173 nepateks sniegas ar \u0161altis. Atviros p\u0117dos \u2013 galima apsiauti batus.<\/span><\/p>\n<p><b><span dir=\"auto\">Dyd\u017eio matmenys 92\/98:<\/span><\/b><\/p>\n<ul>\n<li><span dir=\"auto\">bendras ilgis: 79 cm,<\/span><\/li>\n<li><span dir=\"auto\">Kojos ilgis nuo tarpkojo: 29 cm,<\/span><\/li>\n<li><span dir=\"auto\">Rankov\u0117s ilgis nuo pa\u017easties: 26 cm.<\/span><\/li>\n<\/ul>\n<\/div>\n<\/div>\n<div class=\"mp4t_16_s mryx_16_s mr3m_1 mli2_1 mh85_56 mh85_0_l\">\n<div class=\"mg9e_8 mj7a_8 mg9e_0_s mvrt_0_s mj7a_0_s mh36_0_s mzmg_6m munh_16_l m3h2_16_l\">\n<div class=\"mp4t_0 mryx_0 munh_56 m3h2_56\">\n<div class=\"mp7g_oh\"><button class=\"mg9e_0 mvrt_0 mj7a_0 mh36_0 mp4t_0 m3h2_0 mryx_0 munh_0 mqen_m6 mpof_z0 mx7m_0 m7er_k4 mse2_k4 msts_pt\" data-analytics-interaction=\"true\" data-analytics-interaction-label=\"zoomable-image-open\" aria-disabled=\"true\"><img decoding=\"async\" class=\"msub_k4 mupj_5k mjru_k4 mse2_k4 mp7g_f6 mq1m_0 mj7u_0 m7er_k4 mqen_m6 m31c_d8 m0ux_fp lazyloaded\" src=\"https:\/\/a.allegroimg.com\/original\/11b1fa\/19ec96f146638f95b974d3838ca3\/Winter-one-piece-children-s-suit-with-ear-pullers-black-92-98-Brand-no-brand\" sizes=\"(min-width: 1200px) 560px, (min-width: 992px) 50vw, 100vw\" srcset=\"https:\/\/a.allegroimg.com\/s360\/11b1fa\/19ec96f146638f95b974d3838ca3\/Winter-one-piece-children-s-suit-with-ear-pullers-black-92-98-Brand-no-brand 360w,https:\/\/a.allegroimg.com\/s720\/11b1fa\/19ec96f146638f95b974d3838ca3\/Winter-one-piece-children-s-suit-with-ear-pullers-black-92-98-Brand-no-brand 468w,https:\/\/a.allegroimg.com\/original\/11b1fa\/19ec96f146638f95b974d3838ca3\/Winter-one-piece-children-s-suit-with-ear-pullers-black-92-98-Brand-no-brand 468w\" alt=\"\u017dieminis vientisas vaiki\u0161kas kostiumas su aus\u0173 kam\u0161tukais, juodas, 92\/98 m., prek\u0117s \u017eenklas be prek\u0117s \u017eenklo\" width=\"468px\" data-srcset=\"\" \/><\/button><\/div>\n<\/div>\n<\/div>\n<\/div>\n<\/div>\n<div class=\"mpof_ki myre_zn myre_8v_l m389_6m_l\">\n<div class=\"mp4t_16_s mryx_16_s mr3m_1 mli2_1 mh85_56 mh85_0_l\">\n<div class=\"mg9e_8 mj7a_8 mg9e_0_s mvrt_0_s mj7a_0_s mh36_0_s mzmg_6m munh_16_l m3h2_16_l\">\n<div class=\"mp4t_0 mryx_0 munh_56 m3h2_56\">\n<div class=\"mp7g_oh\"><button class=\"mg9e_0 mvrt_0 mj7a_0 mh36_0 mp4t_0 m3h2_0 mryx_0 munh_0 mqen_m6 mpof_z0 mx7m_0 m7er_k4 mse2_k4 msts_pt\" data-analytics-interaction=\"true\" data-analytics-interaction-label=\"zoomable-image-open\" aria-disabled=\"true\"><img decoding=\"async\" class=\"msub_k4 mupj_5k mjru_k4 mse2_k4 mp7g_f6 mq1m_0 mj7u_0 m7er_k4 mqen_m6 m31c_d8 m0ux_fp lazyloaded\" src=\"https:\/\/a.allegroimg.com\/original\/115a3f\/8e55e93e4c6580b16f1540ed4374\/Winter-one-piece-children-s-suit-with-ear-pullers-black-92-98-Manufacturer-code-kombinezon-zimowy-jednoczesciowy-modila\" sizes=\"100vw\" srcset=\"https:\/\/a.allegroimg.com\/s360\/115a3f\/8e55e93e4c6580b16f1540ed4374\/Winter-one-piece-children-s-suit-with-ear-pullers-black-92-98-Manufacturer-code-kombinezon-zimowy-jednoczesciowy-modila 360w,https:\/\/a.allegroimg.com\/s720\/115a3f\/8e55e93e4c6580b16f1540ed4374\/Winter-one-piece-children-s-suit-with-ear-pullers-black-92-98-Manufacturer-code-kombinezon-zimowy-jednoczesciowy-modila 681w,https:\/\/a.allegroimg.com\/original\/115a3f\/8e55e93e4c6580b16f1540ed4374\/Winter-one-piece-children-s-suit-with-ear-pullers-black-92-98-Manufacturer-code-kombinezon-zimowy-jednoczesciowy-modila 681w\" alt=\"\u017dieminis vientisas vaiki\u0161kas kostiumas su aus\u0173 i\u0161traukikliais juodas 92\/98 Gamintojo kodas kombinezon zimowy jednocz\u0119\u015bciowy modila\" width=\"681px\" data-srcset=\"\" \/><\/button><\/div>\n<\/div>\n<\/div>\n<\/div>\n<\/div>","protected":false},"excerpt":{"rendered":"<p>\u017dieminis vaiki\u0161kas kostiumas su ausyt\u0117mis \u017dieminis vaiki\u0161kas kostiumas su ausyt\u0117mis \u017davus, vientisas kombinezonas su mielomis ausyt\u0117mis ant gobtuvo, 92\/98 dyd\u017eio,<\/p>","protected":false},"featured_media":76215,"template":"","meta":{"_acf_changed":false,"_glsr_average":0,"_glsr_ranking":0,"_glsr_reviews":0},"product_brand":[],"product_cat":[676],"product_tag":[],"class_list":{"0":"post-76214","1":"product","2":"type-product","3":"status-publish","4":"has-post-thumbnail","6":"product_cat-kombinezonai","7":"\"style=\"background-color: #2ecc711c;\"","9":"first","10":"instock","11":"shipping-taxable","12":"purchasable","13":"product-type-variable"},"acf":[],"yoast_head":"<!-- This site is optimized with the Yoast SEO plugin v27.3 - https:\/\/yoast.com\/product\/yoast-seo-wordpress\/ -->\n<title>\u017dieminis vientisas vaiki\u0161kas kostiumas - KidsPlay<\/title>\n<meta name=\"description\" content=\"\u017dieminis vientisas vaiki\u0161kas kostiumas - KidsPlay. Did\u017eiausias vaik\u0173 \u017eaisl\u0173 pasirinkimas.\" \/>\n<meta name=\"robots\" content=\"index, follow, max-snippet:-1, max-image-preview:large, max-video-preview:-1\" \/>\n<link rel=\"canonical\" href=\"https:\/\/kidsplay.lt\/lv\/products\/zieminis-vientisas-vaikiskas-kostiumas\/\" \/>\n<meta property=\"og:locale\" content=\"lv_LV\" \/>\n<meta property=\"og:type\" content=\"article\" \/>\n<meta property=\"og:title\" content=\"\u017dieminis vientisas vaiki\u0161kas kostiumas - KidsPlay\" \/>\n<meta property=\"og:description\" content=\"\u017dieminis vientisas vaiki\u0161kas kostiumas - KidsPlay. Did\u017eiausias vaik\u0173 \u017eaisl\u0173 pasirinkimas.\" \/>\n<meta property=\"og:url\" content=\"https:\/\/kidsplay.lt\/lv\/products\/zieminis-vientisas-vaikiskas-kostiumas\/\" \/>\n<meta property=\"og:site_name\" content=\"KidsPlay\" \/>\n<meta property=\"article:publisher\" content=\"https:\/\/www.facebook.com\/www.kidsplay.lt\" \/>\n<meta property=\"article:modified_time\" content=\"2026-02-25T14:05:37+00:00\" \/>\n<meta property=\"og:image\" content=\"https:\/\/kidsplay.lt\/wp-content\/uploads\/2025\/10\/Screenshot_123.png\" \/>\n\t<meta property=\"og:image:width\" content=\"396\" \/>\n\t<meta property=\"og:image:height\" content=\"440\" \/>\n\t<meta property=\"og:image:type\" content=\"image\/png\" \/>\n<meta name=\"twitter:card\" content=\"summary_large_image\" \/>\n<meta name=\"twitter:label1\" content=\"Est. reading time\" \/>\n\t<meta name=\"twitter:data1\" content=\"2 min\u016btes\" \/>\n<script type=\"application\/ld+json\" class=\"yoast-schema-graph\">{\"@context\":\"https:\\\/\\\/schema.org\",\"@graph\":[{\"@type\":\"WebPage\",\"@id\":\"https:\\\/\\\/kidsplay.lt\\\/produktas\\\/zieminis-vientisas-vaikiskas-kostiumas\\\/\",\"url\":\"https:\\\/\\\/kidsplay.lt\\\/produktas\\\/zieminis-vientisas-vaikiskas-kostiumas\\\/\",\"name\":\"\u017dieminis vientisas vaiki\u0161kas kostiumas - KidsPlay\",\"isPartOf\":{\"@id\":\"https:\\\/\\\/kidsplay.lt\\\/#website\"},\"primaryImageOfPage\":{\"@id\":\"https:\\\/\\\/kidsplay.lt\\\/produktas\\\/zieminis-vientisas-vaikiskas-kostiumas\\\/#primaryimage\"},\"image\":{\"@id\":\"https:\\\/\\\/kidsplay.lt\\\/produktas\\\/zieminis-vientisas-vaikiskas-kostiumas\\\/#primaryimage\"},\"thumbnailUrl\":\"https:\\\/\\\/kidsplay.lt\\\/wp-content\\\/uploads\\\/2025\\\/10\\\/Screenshot_123.png\",\"datePublished\":\"2025-10-12T11:58:23+00:00\",\"dateModified\":\"2026-02-25T14:05:37+00:00\",\"description\":\"\u017dieminis vientisas vaiki\u0161kas kostiumas - KidsPlay. Did\u017eiausias vaik\u0173 \u017eaisl\u0173 pasirinkimas.\",\"breadcrumb\":{\"@id\":\"https:\\\/\\\/kidsplay.lt\\\/produktas\\\/zieminis-vientisas-vaikiskas-kostiumas\\\/#breadcrumb\"},\"inLanguage\":\"lv-LV\",\"potentialAction\":[{\"@type\":\"ReadAction\",\"target\":[\"https:\\\/\\\/kidsplay.lt\\\/produktas\\\/zieminis-vientisas-vaikiskas-kostiumas\\\/\"]}]},{\"@type\":\"ImageObject\",\"inLanguage\":\"lv-LV\",\"@id\":\"https:\\\/\\\/kidsplay.lt\\\/produktas\\\/zieminis-vientisas-vaikiskas-kostiumas\\\/#primaryimage\",\"url\":\"https:\\\/\\\/kidsplay.lt\\\/wp-content\\\/uploads\\\/2025\\\/10\\\/Screenshot_123.png\",\"contentUrl\":\"https:\\\/\\\/kidsplay.lt\\\/wp-content\\\/uploads\\\/2025\\\/10\\\/Screenshot_123.png\",\"width\":396,\"height\":440},{\"@type\":\"BreadcrumbList\",\"@id\":\"https:\\\/\\\/kidsplay.lt\\\/produktas\\\/zieminis-vientisas-vaikiskas-kostiumas\\\/#breadcrumb\",\"itemListElement\":[{\"@type\":\"ListItem\",\"position\":1,\"name\":\"Pagrindinis\",\"item\":\"https:\\\/\\\/kidsplay.lt\\\/\"},{\"@type\":\"ListItem\",\"position\":2,\"name\":\"Parduotuv\u0117\",\"item\":\"https:\\\/\\\/kidsplay.lt\\\/parduotuve\\\/\"},{\"@type\":\"ListItem\",\"position\":3,\"name\":\"\u017dieminis vientisas vaiki\u0161kas kostiumas\"}]},{\"@type\":\"WebSite\",\"@id\":\"https:\\\/\\\/kidsplay.lt\\\/#website\",\"url\":\"https:\\\/\\\/kidsplay.lt\\\/\",\"name\":\"Kidsplay.lt\",\"description\":\"\u012evairios prek\u0117s vaikams\",\"publisher\":{\"@id\":\"https:\\\/\\\/kidsplay.lt\\\/#organization\"},\"alternateName\":\"Kidsplay\",\"potentialAction\":[{\"@type\":\"SearchAction\",\"target\":{\"@type\":\"EntryPoint\",\"urlTemplate\":\"https:\\\/\\\/kidsplay.lt\\\/?s={search_term_string}\"},\"query-input\":{\"@type\":\"PropertyValueSpecification\",\"valueRequired\":true,\"valueName\":\"search_term_string\"}}],\"inLanguage\":\"lv-LV\"},{\"@type\":\"Organization\",\"@id\":\"https:\\\/\\\/kidsplay.lt\\\/#organization\",\"name\":\"KidsPlay\",\"url\":\"https:\\\/\\\/kidsplay.lt\\\/\",\"logo\":{\"@type\":\"ImageObject\",\"inLanguage\":\"lv-LV\",\"@id\":\"https:\\\/\\\/kidsplay.lt\\\/#\\\/schema\\\/logo\\\/image\\\/\",\"url\":\"https:\\\/\\\/kidsplay.lt\\\/wp-content\\\/uploads\\\/2023\\\/07\\\/kidsplay-logo.png\",\"contentUrl\":\"https:\\\/\\\/kidsplay.lt\\\/wp-content\\\/uploads\\\/2023\\\/07\\\/kidsplay-logo.png\",\"width\":451,\"height\":98,\"caption\":\"KidsPlay\"},\"image\":{\"@id\":\"https:\\\/\\\/kidsplay.lt\\\/#\\\/schema\\\/logo\\\/image\\\/\"},\"sameAs\":[\"https:\\\/\\\/www.facebook.com\\\/www.kidsplay.lt\"]}]}<\/script>\n<!-- \/ Yoast SEO plugin. -->","yoast_head_json":{"title":"\u017dieminis vientisas vaiki\u0161kas kostiumas - KidsPlay","description":"\u017dieminis vientisas vaiki\u0161kas kostiumas - KidsPlay. Did\u017eiausias vaik\u0173 \u017eaisl\u0173 pasirinkimas.","robots":{"index":"index","follow":"follow","max-snippet":"max-snippet:-1","max-image-preview":"max-image-preview:large","max-video-preview":"max-video-preview:-1"},"canonical":"https:\/\/kidsplay.lt\/lv\/products\/zieminis-vientisas-vaikiskas-kostiumas\/","og_locale":"lv_LV","og_type":"article","og_title":"\u017dieminis vientisas vaiki\u0161kas kostiumas - KidsPlay","og_description":"\u017dieminis vientisas vaiki\u0161kas kostiumas - KidsPlay. Did\u017eiausias vaik\u0173 \u017eaisl\u0173 pasirinkimas.","og_url":"https:\/\/kidsplay.lt\/lv\/products\/zieminis-vientisas-vaikiskas-kostiumas\/","og_site_name":"KidsPlay","article_publisher":"https:\/\/www.facebook.com\/www.kidsplay.lt","article_modified_time":"2026-02-25T14:05:37+00:00","og_image":[{"width":396,"height":440,"url":"https:\/\/kidsplay.lt\/wp-content\/uploads\/2025\/10\/Screenshot_123.png","type":"image\/png"}],"twitter_card":"summary_large_image","twitter_misc":{"Est. reading time":"2 min\u016btes"},"schema":{"@context":"https:\/\/schema.org","@graph":[{"@type":"WebPage","@id":"https:\/\/kidsplay.lt\/produktas\/zieminis-vientisas-vaikiskas-kostiumas\/","url":"https:\/\/kidsplay.lt\/produktas\/zieminis-vientisas-vaikiskas-kostiumas\/","name":"\u017dieminis vientisas vaiki\u0161kas kostiumas - KidsPlay","isPartOf":{"@id":"https:\/\/kidsplay.lt\/#website"},"primaryImageOfPage":{"@id":"https:\/\/kidsplay.lt\/produktas\/zieminis-vientisas-vaikiskas-kostiumas\/#primaryimage"},"image":{"@id":"https:\/\/kidsplay.lt\/produktas\/zieminis-vientisas-vaikiskas-kostiumas\/#primaryimage"},"thumbnailUrl":"https:\/\/kidsplay.lt\/wp-content\/uploads\/2025\/10\/Screenshot_123.png","datePublished":"2025-10-12T11:58:23+00:00","dateModified":"2026-02-25T14:05:37+00:00","description":"\u017dieminis vientisas vaiki\u0161kas kostiumas - KidsPlay. Did\u017eiausias vaik\u0173 \u017eaisl\u0173 pasirinkimas.","breadcrumb":{"@id":"https:\/\/kidsplay.lt\/produktas\/zieminis-vientisas-vaikiskas-kostiumas\/#breadcrumb"},"inLanguage":"lv-LV","potentialAction":[{"@type":"ReadAction","target":["https:\/\/kidsplay.lt\/produktas\/zieminis-vientisas-vaikiskas-kostiumas\/"]}]},{"@type":"ImageObject","inLanguage":"lv-LV","@id":"https:\/\/kidsplay.lt\/produktas\/zieminis-vientisas-vaikiskas-kostiumas\/#primaryimage","url":"https:\/\/kidsplay.lt\/wp-content\/uploads\/2025\/10\/Screenshot_123.png","contentUrl":"https:\/\/kidsplay.lt\/wp-content\/uploads\/2025\/10\/Screenshot_123.png","width":396,"height":440},{"@type":"BreadcrumbList","@id":"https:\/\/kidsplay.lt\/produktas\/zieminis-vientisas-vaikiskas-kostiumas\/#breadcrumb","itemListElement":[{"@type":"ListItem","position":1,"name":"Pagrindinis","item":"https:\/\/kidsplay.lt\/"},{"@type":"ListItem","position":2,"name":"Parduotuv\u0117","item":"https:\/\/kidsplay.lt\/parduotuve\/"},{"@type":"ListItem","position":3,"name":"\u017dieminis vientisas vaiki\u0161kas kostiumas"}]},{"@type":"WebSite","@id":"https:\/\/kidsplay.lt\/#website","url":"https:\/\/kidsplay.lt\/","name":"B\u0113rnu sp\u0113les.lv","description":"\u012evairios prek\u0117s vaikams","publisher":{"@id":"https:\/\/kidsplay.lt\/#organization"},"alternateName":"Kidsplay","potentialAction":[{"@type":"SearchAction","target":{"@type":"EntryPoint","urlTemplate":"https:\/\/kidsplay.lt\/?s={search_term_string}"},"query-input":{"@type":"PropertyValueSpecification","valueRequired":true,"valueName":"search_term_string"}}],"inLanguage":"lv-LV"},{"@type":"Organization","@id":"https:\/\/kidsplay.lt\/#organization","name":"B\u0113rnu sp\u0113le","url":"https:\/\/kidsplay.lt\/","logo":{"@type":"ImageObject","inLanguage":"lv-LV","@id":"https:\/\/kidsplay.lt\/#\/schema\/logo\/image\/","url":"https:\/\/kidsplay.lt\/wp-content\/uploads\/2023\/07\/kidsplay-logo.png","contentUrl":"https:\/\/kidsplay.lt\/wp-content\/uploads\/2023\/07\/kidsplay-logo.png","width":451,"height":98,"caption":"KidsPlay"},"image":{"@id":"https:\/\/kidsplay.lt\/#\/schema\/logo\/image\/"},"sameAs":["https:\/\/www.facebook.com\/www.kidsplay.lt"]}]}},"_links":{"self":[{"href":"https:\/\/kidsplay.lt\/lv\/wp-json\/wp\/v2\/product\/76214","targetHints":{"allow":["GET"]}}],"collection":[{"href":"https:\/\/kidsplay.lt\/lv\/wp-json\/wp\/v2\/product"}],"about":[{"href":"https:\/\/kidsplay.lt\/lv\/wp-json\/wp\/v2\/types\/product"}],"version-history":[{"count":1,"href":"https:\/\/kidsplay.lt\/lv\/wp-json\/wp\/v2\/product\/76214\/revisions"}],"predecessor-version":[{"id":76222,"href":"https:\/\/kidsplay.lt\/lv\/wp-json\/wp\/v2\/product\/76214\/revisions\/76222"}],"wp:featuredmedia":[{"embeddable":true,"href":"https:\/\/kidsplay.lt\/lv\/wp-json\/wp\/v2\/media\/76215"}],"wp:attachment":[{"href":"https:\/\/kidsplay.lt\/lv\/wp-json\/wp\/v2\/media?parent=76214"}],"wp:term":[{"taxonomy":"product_brand","embeddable":true,"href":"https:\/\/kidsplay.lt\/lv\/wp-json\/wp\/v2\/product_brand?post=76214"},{"taxonomy":"product_cat","embeddable":true,"href":"https:\/\/kidsplay.lt\/lv\/wp-json\/wp\/v2\/product_cat?post=76214"},{"taxonomy":"product_tag","embeddable":true,"href":"https:\/\/kidsplay.lt\/lv\/wp-json\/wp\/v2\/product_tag?post=76214"}],"curies":[{"name":"wp","href":"https:\/\/api.w.org\/{rel}","templated":true}]}}