{"id":76237,"date":"2025-10-12T15:11:07","date_gmt":"2025-10-12T12:11:07","guid":{"rendered":"https:\/\/kidsplay.lt\/?post_type=product&#038;p=76237"},"modified":"2026-02-25T16:06:09","modified_gmt":"2026-02-25T14:06:09","slug":"zieminis-kombinezonas-striuke-ir-kelnes-80-86-dydis","status":"publish","type":"product","link":"https:\/\/kidsplay.lt\/lv\/products\/zieminis-kombinezonas-striuke-ir-kelnes-80-86-dydis\/","title":{"rendered":"\u017dieminis kombinezonas, striuk\u0117 ir keln\u0117s 80\/86 dydis"},"content":{"rendered":"<ul>\n<li><span dir=\"auto\">\u017diemos komplektas berniukui<\/span><\/li>\n<li><span dir=\"auto\">V\u0117jui, lietui ir sniegui atsparus i\u0161orinis audinys<\/span><\/li>\n<li><span dir=\"auto\">\u0160ildymas: \u0160ildan\u010dios putos<\/span><\/li>\n<li><span dir=\"auto\">Pamu\u0161alas: striuk\u0117s nugara ir priekis \u2013 flisas, rankov\u0117s \u2013 slidus poliesteris, keln\u0117s \u2013 flisas<\/span><\/li>\n<li><span dir=\"auto\">U\u017etrauktuku u\u017esegama striuk\u0117 ties kulk\u0161nimis ir apsaugine kloste po smakru<\/span><\/li>\n<li><span dir=\"auto\">Nuimamas gobtuvas su Velcro u\u017esegimu<\/span><\/li>\n<li><span dir=\"auto\">U\u017etrauktukin\u0117s ki\u0161en\u0117s<\/span><\/li>\n<li><span dir=\"auto\">Keln\u0117s su u\u017etrauktuku<\/span><\/li>\n<li><span dir=\"auto\">Elastingi reguliuojami pe\u010di\u0173 dir\u017eeliai<\/span><\/li>\n<li><span dir=\"auto\">Kojos su galimybe susisukti iki ma\u017edaug 5 cm<\/span><\/li>\n<li><span dir=\"auto\">Ties juosmeniu, \u0161onuose, elastin\u0117 juosta<\/span><\/li>\n<li><span dir=\"auto\">\u017dymos dydis:\u00a0<\/span><\/li>\n<li><\/li>\n<\/ul>","protected":false},"excerpt":{"rendered":"<p>\u017diemos komplektas berniukui V\u0117jui, lietui ir sniegui atsparus i\u0161orinis audinys \u0160ildymas: \u0160ildan\u010dios putos Pamu\u0161alas: striuk\u0117s nugara ir priekis \u2013 flisas,<\/p>","protected":false},"featured_media":76238,"template":"","meta":{"_acf_changed":false,"_glsr_average":0,"_glsr_ranking":0,"_glsr_reviews":0},"product_brand":[],"product_cat":[676],"product_tag":[],"class_list":{"0":"post-76237","1":"product","2":"type-product","3":"status-publish","4":"has-post-thumbnail","6":"product_cat-kombinezonai","7":"\"style=\"background-color: #2ecc711c;\"","9":"first","10":"instock","11":"shipping-taxable","12":"purchasable","13":"product-type-variable"},"acf":[],"yoast_head":"<!-- This site is optimized with the Yoast SEO plugin v27.4 - https:\/\/yoast.com\/product\/yoast-seo-wordpress\/ -->\n<title>\u017dieminis kombinezonas, striuk\u0117 ir keln\u0117s 80\/86 dydis - KidsPlay<\/title>\n<meta name=\"description\" content=\"\u017dieminis kombinezonas, striuk\u0117 ir keln\u0117s - KidsPlay. Did\u017eiausias vaik\u0173 \u017eaisl\u0173 pasirinkimas.\" \/>\n<meta name=\"robots\" content=\"index, follow, max-snippet:-1, max-image-preview:large, max-video-preview:-1\" \/>\n<link rel=\"canonical\" href=\"https:\/\/kidsplay.lt\/lv\/products\/zieminis-kombinezonas-striuke-ir-kelnes-80-86-dydis\/\" \/>\n<meta property=\"og:locale\" content=\"lv_LV\" \/>\n<meta property=\"og:type\" content=\"article\" \/>\n<meta property=\"og:title\" content=\"\u017dieminis kombinezonas, striuk\u0117 ir keln\u0117s 80\/86 dydis - KidsPlay\" \/>\n<meta property=\"og:description\" content=\"\u017dieminis kombinezonas, striuk\u0117 ir keln\u0117s - KidsPlay. Did\u017eiausias vaik\u0173 \u017eaisl\u0173 pasirinkimas.\" \/>\n<meta property=\"og:url\" content=\"https:\/\/kidsplay.lt\/lv\/products\/zieminis-kombinezonas-striuke-ir-kelnes-80-86-dydis\/\" \/>\n<meta property=\"og:site_name\" content=\"KidsPlay\" \/>\n<meta property=\"article:publisher\" content=\"https:\/\/www.facebook.com\/www.kidsplay.lt\" \/>\n<meta property=\"article:modified_time\" content=\"2026-02-25T14:06:09+00:00\" \/>\n<meta property=\"og:image\" content=\"https:\/\/kidsplay.lt\/wp-content\/uploads\/2025\/10\/Screenshot_131.png\" \/>\n\t<meta property=\"og:image:width\" content=\"490\" \/>\n\t<meta property=\"og:image:height\" content=\"380\" \/>\n\t<meta property=\"og:image:type\" content=\"image\/png\" \/>\n<meta name=\"twitter:card\" content=\"summary_large_image\" \/>\n<meta name=\"twitter:label1\" content=\"Est. reading time\" \/>\n\t<meta name=\"twitter:data1\" content=\"1 min\u016bte\" \/>\n<script type=\"application\/ld+json\" class=\"yoast-schema-graph\">{\"@context\":\"https:\\\/\\\/schema.org\",\"@graph\":[{\"@type\":\"WebPage\",\"@id\":\"https:\\\/\\\/kidsplay.lt\\\/produktas\\\/zieminis-kombinezonas-striuke-ir-kelnes-80-86-dydis\\\/\",\"url\":\"https:\\\/\\\/kidsplay.lt\\\/produktas\\\/zieminis-kombinezonas-striuke-ir-kelnes-80-86-dydis\\\/\",\"name\":\"\u017dieminis kombinezonas, striuk\u0117 ir keln\u0117s 80\\\/86 dydis - KidsPlay\",\"isPartOf\":{\"@id\":\"https:\\\/\\\/kidsplay.lt\\\/#website\"},\"primaryImageOfPage\":{\"@id\":\"https:\\\/\\\/kidsplay.lt\\\/produktas\\\/zieminis-kombinezonas-striuke-ir-kelnes-80-86-dydis\\\/#primaryimage\"},\"image\":{\"@id\":\"https:\\\/\\\/kidsplay.lt\\\/produktas\\\/zieminis-kombinezonas-striuke-ir-kelnes-80-86-dydis\\\/#primaryimage\"},\"thumbnailUrl\":\"https:\\\/\\\/kidsplay.lt\\\/wp-content\\\/uploads\\\/2025\\\/10\\\/Screenshot_131.png\",\"datePublished\":\"2025-10-12T12:11:07+00:00\",\"dateModified\":\"2026-02-25T14:06:09+00:00\",\"description\":\"\u017dieminis kombinezonas, striuk\u0117 ir keln\u0117s - KidsPlay. Did\u017eiausias vaik\u0173 \u017eaisl\u0173 pasirinkimas.\",\"breadcrumb\":{\"@id\":\"https:\\\/\\\/kidsplay.lt\\\/produktas\\\/zieminis-kombinezonas-striuke-ir-kelnes-80-86-dydis\\\/#breadcrumb\"},\"inLanguage\":\"lv-LV\",\"potentialAction\":[{\"@type\":\"ReadAction\",\"target\":[\"https:\\\/\\\/kidsplay.lt\\\/produktas\\\/zieminis-kombinezonas-striuke-ir-kelnes-80-86-dydis\\\/\"]}]},{\"@type\":\"ImageObject\",\"inLanguage\":\"lv-LV\",\"@id\":\"https:\\\/\\\/kidsplay.lt\\\/produktas\\\/zieminis-kombinezonas-striuke-ir-kelnes-80-86-dydis\\\/#primaryimage\",\"url\":\"https:\\\/\\\/kidsplay.lt\\\/wp-content\\\/uploads\\\/2025\\\/10\\\/Screenshot_131.png\",\"contentUrl\":\"https:\\\/\\\/kidsplay.lt\\\/wp-content\\\/uploads\\\/2025\\\/10\\\/Screenshot_131.png\",\"width\":490,\"height\":380},{\"@type\":\"BreadcrumbList\",\"@id\":\"https:\\\/\\\/kidsplay.lt\\\/produktas\\\/zieminis-kombinezonas-striuke-ir-kelnes-80-86-dydis\\\/#breadcrumb\",\"itemListElement\":[{\"@type\":\"ListItem\",\"position\":1,\"name\":\"Pagrindinis\",\"item\":\"https:\\\/\\\/kidsplay.lt\\\/\"},{\"@type\":\"ListItem\",\"position\":2,\"name\":\"Parduotuv\u0117\",\"item\":\"https:\\\/\\\/kidsplay.lt\\\/parduotuve\\\/\"},{\"@type\":\"ListItem\",\"position\":3,\"name\":\"\u017dieminis kombinezonas, striuk\u0117 ir keln\u0117s 80\\\/86 dydis\"}]},{\"@type\":\"WebSite\",\"@id\":\"https:\\\/\\\/kidsplay.lt\\\/#website\",\"url\":\"https:\\\/\\\/kidsplay.lt\\\/\",\"name\":\"Kidsplay.lt\",\"description\":\"\u012evairios prek\u0117s vaikams\",\"publisher\":{\"@id\":\"https:\\\/\\\/kidsplay.lt\\\/#organization\"},\"alternateName\":\"Kidsplay\",\"potentialAction\":[{\"@type\":\"SearchAction\",\"target\":{\"@type\":\"EntryPoint\",\"urlTemplate\":\"https:\\\/\\\/kidsplay.lt\\\/?s={search_term_string}\"},\"query-input\":{\"@type\":\"PropertyValueSpecification\",\"valueRequired\":true,\"valueName\":\"search_term_string\"}}],\"inLanguage\":\"lv-LV\"},{\"@type\":\"Organization\",\"@id\":\"https:\\\/\\\/kidsplay.lt\\\/#organization\",\"name\":\"KidsPlay\",\"url\":\"https:\\\/\\\/kidsplay.lt\\\/\",\"logo\":{\"@type\":\"ImageObject\",\"inLanguage\":\"lv-LV\",\"@id\":\"https:\\\/\\\/kidsplay.lt\\\/#\\\/schema\\\/logo\\\/image\\\/\",\"url\":\"https:\\\/\\\/kidsplay.lt\\\/wp-content\\\/uploads\\\/2023\\\/07\\\/kidsplay-logo.png\",\"contentUrl\":\"https:\\\/\\\/kidsplay.lt\\\/wp-content\\\/uploads\\\/2023\\\/07\\\/kidsplay-logo.png\",\"width\":451,\"height\":98,\"caption\":\"KidsPlay\"},\"image\":{\"@id\":\"https:\\\/\\\/kidsplay.lt\\\/#\\\/schema\\\/logo\\\/image\\\/\"},\"sameAs\":[\"https:\\\/\\\/www.facebook.com\\\/www.kidsplay.lt\"]}]}<\/script>\n<!-- \/ Yoast SEO plugin. -->","yoast_head_json":{"title":"\u017dieminis kombinezonas, striuk\u0117 ir keln\u0117s 80\/86 dydis - KidsPlay","description":"\u017dieminis kombinezonas, striuk\u0117 ir keln\u0117s - KidsPlay. Did\u017eiausias vaik\u0173 \u017eaisl\u0173 pasirinkimas.","robots":{"index":"index","follow":"follow","max-snippet":"max-snippet:-1","max-image-preview":"max-image-preview:large","max-video-preview":"max-video-preview:-1"},"canonical":"https:\/\/kidsplay.lt\/lv\/products\/zieminis-kombinezonas-striuke-ir-kelnes-80-86-dydis\/","og_locale":"lv_LV","og_type":"article","og_title":"\u017dieminis kombinezonas, striuk\u0117 ir keln\u0117s 80\/86 dydis - KidsPlay","og_description":"\u017dieminis kombinezonas, striuk\u0117 ir keln\u0117s - KidsPlay. Did\u017eiausias vaik\u0173 \u017eaisl\u0173 pasirinkimas.","og_url":"https:\/\/kidsplay.lt\/lv\/products\/zieminis-kombinezonas-striuke-ir-kelnes-80-86-dydis\/","og_site_name":"KidsPlay","article_publisher":"https:\/\/www.facebook.com\/www.kidsplay.lt","article_modified_time":"2026-02-25T14:06:09+00:00","og_image":[{"width":490,"height":380,"url":"https:\/\/kidsplay.lt\/wp-content\/uploads\/2025\/10\/Screenshot_131.png","type":"image\/png"}],"twitter_card":"summary_large_image","twitter_misc":{"Est. reading time":"1 min\u016bte"},"schema":{"@context":"https:\/\/schema.org","@graph":[{"@type":"WebPage","@id":"https:\/\/kidsplay.lt\/produktas\/zieminis-kombinezonas-striuke-ir-kelnes-80-86-dydis\/","url":"https:\/\/kidsplay.lt\/produktas\/zieminis-kombinezonas-striuke-ir-kelnes-80-86-dydis\/","name":"\u017dieminis kombinezonas, striuk\u0117 ir keln\u0117s 80\/86 dydis - KidsPlay","isPartOf":{"@id":"https:\/\/kidsplay.lt\/#website"},"primaryImageOfPage":{"@id":"https:\/\/kidsplay.lt\/produktas\/zieminis-kombinezonas-striuke-ir-kelnes-80-86-dydis\/#primaryimage"},"image":{"@id":"https:\/\/kidsplay.lt\/produktas\/zieminis-kombinezonas-striuke-ir-kelnes-80-86-dydis\/#primaryimage"},"thumbnailUrl":"https:\/\/kidsplay.lt\/wp-content\/uploads\/2025\/10\/Screenshot_131.png","datePublished":"2025-10-12T12:11:07+00:00","dateModified":"2026-02-25T14:06:09+00:00","description":"\u017dieminis kombinezonas, striuk\u0117 ir keln\u0117s - KidsPlay. Did\u017eiausias vaik\u0173 \u017eaisl\u0173 pasirinkimas.","breadcrumb":{"@id":"https:\/\/kidsplay.lt\/produktas\/zieminis-kombinezonas-striuke-ir-kelnes-80-86-dydis\/#breadcrumb"},"inLanguage":"lv-LV","potentialAction":[{"@type":"ReadAction","target":["https:\/\/kidsplay.lt\/produktas\/zieminis-kombinezonas-striuke-ir-kelnes-80-86-dydis\/"]}]},{"@type":"ImageObject","inLanguage":"lv-LV","@id":"https:\/\/kidsplay.lt\/produktas\/zieminis-kombinezonas-striuke-ir-kelnes-80-86-dydis\/#primaryimage","url":"https:\/\/kidsplay.lt\/wp-content\/uploads\/2025\/10\/Screenshot_131.png","contentUrl":"https:\/\/kidsplay.lt\/wp-content\/uploads\/2025\/10\/Screenshot_131.png","width":490,"height":380},{"@type":"BreadcrumbList","@id":"https:\/\/kidsplay.lt\/produktas\/zieminis-kombinezonas-striuke-ir-kelnes-80-86-dydis\/#breadcrumb","itemListElement":[{"@type":"ListItem","position":1,"name":"Pagrindinis","item":"https:\/\/kidsplay.lt\/"},{"@type":"ListItem","position":2,"name":"Parduotuv\u0117","item":"https:\/\/kidsplay.lt\/parduotuve\/"},{"@type":"ListItem","position":3,"name":"\u017dieminis kombinezonas, striuk\u0117 ir keln\u0117s 80\/86 dydis"}]},{"@type":"WebSite","@id":"https:\/\/kidsplay.lt\/#website","url":"https:\/\/kidsplay.lt\/","name":"B\u0113rnu sp\u0113les.lv","description":"\u012evairios prek\u0117s vaikams","publisher":{"@id":"https:\/\/kidsplay.lt\/#organization"},"alternateName":"Kidsplay","potentialAction":[{"@type":"SearchAction","target":{"@type":"EntryPoint","urlTemplate":"https:\/\/kidsplay.lt\/?s={search_term_string}"},"query-input":{"@type":"PropertyValueSpecification","valueRequired":true,"valueName":"search_term_string"}}],"inLanguage":"lv-LV"},{"@type":"Organization","@id":"https:\/\/kidsplay.lt\/#organization","name":"B\u0113rnu sp\u0113le","url":"https:\/\/kidsplay.lt\/","logo":{"@type":"ImageObject","inLanguage":"lv-LV","@id":"https:\/\/kidsplay.lt\/#\/schema\/logo\/image\/","url":"https:\/\/kidsplay.lt\/wp-content\/uploads\/2023\/07\/kidsplay-logo.png","contentUrl":"https:\/\/kidsplay.lt\/wp-content\/uploads\/2023\/07\/kidsplay-logo.png","width":451,"height":98,"caption":"KidsPlay"},"image":{"@id":"https:\/\/kidsplay.lt\/#\/schema\/logo\/image\/"},"sameAs":["https:\/\/www.facebook.com\/www.kidsplay.lt"]}]}},"_links":{"self":[{"href":"https:\/\/kidsplay.lt\/lv\/wp-json\/wp\/v2\/product\/76237","targetHints":{"allow":["GET"]}}],"collection":[{"href":"https:\/\/kidsplay.lt\/lv\/wp-json\/wp\/v2\/product"}],"about":[{"href":"https:\/\/kidsplay.lt\/lv\/wp-json\/wp\/v2\/types\/product"}],"version-history":[{"count":2,"href":"https:\/\/kidsplay.lt\/lv\/wp-json\/wp\/v2\/product\/76237\/revisions"}],"predecessor-version":[{"id":81506,"href":"https:\/\/kidsplay.lt\/lv\/wp-json\/wp\/v2\/product\/76237\/revisions\/81506"}],"wp:featuredmedia":[{"embeddable":true,"href":"https:\/\/kidsplay.lt\/lv\/wp-json\/wp\/v2\/media\/76238"}],"wp:attachment":[{"href":"https:\/\/kidsplay.lt\/lv\/wp-json\/wp\/v2\/media?parent=76237"}],"wp:term":[{"taxonomy":"product_brand","embeddable":true,"href":"https:\/\/kidsplay.lt\/lv\/wp-json\/wp\/v2\/product_brand?post=76237"},{"taxonomy":"product_cat","embeddable":true,"href":"https:\/\/kidsplay.lt\/lv\/wp-json\/wp\/v2\/product_cat?post=76237"},{"taxonomy":"product_tag","embeddable":true,"href":"https:\/\/kidsplay.lt\/lv\/wp-json\/wp\/v2\/product_tag?post=76237"}],"curies":[{"name":"wp","href":"https:\/\/api.w.org\/{rel}","templated":true}]}}