{"id":76255,"date":"2025-10-12T15:24:36","date_gmt":"2025-10-12T12:24:36","guid":{"rendered":"https:\/\/kidsplay.lt\/?post_type=product&#038;p=76255"},"modified":"2026-02-25T15:55:46","modified_gmt":"2026-02-25T13:55:46","slug":"zieminis-kostiumas-vaikams-reima-puhuri-98-dydis","status":"publish","type":"product","link":"https:\/\/kidsplay.lt\/lv\/products\/zieminis-kostiumas-vaikams-reima-puhuri-98-dydis\/","title":{"rendered":"Ziemas kost\u012bms b\u0113rniem Reima Puhuri 98. izm\u0113rs"},"content":{"rendered":"<div class=\"mpof_ki myre_zn myre_8v_l m389_6m_l\">\n<div class=\"mp4t_16_s mryx_16_s mr3m_1 mli2_1 mh85_56 mh85_0_l\">\n<div class=\"mgn2_16 _0d3bd_am0a-\">\n<div class=\"mp4t_16_s mryx_16_s mr3m_1 mli2_1 mh85_56 mh85_0_l\">\n<div class=\"mgn2_16 _0d3bd_am0a-\">\n<h2><span dir=\"auto\">98 dydis<\/span><\/h2>\n<ul>\n<li><b><span dir=\"auto\">Ma\u017eylis:<\/span><\/b><span dir=\"auto\">\u00a03 metai<\/span><\/li>\n<li><b><span dir=\"auto\">Kr\u016btin\u0117s apimtis (B):<\/span><\/b><span dir=\"auto\">\u00a056<\/span><\/li>\n<li><b><span dir=\"auto\">Liemens apimtis (C):<\/span><\/b><span dir=\"auto\">\u00a054<\/span><\/li>\n<li><b><span dir=\"auto\">Klub\u0173 apimtis (D):<\/span><\/b><span dir=\"auto\">\u00a060<\/span><\/li>\n<li><b><span dir=\"auto\">Rankov\u0117s ilgis per pe\u010dius (E):<\/span><\/b><span dir=\"auto\">\u00a043,1<\/span><\/li>\n<li><b><span dir=\"auto\">Ilgis i\u0161ilgai vidin\u0117s si\u016bl\u0117s (F):<\/span><\/b><span dir=\"auto\">\u00a042,5<\/span><\/li>\n<li><b><span dir=\"auto\">Bendras kelni\u0173 ilgis iki juosmens:<\/span><\/b><span dir=\"auto\">\u00a060<\/span><\/li>\n<\/ul>\n<\/div>\n<\/div>\n<div class=\"mp4t_16_s mryx_16_s mr3m_1 mli2_1 mh85_56 mh85_0_l\">\n<div class=\"mg9e_8 mj7a_8 mg9e_0_s mvrt_0_s mj7a_0_s mh36_0_s mzmg_6m munh_16_l m3h2_16_l\">\n<div class=\"mp4t_0 mryx_0 munh_56 m3h2_56\">\n<div class=\"mp7g_oh\"><\/div>\n<\/div>\n<\/div>\n<\/div>\n<h2><span dir=\"auto\">\u2705 Apsauga nuo stipraus lietaus<\/span><\/h2>\n<ul>\n<li><span dir=\"auto\">Vandeniui atspari med\u017eiaga idealiai apsaugo labai \u0161lapiomis s\u0105lygomis aktyviai \u017eaid\u017eiant ir nuotyki\u0173 lauke lyjant ar sningant. Jos si\u016bl\u0117s yra u\u017esandarintos, kad vanduo nepatekt\u0173, o \u201ebluesign\u00ae\u201c sertifikuota med\u017eiaga pasi\u017eymi puikiu hidrofobi\u0161kumu ir atsparumu purvui.<\/span><\/li>\n<\/ul>\n<h2><span dir=\"auto\">\u2705 Efektyvi izoliacija<\/span><\/h2>\n<ul>\n<li><span dir=\"auto\">Drabu\u017eiai suteikia komforti\u0161k\u0105 \u0161ilum\u0105 \u0161altaisiais m\u0117nesiais ir \u017eiemos \u0161al\u010diais. Izoliuota s\u0117dyn\u0117 palaiko \u0161ilum\u0105 kostiumo viduje, kai ma\u017eyliai \u017eaid\u017eia sniege.<\/span><\/li>\n<\/ul>\n<h2><span dir=\"auto\">\u2705 Puikus kv\u0117pavimas<\/span><\/h2>\n<ul>\n<li><span dir=\"auto\">Puikus dr\u0117gm\u0117s reguliavimas aktyvi\u0173 \u017eaidim\u0173 ir sporto metu. Termoreguliacija pad\u0117s j\u016bs\u0173 vaikui palaikyti \u0161ilumin\u012f komfort\u0105. \u0160altu oru gaminys suteikia malon\u0173 \u0161ilumos poj\u016bt\u012f, o \u0161iltomis dienomis neleis jam perkaisti.<\/span><\/li>\n<\/ul>\n<h2><span dir=\"auto\">\u2705 Didelis atsparumas dilimui<\/span><\/h2>\n<ul>\n<li><span dir=\"auto\">Drabu\u017eiai pagaminti i\u0161 patvarios med\u017eiagos, daugiausia atsparios dilimui.<\/span><\/li>\n<\/ul>\n<\/div>\n<\/div>\n<div class=\"mp4t_16_s mryx_16_s mr3m_1 mli2_1 mh85_56 mh85_0_l\">\n<div class=\"mg9e_8 mj7a_8 mg9e_0_s mvrt_0_s mj7a_0_s mh36_0_s mzmg_6m munh_16_l m3h2_16_l\">\n<div class=\"mp4t_0 mryx_0 munh_56 m3h2_56\">\n<div class=\"mp7g_oh\"><button class=\"mg9e_0 mvrt_0 mj7a_0 mh36_0 mp4t_0 m3h2_0 mryx_0 munh_0 mqen_m6 mpof_z0 mx7m_0 m7er_k4 mse2_k4 msts_pt\" data-analytics-interaction=\"true\" data-analytics-interaction-label=\"zoomable-image-open\" aria-disabled=\"true\"><img decoding=\"async\" class=\"msub_k4 mupj_5k mjru_k4 mse2_k4 mp7g_f6 mq1m_0 mj7u_0 m7er_k4 mqen_m6 m31c_d8 m0ux_fp lazyloaded\" src=\"https:\/\/a.allegroimg.com\/original\/111f5b\/13ec861e4a57a51f244be4731d4e\/Winter-suit-for-children-Reima-Puhuri-92cm-waterproof-insulated-blue-Brand-Reima\" sizes=\"(min-width: 1200px) 560px, (min-width: 992px) 50vw, 100vw\" srcset=\"https:\/\/a.allegroimg.com\/s360\/111f5b\/13ec861e4a57a51f244be4731d4e\/Winter-suit-for-children-Reima-Puhuri-92cm-waterproof-insulated-blue-Brand-Reima 229w,https:\/\/a.allegroimg.com\/s720\/111f5b\/13ec861e4a57a51f244be4731d4e\/Winter-suit-for-children-Reima-Puhuri-92cm-waterproof-insulated-blue-Brand-Reima 458w,https:\/\/a.allegroimg.com\/s1024\/111f5b\/13ec861e4a57a51f244be4731d4e\/Winter-suit-for-children-Reima-Puhuri-92cm-waterproof-insulated-blue-Brand-Reima 651w,https:\/\/a.allegroimg.com\/s1440\/111f5b\/13ec861e4a57a51f244be4731d4e\/Winter-suit-for-children-Reima-Puhuri-92cm-waterproof-insulated-blue-Brand-Reima 916w,https:\/\/a.allegroimg.com\/original\/111f5b\/13ec861e4a57a51f244be4731d4e\/Winter-suit-for-children-Reima-Puhuri-92cm-waterproof-insulated-blue-Brand-Reima 1526w\" alt=\"Winter suit for children Reima Puhuri 92cm waterproof insulated blue Brand Reima\" width=\"1526px\" data-srcset=\"\" \/><\/button><\/div>\n<\/div>\n<\/div>\n<\/div>\n<\/div>\n<div class=\"mpof_ki myre_zn myre_8v_l m389_6m_l\">\n<div class=\"mp4t_16_s mryx_16_s mr3m_1 mli2_1 mh85_56 mh85_0_l\">\n<div class=\"mgn2_16 _0d3bd_am0a-\">\n<p><b><span dir=\"auto\">\u2705 \u201eReima Puhuri\u201c<\/span><\/b><span dir=\"auto\">\u00a0\u2013 tai vandeniui ir v\u0117jui atsparus vaiki\u0161kas kostiumas, sukurtas \u017eiemos s\u0105lygoms. Puikus \u017eieminis kostiumas ma\u017eyliams. Pagrindin\u0117s kostiumo si\u016bl\u0117s yra suvirintos ir papildomai apsaugotos nuo dr\u0117gm\u0117s, o pats kostiumas pagamintas i\u0161 vandeniui, v\u0117jui ir purvui atsparios med\u017eiagos, kuri papildomai turi i\u0161orin\u012f \u201ehidrofobin\u012f\u201c sluoksn\u012f, kuris dar efektyviau apsaugo vis\u0105 kostium\u0105 nuo permirkimo. D\u0117l papildomos izoliacijos ties s\u0117dmenimis, vaikui bus \u0161ilta net ir ilgai \u017eaid\u017eiant sniege. Modelis turi nuimamas elastines p\u0117d\u0173 dir\u017eelius ir ilgesn\u012f u\u017etrauktuk\u0105, kurio d\u0117ka lengviau apsivilkti vaiki\u0161k\u0105 kostium\u0105 \u2013 u\u017etrauktukas, \u017einoma, apsaugotas specialiu \u201elopu\u201c, apsaugan\u010diu nuo lietaus, sniego ar v\u0117jo. Lygus pamu\u0161alas ir ilgas u\u017etrauktukas leid\u017eia lengvai apsivilkti ir nusivilkti. Kostiumas ties juosmeniu turi elastin\u0119 juosmens juostel\u0119, o ma\u017ea ki\u0161en\u0117l\u0117 su u\u017etrauktuku yra saugi vieta smulkiems vaik\u0173 daiktams. \u201eReima Puhuri\u201c modelis pasi\u017eymi labai geru kainos ir kokyb\u0117s santykiu. Rekomenduojame.<\/span><\/p>\n<h2><span dir=\"auto\">\u25b6 Produkto charakteristikos:<\/span><\/h2>\n<ul>\n<li><span dir=\"auto\">Klijuotos si\u016bl\u0117s, atsparios vandeniui<\/span><\/li>\n<\/ul>\n<ul>\n<li><span dir=\"auto\">BIONIC-FINISH\u00ae ECO apdaila be HFC fluorokarbonini\u0173 jungini\u0173 (visi\u0161kai saugi) ir atspari vandeniui bei ne\u0161varumams<\/span><\/li>\n<\/ul>\n<ul>\n<li><span dir=\"auto\">Su 100 % perdirbto \u201ebluesign\u00ae\u201c sertifikuoto poliesterio \u201eFellex\u00ae\u201c izoliacija<\/span><\/li>\n<\/ul>\n<ul>\n<li><span dir=\"auto\">Papildoma izoliacija ant s\u0117dmen\u0173<\/span><\/li>\n<\/ul>\n<ul>\n<li><span dir=\"auto\">Saugus, nuimamas gobtuvas ir u\u017etraukiama ki\u0161en\u0117<\/span><\/li>\n<\/ul>\n<ul>\n<li><span dir=\"auto\">Lygus poliesterio pamu\u0161alas, kad b\u016bt\u0173 lengva apsiauti<\/span><\/li>\n<\/ul>\n<ul>\n<li><span dir=\"auto\">Elastingos rankov\u0117s ir koj\u0173 apvadai<\/span><\/li>\n<\/ul>\n<ul>\n<li><span dir=\"auto\">Nuimami elastingi p\u0117d\u0173 dir\u017eeliai<\/span><\/li>\n<\/ul>\n<ul>\n<li><span dir=\"auto\">Termoreguliacija, kuri pad\u0117s j\u016bs\u0173 vaikui palaikyti \u0161ilumin\u012f komfort\u0105. \u0160altu oru gaminys suteikia malon\u0173 \u0161ilumos poj\u016bt\u012f, o \u0161iltomis dienomis neleis perkaisti.<\/span><\/li>\n<\/ul>\n<ul>\n<li><span dir=\"auto\">I\u0161orinis sluoksnis atsparus dr\u0117gmei ir purvui<\/span><\/li>\n<\/ul>\n<ul>\n<li><span dir=\"auto\">Ilgas u\u017etrauktukas lengvam apsirengimui<\/span><\/li>\n<\/ul>\n<ul>\n<li><span dir=\"auto\">Lenki\u0161kas platinimas \/ Naujas, originalus produktas<\/span><\/li>\n<\/ul>\n<h2><span dir=\"auto\">\u25b6 Med\u017eiagos sud\u0117tis:<\/span><\/h2>\n<ul>\n<li><span dir=\"auto\">Pagrindo med\u017eiaga: 52 % perdirbto poliesterio + poliuretano \/ 48 % poliesterio<\/span><\/li>\n<\/ul>\n<ul>\n<li><span dir=\"auto\">Pamu\u0161alas: 55% perdirbto poliesterio \/ 45% poliesterio<\/span><\/li>\n<\/ul>\n<ul>\n<li><span dir=\"auto\">\u0160iltinimas: 90 % perdirbto poliesterio \u201eRepreve\u201c \/ 10 % perdirbto poliesterio\u00a0<\/span><\/li>\n<\/ul>\n<div class=\"mpof_ki myre_zn myre_8v_l m389_6m_l\">\n<div class=\"mp4t_16_s mryx_16_s mr3m_1 mli2_1 mh85_56 mh85_0_l\">\n<div class=\"mgn2_16 _0d3bd_am0a-\">\n<h2><span dir=\"auto\">\u2705 Kaip i\u0161sirinkti tinkam\u0105 dyd\u012f?<\/span><\/h2>\n<ul>\n<li><span dir=\"auto\">\u201eReima\u201c si\u016blo ma\u017edaug 6 centimetr\u0173 dyd\u017eio drabu\u017eius, atsi\u017evelgiant tiek \u012f nat\u016bral\u0173 vaiko augim\u0105, tiek \u012f galimyb\u0119 po jais d\u0117v\u0117ti drabu\u017eius po papildomais drabu\u017ei\u0173 sluoksniais. Pavyzd\u017eiui, jei vaikas, turintis liekn\u0105 arba vidutin\u012f k\u016bno sud\u0117jim\u0105 ruden\u012f, yra apie 104 cm \u016bgio, 104 dyd\u017eio kostiumas tur\u0117t\u0173 laisvai tikti vis\u0105 \u017eiem\u0105. Ta\u010diau vaikai gali augti labai greitai. Tokiu atveju patartina rinktis kit\u0105 didesn\u012f dyd\u012f. I\u0161sami\u0105 dyd\u017ei\u0173 lentel\u0119 galite rasti atitinkamame skirtuke puslapio apa\u010dioje.<\/span><\/li>\n<\/ul>\n<\/div>\n<\/div>\n<\/div>\n<div class=\"mpof_ki myre_zn myre_8v_l m389_6m_l\">\n<div class=\"mp4t_16_s mryx_16_s mr3m_1 mli2_1 mh85_56 mh85_0_l\">\n<div class=\"mgn2_16 _0d3bd_am0a-\">\n<h2><span dir=\"auto\">\u2705 J\u016bs\u0173 vaiko gerov\u0117 yra svarbiausia<\/span><\/h2>\n<ul>\n<li><span dir=\"auto\">M\u016bs\u0173 gaminiuose n\u0117ra kenksming\u0173 med\u017eiag\u0173 ir jie sukurti taip, kad suma\u017eint\u0173 rizik\u0105 ir padidint\u0173 naudojimo komfort\u0105. M\u016bs\u0173 tikslas \u2013 ne tik atitikti kokyb\u0117s ir saugos standart\u0173 reikalavimus, bet ir juos vir\u0161yti. Siekdami tausoti gamtos i\u0161teklius, kuriame gaminius, kuriuos lengva pri\u017ei\u016br\u0117ti ir kurie tarnauja ilgai.\u00a0<\/span><\/li>\n<\/ul>\n<p>&nbsp;<\/p>\n<\/div>\n<\/div>\n<\/div>\n<\/div>\n<\/div>\n<\/div>","protected":false},"excerpt":{"rendered":"<p>98 dydis Ma\u017eylis:\u00a03 metai Kr\u016btin\u0117s apimtis (B):\u00a056 Liemens apimtis (C):\u00a054 Klub\u0173 apimtis (D):\u00a060 Rankov\u0117s ilgis per pe\u010dius (E):\u00a043,1 Ilgis i\u0161ilgai<\/p>","protected":false},"featured_media":76256,"template":"","meta":{"_acf_changed":false,"_glsr_average":0,"_glsr_ranking":0,"_glsr_reviews":0},"product_brand":[],"product_cat":[676],"product_tag":[],"class_list":{"0":"post-76255","1":"product","2":"type-product","3":"status-publish","4":"has-post-thumbnail","6":"product_cat-kombinezonai","7":"\"style=\"background-color: #2ecc711c;\"","9":"first","10":"instock","11":"shipping-taxable","12":"purchasable","13":"product-type-simple"},"acf":[],"yoast_head":"<!-- This site is optimized with the Yoast SEO plugin v27.4 - https:\/\/yoast.com\/product\/yoast-seo-wordpress\/ -->\n<title>\u017dieminis kostiumas vaikams Reima Puhuri 98 dydis - KidsPlay<\/title>\n<meta name=\"description\" content=\"\u017dieminis kostiumas vaikams Reima Puhuri - KidsPlay. Did\u017eiausias vaik\u0173 \u017eaisl\u0173 pasirinkimas.\" \/>\n<meta name=\"robots\" content=\"index, follow, max-snippet:-1, max-image-preview:large, max-video-preview:-1\" \/>\n<link rel=\"canonical\" href=\"https:\/\/kidsplay.lt\/lv\/products\/zieminis-kostiumas-vaikams-reima-puhuri-98-dydis\/\" \/>\n<meta property=\"og:locale\" content=\"lv_LV\" \/>\n<meta property=\"og:type\" content=\"article\" \/>\n<meta property=\"og:title\" content=\"\u017dieminis kostiumas vaikams Reima Puhuri 98 dydis - KidsPlay\" \/>\n<meta property=\"og:description\" content=\"\u017dieminis kostiumas vaikams Reima Puhuri - KidsPlay. Did\u017eiausias vaik\u0173 \u017eaisl\u0173 pasirinkimas.\" \/>\n<meta property=\"og:url\" content=\"https:\/\/kidsplay.lt\/lv\/products\/zieminis-kostiumas-vaikams-reima-puhuri-98-dydis\/\" \/>\n<meta property=\"og:site_name\" content=\"KidsPlay\" \/>\n<meta property=\"article:publisher\" content=\"https:\/\/www.facebook.com\/www.kidsplay.lt\" \/>\n<meta property=\"article:modified_time\" content=\"2026-02-25T13:55:46+00:00\" \/>\n<meta property=\"og:image\" content=\"https:\/\/kidsplay.lt\/wp-content\/uploads\/2025\/10\/Screenshot_141.png\" \/>\n\t<meta property=\"og:image:width\" content=\"532\" \/>\n\t<meta property=\"og:image:height\" content=\"463\" \/>\n\t<meta property=\"og:image:type\" content=\"image\/png\" \/>\n<meta name=\"twitter:card\" content=\"summary_large_image\" \/>\n<meta name=\"twitter:label1\" content=\"Est. reading time\" \/>\n\t<meta name=\"twitter:data1\" content=\"4 min\u016btes\" \/>\n<script type=\"application\/ld+json\" class=\"yoast-schema-graph\">{\"@context\":\"https:\\\/\\\/schema.org\",\"@graph\":[{\"@type\":\"WebPage\",\"@id\":\"https:\\\/\\\/kidsplay.lt\\\/produktas\\\/zieminis-kostiumas-vaikams-reima-puhuri-98-dydis\\\/\",\"url\":\"https:\\\/\\\/kidsplay.lt\\\/produktas\\\/zieminis-kostiumas-vaikams-reima-puhuri-98-dydis\\\/\",\"name\":\"\u017dieminis kostiumas vaikams Reima Puhuri 98 dydis - KidsPlay\",\"isPartOf\":{\"@id\":\"https:\\\/\\\/kidsplay.lt\\\/#website\"},\"primaryImageOfPage\":{\"@id\":\"https:\\\/\\\/kidsplay.lt\\\/produktas\\\/zieminis-kostiumas-vaikams-reima-puhuri-98-dydis\\\/#primaryimage\"},\"image\":{\"@id\":\"https:\\\/\\\/kidsplay.lt\\\/produktas\\\/zieminis-kostiumas-vaikams-reima-puhuri-98-dydis\\\/#primaryimage\"},\"thumbnailUrl\":\"https:\\\/\\\/kidsplay.lt\\\/wp-content\\\/uploads\\\/2025\\\/10\\\/Screenshot_141.png\",\"datePublished\":\"2025-10-12T12:24:36+00:00\",\"dateModified\":\"2026-02-25T13:55:46+00:00\",\"description\":\"\u017dieminis kostiumas vaikams Reima Puhuri - KidsPlay. Did\u017eiausias vaik\u0173 \u017eaisl\u0173 pasirinkimas.\",\"breadcrumb\":{\"@id\":\"https:\\\/\\\/kidsplay.lt\\\/produktas\\\/zieminis-kostiumas-vaikams-reima-puhuri-98-dydis\\\/#breadcrumb\"},\"inLanguage\":\"lv-LV\",\"potentialAction\":[{\"@type\":\"ReadAction\",\"target\":[\"https:\\\/\\\/kidsplay.lt\\\/produktas\\\/zieminis-kostiumas-vaikams-reima-puhuri-98-dydis\\\/\"]}]},{\"@type\":\"ImageObject\",\"inLanguage\":\"lv-LV\",\"@id\":\"https:\\\/\\\/kidsplay.lt\\\/produktas\\\/zieminis-kostiumas-vaikams-reima-puhuri-98-dydis\\\/#primaryimage\",\"url\":\"https:\\\/\\\/kidsplay.lt\\\/wp-content\\\/uploads\\\/2025\\\/10\\\/Screenshot_141.png\",\"contentUrl\":\"https:\\\/\\\/kidsplay.lt\\\/wp-content\\\/uploads\\\/2025\\\/10\\\/Screenshot_141.png\",\"width\":532,\"height\":463},{\"@type\":\"BreadcrumbList\",\"@id\":\"https:\\\/\\\/kidsplay.lt\\\/produktas\\\/zieminis-kostiumas-vaikams-reima-puhuri-98-dydis\\\/#breadcrumb\",\"itemListElement\":[{\"@type\":\"ListItem\",\"position\":1,\"name\":\"Pagrindinis\",\"item\":\"https:\\\/\\\/kidsplay.lt\\\/\"},{\"@type\":\"ListItem\",\"position\":2,\"name\":\"Parduotuv\u0117\",\"item\":\"https:\\\/\\\/kidsplay.lt\\\/parduotuve\\\/\"},{\"@type\":\"ListItem\",\"position\":3,\"name\":\"\u017dieminis kostiumas vaikams Reima Puhuri 98 dydis\"}]},{\"@type\":\"WebSite\",\"@id\":\"https:\\\/\\\/kidsplay.lt\\\/#website\",\"url\":\"https:\\\/\\\/kidsplay.lt\\\/\",\"name\":\"Kidsplay.lt\",\"description\":\"\u012evairios prek\u0117s vaikams\",\"publisher\":{\"@id\":\"https:\\\/\\\/kidsplay.lt\\\/#organization\"},\"alternateName\":\"Kidsplay\",\"potentialAction\":[{\"@type\":\"SearchAction\",\"target\":{\"@type\":\"EntryPoint\",\"urlTemplate\":\"https:\\\/\\\/kidsplay.lt\\\/?s={search_term_string}\"},\"query-input\":{\"@type\":\"PropertyValueSpecification\",\"valueRequired\":true,\"valueName\":\"search_term_string\"}}],\"inLanguage\":\"lv-LV\"},{\"@type\":\"Organization\",\"@id\":\"https:\\\/\\\/kidsplay.lt\\\/#organization\",\"name\":\"KidsPlay\",\"url\":\"https:\\\/\\\/kidsplay.lt\\\/\",\"logo\":{\"@type\":\"ImageObject\",\"inLanguage\":\"lv-LV\",\"@id\":\"https:\\\/\\\/kidsplay.lt\\\/#\\\/schema\\\/logo\\\/image\\\/\",\"url\":\"https:\\\/\\\/kidsplay.lt\\\/wp-content\\\/uploads\\\/2023\\\/07\\\/kidsplay-logo.png\",\"contentUrl\":\"https:\\\/\\\/kidsplay.lt\\\/wp-content\\\/uploads\\\/2023\\\/07\\\/kidsplay-logo.png\",\"width\":451,\"height\":98,\"caption\":\"KidsPlay\"},\"image\":{\"@id\":\"https:\\\/\\\/kidsplay.lt\\\/#\\\/schema\\\/logo\\\/image\\\/\"},\"sameAs\":[\"https:\\\/\\\/www.facebook.com\\\/www.kidsplay.lt\"]}]}<\/script>\n<!-- \/ Yoast SEO plugin. -->","yoast_head_json":{"title":"\u017dieminis kostiumas vaikams Reima Puhuri 98 dydis - KidsPlay","description":"\u017dieminis kostiumas vaikams Reima Puhuri - KidsPlay. Did\u017eiausias vaik\u0173 \u017eaisl\u0173 pasirinkimas.","robots":{"index":"index","follow":"follow","max-snippet":"max-snippet:-1","max-image-preview":"max-image-preview:large","max-video-preview":"max-video-preview:-1"},"canonical":"https:\/\/kidsplay.lt\/lv\/products\/zieminis-kostiumas-vaikams-reima-puhuri-98-dydis\/","og_locale":"lv_LV","og_type":"article","og_title":"\u017dieminis kostiumas vaikams Reima Puhuri 98 dydis - KidsPlay","og_description":"\u017dieminis kostiumas vaikams Reima Puhuri - KidsPlay. Did\u017eiausias vaik\u0173 \u017eaisl\u0173 pasirinkimas.","og_url":"https:\/\/kidsplay.lt\/lv\/products\/zieminis-kostiumas-vaikams-reima-puhuri-98-dydis\/","og_site_name":"KidsPlay","article_publisher":"https:\/\/www.facebook.com\/www.kidsplay.lt","article_modified_time":"2026-02-25T13:55:46+00:00","og_image":[{"width":532,"height":463,"url":"https:\/\/kidsplay.lt\/wp-content\/uploads\/2025\/10\/Screenshot_141.png","type":"image\/png"}],"twitter_card":"summary_large_image","twitter_misc":{"Est. reading time":"4 min\u016btes"},"schema":{"@context":"https:\/\/schema.org","@graph":[{"@type":"WebPage","@id":"https:\/\/kidsplay.lt\/produktas\/zieminis-kostiumas-vaikams-reima-puhuri-98-dydis\/","url":"https:\/\/kidsplay.lt\/produktas\/zieminis-kostiumas-vaikams-reima-puhuri-98-dydis\/","name":"\u017dieminis kostiumas vaikams Reima Puhuri 98 dydis - KidsPlay","isPartOf":{"@id":"https:\/\/kidsplay.lt\/#website"},"primaryImageOfPage":{"@id":"https:\/\/kidsplay.lt\/produktas\/zieminis-kostiumas-vaikams-reima-puhuri-98-dydis\/#primaryimage"},"image":{"@id":"https:\/\/kidsplay.lt\/produktas\/zieminis-kostiumas-vaikams-reima-puhuri-98-dydis\/#primaryimage"},"thumbnailUrl":"https:\/\/kidsplay.lt\/wp-content\/uploads\/2025\/10\/Screenshot_141.png","datePublished":"2025-10-12T12:24:36+00:00","dateModified":"2026-02-25T13:55:46+00:00","description":"\u017dieminis kostiumas vaikams Reima Puhuri - KidsPlay. Did\u017eiausias vaik\u0173 \u017eaisl\u0173 pasirinkimas.","breadcrumb":{"@id":"https:\/\/kidsplay.lt\/produktas\/zieminis-kostiumas-vaikams-reima-puhuri-98-dydis\/#breadcrumb"},"inLanguage":"lv-LV","potentialAction":[{"@type":"ReadAction","target":["https:\/\/kidsplay.lt\/produktas\/zieminis-kostiumas-vaikams-reima-puhuri-98-dydis\/"]}]},{"@type":"ImageObject","inLanguage":"lv-LV","@id":"https:\/\/kidsplay.lt\/produktas\/zieminis-kostiumas-vaikams-reima-puhuri-98-dydis\/#primaryimage","url":"https:\/\/kidsplay.lt\/wp-content\/uploads\/2025\/10\/Screenshot_141.png","contentUrl":"https:\/\/kidsplay.lt\/wp-content\/uploads\/2025\/10\/Screenshot_141.png","width":532,"height":463},{"@type":"BreadcrumbList","@id":"https:\/\/kidsplay.lt\/produktas\/zieminis-kostiumas-vaikams-reima-puhuri-98-dydis\/#breadcrumb","itemListElement":[{"@type":"ListItem","position":1,"name":"Pagrindinis","item":"https:\/\/kidsplay.lt\/"},{"@type":"ListItem","position":2,"name":"Parduotuv\u0117","item":"https:\/\/kidsplay.lt\/parduotuve\/"},{"@type":"ListItem","position":3,"name":"\u017dieminis kostiumas vaikams Reima Puhuri 98 dydis"}]},{"@type":"WebSite","@id":"https:\/\/kidsplay.lt\/#website","url":"https:\/\/kidsplay.lt\/","name":"B\u0113rnu sp\u0113les.lv","description":"\u012evairios prek\u0117s vaikams","publisher":{"@id":"https:\/\/kidsplay.lt\/#organization"},"alternateName":"Kidsplay","potentialAction":[{"@type":"SearchAction","target":{"@type":"EntryPoint","urlTemplate":"https:\/\/kidsplay.lt\/?s={search_term_string}"},"query-input":{"@type":"PropertyValueSpecification","valueRequired":true,"valueName":"search_term_string"}}],"inLanguage":"lv-LV"},{"@type":"Organization","@id":"https:\/\/kidsplay.lt\/#organization","name":"B\u0113rnu sp\u0113le","url":"https:\/\/kidsplay.lt\/","logo":{"@type":"ImageObject","inLanguage":"lv-LV","@id":"https:\/\/kidsplay.lt\/#\/schema\/logo\/image\/","url":"https:\/\/kidsplay.lt\/wp-content\/uploads\/2023\/07\/kidsplay-logo.png","contentUrl":"https:\/\/kidsplay.lt\/wp-content\/uploads\/2023\/07\/kidsplay-logo.png","width":451,"height":98,"caption":"KidsPlay"},"image":{"@id":"https:\/\/kidsplay.lt\/#\/schema\/logo\/image\/"},"sameAs":["https:\/\/www.facebook.com\/www.kidsplay.lt"]}]}},"_links":{"self":[{"href":"https:\/\/kidsplay.lt\/lv\/wp-json\/wp\/v2\/product\/76255","targetHints":{"allow":["GET"]}}],"collection":[{"href":"https:\/\/kidsplay.lt\/lv\/wp-json\/wp\/v2\/product"}],"about":[{"href":"https:\/\/kidsplay.lt\/lv\/wp-json\/wp\/v2\/types\/product"}],"version-history":[{"count":3,"href":"https:\/\/kidsplay.lt\/lv\/wp-json\/wp\/v2\/product\/76255\/revisions"}],"predecessor-version":[{"id":81508,"href":"https:\/\/kidsplay.lt\/lv\/wp-json\/wp\/v2\/product\/76255\/revisions\/81508"}],"wp:featuredmedia":[{"embeddable":true,"href":"https:\/\/kidsplay.lt\/lv\/wp-json\/wp\/v2\/media\/76256"}],"wp:attachment":[{"href":"https:\/\/kidsplay.lt\/lv\/wp-json\/wp\/v2\/media?parent=76255"}],"wp:term":[{"taxonomy":"product_brand","embeddable":true,"href":"https:\/\/kidsplay.lt\/lv\/wp-json\/wp\/v2\/product_brand?post=76255"},{"taxonomy":"product_cat","embeddable":true,"href":"https:\/\/kidsplay.lt\/lv\/wp-json\/wp\/v2\/product_cat?post=76255"},{"taxonomy":"product_tag","embeddable":true,"href":"https:\/\/kidsplay.lt\/lv\/wp-json\/wp\/v2\/product_tag?post=76255"}],"curies":[{"name":"wp","href":"https:\/\/api.w.org\/{rel}","templated":true}]}}