{"id":76267,"date":"2025-10-12T15:27:41","date_gmt":"2025-10-12T12:27:41","guid":{"rendered":"https:\/\/kidsplay.lt\/?post_type=product&#038;p=76267"},"modified":"2026-02-25T15:55:29","modified_gmt":"2026-02-25T13:55:29","slug":"kombinezonas-pajac-cotton-minky-melynai-pilkas","status":"publish","type":"product","link":"https:\/\/kidsplay.lt\/lv\/products\/kombinezonas-pajac-cotton-minky-melynai-pilkas\/","title":{"rendered":"Kombinezons PAJAC COTTON MINKY zili pel\u0113ks"},"content":{"rendered":"<h1><span dir=\"auto\">ARTEX<\/span><\/h1>\n<p><b><span dir=\"auto\">Sortiments:<\/span><\/b><span dir=\"auto\">\u00a0mazu\u013ca kost\u012bms<\/span><\/p>\n<p><b><span dir=\"auto\">Kr\u0101sa:<\/span><\/b><span dir=\"auto\">\u00a0zils, p\u0101rv\u0113r\u0161oties pel\u0113k\u0101 kr\u0101s\u0101<\/span><\/p>\n<p><b><span dir=\"auto\">Materi\u0101la sast\u0101vs un \u012bpa\u0161\u012bbas:<\/span><\/b><span dir=\"auto\">\u00a0100 % kokvilna<\/span><\/p>\n<p><b><span dir=\"auto\">Pat\u012bkams, maigs,<\/span><\/b><span dir=\"auto\">\u00a0ide\u0101li piem\u0113rots v\u0113lam pavasarim, vasaras vakariem un rudenim<\/span><\/p>\n<p><b><span dir=\"auto\">Modelis:<\/span><\/b><span dir=\"auto\">\u00a0Romperi ar kapuci, izgatavoti no augstas kvalit\u0101tes m\u012bksta, p\u016bkaina minky auduma. Piln\u012bb\u0101 oder\u0113ta ar kokvilnas oderi. Aizdare ar diagon\u0101lu r\u0101v\u0113jsl\u0113dz\u0113ju. Dekorat\u012bvas austi\u0146as uz kapuces.<\/span><\/p>\n<p><b><span dir=\"auto\">Izm\u0113ri<\/span><\/b><span dir=\"auto\">\u00a0\u2013 l\u016bdzu, p\u0101rbaudiet<\/span><\/p>\n<p><span dir=\"auto\">Garums (bez kapuces): 42 cm<\/span><\/p>\n<p><span dir=\"auto\">platums: 23 cm<\/span><\/p>\n<p><span dir=\"auto\">piedurkne no padeves: 15 cm<\/span><\/p>\n<p><span dir=\"auto\">K\u0101ju garums no k\u0101jstarpes: 10 cm<\/span><\/p>","protected":false},"excerpt":{"rendered":"<p>ARTEX Asortimentas:\u00a0k\u016bdikio kostiumas Spalva:\u00a0m\u0117lyna, pereinanti \u012f pilk\u0105 Med\u017eiagos sud\u0117tis ir savyb\u0117s:\u00a0100 % medviln\u0117 Malonus, mink\u0161tas,\u00a0puikiai tinka v\u0117lyvam pavasariui, vasaros vakarams<\/p>","protected":false},"featured_media":76268,"template":"","meta":{"_acf_changed":false,"_glsr_average":0,"_glsr_ranking":0,"_glsr_reviews":0},"product_brand":[],"product_cat":[676],"product_tag":[],"class_list":{"0":"post-76267","1":"product","2":"type-product","3":"status-publish","4":"has-post-thumbnail","6":"product_cat-kombinezonai","7":"\"style=\"background-color: #2ecc711c;\"","9":"first","10":"instock","11":"shipping-taxable","12":"purchasable","13":"product-type-simple"},"acf":[],"yoast_head":"<!-- This site is optimized with the Yoast SEO plugin v27.4 - https:\/\/yoast.com\/product\/yoast-seo-wordpress\/ -->\n<title>Kombinezonas PAJAC COTTON MINKY m\u0117lynai pilkas - KidsPlay<\/title>\n<meta name=\"description\" content=\"Kombinezonas PAJAC COTTON MINKY m\u0117lynai pilkas - KidsPlay. Did\u017eiausias vaik\u0173 \u017eaisl\u0173 pasirinkimas.\" \/>\n<meta name=\"robots\" content=\"index, follow, max-snippet:-1, max-image-preview:large, max-video-preview:-1\" \/>\n<link rel=\"canonical\" href=\"https:\/\/kidsplay.lt\/lv\/products\/kombinezonas-pajac-cotton-minky-melynai-pilkas\/\" \/>\n<meta property=\"og:locale\" content=\"lv_LV\" \/>\n<meta property=\"og:type\" content=\"article\" \/>\n<meta property=\"og:title\" content=\"Kombinezonas PAJAC COTTON MINKY m\u0117lynai pilkas - KidsPlay\" \/>\n<meta property=\"og:description\" content=\"Kombinezonas PAJAC COTTON MINKY m\u0117lynai pilkas - KidsPlay. Did\u017eiausias vaik\u0173 \u017eaisl\u0173 pasirinkimas.\" \/>\n<meta property=\"og:url\" content=\"https:\/\/kidsplay.lt\/lv\/products\/kombinezonas-pajac-cotton-minky-melynai-pilkas\/\" \/>\n<meta property=\"og:site_name\" content=\"KidsPlay\" \/>\n<meta property=\"article:publisher\" content=\"https:\/\/www.facebook.com\/www.kidsplay.lt\" \/>\n<meta property=\"article:modified_time\" content=\"2026-02-25T13:55:29+00:00\" \/>\n<meta property=\"og:image\" content=\"https:\/\/kidsplay.lt\/wp-content\/uploads\/2025\/10\/Screenshot_147.png\" \/>\n\t<meta property=\"og:image:width\" content=\"500\" \/>\n\t<meta property=\"og:image:height\" content=\"398\" \/>\n\t<meta property=\"og:image:type\" content=\"image\/png\" \/>\n<meta name=\"twitter:card\" content=\"summary_large_image\" \/>\n<meta name=\"twitter:label1\" content=\"Est. reading time\" \/>\n\t<meta name=\"twitter:data1\" content=\"1 min\u016bte\" \/>\n<script type=\"application\/ld+json\" class=\"yoast-schema-graph\">{\"@context\":\"https:\\\/\\\/schema.org\",\"@graph\":[{\"@type\":\"WebPage\",\"@id\":\"https:\\\/\\\/kidsplay.lt\\\/produktas\\\/kombinezonas-pajac-cotton-minky-melynai-pilkas\\\/\",\"url\":\"https:\\\/\\\/kidsplay.lt\\\/produktas\\\/kombinezonas-pajac-cotton-minky-melynai-pilkas\\\/\",\"name\":\"Kombinezonas PAJAC COTTON MINKY m\u0117lynai pilkas - KidsPlay\",\"isPartOf\":{\"@id\":\"https:\\\/\\\/kidsplay.lt\\\/#website\"},\"primaryImageOfPage\":{\"@id\":\"https:\\\/\\\/kidsplay.lt\\\/produktas\\\/kombinezonas-pajac-cotton-minky-melynai-pilkas\\\/#primaryimage\"},\"image\":{\"@id\":\"https:\\\/\\\/kidsplay.lt\\\/produktas\\\/kombinezonas-pajac-cotton-minky-melynai-pilkas\\\/#primaryimage\"},\"thumbnailUrl\":\"https:\\\/\\\/kidsplay.lt\\\/wp-content\\\/uploads\\\/2025\\\/10\\\/Screenshot_147.png\",\"datePublished\":\"2025-10-12T12:27:41+00:00\",\"dateModified\":\"2026-02-25T13:55:29+00:00\",\"description\":\"Kombinezonas PAJAC COTTON MINKY m\u0117lynai pilkas - KidsPlay. Did\u017eiausias vaik\u0173 \u017eaisl\u0173 pasirinkimas.\",\"breadcrumb\":{\"@id\":\"https:\\\/\\\/kidsplay.lt\\\/produktas\\\/kombinezonas-pajac-cotton-minky-melynai-pilkas\\\/#breadcrumb\"},\"inLanguage\":\"lv-LV\",\"potentialAction\":[{\"@type\":\"ReadAction\",\"target\":[\"https:\\\/\\\/kidsplay.lt\\\/produktas\\\/kombinezonas-pajac-cotton-minky-melynai-pilkas\\\/\"]}]},{\"@type\":\"ImageObject\",\"inLanguage\":\"lv-LV\",\"@id\":\"https:\\\/\\\/kidsplay.lt\\\/produktas\\\/kombinezonas-pajac-cotton-minky-melynai-pilkas\\\/#primaryimage\",\"url\":\"https:\\\/\\\/kidsplay.lt\\\/wp-content\\\/uploads\\\/2025\\\/10\\\/Screenshot_147.png\",\"contentUrl\":\"https:\\\/\\\/kidsplay.lt\\\/wp-content\\\/uploads\\\/2025\\\/10\\\/Screenshot_147.png\",\"width\":500,\"height\":398},{\"@type\":\"BreadcrumbList\",\"@id\":\"https:\\\/\\\/kidsplay.lt\\\/produktas\\\/kombinezonas-pajac-cotton-minky-melynai-pilkas\\\/#breadcrumb\",\"itemListElement\":[{\"@type\":\"ListItem\",\"position\":1,\"name\":\"Pagrindinis\",\"item\":\"https:\\\/\\\/kidsplay.lt\\\/\"},{\"@type\":\"ListItem\",\"position\":2,\"name\":\"Parduotuv\u0117\",\"item\":\"https:\\\/\\\/kidsplay.lt\\\/parduotuve\\\/\"},{\"@type\":\"ListItem\",\"position\":3,\"name\":\"Kombinezonas PAJAC COTTON MINKY m\u0117lynai pilkas\"}]},{\"@type\":\"WebSite\",\"@id\":\"https:\\\/\\\/kidsplay.lt\\\/#website\",\"url\":\"https:\\\/\\\/kidsplay.lt\\\/\",\"name\":\"Kidsplay.lt\",\"description\":\"\u012evairios prek\u0117s vaikams\",\"publisher\":{\"@id\":\"https:\\\/\\\/kidsplay.lt\\\/#organization\"},\"alternateName\":\"Kidsplay\",\"potentialAction\":[{\"@type\":\"SearchAction\",\"target\":{\"@type\":\"EntryPoint\",\"urlTemplate\":\"https:\\\/\\\/kidsplay.lt\\\/?s={search_term_string}\"},\"query-input\":{\"@type\":\"PropertyValueSpecification\",\"valueRequired\":true,\"valueName\":\"search_term_string\"}}],\"inLanguage\":\"lv-LV\"},{\"@type\":\"Organization\",\"@id\":\"https:\\\/\\\/kidsplay.lt\\\/#organization\",\"name\":\"KidsPlay\",\"url\":\"https:\\\/\\\/kidsplay.lt\\\/\",\"logo\":{\"@type\":\"ImageObject\",\"inLanguage\":\"lv-LV\",\"@id\":\"https:\\\/\\\/kidsplay.lt\\\/#\\\/schema\\\/logo\\\/image\\\/\",\"url\":\"https:\\\/\\\/kidsplay.lt\\\/wp-content\\\/uploads\\\/2023\\\/07\\\/kidsplay-logo.png\",\"contentUrl\":\"https:\\\/\\\/kidsplay.lt\\\/wp-content\\\/uploads\\\/2023\\\/07\\\/kidsplay-logo.png\",\"width\":451,\"height\":98,\"caption\":\"KidsPlay\"},\"image\":{\"@id\":\"https:\\\/\\\/kidsplay.lt\\\/#\\\/schema\\\/logo\\\/image\\\/\"},\"sameAs\":[\"https:\\\/\\\/www.facebook.com\\\/www.kidsplay.lt\"]}]}<\/script>\n<!-- \/ Yoast SEO plugin. -->","yoast_head_json":{"title":"Kombinezonas PAJAC COTTON MINKY m\u0117lynai pilkas - KidsPlay","description":"Kombinezonas PAJAC COTTON MINKY m\u0117lynai pilkas - KidsPlay. Did\u017eiausias vaik\u0173 \u017eaisl\u0173 pasirinkimas.","robots":{"index":"index","follow":"follow","max-snippet":"max-snippet:-1","max-image-preview":"max-image-preview:large","max-video-preview":"max-video-preview:-1"},"canonical":"https:\/\/kidsplay.lt\/lv\/products\/kombinezonas-pajac-cotton-minky-melynai-pilkas\/","og_locale":"lv_LV","og_type":"article","og_title":"Kombinezonas PAJAC COTTON MINKY m\u0117lynai pilkas - KidsPlay","og_description":"Kombinezonas PAJAC COTTON MINKY m\u0117lynai pilkas - KidsPlay. Did\u017eiausias vaik\u0173 \u017eaisl\u0173 pasirinkimas.","og_url":"https:\/\/kidsplay.lt\/lv\/products\/kombinezonas-pajac-cotton-minky-melynai-pilkas\/","og_site_name":"KidsPlay","article_publisher":"https:\/\/www.facebook.com\/www.kidsplay.lt","article_modified_time":"2026-02-25T13:55:29+00:00","og_image":[{"width":500,"height":398,"url":"https:\/\/kidsplay.lt\/wp-content\/uploads\/2025\/10\/Screenshot_147.png","type":"image\/png"}],"twitter_card":"summary_large_image","twitter_misc":{"Est. reading time":"1 min\u016bte"},"schema":{"@context":"https:\/\/schema.org","@graph":[{"@type":"WebPage","@id":"https:\/\/kidsplay.lt\/produktas\/kombinezonas-pajac-cotton-minky-melynai-pilkas\/","url":"https:\/\/kidsplay.lt\/produktas\/kombinezonas-pajac-cotton-minky-melynai-pilkas\/","name":"Kombinezonas PAJAC COTTON MINKY m\u0117lynai pilkas - KidsPlay","isPartOf":{"@id":"https:\/\/kidsplay.lt\/#website"},"primaryImageOfPage":{"@id":"https:\/\/kidsplay.lt\/produktas\/kombinezonas-pajac-cotton-minky-melynai-pilkas\/#primaryimage"},"image":{"@id":"https:\/\/kidsplay.lt\/produktas\/kombinezonas-pajac-cotton-minky-melynai-pilkas\/#primaryimage"},"thumbnailUrl":"https:\/\/kidsplay.lt\/wp-content\/uploads\/2025\/10\/Screenshot_147.png","datePublished":"2025-10-12T12:27:41+00:00","dateModified":"2026-02-25T13:55:29+00:00","description":"Kombinezonas PAJAC COTTON MINKY m\u0117lynai pilkas - KidsPlay. Did\u017eiausias vaik\u0173 \u017eaisl\u0173 pasirinkimas.","breadcrumb":{"@id":"https:\/\/kidsplay.lt\/produktas\/kombinezonas-pajac-cotton-minky-melynai-pilkas\/#breadcrumb"},"inLanguage":"lv-LV","potentialAction":[{"@type":"ReadAction","target":["https:\/\/kidsplay.lt\/produktas\/kombinezonas-pajac-cotton-minky-melynai-pilkas\/"]}]},{"@type":"ImageObject","inLanguage":"lv-LV","@id":"https:\/\/kidsplay.lt\/produktas\/kombinezonas-pajac-cotton-minky-melynai-pilkas\/#primaryimage","url":"https:\/\/kidsplay.lt\/wp-content\/uploads\/2025\/10\/Screenshot_147.png","contentUrl":"https:\/\/kidsplay.lt\/wp-content\/uploads\/2025\/10\/Screenshot_147.png","width":500,"height":398},{"@type":"BreadcrumbList","@id":"https:\/\/kidsplay.lt\/produktas\/kombinezonas-pajac-cotton-minky-melynai-pilkas\/#breadcrumb","itemListElement":[{"@type":"ListItem","position":1,"name":"Pagrindinis","item":"https:\/\/kidsplay.lt\/"},{"@type":"ListItem","position":2,"name":"Parduotuv\u0117","item":"https:\/\/kidsplay.lt\/parduotuve\/"},{"@type":"ListItem","position":3,"name":"Kombinezonas PAJAC COTTON MINKY m\u0117lynai pilkas"}]},{"@type":"WebSite","@id":"https:\/\/kidsplay.lt\/#website","url":"https:\/\/kidsplay.lt\/","name":"B\u0113rnu sp\u0113les.lv","description":"\u012evairios prek\u0117s vaikams","publisher":{"@id":"https:\/\/kidsplay.lt\/#organization"},"alternateName":"Kidsplay","potentialAction":[{"@type":"SearchAction","target":{"@type":"EntryPoint","urlTemplate":"https:\/\/kidsplay.lt\/?s={search_term_string}"},"query-input":{"@type":"PropertyValueSpecification","valueRequired":true,"valueName":"search_term_string"}}],"inLanguage":"lv-LV"},{"@type":"Organization","@id":"https:\/\/kidsplay.lt\/#organization","name":"B\u0113rnu sp\u0113le","url":"https:\/\/kidsplay.lt\/","logo":{"@type":"ImageObject","inLanguage":"lv-LV","@id":"https:\/\/kidsplay.lt\/#\/schema\/logo\/image\/","url":"https:\/\/kidsplay.lt\/wp-content\/uploads\/2023\/07\/kidsplay-logo.png","contentUrl":"https:\/\/kidsplay.lt\/wp-content\/uploads\/2023\/07\/kidsplay-logo.png","width":451,"height":98,"caption":"KidsPlay"},"image":{"@id":"https:\/\/kidsplay.lt\/#\/schema\/logo\/image\/"},"sameAs":["https:\/\/www.facebook.com\/www.kidsplay.lt"]}]}},"_links":{"self":[{"href":"https:\/\/kidsplay.lt\/lv\/wp-json\/wp\/v2\/product\/76267","targetHints":{"allow":["GET"]}}],"collection":[{"href":"https:\/\/kidsplay.lt\/lv\/wp-json\/wp\/v2\/product"}],"about":[{"href":"https:\/\/kidsplay.lt\/lv\/wp-json\/wp\/v2\/types\/product"}],"version-history":[{"count":1,"href":"https:\/\/kidsplay.lt\/lv\/wp-json\/wp\/v2\/product\/76267\/revisions"}],"predecessor-version":[{"id":76273,"href":"https:\/\/kidsplay.lt\/lv\/wp-json\/wp\/v2\/product\/76267\/revisions\/76273"}],"wp:featuredmedia":[{"embeddable":true,"href":"https:\/\/kidsplay.lt\/lv\/wp-json\/wp\/v2\/media\/76268"}],"wp:attachment":[{"href":"https:\/\/kidsplay.lt\/lv\/wp-json\/wp\/v2\/media?parent=76267"}],"wp:term":[{"taxonomy":"product_brand","embeddable":true,"href":"https:\/\/kidsplay.lt\/lv\/wp-json\/wp\/v2\/product_brand?post=76267"},{"taxonomy":"product_cat","embeddable":true,"href":"https:\/\/kidsplay.lt\/lv\/wp-json\/wp\/v2\/product_cat?post=76267"},{"taxonomy":"product_tag","embeddable":true,"href":"https:\/\/kidsplay.lt\/lv\/wp-json\/wp\/v2\/product_tag?post=76267"}],"curies":[{"name":"wp","href":"https:\/\/api.w.org\/{rel}","templated":true}]}}