{"id":76286,"date":"2025-10-12T15:38:36","date_gmt":"2025-10-12T12:38:36","guid":{"rendered":"https:\/\/kidsplay.lt\/?post_type=product&#038;p=76286"},"modified":"2026-02-25T15:55:05","modified_gmt":"2026-02-25T13:55:05","slug":"zieminis-kostiumas-vientisas-flisinis-98-dydis","status":"publish","type":"product","link":"https:\/\/kidsplay.lt\/lv\/products\/zieminis-kostiumas-vientisas-flisinis-98-dydis\/","title":{"rendered":"\u017dieminis kostiumas vientisas flisinis 98 dydis"},"content":{"rendered":"<div class=\"mpof_ki myre_zn myre_8v_l m389_6m_l\">\n<div class=\"mp4t_16_s mryx_16_s mr3m_1 mli2_1 mh85_56 mh85_0_l\">\n<div class=\"mg9e_8 mj7a_8 mg9e_0_s mvrt_0_s mj7a_0_s mh36_0_s mzmg_6m munh_16_l m3h2_16_l\">\n<div class=\"mp4t_0 mryx_0 munh_56 m3h2_56\">\n<div class=\"mp7g_oh\"><button class=\"mg9e_0 mvrt_0 mj7a_0 mh36_0 mp4t_0 m3h2_0 mryx_0 munh_0 mqen_m6 mpof_z0 mx7m_0 m7er_k4 mse2_k4 msts_pt\" data-analytics-interaction=\"true\" data-analytics-interaction-label=\"zoomable-image-open\" aria-disabled=\"true\"><img decoding=\"async\" class=\"msub_k4 mupj_5k mjru_k4 mse2_k4 mp7g_f6 mq1m_0 mj7u_0 m7er_k4 mqen_m6 m31c_d8 m0ux_fp lazyloaded\" src=\"https:\/\/a.allegroimg.com\/original\/11737c\/a2788ede482689556cd1d8e2e3b1\/WINTER-SUIT-J257N-ONE-PIECE-FLEECE-98-Brand-no-brand\" sizes=\"(min-width: 1200px) 560px, (min-width: 992px) 50vw, 100vw\" srcset=\"https:\/\/a.allegroimg.com\/s360\/11737c\/a2788ede482689556cd1d8e2e3b1\/WINTER-SUIT-J257N-ONE-PIECE-FLEECE-98-Brand-no-brand 240w,https:\/\/a.allegroimg.com\/s720\/11737c\/a2788ede482689556cd1d8e2e3b1\/WINTER-SUIT-J257N-ONE-PIECE-FLEECE-98-Brand-no-brand 480w,https:\/\/a.allegroimg.com\/s1024\/11737c\/a2788ede482689556cd1d8e2e3b1\/WINTER-SUIT-J257N-ONE-PIECE-FLEECE-98-Brand-no-brand 682w,https:\/\/a.allegroimg.com\/s1440\/11737c\/a2788ede482689556cd1d8e2e3b1\/WINTER-SUIT-J257N-ONE-PIECE-FLEECE-98-Brand-no-brand 960w,https:\/\/a.allegroimg.com\/original\/11737c\/a2788ede482689556cd1d8e2e3b1\/WINTER-SUIT-J257N-ONE-PIECE-FLEECE-98-Brand-no-brand 1024w\" alt=\"WINTER SUIT J257N ONE-PIECE FLEECE 98 Brand no brand\" width=\"1024px\" data-srcset=\"\" \/><\/button><\/div>\n<\/div>\n<\/div>\n<\/div>\n<div class=\"mp4t_16_s mryx_16_s mr3m_1 mli2_1 mh85_56 mh85_0_l\">\n<div class=\"mgn2_16 _0d3bd_am0a-\">\n<h2><span dir=\"auto\">PRODUKTO INFORMACIJA;<\/span><\/h2>\n<ul>\n<li><span dir=\"auto\">atspari vandeniui, puiki r\u016b\u0161is.<\/span><\/li>\n<li><span dir=\"auto\">Pagaminta i\u0161 kokybi\u0161kos mink\u0161tos ortodontin\u0117s med\u017eiagos.<\/span><\/li>\n<li><span dir=\"auto\">pamu\u0161alas mink\u0161ta, \u0161ilta vilna (i\u0161skyrus rankovi\u0173 ir koj\u0173 vidin\u0119 pus\u0119),<\/span><\/li>\n<li><span dir=\"auto\">Gilus, nuimamas gobtuvas su u\u017etrauktuku, izoliuotas flisu.<\/span><\/li>\n<li><span dir=\"auto\">rankov\u0117s ir kojos su rai\u0161teliais<\/span><\/li>\n<li><span dir=\"auto\">dvi ki\u0161en\u0117s<\/span><\/li>\n<li><span dir=\"auto\">at\u0161vaitas ant kojos<\/span><\/li>\n<li><span dir=\"auto\">izoliuotas sintetiniais p\u016bkais<\/span><\/li>\n<li><span dir=\"auto\">gumin\u0117s juostos p\u0117doms<\/span><\/li>\n<\/ul>\n<\/div>\n<\/div>\n<\/div>\n<div class=\"mpof_ki myre_zn myre_8v_l m389_6m_l\">\n<div class=\"mp4t_16_s mryx_16_s mr3m_1 mli2_1 mh85_56 mh85_0_l\">\n<div class=\"mgn2_16 _0d3bd_am0a-\">\n<h2><span dir=\"auto\">OBJEKTO MATMENYS:<\/span><\/h2>\n<ul>\n<li><span dir=\"auto\">A &#8211;\u00a0<\/span><b><span dir=\"auto\">84,0 cm<\/span><\/b><span dir=\"auto\">\u00a0(bendras ilgis, matuojamas priekyje be gobtuvo),<\/span><\/li>\n<li><span dir=\"auto\">B &#8211;\u00a0<\/span><b><span dir=\"auto\">36,5 cm<\/span><\/b><span dir=\"auto\">\u00a0(P) po apykakle),<\/span><\/li>\n<li><span dir=\"auto\">C &#8211;\u00a0<\/span><b><span dir=\"auto\">25,0 cm<\/span><\/b><span dir=\"auto\">\u00a0(L dir\u017eo rankov\u0117).<\/span><\/li>\n<li><span dir=\"auto\">D &#8211;\u00a0<\/span><b><span dir=\"auto\">34,0 cm<\/span><\/b><span dir=\"auto\">\u00a0(I rankov\u0117 nuo peties).<\/span><\/li>\n<li><span dir=\"auto\">E-\u00a0<\/span><b><span dir=\"auto\">32,0 cm<\/span><\/b><span dir=\"auto\">\u00a0(kojel\u0117s ilgis nuo tarpkojo)<\/span><\/li>\n<\/ul>\n<p><span dir=\"auto\">Drabu\u017eiai matuojami \u201eplok\u0161ti\u201c, galima paklaida +\/- 1 cm.<\/span><\/p>\n<\/div>\n<\/div>\n<div class=\"mp4t_16_s mryx_16_s mr3m_1 mli2_1 mh85_56 mh85_0_l\">\n<div class=\"mg9e_8 mj7a_8 mg9e_0_s mvrt_0_s mj7a_0_s mh36_0_s mzmg_6m munh_16_l m3h2_16_l\">\n<div class=\"mp4t_0 mryx_0 munh_56 m3h2_56\">\n<div class=\"mp7g_oh\"><button class=\"mg9e_0 mvrt_0 mj7a_0 mh36_0 mp4t_0 m3h2_0 mryx_0 munh_0 mqen_m6 mpof_z0 mx7m_0 m7er_k4 mse2_k4 msts_pt\" data-analytics-interaction=\"true\" data-analytics-interaction-label=\"zoomable-image-open\" aria-disabled=\"true\"><img decoding=\"async\" class=\"msub_k4 mupj_5k mjru_k4 mse2_k4 mp7g_f6 mq1m_0 mj7u_0 m7er_k4 mqen_m6 m31c_d8 m0ux_fp lazyloaded\" src=\"https:\/\/a.allegroimg.com\/original\/115e84\/22e4e4a844fdb15ceb8a601e08e7\/WINTER-SUIT-J257N-ONE-PIECE-FLEECE-98-Size-98\" sizes=\"(min-width: 1200px) 560px, (min-width: 992px) 50vw, 100vw\" srcset=\"https:\/\/a.allegroimg.com\/s360\/115e84\/22e4e4a844fdb15ceb8a601e08e7\/WINTER-SUIT-J257N-ONE-PIECE-FLEECE-98-Size-98 240w,https:\/\/a.allegroimg.com\/s720\/115e84\/22e4e4a844fdb15ceb8a601e08e7\/WINTER-SUIT-J257N-ONE-PIECE-FLEECE-98-Size-98 480w,https:\/\/a.allegroimg.com\/s1024\/115e84\/22e4e4a844fdb15ceb8a601e08e7\/WINTER-SUIT-J257N-ONE-PIECE-FLEECE-98-Size-98 682w,https:\/\/a.allegroimg.com\/s1440\/115e84\/22e4e4a844fdb15ceb8a601e08e7\/WINTER-SUIT-J257N-ONE-PIECE-FLEECE-98-Size-98 960w,https:\/\/a.allegroimg.com\/original\/115e84\/22e4e4a844fdb15ceb8a601e08e7\/WINTER-SUIT-J257N-ONE-PIECE-FLEECE-98-Size-98 1024w\" alt=\"WINTER SUIT J257N ONE-PIECE FLEECE 98 Size 98\" width=\"1024px\" data-srcset=\"\" \/><\/button><\/div>\n<\/div>\n<\/div>\n<\/div>\n<\/div>\n<div class=\"mpof_ki myre_zn myre_8v_l m389_6m_l\">\n<div class=\"mp4t_16_s mryx_16_s mr3m_1 mli2_1 mh85_56 mh85_0_l\">\n<div class=\"mgn2_16 _0d3bd_am0a-\">\n<h1><span dir=\"auto\">\u0160IAME SKELBIME PERKATE 98 DYD\u012e<\/span><\/h1>\n<h1><span dir=\"auto\">Gamintojo \u017eym\u0117s dydis: 98<\/span><\/h1>\n<\/div>\n<\/div>\n<\/div>","protected":false},"excerpt":{"rendered":"<p>PRODUKTO INFORMACIJA; atspari vandeniui, puiki r\u016b\u0161is. Pagaminta i\u0161 kokybi\u0161kos mink\u0161tos ortodontin\u0117s med\u017eiagos. pamu\u0161alas mink\u0161ta, \u0161ilta vilna (i\u0161skyrus rankovi\u0173 ir koj\u0173<\/p>","protected":false},"featured_media":76287,"template":"","meta":{"_acf_changed":false,"_glsr_average":0,"_glsr_ranking":0,"_glsr_reviews":0},"product_brand":[],"product_cat":[676],"product_tag":[],"class_list":{"0":"post-76286","1":"product","2":"type-product","3":"status-publish","4":"has-post-thumbnail","6":"product_cat-kombinezonai","7":"\"style=\"background-color: #2ecc711c;\"","9":"first","10":"instock","11":"shipping-taxable","12":"purchasable","13":"product-type-simple"},"acf":[],"yoast_head":"<!-- This site is optimized with the Yoast SEO plugin v27.3 - https:\/\/yoast.com\/product\/yoast-seo-wordpress\/ -->\n<title>\u017dieminis kostiumas vientisas flisinis 98 dydis - KidsPlay<\/title>\n<meta name=\"description\" content=\"\u017dieminis kostiumas vientisas flisinis 98 dydis - KidsPlay. Did\u017eiausias vaik\u0173 \u017eaisl\u0173 pasirinkimas.\" \/>\n<meta name=\"robots\" content=\"index, follow, max-snippet:-1, max-image-preview:large, max-video-preview:-1\" \/>\n<link rel=\"canonical\" href=\"https:\/\/kidsplay.lt\/lv\/products\/zieminis-kostiumas-vientisas-flisinis-98-dydis\/\" \/>\n<meta property=\"og:locale\" content=\"lv_LV\" \/>\n<meta property=\"og:type\" content=\"article\" \/>\n<meta property=\"og:title\" content=\"\u017dieminis kostiumas vientisas flisinis 98 dydis - KidsPlay\" \/>\n<meta property=\"og:description\" content=\"\u017dieminis kostiumas vientisas flisinis 98 dydis - KidsPlay. Did\u017eiausias vaik\u0173 \u017eaisl\u0173 pasirinkimas.\" \/>\n<meta property=\"og:url\" content=\"https:\/\/kidsplay.lt\/lv\/products\/zieminis-kostiumas-vientisas-flisinis-98-dydis\/\" \/>\n<meta property=\"og:site_name\" content=\"KidsPlay\" \/>\n<meta property=\"article:publisher\" content=\"https:\/\/www.facebook.com\/www.kidsplay.lt\" \/>\n<meta property=\"article:modified_time\" content=\"2026-02-25T13:55:05+00:00\" \/>\n<meta property=\"og:image\" content=\"https:\/\/kidsplay.lt\/wp-content\/uploads\/2025\/10\/Screenshot_159.png\" \/>\n\t<meta property=\"og:image:width\" content=\"488\" \/>\n\t<meta property=\"og:image:height\" content=\"460\" \/>\n\t<meta property=\"og:image:type\" content=\"image\/png\" \/>\n<meta name=\"twitter:card\" content=\"summary_large_image\" \/>\n<meta name=\"twitter:label1\" content=\"Est. reading time\" \/>\n\t<meta name=\"twitter:data1\" content=\"2 min\u016btes\" \/>\n<script type=\"application\/ld+json\" class=\"yoast-schema-graph\">{\"@context\":\"https:\\\/\\\/schema.org\",\"@graph\":[{\"@type\":\"WebPage\",\"@id\":\"https:\\\/\\\/kidsplay.lt\\\/produktas\\\/zieminis-kostiumas-vientisas-flisinis-98-dydis\\\/\",\"url\":\"https:\\\/\\\/kidsplay.lt\\\/produktas\\\/zieminis-kostiumas-vientisas-flisinis-98-dydis\\\/\",\"name\":\"\u017dieminis kostiumas vientisas flisinis 98 dydis - KidsPlay\",\"isPartOf\":{\"@id\":\"https:\\\/\\\/kidsplay.lt\\\/#website\"},\"primaryImageOfPage\":{\"@id\":\"https:\\\/\\\/kidsplay.lt\\\/produktas\\\/zieminis-kostiumas-vientisas-flisinis-98-dydis\\\/#primaryimage\"},\"image\":{\"@id\":\"https:\\\/\\\/kidsplay.lt\\\/produktas\\\/zieminis-kostiumas-vientisas-flisinis-98-dydis\\\/#primaryimage\"},\"thumbnailUrl\":\"https:\\\/\\\/kidsplay.lt\\\/wp-content\\\/uploads\\\/2025\\\/10\\\/Screenshot_159.png\",\"datePublished\":\"2025-10-12T12:38:36+00:00\",\"dateModified\":\"2026-02-25T13:55:05+00:00\",\"description\":\"\u017dieminis kostiumas vientisas flisinis 98 dydis - KidsPlay. Did\u017eiausias vaik\u0173 \u017eaisl\u0173 pasirinkimas.\",\"breadcrumb\":{\"@id\":\"https:\\\/\\\/kidsplay.lt\\\/produktas\\\/zieminis-kostiumas-vientisas-flisinis-98-dydis\\\/#breadcrumb\"},\"inLanguage\":\"lv-LV\",\"potentialAction\":[{\"@type\":\"ReadAction\",\"target\":[\"https:\\\/\\\/kidsplay.lt\\\/produktas\\\/zieminis-kostiumas-vientisas-flisinis-98-dydis\\\/\"]}]},{\"@type\":\"ImageObject\",\"inLanguage\":\"lv-LV\",\"@id\":\"https:\\\/\\\/kidsplay.lt\\\/produktas\\\/zieminis-kostiumas-vientisas-flisinis-98-dydis\\\/#primaryimage\",\"url\":\"https:\\\/\\\/kidsplay.lt\\\/wp-content\\\/uploads\\\/2025\\\/10\\\/Screenshot_159.png\",\"contentUrl\":\"https:\\\/\\\/kidsplay.lt\\\/wp-content\\\/uploads\\\/2025\\\/10\\\/Screenshot_159.png\",\"width\":488,\"height\":460},{\"@type\":\"BreadcrumbList\",\"@id\":\"https:\\\/\\\/kidsplay.lt\\\/produktas\\\/zieminis-kostiumas-vientisas-flisinis-98-dydis\\\/#breadcrumb\",\"itemListElement\":[{\"@type\":\"ListItem\",\"position\":1,\"name\":\"Pagrindinis\",\"item\":\"https:\\\/\\\/kidsplay.lt\\\/\"},{\"@type\":\"ListItem\",\"position\":2,\"name\":\"Parduotuv\u0117\",\"item\":\"https:\\\/\\\/kidsplay.lt\\\/parduotuve\\\/\"},{\"@type\":\"ListItem\",\"position\":3,\"name\":\"\u017dieminis kostiumas vientisas flisinis 98 dydis\"}]},{\"@type\":\"WebSite\",\"@id\":\"https:\\\/\\\/kidsplay.lt\\\/#website\",\"url\":\"https:\\\/\\\/kidsplay.lt\\\/\",\"name\":\"Kidsplay.lt\",\"description\":\"\u012evairios prek\u0117s vaikams\",\"publisher\":{\"@id\":\"https:\\\/\\\/kidsplay.lt\\\/#organization\"},\"alternateName\":\"Kidsplay\",\"potentialAction\":[{\"@type\":\"SearchAction\",\"target\":{\"@type\":\"EntryPoint\",\"urlTemplate\":\"https:\\\/\\\/kidsplay.lt\\\/?s={search_term_string}\"},\"query-input\":{\"@type\":\"PropertyValueSpecification\",\"valueRequired\":true,\"valueName\":\"search_term_string\"}}],\"inLanguage\":\"lv-LV\"},{\"@type\":\"Organization\",\"@id\":\"https:\\\/\\\/kidsplay.lt\\\/#organization\",\"name\":\"KidsPlay\",\"url\":\"https:\\\/\\\/kidsplay.lt\\\/\",\"logo\":{\"@type\":\"ImageObject\",\"inLanguage\":\"lv-LV\",\"@id\":\"https:\\\/\\\/kidsplay.lt\\\/#\\\/schema\\\/logo\\\/image\\\/\",\"url\":\"https:\\\/\\\/kidsplay.lt\\\/wp-content\\\/uploads\\\/2023\\\/07\\\/kidsplay-logo.png\",\"contentUrl\":\"https:\\\/\\\/kidsplay.lt\\\/wp-content\\\/uploads\\\/2023\\\/07\\\/kidsplay-logo.png\",\"width\":451,\"height\":98,\"caption\":\"KidsPlay\"},\"image\":{\"@id\":\"https:\\\/\\\/kidsplay.lt\\\/#\\\/schema\\\/logo\\\/image\\\/\"},\"sameAs\":[\"https:\\\/\\\/www.facebook.com\\\/www.kidsplay.lt\"]}]}<\/script>\n<!-- \/ Yoast SEO plugin. -->","yoast_head_json":{"title":"\u017dieminis kostiumas vientisas flisinis 98 dydis - KidsPlay","description":"\u017dieminis kostiumas vientisas flisinis 98 dydis - KidsPlay. Did\u017eiausias vaik\u0173 \u017eaisl\u0173 pasirinkimas.","robots":{"index":"index","follow":"follow","max-snippet":"max-snippet:-1","max-image-preview":"max-image-preview:large","max-video-preview":"max-video-preview:-1"},"canonical":"https:\/\/kidsplay.lt\/lv\/products\/zieminis-kostiumas-vientisas-flisinis-98-dydis\/","og_locale":"lv_LV","og_type":"article","og_title":"\u017dieminis kostiumas vientisas flisinis 98 dydis - KidsPlay","og_description":"\u017dieminis kostiumas vientisas flisinis 98 dydis - KidsPlay. Did\u017eiausias vaik\u0173 \u017eaisl\u0173 pasirinkimas.","og_url":"https:\/\/kidsplay.lt\/lv\/products\/zieminis-kostiumas-vientisas-flisinis-98-dydis\/","og_site_name":"KidsPlay","article_publisher":"https:\/\/www.facebook.com\/www.kidsplay.lt","article_modified_time":"2026-02-25T13:55:05+00:00","og_image":[{"width":488,"height":460,"url":"https:\/\/kidsplay.lt\/wp-content\/uploads\/2025\/10\/Screenshot_159.png","type":"image\/png"}],"twitter_card":"summary_large_image","twitter_misc":{"Est. reading time":"2 min\u016btes"},"schema":{"@context":"https:\/\/schema.org","@graph":[{"@type":"WebPage","@id":"https:\/\/kidsplay.lt\/produktas\/zieminis-kostiumas-vientisas-flisinis-98-dydis\/","url":"https:\/\/kidsplay.lt\/produktas\/zieminis-kostiumas-vientisas-flisinis-98-dydis\/","name":"\u017dieminis kostiumas vientisas flisinis 98 dydis - KidsPlay","isPartOf":{"@id":"https:\/\/kidsplay.lt\/#website"},"primaryImageOfPage":{"@id":"https:\/\/kidsplay.lt\/produktas\/zieminis-kostiumas-vientisas-flisinis-98-dydis\/#primaryimage"},"image":{"@id":"https:\/\/kidsplay.lt\/produktas\/zieminis-kostiumas-vientisas-flisinis-98-dydis\/#primaryimage"},"thumbnailUrl":"https:\/\/kidsplay.lt\/wp-content\/uploads\/2025\/10\/Screenshot_159.png","datePublished":"2025-10-12T12:38:36+00:00","dateModified":"2026-02-25T13:55:05+00:00","description":"\u017dieminis kostiumas vientisas flisinis 98 dydis - KidsPlay. Did\u017eiausias vaik\u0173 \u017eaisl\u0173 pasirinkimas.","breadcrumb":{"@id":"https:\/\/kidsplay.lt\/produktas\/zieminis-kostiumas-vientisas-flisinis-98-dydis\/#breadcrumb"},"inLanguage":"lv-LV","potentialAction":[{"@type":"ReadAction","target":["https:\/\/kidsplay.lt\/produktas\/zieminis-kostiumas-vientisas-flisinis-98-dydis\/"]}]},{"@type":"ImageObject","inLanguage":"lv-LV","@id":"https:\/\/kidsplay.lt\/produktas\/zieminis-kostiumas-vientisas-flisinis-98-dydis\/#primaryimage","url":"https:\/\/kidsplay.lt\/wp-content\/uploads\/2025\/10\/Screenshot_159.png","contentUrl":"https:\/\/kidsplay.lt\/wp-content\/uploads\/2025\/10\/Screenshot_159.png","width":488,"height":460},{"@type":"BreadcrumbList","@id":"https:\/\/kidsplay.lt\/produktas\/zieminis-kostiumas-vientisas-flisinis-98-dydis\/#breadcrumb","itemListElement":[{"@type":"ListItem","position":1,"name":"Pagrindinis","item":"https:\/\/kidsplay.lt\/"},{"@type":"ListItem","position":2,"name":"Parduotuv\u0117","item":"https:\/\/kidsplay.lt\/parduotuve\/"},{"@type":"ListItem","position":3,"name":"\u017dieminis kostiumas vientisas flisinis 98 dydis"}]},{"@type":"WebSite","@id":"https:\/\/kidsplay.lt\/#website","url":"https:\/\/kidsplay.lt\/","name":"B\u0113rnu sp\u0113les.lv","description":"\u012evairios prek\u0117s vaikams","publisher":{"@id":"https:\/\/kidsplay.lt\/#organization"},"alternateName":"Kidsplay","potentialAction":[{"@type":"SearchAction","target":{"@type":"EntryPoint","urlTemplate":"https:\/\/kidsplay.lt\/?s={search_term_string}"},"query-input":{"@type":"PropertyValueSpecification","valueRequired":true,"valueName":"search_term_string"}}],"inLanguage":"lv-LV"},{"@type":"Organization","@id":"https:\/\/kidsplay.lt\/#organization","name":"B\u0113rnu sp\u0113le","url":"https:\/\/kidsplay.lt\/","logo":{"@type":"ImageObject","inLanguage":"lv-LV","@id":"https:\/\/kidsplay.lt\/#\/schema\/logo\/image\/","url":"https:\/\/kidsplay.lt\/wp-content\/uploads\/2023\/07\/kidsplay-logo.png","contentUrl":"https:\/\/kidsplay.lt\/wp-content\/uploads\/2023\/07\/kidsplay-logo.png","width":451,"height":98,"caption":"KidsPlay"},"image":{"@id":"https:\/\/kidsplay.lt\/#\/schema\/logo\/image\/"},"sameAs":["https:\/\/www.facebook.com\/www.kidsplay.lt"]}]}},"_links":{"self":[{"href":"https:\/\/kidsplay.lt\/lv\/wp-json\/wp\/v2\/product\/76286","targetHints":{"allow":["GET"]}}],"collection":[{"href":"https:\/\/kidsplay.lt\/lv\/wp-json\/wp\/v2\/product"}],"about":[{"href":"https:\/\/kidsplay.lt\/lv\/wp-json\/wp\/v2\/types\/product"}],"version-history":[{"count":1,"href":"https:\/\/kidsplay.lt\/lv\/wp-json\/wp\/v2\/product\/76286\/revisions"}],"predecessor-version":[{"id":76294,"href":"https:\/\/kidsplay.lt\/lv\/wp-json\/wp\/v2\/product\/76286\/revisions\/76294"}],"wp:featuredmedia":[{"embeddable":true,"href":"https:\/\/kidsplay.lt\/lv\/wp-json\/wp\/v2\/media\/76287"}],"wp:attachment":[{"href":"https:\/\/kidsplay.lt\/lv\/wp-json\/wp\/v2\/media?parent=76286"}],"wp:term":[{"taxonomy":"product_brand","embeddable":true,"href":"https:\/\/kidsplay.lt\/lv\/wp-json\/wp\/v2\/product_brand?post=76286"},{"taxonomy":"product_cat","embeddable":true,"href":"https:\/\/kidsplay.lt\/lv\/wp-json\/wp\/v2\/product_cat?post=76286"},{"taxonomy":"product_tag","embeddable":true,"href":"https:\/\/kidsplay.lt\/lv\/wp-json\/wp\/v2\/product_tag?post=76286"}],"curies":[{"name":"wp","href":"https:\/\/api.w.org\/{rel}","templated":true}]}}