{"id":76302,"date":"2025-10-12T15:44:12","date_gmt":"2025-10-12T12:44:12","guid":{"rendered":"https:\/\/kidsplay.lt\/?post_type=product&#038;p=76302"},"modified":"2026-02-25T15:54:37","modified_gmt":"2026-02-25T13:54:37","slug":"akuku-didelis-veidrodelis-vaiko-stebejimui-automobilyje","status":"publish","type":"product","link":"https:\/\/kidsplay.lt\/lv\/products\/akuku-didelis-veidrodelis-vaiko-stebejimui-automobilyje\/","title":{"rendered":"AKUKU didelis veidrod\u0117lis vaiko steb\u0117jimui automobilyje"},"content":{"rendered":"<div class=\"mpof_ki myre_zn myre_8v_l m389_6m_l\">\n<div class=\"mp4t_16_s mryx_16_s mr3m_1 mli2_1 mh85_56 mh85_0_l\">\n<div class=\"mgn2_16 _0d3bd_am0a-\">\n<h1><span dir=\"auto\">Reguliuojamas 360 laipsni\u0173 kampu<\/span><\/h1>\n<ul>\n<li><span dir=\"auto\">Greitas ir paprastas montavimas<\/span><\/li>\n<li><span dir=\"auto\">atsparus akrilinis stiklas<\/span><\/li>\n<li><span dir=\"auto\">didelis veidrodis, kurio \u012fstri\u017eain\u0117 yra 9,8 colio<\/span><\/li>\n<li><span dir=\"auto\">sukasi bet kuria kryptimi<\/span><\/li>\n<li><span dir=\"auto\">matin\u0117 apdaila<\/span><\/li>\n<\/ul>\n<\/div>\n<\/div>\n<div class=\"mp4t_16_s mryx_16_s mr3m_1 mli2_1 mh85_56 mh85_0_l\">\n<div class=\"mg9e_8 mj7a_8 mg9e_0_s mvrt_0_s mj7a_0_s mh36_0_s mzmg_6m munh_16_l m3h2_16_l\">\n<div class=\"mp4t_0 mryx_0 munh_56 m3h2_56\">\n<div class=\"mp7g_oh\"><button class=\"mg9e_0 mvrt_0 mj7a_0 mh36_0 mp4t_0 m3h2_0 mryx_0 munh_0 mqen_m6 mpof_z0 mx7m_0 m7er_k4 mse2_k4 msts_pt\" data-analytics-interaction=\"true\" data-analytics-interaction-label=\"zoomable-image-open\" aria-disabled=\"true\"><img decoding=\"async\" class=\"msub_k4 mupj_5k mjru_k4 mse2_k4 mp7g_f6 mq1m_0 mj7u_0 m7er_k4 mqen_m6 m31c_d8 m0ux_fp lazyloaded\" src=\"https:\/\/a.allegroimg.com\/original\/11b8fb\/f908039a42a9bc3d52e713793d77\" sizes=\"(min-width: 1200px) 560px, (min-width: 992px) 50vw, 100vw\" srcset=\"https:\/\/a.allegroimg.com\/s360\/11b8fb\/f908039a42a9bc3d52e713793d77 360w,https:\/\/a.allegroimg.com\/s720\/11b8fb\/f908039a42a9bc3d52e713793d77 486w,https:\/\/a.allegroimg.com\/original\/11b8fb\/f908039a42a9bc3d52e713793d77 486w\" alt=\"\" width=\"486px\" data-srcset=\"\" \/><\/button><\/div>\n<\/div>\n<\/div>\n<\/div>\n<\/div>\n<div class=\"mpof_ki myre_zn myre_8v_l m389_6m_l\">\n<div class=\"mp4t_16_s mryx_16_s mr3m_1 mli2_1 mh85_56 mh85_0_l\">\n<div class=\"mg9e_8 mj7a_8 mg9e_0_s mvrt_0_s mj7a_0_s mh36_0_s mzmg_6m munh_16_l m3h2_16_l\">\n<div class=\"mp4t_0 mryx_0 munh_56 m3h2_56\">\n<div class=\"mp7g_oh\"><button class=\"mg9e_0 mvrt_0 mj7a_0 mh36_0 mp4t_0 m3h2_0 mryx_0 munh_0 mqen_m6 mpof_z0 mx7m_0 m7er_k4 mse2_k4 msts_pt\" data-analytics-interaction=\"true\" data-analytics-interaction-label=\"zoomable-image-open\" aria-disabled=\"true\"><img decoding=\"async\" class=\"msub_k4 mupj_5k mjru_k4 mse2_k4 mp7g_f6 mq1m_0 mj7u_0 m7er_k4 mqen_m6 m31c_d8 m0ux_fp lazyloaded\" src=\"https:\/\/a.allegroimg.com\/original\/114712\/a3c2cf0947c493735ba4e10edd19\/AKUKU-Large-mirror-for-observing-a-child-in-a-car-REGULATION-360-Additional-features-viewing-angle-adjustment\" sizes=\"(min-width: 1200px) 560px, (min-width: 992px) 50vw, 100vw\" srcset=\"https:\/\/a.allegroimg.com\/s360\/114712\/a3c2cf0947c493735ba4e10edd19\/AKUKU-Large-mirror-for-observing-a-child-in-a-car-REGULATION-360-Additional-features-viewing-angle-adjustment 360w,https:\/\/a.allegroimg.com\/s720\/114712\/a3c2cf0947c493735ba4e10edd19\/AKUKU-Large-mirror-for-observing-a-child-in-a-car-REGULATION-360-Additional-features-viewing-angle-adjustment 500w,https:\/\/a.allegroimg.com\/original\/114712\/a3c2cf0947c493735ba4e10edd19\/AKUKU-Large-mirror-for-observing-a-child-in-a-car-REGULATION-360-Additional-features-viewing-angle-adjustment 500w\" alt=\"Didelis AKUKU veidrod\u0117lis vaiko steb\u0117jimui automobilyje. REGULATION 360. Papildomos funkcijos: matymo kampo reguliavimas.\" width=\"500px\" data-srcset=\"\" \/><\/button><\/div>\n<\/div>\n<\/div>\n<\/div>\n<div class=\"mp4t_16_s mryx_16_s mr3m_1 mli2_1 mh85_56 mh85_0_l\">\n<div class=\"mgn2_16 _0d3bd_am0a-\">\n<ul>\n<li><span dir=\"auto\">pagamintas i\u0161\u00a0<\/span><b><span dir=\"auto\">akrilinio stiklo<\/span><\/b><\/li>\n<\/ul>\n<ul>\n<li><b><span dir=\"auto\">vis\u0173 tip\u0173 automobiliams<\/span><\/b><span dir=\"auto\">\u00a0\u2013 veidrod\u0117l\u012f galima lengvai pritvirtinti prie galvos atramos\u00a0<\/span><b><span dir=\"auto\">kiekviename\u00a0<\/span><\/b><b><span dir=\"auto\">automobilyje<\/span><\/b><\/li>\n<\/ul>\n<ul>\n<li><b><span dir=\"auto\">lengvas tvirtinimas<\/span><\/b><span dir=\"auto\">\u00a0prie galvos atramos su reguliuojamais dir\u017eeliais ir sagtimi<\/span><\/li>\n<\/ul>\n<ul>\n<li><span dir=\"auto\">leid\u017eia steb\u0117ti atbuline eiga va\u017eiuojan\u010dius vaikus.<\/span><\/li>\n<\/ul>\n<\/div>\n<\/div>\n<\/div>\n<div class=\"mpof_ki myre_zn myre_8v_l m389_6m_l\">\n<div class=\"mp4t_16_s mryx_16_s mr3m_1 mli2_1 mh85_56 mh85_0_l\">\n<div class=\"mgn2_16 _0d3bd_am0a-\">\n<ul>\n<li><span dir=\"auto\">tiesiog pad\u0117kite juos ant galvos atramos, o tada vairuotojo veidrod\u0117lyje gal\u0117sime steb\u0117ti s\u0117dyn\u0117je keliaujant\u012f vaik\u0105<\/span><\/li>\n<\/ul>\n<ul>\n<li><span dir=\"auto\">Nuo \u0161iol kiekvienas t\u0117vas gal\u0117s be joki\u0173 problem\u0173 kontroliuoti, kaip jau\u010diasi ir k\u0105 daro j\u0173 vaikas.<\/span><\/li>\n<\/ul>\n<\/div>\n<\/div>\n<div class=\"mp4t_16_s mryx_16_s mr3m_1 mli2_1 mh85_56 mh85_0_l\">\n<div class=\"mg9e_8 mj7a_8 mg9e_0_s mvrt_0_s mj7a_0_s mh36_0_s mzmg_6m munh_16_l m3h2_16_l\">\n<div class=\"mp4t_0 mryx_0 munh_56 m3h2_56\">\n<div class=\"mp7g_oh\"><button class=\"mg9e_0 mvrt_0 mj7a_0 mh36_0 mp4t_0 m3h2_0 mryx_0 munh_0 mqen_m6 mpof_z0 mx7m_0 m7er_k4 mse2_k4 msts_pt\" data-analytics-interaction=\"true\" data-analytics-interaction-label=\"zoomable-image-open\" aria-disabled=\"true\"><img decoding=\"async\" class=\"msub_k4 mupj_5k mjru_k4 mse2_k4 mp7g_f6 mq1m_0 mj7u_0 m7er_k4 mqen_m6 m31c_d8 m0ux_fp lazyloaded\" src=\"https:\/\/a.allegroimg.com\/original\/116ea7\/b39dbe604b86bfd74da05d74a2c2\/AKUKU-Large-mirror-for-observing-a-child-in-a-car-REGULATION-360-Brand-Akuku\" sizes=\"(min-width: 1200px) 560px, (min-width: 992px) 50vw, 100vw\" srcset=\"https:\/\/a.allegroimg.com\/s360\/116ea7\/b39dbe604b86bfd74da05d74a2c2\/AKUKU-Large-mirror-for-observing-a-child-in-a-car-REGULATION-360-Brand-Akuku 360w,https:\/\/a.allegroimg.com\/s720\/116ea7\/b39dbe604b86bfd74da05d74a2c2\/AKUKU-Large-mirror-for-observing-a-child-in-a-car-REGULATION-360-Brand-Akuku 500w,https:\/\/a.allegroimg.com\/original\/116ea7\/b39dbe604b86bfd74da05d74a2c2\/AKUKU-Large-mirror-for-observing-a-child-in-a-car-REGULATION-360-Brand-Akuku 500w\" alt=\"AKUKU Didelis veidrod\u0117lis vaiko steb\u0117jimui automobilyje REGULATION 360 Gamintojas Akuku\" width=\"500px\" data-srcset=\"\" \/><\/button><\/div>\n<\/div>\n<\/div>\n<\/div>\n<\/div>\n<div class=\"mpof_ki myre_zn myre_8v_l m389_6m_l\">\n<div class=\"mp4t_16_s mryx_16_s mr3m_1 mli2_1 mh85_56 mh85_0_l\">\n<div class=\"mg9e_8 mj7a_8 mg9e_0_s mvrt_0_s mj7a_0_s mh36_0_s mzmg_6m munh_16_l m3h2_16_l\">\n<div class=\"mp4t_0 mryx_0 munh_56 m3h2_56\">\n<div class=\"mp7g_oh\"><button class=\"mg9e_0 mvrt_0 mj7a_0 mh36_0 mp4t_0 m3h2_0 mryx_0 munh_0 mqen_m6 mpof_z0 mx7m_0 m7er_k4 mse2_k4 msts_pt\" data-analytics-interaction=\"true\" data-analytics-interaction-label=\"zoomable-image-open\" aria-disabled=\"true\"><img decoding=\"async\" class=\"msub_k4 mupj_5k mjru_k4 mse2_k4 mp7g_f6 mq1m_0 mj7u_0 m7er_k4 mqen_m6 m31c_d8 m0ux_fp lazyloaded\" src=\"https:\/\/a.allegroimg.com\/original\/11491d\/f1cfab8c45d78fb47a58d6e7fe7a\/AKUKU-Large-mirror-for-observing-a-child-in-a-car-REGULATION-360-Product-width-24-8-cm\" sizes=\"(min-width: 1200px) 560px, (min-width: 992px) 50vw, 100vw\" srcset=\"https:\/\/a.allegroimg.com\/s360\/11491d\/f1cfab8c45d78fb47a58d6e7fe7a\/AKUKU-Large-mirror-for-observing-a-child-in-a-car-REGULATION-360-Product-width-24-8-cm 360w,https:\/\/a.allegroimg.com\/s720\/11491d\/f1cfab8c45d78fb47a58d6e7fe7a\/AKUKU-Large-mirror-for-observing-a-child-in-a-car-REGULATION-360-Product-width-24-8-cm 500w,https:\/\/a.allegroimg.com\/original\/11491d\/f1cfab8c45d78fb47a58d6e7fe7a\/AKUKU-Large-mirror-for-observing-a-child-in-a-car-REGULATION-360-Product-width-24-8-cm 500w\" alt=\"AKUKU didelis veidrod\u0117lis vaiko steb\u0117jimui automobilyje. REGULATION 360. Gaminio plotis 24,8 cm.\" width=\"500px\" data-srcset=\"\" \/><\/button><\/div>\n<\/div>\n<\/div>\n<\/div>\n<div class=\"mp4t_16_s mryx_16_s mr3m_1 mli2_1 mh85_56 mh85_0_l\">\n<div class=\"mgn2_16 _0d3bd_am0a-\">\n<h1><span dir=\"auto\">Patogumas ir naudojimo paprastumas<\/span><\/h1>\n<ul>\n<li><span dir=\"auto\">U\u017etikrina vairavimo saugum\u0105 keliaujant ir komfort\u0105 t\u0117vams, kurie mato, k\u0105 veikia j\u0173 vaikas<\/span><\/li>\n<\/ul>\n<ul>\n<li><span dir=\"auto\">Veidrod\u0117lis taip pat yra papildoma atrakcija vaikui kelyje, kuris jame gali matyti save arba kitus automobilio elementus (sumontavus veidrod\u0117l\u012f kitoje vietoje).<\/span><\/li>\n<\/ul>\n<\/div>\n<\/div>\n<\/div>\n<div class=\"mpof_ki myre_zn myre_8v_l m389_6m_l\">\n<div class=\"mp4t_16_s mryx_16_s mr3m_1 mli2_1 mh85_56 mh85_0_l\">\n<div class=\"mgn2_16 _0d3bd_am0a-\">\n<ul>\n<li><span dir=\"auto\">Veidrodis tvirtinamas dviem dir\u017eeliais (vertikaliu ir horizontaliu), pritvirtintais sagtimis.<\/span><\/li>\n<\/ul>\n<ul>\n<li><span dir=\"auto\">Dir\u017eeliai yra reguliuojami, tod\u0117l tiks prie bet kokios galvos atramos.<\/span><\/li>\n<\/ul>\n<ul>\n<li><span dir=\"auto\">Tvirtinimo galvut\u0117 leid\u017eia skland\u017eiai suktis ir skland\u017eiai keisti vertikal\u0173 bei horizontal\u0173 kamp\u0105<\/span><\/li>\n<\/ul>\n<ul>\n<li><span dir=\"auto\">T\u0117vams nereikia sukti galvos ir jie nuolat kontroliuoja keli\u0105. 360\u00b0 kampo reguliavimas \u2013 veidrod\u0117lis pritaikomas prie kiekvieno poreikio.<\/span><\/li>\n<\/ul>\n<\/div>\n<\/div>\n<div class=\"mp4t_16_s mryx_16_s mr3m_1 mli2_1 mh85_56 mh85_0_l\">\n<div class=\"mg9e_8 mj7a_8 mg9e_0_s mvrt_0_s mj7a_0_s mh36_0_s mzmg_6m munh_16_l m3h2_16_l\">\n<div class=\"mp4t_0 mryx_0 munh_56 m3h2_56\">\n<div class=\"mp7g_oh\"><button class=\"mg9e_0 mvrt_0 mj7a_0 mh36_0 mp4t_0 m3h2_0 mryx_0 munh_0 mqen_m6 mpof_z0 mx7m_0 m7er_k4 mse2_k4 msts_pt\" data-analytics-interaction=\"true\" data-analytics-interaction-label=\"zoomable-image-open\" aria-disabled=\"true\"><img decoding=\"async\" class=\"msub_k4 mupj_5k mjru_k4 mse2_k4 mp7g_f6 mq1m_0 mj7u_0 m7er_k4 mqen_m6 m31c_d8 m0ux_fp lazyloaded\" src=\"https:\/\/a.allegroimg.com\/original\/11cfda\/bf3137e746c0891101dd880dba40\" sizes=\"(min-width: 1200px) 560px, (min-width: 992px) 50vw, 100vw\" srcset=\"https:\/\/a.allegroimg.com\/s360\/11cfda\/bf3137e746c0891101dd880dba40 360w,https:\/\/a.allegroimg.com\/s720\/11cfda\/bf3137e746c0891101dd880dba40 500w,https:\/\/a.allegroimg.com\/original\/11cfda\/bf3137e746c0891101dd880dba40 500w\" alt=\"\" width=\"500px\" data-srcset=\"\" \/><\/button><\/div>\n<\/div>\n<\/div>\n<\/div>\n<\/div>\n<div class=\"mpof_ki myre_zn myre_8v_l m389_6m_l\">\n<div class=\"mp4t_16_s mryx_16_s mr3m_1 mli2_1 mh85_56 mh85_0_l\">\n<div class=\"mgn2_16 _0d3bd_am0a-\">\n<p><b><span dir=\"auto\">Su<\/span><\/b><span dir=\"auto\">\u00a0veidrod\u0117liu, skirtu steb\u0117ti vaik\u0105 automobilyje, galite keliauti visi\u0161kai ramiai ir u\u017etikrintai, \u017einodami, kad j\u016bs\u0173 ma\u017easis keleivis yra saugus ir visada j\u016bs\u0173 kontroliuojamas. Tai ne tik prakti\u0161kas \u012frenginys, bet ir investicija \u012f j\u016bs\u0173 vaiko saugum\u0105.<\/span><\/p>\n<\/div>\n<\/div>\n<\/div>\n<div class=\"mpof_ki myre_zn myre_8v_l m389_6m_l\">\n<div class=\"mp4t_16_s mryx_16_s mr3m_1 mli2_1 mh85_56 mh85_0_l\">\n<div class=\"mg9e_8 mj7a_8 mg9e_0_s mvrt_0_s mj7a_0_s mh36_0_s mzmg_6m munh_16_l m3h2_16_l\">\n<div class=\"mp4t_0 mryx_0 munh_56 m3h2_56\">\n<div class=\"mp7g_oh\"><button class=\"mg9e_0 mvrt_0 mj7a_0 mh36_0 mp4t_0 m3h2_0 mryx_0 munh_0 mqen_m6 mpof_z0 mx7m_0 m7er_k4 mse2_k4 msts_pt\" data-analytics-interaction=\"true\" data-analytics-interaction-label=\"zoomable-image-open\" aria-disabled=\"true\"><img decoding=\"async\" class=\"msub_k4 mupj_5k mjru_k4 mse2_k4 mp7g_f6 mq1m_0 mj7u_0 m7er_k4 mqen_m6 m31c_d8 m0ux_fp lazyloaded\" src=\"https:\/\/a.allegroimg.com\/original\/11f83f\/9e2cd74e4a4b8c21ffdb60502d27\/AKUKU-Large-mirror-for-observing-a-child-in-a-car-REGULATION-360-Color-black\" sizes=\"(min-width: 1200px) 560px, (min-width: 992px) 50vw, 100vw\" srcset=\"https:\/\/a.allegroimg.com\/s360\/11f83f\/9e2cd74e4a4b8c21ffdb60502d27\/AKUKU-Large-mirror-for-observing-a-child-in-a-car-REGULATION-360-Color-black 360w,https:\/\/a.allegroimg.com\/s720\/11f83f\/9e2cd74e4a4b8c21ffdb60502d27\/AKUKU-Large-mirror-for-observing-a-child-in-a-car-REGULATION-360-Color-black 720w,https:\/\/a.allegroimg.com\/original\/11f83f\/9e2cd74e4a4b8c21ffdb60502d27\/AKUKU-Large-mirror-for-observing-a-child-in-a-car-REGULATION-360-Color-black 720w\" alt=\"AKUKU didelis veidrod\u0117lis vaiko steb\u0117jimui automobilyje REGULATION 360 Spalva juoda\" width=\"720px\" data-srcset=\"\" \/><\/button><\/div>\n<\/div>\n<\/div>\n<\/div>\n<div class=\"mp4t_16_s mryx_16_s mr3m_1 mli2_1 mh85_56 mh85_0_l\">\n<div class=\"mgn2_16 _0d3bd_am0a-\">\n<ul>\n<li><span dir=\"auto\">360 laipsni\u0173 pasukimas, kad b\u016bt\u0173 galima lanks\u010diai \u017ei\u016br\u0117ti<\/span><\/li>\n<\/ul>\n<ul>\n<li><span dir=\"auto\">\u0160variausias, geriausiai atspindintis, plataus kampo i\u0161gaid\u017eiamasis veidrodis rinkoje u\u017etikrina puik\u0173 matomum\u0105 j\u016bs\u0173 vaikui<\/span><\/li>\n<\/ul>\n<\/div>\n<\/div>\n<\/div>","protected":false},"excerpt":{"rendered":"<p>Reguliuojamas 360 laipsni\u0173 kampu Greitas ir paprastas montavimas atsparus akrilinis stiklas didelis veidrodis, kurio \u012fstri\u017eain\u0117 yra 9,8 colio sukasi bet<\/p>","protected":false},"featured_media":76303,"template":"","meta":{"_acf_changed":false,"_glsr_average":0,"_glsr_ranking":0,"_glsr_reviews":0},"product_brand":[],"product_cat":[241,433],"product_tag":[],"class_list":{"0":"post-76302","1":"product","2":"type-product","3":"status-publish","4":"has-post-thumbnail","6":"product_cat-automobilines-kedutes","7":"product_cat-priedai-judejimo-priemones","8":"\"style=\"background-color: #2ecc711c;\"","10":"first","11":"instock","12":"shipping-taxable","13":"purchasable","14":"product-type-simple"},"acf":[],"yoast_head":"<!-- This site is optimized with the Yoast SEO plugin v27.3 - https:\/\/yoast.com\/product\/yoast-seo-wordpress\/ -->\n<title>AKUKU didelis veidrod\u0117lis vaiko steb\u0117jimui automobilyje - KidsPlay<\/title>\n<meta name=\"description\" content=\"AKUKU didelis veidrod\u0117lis vaiko steb\u0117jimui automobilyje - KidsPlay. Did\u017eiausias vaik\u0173 \u017eaisl\u0173 pasirinkimas.\" \/>\n<meta name=\"robots\" content=\"index, follow, max-snippet:-1, max-image-preview:large, max-video-preview:-1\" \/>\n<link rel=\"canonical\" href=\"https:\/\/kidsplay.lt\/lv\/products\/akuku-didelis-veidrodelis-vaiko-stebejimui-automobilyje\/\" \/>\n<meta property=\"og:locale\" content=\"lv_LV\" \/>\n<meta property=\"og:type\" content=\"article\" \/>\n<meta property=\"og:title\" content=\"AKUKU didelis veidrod\u0117lis vaiko steb\u0117jimui automobilyje - KidsPlay\" \/>\n<meta property=\"og:description\" content=\"AKUKU didelis veidrod\u0117lis vaiko steb\u0117jimui automobilyje - KidsPlay. Did\u017eiausias vaik\u0173 \u017eaisl\u0173 pasirinkimas.\" \/>\n<meta property=\"og:url\" content=\"https:\/\/kidsplay.lt\/lv\/products\/akuku-didelis-veidrodelis-vaiko-stebejimui-automobilyje\/\" \/>\n<meta property=\"og:site_name\" content=\"KidsPlay\" \/>\n<meta property=\"article:publisher\" content=\"https:\/\/www.facebook.com\/www.kidsplay.lt\" \/>\n<meta property=\"article:modified_time\" content=\"2026-02-25T13:54:37+00:00\" \/>\n<meta property=\"og:image\" content=\"https:\/\/kidsplay.lt\/wp-content\/uploads\/2025\/10\/Screenshot_171.png\" \/>\n\t<meta property=\"og:image:width\" content=\"475\" \/>\n\t<meta property=\"og:image:height\" content=\"452\" \/>\n\t<meta property=\"og:image:type\" content=\"image\/png\" \/>\n<meta name=\"twitter:card\" content=\"summary_large_image\" \/>\n<meta name=\"twitter:label1\" content=\"Est. reading time\" \/>\n\t<meta name=\"twitter:data1\" content=\"3 min\u016btes\" \/>\n<script type=\"application\/ld+json\" class=\"yoast-schema-graph\">{\"@context\":\"https:\\\/\\\/schema.org\",\"@graph\":[{\"@type\":\"WebPage\",\"@id\":\"https:\\\/\\\/kidsplay.lt\\\/produktas\\\/akuku-didelis-veidrodelis-vaiko-stebejimui-automobilyje\\\/\",\"url\":\"https:\\\/\\\/kidsplay.lt\\\/produktas\\\/akuku-didelis-veidrodelis-vaiko-stebejimui-automobilyje\\\/\",\"name\":\"AKUKU didelis veidrod\u0117lis vaiko steb\u0117jimui automobilyje - KidsPlay\",\"isPartOf\":{\"@id\":\"https:\\\/\\\/kidsplay.lt\\\/#website\"},\"primaryImageOfPage\":{\"@id\":\"https:\\\/\\\/kidsplay.lt\\\/produktas\\\/akuku-didelis-veidrodelis-vaiko-stebejimui-automobilyje\\\/#primaryimage\"},\"image\":{\"@id\":\"https:\\\/\\\/kidsplay.lt\\\/produktas\\\/akuku-didelis-veidrodelis-vaiko-stebejimui-automobilyje\\\/#primaryimage\"},\"thumbnailUrl\":\"https:\\\/\\\/kidsplay.lt\\\/wp-content\\\/uploads\\\/2025\\\/10\\\/Screenshot_171.png\",\"datePublished\":\"2025-10-12T12:44:12+00:00\",\"dateModified\":\"2026-02-25T13:54:37+00:00\",\"description\":\"AKUKU didelis veidrod\u0117lis vaiko steb\u0117jimui automobilyje - KidsPlay. Did\u017eiausias vaik\u0173 \u017eaisl\u0173 pasirinkimas.\",\"breadcrumb\":{\"@id\":\"https:\\\/\\\/kidsplay.lt\\\/produktas\\\/akuku-didelis-veidrodelis-vaiko-stebejimui-automobilyje\\\/#breadcrumb\"},\"inLanguage\":\"lv-LV\",\"potentialAction\":[{\"@type\":\"ReadAction\",\"target\":[\"https:\\\/\\\/kidsplay.lt\\\/produktas\\\/akuku-didelis-veidrodelis-vaiko-stebejimui-automobilyje\\\/\"]}]},{\"@type\":\"ImageObject\",\"inLanguage\":\"lv-LV\",\"@id\":\"https:\\\/\\\/kidsplay.lt\\\/produktas\\\/akuku-didelis-veidrodelis-vaiko-stebejimui-automobilyje\\\/#primaryimage\",\"url\":\"https:\\\/\\\/kidsplay.lt\\\/wp-content\\\/uploads\\\/2025\\\/10\\\/Screenshot_171.png\",\"contentUrl\":\"https:\\\/\\\/kidsplay.lt\\\/wp-content\\\/uploads\\\/2025\\\/10\\\/Screenshot_171.png\",\"width\":475,\"height\":452},{\"@type\":\"BreadcrumbList\",\"@id\":\"https:\\\/\\\/kidsplay.lt\\\/produktas\\\/akuku-didelis-veidrodelis-vaiko-stebejimui-automobilyje\\\/#breadcrumb\",\"itemListElement\":[{\"@type\":\"ListItem\",\"position\":1,\"name\":\"Pagrindinis\",\"item\":\"https:\\\/\\\/kidsplay.lt\\\/\"},{\"@type\":\"ListItem\",\"position\":2,\"name\":\"Parduotuv\u0117\",\"item\":\"https:\\\/\\\/kidsplay.lt\\\/parduotuve\\\/\"},{\"@type\":\"ListItem\",\"position\":3,\"name\":\"AKUKU didelis veidrod\u0117lis vaiko steb\u0117jimui automobilyje\"}]},{\"@type\":\"WebSite\",\"@id\":\"https:\\\/\\\/kidsplay.lt\\\/#website\",\"url\":\"https:\\\/\\\/kidsplay.lt\\\/\",\"name\":\"Kidsplay.lt\",\"description\":\"\u012evairios prek\u0117s vaikams\",\"publisher\":{\"@id\":\"https:\\\/\\\/kidsplay.lt\\\/#organization\"},\"alternateName\":\"Kidsplay\",\"potentialAction\":[{\"@type\":\"SearchAction\",\"target\":{\"@type\":\"EntryPoint\",\"urlTemplate\":\"https:\\\/\\\/kidsplay.lt\\\/?s={search_term_string}\"},\"query-input\":{\"@type\":\"PropertyValueSpecification\",\"valueRequired\":true,\"valueName\":\"search_term_string\"}}],\"inLanguage\":\"lv-LV\"},{\"@type\":\"Organization\",\"@id\":\"https:\\\/\\\/kidsplay.lt\\\/#organization\",\"name\":\"KidsPlay\",\"url\":\"https:\\\/\\\/kidsplay.lt\\\/\",\"logo\":{\"@type\":\"ImageObject\",\"inLanguage\":\"lv-LV\",\"@id\":\"https:\\\/\\\/kidsplay.lt\\\/#\\\/schema\\\/logo\\\/image\\\/\",\"url\":\"https:\\\/\\\/kidsplay.lt\\\/wp-content\\\/uploads\\\/2023\\\/07\\\/kidsplay-logo.png\",\"contentUrl\":\"https:\\\/\\\/kidsplay.lt\\\/wp-content\\\/uploads\\\/2023\\\/07\\\/kidsplay-logo.png\",\"width\":451,\"height\":98,\"caption\":\"KidsPlay\"},\"image\":{\"@id\":\"https:\\\/\\\/kidsplay.lt\\\/#\\\/schema\\\/logo\\\/image\\\/\"},\"sameAs\":[\"https:\\\/\\\/www.facebook.com\\\/www.kidsplay.lt\"]}]}<\/script>\n<!-- \/ Yoast SEO plugin. -->","yoast_head_json":{"title":"AKUKU didelis veidrod\u0117lis vaiko steb\u0117jimui automobilyje - KidsPlay","description":"AKUKU didelis veidrod\u0117lis vaiko steb\u0117jimui automobilyje - KidsPlay. Did\u017eiausias vaik\u0173 \u017eaisl\u0173 pasirinkimas.","robots":{"index":"index","follow":"follow","max-snippet":"max-snippet:-1","max-image-preview":"max-image-preview:large","max-video-preview":"max-video-preview:-1"},"canonical":"https:\/\/kidsplay.lt\/lv\/products\/akuku-didelis-veidrodelis-vaiko-stebejimui-automobilyje\/","og_locale":"lv_LV","og_type":"article","og_title":"AKUKU didelis veidrod\u0117lis vaiko steb\u0117jimui automobilyje - KidsPlay","og_description":"AKUKU didelis veidrod\u0117lis vaiko steb\u0117jimui automobilyje - KidsPlay. Did\u017eiausias vaik\u0173 \u017eaisl\u0173 pasirinkimas.","og_url":"https:\/\/kidsplay.lt\/lv\/products\/akuku-didelis-veidrodelis-vaiko-stebejimui-automobilyje\/","og_site_name":"KidsPlay","article_publisher":"https:\/\/www.facebook.com\/www.kidsplay.lt","article_modified_time":"2026-02-25T13:54:37+00:00","og_image":[{"width":475,"height":452,"url":"https:\/\/kidsplay.lt\/wp-content\/uploads\/2025\/10\/Screenshot_171.png","type":"image\/png"}],"twitter_card":"summary_large_image","twitter_misc":{"Est. reading time":"3 min\u016btes"},"schema":{"@context":"https:\/\/schema.org","@graph":[{"@type":"WebPage","@id":"https:\/\/kidsplay.lt\/produktas\/akuku-didelis-veidrodelis-vaiko-stebejimui-automobilyje\/","url":"https:\/\/kidsplay.lt\/produktas\/akuku-didelis-veidrodelis-vaiko-stebejimui-automobilyje\/","name":"AKUKU didelis veidrod\u0117lis vaiko steb\u0117jimui automobilyje - KidsPlay","isPartOf":{"@id":"https:\/\/kidsplay.lt\/#website"},"primaryImageOfPage":{"@id":"https:\/\/kidsplay.lt\/produktas\/akuku-didelis-veidrodelis-vaiko-stebejimui-automobilyje\/#primaryimage"},"image":{"@id":"https:\/\/kidsplay.lt\/produktas\/akuku-didelis-veidrodelis-vaiko-stebejimui-automobilyje\/#primaryimage"},"thumbnailUrl":"https:\/\/kidsplay.lt\/wp-content\/uploads\/2025\/10\/Screenshot_171.png","datePublished":"2025-10-12T12:44:12+00:00","dateModified":"2026-02-25T13:54:37+00:00","description":"AKUKU didelis veidrod\u0117lis vaiko steb\u0117jimui automobilyje - KidsPlay. Did\u017eiausias vaik\u0173 \u017eaisl\u0173 pasirinkimas.","breadcrumb":{"@id":"https:\/\/kidsplay.lt\/produktas\/akuku-didelis-veidrodelis-vaiko-stebejimui-automobilyje\/#breadcrumb"},"inLanguage":"lv-LV","potentialAction":[{"@type":"ReadAction","target":["https:\/\/kidsplay.lt\/produktas\/akuku-didelis-veidrodelis-vaiko-stebejimui-automobilyje\/"]}]},{"@type":"ImageObject","inLanguage":"lv-LV","@id":"https:\/\/kidsplay.lt\/produktas\/akuku-didelis-veidrodelis-vaiko-stebejimui-automobilyje\/#primaryimage","url":"https:\/\/kidsplay.lt\/wp-content\/uploads\/2025\/10\/Screenshot_171.png","contentUrl":"https:\/\/kidsplay.lt\/wp-content\/uploads\/2025\/10\/Screenshot_171.png","width":475,"height":452},{"@type":"BreadcrumbList","@id":"https:\/\/kidsplay.lt\/produktas\/akuku-didelis-veidrodelis-vaiko-stebejimui-automobilyje\/#breadcrumb","itemListElement":[{"@type":"ListItem","position":1,"name":"Pagrindinis","item":"https:\/\/kidsplay.lt\/"},{"@type":"ListItem","position":2,"name":"Parduotuv\u0117","item":"https:\/\/kidsplay.lt\/parduotuve\/"},{"@type":"ListItem","position":3,"name":"AKUKU didelis veidrod\u0117lis vaiko steb\u0117jimui automobilyje"}]},{"@type":"WebSite","@id":"https:\/\/kidsplay.lt\/#website","url":"https:\/\/kidsplay.lt\/","name":"B\u0113rnu sp\u0113les.lv","description":"\u012evairios prek\u0117s vaikams","publisher":{"@id":"https:\/\/kidsplay.lt\/#organization"},"alternateName":"Kidsplay","potentialAction":[{"@type":"SearchAction","target":{"@type":"EntryPoint","urlTemplate":"https:\/\/kidsplay.lt\/?s={search_term_string}"},"query-input":{"@type":"PropertyValueSpecification","valueRequired":true,"valueName":"search_term_string"}}],"inLanguage":"lv-LV"},{"@type":"Organization","@id":"https:\/\/kidsplay.lt\/#organization","name":"B\u0113rnu sp\u0113le","url":"https:\/\/kidsplay.lt\/","logo":{"@type":"ImageObject","inLanguage":"lv-LV","@id":"https:\/\/kidsplay.lt\/#\/schema\/logo\/image\/","url":"https:\/\/kidsplay.lt\/wp-content\/uploads\/2023\/07\/kidsplay-logo.png","contentUrl":"https:\/\/kidsplay.lt\/wp-content\/uploads\/2023\/07\/kidsplay-logo.png","width":451,"height":98,"caption":"KidsPlay"},"image":{"@id":"https:\/\/kidsplay.lt\/#\/schema\/logo\/image\/"},"sameAs":["https:\/\/www.facebook.com\/www.kidsplay.lt"]}]}},"_links":{"self":[{"href":"https:\/\/kidsplay.lt\/lv\/wp-json\/wp\/v2\/product\/76302","targetHints":{"allow":["GET"]}}],"collection":[{"href":"https:\/\/kidsplay.lt\/lv\/wp-json\/wp\/v2\/product"}],"about":[{"href":"https:\/\/kidsplay.lt\/lv\/wp-json\/wp\/v2\/types\/product"}],"version-history":[{"count":1,"href":"https:\/\/kidsplay.lt\/lv\/wp-json\/wp\/v2\/product\/76302\/revisions"}],"predecessor-version":[{"id":76309,"href":"https:\/\/kidsplay.lt\/lv\/wp-json\/wp\/v2\/product\/76302\/revisions\/76309"}],"wp:featuredmedia":[{"embeddable":true,"href":"https:\/\/kidsplay.lt\/lv\/wp-json\/wp\/v2\/media\/76303"}],"wp:attachment":[{"href":"https:\/\/kidsplay.lt\/lv\/wp-json\/wp\/v2\/media?parent=76302"}],"wp:term":[{"taxonomy":"product_brand","embeddable":true,"href":"https:\/\/kidsplay.lt\/lv\/wp-json\/wp\/v2\/product_brand?post=76302"},{"taxonomy":"product_cat","embeddable":true,"href":"https:\/\/kidsplay.lt\/lv\/wp-json\/wp\/v2\/product_cat?post=76302"},{"taxonomy":"product_tag","embeddable":true,"href":"https:\/\/kidsplay.lt\/lv\/wp-json\/wp\/v2\/product_tag?post=76302"}],"curies":[{"name":"wp","href":"https:\/\/api.w.org\/{rel}","templated":true}]}}