{"id":76403,"date":"2025-10-12T19:24:29","date_gmt":"2025-10-12T16:24:29","guid":{"rendered":"https:\/\/kidsplay.lt\/produktas\/woopie-3d-magnetiniu-bloku-priesgaisrines-tarnybos-rinkinys-48vnt\/"},"modified":"2026-04-07T10:04:58","modified_gmt":"2026-04-07T07:04:58","slug":"woopie-3d-magnetiniu-bloku-priesgaisrines-tarnybos-rinkinys-48vnt","status":"publish","type":"product","link":"https:\/\/kidsplay.lt\/lv\/products\/woopie-3d-magnetiniu-bloku-priesgaisrines-tarnybos-rinkinys-48vnt\/","title":{"rendered":"WOOPIE 3D magnetini\u0173 blok\u0173 prie\u0161gaisrin\u0117s tarnybos rinkinys 48vnt"},"content":{"rendered":"<p>Magnetini\u0173 blok\u0173 rinkinys\u00a0\u201ePrie\u0161gaisrin\u0117 tarnyba\u201d\u00a0i\u0161\u00a0WOOPIE!\u00a0tai unikalus pasi\u016blymas smulkiems statybininkams ir gelb\u0117jimo darb\u0173 gerb\u0117jams. A\u010di\u016b\u00a0stipr\u016bs magnetai\u00a0elementai lengvai susijungia, kad sukurt\u0173 stabilias strukt\u016bras. Ugniagesi\u0173 komandos tema linksmybes paver\u010dia dar linksmesn\u0117mis\u00a0emocijos ir realizmas\u201e. Tai k\u016brybinio linksmumo ir mokymosi derinys, lavinantis vaizduot\u0119 ir login\u012f m\u0105stym\u0105. Puiki dovana vaikams, kurie m\u0117gsta kurti ir kurti savo\u00a0nuosavi nuotykiai.<\/p>\n<p>Raksturojums:<\/p>\n<p> \t&#8211; Vaiki\u0161kas \u017eaislas\u00a0nuo 3 met\u0173 am\u017eiaus<br \/>\n \t&#8211; Rinkin\u012f sudaro\u00a048 prek\u0117s<br \/>\n \t&#8211; Blokai lengvai jungiasi\u00a0d\u0117ka \u012fmontuot\u0173 magnet\u0173<br \/>\n \t&#8211; Prie\u0161gaisrin\u0117s tarnybos tema\u00a0daro linksmybes patrauklesnes<br \/>\n \t&#8211; Pagaminta i\u0161\u00a0saugios ir patvarios med\u017eiagos<\/p>\n<p>Komplekt\u0101 ietilpst:<\/p>\n<p> \t&#8211; 48 magnetin\u0117s plytel\u0117s\/plok\u0161t\u0117s<br \/>\n \t&#8211; Elementai, primenantys ugniagesi\u0173 tem\u0105<\/p>\n<p>Rota\u013clieta att\u012bst\u0101s:<\/p>\n<p> \t&#8211; K\u016brybi\u0161kumas ir vaizduot\u0117 statant statinius<br \/>\n \t&#8211; Loginio m\u0105stymo ir planavimo geb\u0117jimas<br \/>\n \t&#8211; Rank\u0173 ir aki\u0173 koordinavimo bei rankiniai \u012fg\u016bd\u017eiai<br \/>\n \t&#8211; Koncentracija ir kantryb\u0117 kuriant pastat\u0105<br \/>\n \t&#8211; Geb\u0117jimas \u017eaisti ir bendradarbiauti kartu<\/p>","protected":false},"excerpt":{"rendered":"<p>Magnetini\u0173 blok\u0173 rinkinys\u00a0\u201ePrie\u0161gaisrin\u0117 tarnyba\u201d\u00a0i\u0161\u00a0WOOPIE!\u00a0tai unikalus pasi\u016blymas smulkiems statybininkams ir gelb\u0117jimo darb\u0173 gerb\u0117jams. A\u010di\u016b\u00a0stipr\u016bs magnetai\u00a0elementai lengvai susijungia, kad sukurt\u0173 stabilias strukt\u016bras.<\/p>","protected":false},"featured_media":76405,"template":"","meta":{"_acf_changed":false,"_glsr_average":0,"_glsr_ranking":0,"_glsr_reviews":0},"product_brand":[],"product_cat":[446,229],"product_tag":[],"class_list":{"0":"post-76403","1":"product","2":"type-product","3":"status-publish","4":"has-post-thumbnail","6":"product_cat-konstruktoriai","7":"product_cat-zaislai-vaikams","8":"\"style=\"background-color: #2ecc711c;\"","10":"first","11":"instock","12":"purchasable","13":"product-type-simple"},"acf":[],"yoast_head":"<!-- This site is optimized with the Yoast SEO plugin v27.3 - https:\/\/yoast.com\/product\/yoast-seo-wordpress\/ -->\n<title>WOOPIE 3D magnetini\u0173 blok\u0173 prie\u0161gaisrin\u0117s tarnybos rinkinys 48vnt<\/title>\n<meta name=\"description\" content=\"WOOPIE 3D magnetini\u0173 blok\u0173 prie\u0161gaisrin\u0117s tarnybos rinkinys 48vnt - KidsPlay. Did\u017eiausias vaik\u0173 \u017eaisl\u0173 pasirinkimas.\" \/>\n<meta name=\"robots\" content=\"index, follow, max-snippet:-1, max-image-preview:large, max-video-preview:-1\" \/>\n<link rel=\"canonical\" href=\"https:\/\/kidsplay.lt\/lv\/products\/woopie-3d-magnetiniu-bloku-priesgaisrines-tarnybos-rinkinys-48vnt\/\" \/>\n<meta property=\"og:locale\" content=\"lv_LV\" \/>\n<meta property=\"og:type\" content=\"article\" \/>\n<meta property=\"og:title\" content=\"WOOPIE 3D magnetini\u0173 blok\u0173 prie\u0161gaisrin\u0117s tarnybos rinkinys 48vnt\" \/>\n<meta property=\"og:description\" content=\"WOOPIE 3D magnetini\u0173 blok\u0173 prie\u0161gaisrin\u0117s tarnybos rinkinys 48vnt - KidsPlay. Did\u017eiausias vaik\u0173 \u017eaisl\u0173 pasirinkimas.\" \/>\n<meta property=\"og:url\" content=\"https:\/\/kidsplay.lt\/lv\/products\/woopie-3d-magnetiniu-bloku-priesgaisrines-tarnybos-rinkinys-48vnt\/\" \/>\n<meta property=\"og:site_name\" content=\"KidsPlay\" \/>\n<meta property=\"article:publisher\" content=\"https:\/\/www.facebook.com\/www.kidsplay.lt\" \/>\n<meta property=\"article:modified_time\" content=\"2026-04-07T07:04:58+00:00\" \/>\n<meta property=\"og:image\" content=\"https:\/\/kidsplay.lt\/wp-content\/uploads\/2025\/10\/WOOPIE-3D-magnetiniu-bloku-priesgaisrines-tarnybos-rinkinys-48vnt.jpg\" \/>\n\t<meta property=\"og:image:width\" content=\"1000\" \/>\n\t<meta property=\"og:image:height\" content=\"1000\" \/>\n\t<meta property=\"og:image:type\" content=\"image\/jpeg\" \/>\n<meta name=\"twitter:card\" content=\"summary_large_image\" \/>\n<meta name=\"twitter:label1\" content=\"Est. reading time\" \/>\n\t<meta name=\"twitter:data1\" content=\"1 min\u016bte\" \/>\n<script type=\"application\/ld+json\" class=\"yoast-schema-graph\">{\"@context\":\"https:\\\/\\\/schema.org\",\"@graph\":[{\"@type\":\"WebPage\",\"@id\":\"https:\\\/\\\/kidsplay.lt\\\/produktas\\\/woopie-3d-magnetiniu-bloku-priesgaisrines-tarnybos-rinkinys-48vnt\\\/\",\"url\":\"https:\\\/\\\/kidsplay.lt\\\/produktas\\\/woopie-3d-magnetiniu-bloku-priesgaisrines-tarnybos-rinkinys-48vnt\\\/\",\"name\":\"WOOPIE 3D magnetini\u0173 blok\u0173 prie\u0161gaisrin\u0117s tarnybos rinkinys 48vnt\",\"isPartOf\":{\"@id\":\"https:\\\/\\\/kidsplay.lt\\\/#website\"},\"primaryImageOfPage\":{\"@id\":\"https:\\\/\\\/kidsplay.lt\\\/produktas\\\/woopie-3d-magnetiniu-bloku-priesgaisrines-tarnybos-rinkinys-48vnt\\\/#primaryimage\"},\"image\":{\"@id\":\"https:\\\/\\\/kidsplay.lt\\\/produktas\\\/woopie-3d-magnetiniu-bloku-priesgaisrines-tarnybos-rinkinys-48vnt\\\/#primaryimage\"},\"thumbnailUrl\":\"https:\\\/\\\/kidsplay.lt\\\/wp-content\\\/uploads\\\/2025\\\/10\\\/WOOPIE-3D-magnetiniu-bloku-priesgaisrines-tarnybos-rinkinys-48vnt.jpg\",\"datePublished\":\"2025-10-12T16:24:29+00:00\",\"dateModified\":\"2026-04-07T07:04:58+00:00\",\"description\":\"WOOPIE 3D magnetini\u0173 blok\u0173 prie\u0161gaisrin\u0117s tarnybos rinkinys 48vnt - KidsPlay. Did\u017eiausias vaik\u0173 \u017eaisl\u0173 pasirinkimas.\",\"breadcrumb\":{\"@id\":\"https:\\\/\\\/kidsplay.lt\\\/produktas\\\/woopie-3d-magnetiniu-bloku-priesgaisrines-tarnybos-rinkinys-48vnt\\\/#breadcrumb\"},\"inLanguage\":\"lv-LV\",\"potentialAction\":[{\"@type\":\"ReadAction\",\"target\":[\"https:\\\/\\\/kidsplay.lt\\\/produktas\\\/woopie-3d-magnetiniu-bloku-priesgaisrines-tarnybos-rinkinys-48vnt\\\/\"]}]},{\"@type\":\"ImageObject\",\"inLanguage\":\"lv-LV\",\"@id\":\"https:\\\/\\\/kidsplay.lt\\\/produktas\\\/woopie-3d-magnetiniu-bloku-priesgaisrines-tarnybos-rinkinys-48vnt\\\/#primaryimage\",\"url\":\"https:\\\/\\\/kidsplay.lt\\\/wp-content\\\/uploads\\\/2025\\\/10\\\/WOOPIE-3D-magnetiniu-bloku-priesgaisrines-tarnybos-rinkinys-48vnt.jpg\",\"contentUrl\":\"https:\\\/\\\/kidsplay.lt\\\/wp-content\\\/uploads\\\/2025\\\/10\\\/WOOPIE-3D-magnetiniu-bloku-priesgaisrines-tarnybos-rinkinys-48vnt.jpg\",\"width\":1000,\"height\":1000,\"caption\":\"WOOPIE 3D magnetini\u0173 blok\u0173 prie\u0161gaisrin\u0117s tarnybos rinkinys 48vnt\"},{\"@type\":\"BreadcrumbList\",\"@id\":\"https:\\\/\\\/kidsplay.lt\\\/produktas\\\/woopie-3d-magnetiniu-bloku-priesgaisrines-tarnybos-rinkinys-48vnt\\\/#breadcrumb\",\"itemListElement\":[{\"@type\":\"ListItem\",\"position\":1,\"name\":\"Pagrindinis\",\"item\":\"https:\\\/\\\/kidsplay.lt\\\/\"},{\"@type\":\"ListItem\",\"position\":2,\"name\":\"Parduotuv\u0117\",\"item\":\"https:\\\/\\\/kidsplay.lt\\\/parduotuve\\\/\"},{\"@type\":\"ListItem\",\"position\":3,\"name\":\"WOOPIE 3D magnetini\u0173 blok\u0173 prie\u0161gaisrin\u0117s tarnybos rinkinys 48vnt\"}]},{\"@type\":\"WebSite\",\"@id\":\"https:\\\/\\\/kidsplay.lt\\\/#website\",\"url\":\"https:\\\/\\\/kidsplay.lt\\\/\",\"name\":\"Kidsplay.lt\",\"description\":\"\u012evairios prek\u0117s vaikams\",\"publisher\":{\"@id\":\"https:\\\/\\\/kidsplay.lt\\\/#organization\"},\"alternateName\":\"Kidsplay\",\"potentialAction\":[{\"@type\":\"SearchAction\",\"target\":{\"@type\":\"EntryPoint\",\"urlTemplate\":\"https:\\\/\\\/kidsplay.lt\\\/?s={search_term_string}\"},\"query-input\":{\"@type\":\"PropertyValueSpecification\",\"valueRequired\":true,\"valueName\":\"search_term_string\"}}],\"inLanguage\":\"lv-LV\"},{\"@type\":\"Organization\",\"@id\":\"https:\\\/\\\/kidsplay.lt\\\/#organization\",\"name\":\"KidsPlay\",\"url\":\"https:\\\/\\\/kidsplay.lt\\\/\",\"logo\":{\"@type\":\"ImageObject\",\"inLanguage\":\"lv-LV\",\"@id\":\"https:\\\/\\\/kidsplay.lt\\\/#\\\/schema\\\/logo\\\/image\\\/\",\"url\":\"https:\\\/\\\/kidsplay.lt\\\/wp-content\\\/uploads\\\/2023\\\/07\\\/kidsplay-logo.png\",\"contentUrl\":\"https:\\\/\\\/kidsplay.lt\\\/wp-content\\\/uploads\\\/2023\\\/07\\\/kidsplay-logo.png\",\"width\":451,\"height\":98,\"caption\":\"KidsPlay\"},\"image\":{\"@id\":\"https:\\\/\\\/kidsplay.lt\\\/#\\\/schema\\\/logo\\\/image\\\/\"},\"sameAs\":[\"https:\\\/\\\/www.facebook.com\\\/www.kidsplay.lt\"]}]}<\/script>\n<!-- \/ Yoast SEO plugin. -->","yoast_head_json":{"title":"WOOPIE 3D magnetini\u0173 blok\u0173 prie\u0161gaisrin\u0117s tarnybos rinkinys 48vnt","description":"WOOPIE 3D magnetini\u0173 blok\u0173 prie\u0161gaisrin\u0117s tarnybos rinkinys 48vnt - KidsPlay. Did\u017eiausias vaik\u0173 \u017eaisl\u0173 pasirinkimas.","robots":{"index":"index","follow":"follow","max-snippet":"max-snippet:-1","max-image-preview":"max-image-preview:large","max-video-preview":"max-video-preview:-1"},"canonical":"https:\/\/kidsplay.lt\/lv\/products\/woopie-3d-magnetiniu-bloku-priesgaisrines-tarnybos-rinkinys-48vnt\/","og_locale":"lv_LV","og_type":"article","og_title":"WOOPIE 3D magnetini\u0173 blok\u0173 prie\u0161gaisrin\u0117s tarnybos rinkinys 48vnt","og_description":"WOOPIE 3D magnetini\u0173 blok\u0173 prie\u0161gaisrin\u0117s tarnybos rinkinys 48vnt - KidsPlay. Did\u017eiausias vaik\u0173 \u017eaisl\u0173 pasirinkimas.","og_url":"https:\/\/kidsplay.lt\/lv\/products\/woopie-3d-magnetiniu-bloku-priesgaisrines-tarnybos-rinkinys-48vnt\/","og_site_name":"KidsPlay","article_publisher":"https:\/\/www.facebook.com\/www.kidsplay.lt","article_modified_time":"2026-04-07T07:04:58+00:00","og_image":[{"width":1000,"height":1000,"url":"https:\/\/kidsplay.lt\/wp-content\/uploads\/2025\/10\/WOOPIE-3D-magnetiniu-bloku-priesgaisrines-tarnybos-rinkinys-48vnt.jpg","type":"image\/jpeg"}],"twitter_card":"summary_large_image","twitter_misc":{"Est. reading time":"1 min\u016bte"},"schema":{"@context":"https:\/\/schema.org","@graph":[{"@type":"WebPage","@id":"https:\/\/kidsplay.lt\/produktas\/woopie-3d-magnetiniu-bloku-priesgaisrines-tarnybos-rinkinys-48vnt\/","url":"https:\/\/kidsplay.lt\/produktas\/woopie-3d-magnetiniu-bloku-priesgaisrines-tarnybos-rinkinys-48vnt\/","name":"WOOPIE 3D magnetini\u0173 blok\u0173 prie\u0161gaisrin\u0117s tarnybos rinkinys 48vnt","isPartOf":{"@id":"https:\/\/kidsplay.lt\/#website"},"primaryImageOfPage":{"@id":"https:\/\/kidsplay.lt\/produktas\/woopie-3d-magnetiniu-bloku-priesgaisrines-tarnybos-rinkinys-48vnt\/#primaryimage"},"image":{"@id":"https:\/\/kidsplay.lt\/produktas\/woopie-3d-magnetiniu-bloku-priesgaisrines-tarnybos-rinkinys-48vnt\/#primaryimage"},"thumbnailUrl":"https:\/\/kidsplay.lt\/wp-content\/uploads\/2025\/10\/WOOPIE-3D-magnetiniu-bloku-priesgaisrines-tarnybos-rinkinys-48vnt.jpg","datePublished":"2025-10-12T16:24:29+00:00","dateModified":"2026-04-07T07:04:58+00:00","description":"WOOPIE 3D magnetini\u0173 blok\u0173 prie\u0161gaisrin\u0117s tarnybos rinkinys 48vnt - KidsPlay. Did\u017eiausias vaik\u0173 \u017eaisl\u0173 pasirinkimas.","breadcrumb":{"@id":"https:\/\/kidsplay.lt\/produktas\/woopie-3d-magnetiniu-bloku-priesgaisrines-tarnybos-rinkinys-48vnt\/#breadcrumb"},"inLanguage":"lv-LV","potentialAction":[{"@type":"ReadAction","target":["https:\/\/kidsplay.lt\/produktas\/woopie-3d-magnetiniu-bloku-priesgaisrines-tarnybos-rinkinys-48vnt\/"]}]},{"@type":"ImageObject","inLanguage":"lv-LV","@id":"https:\/\/kidsplay.lt\/produktas\/woopie-3d-magnetiniu-bloku-priesgaisrines-tarnybos-rinkinys-48vnt\/#primaryimage","url":"https:\/\/kidsplay.lt\/wp-content\/uploads\/2025\/10\/WOOPIE-3D-magnetiniu-bloku-priesgaisrines-tarnybos-rinkinys-48vnt.jpg","contentUrl":"https:\/\/kidsplay.lt\/wp-content\/uploads\/2025\/10\/WOOPIE-3D-magnetiniu-bloku-priesgaisrines-tarnybos-rinkinys-48vnt.jpg","width":1000,"height":1000,"caption":"WOOPIE 3D magnetini\u0173 blok\u0173 prie\u0161gaisrin\u0117s tarnybos rinkinys 48vnt"},{"@type":"BreadcrumbList","@id":"https:\/\/kidsplay.lt\/produktas\/woopie-3d-magnetiniu-bloku-priesgaisrines-tarnybos-rinkinys-48vnt\/#breadcrumb","itemListElement":[{"@type":"ListItem","position":1,"name":"Pagrindinis","item":"https:\/\/kidsplay.lt\/"},{"@type":"ListItem","position":2,"name":"Parduotuv\u0117","item":"https:\/\/kidsplay.lt\/parduotuve\/"},{"@type":"ListItem","position":3,"name":"WOOPIE 3D magnetini\u0173 blok\u0173 prie\u0161gaisrin\u0117s tarnybos rinkinys 48vnt"}]},{"@type":"WebSite","@id":"https:\/\/kidsplay.lt\/#website","url":"https:\/\/kidsplay.lt\/","name":"B\u0113rnu sp\u0113les.lv","description":"\u012evairios prek\u0117s vaikams","publisher":{"@id":"https:\/\/kidsplay.lt\/#organization"},"alternateName":"Kidsplay","potentialAction":[{"@type":"SearchAction","target":{"@type":"EntryPoint","urlTemplate":"https:\/\/kidsplay.lt\/?s={search_term_string}"},"query-input":{"@type":"PropertyValueSpecification","valueRequired":true,"valueName":"search_term_string"}}],"inLanguage":"lv-LV"},{"@type":"Organization","@id":"https:\/\/kidsplay.lt\/#organization","name":"B\u0113rnu sp\u0113le","url":"https:\/\/kidsplay.lt\/","logo":{"@type":"ImageObject","inLanguage":"lv-LV","@id":"https:\/\/kidsplay.lt\/#\/schema\/logo\/image\/","url":"https:\/\/kidsplay.lt\/wp-content\/uploads\/2023\/07\/kidsplay-logo.png","contentUrl":"https:\/\/kidsplay.lt\/wp-content\/uploads\/2023\/07\/kidsplay-logo.png","width":451,"height":98,"caption":"KidsPlay"},"image":{"@id":"https:\/\/kidsplay.lt\/#\/schema\/logo\/image\/"},"sameAs":["https:\/\/www.facebook.com\/www.kidsplay.lt"]}]}},"_links":{"self":[{"href":"https:\/\/kidsplay.lt\/lv\/wp-json\/wp\/v2\/product\/76403","targetHints":{"allow":["GET"]}}],"collection":[{"href":"https:\/\/kidsplay.lt\/lv\/wp-json\/wp\/v2\/product"}],"about":[{"href":"https:\/\/kidsplay.lt\/lv\/wp-json\/wp\/v2\/types\/product"}],"version-history":[{"count":1,"href":"https:\/\/kidsplay.lt\/lv\/wp-json\/wp\/v2\/product\/76403\/revisions"}],"predecessor-version":[{"id":76404,"href":"https:\/\/kidsplay.lt\/lv\/wp-json\/wp\/v2\/product\/76403\/revisions\/76404"}],"wp:featuredmedia":[{"embeddable":true,"href":"https:\/\/kidsplay.lt\/lv\/wp-json\/wp\/v2\/media\/76405"}],"wp:attachment":[{"href":"https:\/\/kidsplay.lt\/lv\/wp-json\/wp\/v2\/media?parent=76403"}],"wp:term":[{"taxonomy":"product_brand","embeddable":true,"href":"https:\/\/kidsplay.lt\/lv\/wp-json\/wp\/v2\/product_brand?post=76403"},{"taxonomy":"product_cat","embeddable":true,"href":"https:\/\/kidsplay.lt\/lv\/wp-json\/wp\/v2\/product_cat?post=76403"},{"taxonomy":"product_tag","embeddable":true,"href":"https:\/\/kidsplay.lt\/lv\/wp-json\/wp\/v2\/product_tag?post=76403"}],"curies":[{"name":"wp","href":"https:\/\/api.w.org\/{rel}","templated":true}]}}