{"id":76428,"date":"2025-10-12T19:25:55","date_gmt":"2025-10-12T16:25:55","guid":{"rendered":"https:\/\/kidsplay.lt\/produktas\/woopie-vehicle-set-fire-truck-sraigtasparnis-automobilis-sviesos-garsas\/"},"modified":"2026-04-13T14:25:50","modified_gmt":"2026-04-13T11:25:50","slug":"woopie-vehicle-set-fire-truck-sraigtasparnis-automobilis-sviesos-garsas","status":"publish","type":"product","link":"https:\/\/kidsplay.lt\/lv\/products\/woopie-vehicle-set-fire-truck-sraigtasparnis-automobilis-sviesos-garsas\/","title":{"rendered":"WOOPIE Vehicle Set Fire Truck Sraigtasparnis Automobilis \u0160viesos garsas"},"content":{"rendered":"<p>Ugniagesi\u0173 komanda su vilkiku, sraigtasparniu ir \u017eaisliniu automobiliu\u00a0i\u0161 mark\u0117s\u00a0Woopie\u00a0tai suteiks j\u016bs\u0173 vaikui daugyb\u0119 valand\u0173 k\u016brybing\u0173 ir \u012fdomi\u0173 linksmybi\u0173. \u017daisliukas\u00a0jis buvo sukurtas atsi\u017evelgiant \u012f jauniausius vartotojus, derinant \u0161vietim\u0105 su pramogomis, taip pat svarbi\u0173 rankini\u0173 ir socialini\u0173 \u012fg\u016bd\u017ei\u0173 ugdym\u0105. Kiekvienas rinkinio elementas yra pagamintas i\u0161\u00a0patvarios ir saugios med\u017eiagos, kurie yra draugi\u0161ki vaikams ir atspar\u016bs intensyviam naudojimui. To d\u0117ka \u017eaislas yra ne tik vizualiai patrauklus, bet ir funkcionalus bei patvarus. Komplekte yra klasikin\u0117s transporto priemon\u0117s, kurias vaikai puikiai pa\u017e\u012fsta ir m\u0117gsta \u2013 vilkik\u0105, kuris leid\u017eia gabenti kitas transporto priemones, sraigtasparn\u012f su realiai besisukan\u010diu sraigtu ir ugniagesi\u0173 automobil\u012f. Ir vilkikas, ir sraigtasparnis turi\u00a0mygtuku \u012fjungiamos \u0161viesos ir garso funkcijos\u201e. Rinkinys sudomins vaikus, susi\u017eav\u0117jusius automobilizmo, gelb\u0117jimo operacijomis ir \u017eaid\u017eian\u010diais ugniagesiais, kartu mokant atsakomyb\u0117s ir komandinio darbo.<\/p>\n<p>Raksturojums:<\/p>\n<p> \t&#8211; Vaiki\u0161kas \u017eaislas\u00a0nuo 3 met\u0173 am\u017eiaus<br \/>\n \t&#8211;\u00a0\u0160viesos ir garso efektai\u00a0&#8211; vilkikas ir sraigtasparnis skleid\u017eia tikrovi\u0161kus garsus<br \/>\n \t&#8211;\u00a0Saugios ir patvarios med\u017eiagos\u00a0\u2013 gaminys i\u0161 auk\u0161tos kokyb\u0117s plastiko, be kenksming\u0173 med\u017eiag\u0173 ir a\u0161tri\u0173 briaun\u0173<br \/>\n \t&#8211;\u00a0Realistinis dizainas\u00a0skal\u0117je 1:12\u2013 detalios transporto priemon\u0117s ry\u0161kiomis, ak\u012f traukian\u010diomis spalvomis<br \/>\n \t&#8211;\u00a0Naudojimo paprastumas\u00a0\u2013 elementai pritaikyti ma\u017eoms rankoms, palengvinantys manipuliavim\u0105 ir lavinantys rankinius \u012fg\u016bd\u017eius<br \/>\n \t&#8211;\u00a0Universalumas ir mobilumas\u00a0\u2013 lengvas dizainas leid\u017eia smagiai praleisti laik\u0105 namuose, lauke ir keliaujant<br \/>\n \t&#8211;\u00a0Vaizduot\u0117s ir k\u016brybi\u0161kumo stimuliavimas\u00a0\u2013 vaikai gali sugalvoti savo scenarijus, ugdydami savo naratyvinius geb\u0117jimus ir k\u016brybin\u012f m\u0105stym\u0105<br \/>\n \t&#8211;\u00a0Socialin\u0117s pl\u0117tros r\u0117mimas\u00a0\u2013 grupinis \u017eaidimas moko bendradarbiauti, dalytis ir spr\u0119sti konfliktus<br \/>\n \t&#8211; Galia:\u00a0akumuliatorinis\u00a06xAG13 (pridedamos bandomosios baterijos)<\/p>\n<p>Komplekt\u0101 ietilpst:<\/p>\n<p> \t&#8211; Vilkikas su vieta automobiliams ve\u017eti<br \/>\n \t&#8211; Ma\u017eas automobilis, kuris puikiai tinka vilkikui<br \/>\n \t&#8211; Sraigtasparnis judantis<\/p>\n<p>Rota\u013clieta att\u012bst\u0101s:<\/p>\n<p> \t&#8211; rankinis geb\u0117jimas ir judesi\u0173 tikslumas<br \/>\n \t&#8211; k\u016brybi\u0161kumas ir vaizduot\u0117<br \/>\n \t&#8211; socialiniai \u012fg\u016bd\u017eiai<br \/>\n \t&#8211; loginis m\u0105stymas ir planavimas<br \/>\n \t&#8211; aki\u0173-rank\u0173 koordinavimas<\/p>","protected":false},"excerpt":{"rendered":"<p>Ugniagesi\u0173 komanda su vilkiku, sraigtasparniu ir \u017eaisliniu automobiliu\u00a0i\u0161 mark\u0117s\u00a0Woopie\u00a0tai suteiks j\u016bs\u0173 vaikui daugyb\u0119 valand\u0173 k\u016brybing\u0173 ir \u012fdomi\u0173 linksmybi\u0173. \u017daisliukas\u00a0jis buvo<\/p>","protected":false},"featured_media":76430,"template":"","meta":{"_acf_changed":false,"_glsr_average":0,"_glsr_ranking":0,"_glsr_reviews":0},"product_brand":[],"product_cat":[448,229],"product_tag":[],"class_list":{"0":"post-76428","1":"product","2":"type-product","3":"status-publish","4":"has-post-thumbnail","6":"product_cat-automobiliai-ir-transportas","7":"product_cat-zaislai-vaikams","8":"\"style=\"background-color: #2ecc711c;\"","10":"first","11":"instock","12":"purchasable","13":"product-type-simple"},"acf":[],"yoast_head":"<!-- This site is optimized with the Yoast SEO plugin v27.4 - https:\/\/yoast.com\/product\/yoast-seo-wordpress\/ -->\n<title>WOOPIE Vehicle Set Fire Truck Sraigtasparnis Automobilis \u0160viesos garsas<\/title>\n<meta name=\"description\" content=\"WOOPIE Vehicle Set Fire Truck Sraigtasparnis Automobilis \u0160viesos garsas - KidsPlay. Did\u017eiausias vaik\u0173 \u017eaisl\u0173 pasirinkimas.\" \/>\n<meta name=\"robots\" content=\"index, follow, max-snippet:-1, max-image-preview:large, max-video-preview:-1\" \/>\n<link rel=\"canonical\" href=\"https:\/\/kidsplay.lt\/lv\/products\/woopie-vehicle-set-fire-truck-sraigtasparnis-automobilis-sviesos-garsas\/\" \/>\n<meta property=\"og:locale\" content=\"lv_LV\" \/>\n<meta property=\"og:type\" content=\"article\" \/>\n<meta property=\"og:title\" content=\"WOOPIE Vehicle Set Fire Truck Sraigtasparnis Automobilis \u0160viesos garsas\" \/>\n<meta property=\"og:description\" content=\"WOOPIE Vehicle Set Fire Truck Sraigtasparnis Automobilis \u0160viesos garsas - KidsPlay. Did\u017eiausias vaik\u0173 \u017eaisl\u0173 pasirinkimas.\" \/>\n<meta property=\"og:url\" content=\"https:\/\/kidsplay.lt\/lv\/products\/woopie-vehicle-set-fire-truck-sraigtasparnis-automobilis-sviesos-garsas\/\" \/>\n<meta property=\"og:site_name\" content=\"KidsPlay\" \/>\n<meta property=\"article:publisher\" content=\"https:\/\/www.facebook.com\/www.kidsplay.lt\" \/>\n<meta property=\"article:modified_time\" content=\"2026-04-13T11:25:50+00:00\" \/>\n<meta property=\"og:image\" content=\"https:\/\/kidsplay.lt\/wp-content\/uploads\/2025\/10\/WOOPIE-Vehicle-Set-Fire-Truck-Sraigtasparnis-Automobilis-Sviesos-garsas.jpg\" \/>\n\t<meta property=\"og:image:width\" content=\"1000\" \/>\n\t<meta property=\"og:image:height\" content=\"1000\" \/>\n\t<meta property=\"og:image:type\" content=\"image\/jpeg\" \/>\n<meta name=\"twitter:card\" content=\"summary_large_image\" \/>\n<meta name=\"twitter:label1\" content=\"Est. reading time\" \/>\n\t<meta name=\"twitter:data1\" content=\"2 min\u016btes\" \/>\n<script type=\"application\/ld+json\" class=\"yoast-schema-graph\">{\"@context\":\"https:\\\/\\\/schema.org\",\"@graph\":[{\"@type\":\"WebPage\",\"@id\":\"https:\\\/\\\/kidsplay.lt\\\/produktas\\\/woopie-vehicle-set-fire-truck-sraigtasparnis-automobilis-sviesos-garsas\\\/\",\"url\":\"https:\\\/\\\/kidsplay.lt\\\/produktas\\\/woopie-vehicle-set-fire-truck-sraigtasparnis-automobilis-sviesos-garsas\\\/\",\"name\":\"WOOPIE Vehicle Set Fire Truck Sraigtasparnis Automobilis \u0160viesos garsas\",\"isPartOf\":{\"@id\":\"https:\\\/\\\/kidsplay.lt\\\/#website\"},\"primaryImageOfPage\":{\"@id\":\"https:\\\/\\\/kidsplay.lt\\\/produktas\\\/woopie-vehicle-set-fire-truck-sraigtasparnis-automobilis-sviesos-garsas\\\/#primaryimage\"},\"image\":{\"@id\":\"https:\\\/\\\/kidsplay.lt\\\/produktas\\\/woopie-vehicle-set-fire-truck-sraigtasparnis-automobilis-sviesos-garsas\\\/#primaryimage\"},\"thumbnailUrl\":\"https:\\\/\\\/kidsplay.lt\\\/wp-content\\\/uploads\\\/2025\\\/10\\\/WOOPIE-Vehicle-Set-Fire-Truck-Sraigtasparnis-Automobilis-Sviesos-garsas.jpg\",\"datePublished\":\"2025-10-12T16:25:55+00:00\",\"dateModified\":\"2026-04-13T11:25:50+00:00\",\"description\":\"WOOPIE Vehicle Set Fire Truck Sraigtasparnis Automobilis \u0160viesos garsas - KidsPlay. Did\u017eiausias vaik\u0173 \u017eaisl\u0173 pasirinkimas.\",\"breadcrumb\":{\"@id\":\"https:\\\/\\\/kidsplay.lt\\\/produktas\\\/woopie-vehicle-set-fire-truck-sraigtasparnis-automobilis-sviesos-garsas\\\/#breadcrumb\"},\"inLanguage\":\"lv-LV\",\"potentialAction\":[{\"@type\":\"ReadAction\",\"target\":[\"https:\\\/\\\/kidsplay.lt\\\/produktas\\\/woopie-vehicle-set-fire-truck-sraigtasparnis-automobilis-sviesos-garsas\\\/\"]}]},{\"@type\":\"ImageObject\",\"inLanguage\":\"lv-LV\",\"@id\":\"https:\\\/\\\/kidsplay.lt\\\/produktas\\\/woopie-vehicle-set-fire-truck-sraigtasparnis-automobilis-sviesos-garsas\\\/#primaryimage\",\"url\":\"https:\\\/\\\/kidsplay.lt\\\/wp-content\\\/uploads\\\/2025\\\/10\\\/WOOPIE-Vehicle-Set-Fire-Truck-Sraigtasparnis-Automobilis-Sviesos-garsas.jpg\",\"contentUrl\":\"https:\\\/\\\/kidsplay.lt\\\/wp-content\\\/uploads\\\/2025\\\/10\\\/WOOPIE-Vehicle-Set-Fire-Truck-Sraigtasparnis-Automobilis-Sviesos-garsas.jpg\",\"width\":1000,\"height\":1000,\"caption\":\"WOOPIE Vehicle Set Fire Truck Sraigtasparnis Automobilis \u0160viesos garsas\"},{\"@type\":\"BreadcrumbList\",\"@id\":\"https:\\\/\\\/kidsplay.lt\\\/produktas\\\/woopie-vehicle-set-fire-truck-sraigtasparnis-automobilis-sviesos-garsas\\\/#breadcrumb\",\"itemListElement\":[{\"@type\":\"ListItem\",\"position\":1,\"name\":\"Pagrindinis\",\"item\":\"https:\\\/\\\/kidsplay.lt\\\/\"},{\"@type\":\"ListItem\",\"position\":2,\"name\":\"Parduotuv\u0117\",\"item\":\"https:\\\/\\\/kidsplay.lt\\\/parduotuve\\\/\"},{\"@type\":\"ListItem\",\"position\":3,\"name\":\"WOOPIE Vehicle Set Fire Truck Sraigtasparnis Automobilis \u0160viesos garsas\"}]},{\"@type\":\"WebSite\",\"@id\":\"https:\\\/\\\/kidsplay.lt\\\/#website\",\"url\":\"https:\\\/\\\/kidsplay.lt\\\/\",\"name\":\"Kidsplay.lt\",\"description\":\"\u012evairios prek\u0117s vaikams\",\"publisher\":{\"@id\":\"https:\\\/\\\/kidsplay.lt\\\/#organization\"},\"alternateName\":\"Kidsplay\",\"potentialAction\":[{\"@type\":\"SearchAction\",\"target\":{\"@type\":\"EntryPoint\",\"urlTemplate\":\"https:\\\/\\\/kidsplay.lt\\\/?s={search_term_string}\"},\"query-input\":{\"@type\":\"PropertyValueSpecification\",\"valueRequired\":true,\"valueName\":\"search_term_string\"}}],\"inLanguage\":\"lv-LV\"},{\"@type\":\"Organization\",\"@id\":\"https:\\\/\\\/kidsplay.lt\\\/#organization\",\"name\":\"KidsPlay\",\"url\":\"https:\\\/\\\/kidsplay.lt\\\/\",\"logo\":{\"@type\":\"ImageObject\",\"inLanguage\":\"lv-LV\",\"@id\":\"https:\\\/\\\/kidsplay.lt\\\/#\\\/schema\\\/logo\\\/image\\\/\",\"url\":\"https:\\\/\\\/kidsplay.lt\\\/wp-content\\\/uploads\\\/2023\\\/07\\\/kidsplay-logo.png\",\"contentUrl\":\"https:\\\/\\\/kidsplay.lt\\\/wp-content\\\/uploads\\\/2023\\\/07\\\/kidsplay-logo.png\",\"width\":451,\"height\":98,\"caption\":\"KidsPlay\"},\"image\":{\"@id\":\"https:\\\/\\\/kidsplay.lt\\\/#\\\/schema\\\/logo\\\/image\\\/\"},\"sameAs\":[\"https:\\\/\\\/www.facebook.com\\\/www.kidsplay.lt\"]}]}<\/script>\n<!-- \/ Yoast SEO plugin. -->","yoast_head_json":{"title":"WOOPIE Vehicle Set Fire Truck Sraigtasparnis Automobilis \u0160viesos garsas","description":"WOOPIE Vehicle Set Fire Truck Sraigtasparnis Automobilis \u0160viesos garsas - KidsPlay. Did\u017eiausias vaik\u0173 \u017eaisl\u0173 pasirinkimas.","robots":{"index":"index","follow":"follow","max-snippet":"max-snippet:-1","max-image-preview":"max-image-preview:large","max-video-preview":"max-video-preview:-1"},"canonical":"https:\/\/kidsplay.lt\/lv\/products\/woopie-vehicle-set-fire-truck-sraigtasparnis-automobilis-sviesos-garsas\/","og_locale":"lv_LV","og_type":"article","og_title":"WOOPIE Vehicle Set Fire Truck Sraigtasparnis Automobilis \u0160viesos garsas","og_description":"WOOPIE Vehicle Set Fire Truck Sraigtasparnis Automobilis \u0160viesos garsas - KidsPlay. Did\u017eiausias vaik\u0173 \u017eaisl\u0173 pasirinkimas.","og_url":"https:\/\/kidsplay.lt\/lv\/products\/woopie-vehicle-set-fire-truck-sraigtasparnis-automobilis-sviesos-garsas\/","og_site_name":"KidsPlay","article_publisher":"https:\/\/www.facebook.com\/www.kidsplay.lt","article_modified_time":"2026-04-13T11:25:50+00:00","og_image":[{"width":1000,"height":1000,"url":"https:\/\/kidsplay.lt\/wp-content\/uploads\/2025\/10\/WOOPIE-Vehicle-Set-Fire-Truck-Sraigtasparnis-Automobilis-Sviesos-garsas.jpg","type":"image\/jpeg"}],"twitter_card":"summary_large_image","twitter_misc":{"Est. reading time":"2 min\u016btes"},"schema":{"@context":"https:\/\/schema.org","@graph":[{"@type":"WebPage","@id":"https:\/\/kidsplay.lt\/produktas\/woopie-vehicle-set-fire-truck-sraigtasparnis-automobilis-sviesos-garsas\/","url":"https:\/\/kidsplay.lt\/produktas\/woopie-vehicle-set-fire-truck-sraigtasparnis-automobilis-sviesos-garsas\/","name":"WOOPIE Vehicle Set Fire Truck Sraigtasparnis Automobilis \u0160viesos garsas","isPartOf":{"@id":"https:\/\/kidsplay.lt\/#website"},"primaryImageOfPage":{"@id":"https:\/\/kidsplay.lt\/produktas\/woopie-vehicle-set-fire-truck-sraigtasparnis-automobilis-sviesos-garsas\/#primaryimage"},"image":{"@id":"https:\/\/kidsplay.lt\/produktas\/woopie-vehicle-set-fire-truck-sraigtasparnis-automobilis-sviesos-garsas\/#primaryimage"},"thumbnailUrl":"https:\/\/kidsplay.lt\/wp-content\/uploads\/2025\/10\/WOOPIE-Vehicle-Set-Fire-Truck-Sraigtasparnis-Automobilis-Sviesos-garsas.jpg","datePublished":"2025-10-12T16:25:55+00:00","dateModified":"2026-04-13T11:25:50+00:00","description":"WOOPIE Vehicle Set Fire Truck Sraigtasparnis Automobilis \u0160viesos garsas - KidsPlay. Did\u017eiausias vaik\u0173 \u017eaisl\u0173 pasirinkimas.","breadcrumb":{"@id":"https:\/\/kidsplay.lt\/produktas\/woopie-vehicle-set-fire-truck-sraigtasparnis-automobilis-sviesos-garsas\/#breadcrumb"},"inLanguage":"lv-LV","potentialAction":[{"@type":"ReadAction","target":["https:\/\/kidsplay.lt\/produktas\/woopie-vehicle-set-fire-truck-sraigtasparnis-automobilis-sviesos-garsas\/"]}]},{"@type":"ImageObject","inLanguage":"lv-LV","@id":"https:\/\/kidsplay.lt\/produktas\/woopie-vehicle-set-fire-truck-sraigtasparnis-automobilis-sviesos-garsas\/#primaryimage","url":"https:\/\/kidsplay.lt\/wp-content\/uploads\/2025\/10\/WOOPIE-Vehicle-Set-Fire-Truck-Sraigtasparnis-Automobilis-Sviesos-garsas.jpg","contentUrl":"https:\/\/kidsplay.lt\/wp-content\/uploads\/2025\/10\/WOOPIE-Vehicle-Set-Fire-Truck-Sraigtasparnis-Automobilis-Sviesos-garsas.jpg","width":1000,"height":1000,"caption":"WOOPIE Vehicle Set Fire Truck Sraigtasparnis Automobilis \u0160viesos garsas"},{"@type":"BreadcrumbList","@id":"https:\/\/kidsplay.lt\/produktas\/woopie-vehicle-set-fire-truck-sraigtasparnis-automobilis-sviesos-garsas\/#breadcrumb","itemListElement":[{"@type":"ListItem","position":1,"name":"Pagrindinis","item":"https:\/\/kidsplay.lt\/"},{"@type":"ListItem","position":2,"name":"Parduotuv\u0117","item":"https:\/\/kidsplay.lt\/parduotuve\/"},{"@type":"ListItem","position":3,"name":"WOOPIE Vehicle Set Fire Truck Sraigtasparnis Automobilis \u0160viesos garsas"}]},{"@type":"WebSite","@id":"https:\/\/kidsplay.lt\/#website","url":"https:\/\/kidsplay.lt\/","name":"B\u0113rnu sp\u0113les.lv","description":"\u012evairios prek\u0117s vaikams","publisher":{"@id":"https:\/\/kidsplay.lt\/#organization"},"alternateName":"Kidsplay","potentialAction":[{"@type":"SearchAction","target":{"@type":"EntryPoint","urlTemplate":"https:\/\/kidsplay.lt\/?s={search_term_string}"},"query-input":{"@type":"PropertyValueSpecification","valueRequired":true,"valueName":"search_term_string"}}],"inLanguage":"lv-LV"},{"@type":"Organization","@id":"https:\/\/kidsplay.lt\/#organization","name":"B\u0113rnu sp\u0113le","url":"https:\/\/kidsplay.lt\/","logo":{"@type":"ImageObject","inLanguage":"lv-LV","@id":"https:\/\/kidsplay.lt\/#\/schema\/logo\/image\/","url":"https:\/\/kidsplay.lt\/wp-content\/uploads\/2023\/07\/kidsplay-logo.png","contentUrl":"https:\/\/kidsplay.lt\/wp-content\/uploads\/2023\/07\/kidsplay-logo.png","width":451,"height":98,"caption":"KidsPlay"},"image":{"@id":"https:\/\/kidsplay.lt\/#\/schema\/logo\/image\/"},"sameAs":["https:\/\/www.facebook.com\/www.kidsplay.lt"]}]}},"_links":{"self":[{"href":"https:\/\/kidsplay.lt\/lv\/wp-json\/wp\/v2\/product\/76428","targetHints":{"allow":["GET"]}}],"collection":[{"href":"https:\/\/kidsplay.lt\/lv\/wp-json\/wp\/v2\/product"}],"about":[{"href":"https:\/\/kidsplay.lt\/lv\/wp-json\/wp\/v2\/types\/product"}],"version-history":[{"count":1,"href":"https:\/\/kidsplay.lt\/lv\/wp-json\/wp\/v2\/product\/76428\/revisions"}],"predecessor-version":[{"id":76429,"href":"https:\/\/kidsplay.lt\/lv\/wp-json\/wp\/v2\/product\/76428\/revisions\/76429"}],"wp:featuredmedia":[{"embeddable":true,"href":"https:\/\/kidsplay.lt\/lv\/wp-json\/wp\/v2\/media\/76430"}],"wp:attachment":[{"href":"https:\/\/kidsplay.lt\/lv\/wp-json\/wp\/v2\/media?parent=76428"}],"wp:term":[{"taxonomy":"product_brand","embeddable":true,"href":"https:\/\/kidsplay.lt\/lv\/wp-json\/wp\/v2\/product_brand?post=76428"},{"taxonomy":"product_cat","embeddable":true,"href":"https:\/\/kidsplay.lt\/lv\/wp-json\/wp\/v2\/product_cat?post=76428"},{"taxonomy":"product_tag","embeddable":true,"href":"https:\/\/kidsplay.lt\/lv\/wp-json\/wp\/v2\/product_tag?post=76428"}],"curies":[{"name":"wp","href":"https:\/\/api.w.org\/{rel}","templated":true}]}}