{"id":76434,"date":"2025-10-12T19:27:14","date_gmt":"2025-10-12T16:27:14","guid":{"rendered":"https:\/\/kidsplay.lt\/produktas\/woopie-vaiksciojantis-dinozauras-tyrannosaurus-rex-sviesos-ir-garso-efektai\/"},"modified":"2026-04-20T07:29:11","modified_gmt":"2026-04-20T04:29:11","slug":"woopie-vaiksciojantis-dinozauras-tyrannosaurus-rex-sviesos-ir-garso-efektai","status":"publish","type":"product","link":"https:\/\/kidsplay.lt\/lv\/products\/woopie-vaiksciojantis-dinozauras-tyrannosaurus-rex-sviesos-ir-garso-efektai\/","title":{"rendered":"WOOPIE staig\u0101jo\u0161ais dinozaurs Tyrannosaurus Rex gaismas un ska\u0146as efekti"},"content":{"rendered":"<p>\u012esp\u016bdingas interaktyvus T-Rex dinozauras su r\u016bko pur\u0161kimo funkcija, imituojan\u010dia prek\u0117s \u017eenklo liepsn\u0105\u00a0Woopie.\u00a0\u0160is nuostabus \u017eaislas si\u016blo\u00a0nepamir\u0161tama patirtis\u00a0a\u010di\u016b funkcija\u00a0\u0117jimas \u012f priek\u012f, judantis \u017eandikaulis,\u00a0\u0161vytinti nugara ir autenti\u0161ki riaumojimo garsai. \u0160is dinozauras yra puikus pasi\u016blymas vaikams, norintiems patirti prie\u0161istorinius nuotykius patogiai savo namuose.<\/p>\n<p>Raksturojums:<\/p>\n<p>&#8211; Vaikams nuo\u00a03 metai\u00a0gyvenimas<br \/>\n\u2013 Izgatavots no augstas kvalit\u0101tes materi\u0101liem<br \/>\n&#8211; Dinozauras eina \u012f priek\u012f, judina letenas ir kv\u0117puoja \u201eugnimi\u201c<br \/>\n&#8211; Spalvingas foninis ap\u0161vietimas<br \/>\n&#8211; Autenti\u0161kas tiranozaur\u0173 riaumojimas<br \/>\n&#8211; Maitinimas: 2 x AA 1.5v baterijos\u00a0(N\u0117ra \u012ftraukta)<\/p>\n<p>Rota\u013clieta att\u012bst\u0101s:<\/p>\n<p>&#8211; Vaizduot\u0117<br \/>\n&#8211; K\u016brybi\u0161kumas<br \/>\n\u2013 Dzin\u0113ji<\/p>","protected":false},"excerpt":{"rendered":"<p>\u012esp\u016bdingas interaktyvus T-Rex dinozauras su r\u016bko pur\u0161kimo funkcija, imituojan\u010dia prek\u0117s \u017eenklo liepsn\u0105\u00a0Woopie.\u00a0\u0160is nuostabus \u017eaislas si\u016blo\u00a0nepamir\u0161tama patirtis\u00a0a\u010di\u016b funkcija\u00a0\u0117jimas \u012f priek\u012f, judantis<\/p>","protected":false},"featured_media":76436,"template":"","meta":{"_acf_changed":false,"_glsr_average":0,"_glsr_ranking":0,"_glsr_reviews":0},"product_brand":[],"product_cat":[72,436,229],"product_tag":[],"class_list":{"0":"post-76434","1":"product","2":"type-product","3":"status-publish","4":"has-post-thumbnail","6":"product_cat-ispardavimas","7":"product_cat-kolekcionuojamos-figureles","8":"product_cat-zaislai-vaikams","9":"\"style=\"background-color: #2ecc711c;\"","11":"first","12":"instock","13":"sale","14":"purchasable","15":"product-type-simple"},"acf":[],"yoast_head":"<!-- This site is optimized with the Yoast SEO plugin v27.4 - https:\/\/yoast.com\/product\/yoast-seo-wordpress\/ -->\n<title>WOOPIE Vaik\u0161\u010diojantis dinozauras Tyrannosaurus Rex \u0161viesos ir garso efektai<\/title>\n<meta name=\"description\" content=\"WOOPIE Vaik\u0161\u010diojantis dinozauras Tyrannosaurus Rex \u0161viesos ir garso efektai - KidsPlay. Did\u017eiausias vaik\u0173 \u017eaisl\u0173 pasirinkimas.\" \/>\n<meta name=\"robots\" content=\"index, follow, max-snippet:-1, max-image-preview:large, max-video-preview:-1\" \/>\n<link rel=\"canonical\" href=\"https:\/\/kidsplay.lt\/lv\/products\/woopie-vaiksciojantis-dinozauras-tyrannosaurus-rex-sviesos-ir-garso-efektai\/\" \/>\n<meta property=\"og:locale\" content=\"lv_LV\" \/>\n<meta property=\"og:type\" content=\"article\" \/>\n<meta property=\"og:title\" content=\"WOOPIE Vaik\u0161\u010diojantis dinozauras Tyrannosaurus Rex \u0161viesos ir garso efektai\" \/>\n<meta property=\"og:description\" content=\"WOOPIE Vaik\u0161\u010diojantis dinozauras Tyrannosaurus Rex \u0161viesos ir garso efektai - KidsPlay. Did\u017eiausias vaik\u0173 \u017eaisl\u0173 pasirinkimas.\" \/>\n<meta property=\"og:url\" content=\"https:\/\/kidsplay.lt\/lv\/products\/woopie-vaiksciojantis-dinozauras-tyrannosaurus-rex-sviesos-ir-garso-efektai\/\" \/>\n<meta property=\"og:site_name\" content=\"KidsPlay\" \/>\n<meta property=\"article:publisher\" content=\"https:\/\/www.facebook.com\/www.kidsplay.lt\" \/>\n<meta property=\"article:modified_time\" content=\"2026-04-20T04:29:11+00:00\" \/>\n<meta property=\"og:image\" content=\"https:\/\/kidsplay.lt\/wp-content\/uploads\/2025\/10\/WOOPIE-Vaiksciojantis-dinozauras-Tyrannosaurus-Rex-sviesos-ir-garso-efektai.jpg\" \/>\n\t<meta property=\"og:image:width\" content=\"1000\" \/>\n\t<meta property=\"og:image:height\" content=\"1000\" \/>\n\t<meta property=\"og:image:type\" content=\"image\/jpeg\" \/>\n<meta name=\"twitter:card\" content=\"summary_large_image\" \/>\n<meta name=\"twitter:label1\" content=\"Est. reading time\" \/>\n\t<meta name=\"twitter:data1\" content=\"1 min\u016bte\" \/>\n<script type=\"application\/ld+json\" class=\"yoast-schema-graph\">{\"@context\":\"https:\\\/\\\/schema.org\",\"@graph\":[{\"@type\":\"WebPage\",\"@id\":\"https:\\\/\\\/kidsplay.lt\\\/produktas\\\/woopie-vaiksciojantis-dinozauras-tyrannosaurus-rex-sviesos-ir-garso-efektai\\\/\",\"url\":\"https:\\\/\\\/kidsplay.lt\\\/produktas\\\/woopie-vaiksciojantis-dinozauras-tyrannosaurus-rex-sviesos-ir-garso-efektai\\\/\",\"name\":\"WOOPIE Vaik\u0161\u010diojantis dinozauras Tyrannosaurus Rex \u0161viesos ir garso efektai\",\"isPartOf\":{\"@id\":\"https:\\\/\\\/kidsplay.lt\\\/#website\"},\"primaryImageOfPage\":{\"@id\":\"https:\\\/\\\/kidsplay.lt\\\/produktas\\\/woopie-vaiksciojantis-dinozauras-tyrannosaurus-rex-sviesos-ir-garso-efektai\\\/#primaryimage\"},\"image\":{\"@id\":\"https:\\\/\\\/kidsplay.lt\\\/produktas\\\/woopie-vaiksciojantis-dinozauras-tyrannosaurus-rex-sviesos-ir-garso-efektai\\\/#primaryimage\"},\"thumbnailUrl\":\"https:\\\/\\\/kidsplay.lt\\\/wp-content\\\/uploads\\\/2025\\\/10\\\/WOOPIE-Vaiksciojantis-dinozauras-Tyrannosaurus-Rex-sviesos-ir-garso-efektai.jpg\",\"datePublished\":\"2025-10-12T16:27:14+00:00\",\"dateModified\":\"2026-04-20T04:29:11+00:00\",\"description\":\"WOOPIE Vaik\u0161\u010diojantis dinozauras Tyrannosaurus Rex \u0161viesos ir garso efektai - KidsPlay. Did\u017eiausias vaik\u0173 \u017eaisl\u0173 pasirinkimas.\",\"breadcrumb\":{\"@id\":\"https:\\\/\\\/kidsplay.lt\\\/produktas\\\/woopie-vaiksciojantis-dinozauras-tyrannosaurus-rex-sviesos-ir-garso-efektai\\\/#breadcrumb\"},\"inLanguage\":\"lv-LV\",\"potentialAction\":[{\"@type\":\"ReadAction\",\"target\":[\"https:\\\/\\\/kidsplay.lt\\\/produktas\\\/woopie-vaiksciojantis-dinozauras-tyrannosaurus-rex-sviesos-ir-garso-efektai\\\/\"]}]},{\"@type\":\"ImageObject\",\"inLanguage\":\"lv-LV\",\"@id\":\"https:\\\/\\\/kidsplay.lt\\\/produktas\\\/woopie-vaiksciojantis-dinozauras-tyrannosaurus-rex-sviesos-ir-garso-efektai\\\/#primaryimage\",\"url\":\"https:\\\/\\\/kidsplay.lt\\\/wp-content\\\/uploads\\\/2025\\\/10\\\/WOOPIE-Vaiksciojantis-dinozauras-Tyrannosaurus-Rex-sviesos-ir-garso-efektai.jpg\",\"contentUrl\":\"https:\\\/\\\/kidsplay.lt\\\/wp-content\\\/uploads\\\/2025\\\/10\\\/WOOPIE-Vaiksciojantis-dinozauras-Tyrannosaurus-Rex-sviesos-ir-garso-efektai.jpg\",\"width\":1000,\"height\":1000,\"caption\":\"WOOPIE Vaik\u0161\u010diojantis dinozauras Tyrannosaurus Rex \u0161viesos ir garso efektai\"},{\"@type\":\"BreadcrumbList\",\"@id\":\"https:\\\/\\\/kidsplay.lt\\\/produktas\\\/woopie-vaiksciojantis-dinozauras-tyrannosaurus-rex-sviesos-ir-garso-efektai\\\/#breadcrumb\",\"itemListElement\":[{\"@type\":\"ListItem\",\"position\":1,\"name\":\"Pagrindinis\",\"item\":\"https:\\\/\\\/kidsplay.lt\\\/\"},{\"@type\":\"ListItem\",\"position\":2,\"name\":\"Parduotuv\u0117\",\"item\":\"https:\\\/\\\/kidsplay.lt\\\/parduotuve\\\/\"},{\"@type\":\"ListItem\",\"position\":3,\"name\":\"WOOPIE Vaik\u0161\u010diojantis dinozauras Tyrannosaurus Rex \u0161viesos ir garso efektai\"}]},{\"@type\":\"WebSite\",\"@id\":\"https:\\\/\\\/kidsplay.lt\\\/#website\",\"url\":\"https:\\\/\\\/kidsplay.lt\\\/\",\"name\":\"Kidsplay.lt\",\"description\":\"\u012evairios prek\u0117s vaikams\",\"publisher\":{\"@id\":\"https:\\\/\\\/kidsplay.lt\\\/#organization\"},\"alternateName\":\"Kidsplay\",\"potentialAction\":[{\"@type\":\"SearchAction\",\"target\":{\"@type\":\"EntryPoint\",\"urlTemplate\":\"https:\\\/\\\/kidsplay.lt\\\/?s={search_term_string}\"},\"query-input\":{\"@type\":\"PropertyValueSpecification\",\"valueRequired\":true,\"valueName\":\"search_term_string\"}}],\"inLanguage\":\"lv-LV\"},{\"@type\":\"Organization\",\"@id\":\"https:\\\/\\\/kidsplay.lt\\\/#organization\",\"name\":\"KidsPlay\",\"url\":\"https:\\\/\\\/kidsplay.lt\\\/\",\"logo\":{\"@type\":\"ImageObject\",\"inLanguage\":\"lv-LV\",\"@id\":\"https:\\\/\\\/kidsplay.lt\\\/#\\\/schema\\\/logo\\\/image\\\/\",\"url\":\"https:\\\/\\\/kidsplay.lt\\\/wp-content\\\/uploads\\\/2023\\\/07\\\/kidsplay-logo.png\",\"contentUrl\":\"https:\\\/\\\/kidsplay.lt\\\/wp-content\\\/uploads\\\/2023\\\/07\\\/kidsplay-logo.png\",\"width\":451,\"height\":98,\"caption\":\"KidsPlay\"},\"image\":{\"@id\":\"https:\\\/\\\/kidsplay.lt\\\/#\\\/schema\\\/logo\\\/image\\\/\"},\"sameAs\":[\"https:\\\/\\\/www.facebook.com\\\/www.kidsplay.lt\"]}]}<\/script>\n<!-- \/ Yoast SEO plugin. -->","yoast_head_json":{"title":"WOOPIE staig\u0101jo\u0161ais dinozaurs Tyrannosaurus Rex gaismas un ska\u0146as efekti","description":"WOOPIE Vaik\u0161\u010diojantis dinozauras Tyrannosaurus Rex \u0161viesos ir garso efektai - KidsPlay. Did\u017eiausias vaik\u0173 \u017eaisl\u0173 pasirinkimas.","robots":{"index":"index","follow":"follow","max-snippet":"max-snippet:-1","max-image-preview":"max-image-preview:large","max-video-preview":"max-video-preview:-1"},"canonical":"https:\/\/kidsplay.lt\/lv\/products\/woopie-vaiksciojantis-dinozauras-tyrannosaurus-rex-sviesos-ir-garso-efektai\/","og_locale":"lv_LV","og_type":"article","og_title":"WOOPIE Vaik\u0161\u010diojantis dinozauras Tyrannosaurus Rex \u0161viesos ir garso efektai","og_description":"WOOPIE Vaik\u0161\u010diojantis dinozauras Tyrannosaurus Rex \u0161viesos ir garso efektai - KidsPlay. Did\u017eiausias vaik\u0173 \u017eaisl\u0173 pasirinkimas.","og_url":"https:\/\/kidsplay.lt\/lv\/products\/woopie-vaiksciojantis-dinozauras-tyrannosaurus-rex-sviesos-ir-garso-efektai\/","og_site_name":"KidsPlay","article_publisher":"https:\/\/www.facebook.com\/www.kidsplay.lt","article_modified_time":"2026-04-20T04:29:11+00:00","og_image":[{"width":1000,"height":1000,"url":"https:\/\/kidsplay.lt\/wp-content\/uploads\/2025\/10\/WOOPIE-Vaiksciojantis-dinozauras-Tyrannosaurus-Rex-sviesos-ir-garso-efektai.jpg","type":"image\/jpeg"}],"twitter_card":"summary_large_image","twitter_misc":{"Est. reading time":"1 min\u016bte"},"schema":{"@context":"https:\/\/schema.org","@graph":[{"@type":"WebPage","@id":"https:\/\/kidsplay.lt\/produktas\/woopie-vaiksciojantis-dinozauras-tyrannosaurus-rex-sviesos-ir-garso-efektai\/","url":"https:\/\/kidsplay.lt\/produktas\/woopie-vaiksciojantis-dinozauras-tyrannosaurus-rex-sviesos-ir-garso-efektai\/","name":"WOOPIE staig\u0101jo\u0161ais dinozaurs Tyrannosaurus Rex gaismas un ska\u0146as efekti","isPartOf":{"@id":"https:\/\/kidsplay.lt\/#website"},"primaryImageOfPage":{"@id":"https:\/\/kidsplay.lt\/produktas\/woopie-vaiksciojantis-dinozauras-tyrannosaurus-rex-sviesos-ir-garso-efektai\/#primaryimage"},"image":{"@id":"https:\/\/kidsplay.lt\/produktas\/woopie-vaiksciojantis-dinozauras-tyrannosaurus-rex-sviesos-ir-garso-efektai\/#primaryimage"},"thumbnailUrl":"https:\/\/kidsplay.lt\/wp-content\/uploads\/2025\/10\/WOOPIE-Vaiksciojantis-dinozauras-Tyrannosaurus-Rex-sviesos-ir-garso-efektai.jpg","datePublished":"2025-10-12T16:27:14+00:00","dateModified":"2026-04-20T04:29:11+00:00","description":"WOOPIE Vaik\u0161\u010diojantis dinozauras Tyrannosaurus Rex \u0161viesos ir garso efektai - KidsPlay. Did\u017eiausias vaik\u0173 \u017eaisl\u0173 pasirinkimas.","breadcrumb":{"@id":"https:\/\/kidsplay.lt\/produktas\/woopie-vaiksciojantis-dinozauras-tyrannosaurus-rex-sviesos-ir-garso-efektai\/#breadcrumb"},"inLanguage":"lv-LV","potentialAction":[{"@type":"ReadAction","target":["https:\/\/kidsplay.lt\/produktas\/woopie-vaiksciojantis-dinozauras-tyrannosaurus-rex-sviesos-ir-garso-efektai\/"]}]},{"@type":"ImageObject","inLanguage":"lv-LV","@id":"https:\/\/kidsplay.lt\/produktas\/woopie-vaiksciojantis-dinozauras-tyrannosaurus-rex-sviesos-ir-garso-efektai\/#primaryimage","url":"https:\/\/kidsplay.lt\/wp-content\/uploads\/2025\/10\/WOOPIE-Vaiksciojantis-dinozauras-Tyrannosaurus-Rex-sviesos-ir-garso-efektai.jpg","contentUrl":"https:\/\/kidsplay.lt\/wp-content\/uploads\/2025\/10\/WOOPIE-Vaiksciojantis-dinozauras-Tyrannosaurus-Rex-sviesos-ir-garso-efektai.jpg","width":1000,"height":1000,"caption":"WOOPIE Vaik\u0161\u010diojantis dinozauras Tyrannosaurus Rex \u0161viesos ir garso efektai"},{"@type":"BreadcrumbList","@id":"https:\/\/kidsplay.lt\/produktas\/woopie-vaiksciojantis-dinozauras-tyrannosaurus-rex-sviesos-ir-garso-efektai\/#breadcrumb","itemListElement":[{"@type":"ListItem","position":1,"name":"Pagrindinis","item":"https:\/\/kidsplay.lt\/"},{"@type":"ListItem","position":2,"name":"Parduotuv\u0117","item":"https:\/\/kidsplay.lt\/parduotuve\/"},{"@type":"ListItem","position":3,"name":"WOOPIE Vaik\u0161\u010diojantis dinozauras Tyrannosaurus Rex \u0161viesos ir garso efektai"}]},{"@type":"WebSite","@id":"https:\/\/kidsplay.lt\/#website","url":"https:\/\/kidsplay.lt\/","name":"B\u0113rnu sp\u0113les.lv","description":"\u012evairios prek\u0117s vaikams","publisher":{"@id":"https:\/\/kidsplay.lt\/#organization"},"alternateName":"Kidsplay","potentialAction":[{"@type":"SearchAction","target":{"@type":"EntryPoint","urlTemplate":"https:\/\/kidsplay.lt\/?s={search_term_string}"},"query-input":{"@type":"PropertyValueSpecification","valueRequired":true,"valueName":"search_term_string"}}],"inLanguage":"lv-LV"},{"@type":"Organization","@id":"https:\/\/kidsplay.lt\/#organization","name":"B\u0113rnu sp\u0113le","url":"https:\/\/kidsplay.lt\/","logo":{"@type":"ImageObject","inLanguage":"lv-LV","@id":"https:\/\/kidsplay.lt\/#\/schema\/logo\/image\/","url":"https:\/\/kidsplay.lt\/wp-content\/uploads\/2023\/07\/kidsplay-logo.png","contentUrl":"https:\/\/kidsplay.lt\/wp-content\/uploads\/2023\/07\/kidsplay-logo.png","width":451,"height":98,"caption":"KidsPlay"},"image":{"@id":"https:\/\/kidsplay.lt\/#\/schema\/logo\/image\/"},"sameAs":["https:\/\/www.facebook.com\/www.kidsplay.lt"]}]}},"_links":{"self":[{"href":"https:\/\/kidsplay.lt\/lv\/wp-json\/wp\/v2\/product\/76434","targetHints":{"allow":["GET"]}}],"collection":[{"href":"https:\/\/kidsplay.lt\/lv\/wp-json\/wp\/v2\/product"}],"about":[{"href":"https:\/\/kidsplay.lt\/lv\/wp-json\/wp\/v2\/types\/product"}],"version-history":[{"count":2,"href":"https:\/\/kidsplay.lt\/lv\/wp-json\/wp\/v2\/product\/76434\/revisions"}],"predecessor-version":[{"id":80851,"href":"https:\/\/kidsplay.lt\/lv\/wp-json\/wp\/v2\/product\/76434\/revisions\/80851"}],"wp:featuredmedia":[{"embeddable":true,"href":"https:\/\/kidsplay.lt\/lv\/wp-json\/wp\/v2\/media\/76436"}],"wp:attachment":[{"href":"https:\/\/kidsplay.lt\/lv\/wp-json\/wp\/v2\/media?parent=76434"}],"wp:term":[{"taxonomy":"product_brand","embeddable":true,"href":"https:\/\/kidsplay.lt\/lv\/wp-json\/wp\/v2\/product_brand?post=76434"},{"taxonomy":"product_cat","embeddable":true,"href":"https:\/\/kidsplay.lt\/lv\/wp-json\/wp\/v2\/product_cat?post=76434"},{"taxonomy":"product_tag","embeddable":true,"href":"https:\/\/kidsplay.lt\/lv\/wp-json\/wp\/v2\/product_tag?post=76434"}],"curies":[{"name":"wp","href":"https:\/\/api.w.org\/{rel}","templated":true}]}}